{"id":88197,"date":"2020-11-27T09:16:03","date_gmt":"2020-11-27T08:16:06","guid":{"rendered":"https:\/\/tourtravelandmore.com\/?post_type=product&#038;p=88197"},"modified":"2021-09-13T11:36:59","modified_gmt":"2021-09-13T09:36:59","slug":"tour-privado-a-springfield-desde-san-louis","status":"publish","type":"product","link":"https:\/\/tourtravelandmore.com\/es\/tours\/eeuu-es\/st-louis-es\/st-louis-actividades-es\/tour-privado-a-springfield-desde-san-louis\/","title":{"rendered":"Tour Privado a Springfield desde San Louis"},"content":{"rendered":"<h2 id=\"tw-target-text\" class=\"tw-data-text tw-text-large XcVN5d tw-ta\" dir=\"ltr\" data-placeholder=\"Traducci\u00f3n\"><span lang=\"es\">Descripci\u00f3n del Tour Privado a Springfield desde San Louis<\/span><\/h2>\n<p>Avent\u00farese en este <strong>tour privado a Springfield desde San Louis<\/strong> c\u00f3modamente en un <strong>veh\u00edculo privado de lujo<\/strong>. Lo acompa\u00f1ar\u00e1 un <strong>conductor privado<\/strong> y, una vez en Springfield, se reunir\u00e1 con un<strong> gu\u00eda tur\u00edstico local privado<\/strong>. Prep\u00e1rate para pasar un d\u00eda incre\u00edble fuera de San Louis con profesionales locales.<\/p>\n<p>La recogida se organizar\u00e1 en su hotel o lugar de elecci\u00f3n en San Louis. En caso de que necesite que lo recojan en el aeropuerto o en alg\u00fan lugar lejano, h\u00e1ganoslo saber y organizaremos todo para usted.<\/p>\n<p><strong>Springfield<\/strong> es la capital del estado de Illinois. Uno de los habitantes m\u00e1s importantes y destacados que tuvo la ciudad desde 1837, fue Abraham Lincoln. Esta ciudad tiene una econom\u00eda fuerte basada en tareas gubernamentales. Springfield es una ciudad hermosa con una arquitectura incre\u00edble y \u00fanica.<\/p>\n<p>Aproveche la oportunidad de visitar una ciudad diferente con este tour privado a Springfield desde San Louis. Puede personalizar su recorrido simplemente contactando a <strong>Tour Travel &amp; More<\/strong>. Su equipo est\u00e1 listo para ayudarlo y asistirlo con sus deseos.<\/p>\n<h2 id=\"tw-target-text\" class=\"tw-data-text tw-text-large XcVN5d tw-ta\" dir=\"ltr\" data-placeholder=\"Traducci\u00f3n\">Puntos de inter\u00e9s en el Tour Privado a Springfield desde San Louis<\/h2>\n<p>En primer lugar, su conductor privado lo recoger\u00e1 en su hotel en San Louis. <span class=\"JLqJ4b ChMk0b\" data-language-for-alternatives=\"es\" data-language-to-translate-into=\"en\" data-phrase-index=\"1\">El viaje hasta Springfield es de aproximadamente una hora y media y lo mismo para regresar. <\/span><\/p>\n<p><span class=\"JLqJ4b ChMk0b\" data-language-for-alternatives=\"es\" data-language-to-translate-into=\"en\" data-phrase-index=\"1\"><span class=\"JLqJ4b\" data-language-for-alternatives=\"es\" data-language-to-translate-into=\"en\" data-phrase-index=\"2\">Una vez en <strong>Springfield<\/strong>, se reunir\u00e1 con su gu\u00eda tur\u00edstico oficial privado para una visita guiada de 3 horas. Podr\u00e1 explorar los monumentos y sitios m\u00e1s importantes de esta ciudad. Durante este tour de d\u00eda completo visitar\u00e1 los siguientes lugares:<\/span><\/span><\/p>\n<ul>\n<li><strong>Casa Lincoln <\/strong><\/li>\n<li><strong><span class=\"JLqJ4b\" data-language-for-alternatives=\"es\" data-language-to-translate-into=\"en\" data-phrase-index=\"1\"><span class=\"JLqJ4b ChMk0b\" data-language-for-alternatives=\"es\" data-language-to-translate-into=\"en\" data-phrase-index=\"2\">Parque Washington<\/span><\/span><\/strong><\/li>\n<li><strong><span class=\"JLqJ4b\" data-language-for-alternatives=\"es\" data-language-to-translate-into=\"en\" data-phrase-index=\"1\"><span class=\"JLqJ4b ChMk0b\" data-language-for-alternatives=\"es\" data-language-to-translate-into=\"en\" data-phrase-index=\"2\">Casa Dana-Thomas<\/span><\/span><\/strong><\/li>\n<li><strong><span class=\"JLqJ4b\" data-language-for-alternatives=\"es\" data-language-to-translate-into=\"en\" data-phrase-index=\"1\"><span class=\"JLqJ4b ChMk0b\" data-language-for-alternatives=\"es\" data-language-to-translate-into=\"en\" data-phrase-index=\"2\"> Edificio del Capitolio del Estado de Illinois <\/span><\/span><\/strong><\/li>\n<li><strong><span class=\"JLqJ4b\" data-language-for-alternatives=\"es\" data-language-to-translate-into=\"en\" data-phrase-index=\"1\"><span class=\"JLqJ4b ChMk0b\" data-language-for-alternatives=\"es\" data-language-to-translate-into=\"en\" data-phrase-index=\"2\">Capitolio del Estado Viejo<\/span><\/span><\/strong><\/li>\n<li><strong><span class=\"JLqJ4b\" data-language-for-alternatives=\"es\" data-language-to-translate-into=\"en\" data-phrase-index=\"1\"><span class=\"JLqJ4b ChMk0b\" data-language-for-alternatives=\"es\" data-language-to-translate-into=\"en\" data-phrase-index=\"2\">Museo del Estado de Illinois<\/span><\/span><\/strong><\/li>\n<li><strong><span class=\"JLqJ4b\" data-language-for-alternatives=\"es\" data-language-to-translate-into=\"en\" data-phrase-index=\"1\"><span class=\"JLqJ4b ChMk0b\" data-language-for-alternatives=\"es\" data-language-to-translate-into=\"en\" data-phrase-index=\"2\"> Parque Douglas <\/span><\/span><\/strong><\/li>\n<li><a href=\"http:\/\/www.lincolntomb.org\"><span class=\"JLqJ4b\" data-language-for-alternatives=\"es\" data-language-to-translate-into=\"en\" data-phrase-index=\"1\"><span class=\"JLqJ4b ChMk0b\" data-language-for-alternatives=\"es\" data-language-to-translate-into=\"en\" data-phrase-index=\"2\">Asociaci\u00f3n del Monumento a Lincoln <\/span><\/span><\/a><\/li>\n<li><strong><span class=\"JLqJ4b\" data-language-for-alternatives=\"es\" data-language-to-translate-into=\"en\" data-phrase-index=\"1\"><span class=\"JLqJ4b ChMk0b\" data-language-for-alternatives=\"es\" data-language-to-translate-into=\"en\" data-phrase-index=\"2\">Parque Iles <\/span><\/span><\/strong><\/li>\n<li><strong><span class=\"JLqJ4b\" data-language-for-alternatives=\"es\" data-language-to-translate-into=\"en\" data-phrase-index=\"1\"><span class=\"JLqJ4b ChMk0b\" data-language-for-alternatives=\"es\" data-language-to-translate-into=\"en\" data-phrase-index=\"2\">\u00a1Y mucho m\u00e1s!<\/span><\/span><\/strong><\/li>\n<\/ul>\n<p>Podemos incluir el ticket de entrada a cualquier momento o museo que desee visitar. <span class=\"JLqJ4b ChMk0b\" data-language-for-alternatives=\"es\" data-language-to-translate-into=\"en\" data-phrase-index=\"1\">Por supuesto, tambi\u00e9n har\u00e1s una parada para almorzar y degustar un plato t\u00edpico de la ciudad y pasear por su centro. <\/span><\/p>\n<p><span class=\"JLqJ4b ChMk0b\" data-language-for-alternatives=\"es\" data-language-to-translate-into=\"en\" data-phrase-index=\"1\"><span class=\"JLqJ4b\" data-language-for-alternatives=\"es\" data-language-to-translate-into=\"en\" data-phrase-index=\"2\">Finalmente, al final del recorrido, su conductor privado lo llevar\u00e1 de regreso a San Louis. <\/span><\/span><\/p>\n<p><strong><span class=\"JLqJ4b ChMk0b\" data-language-for-alternatives=\"es\" data-language-to-translate-into=\"en\" data-phrase-index=\"1\"><span class=\"JLqJ4b\" data-language-for-alternatives=\"es\" data-language-to-translate-into=\"en\" data-phrase-index=\"2\">Tambi\u00e9n ofrecemos traslado privado desde San Louis al aeropuerto o cualquier ciudad cercana, \u00a1echa un vistazo <a href=\"https:\/\/tourtravelandmore.com\/es\/tours\/eeuu-es\/st-louis-es\/st-louis-actividades-es\/traslados-privados-en-san-louis-hacia-desde-cualquier-sitio\/\">aqu\u00ed<\/a>!.<\/span><\/span><\/strong><\/p>\n","protected":false},"excerpt":{"rendered":"<p>Todos hemos escuchado sobre la ciudad de Springfield, as\u00ed que tenga la posibilidad de visitar esta incre\u00edble ciudad desde <strong>St Louis c\u00f3modamente en un veh\u00edculo privado de lujo con conductor<\/strong>. <span class=\"JLqJ4b ChMk0b\" data-language-for-alternatives=\"es\" data-language-to-translate-into=\"en\" data-phrase-index=\"1\">Visitar\u00e1s los lugares m\u00e1s representativos junto a un gu\u00eda tur\u00edstico local.<\/span><\/p>\n","protected":false},"featured_media":88210,"comment_status":"open","ping_status":"closed","template":"","meta":{"_acf_changed":false},"product_brand":[],"product_cat":[1602,3147,3186,3189],"product_tag":[],"class_list":{"0":"post-88197","1":"product","2":"type-product","3":"status-publish","4":"has-post-thumbnail","6":"product_cat-eeuu-es","7":"product_cat-st-louis-es","8":"product_cat-st-louis-actividades-es","9":"product_cat-st-louis-tours-es","11":"first","12":"instock","13":"shipping-taxable","14":"purchasable","15":"product-type-simple"},"acf":[],"yoast_head":"<!-- This site is optimized with the Yoast SEO Premium plugin v25.3.1 (Yoast SEO v25.3.1) - https:\/\/yoast.com\/wordpress\/plugins\/seo\/ -->\n<title>Tour Privado a Springfield desde San Louis con gu\u00eda local | TTM<\/title>\n<meta name=\"description\" content=\"\u2192 Disfrute de este Tour Privado a Springfield desde San Louis comodamente en un veh\u00edculo privado de lujo con chofer y gu\u00eda oficial privado \u2705\" \/>\n<meta name=\"robots\" content=\"index, follow, max-snippet:-1, max-image-preview:large, max-video-preview:-1\" \/>\n<link rel=\"canonical\" href=\"https:\/\/tourtravelandmore.com\/es\/tours\/eeuu-es\/st-louis-es\/st-louis-actividades-es\/tour-privado-a-springfield-desde-san-louis\/\" \/>\n<meta property=\"og:locale\" content=\"es_ES\" \/>\n<meta property=\"og:type\" content=\"article\" \/>\n<meta property=\"og:title\" content=\"Tour Privado a Springfield desde San Louis\" \/>\n<meta property=\"og:description\" content=\"\u2192 Disfrute de este Tour Privado a Springfield desde San Louis comodamente en un veh\u00edculo privado de lujo con chofer y gu\u00eda oficial privado \u2705\" \/>\n<meta property=\"og:url\" content=\"https:\/\/tourtravelandmore.com\/es\/tours\/eeuu-es\/st-louis-es\/st-louis-actividades-es\/tour-privado-a-springfield-desde-san-louis\/\" \/>\n<meta property=\"og:site_name\" content=\"Tour Travel And More\" \/>\n<meta property=\"article:publisher\" content=\"https:\/\/www.facebook.com\/tourtravelandmore\/\" \/>\n<meta property=\"article:modified_time\" content=\"2021-09-13T09:36:59+00:00\" \/>\n<meta property=\"og:image\" content=\"https:\/\/tourtravelandmore.com\/wp-content\/uploads\/2020\/11\/springfield-3.jpg\" \/>\n\t<meta property=\"og:image:width\" content=\"1600\" \/>\n\t<meta property=\"og:image:height\" content=\"1236\" \/>\n\t<meta property=\"og:image:type\" content=\"image\/jpeg\" \/>\n<meta name=\"twitter:card\" content=\"summary_large_image\" \/>\n<meta name=\"twitter:site\" content=\"@TourTravel_More\" \/>\n<meta name=\"twitter:label1\" content=\"Tiempo de lectura\" \/>\n\t<meta name=\"twitter:data1\" content=\"2 minutos\" \/>\n<script type=\"application\/ld+json\" class=\"yoast-schema-graph\">{\"@context\":\"https:\/\/schema.org\",\"@graph\":[{\"@type\":\"WebPage\",\"@id\":\"https:\/\/tourtravelandmore.com\/es\/tours\/eeuu-es\/st-louis-es\/st-louis-actividades-es\/tour-privado-a-springfield-desde-san-louis\/\",\"url\":\"https:\/\/tourtravelandmore.com\/es\/tours\/eeuu-es\/st-louis-es\/st-louis-actividades-es\/tour-privado-a-springfield-desde-san-louis\/\",\"name\":\"Tour Privado a Springfield desde San Louis con gu\u00eda local | TTM\",\"isPartOf\":{\"@id\":\"https:\/\/tourtravelandmore.com\/es\/#website\"},\"primaryImageOfPage\":{\"@id\":\"https:\/\/tourtravelandmore.com\/es\/tours\/eeuu-es\/st-louis-es\/st-louis-actividades-es\/tour-privado-a-springfield-desde-san-louis\/#primaryimage\"},\"image\":{\"@id\":\"https:\/\/tourtravelandmore.com\/es\/tours\/eeuu-es\/st-louis-es\/st-louis-actividades-es\/tour-privado-a-springfield-desde-san-louis\/#primaryimage\"},\"thumbnailUrl\":\"https:\/\/tourtravelandmore.com\/wp-content\/uploads\/2020\/11\/springfield-3.jpg\",\"datePublished\":\"2020-11-27T08:16:06+00:00\",\"dateModified\":\"2021-09-13T09:36:59+00:00\",\"description\":\"\u2192 Disfrute de este Tour Privado a Springfield desde San Louis comodamente en un veh\u00edculo privado de lujo con chofer y gu\u00eda oficial privado \u2705\",\"breadcrumb\":{\"@id\":\"https:\/\/tourtravelandmore.com\/es\/tours\/eeuu-es\/st-louis-es\/st-louis-actividades-es\/tour-privado-a-springfield-desde-san-louis\/#breadcrumb\"},\"inLanguage\":\"es\",\"potentialAction\":[{\"@type\":\"ReadAction\",\"target\":[\"https:\/\/tourtravelandmore.com\/es\/tours\/eeuu-es\/st-louis-es\/st-louis-actividades-es\/tour-privado-a-springfield-desde-san-louis\/\"]}]},{\"@type\":\"ImageObject\",\"inLanguage\":\"es\",\"@id\":\"https:\/\/tourtravelandmore.com\/es\/tours\/eeuu-es\/st-louis-es\/st-louis-actividades-es\/tour-privado-a-springfield-desde-san-louis\/#primaryimage\",\"url\":\"https:\/\/tourtravelandmore.com\/wp-content\/uploads\/2020\/11\/springfield-3.jpg\",\"contentUrl\":\"https:\/\/tourtravelandmore.com\/wp-content\/uploads\/2020\/11\/springfield-3.jpg\",\"width\":1600,\"height\":1236,\"caption\":\"Lincoln Tomb in Spring.\"},{\"@type\":\"BreadcrumbList\",\"@id\":\"https:\/\/tourtravelandmore.com\/es\/tours\/eeuu-es\/st-louis-es\/st-louis-actividades-es\/tour-privado-a-springfield-desde-san-louis\/#breadcrumb\",\"itemListElement\":[{\"@type\":\"ListItem\",\"position\":1,\"name\":\"Home\",\"item\":\"https:\/\/tourtravelandmore.com\/es\/\"},{\"@type\":\"ListItem\",\"position\":2,\"name\":\"Tours\",\"item\":\"https:\/\/tourtravelandmore.com\/es\/tours\/\"},{\"@type\":\"ListItem\",\"position\":3,\"name\":\"Tour Privado a Springfield desde San Louis\"}]},{\"@type\":\"WebSite\",\"@id\":\"https:\/\/tourtravelandmore.com\/es\/#website\",\"url\":\"https:\/\/tourtravelandmore.com\/es\/\",\"name\":\"Tour Travel And More\",\"description\":\"Private sightseeing tours and luxury transfers in Spain\",\"publisher\":{\"@id\":\"https:\/\/tourtravelandmore.com\/es\/#organization\"},\"potentialAction\":[{\"@type\":\"SearchAction\",\"target\":{\"@type\":\"EntryPoint\",\"urlTemplate\":\"https:\/\/tourtravelandmore.com\/es\/?s={search_term_string}\"},\"query-input\":{\"@type\":\"PropertyValueSpecification\",\"valueRequired\":true,\"valueName\":\"search_term_string\"}}],\"inLanguage\":\"es\"},{\"@type\":\"Organization\",\"@id\":\"https:\/\/tourtravelandmore.com\/es\/#organization\",\"name\":\"Tour Travel And More\",\"url\":\"https:\/\/tourtravelandmore.com\/es\/\",\"logo\":{\"@type\":\"ImageObject\",\"inLanguage\":\"es\",\"@id\":\"https:\/\/tourtravelandmore.com\/es\/#\/schema\/logo\/image\/\",\"url\":\"https:\/\/tourtravelandmore.com\/wp-content\/uploads\/2022\/12\/cropped-logo-cabecera-new.png\",\"contentUrl\":\"https:\/\/tourtravelandmore.com\/wp-content\/uploads\/2022\/12\/cropped-logo-cabecera-new.png\",\"width\":430,\"height\":61,\"caption\":\"Tour Travel And More\"},\"image\":{\"@id\":\"https:\/\/tourtravelandmore.com\/es\/#\/schema\/logo\/image\/\"},\"sameAs\":[\"https:\/\/www.facebook.com\/tourtravelandmore\/\",\"https:\/\/x.com\/TourTravel_More\"]}]}<\/script>\n<!-- \/ Yoast SEO Premium plugin. -->","yoast_head_json":{"title":"Tour Privado a Springfield desde San Louis con gu\u00eda local | TTM","description":"\u2192 Disfrute de este Tour Privado a Springfield desde San Louis comodamente en un veh\u00edculo privado de lujo con chofer y gu\u00eda oficial privado \u2705","robots":{"index":"index","follow":"follow","max-snippet":"max-snippet:-1","max-image-preview":"max-image-preview:large","max-video-preview":"max-video-preview:-1"},"canonical":"https:\/\/tourtravelandmore.com\/es\/tours\/eeuu-es\/st-louis-es\/st-louis-actividades-es\/tour-privado-a-springfield-desde-san-louis\/","og_locale":"es_ES","og_type":"article","og_title":"Tour Privado a Springfield desde San Louis","og_description":"\u2192 Disfrute de este Tour Privado a Springfield desde San Louis comodamente en un veh\u00edculo privado de lujo con chofer y gu\u00eda oficial privado \u2705","og_url":"https:\/\/tourtravelandmore.com\/es\/tours\/eeuu-es\/st-louis-es\/st-louis-actividades-es\/tour-privado-a-springfield-desde-san-louis\/","og_site_name":"Tour Travel And More","article_publisher":"https:\/\/www.facebook.com\/tourtravelandmore\/","article_modified_time":"2021-09-13T09:36:59+00:00","og_image":[{"width":1600,"height":1236,"url":"https:\/\/tourtravelandmore.com\/wp-content\/uploads\/2020\/11\/springfield-3.jpg","type":"image\/jpeg"}],"twitter_card":"summary_large_image","twitter_site":"@TourTravel_More","twitter_misc":{"Tiempo de lectura":"2 minutos"},"schema":{"@context":"https:\/\/schema.org","@graph":[{"@type":"WebPage","@id":"https:\/\/tourtravelandmore.com\/es\/tours\/eeuu-es\/st-louis-es\/st-louis-actividades-es\/tour-privado-a-springfield-desde-san-louis\/","url":"https:\/\/tourtravelandmore.com\/es\/tours\/eeuu-es\/st-louis-es\/st-louis-actividades-es\/tour-privado-a-springfield-desde-san-louis\/","name":"Tour Privado a Springfield desde San Louis con gu\u00eda local | TTM","isPartOf":{"@id":"https:\/\/tourtravelandmore.com\/es\/#website"},"primaryImageOfPage":{"@id":"https:\/\/tourtravelandmore.com\/es\/tours\/eeuu-es\/st-louis-es\/st-louis-actividades-es\/tour-privado-a-springfield-desde-san-louis\/#primaryimage"},"image":{"@id":"https:\/\/tourtravelandmore.com\/es\/tours\/eeuu-es\/st-louis-es\/st-louis-actividades-es\/tour-privado-a-springfield-desde-san-louis\/#primaryimage"},"thumbnailUrl":"https:\/\/tourtravelandmore.com\/wp-content\/uploads\/2020\/11\/springfield-3.jpg","datePublished":"2020-11-27T08:16:06+00:00","dateModified":"2021-09-13T09:36:59+00:00","description":"\u2192 Disfrute de este Tour Privado a Springfield desde San Louis comodamente en un veh\u00edculo privado de lujo con chofer y gu\u00eda oficial privado \u2705","breadcrumb":{"@id":"https:\/\/tourtravelandmore.com\/es\/tours\/eeuu-es\/st-louis-es\/st-louis-actividades-es\/tour-privado-a-springfield-desde-san-louis\/#breadcrumb"},"inLanguage":"es","potentialAction":[{"@type":"ReadAction","target":["https:\/\/tourtravelandmore.com\/es\/tours\/eeuu-es\/st-louis-es\/st-louis-actividades-es\/tour-privado-a-springfield-desde-san-louis\/"]}]},{"@type":"ImageObject","inLanguage":"es","@id":"https:\/\/tourtravelandmore.com\/es\/tours\/eeuu-es\/st-louis-es\/st-louis-actividades-es\/tour-privado-a-springfield-desde-san-louis\/#primaryimage","url":"https:\/\/tourtravelandmore.com\/wp-content\/uploads\/2020\/11\/springfield-3.jpg","contentUrl":"https:\/\/tourtravelandmore.com\/wp-content\/uploads\/2020\/11\/springfield-3.jpg","width":1600,"height":1236,"caption":"Lincoln Tomb in Spring."},{"@type":"BreadcrumbList","@id":"https:\/\/tourtravelandmore.com\/es\/tours\/eeuu-es\/st-louis-es\/st-louis-actividades-es\/tour-privado-a-springfield-desde-san-louis\/#breadcrumb","itemListElement":[{"@type":"ListItem","position":1,"name":"Home","item":"https:\/\/tourtravelandmore.com\/es\/"},{"@type":"ListItem","position":2,"name":"Tours","item":"https:\/\/tourtravelandmore.com\/es\/tours\/"},{"@type":"ListItem","position":3,"name":"Tour Privado a Springfield desde San Louis"}]},{"@type":"WebSite","@id":"https:\/\/tourtravelandmore.com\/es\/#website","url":"https:\/\/tourtravelandmore.com\/es\/","name":"Tour Travel And More","description":"Private sightseeing tours and luxury transfers in Spain","publisher":{"@id":"https:\/\/tourtravelandmore.com\/es\/#organization"},"potentialAction":[{"@type":"SearchAction","target":{"@type":"EntryPoint","urlTemplate":"https:\/\/tourtravelandmore.com\/es\/?s={search_term_string}"},"query-input":{"@type":"PropertyValueSpecification","valueRequired":true,"valueName":"search_term_string"}}],"inLanguage":"es"},{"@type":"Organization","@id":"https:\/\/tourtravelandmore.com\/es\/#organization","name":"Tour Travel And More","url":"https:\/\/tourtravelandmore.com\/es\/","logo":{"@type":"ImageObject","inLanguage":"es","@id":"https:\/\/tourtravelandmore.com\/es\/#\/schema\/logo\/image\/","url":"https:\/\/tourtravelandmore.com\/wp-content\/uploads\/2022\/12\/cropped-logo-cabecera-new.png","contentUrl":"https:\/\/tourtravelandmore.com\/wp-content\/uploads\/2022\/12\/cropped-logo-cabecera-new.png","width":430,"height":61,"caption":"Tour Travel And More"},"image":{"@id":"https:\/\/tourtravelandmore.com\/es\/#\/schema\/logo\/image\/"},"sameAs":["https:\/\/www.facebook.com\/tourtravelandmore\/","https:\/\/x.com\/TourTravel_More"]}]}},"_links":{"self":[{"href":"https:\/\/tourtravelandmore.com\/es\/wp-json\/wp\/v2\/product\/88197","targetHints":{"allow":["GET"]}}],"collection":[{"href":"https:\/\/tourtravelandmore.com\/es\/wp-json\/wp\/v2\/product"}],"about":[{"href":"https:\/\/tourtravelandmore.com\/es\/wp-json\/wp\/v2\/types\/product"}],"replies":[{"embeddable":true,"href":"https:\/\/tourtravelandmore.com\/es\/wp-json\/wp\/v2\/comments?post=88197"}],"wp:featuredmedia":[{"embeddable":true,"href":"https:\/\/tourtravelandmore.com\/es\/wp-json\/wp\/v2\/media\/88210"}],"wp:attachment":[{"href":"https:\/\/tourtravelandmore.com\/es\/wp-json\/wp\/v2\/media?parent=88197"}],"wp:term":[{"taxonomy":"product_brand","embeddable":true,"href":"https:\/\/tourtravelandmore.com\/es\/wp-json\/wp\/v2\/product_brand?post=88197"},{"taxonomy":"product_cat","embeddable":true,"href":"https:\/\/tourtravelandmore.com\/es\/wp-json\/wp\/v2\/product_cat?post=88197"},{"taxonomy":"product_tag","embeddable":true,"href":"https:\/\/tourtravelandmore.com\/es\/wp-json\/wp\/v2\/product_tag?post=88197"}],"curies":[{"name":"wp","href":"https:\/\/api.w.org\/{rel}","templated":true}]}}