{"id":88146,"date":"2020-11-26T12:35:12","date_gmt":"2020-11-26T11:35:13","guid":{"rendered":"https:\/\/tourtravelandmore.com\/?post_type=product&#038;p=88146"},"modified":"2022-11-15T18:00:19","modified_gmt":"2022-11-15T17:00:19","slug":"tour-privado-de-el-cairo-museo-egipcio-cairo-islamico-y-copto","status":"publish","type":"product","link":"https:\/\/tourtravelandmore.com\/es\/tours\/egipto-es\/cairo-es\/cairo-actividades-es\/tour-privado-de-el-cairo-museo-egipcio-cairo-islamico-y-copto\/","title":{"rendered":"Tour privado de El Cairo: Museo egipcio, Cairo Isl\u00e1mico y Copto"},"content":{"rendered":"<h2><b>Descripci\u00f3n del Tour privado de El Cairo: Museo egipcio, Cairo Isl\u00e1mico y Copto<\/b><\/h2>\n<p><span style=\"font-weight: 400;\">Visita uno de los mejores museos del mundo y <\/span><b>El Cairo <\/b><span style=\"font-weight: 400;\">antiguo junto a un gu\u00eda oficial experto en historia egipcia. Disfruta nuestro<\/span><b> tour privado de El Cairo: Museo egipcio, Cairo Isl\u00e1mico y Copto<\/b><span style=\"font-weight: 400;\"> y explora esta magn\u00edfica ciudad en una experiencia privada a medida.<\/span><\/p>\n<p><span style=\"font-weight: 400;\">Su chofer y gu\u00eda privado le recoger\u00e1 a su horario deseado en su hotel. A continuaci\u00f3n disfrutar\u00e1n de una visita guiada personalizada del maravilloso <\/span><b>museo egipcio <\/b><span style=\"font-weight: 400;\">y los barrios antiguos de la ciudad; <\/span><b>Cairo isl\u00e1mico y Copto.<\/b><\/p>\n<p><span style=\"font-weight: 400;\">El tour es completamente adaptable a sus deseos e intereses personales. Nuestros gu\u00edas y choferes est\u00e1n a su entera disposici\u00f3n. Coordinaremos las entradas para cada sitio con antelaci\u00f3n. En caso que visite Egipto por m\u00e1s d\u00edas puede ver nuestros <\/span><strong><a href=\"https:\/\/tourtravelandmore.com\/es\/ciudad\/egipto-es\/cairo-es\/cairo-rutas-es\/\">itinerarios privados<\/a>.<\/strong><\/p>\n<h2 id=\"tw-target-text\" class=\"tw-data-text tw-text-large XcVN5d tw-ta\" dir=\"ltr\" data-placeholder=\"Traducci\u00f3n\">Puntos de inter\u00e9s<\/h2>\n<p><span style=\"font-weight: 400;\">La primera visita de su <\/span><b>Tour privado de El Cairo: Museo egipcio, Cairo Isl\u00e1mico y Copto<\/b><span style=\"font-weight: 400;\"> ser\u00e1 al emblem\u00e1tico <\/span><b>Museo Egipcio<\/b><span style=\"font-weight: 400;\">. All\u00ed podr\u00e1n ver la impresionante colecci\u00f3n de antig\u00fcedades egipcias que ning\u00fan otro museo del mundo ofrece. El museo est\u00e1 completamente dedicado al legado de los <\/span><b>faraones<\/b><span style=\"font-weight: 400;\">, ofreciendo m\u00e1s de 120.000 art\u00edculos. Su gu\u00eda privado, experto en historia y cultura egipcia, les ense\u00f1ar\u00e1 la historia y leyendas del museo y su colecci\u00f3n.<\/span><\/p>\n<p><span style=\"font-weight: 400;\">A continuaci\u00f3n visitar\u00e1n <\/span><b>El Cairo Isl\u00e1mico<\/b><span style=\"font-weight: 400;\">. Podr\u00e1n ver los monumentos medievales isl\u00e1micos a trav\u00e9s de la calle El Darb Al Ahmar. Su gu\u00eda oficial le ense\u00f1ar\u00e1 la historia del <\/span><b>Sabil Isl\u00e1mico, Madrasa, Wekala, Khan, Bayts y m\u00e1s monumentos.<\/b><span style=\"font-weight: 400;\"> Tambi\u00e9n caminar\u00e1 la calle El Moez, enlistada como Patrimonio de la Humanidad por la <\/span><b>UNESCO<\/b><span style=\"font-weight: 400;\">. All\u00ed podr\u00e1 visitar las mezquitas <\/span><b>Al Hakem, Al Aqmar, Sabil Mohamed Ali y Al Azhar<\/b><span style=\"font-weight: 400;\">, la principal mezquita en todo el pa\u00eds. Durante su visita al barrio Isl\u00e1mico tendr\u00e1n, por supuesto, tiempo libre para degustar la maravillosa gastronom\u00eda local.<\/span><\/p>\n<p><span style=\"font-weight: 400;\">Finalmente, ir\u00e1n hacia el antiguo <\/span><b>Cairo Copto<\/b><span style=\"font-weight: 400;\">. Est\u00e1 magn\u00edfica \u00e1rea alberga una de las colecciones cat\u00f3licas m\u00e1s antiguas del mundo. All\u00ed aprender\u00e1n que, no \u00fanicamente los <\/span><b>Egipcios <\/b><span style=\"font-weight: 400;\">dejaron su marca en estas tierras, sino tambi\u00e9n los <\/span><b>Coptos<\/b><span style=\"font-weight: 400;\">, los primeros cristianos despu\u00e9s de la venida de <\/span><b>Cristo<\/b><span style=\"font-weight: 400;\">. Podr\u00e1 visitar el <\/span><b>Museo Copto<\/b><span style=\"font-weight: 400;\"> y las seis iglesias que datan de las primeras \u00e9pocas cristianas. Las principales son la<\/span><b> iglesia colgante, edificado en el siglo 9, San Sergio, del Siglo 5 y la Sinagoga Ben Ezra, la m\u00e1s antigua de El Cairo.<\/b><\/p>\n<p><span style=\"font-weight: 400;\">Luego de un largo d\u00eda de aprender la historia, leyendas, cultura y secretos de la ciudad su chofer y gu\u00eda oficial le llevar\u00e1n a su hotel o lugar de elecci\u00f3n en el <strong><a href=\"https:\/\/es.wikipedia.org\/wiki\/El_Cairo\">Cairo<\/a><\/strong>.<\/span><\/p>\n","protected":false},"excerpt":{"rendered":"<p>Disfrute un <strong>Tour privado de El Cairo: Museo egipcio, Cairo Isl\u00e1mico y Copto\u00a0junto a un gu\u00eda local experto<\/strong>. Visite el Museo Egipcio y los antiguos barrios; isl\u00e1mico y Copto.<\/p>\n","protected":false},"featured_media":143797,"comment_status":"open","ping_status":"closed","template":"","meta":{"_acf_changed":false},"product_brand":[],"product_cat":[3031,3040,3043,3049],"product_tag":[],"class_list":{"0":"post-88146","1":"product","2":"type-product","3":"status-publish","4":"has-post-thumbnail","6":"product_cat-egipto-es","7":"product_cat-cairo-es","8":"product_cat-cairo-actividades-es","9":"product_cat-cairo-tours-privados-es","11":"first","12":"instock","13":"shipping-taxable","14":"purchasable","15":"product-type-simple"},"acf":[],"yoast_head":"<!-- This site is optimized with the Yoast SEO Premium plugin v25.3.1 (Yoast SEO v25.3.1) - https:\/\/yoast.com\/wordpress\/plugins\/seo\/ -->\n<title>Tour privado de El Cairo: Museo egipcio, Cairo Isl\u00e1mico y Copto<\/title>\n<meta name=\"description\" content=\"Disfrute un Tour privado de El Cairo: Museo egipcio, Cairo Isl\u00e1mico y Copto junto a un gu\u00eda local experto y su veh\u00edculo privado\u2705\" \/>\n<meta name=\"robots\" content=\"index, follow, max-snippet:-1, max-image-preview:large, max-video-preview:-1\" \/>\n<link rel=\"canonical\" href=\"https:\/\/tourtravelandmore.com\/es\/tours\/egipto-es\/cairo-es\/cairo-actividades-es\/tour-privado-de-el-cairo-museo-egipcio-cairo-islamico-y-copto\/\" \/>\n<meta property=\"og:locale\" content=\"es_ES\" \/>\n<meta property=\"og:type\" content=\"article\" \/>\n<meta property=\"og:title\" content=\"Tour privado de El Cairo: Museo egipcio, Cairo Isl\u00e1mico y Copto\" \/>\n<meta property=\"og:description\" content=\"Disfrute un Tour privado de El Cairo: Museo egipcio, Cairo Isl\u00e1mico y Copto junto a un gu\u00eda local experto y su veh\u00edculo privado\u2705\" \/>\n<meta property=\"og:url\" content=\"https:\/\/tourtravelandmore.com\/es\/tours\/egipto-es\/cairo-es\/cairo-actividades-es\/tour-privado-de-el-cairo-museo-egipcio-cairo-islamico-y-copto\/\" \/>\n<meta property=\"og:site_name\" content=\"Tour Travel And More\" \/>\n<meta property=\"article:publisher\" content=\"https:\/\/www.facebook.com\/tourtravelandmore\/\" \/>\n<meta property=\"article:modified_time\" content=\"2022-11-15T17:00:19+00:00\" \/>\n<meta property=\"og:image\" content=\"https:\/\/tourtravelandmore.com\/wp-content\/uploads\/2020\/11\/pexels-spencer-davis-4353815-scaled.jpg\" \/>\n\t<meta property=\"og:image:width\" content=\"2560\" \/>\n\t<meta property=\"og:image:height\" content=\"1707\" \/>\n\t<meta property=\"og:image:type\" content=\"image\/jpeg\" \/>\n<meta name=\"twitter:card\" content=\"summary_large_image\" \/>\n<meta name=\"twitter:site\" content=\"@TourTravel_More\" \/>\n<meta name=\"twitter:label1\" content=\"Tiempo de lectura\" \/>\n\t<meta name=\"twitter:data1\" content=\"2 minutos\" \/>\n<script type=\"application\/ld+json\" class=\"yoast-schema-graph\">{\"@context\":\"https:\/\/schema.org\",\"@graph\":[{\"@type\":\"WebPage\",\"@id\":\"https:\/\/tourtravelandmore.com\/es\/tours\/egipto-es\/cairo-es\/cairo-actividades-es\/tour-privado-de-el-cairo-museo-egipcio-cairo-islamico-y-copto\/\",\"url\":\"https:\/\/tourtravelandmore.com\/es\/tours\/egipto-es\/cairo-es\/cairo-actividades-es\/tour-privado-de-el-cairo-museo-egipcio-cairo-islamico-y-copto\/\",\"name\":\"Tour privado de El Cairo: Museo egipcio, Cairo Isl\u00e1mico y Copto\",\"isPartOf\":{\"@id\":\"https:\/\/tourtravelandmore.com\/es\/#website\"},\"primaryImageOfPage\":{\"@id\":\"https:\/\/tourtravelandmore.com\/es\/tours\/egipto-es\/cairo-es\/cairo-actividades-es\/tour-privado-de-el-cairo-museo-egipcio-cairo-islamico-y-copto\/#primaryimage\"},\"image\":{\"@id\":\"https:\/\/tourtravelandmore.com\/es\/tours\/egipto-es\/cairo-es\/cairo-actividades-es\/tour-privado-de-el-cairo-museo-egipcio-cairo-islamico-y-copto\/#primaryimage\"},\"thumbnailUrl\":\"https:\/\/tourtravelandmore.com\/wp-content\/uploads\/2020\/11\/pexels-spencer-davis-4353815-scaled.jpg\",\"datePublished\":\"2020-11-26T11:35:13+00:00\",\"dateModified\":\"2022-11-15T17:00:19+00:00\",\"description\":\"Disfrute un Tour privado de El Cairo: Museo egipcio, Cairo Isl\u00e1mico y Copto junto a un gu\u00eda local experto y su veh\u00edculo privado\u2705\",\"breadcrumb\":{\"@id\":\"https:\/\/tourtravelandmore.com\/es\/tours\/egipto-es\/cairo-es\/cairo-actividades-es\/tour-privado-de-el-cairo-museo-egipcio-cairo-islamico-y-copto\/#breadcrumb\"},\"inLanguage\":\"es\",\"potentialAction\":[{\"@type\":\"ReadAction\",\"target\":[\"https:\/\/tourtravelandmore.com\/es\/tours\/egipto-es\/cairo-es\/cairo-actividades-es\/tour-privado-de-el-cairo-museo-egipcio-cairo-islamico-y-copto\/\"]}]},{\"@type\":\"ImageObject\",\"inLanguage\":\"es\",\"@id\":\"https:\/\/tourtravelandmore.com\/es\/tours\/egipto-es\/cairo-es\/cairo-actividades-es\/tour-privado-de-el-cairo-museo-egipcio-cairo-islamico-y-copto\/#primaryimage\",\"url\":\"https:\/\/tourtravelandmore.com\/wp-content\/uploads\/2020\/11\/pexels-spencer-davis-4353815-scaled.jpg\",\"contentUrl\":\"https:\/\/tourtravelandmore.com\/wp-content\/uploads\/2020\/11\/pexels-spencer-davis-4353815-scaled.jpg\",\"width\":2560,\"height\":1707},{\"@type\":\"BreadcrumbList\",\"@id\":\"https:\/\/tourtravelandmore.com\/es\/tours\/egipto-es\/cairo-es\/cairo-actividades-es\/tour-privado-de-el-cairo-museo-egipcio-cairo-islamico-y-copto\/#breadcrumb\",\"itemListElement\":[{\"@type\":\"ListItem\",\"position\":1,\"name\":\"Home\",\"item\":\"https:\/\/tourtravelandmore.com\/es\/\"},{\"@type\":\"ListItem\",\"position\":2,\"name\":\"Tours\",\"item\":\"https:\/\/tourtravelandmore.com\/es\/tours\/\"},{\"@type\":\"ListItem\",\"position\":3,\"name\":\"Tour privado de El Cairo: Museo egipcio, Cairo Isl\u00e1mico y Copto\"}]},{\"@type\":\"WebSite\",\"@id\":\"https:\/\/tourtravelandmore.com\/es\/#website\",\"url\":\"https:\/\/tourtravelandmore.com\/es\/\",\"name\":\"Tour Travel And More\",\"description\":\"Private sightseeing tours and luxury transfers in Spain\",\"publisher\":{\"@id\":\"https:\/\/tourtravelandmore.com\/es\/#organization\"},\"potentialAction\":[{\"@type\":\"SearchAction\",\"target\":{\"@type\":\"EntryPoint\",\"urlTemplate\":\"https:\/\/tourtravelandmore.com\/es\/?s={search_term_string}\"},\"query-input\":{\"@type\":\"PropertyValueSpecification\",\"valueRequired\":true,\"valueName\":\"search_term_string\"}}],\"inLanguage\":\"es\"},{\"@type\":\"Organization\",\"@id\":\"https:\/\/tourtravelandmore.com\/es\/#organization\",\"name\":\"Tour Travel And More\",\"url\":\"https:\/\/tourtravelandmore.com\/es\/\",\"logo\":{\"@type\":\"ImageObject\",\"inLanguage\":\"es\",\"@id\":\"https:\/\/tourtravelandmore.com\/es\/#\/schema\/logo\/image\/\",\"url\":\"https:\/\/tourtravelandmore.com\/wp-content\/uploads\/2022\/12\/cropped-logo-cabecera-new.png\",\"contentUrl\":\"https:\/\/tourtravelandmore.com\/wp-content\/uploads\/2022\/12\/cropped-logo-cabecera-new.png\",\"width\":430,\"height\":61,\"caption\":\"Tour Travel And More\"},\"image\":{\"@id\":\"https:\/\/tourtravelandmore.com\/es\/#\/schema\/logo\/image\/\"},\"sameAs\":[\"https:\/\/www.facebook.com\/tourtravelandmore\/\",\"https:\/\/x.com\/TourTravel_More\"]}]}<\/script>\n<!-- \/ Yoast SEO Premium plugin. -->","yoast_head_json":{"title":"Tour privado de El Cairo: Museo egipcio, Cairo Isl\u00e1mico y Copto","description":"Disfrute un Tour privado de El Cairo: Museo egipcio, Cairo Isl\u00e1mico y Copto junto a un gu\u00eda local experto y su veh\u00edculo privado\u2705","robots":{"index":"index","follow":"follow","max-snippet":"max-snippet:-1","max-image-preview":"max-image-preview:large","max-video-preview":"max-video-preview:-1"},"canonical":"https:\/\/tourtravelandmore.com\/es\/tours\/egipto-es\/cairo-es\/cairo-actividades-es\/tour-privado-de-el-cairo-museo-egipcio-cairo-islamico-y-copto\/","og_locale":"es_ES","og_type":"article","og_title":"Tour privado de El Cairo: Museo egipcio, Cairo Isl\u00e1mico y Copto","og_description":"Disfrute un Tour privado de El Cairo: Museo egipcio, Cairo Isl\u00e1mico y Copto junto a un gu\u00eda local experto y su veh\u00edculo privado\u2705","og_url":"https:\/\/tourtravelandmore.com\/es\/tours\/egipto-es\/cairo-es\/cairo-actividades-es\/tour-privado-de-el-cairo-museo-egipcio-cairo-islamico-y-copto\/","og_site_name":"Tour Travel And More","article_publisher":"https:\/\/www.facebook.com\/tourtravelandmore\/","article_modified_time":"2022-11-15T17:00:19+00:00","og_image":[{"width":2560,"height":1707,"url":"https:\/\/tourtravelandmore.com\/wp-content\/uploads\/2020\/11\/pexels-spencer-davis-4353815-scaled.jpg","type":"image\/jpeg"}],"twitter_card":"summary_large_image","twitter_site":"@TourTravel_More","twitter_misc":{"Tiempo de lectura":"2 minutos"},"schema":{"@context":"https:\/\/schema.org","@graph":[{"@type":"WebPage","@id":"https:\/\/tourtravelandmore.com\/es\/tours\/egipto-es\/cairo-es\/cairo-actividades-es\/tour-privado-de-el-cairo-museo-egipcio-cairo-islamico-y-copto\/","url":"https:\/\/tourtravelandmore.com\/es\/tours\/egipto-es\/cairo-es\/cairo-actividades-es\/tour-privado-de-el-cairo-museo-egipcio-cairo-islamico-y-copto\/","name":"Tour privado de El Cairo: Museo egipcio, Cairo Isl\u00e1mico y Copto","isPartOf":{"@id":"https:\/\/tourtravelandmore.com\/es\/#website"},"primaryImageOfPage":{"@id":"https:\/\/tourtravelandmore.com\/es\/tours\/egipto-es\/cairo-es\/cairo-actividades-es\/tour-privado-de-el-cairo-museo-egipcio-cairo-islamico-y-copto\/#primaryimage"},"image":{"@id":"https:\/\/tourtravelandmore.com\/es\/tours\/egipto-es\/cairo-es\/cairo-actividades-es\/tour-privado-de-el-cairo-museo-egipcio-cairo-islamico-y-copto\/#primaryimage"},"thumbnailUrl":"https:\/\/tourtravelandmore.com\/wp-content\/uploads\/2020\/11\/pexels-spencer-davis-4353815-scaled.jpg","datePublished":"2020-11-26T11:35:13+00:00","dateModified":"2022-11-15T17:00:19+00:00","description":"Disfrute un Tour privado de El Cairo: Museo egipcio, Cairo Isl\u00e1mico y Copto junto a un gu\u00eda local experto y su veh\u00edculo privado\u2705","breadcrumb":{"@id":"https:\/\/tourtravelandmore.com\/es\/tours\/egipto-es\/cairo-es\/cairo-actividades-es\/tour-privado-de-el-cairo-museo-egipcio-cairo-islamico-y-copto\/#breadcrumb"},"inLanguage":"es","potentialAction":[{"@type":"ReadAction","target":["https:\/\/tourtravelandmore.com\/es\/tours\/egipto-es\/cairo-es\/cairo-actividades-es\/tour-privado-de-el-cairo-museo-egipcio-cairo-islamico-y-copto\/"]}]},{"@type":"ImageObject","inLanguage":"es","@id":"https:\/\/tourtravelandmore.com\/es\/tours\/egipto-es\/cairo-es\/cairo-actividades-es\/tour-privado-de-el-cairo-museo-egipcio-cairo-islamico-y-copto\/#primaryimage","url":"https:\/\/tourtravelandmore.com\/wp-content\/uploads\/2020\/11\/pexels-spencer-davis-4353815-scaled.jpg","contentUrl":"https:\/\/tourtravelandmore.com\/wp-content\/uploads\/2020\/11\/pexels-spencer-davis-4353815-scaled.jpg","width":2560,"height":1707},{"@type":"BreadcrumbList","@id":"https:\/\/tourtravelandmore.com\/es\/tours\/egipto-es\/cairo-es\/cairo-actividades-es\/tour-privado-de-el-cairo-museo-egipcio-cairo-islamico-y-copto\/#breadcrumb","itemListElement":[{"@type":"ListItem","position":1,"name":"Home","item":"https:\/\/tourtravelandmore.com\/es\/"},{"@type":"ListItem","position":2,"name":"Tours","item":"https:\/\/tourtravelandmore.com\/es\/tours\/"},{"@type":"ListItem","position":3,"name":"Tour privado de El Cairo: Museo egipcio, Cairo Isl\u00e1mico y Copto"}]},{"@type":"WebSite","@id":"https:\/\/tourtravelandmore.com\/es\/#website","url":"https:\/\/tourtravelandmore.com\/es\/","name":"Tour Travel And More","description":"Private sightseeing tours and luxury transfers in Spain","publisher":{"@id":"https:\/\/tourtravelandmore.com\/es\/#organization"},"potentialAction":[{"@type":"SearchAction","target":{"@type":"EntryPoint","urlTemplate":"https:\/\/tourtravelandmore.com\/es\/?s={search_term_string}"},"query-input":{"@type":"PropertyValueSpecification","valueRequired":true,"valueName":"search_term_string"}}],"inLanguage":"es"},{"@type":"Organization","@id":"https:\/\/tourtravelandmore.com\/es\/#organization","name":"Tour Travel And More","url":"https:\/\/tourtravelandmore.com\/es\/","logo":{"@type":"ImageObject","inLanguage":"es","@id":"https:\/\/tourtravelandmore.com\/es\/#\/schema\/logo\/image\/","url":"https:\/\/tourtravelandmore.com\/wp-content\/uploads\/2022\/12\/cropped-logo-cabecera-new.png","contentUrl":"https:\/\/tourtravelandmore.com\/wp-content\/uploads\/2022\/12\/cropped-logo-cabecera-new.png","width":430,"height":61,"caption":"Tour Travel And More"},"image":{"@id":"https:\/\/tourtravelandmore.com\/es\/#\/schema\/logo\/image\/"},"sameAs":["https:\/\/www.facebook.com\/tourtravelandmore\/","https:\/\/x.com\/TourTravel_More"]}]}},"_links":{"self":[{"href":"https:\/\/tourtravelandmore.com\/es\/wp-json\/wp\/v2\/product\/88146","targetHints":{"allow":["GET"]}}],"collection":[{"href":"https:\/\/tourtravelandmore.com\/es\/wp-json\/wp\/v2\/product"}],"about":[{"href":"https:\/\/tourtravelandmore.com\/es\/wp-json\/wp\/v2\/types\/product"}],"replies":[{"embeddable":true,"href":"https:\/\/tourtravelandmore.com\/es\/wp-json\/wp\/v2\/comments?post=88146"}],"wp:featuredmedia":[{"embeddable":true,"href":"https:\/\/tourtravelandmore.com\/es\/wp-json\/wp\/v2\/media\/143797"}],"wp:attachment":[{"href":"https:\/\/tourtravelandmore.com\/es\/wp-json\/wp\/v2\/media?parent=88146"}],"wp:term":[{"taxonomy":"product_brand","embeddable":true,"href":"https:\/\/tourtravelandmore.com\/es\/wp-json\/wp\/v2\/product_brand?post=88146"},{"taxonomy":"product_cat","embeddable":true,"href":"https:\/\/tourtravelandmore.com\/es\/wp-json\/wp\/v2\/product_cat?post=88146"},{"taxonomy":"product_tag","embeddable":true,"href":"https:\/\/tourtravelandmore.com\/es\/wp-json\/wp\/v2\/product_tag?post=88146"}],"curies":[{"name":"wp","href":"https:\/\/api.w.org\/{rel}","templated":true}]}}