{"id":88089,"date":"2020-11-26T11:04:12","date_gmt":"2020-11-26T10:04:15","guid":{"rendered":"https:\/\/tourtravelandmore.com\/?post_type=product&#038;p=88089"},"modified":"2022-11-18T14:17:33","modified_gmt":"2022-11-18T13:17:33","slug":"tour-privado-a-las-piramides-de-giza-esfinge-saqqara-y-menfis","status":"publish","type":"product","link":"https:\/\/tourtravelandmore.com\/es\/tours\/egipto-es\/cairo-es\/cairo-actividades-es\/tour-privado-a-las-piramides-de-giza-esfinge-saqqara-y-menfis\/","title":{"rendered":"Tour privado a las Pir\u00e1mides de Giza, Esfinge, Saqqara y Menfis"},"content":{"rendered":"<h2 id=\"tw-target-text\" class=\"tw-data-text tw-text-large XcVN5d tw-ta\" dir=\"ltr\" data-placeholder=\"Traducci\u00f3n\"><span lang=\"es\">Descripci\u00f3n del Tour privado a las Pir\u00e1mides de Giza, Esfinge, Saqqara y Menfis<\/span><\/h2>\n<p><span style=\"font-weight: 400;\">Explora lo m\u00e1s espectacular del <\/span><b>Antiguo Egipto<\/b><span style=\"font-weight: 400;\"> cerca de <\/span><b>El Cairo <\/b><span style=\"font-weight: 400;\">en un d\u00eda junto a un gu\u00eda oficial experto y un chofer privado. En nuestro <\/span><b>Tour privado a las Pir\u00e1mides de Giza, Esfinge, Saqqara y Menfis<\/b><span style=\"font-weight: 400;\"> visitar\u00e1 una de las siete maravillas del mundo y otros de los sitios m\u00e1s emblem\u00e1ticos de una de las civilizaciones m\u00e1s grandes que existieron en nuestro planeta.<\/span><\/p>\n<p><span style=\"font-weight: 400;\">Su chofer y gu\u00eda oficial privado le recoger\u00e1n en su hotel o sitio deseado en El Cairo. A continuaci\u00f3n ir\u00e1n a <\/span><b>Giza <\/b><span style=\"font-weight: 400;\">y visitar\u00e1n las <\/span><b>3 pir\u00e1mides y la Esfinge<\/b><span style=\"font-weight: 400;\">. A continuaci\u00f3n visitar\u00e1n <\/span><b>Saqqara y Menfis.<\/b><\/p>\n<p><span style=\"font-weight: 400;\">El tour es 100\u202f% ajustable a sus propios deseos e intereses. Nuestros gu\u00edas y choferes est\u00e1n a su entera disposici\u00f3n. Coordinaremos sus entradas con anticipaci\u00f3n. En caso de que visite <\/span><b>Egipto por m\u00e1s d\u00edas, puede ver nuestros <\/b><a href=\"https:\/\/tourtravelandmore.com\/es\/ciudad\/egipto-es\/cairo-es\/cairo-rutas-es\/\"><b>itinerarios privados<\/b><\/a><b>.<\/b><\/p>\n<h2 id=\"tw-target-text\" class=\"tw-data-text tw-text-large XcVN5d tw-ta\" dir=\"ltr\" data-placeholder=\"Traducci\u00f3n\">Puntos de inter\u00e9s<\/h2>\n<p><span style=\"font-weight: 400;\">Construidas hace m\u00e1s de <\/span><b>4500 <\/b><span style=\"font-weight: 400;\">a\u00f1os, el modo en el que las 3 pir\u00e1mides de Giza fueron construidas es uno de<\/span><b> los misterios m\u00e1s grandes de la humanidad<\/b><span style=\"font-weight: 400;\">. Junto a su gu\u00eda oficial privado aprender\u00e1 la historia de esta maravilla del mundo. Su gu\u00eda experto en <\/span><b>egiptolog\u00eda <\/b><span style=\"font-weight: 400;\">le iluminar\u00e1 con <\/span><b>la historia y leyendas<\/b><span style=\"font-weight: 400;\"> de este sitio maravilloso. En el caso que lo desee podemos coordinar entradas dentro de las pir\u00e1mides.<\/span><\/p>\n<p><span style=\"font-weight: 400;\">A continuaci\u00f3n tendr\u00e1 tiempo libre para comer y poder difrutar de la gastronom\u00eda del lugar. Luego ir\u00e1n hacia <\/span><b>Saqqara y Menfis<\/b><span style=\"font-weight: 400;\">. Una vez all\u00ed explorar\u00e1 las legendarias pir\u00e1mides de <\/span><b>Saqqara<\/b><span style=\"font-weight: 400;\">, incluyendo la conocida pir\u00e1mide escalonada de <\/span><b>Zoser.\u00a0<\/b><\/p>\n<p><b>Saqqara <\/b><span style=\"font-weight: 400;\">lleva su nombre por el <\/span><b>Dios Menfita de la muerte, Sokar, <\/b><span style=\"font-weight: 400;\">y es el sitio arqueol\u00f3gico m\u00e1s grande del pa\u00eds.\u00a0<\/span><\/p>\n<p><span style=\"font-weight: 400;\">Luego visitar\u00e1n <\/span><b>Menfis<\/b><span style=\"font-weight: 400;\">, tambi\u00e9n conocida como <\/span><b>Inebu-Hedj<\/b><span style=\"font-weight: 400;\">, la antigua capital del <\/span><b>bajo Egipto <\/b><span style=\"font-weight: 400;\">y el <\/span><b>Antiguo Reino <\/b><span style=\"font-weight: 400;\">de <\/span><b>Egipto<\/b><span style=\"font-weight: 400;\">. <\/span><b>Menfis <\/b><span style=\"font-weight: 400;\">y su <\/span><b>Necr\u00f3polis <\/b><span style=\"font-weight: 400;\">fueron a\u00f1adidas, en <\/span><b>1979<\/b><span style=\"font-weight: 400;\">, en el listado de Patrimonios de la <\/span><b>UNESCO<\/b><span style=\"font-weight: 400;\">.<\/span><\/p>\n<p><span style=\"font-weight: 400;\">Al finalizar su <\/span><b>Tour privado a las Pir\u00e1mides de Giza, Esfinge, Saqqara y Menfis<\/b><span style=\"font-weight: 400;\">, su chofer y gu\u00eda le llevar\u00e1n de vuelta a su hotel en <\/span><b>Cairo<\/b><span style=\"font-weight: 400;\">. Podr\u00e1 cenar en alguno de los sendos magn\u00edficos restaurantes de la ciudad. El Cairo se caracteriza por la hospitalidad de sus habitantes y su variada gastronom\u00eda. Le recomendaremos los mejores sitios de la ciudad.<\/span><\/p>\n","protected":false},"excerpt":{"rendered":"<p>Disfrute de un <strong>Tour Privado a las Pir\u00e1mides de Giza, Esfinge, Saqqara y Memphis<\/strong>\u00a0y visite una de las siete maravillas del Mundo junto a un gu\u00eda tur\u00edstico egipt\u00f3logo licenciado y c\u00f3modo en su veh\u00edculo privado.<\/p>\n","protected":false},"featured_media":88126,"comment_status":"open","ping_status":"closed","template":"","meta":{"_acf_changed":false},"product_brand":[],"product_cat":[3031,3040,3043,3049],"product_tag":[],"class_list":{"0":"post-88089","1":"product","2":"type-product","3":"status-publish","4":"has-post-thumbnail","6":"product_cat-egipto-es","7":"product_cat-cairo-es","8":"product_cat-cairo-actividades-es","9":"product_cat-cairo-tours-privados-es","11":"first","12":"instock","13":"shipping-taxable","14":"purchasable","15":"product-type-simple"},"acf":[],"yoast_head":"<!-- This site is optimized with the Yoast SEO Premium plugin v25.3.1 (Yoast SEO v25.3.1) - https:\/\/yoast.com\/wordpress\/plugins\/seo\/ -->\n<title>Tour privado a las Pir\u00e1mides de Giza, Esfinge, Saqqara y Menfis | TTM<\/title>\n<meta name=\"description\" content=\"Disfrute un tour privado a Giza y los sitios m\u00e1s emblem\u00e1ticos del antiguo Egipto junto a un gu\u00eda oficial privado experto \u2705\" \/>\n<meta name=\"robots\" content=\"index, follow, max-snippet:-1, max-image-preview:large, max-video-preview:-1\" \/>\n<link rel=\"canonical\" href=\"https:\/\/tourtravelandmore.com\/es\/tours\/egipto-es\/cairo-es\/cairo-actividades-es\/tour-privado-a-las-piramides-de-giza-esfinge-saqqara-y-menfis\/\" \/>\n<meta property=\"og:locale\" content=\"es_ES\" \/>\n<meta property=\"og:type\" content=\"article\" \/>\n<meta property=\"og:title\" content=\"Tour privado a las Pir\u00e1mides de Giza, Esfinge, Saqqara y Menfis\" \/>\n<meta property=\"og:description\" content=\"Disfrute un tour privado a Giza y los sitios m\u00e1s emblem\u00e1ticos del antiguo Egipto junto a un gu\u00eda oficial privado experto \u2705\" \/>\n<meta property=\"og:url\" content=\"https:\/\/tourtravelandmore.com\/es\/tours\/egipto-es\/cairo-es\/cairo-actividades-es\/tour-privado-a-las-piramides-de-giza-esfinge-saqqara-y-menfis\/\" \/>\n<meta property=\"og:site_name\" content=\"Tour Travel And More\" \/>\n<meta property=\"article:publisher\" content=\"https:\/\/www.facebook.com\/tourtravelandmore\/\" \/>\n<meta property=\"article:modified_time\" content=\"2022-11-18T13:17:33+00:00\" \/>\n<meta property=\"og:image\" content=\"https:\/\/tourtravelandmore.com\/wp-content\/uploads\/2020\/11\/Giza-2-1.jpeg\" \/>\n\t<meta property=\"og:image:width\" content=\"1318\" \/>\n\t<meta property=\"og:image:height\" content=\"648\" \/>\n\t<meta property=\"og:image:type\" content=\"image\/jpeg\" \/>\n<meta name=\"twitter:card\" content=\"summary_large_image\" \/>\n<meta name=\"twitter:site\" content=\"@TourTravel_More\" \/>\n<meta name=\"twitter:label1\" content=\"Tiempo de lectura\" \/>\n\t<meta name=\"twitter:data1\" content=\"2 minutos\" \/>\n<script type=\"application\/ld+json\" class=\"yoast-schema-graph\">{\"@context\":\"https:\/\/schema.org\",\"@graph\":[{\"@type\":\"WebPage\",\"@id\":\"https:\/\/tourtravelandmore.com\/es\/tours\/egipto-es\/cairo-es\/cairo-actividades-es\/tour-privado-a-las-piramides-de-giza-esfinge-saqqara-y-menfis\/\",\"url\":\"https:\/\/tourtravelandmore.com\/es\/tours\/egipto-es\/cairo-es\/cairo-actividades-es\/tour-privado-a-las-piramides-de-giza-esfinge-saqqara-y-menfis\/\",\"name\":\"Tour privado a las Pir\u00e1mides de Giza, Esfinge, Saqqara y Menfis | TTM\",\"isPartOf\":{\"@id\":\"https:\/\/tourtravelandmore.com\/es\/#website\"},\"primaryImageOfPage\":{\"@id\":\"https:\/\/tourtravelandmore.com\/es\/tours\/egipto-es\/cairo-es\/cairo-actividades-es\/tour-privado-a-las-piramides-de-giza-esfinge-saqqara-y-menfis\/#primaryimage\"},\"image\":{\"@id\":\"https:\/\/tourtravelandmore.com\/es\/tours\/egipto-es\/cairo-es\/cairo-actividades-es\/tour-privado-a-las-piramides-de-giza-esfinge-saqqara-y-menfis\/#primaryimage\"},\"thumbnailUrl\":\"https:\/\/tourtravelandmore.com\/wp-content\/uploads\/2020\/11\/Giza-2-1.jpeg\",\"datePublished\":\"2020-11-26T10:04:15+00:00\",\"dateModified\":\"2022-11-18T13:17:33+00:00\",\"description\":\"Disfrute un tour privado a Giza y los sitios m\u00e1s emblem\u00e1ticos del antiguo Egipto junto a un gu\u00eda oficial privado experto \u2705\",\"breadcrumb\":{\"@id\":\"https:\/\/tourtravelandmore.com\/es\/tours\/egipto-es\/cairo-es\/cairo-actividades-es\/tour-privado-a-las-piramides-de-giza-esfinge-saqqara-y-menfis\/#breadcrumb\"},\"inLanguage\":\"es\",\"potentialAction\":[{\"@type\":\"ReadAction\",\"target\":[\"https:\/\/tourtravelandmore.com\/es\/tours\/egipto-es\/cairo-es\/cairo-actividades-es\/tour-privado-a-las-piramides-de-giza-esfinge-saqqara-y-menfis\/\"]}]},{\"@type\":\"ImageObject\",\"inLanguage\":\"es\",\"@id\":\"https:\/\/tourtravelandmore.com\/es\/tours\/egipto-es\/cairo-es\/cairo-actividades-es\/tour-privado-a-las-piramides-de-giza-esfinge-saqqara-y-menfis\/#primaryimage\",\"url\":\"https:\/\/tourtravelandmore.com\/wp-content\/uploads\/2020\/11\/Giza-2-1.jpeg\",\"contentUrl\":\"https:\/\/tourtravelandmore.com\/wp-content\/uploads\/2020\/11\/Giza-2-1.jpeg\",\"width\":1318,\"height\":648,\"caption\":\"Giza Plateau\"},{\"@type\":\"BreadcrumbList\",\"@id\":\"https:\/\/tourtravelandmore.com\/es\/tours\/egipto-es\/cairo-es\/cairo-actividades-es\/tour-privado-a-las-piramides-de-giza-esfinge-saqqara-y-menfis\/#breadcrumb\",\"itemListElement\":[{\"@type\":\"ListItem\",\"position\":1,\"name\":\"Home\",\"item\":\"https:\/\/tourtravelandmore.com\/es\/\"},{\"@type\":\"ListItem\",\"position\":2,\"name\":\"Tours\",\"item\":\"https:\/\/tourtravelandmore.com\/es\/tours\/\"},{\"@type\":\"ListItem\",\"position\":3,\"name\":\"Tour privado a las Pir\u00e1mides de Giza, Esfinge, Saqqara y Menfis\"}]},{\"@type\":\"WebSite\",\"@id\":\"https:\/\/tourtravelandmore.com\/es\/#website\",\"url\":\"https:\/\/tourtravelandmore.com\/es\/\",\"name\":\"Tour Travel And More\",\"description\":\"Private sightseeing tours and luxury transfers in Spain\",\"publisher\":{\"@id\":\"https:\/\/tourtravelandmore.com\/es\/#organization\"},\"potentialAction\":[{\"@type\":\"SearchAction\",\"target\":{\"@type\":\"EntryPoint\",\"urlTemplate\":\"https:\/\/tourtravelandmore.com\/es\/?s={search_term_string}\"},\"query-input\":{\"@type\":\"PropertyValueSpecification\",\"valueRequired\":true,\"valueName\":\"search_term_string\"}}],\"inLanguage\":\"es\"},{\"@type\":\"Organization\",\"@id\":\"https:\/\/tourtravelandmore.com\/es\/#organization\",\"name\":\"Tour Travel And More\",\"url\":\"https:\/\/tourtravelandmore.com\/es\/\",\"logo\":{\"@type\":\"ImageObject\",\"inLanguage\":\"es\",\"@id\":\"https:\/\/tourtravelandmore.com\/es\/#\/schema\/logo\/image\/\",\"url\":\"https:\/\/tourtravelandmore.com\/wp-content\/uploads\/2022\/12\/cropped-logo-cabecera-new.png\",\"contentUrl\":\"https:\/\/tourtravelandmore.com\/wp-content\/uploads\/2022\/12\/cropped-logo-cabecera-new.png\",\"width\":430,\"height\":61,\"caption\":\"Tour Travel And More\"},\"image\":{\"@id\":\"https:\/\/tourtravelandmore.com\/es\/#\/schema\/logo\/image\/\"},\"sameAs\":[\"https:\/\/www.facebook.com\/tourtravelandmore\/\",\"https:\/\/x.com\/TourTravel_More\"]}]}<\/script>\n<!-- \/ Yoast SEO Premium plugin. -->","yoast_head_json":{"title":"Tour privado a las Pir\u00e1mides de Giza, Esfinge, Saqqara y Menfis | TTM","description":"Disfrute un tour privado a Giza y los sitios m\u00e1s emblem\u00e1ticos del antiguo Egipto junto a un gu\u00eda oficial privado experto \u2705","robots":{"index":"index","follow":"follow","max-snippet":"max-snippet:-1","max-image-preview":"max-image-preview:large","max-video-preview":"max-video-preview:-1"},"canonical":"https:\/\/tourtravelandmore.com\/es\/tours\/egipto-es\/cairo-es\/cairo-actividades-es\/tour-privado-a-las-piramides-de-giza-esfinge-saqqara-y-menfis\/","og_locale":"es_ES","og_type":"article","og_title":"Tour privado a las Pir\u00e1mides de Giza, Esfinge, Saqqara y Menfis","og_description":"Disfrute un tour privado a Giza y los sitios m\u00e1s emblem\u00e1ticos del antiguo Egipto junto a un gu\u00eda oficial privado experto \u2705","og_url":"https:\/\/tourtravelandmore.com\/es\/tours\/egipto-es\/cairo-es\/cairo-actividades-es\/tour-privado-a-las-piramides-de-giza-esfinge-saqqara-y-menfis\/","og_site_name":"Tour Travel And More","article_publisher":"https:\/\/www.facebook.com\/tourtravelandmore\/","article_modified_time":"2022-11-18T13:17:33+00:00","og_image":[{"width":1318,"height":648,"url":"https:\/\/tourtravelandmore.com\/wp-content\/uploads\/2020\/11\/Giza-2-1.jpeg","type":"image\/jpeg"}],"twitter_card":"summary_large_image","twitter_site":"@TourTravel_More","twitter_misc":{"Tiempo de lectura":"2 minutos"},"schema":{"@context":"https:\/\/schema.org","@graph":[{"@type":"WebPage","@id":"https:\/\/tourtravelandmore.com\/es\/tours\/egipto-es\/cairo-es\/cairo-actividades-es\/tour-privado-a-las-piramides-de-giza-esfinge-saqqara-y-menfis\/","url":"https:\/\/tourtravelandmore.com\/es\/tours\/egipto-es\/cairo-es\/cairo-actividades-es\/tour-privado-a-las-piramides-de-giza-esfinge-saqqara-y-menfis\/","name":"Tour privado a las Pir\u00e1mides de Giza, Esfinge, Saqqara y Menfis | TTM","isPartOf":{"@id":"https:\/\/tourtravelandmore.com\/es\/#website"},"primaryImageOfPage":{"@id":"https:\/\/tourtravelandmore.com\/es\/tours\/egipto-es\/cairo-es\/cairo-actividades-es\/tour-privado-a-las-piramides-de-giza-esfinge-saqqara-y-menfis\/#primaryimage"},"image":{"@id":"https:\/\/tourtravelandmore.com\/es\/tours\/egipto-es\/cairo-es\/cairo-actividades-es\/tour-privado-a-las-piramides-de-giza-esfinge-saqqara-y-menfis\/#primaryimage"},"thumbnailUrl":"https:\/\/tourtravelandmore.com\/wp-content\/uploads\/2020\/11\/Giza-2-1.jpeg","datePublished":"2020-11-26T10:04:15+00:00","dateModified":"2022-11-18T13:17:33+00:00","description":"Disfrute un tour privado a Giza y los sitios m\u00e1s emblem\u00e1ticos del antiguo Egipto junto a un gu\u00eda oficial privado experto \u2705","breadcrumb":{"@id":"https:\/\/tourtravelandmore.com\/es\/tours\/egipto-es\/cairo-es\/cairo-actividades-es\/tour-privado-a-las-piramides-de-giza-esfinge-saqqara-y-menfis\/#breadcrumb"},"inLanguage":"es","potentialAction":[{"@type":"ReadAction","target":["https:\/\/tourtravelandmore.com\/es\/tours\/egipto-es\/cairo-es\/cairo-actividades-es\/tour-privado-a-las-piramides-de-giza-esfinge-saqqara-y-menfis\/"]}]},{"@type":"ImageObject","inLanguage":"es","@id":"https:\/\/tourtravelandmore.com\/es\/tours\/egipto-es\/cairo-es\/cairo-actividades-es\/tour-privado-a-las-piramides-de-giza-esfinge-saqqara-y-menfis\/#primaryimage","url":"https:\/\/tourtravelandmore.com\/wp-content\/uploads\/2020\/11\/Giza-2-1.jpeg","contentUrl":"https:\/\/tourtravelandmore.com\/wp-content\/uploads\/2020\/11\/Giza-2-1.jpeg","width":1318,"height":648,"caption":"Giza Plateau"},{"@type":"BreadcrumbList","@id":"https:\/\/tourtravelandmore.com\/es\/tours\/egipto-es\/cairo-es\/cairo-actividades-es\/tour-privado-a-las-piramides-de-giza-esfinge-saqqara-y-menfis\/#breadcrumb","itemListElement":[{"@type":"ListItem","position":1,"name":"Home","item":"https:\/\/tourtravelandmore.com\/es\/"},{"@type":"ListItem","position":2,"name":"Tours","item":"https:\/\/tourtravelandmore.com\/es\/tours\/"},{"@type":"ListItem","position":3,"name":"Tour privado a las Pir\u00e1mides de Giza, Esfinge, Saqqara y Menfis"}]},{"@type":"WebSite","@id":"https:\/\/tourtravelandmore.com\/es\/#website","url":"https:\/\/tourtravelandmore.com\/es\/","name":"Tour Travel And More","description":"Private sightseeing tours and luxury transfers in Spain","publisher":{"@id":"https:\/\/tourtravelandmore.com\/es\/#organization"},"potentialAction":[{"@type":"SearchAction","target":{"@type":"EntryPoint","urlTemplate":"https:\/\/tourtravelandmore.com\/es\/?s={search_term_string}"},"query-input":{"@type":"PropertyValueSpecification","valueRequired":true,"valueName":"search_term_string"}}],"inLanguage":"es"},{"@type":"Organization","@id":"https:\/\/tourtravelandmore.com\/es\/#organization","name":"Tour Travel And More","url":"https:\/\/tourtravelandmore.com\/es\/","logo":{"@type":"ImageObject","inLanguage":"es","@id":"https:\/\/tourtravelandmore.com\/es\/#\/schema\/logo\/image\/","url":"https:\/\/tourtravelandmore.com\/wp-content\/uploads\/2022\/12\/cropped-logo-cabecera-new.png","contentUrl":"https:\/\/tourtravelandmore.com\/wp-content\/uploads\/2022\/12\/cropped-logo-cabecera-new.png","width":430,"height":61,"caption":"Tour Travel And More"},"image":{"@id":"https:\/\/tourtravelandmore.com\/es\/#\/schema\/logo\/image\/"},"sameAs":["https:\/\/www.facebook.com\/tourtravelandmore\/","https:\/\/x.com\/TourTravel_More"]}]}},"_links":{"self":[{"href":"https:\/\/tourtravelandmore.com\/es\/wp-json\/wp\/v2\/product\/88089","targetHints":{"allow":["GET"]}}],"collection":[{"href":"https:\/\/tourtravelandmore.com\/es\/wp-json\/wp\/v2\/product"}],"about":[{"href":"https:\/\/tourtravelandmore.com\/es\/wp-json\/wp\/v2\/types\/product"}],"replies":[{"embeddable":true,"href":"https:\/\/tourtravelandmore.com\/es\/wp-json\/wp\/v2\/comments?post=88089"}],"wp:featuredmedia":[{"embeddable":true,"href":"https:\/\/tourtravelandmore.com\/es\/wp-json\/wp\/v2\/media\/88126"}],"wp:attachment":[{"href":"https:\/\/tourtravelandmore.com\/es\/wp-json\/wp\/v2\/media?parent=88089"}],"wp:term":[{"taxonomy":"product_brand","embeddable":true,"href":"https:\/\/tourtravelandmore.com\/es\/wp-json\/wp\/v2\/product_brand?post=88089"},{"taxonomy":"product_cat","embeddable":true,"href":"https:\/\/tourtravelandmore.com\/es\/wp-json\/wp\/v2\/product_cat?post=88089"},{"taxonomy":"product_tag","embeddable":true,"href":"https:\/\/tourtravelandmore.com\/es\/wp-json\/wp\/v2\/product_tag?post=88089"}],"curies":[{"name":"wp","href":"https:\/\/api.w.org\/{rel}","templated":true}]}}