{"id":88059,"date":"2020-11-26T09:55:10","date_gmt":"2020-11-26T08:55:12","guid":{"rendered":"https:\/\/tourtravelandmore.com\/?post_type=product&#038;p=88059"},"modified":"2021-09-13T11:31:05","modified_gmt":"2021-09-13T09:31:05","slug":"tour-privado-a-pie-por-san-louis","status":"publish","type":"product","link":"https:\/\/tourtravelandmore.com\/es\/tours\/eeuu-es\/st-louis-es\/st-louis-actividades-es\/tour-privado-a-pie-por-san-louis\/","title":{"rendered":"Tour Privado a pie por San Louis"},"content":{"rendered":"<h2 id=\"tw-target-text\" class=\"tw-data-text tw-text-large XcVN5d tw-ta\" dir=\"ltr\" data-placeholder=\"Traducci\u00f3n\"><span lang=\"es\">Descripci\u00f3n del Tour Privado a Pie por San Louis<\/span><\/h2>\n<p>Tenga la oportunidad de pasear por la ciudad con este <strong>tour privado a pie por San Louis<\/strong>. Su <strong>gu\u00eda tur\u00edstico oficial privado<\/strong> estar\u00e1 a su completa disposici\u00f3n para una visita guiada de 3 horas. Esta experiencia privada le brindar\u00e1 la oportunidad de conocer los aspectos m\u00e1s destacados de la ciudad.<\/p>\n<p>El punto de encuentro con su gu\u00eda tur\u00edstico oficial privado ser\u00e1 en su hotel ubicado en el centro o en el punto de encuentro central en San. Louis. Si no se encuentra hospedado en el centro, podemos organizar un traslado privado solo para usted y su grupo.<\/p>\n<p><strong>San Louis<\/strong> es una gran ciudad ubicada en Missouri, a lo largo del r\u00edo Misisip\u00ed. Esta ciudad es muy conocida como la <em>\u201cCiudad del B\u00e9isbol\u201d<\/em> debido a sus importantes equipos de b\u00e9isbol. En San Louis encontrar\u00e1 una ciudad llena de parques con comodidades que incluyen instalaciones deportivas, \u00e1reas de conciertos, \u00e1reas de p\u00edcnic y lagos. El parque m\u00e1s grande ubicado en el extremo oeste de la ciudad es el Forest Park.<\/p>\n<p>Ven con nosotros en este tour privado a pie por San Louis y admir\u00e9 esta incre\u00edble ciudad. Su gu\u00eda tur\u00edstico local le explicar\u00e1 la historia y la cultura que caracterizan a San Louis.<\/p>\n<h2>Puntos emblem\u00e1ticos y de inter\u00e9s del Tour Privado a pie por San Louis<\/h2>\n<p>En primer lugar, su gu\u00eda tur\u00edstico oficial privado lo recoger\u00e1 en un lugar c\u00e9ntrico de San Louis. <span class=\"JLqJ4b ChMk0b\" data-language-for-alternatives=\"es\" data-language-to-translate-into=\"en\" data-phrase-index=\"1\">La hora de inicio del recorrido la determinar\u00e1 usted, ya que se trata de un recorrido a pie privado y personalizado. <\/span><\/p>\n<p><span class=\"JLqJ4b ChMk0b\" data-language-for-alternatives=\"es\" data-language-to-translate-into=\"en\" data-phrase-index=\"1\"><span class=\"JLqJ4b\" data-language-for-alternatives=\"es\" data-language-to-translate-into=\"en\" data-phrase-index=\"2\"><strong>San Louis<\/strong> es una ciudad arraigada en sus tradiciones, aqu\u00ed escuchar\u00e1s blues en cada lugar y tienda que visites. Un dato interesante es que puedes asistir a un concierto de blues todas las noches de la semana. <\/span><\/span><\/p>\n<p><em><span class=\"JLqJ4b ChMk0b\" data-language-for-alternatives=\"es\" data-language-to-translate-into=\"en\" data-phrase-index=\"1\"><span class=\"JLqJ4b\" data-language-for-alternatives=\"es\" data-language-to-translate-into=\"en\" data-phrase-index=\"2\">Durante este tour privado a pie por San Luis, podr\u00e1 visitar:<\/span><\/span><\/em><\/p>\n<ul>\n<li><a href=\"https:\/\/www.gatewayarch.com\">Arco Gateway:<\/a> es la parte m\u00e1s importante del Monumento Nacional de Expansi\u00f3n de Jefferson<\/li>\n<li><strong><span class=\"JLqJ4b\" data-language-for-alternatives=\"es\" data-language-to-translate-into=\"en\" data-phrase-index=\"1\"><span class=\"JLqJ4b ChMk0b\" data-language-for-alternatives=\"es\" data-language-to-translate-into=\"en\" data-phrase-index=\"2\">Parque Nacional Gateway<\/span><\/span><\/strong><\/li>\n<li><strong><span class=\"JLqJ4b\" data-language-for-alternatives=\"es\" data-language-to-translate-into=\"en\" data-phrase-index=\"1\"><span class=\"JLqJ4b ChMk0b\" data-language-for-alternatives=\"es\" data-language-to-translate-into=\"en\" data-phrase-index=\"2\"> Bas\u00edlica de San Luis <\/span><\/span><\/strong><\/li>\n<li><strong><span class=\"JLqJ4b\" data-language-for-alternatives=\"es\" data-language-to-translate-into=\"en\" data-phrase-index=\"1\"><span class=\"JLqJ4b ChMk0b\" data-language-for-alternatives=\"es\" data-language-to-translate-into=\"en\" data-phrase-index=\"2\">Antiguo Palacio de Justicia <\/span><\/span><\/strong><\/li>\n<li><strong><span class=\"JLqJ4b\" data-language-for-alternatives=\"es\" data-language-to-translate-into=\"en\" data-phrase-index=\"1\"><span class=\"JLqJ4b ChMk0b\" data-language-for-alternatives=\"es\" data-language-to-translate-into=\"en\" data-phrase-index=\"2\">Puente de Eads <\/span><\/span><\/strong><\/li>\n<li><strong><span class=\"JLqJ4b\" data-language-for-alternatives=\"es\" data-language-to-translate-into=\"en\" data-phrase-index=\"1\"><span class=\"JLqJ4b ChMk0b\" data-language-for-alternatives=\"es\" data-language-to-translate-into=\"en\" data-phrase-index=\"2\">Parque de Esculturas Citygarden <\/span><\/span><\/strong><\/li>\n<li><strong><span class=\"JLqJ4b\" data-language-for-alternatives=\"es\" data-language-to-translate-into=\"en\" data-phrase-index=\"1\"><span class=\"JLqJ4b ChMk0b\" data-language-for-alternatives=\"es\" data-language-to-translate-into=\"en\" data-phrase-index=\"2\">Museo Militar Memorial de los Soldados <\/span><\/span><\/strong><\/li>\n<li><strong><span class=\"JLqJ4b\" data-language-for-alternatives=\"es\" data-language-to-translate-into=\"en\" data-phrase-index=\"1\"><span class=\"JLqJ4b ChMk0b\" data-language-for-alternatives=\"es\" data-language-to-translate-into=\"en\" data-phrase-index=\"2\">Plaza Conmemorativa <\/span><\/span><\/strong><\/li>\n<li><strong><span class=\"JLqJ4b\" data-language-for-alternatives=\"es\" data-language-to-translate-into=\"en\" data-phrase-index=\"1\"><span class=\"JLqJ4b ChMk0b\" data-language-for-alternatives=\"es\" data-language-to-translate-into=\"en\" data-phrase-index=\"2\">Estadio Busch <\/span><\/span><\/strong><\/li>\n<li><span class=\"JLqJ4b\" data-language-for-alternatives=\"es\" data-language-to-translate-into=\"en\" data-phrase-index=\"1\"><span class=\"JLqJ4b ChMk0b\" data-language-for-alternatives=\"es\" data-language-to-translate-into=\"en\" data-phrase-index=\"2\">\u00a1Y mucho m\u00e1s!<\/span><\/span><\/li>\n<\/ul>\n<p>Este tour privado tiene una duraci\u00f3n total de 3 horas, pero en caso de que est\u00e9 interesado, podemos incluir m\u00e1s horas a su experiencia. <span class=\"JLqJ4b ChMk0b\" data-language-for-alternatives=\"es\" data-language-to-translate-into=\"en\" data-phrase-index=\"1\">Incluso, podemos incluir entrada a cualquier monumento o museo. <\/span><\/p>\n<p><span class=\"JLqJ4b ChMk0b\" data-language-for-alternatives=\"es\" data-language-to-translate-into=\"en\" data-phrase-index=\"1\"><span class=\"JLqJ4b\" data-language-for-alternatives=\"es\" data-language-to-translate-into=\"en\" data-phrase-index=\"2\">Finalmente, al final de la visita, su gu\u00eda tur\u00edstico oficial privado lo dejar\u00e1 en un lugar c\u00e9ntrico de San Louis. <\/span><\/span><\/p>\n<p><strong><span class=\"JLqJ4b ChMk0b\" data-language-for-alternatives=\"es\" data-language-to-translate-into=\"en\" data-phrase-index=\"1\"><span class=\"JLqJ4b\" data-language-for-alternatives=\"es\" data-language-to-translate-into=\"en\" data-phrase-index=\"2\">Si est\u00e1 buscando una experiencia m\u00e1s completa, eche un vistazo a <a href=\"https:\/\/tourtravelandmore.com\/es\/tours\/eeuu-es\/st-louis-es\/st-louis-actividades-es\/tour-privado-por-san-louis\/\">nuestro tour privado por la ciudad de San Louis<\/a>.<\/span><\/span><\/strong><\/p>\n","protected":false},"excerpt":{"rendered":"<p>Aproveche la oportunidad de conocer la segunda ciudad m\u00e1s grande de <strong>Missouri: San Louis.<\/strong> <span class=\"JLqJ4b ChMk0b\" data-language-for-alternatives=\"es\" data-language-to-translate-into=\"en\" data-phrase-index=\"1\">Tendr\u00e1 un gu\u00eda tur\u00edstico oficial privado disponible solo para usted. Visite los lugares y monumentos m\u00e1s importantes de esta incre\u00edble ciudad.<\/span><\/p>\n","protected":false},"featured_media":88072,"comment_status":"open","ping_status":"closed","template":"","meta":{"_acf_changed":false},"product_brand":[],"product_cat":[1602,3147,3186,3192],"product_tag":[],"class_list":{"0":"post-88059","1":"product","2":"type-product","3":"status-publish","4":"has-post-thumbnail","6":"product_cat-eeuu-es","7":"product_cat-st-louis-es","8":"product_cat-st-louis-actividades-es","9":"product_cat-st-louis-tours-a-pie-es","11":"first","12":"instock","13":"shipping-taxable","14":"purchasable","15":"product-type-simple"},"acf":[],"yoast_head":"<!-- This site is optimized with the Yoast SEO Premium plugin v25.3.1 (Yoast SEO v25.3.1) - https:\/\/yoast.com\/wordpress\/plugins\/seo\/ -->\n<title>Tour Privado a pie por San Louis con gu\u00eda oficial local<\/title>\n<meta name=\"description\" content=\"\u2192 Acomp\u00e1\u00f1enos en este Tour Privado a pie por San Louis y conozca los rincones de la ciudad junto a un gu\u00eda oficial privado \u2705\" \/>\n<meta name=\"robots\" content=\"index, follow, max-snippet:-1, max-image-preview:large, max-video-preview:-1\" \/>\n<link rel=\"canonical\" href=\"https:\/\/tourtravelandmore.com\/es\/tours\/eeuu-es\/st-louis-es\/st-louis-actividades-es\/tour-privado-a-pie-por-san-louis\/\" \/>\n<meta property=\"og:locale\" content=\"es_ES\" \/>\n<meta property=\"og:type\" content=\"article\" \/>\n<meta property=\"og:title\" content=\"Tour Privado a pie por San Louis\" \/>\n<meta property=\"og:description\" content=\"\u2192 Acomp\u00e1\u00f1enos en este Tour Privado a pie por San Louis y conozca los rincones de la ciudad junto a un gu\u00eda oficial privado \u2705\" \/>\n<meta property=\"og:url\" content=\"https:\/\/tourtravelandmore.com\/es\/tours\/eeuu-es\/st-louis-es\/st-louis-actividades-es\/tour-privado-a-pie-por-san-louis\/\" \/>\n<meta property=\"og:site_name\" content=\"Tour Travel And More\" \/>\n<meta property=\"article:publisher\" content=\"https:\/\/www.facebook.com\/tourtravelandmore\/\" \/>\n<meta property=\"article:modified_time\" content=\"2021-09-13T09:31:05+00:00\" \/>\n<meta property=\"og:image\" content=\"https:\/\/tourtravelandmore.com\/wp-content\/uploads\/2020\/11\/louis-2.jpg\" \/>\n\t<meta property=\"og:image:width\" content=\"2272\" \/>\n\t<meta property=\"og:image:height\" content=\"1704\" \/>\n\t<meta property=\"og:image:type\" content=\"image\/jpeg\" \/>\n<meta name=\"twitter:card\" content=\"summary_large_image\" \/>\n<meta name=\"twitter:site\" content=\"@TourTravel_More\" \/>\n<meta name=\"twitter:label1\" content=\"Tiempo de lectura\" \/>\n\t<meta name=\"twitter:data1\" content=\"2 minutos\" \/>\n<script type=\"application\/ld+json\" class=\"yoast-schema-graph\">{\"@context\":\"https:\/\/schema.org\",\"@graph\":[{\"@type\":\"WebPage\",\"@id\":\"https:\/\/tourtravelandmore.com\/es\/tours\/eeuu-es\/st-louis-es\/st-louis-actividades-es\/tour-privado-a-pie-por-san-louis\/\",\"url\":\"https:\/\/tourtravelandmore.com\/es\/tours\/eeuu-es\/st-louis-es\/st-louis-actividades-es\/tour-privado-a-pie-por-san-louis\/\",\"name\":\"Tour Privado a pie por San Louis con gu\u00eda oficial local\",\"isPartOf\":{\"@id\":\"https:\/\/tourtravelandmore.com\/es\/#website\"},\"primaryImageOfPage\":{\"@id\":\"https:\/\/tourtravelandmore.com\/es\/tours\/eeuu-es\/st-louis-es\/st-louis-actividades-es\/tour-privado-a-pie-por-san-louis\/#primaryimage\"},\"image\":{\"@id\":\"https:\/\/tourtravelandmore.com\/es\/tours\/eeuu-es\/st-louis-es\/st-louis-actividades-es\/tour-privado-a-pie-por-san-louis\/#primaryimage\"},\"thumbnailUrl\":\"https:\/\/tourtravelandmore.com\/wp-content\/uploads\/2020\/11\/louis-2.jpg\",\"datePublished\":\"2020-11-26T08:55:12+00:00\",\"dateModified\":\"2021-09-13T09:31:05+00:00\",\"description\":\"\u2192 Acomp\u00e1\u00f1enos en este Tour Privado a pie por San Louis y conozca los rincones de la ciudad junto a un gu\u00eda oficial privado \u2705\",\"breadcrumb\":{\"@id\":\"https:\/\/tourtravelandmore.com\/es\/tours\/eeuu-es\/st-louis-es\/st-louis-actividades-es\/tour-privado-a-pie-por-san-louis\/#breadcrumb\"},\"inLanguage\":\"es\",\"potentialAction\":[{\"@type\":\"ReadAction\",\"target\":[\"https:\/\/tourtravelandmore.com\/es\/tours\/eeuu-es\/st-louis-es\/st-louis-actividades-es\/tour-privado-a-pie-por-san-louis\/\"]}]},{\"@type\":\"ImageObject\",\"inLanguage\":\"es\",\"@id\":\"https:\/\/tourtravelandmore.com\/es\/tours\/eeuu-es\/st-louis-es\/st-louis-actividades-es\/tour-privado-a-pie-por-san-louis\/#primaryimage\",\"url\":\"https:\/\/tourtravelandmore.com\/wp-content\/uploads\/2020\/11\/louis-2.jpg\",\"contentUrl\":\"https:\/\/tourtravelandmore.com\/wp-content\/uploads\/2020\/11\/louis-2.jpg\",\"width\":2272,\"height\":1704},{\"@type\":\"BreadcrumbList\",\"@id\":\"https:\/\/tourtravelandmore.com\/es\/tours\/eeuu-es\/st-louis-es\/st-louis-actividades-es\/tour-privado-a-pie-por-san-louis\/#breadcrumb\",\"itemListElement\":[{\"@type\":\"ListItem\",\"position\":1,\"name\":\"Home\",\"item\":\"https:\/\/tourtravelandmore.com\/es\/\"},{\"@type\":\"ListItem\",\"position\":2,\"name\":\"Tours\",\"item\":\"https:\/\/tourtravelandmore.com\/es\/tours\/\"},{\"@type\":\"ListItem\",\"position\":3,\"name\":\"Tour Privado a pie por San Louis\"}]},{\"@type\":\"WebSite\",\"@id\":\"https:\/\/tourtravelandmore.com\/es\/#website\",\"url\":\"https:\/\/tourtravelandmore.com\/es\/\",\"name\":\"Tour Travel And More\",\"description\":\"Private sightseeing tours and luxury transfers in Spain\",\"publisher\":{\"@id\":\"https:\/\/tourtravelandmore.com\/es\/#organization\"},\"potentialAction\":[{\"@type\":\"SearchAction\",\"target\":{\"@type\":\"EntryPoint\",\"urlTemplate\":\"https:\/\/tourtravelandmore.com\/es\/?s={search_term_string}\"},\"query-input\":{\"@type\":\"PropertyValueSpecification\",\"valueRequired\":true,\"valueName\":\"search_term_string\"}}],\"inLanguage\":\"es\"},{\"@type\":\"Organization\",\"@id\":\"https:\/\/tourtravelandmore.com\/es\/#organization\",\"name\":\"Tour Travel And More\",\"url\":\"https:\/\/tourtravelandmore.com\/es\/\",\"logo\":{\"@type\":\"ImageObject\",\"inLanguage\":\"es\",\"@id\":\"https:\/\/tourtravelandmore.com\/es\/#\/schema\/logo\/image\/\",\"url\":\"https:\/\/tourtravelandmore.com\/wp-content\/uploads\/2022\/12\/cropped-logo-cabecera-new.png\",\"contentUrl\":\"https:\/\/tourtravelandmore.com\/wp-content\/uploads\/2022\/12\/cropped-logo-cabecera-new.png\",\"width\":430,\"height\":61,\"caption\":\"Tour Travel And More\"},\"image\":{\"@id\":\"https:\/\/tourtravelandmore.com\/es\/#\/schema\/logo\/image\/\"},\"sameAs\":[\"https:\/\/www.facebook.com\/tourtravelandmore\/\",\"https:\/\/x.com\/TourTravel_More\"]}]}<\/script>\n<!-- \/ Yoast SEO Premium plugin. -->","yoast_head_json":{"title":"Tour Privado a pie por San Louis con gu\u00eda oficial local","description":"\u2192 Acomp\u00e1\u00f1enos en este Tour Privado a pie por San Louis y conozca los rincones de la ciudad junto a un gu\u00eda oficial privado \u2705","robots":{"index":"index","follow":"follow","max-snippet":"max-snippet:-1","max-image-preview":"max-image-preview:large","max-video-preview":"max-video-preview:-1"},"canonical":"https:\/\/tourtravelandmore.com\/es\/tours\/eeuu-es\/st-louis-es\/st-louis-actividades-es\/tour-privado-a-pie-por-san-louis\/","og_locale":"es_ES","og_type":"article","og_title":"Tour Privado a pie por San Louis","og_description":"\u2192 Acomp\u00e1\u00f1enos en este Tour Privado a pie por San Louis y conozca los rincones de la ciudad junto a un gu\u00eda oficial privado \u2705","og_url":"https:\/\/tourtravelandmore.com\/es\/tours\/eeuu-es\/st-louis-es\/st-louis-actividades-es\/tour-privado-a-pie-por-san-louis\/","og_site_name":"Tour Travel And More","article_publisher":"https:\/\/www.facebook.com\/tourtravelandmore\/","article_modified_time":"2021-09-13T09:31:05+00:00","og_image":[{"width":2272,"height":1704,"url":"https:\/\/tourtravelandmore.com\/wp-content\/uploads\/2020\/11\/louis-2.jpg","type":"image\/jpeg"}],"twitter_card":"summary_large_image","twitter_site":"@TourTravel_More","twitter_misc":{"Tiempo de lectura":"2 minutos"},"schema":{"@context":"https:\/\/schema.org","@graph":[{"@type":"WebPage","@id":"https:\/\/tourtravelandmore.com\/es\/tours\/eeuu-es\/st-louis-es\/st-louis-actividades-es\/tour-privado-a-pie-por-san-louis\/","url":"https:\/\/tourtravelandmore.com\/es\/tours\/eeuu-es\/st-louis-es\/st-louis-actividades-es\/tour-privado-a-pie-por-san-louis\/","name":"Tour Privado a pie por San Louis con gu\u00eda oficial local","isPartOf":{"@id":"https:\/\/tourtravelandmore.com\/es\/#website"},"primaryImageOfPage":{"@id":"https:\/\/tourtravelandmore.com\/es\/tours\/eeuu-es\/st-louis-es\/st-louis-actividades-es\/tour-privado-a-pie-por-san-louis\/#primaryimage"},"image":{"@id":"https:\/\/tourtravelandmore.com\/es\/tours\/eeuu-es\/st-louis-es\/st-louis-actividades-es\/tour-privado-a-pie-por-san-louis\/#primaryimage"},"thumbnailUrl":"https:\/\/tourtravelandmore.com\/wp-content\/uploads\/2020\/11\/louis-2.jpg","datePublished":"2020-11-26T08:55:12+00:00","dateModified":"2021-09-13T09:31:05+00:00","description":"\u2192 Acomp\u00e1\u00f1enos en este Tour Privado a pie por San Louis y conozca los rincones de la ciudad junto a un gu\u00eda oficial privado \u2705","breadcrumb":{"@id":"https:\/\/tourtravelandmore.com\/es\/tours\/eeuu-es\/st-louis-es\/st-louis-actividades-es\/tour-privado-a-pie-por-san-louis\/#breadcrumb"},"inLanguage":"es","potentialAction":[{"@type":"ReadAction","target":["https:\/\/tourtravelandmore.com\/es\/tours\/eeuu-es\/st-louis-es\/st-louis-actividades-es\/tour-privado-a-pie-por-san-louis\/"]}]},{"@type":"ImageObject","inLanguage":"es","@id":"https:\/\/tourtravelandmore.com\/es\/tours\/eeuu-es\/st-louis-es\/st-louis-actividades-es\/tour-privado-a-pie-por-san-louis\/#primaryimage","url":"https:\/\/tourtravelandmore.com\/wp-content\/uploads\/2020\/11\/louis-2.jpg","contentUrl":"https:\/\/tourtravelandmore.com\/wp-content\/uploads\/2020\/11\/louis-2.jpg","width":2272,"height":1704},{"@type":"BreadcrumbList","@id":"https:\/\/tourtravelandmore.com\/es\/tours\/eeuu-es\/st-louis-es\/st-louis-actividades-es\/tour-privado-a-pie-por-san-louis\/#breadcrumb","itemListElement":[{"@type":"ListItem","position":1,"name":"Home","item":"https:\/\/tourtravelandmore.com\/es\/"},{"@type":"ListItem","position":2,"name":"Tours","item":"https:\/\/tourtravelandmore.com\/es\/tours\/"},{"@type":"ListItem","position":3,"name":"Tour Privado a pie por San Louis"}]},{"@type":"WebSite","@id":"https:\/\/tourtravelandmore.com\/es\/#website","url":"https:\/\/tourtravelandmore.com\/es\/","name":"Tour Travel And More","description":"Private sightseeing tours and luxury transfers in Spain","publisher":{"@id":"https:\/\/tourtravelandmore.com\/es\/#organization"},"potentialAction":[{"@type":"SearchAction","target":{"@type":"EntryPoint","urlTemplate":"https:\/\/tourtravelandmore.com\/es\/?s={search_term_string}"},"query-input":{"@type":"PropertyValueSpecification","valueRequired":true,"valueName":"search_term_string"}}],"inLanguage":"es"},{"@type":"Organization","@id":"https:\/\/tourtravelandmore.com\/es\/#organization","name":"Tour Travel And More","url":"https:\/\/tourtravelandmore.com\/es\/","logo":{"@type":"ImageObject","inLanguage":"es","@id":"https:\/\/tourtravelandmore.com\/es\/#\/schema\/logo\/image\/","url":"https:\/\/tourtravelandmore.com\/wp-content\/uploads\/2022\/12\/cropped-logo-cabecera-new.png","contentUrl":"https:\/\/tourtravelandmore.com\/wp-content\/uploads\/2022\/12\/cropped-logo-cabecera-new.png","width":430,"height":61,"caption":"Tour Travel And More"},"image":{"@id":"https:\/\/tourtravelandmore.com\/es\/#\/schema\/logo\/image\/"},"sameAs":["https:\/\/www.facebook.com\/tourtravelandmore\/","https:\/\/x.com\/TourTravel_More"]}]}},"_links":{"self":[{"href":"https:\/\/tourtravelandmore.com\/es\/wp-json\/wp\/v2\/product\/88059","targetHints":{"allow":["GET"]}}],"collection":[{"href":"https:\/\/tourtravelandmore.com\/es\/wp-json\/wp\/v2\/product"}],"about":[{"href":"https:\/\/tourtravelandmore.com\/es\/wp-json\/wp\/v2\/types\/product"}],"replies":[{"embeddable":true,"href":"https:\/\/tourtravelandmore.com\/es\/wp-json\/wp\/v2\/comments?post=88059"}],"wp:featuredmedia":[{"embeddable":true,"href":"https:\/\/tourtravelandmore.com\/es\/wp-json\/wp\/v2\/media\/88072"}],"wp:attachment":[{"href":"https:\/\/tourtravelandmore.com\/es\/wp-json\/wp\/v2\/media?parent=88059"}],"wp:term":[{"taxonomy":"product_brand","embeddable":true,"href":"https:\/\/tourtravelandmore.com\/es\/wp-json\/wp\/v2\/product_brand?post=88059"},{"taxonomy":"product_cat","embeddable":true,"href":"https:\/\/tourtravelandmore.com\/es\/wp-json\/wp\/v2\/product_cat?post=88059"},{"taxonomy":"product_tag","embeddable":true,"href":"https:\/\/tourtravelandmore.com\/es\/wp-json\/wp\/v2\/product_tag?post=88059"}],"curies":[{"name":"wp","href":"https:\/\/api.w.org\/{rel}","templated":true}]}}