{"id":88001,"date":"2020-11-25T11:44:50","date_gmt":"2020-11-25T10:44:51","guid":{"rendered":"https:\/\/tourtravelandmore.com\/?post_type=product&#038;p=88001"},"modified":"2021-08-09T13:37:34","modified_gmt":"2021-08-09T11:37:34","slug":"tour-privado-a-louisville-desde-indianapolis","status":"publish","type":"product","link":"https:\/\/tourtravelandmore.com\/es\/tours\/eeuu-es\/indianapolis-es\/indianapolis-actividades-es\/tour-privado-a-louisville-desde-indianapolis\/","title":{"rendered":"Tour Privado a Louisville desde Indian\u00e1polis"},"content":{"rendered":"<h2 id=\"tw-target-text\" class=\"tw-data-text tw-text-large XcVN5d tw-ta\" dir=\"ltr\" data-placeholder=\"Traducci\u00f3n\"><span lang=\"es\">Descripci\u00f3n del Tour Privado a Louisville desde Indian\u00e1polis<\/span><\/h2>\n<p>\u00bfHas estado alguna vez en Louisville?, si no has estado o quieres volver a visitarlo, \u00a1esta es la ocasi\u00f3n perfecta!. Ven con nosotros en este <strong>tour privado a Louisville desde Indian\u00e1polis<\/strong> en un <strong>veh\u00edculo privado de lujo con conductor<\/strong>. Despu\u00e9s de un viaje de aproximadamente una hora y cincuenta minutos, se encontrar\u00e1 con su <strong>gu\u00eda tur\u00edstico local oficial<\/strong>.<\/p>\n<p>Lo recogeremos en su hotel o lugar de elecci\u00f3n en Indian\u00e1polis. Como se trata de un tour privado y personalizado, puede elegir la hora de inicio de su excursi\u00f3n.<\/p>\n<p><strong>Louisville<\/strong> es la ciudad m\u00e1s grande del estado de Kentucky y se encuentra a orillas del r\u00edo Ohio, justo en la frontera con Indiana. Esta ciudad recibe a los visitantes con aut\u00e9nticas experiencias regionales y tradicionales y, por supuesto, con esa especial hospitalidad sure\u00f1a. Es un lugar muy agradable para pasear y disfrutar de sus hermosos parques y la orilla del r\u00edo.<\/p>\n<p>Te invitamos a este tour privado a Louisville desde Indian\u00e1polis que cr\u00e9anos, no te arrepentir\u00e1s. Disfrutar\u00e1s de un tour de d\u00eda completo lleno de aventuras y buenos recuerdos de tus vacaciones.<\/p>\n<h2 class=\"tw-data-text tw-text-large XcVN5d tw-ta\" dir=\"ltr\" data-placeholder=\"Traducci\u00f3n\">Puntos de inter\u00e9s en <span lang=\"es\">Louisville<\/span><\/h2>\n<p>Su primer contacto con <strong>Tour Travel &amp; More<\/strong> ser\u00e1 en su hotel o lugar de elecci\u00f3n en Indian\u00e1polis. <span class=\"JLqJ4b ChMk0b\" data-language-for-alternatives=\"es\" data-language-to-translate-into=\"en\" data-phrase-index=\"1\">Su conductor privado lo recoger\u00e1 y luego lo llevar\u00e1 hacia Louisville. <\/span><\/p>\n<p><span class=\"JLqJ4b ChMk0b\" data-language-for-alternatives=\"es\" data-language-to-translate-into=\"en\" data-phrase-index=\"1\"><span class=\"JLqJ4b\" data-language-for-alternatives=\"es\" data-language-to-translate-into=\"en\" data-phrase-index=\"2\">Una vez en <strong>Louisville<\/strong>, se reunir\u00e1 con un gu\u00eda tur\u00edstico local para una visita guiada de 3 horas, donde visitar\u00e1 los aspectos m\u00e1s destacados de la ciudad. Prep\u00e1rate para indagar sobre la cultura y las ra\u00edces de esta hermosa ciudad que nunca deja de sorprender. <\/span><\/span><\/p>\n<p><span class=\"JLqJ4b ChMk0b\" data-language-for-alternatives=\"es\" data-language-to-translate-into=\"en\" data-phrase-index=\"1\"><span class=\"JLqJ4b\" data-language-for-alternatives=\"es\" data-language-to-translate-into=\"en\" data-phrase-index=\"2\">Durante este tour privado podr\u00e1s visitar:<\/span><\/span><\/p>\n<ul>\n<li><strong>Universidad de Louisville <\/strong><\/li>\n<li><strong><span class=\"JLqJ4b\" data-language-for-alternatives=\"es\" data-language-to-translate-into=\"en\" data-phrase-index=\"1\"><span class=\"JLqJ4b ChMk0b\" data-language-for-alternatives=\"es\" data-language-to-translate-into=\"en\" data-phrase-index=\"2\">Churchill Downs <\/span><\/span><\/strong><\/li>\n<li><a href=\"https:\/\/www.sluggermuseum.com\"><span class=\"JLqJ4b\" data-language-for-alternatives=\"es\" data-language-to-translate-into=\"en\" data-phrase-index=\"1\"><span class=\"JLqJ4b ChMk0b\" data-language-for-alternatives=\"es\" data-language-to-translate-into=\"en\" data-phrase-index=\"2\">Museo y f\u00e1brica de Louisville Slugger <\/span><\/span><\/a><\/li>\n<li><strong><span class=\"JLqJ4b\" data-language-for-alternatives=\"es\" data-language-to-translate-into=\"en\" data-phrase-index=\"1\"><span class=\"JLqJ4b ChMk0b\" data-language-for-alternatives=\"es\" data-language-to-translate-into=\"en\" data-phrase-index=\"2\">Museo Casa Conrad-Caldwell <\/span><\/span><\/strong><\/li>\n<li><strong><span class=\"JLqJ4b\" data-language-for-alternatives=\"es\" data-language-to-translate-into=\"en\" data-phrase-index=\"1\"><span class=\"JLqJ4b ChMk0b\" data-language-for-alternatives=\"es\" data-language-to-translate-into=\"en\" data-phrase-index=\"2\">Centro de Ciencias de Kentucky <\/span><\/span><\/strong><\/li>\n<li><strong><span class=\"JLqJ4b\" data-language-for-alternatives=\"es\" data-language-to-translate-into=\"en\" data-phrase-index=\"1\"><span class=\"JLqJ4b ChMk0b\" data-language-for-alternatives=\"es\" data-language-to-translate-into=\"en\" data-phrase-index=\"2\">Iglesia cat\u00f3lica de San Jos\u00e9 <\/span><\/span><\/strong><\/li>\n<li><strong><span class=\"JLqJ4b\" data-language-for-alternatives=\"es\" data-language-to-translate-into=\"en\" data-phrase-index=\"1\"><span class=\"JLqJ4b ChMk0b\" data-language-for-alternatives=\"es\" data-language-to-translate-into=\"en\" data-phrase-index=\"2\">Parque de campeones de Louisville <\/span><\/span><\/strong><\/li>\n<li><strong><span class=\"JLqJ4b\" data-language-for-alternatives=\"es\" data-language-to-translate-into=\"en\" data-phrase-index=\"1\"><span class=\"JLqJ4b ChMk0b\" data-language-for-alternatives=\"es\" data-language-to-translate-into=\"en\" data-phrase-index=\"2\">Centro Muhammad Ali <\/span><\/span><\/strong><\/li>\n<li><strong><span class=\"JLqJ4b\" data-language-for-alternatives=\"es\" data-language-to-translate-into=\"en\" data-phrase-index=\"1\"><span class=\"JLqJ4b ChMk0b\" data-language-for-alternatives=\"es\" data-language-to-translate-into=\"en\" data-phrase-index=\"2\">Parque Waterfront <\/span><\/span><\/strong><\/li>\n<li><strong><span class=\"JLqJ4b\" data-language-for-alternatives=\"es\" data-language-to-translate-into=\"en\" data-phrase-index=\"1\"><span class=\"JLqJ4b ChMk0b\" data-language-for-alternatives=\"es\" data-language-to-translate-into=\"en\" data-phrase-index=\"2\">Jardines bot\u00e1nicos <\/span><\/span><\/strong><\/li>\n<li><strong><span class=\"JLqJ4b\" data-language-for-alternatives=\"es\" data-language-to-translate-into=\"en\" data-phrase-index=\"1\"><span class=\"JLqJ4b ChMk0b\" data-language-for-alternatives=\"es\" data-language-to-translate-into=\"en\" data-phrase-index=\"2\">Caminata por la orilla del r\u00edo<\/span><\/span><\/strong><\/li>\n<li><strong><span class=\"JLqJ4b\" data-language-for-alternatives=\"es\" data-language-to-translate-into=\"en\" data-phrase-index=\"1\"><span class=\"JLqJ4b ChMk0b\" data-language-for-alternatives=\"es\" data-language-to-translate-into=\"en\" data-phrase-index=\"2\"> \u00a1Y mucho m\u00e1s!<\/span><\/span><\/strong><\/li>\n<\/ul>\n<p>Por supuesto, durante este tour privado de d\u00eda completo, har\u00e1s una parada para almorzar y degustar un plato t\u00edpico de la ciudad. <span class=\"JLqJ4b ChMk0b\" data-language-for-alternatives=\"es\" data-language-to-translate-into=\"en\" data-phrase-index=\"1\">En caso de que est\u00e9 interesado, podemos hacer una reserva para usted en un lindo restaurante.<\/span><\/p>\n<p><span class=\"JLqJ4b ChMk0b\" data-language-for-alternatives=\"es\" data-language-to-translate-into=\"en\" data-phrase-index=\"1\"><span class=\"JLqJ4b\" data-language-for-alternatives=\"es\" data-language-to-translate-into=\"en\" data-phrase-index=\"2\">Finalmente, despu\u00e9s de un d\u00eda lleno de diversi\u00f3n, su conductor privado lo llevar\u00e1 de regreso a su hotel o lugar de elecci\u00f3n en Indian\u00e1polis. <\/span><\/span><\/p>\n<p><span class=\"JLqJ4b ChMk0b\" data-language-for-alternatives=\"es\" data-language-to-translate-into=\"en\" data-phrase-index=\"1\"><span class=\"JLqJ4b\" data-language-for-alternatives=\"es\" data-language-to-translate-into=\"en\" data-phrase-index=\"2\">\u00a1No olvides ver nuestra l<a href=\"https:\/\/tourtravelandmore.com\/es\/ciudad\/eeuu-es\/indianapolis-es\/\">ista de productos privados en y desde Indian\u00e1polis<\/a>, para que puedas elegir tu mejor opci\u00f3n!.<\/span><\/span><\/p>\n<div id=\"gtx-trans\" style=\"position: absolute; left: 38px; top: 879.625px;\">\n<div class=\"gtx-trans-icon\"><\/div>\n<\/div>\n","protected":false},"excerpt":{"rendered":"<p>Aproveche a visitar una ciudad incre\u00edble que combina tradici\u00f3n y cultura con una arquitectura moderna y hermosa, \u00a1s\u00ed!, \u00a1estamos hablando de Louisville!. <span class=\"JLqJ4b ChMk0b\" data-language-for-alternatives=\"es\" data-language-to-translate-into=\"en\" data-phrase-index=\"1\">Ven con nosotros desde <strong>Indian\u00e1polis en un veh\u00edculo privado de lujo con conductor.<\/strong><\/span><\/p>\n","protected":false},"featured_media":88033,"comment_status":"open","ping_status":"closed","template":"","meta":{"_acf_changed":false},"product_brand":[],"product_cat":[1602,3103,3106,3109],"product_tag":[],"class_list":{"0":"post-88001","1":"product","2":"type-product","3":"status-publish","4":"has-post-thumbnail","6":"product_cat-eeuu-es","7":"product_cat-indianapolis-es","8":"product_cat-indianapolis-actividades-es","9":"product_cat-indianapolis-tours-privados-es","11":"first","12":"instock","13":"shipping-taxable","14":"purchasable","15":"product-type-simple"},"acf":[],"yoast_head":"<!-- This site is optimized with the Yoast SEO Premium plugin v25.3.1 (Yoast SEO v25.3.1) - https:\/\/yoast.com\/wordpress\/plugins\/seo\/ -->\n<title>Tour Privado a Louisville desde Indian\u00e1polis con gu\u00eda local | TTM<\/title>\n<meta name=\"description\" content=\"\u2192 Reserve este Tour Privado a Louisville desde Indian\u00e1polis comodamente en un veh\u00edculo privado de lujo con chofer y gu\u00eda oficial privado \u2705\" \/>\n<meta name=\"robots\" content=\"index, follow, max-snippet:-1, max-image-preview:large, max-video-preview:-1\" \/>\n<link rel=\"canonical\" href=\"https:\/\/tourtravelandmore.com\/es\/tours\/eeuu-es\/indianapolis-es\/indianapolis-actividades-es\/tour-privado-a-louisville-desde-indianapolis\/\" \/>\n<meta property=\"og:locale\" content=\"es_ES\" \/>\n<meta property=\"og:type\" content=\"article\" \/>\n<meta property=\"og:title\" content=\"Tour Privado a Louisville desde Indian\u00e1polis\" \/>\n<meta property=\"og:description\" content=\"\u2192 Reserve este Tour Privado a Louisville desde Indian\u00e1polis comodamente en un veh\u00edculo privado de lujo con chofer y gu\u00eda oficial privado \u2705\" \/>\n<meta property=\"og:url\" content=\"https:\/\/tourtravelandmore.com\/es\/tours\/eeuu-es\/indianapolis-es\/indianapolis-actividades-es\/tour-privado-a-louisville-desde-indianapolis\/\" \/>\n<meta property=\"og:site_name\" content=\"Tour Travel And More\" \/>\n<meta property=\"article:publisher\" content=\"https:\/\/www.facebook.com\/tourtravelandmore\/\" \/>\n<meta property=\"article:modified_time\" content=\"2021-08-09T11:37:34+00:00\" \/>\n<meta property=\"og:image\" content=\"https:\/\/tourtravelandmore.com\/wp-content\/uploads\/2020\/11\/louisville-6.jpg\" \/>\n\t<meta property=\"og:image:width\" content=\"1280\" \/>\n\t<meta property=\"og:image:height\" content=\"960\" \/>\n\t<meta property=\"og:image:type\" content=\"image\/jpeg\" \/>\n<meta name=\"twitter:card\" content=\"summary_large_image\" \/>\n<meta name=\"twitter:site\" content=\"@TourTravel_More\" \/>\n<meta name=\"twitter:label1\" content=\"Tiempo de lectura\" \/>\n\t<meta name=\"twitter:data1\" content=\"2 minutos\" \/>\n<script type=\"application\/ld+json\" class=\"yoast-schema-graph\">{\"@context\":\"https:\/\/schema.org\",\"@graph\":[{\"@type\":\"WebPage\",\"@id\":\"https:\/\/tourtravelandmore.com\/es\/tours\/eeuu-es\/indianapolis-es\/indianapolis-actividades-es\/tour-privado-a-louisville-desde-indianapolis\/\",\"url\":\"https:\/\/tourtravelandmore.com\/es\/tours\/eeuu-es\/indianapolis-es\/indianapolis-actividades-es\/tour-privado-a-louisville-desde-indianapolis\/\",\"name\":\"Tour Privado a Louisville desde Indian\u00e1polis con gu\u00eda local | TTM\",\"isPartOf\":{\"@id\":\"https:\/\/tourtravelandmore.com\/es\/#website\"},\"primaryImageOfPage\":{\"@id\":\"https:\/\/tourtravelandmore.com\/es\/tours\/eeuu-es\/indianapolis-es\/indianapolis-actividades-es\/tour-privado-a-louisville-desde-indianapolis\/#primaryimage\"},\"image\":{\"@id\":\"https:\/\/tourtravelandmore.com\/es\/tours\/eeuu-es\/indianapolis-es\/indianapolis-actividades-es\/tour-privado-a-louisville-desde-indianapolis\/#primaryimage\"},\"thumbnailUrl\":\"https:\/\/tourtravelandmore.com\/wp-content\/uploads\/2020\/11\/louisville-6.jpg\",\"datePublished\":\"2020-11-25T10:44:51+00:00\",\"dateModified\":\"2021-08-09T11:37:34+00:00\",\"description\":\"\u2192 Reserve este Tour Privado a Louisville desde Indian\u00e1polis comodamente en un veh\u00edculo privado de lujo con chofer y gu\u00eda oficial privado \u2705\",\"breadcrumb\":{\"@id\":\"https:\/\/tourtravelandmore.com\/es\/tours\/eeuu-es\/indianapolis-es\/indianapolis-actividades-es\/tour-privado-a-louisville-desde-indianapolis\/#breadcrumb\"},\"inLanguage\":\"es\",\"potentialAction\":[{\"@type\":\"ReadAction\",\"target\":[\"https:\/\/tourtravelandmore.com\/es\/tours\/eeuu-es\/indianapolis-es\/indianapolis-actividades-es\/tour-privado-a-louisville-desde-indianapolis\/\"]}]},{\"@type\":\"ImageObject\",\"inLanguage\":\"es\",\"@id\":\"https:\/\/tourtravelandmore.com\/es\/tours\/eeuu-es\/indianapolis-es\/indianapolis-actividades-es\/tour-privado-a-louisville-desde-indianapolis\/#primaryimage\",\"url\":\"https:\/\/tourtravelandmore.com\/wp-content\/uploads\/2020\/11\/louisville-6.jpg\",\"contentUrl\":\"https:\/\/tourtravelandmore.com\/wp-content\/uploads\/2020\/11\/louisville-6.jpg\",\"width\":1280,\"height\":960},{\"@type\":\"BreadcrumbList\",\"@id\":\"https:\/\/tourtravelandmore.com\/es\/tours\/eeuu-es\/indianapolis-es\/indianapolis-actividades-es\/tour-privado-a-louisville-desde-indianapolis\/#breadcrumb\",\"itemListElement\":[{\"@type\":\"ListItem\",\"position\":1,\"name\":\"Home\",\"item\":\"https:\/\/tourtravelandmore.com\/es\/\"},{\"@type\":\"ListItem\",\"position\":2,\"name\":\"Tours\",\"item\":\"https:\/\/tourtravelandmore.com\/es\/tours\/\"},{\"@type\":\"ListItem\",\"position\":3,\"name\":\"Tour Privado a Louisville desde Indian\u00e1polis\"}]},{\"@type\":\"WebSite\",\"@id\":\"https:\/\/tourtravelandmore.com\/es\/#website\",\"url\":\"https:\/\/tourtravelandmore.com\/es\/\",\"name\":\"Tour Travel And More\",\"description\":\"Private sightseeing tours and luxury transfers in Spain\",\"publisher\":{\"@id\":\"https:\/\/tourtravelandmore.com\/es\/#organization\"},\"potentialAction\":[{\"@type\":\"SearchAction\",\"target\":{\"@type\":\"EntryPoint\",\"urlTemplate\":\"https:\/\/tourtravelandmore.com\/es\/?s={search_term_string}\"},\"query-input\":{\"@type\":\"PropertyValueSpecification\",\"valueRequired\":true,\"valueName\":\"search_term_string\"}}],\"inLanguage\":\"es\"},{\"@type\":\"Organization\",\"@id\":\"https:\/\/tourtravelandmore.com\/es\/#organization\",\"name\":\"Tour Travel And More\",\"url\":\"https:\/\/tourtravelandmore.com\/es\/\",\"logo\":{\"@type\":\"ImageObject\",\"inLanguage\":\"es\",\"@id\":\"https:\/\/tourtravelandmore.com\/es\/#\/schema\/logo\/image\/\",\"url\":\"https:\/\/tourtravelandmore.com\/wp-content\/uploads\/2022\/12\/cropped-logo-cabecera-new.png\",\"contentUrl\":\"https:\/\/tourtravelandmore.com\/wp-content\/uploads\/2022\/12\/cropped-logo-cabecera-new.png\",\"width\":430,\"height\":61,\"caption\":\"Tour Travel And More\"},\"image\":{\"@id\":\"https:\/\/tourtravelandmore.com\/es\/#\/schema\/logo\/image\/\"},\"sameAs\":[\"https:\/\/www.facebook.com\/tourtravelandmore\/\",\"https:\/\/x.com\/TourTravel_More\"]}]}<\/script>\n<!-- \/ Yoast SEO Premium plugin. -->","yoast_head_json":{"title":"Tour Privado a Louisville desde Indian\u00e1polis con gu\u00eda local | TTM","description":"\u2192 Reserve este Tour Privado a Louisville desde Indian\u00e1polis comodamente en un veh\u00edculo privado de lujo con chofer y gu\u00eda oficial privado \u2705","robots":{"index":"index","follow":"follow","max-snippet":"max-snippet:-1","max-image-preview":"max-image-preview:large","max-video-preview":"max-video-preview:-1"},"canonical":"https:\/\/tourtravelandmore.com\/es\/tours\/eeuu-es\/indianapolis-es\/indianapolis-actividades-es\/tour-privado-a-louisville-desde-indianapolis\/","og_locale":"es_ES","og_type":"article","og_title":"Tour Privado a Louisville desde Indian\u00e1polis","og_description":"\u2192 Reserve este Tour Privado a Louisville desde Indian\u00e1polis comodamente en un veh\u00edculo privado de lujo con chofer y gu\u00eda oficial privado \u2705","og_url":"https:\/\/tourtravelandmore.com\/es\/tours\/eeuu-es\/indianapolis-es\/indianapolis-actividades-es\/tour-privado-a-louisville-desde-indianapolis\/","og_site_name":"Tour Travel And More","article_publisher":"https:\/\/www.facebook.com\/tourtravelandmore\/","article_modified_time":"2021-08-09T11:37:34+00:00","og_image":[{"width":1280,"height":960,"url":"https:\/\/tourtravelandmore.com\/wp-content\/uploads\/2020\/11\/louisville-6.jpg","type":"image\/jpeg"}],"twitter_card":"summary_large_image","twitter_site":"@TourTravel_More","twitter_misc":{"Tiempo de lectura":"2 minutos"},"schema":{"@context":"https:\/\/schema.org","@graph":[{"@type":"WebPage","@id":"https:\/\/tourtravelandmore.com\/es\/tours\/eeuu-es\/indianapolis-es\/indianapolis-actividades-es\/tour-privado-a-louisville-desde-indianapolis\/","url":"https:\/\/tourtravelandmore.com\/es\/tours\/eeuu-es\/indianapolis-es\/indianapolis-actividades-es\/tour-privado-a-louisville-desde-indianapolis\/","name":"Tour Privado a Louisville desde Indian\u00e1polis con gu\u00eda local | TTM","isPartOf":{"@id":"https:\/\/tourtravelandmore.com\/es\/#website"},"primaryImageOfPage":{"@id":"https:\/\/tourtravelandmore.com\/es\/tours\/eeuu-es\/indianapolis-es\/indianapolis-actividades-es\/tour-privado-a-louisville-desde-indianapolis\/#primaryimage"},"image":{"@id":"https:\/\/tourtravelandmore.com\/es\/tours\/eeuu-es\/indianapolis-es\/indianapolis-actividades-es\/tour-privado-a-louisville-desde-indianapolis\/#primaryimage"},"thumbnailUrl":"https:\/\/tourtravelandmore.com\/wp-content\/uploads\/2020\/11\/louisville-6.jpg","datePublished":"2020-11-25T10:44:51+00:00","dateModified":"2021-08-09T11:37:34+00:00","description":"\u2192 Reserve este Tour Privado a Louisville desde Indian\u00e1polis comodamente en un veh\u00edculo privado de lujo con chofer y gu\u00eda oficial privado \u2705","breadcrumb":{"@id":"https:\/\/tourtravelandmore.com\/es\/tours\/eeuu-es\/indianapolis-es\/indianapolis-actividades-es\/tour-privado-a-louisville-desde-indianapolis\/#breadcrumb"},"inLanguage":"es","potentialAction":[{"@type":"ReadAction","target":["https:\/\/tourtravelandmore.com\/es\/tours\/eeuu-es\/indianapolis-es\/indianapolis-actividades-es\/tour-privado-a-louisville-desde-indianapolis\/"]}]},{"@type":"ImageObject","inLanguage":"es","@id":"https:\/\/tourtravelandmore.com\/es\/tours\/eeuu-es\/indianapolis-es\/indianapolis-actividades-es\/tour-privado-a-louisville-desde-indianapolis\/#primaryimage","url":"https:\/\/tourtravelandmore.com\/wp-content\/uploads\/2020\/11\/louisville-6.jpg","contentUrl":"https:\/\/tourtravelandmore.com\/wp-content\/uploads\/2020\/11\/louisville-6.jpg","width":1280,"height":960},{"@type":"BreadcrumbList","@id":"https:\/\/tourtravelandmore.com\/es\/tours\/eeuu-es\/indianapolis-es\/indianapolis-actividades-es\/tour-privado-a-louisville-desde-indianapolis\/#breadcrumb","itemListElement":[{"@type":"ListItem","position":1,"name":"Home","item":"https:\/\/tourtravelandmore.com\/es\/"},{"@type":"ListItem","position":2,"name":"Tours","item":"https:\/\/tourtravelandmore.com\/es\/tours\/"},{"@type":"ListItem","position":3,"name":"Tour Privado a Louisville desde Indian\u00e1polis"}]},{"@type":"WebSite","@id":"https:\/\/tourtravelandmore.com\/es\/#website","url":"https:\/\/tourtravelandmore.com\/es\/","name":"Tour Travel And More","description":"Private sightseeing tours and luxury transfers in Spain","publisher":{"@id":"https:\/\/tourtravelandmore.com\/es\/#organization"},"potentialAction":[{"@type":"SearchAction","target":{"@type":"EntryPoint","urlTemplate":"https:\/\/tourtravelandmore.com\/es\/?s={search_term_string}"},"query-input":{"@type":"PropertyValueSpecification","valueRequired":true,"valueName":"search_term_string"}}],"inLanguage":"es"},{"@type":"Organization","@id":"https:\/\/tourtravelandmore.com\/es\/#organization","name":"Tour Travel And More","url":"https:\/\/tourtravelandmore.com\/es\/","logo":{"@type":"ImageObject","inLanguage":"es","@id":"https:\/\/tourtravelandmore.com\/es\/#\/schema\/logo\/image\/","url":"https:\/\/tourtravelandmore.com\/wp-content\/uploads\/2022\/12\/cropped-logo-cabecera-new.png","contentUrl":"https:\/\/tourtravelandmore.com\/wp-content\/uploads\/2022\/12\/cropped-logo-cabecera-new.png","width":430,"height":61,"caption":"Tour Travel And More"},"image":{"@id":"https:\/\/tourtravelandmore.com\/es\/#\/schema\/logo\/image\/"},"sameAs":["https:\/\/www.facebook.com\/tourtravelandmore\/","https:\/\/x.com\/TourTravel_More"]}]}},"_links":{"self":[{"href":"https:\/\/tourtravelandmore.com\/es\/wp-json\/wp\/v2\/product\/88001","targetHints":{"allow":["GET"]}}],"collection":[{"href":"https:\/\/tourtravelandmore.com\/es\/wp-json\/wp\/v2\/product"}],"about":[{"href":"https:\/\/tourtravelandmore.com\/es\/wp-json\/wp\/v2\/types\/product"}],"replies":[{"embeddable":true,"href":"https:\/\/tourtravelandmore.com\/es\/wp-json\/wp\/v2\/comments?post=88001"}],"wp:featuredmedia":[{"embeddable":true,"href":"https:\/\/tourtravelandmore.com\/es\/wp-json\/wp\/v2\/media\/88033"}],"wp:attachment":[{"href":"https:\/\/tourtravelandmore.com\/es\/wp-json\/wp\/v2\/media?parent=88001"}],"wp:term":[{"taxonomy":"product_brand","embeddable":true,"href":"https:\/\/tourtravelandmore.com\/es\/wp-json\/wp\/v2\/product_brand?post=88001"},{"taxonomy":"product_cat","embeddable":true,"href":"https:\/\/tourtravelandmore.com\/es\/wp-json\/wp\/v2\/product_cat?post=88001"},{"taxonomy":"product_tag","embeddable":true,"href":"https:\/\/tourtravelandmore.com\/es\/wp-json\/wp\/v2\/product_tag?post=88001"}],"curies":[{"name":"wp","href":"https:\/\/api.w.org\/{rel}","templated":true}]}}