{"id":880,"date":"2016-03-10T19:18:26","date_gmt":"2016-04-15T16:58:32","guid":{"rendered":"http:\/\/tourtravelandmore.com\/?post_type=product&#038;p=880&#038;lang=es"},"modified":"2023-01-21T02:11:24","modified_gmt":"2023-01-21T01:11:24","slug":"transfer-en-granada-a-cualquier-ciudad-traslados-privados-con-chofer","status":"publish","type":"product","link":"https:\/\/tourtravelandmore.com\/es\/tours\/espana-es\/granada-es\/transfer-en-granada-a-cualquier-ciudad-traslados-privados-con-chofer\/","title":{"rendered":"Transfer Privado desde\/hasta Granada a cualquier ciudad de Andaluc\u00eda"},"content":{"rendered":"<h2><strong>Descripci\u00f3n del Traslado Privado desde\/hasta Granada a cualquier ciudad de Andaluc\u00eda<\/strong><\/h2>\n<p>Le ofrecemos la manera m\u00e1s r\u00e1pida y relajante de llegar a su destino a trav\u00e9s de nuestra flota de <strong>coches privados y minivans privados<\/strong>. Tambi\u00e9n disponemos de Mini Bus y Bus. \u00a1Disfrute de una experiencia relajante sin colas!<\/p>\n<p>Ofrecemos todo tipo de <strong>traslado en Granada:<br \/>\n<\/strong><\/p>\n<ul>\n<li><strong>Recogidas en cualquier ciudad de Andalucia: Sevilla, C\u00e1diz, M\u00e1laga, Marbella, C\u00f3rdoba y muchas m\u00e1s!<\/strong><\/li>\n<li><strong>Aeropuertos<\/strong><\/li>\n<li><strong>Terminal de Cruceros<\/strong><\/li>\n<li><strong>Traslados para subir y bajar a la Alhambra<\/strong><\/li>\n<li><strong>Traslados para ir a cenar<\/strong><\/li>\n<li><strong>Mucho m\u00e1s!!!<\/strong><\/li>\n<\/ul>\n<p>Adem\u00e1s de Granada, operamos en toda Andaluc\u00eda, no dudes entre contactarnos e indicarnos si desea nuestros servicios en otras ciudades.<\/p>\n<p>La duraci\u00f3n de los Transfers en Granada depender\u00e1 del trayecto escogido. A trav\u00e9s del formulario de contacto del tour, nos puede indicar la informaci\u00f3n y nuestro equipo r\u00e1pidamente le enviar\u00e1 la informaci\u00f3n detallada.<\/p>\n<h2>Puntos de inter\u00e9s en el Traslado Privado desde\/hasta Granada a cualquier ciudad de Andaluc\u00eda<\/h2>\n<p>Granada es una ciudad emblem\u00e1tica y preciosa en Andaluc\u00eda. Tiene m\u00e1s de 237,000 habitantes. Es una ciudad preciosa con una historia incre\u00edble. Podr\u00e1 disfrutar de la preciosa Alhambra. Es un lugar emblem\u00e1tico y \u00fanico. La Alhambra asombra a cualquier persona que se acerca a ello. El casco antiguo y centro de Granada tambi\u00e9n en un \u201cmust\u201d al visitar esta ciudad. Granada cuenta con unas vistas monta\u00f1osas espectaculares.<\/p>\n<p>Ofrecemos a nuestros clientes tours privados para familias, amigos e incluso para incentivos o grupos grandes. Entendemos las necesidades de los viajeros mientras est\u00e1n de vacaciones, y hacemos todo lo posible para que su estancia sea inolvidable. Nuestra flota se compone de veh\u00edculos de lujo y nuestro personal es perfectamente multiling\u00fce. Nuestros gu\u00edas son gu\u00edas oficiales y viven en Granda y son gran conocedor de la ciudad. Nuestros gu\u00edas en Granada hablan varios idiomas: Ingl\u00e9s, Espa\u00f1ol, Franc\u00e9s, Italiano, Polaco, Holand\u00e9s, Chino, Ruso, Japon\u00e9s, Alem\u00e1n, Griego y Portugu\u00e9s.<\/p>\n<p>Puede consultar <a href=\"https:\/\/tourtravelandmore.com\/es\/ciudad\/espana-es\/granada-es\/#shop\/\"><strong>aqu\u00ed<\/strong><\/a> los tours privados que realizamos en la ciudad de Granada.<\/p>\n","protected":false},"excerpt":{"rendered":"<p>Aproveche esta oportunidad para llegar a su destino en <strong>Granada<\/strong> de la manera m\u00e1s comoda y r\u00e1pida posible.<br \/>\nOrganizamos recogidas desde su hotel, aeropuerto, estaci\u00f3n de tren o cualquier lugar de Granada.<\/p>\n<h4><\/h4>\n","protected":false},"featured_media":667,"comment_status":"open","ping_status":"closed","template":"","meta":{"_acf_changed":false},"product_brand":[],"product_cat":[82,83,87],"product_tag":[],"class_list":{"0":"post-880","1":"product","2":"type-product","3":"status-publish","4":"has-post-thumbnail","6":"product_cat-granada-es","7":"product_cat-granada-actividades-es","8":"product_cat-granada-traslados-es","10":"first","11":"instock","12":"shipping-taxable","13":"purchasable","14":"product-type-simple"},"acf":[],"yoast_head":"<!-- This site is optimized with the Yoast SEO Premium plugin v25.3.1 (Yoast SEO v25.3.1) - https:\/\/yoast.com\/wordpress\/plugins\/seo\/ -->\n<title>\u27a1\ufe0f Transfer en Granada a cualquier ciudad | Tour Travel &amp; More<\/title>\n<meta name=\"description\" content=\"Viaje de forma c\u00f3moda y segura y realiza cualquier Transfer en Granada con nosotros, operamos en toda Andalucia, Aeropuertos y Terminales de Crucero \u2705\" \/>\n<meta name=\"robots\" content=\"index, follow, max-snippet:-1, max-image-preview:large, max-video-preview:-1\" \/>\n<link rel=\"canonical\" href=\"https:\/\/tourtravelandmore.com\/es\/tours\/espana-es\/granada-es\/transfer-en-granada-a-cualquier-ciudad-traslados-privados-con-chofer\/\" \/>\n<meta property=\"og:locale\" content=\"es_ES\" \/>\n<meta property=\"og:type\" content=\"article\" \/>\n<meta property=\"og:title\" content=\"Transfer Privado desde\/hasta Granada a cualquier ciudad de Andaluc\u00eda\" \/>\n<meta property=\"og:description\" content=\"Viaje de forma c\u00f3moda y segura y realiza cualquier Transfer en Granada con nosotros, operamos en toda Andalucia, Aeropuertos y Terminales de Crucero \u2705\" \/>\n<meta property=\"og:url\" content=\"https:\/\/tourtravelandmore.com\/es\/tours\/espana-es\/granada-es\/transfer-en-granada-a-cualquier-ciudad-traslados-privados-con-chofer\/\" \/>\n<meta property=\"og:site_name\" content=\"Tour Travel And More\" \/>\n<meta property=\"article:publisher\" content=\"https:\/\/www.facebook.com\/tourtravelandmore\/\" \/>\n<meta property=\"article:modified_time\" content=\"2023-01-21T01:11:24+00:00\" \/>\n<meta property=\"og:image\" content=\"https:\/\/tourtravelandmore.com\/wp-content\/uploads\/2016\/03\/Bus-19-pax.jpg\" \/>\n\t<meta property=\"og:image:width\" content=\"640\" \/>\n\t<meta property=\"og:image:height\" content=\"458\" \/>\n\t<meta property=\"og:image:type\" content=\"image\/jpeg\" \/>\n<meta name=\"twitter:card\" content=\"summary_large_image\" \/>\n<meta name=\"twitter:site\" content=\"@TourTravel_More\" \/>\n<meta name=\"twitter:label1\" content=\"Tiempo de lectura\" \/>\n\t<meta name=\"twitter:data1\" content=\"2 minutos\" \/>\n<script type=\"application\/ld+json\" class=\"yoast-schema-graph\">{\"@context\":\"https:\/\/schema.org\",\"@graph\":[{\"@type\":\"WebPage\",\"@id\":\"https:\/\/tourtravelandmore.com\/es\/tours\/espana-es\/granada-es\/transfer-en-granada-a-cualquier-ciudad-traslados-privados-con-chofer\/\",\"url\":\"https:\/\/tourtravelandmore.com\/es\/tours\/espana-es\/granada-es\/transfer-en-granada-a-cualquier-ciudad-traslados-privados-con-chofer\/\",\"name\":\"\u27a1\ufe0f Transfer en Granada a cualquier ciudad | Tour Travel & More\",\"isPartOf\":{\"@id\":\"https:\/\/tourtravelandmore.com\/es\/#website\"},\"primaryImageOfPage\":{\"@id\":\"https:\/\/tourtravelandmore.com\/es\/tours\/espana-es\/granada-es\/transfer-en-granada-a-cualquier-ciudad-traslados-privados-con-chofer\/#primaryimage\"},\"image\":{\"@id\":\"https:\/\/tourtravelandmore.com\/es\/tours\/espana-es\/granada-es\/transfer-en-granada-a-cualquier-ciudad-traslados-privados-con-chofer\/#primaryimage\"},\"thumbnailUrl\":\"https:\/\/tourtravelandmore.com\/wp-content\/uploads\/2016\/03\/Bus-19-pax.jpg\",\"datePublished\":\"2016-04-15T16:58:32+00:00\",\"dateModified\":\"2023-01-21T01:11:24+00:00\",\"description\":\"Viaje de forma c\u00f3moda y segura y realiza cualquier Transfer en Granada con nosotros, operamos en toda Andalucia, Aeropuertos y Terminales de Crucero \u2705\",\"breadcrumb\":{\"@id\":\"https:\/\/tourtravelandmore.com\/es\/tours\/espana-es\/granada-es\/transfer-en-granada-a-cualquier-ciudad-traslados-privados-con-chofer\/#breadcrumb\"},\"inLanguage\":\"es\",\"potentialAction\":[{\"@type\":\"ReadAction\",\"target\":[\"https:\/\/tourtravelandmore.com\/es\/tours\/espana-es\/granada-es\/transfer-en-granada-a-cualquier-ciudad-traslados-privados-con-chofer\/\"]}]},{\"@type\":\"ImageObject\",\"inLanguage\":\"es\",\"@id\":\"https:\/\/tourtravelandmore.com\/es\/tours\/espana-es\/granada-es\/transfer-en-granada-a-cualquier-ciudad-traslados-privados-con-chofer\/#primaryimage\",\"url\":\"https:\/\/tourtravelandmore.com\/wp-content\/uploads\/2016\/03\/Bus-19-pax.jpg\",\"contentUrl\":\"https:\/\/tourtravelandmore.com\/wp-content\/uploads\/2016\/03\/Bus-19-pax.jpg\",\"width\":640,\"height\":458},{\"@type\":\"BreadcrumbList\",\"@id\":\"https:\/\/tourtravelandmore.com\/es\/tours\/espana-es\/granada-es\/transfer-en-granada-a-cualquier-ciudad-traslados-privados-con-chofer\/#breadcrumb\",\"itemListElement\":[{\"@type\":\"ListItem\",\"position\":1,\"name\":\"Home\",\"item\":\"https:\/\/tourtravelandmore.com\/es\/\"},{\"@type\":\"ListItem\",\"position\":2,\"name\":\"Tours\",\"item\":\"https:\/\/tourtravelandmore.com\/es\/tours\/\"},{\"@type\":\"ListItem\",\"position\":3,\"name\":\"Transfer Privado desde\/hasta Granada a cualquier ciudad de Andaluc\u00eda\"}]},{\"@type\":\"WebSite\",\"@id\":\"https:\/\/tourtravelandmore.com\/es\/#website\",\"url\":\"https:\/\/tourtravelandmore.com\/es\/\",\"name\":\"Tour Travel And More\",\"description\":\"Private sightseeing tours and luxury transfers in Spain\",\"publisher\":{\"@id\":\"https:\/\/tourtravelandmore.com\/es\/#organization\"},\"potentialAction\":[{\"@type\":\"SearchAction\",\"target\":{\"@type\":\"EntryPoint\",\"urlTemplate\":\"https:\/\/tourtravelandmore.com\/es\/?s={search_term_string}\"},\"query-input\":{\"@type\":\"PropertyValueSpecification\",\"valueRequired\":true,\"valueName\":\"search_term_string\"}}],\"inLanguage\":\"es\"},{\"@type\":\"Organization\",\"@id\":\"https:\/\/tourtravelandmore.com\/es\/#organization\",\"name\":\"Tour Travel And More\",\"url\":\"https:\/\/tourtravelandmore.com\/es\/\",\"logo\":{\"@type\":\"ImageObject\",\"inLanguage\":\"es\",\"@id\":\"https:\/\/tourtravelandmore.com\/es\/#\/schema\/logo\/image\/\",\"url\":\"https:\/\/tourtravelandmore.com\/wp-content\/uploads\/2022\/12\/cropped-logo-cabecera-new.png\",\"contentUrl\":\"https:\/\/tourtravelandmore.com\/wp-content\/uploads\/2022\/12\/cropped-logo-cabecera-new.png\",\"width\":430,\"height\":61,\"caption\":\"Tour Travel And More\"},\"image\":{\"@id\":\"https:\/\/tourtravelandmore.com\/es\/#\/schema\/logo\/image\/\"},\"sameAs\":[\"https:\/\/www.facebook.com\/tourtravelandmore\/\",\"https:\/\/x.com\/TourTravel_More\"]}]}<\/script>\n<!-- \/ Yoast SEO Premium plugin. -->","yoast_head_json":{"title":"\u27a1\ufe0f Transfer en Granada a cualquier ciudad | Tour Travel & More","description":"Viaje de forma c\u00f3moda y segura y realiza cualquier Transfer en Granada con nosotros, operamos en toda Andalucia, Aeropuertos y Terminales de Crucero \u2705","robots":{"index":"index","follow":"follow","max-snippet":"max-snippet:-1","max-image-preview":"max-image-preview:large","max-video-preview":"max-video-preview:-1"},"canonical":"https:\/\/tourtravelandmore.com\/es\/tours\/espana-es\/granada-es\/transfer-en-granada-a-cualquier-ciudad-traslados-privados-con-chofer\/","og_locale":"es_ES","og_type":"article","og_title":"Transfer Privado desde\/hasta Granada a cualquier ciudad de Andaluc\u00eda","og_description":"Viaje de forma c\u00f3moda y segura y realiza cualquier Transfer en Granada con nosotros, operamos en toda Andalucia, Aeropuertos y Terminales de Crucero \u2705","og_url":"https:\/\/tourtravelandmore.com\/es\/tours\/espana-es\/granada-es\/transfer-en-granada-a-cualquier-ciudad-traslados-privados-con-chofer\/","og_site_name":"Tour Travel And More","article_publisher":"https:\/\/www.facebook.com\/tourtravelandmore\/","article_modified_time":"2023-01-21T01:11:24+00:00","og_image":[{"width":640,"height":458,"url":"https:\/\/tourtravelandmore.com\/wp-content\/uploads\/2016\/03\/Bus-19-pax.jpg","type":"image\/jpeg"}],"twitter_card":"summary_large_image","twitter_site":"@TourTravel_More","twitter_misc":{"Tiempo de lectura":"2 minutos"},"schema":{"@context":"https:\/\/schema.org","@graph":[{"@type":"WebPage","@id":"https:\/\/tourtravelandmore.com\/es\/tours\/espana-es\/granada-es\/transfer-en-granada-a-cualquier-ciudad-traslados-privados-con-chofer\/","url":"https:\/\/tourtravelandmore.com\/es\/tours\/espana-es\/granada-es\/transfer-en-granada-a-cualquier-ciudad-traslados-privados-con-chofer\/","name":"\u27a1\ufe0f Transfer en Granada a cualquier ciudad | Tour Travel & More","isPartOf":{"@id":"https:\/\/tourtravelandmore.com\/es\/#website"},"primaryImageOfPage":{"@id":"https:\/\/tourtravelandmore.com\/es\/tours\/espana-es\/granada-es\/transfer-en-granada-a-cualquier-ciudad-traslados-privados-con-chofer\/#primaryimage"},"image":{"@id":"https:\/\/tourtravelandmore.com\/es\/tours\/espana-es\/granada-es\/transfer-en-granada-a-cualquier-ciudad-traslados-privados-con-chofer\/#primaryimage"},"thumbnailUrl":"https:\/\/tourtravelandmore.com\/wp-content\/uploads\/2016\/03\/Bus-19-pax.jpg","datePublished":"2016-04-15T16:58:32+00:00","dateModified":"2023-01-21T01:11:24+00:00","description":"Viaje de forma c\u00f3moda y segura y realiza cualquier Transfer en Granada con nosotros, operamos en toda Andalucia, Aeropuertos y Terminales de Crucero \u2705","breadcrumb":{"@id":"https:\/\/tourtravelandmore.com\/es\/tours\/espana-es\/granada-es\/transfer-en-granada-a-cualquier-ciudad-traslados-privados-con-chofer\/#breadcrumb"},"inLanguage":"es","potentialAction":[{"@type":"ReadAction","target":["https:\/\/tourtravelandmore.com\/es\/tours\/espana-es\/granada-es\/transfer-en-granada-a-cualquier-ciudad-traslados-privados-con-chofer\/"]}]},{"@type":"ImageObject","inLanguage":"es","@id":"https:\/\/tourtravelandmore.com\/es\/tours\/espana-es\/granada-es\/transfer-en-granada-a-cualquier-ciudad-traslados-privados-con-chofer\/#primaryimage","url":"https:\/\/tourtravelandmore.com\/wp-content\/uploads\/2016\/03\/Bus-19-pax.jpg","contentUrl":"https:\/\/tourtravelandmore.com\/wp-content\/uploads\/2016\/03\/Bus-19-pax.jpg","width":640,"height":458},{"@type":"BreadcrumbList","@id":"https:\/\/tourtravelandmore.com\/es\/tours\/espana-es\/granada-es\/transfer-en-granada-a-cualquier-ciudad-traslados-privados-con-chofer\/#breadcrumb","itemListElement":[{"@type":"ListItem","position":1,"name":"Home","item":"https:\/\/tourtravelandmore.com\/es\/"},{"@type":"ListItem","position":2,"name":"Tours","item":"https:\/\/tourtravelandmore.com\/es\/tours\/"},{"@type":"ListItem","position":3,"name":"Transfer Privado desde\/hasta Granada a cualquier ciudad de Andaluc\u00eda"}]},{"@type":"WebSite","@id":"https:\/\/tourtravelandmore.com\/es\/#website","url":"https:\/\/tourtravelandmore.com\/es\/","name":"Tour Travel And More","description":"Private sightseeing tours and luxury transfers in Spain","publisher":{"@id":"https:\/\/tourtravelandmore.com\/es\/#organization"},"potentialAction":[{"@type":"SearchAction","target":{"@type":"EntryPoint","urlTemplate":"https:\/\/tourtravelandmore.com\/es\/?s={search_term_string}"},"query-input":{"@type":"PropertyValueSpecification","valueRequired":true,"valueName":"search_term_string"}}],"inLanguage":"es"},{"@type":"Organization","@id":"https:\/\/tourtravelandmore.com\/es\/#organization","name":"Tour Travel And More","url":"https:\/\/tourtravelandmore.com\/es\/","logo":{"@type":"ImageObject","inLanguage":"es","@id":"https:\/\/tourtravelandmore.com\/es\/#\/schema\/logo\/image\/","url":"https:\/\/tourtravelandmore.com\/wp-content\/uploads\/2022\/12\/cropped-logo-cabecera-new.png","contentUrl":"https:\/\/tourtravelandmore.com\/wp-content\/uploads\/2022\/12\/cropped-logo-cabecera-new.png","width":430,"height":61,"caption":"Tour Travel And More"},"image":{"@id":"https:\/\/tourtravelandmore.com\/es\/#\/schema\/logo\/image\/"},"sameAs":["https:\/\/www.facebook.com\/tourtravelandmore\/","https:\/\/x.com\/TourTravel_More"]}]}},"_links":{"self":[{"href":"https:\/\/tourtravelandmore.com\/es\/wp-json\/wp\/v2\/product\/880","targetHints":{"allow":["GET"]}}],"collection":[{"href":"https:\/\/tourtravelandmore.com\/es\/wp-json\/wp\/v2\/product"}],"about":[{"href":"https:\/\/tourtravelandmore.com\/es\/wp-json\/wp\/v2\/types\/product"}],"replies":[{"embeddable":true,"href":"https:\/\/tourtravelandmore.com\/es\/wp-json\/wp\/v2\/comments?post=880"}],"wp:featuredmedia":[{"embeddable":true,"href":"https:\/\/tourtravelandmore.com\/es\/wp-json\/wp\/v2\/media\/667"}],"wp:attachment":[{"href":"https:\/\/tourtravelandmore.com\/es\/wp-json\/wp\/v2\/media?parent=880"}],"wp:term":[{"taxonomy":"product_brand","embeddable":true,"href":"https:\/\/tourtravelandmore.com\/es\/wp-json\/wp\/v2\/product_brand?post=880"},{"taxonomy":"product_cat","embeddable":true,"href":"https:\/\/tourtravelandmore.com\/es\/wp-json\/wp\/v2\/product_cat?post=880"},{"taxonomy":"product_tag","embeddable":true,"href":"https:\/\/tourtravelandmore.com\/es\/wp-json\/wp\/v2\/product_tag?post=880"}],"curies":[{"name":"wp","href":"https:\/\/api.w.org\/{rel}","templated":true}]}}