{"id":87975,"date":"2020-11-25T10:33:54","date_gmt":"2020-11-25T09:33:55","guid":{"rendered":"https:\/\/tourtravelandmore.com\/?post_type=product&#038;p=87975"},"modified":"2022-11-15T19:28:37","modified_gmt":"2022-11-15T18:28:37","slug":"itinerario-privado-egipto-9-dias-cairo-alexandria-abu-simbel-y-crucero-aswan-luxor","status":"publish","type":"product","link":"https:\/\/tourtravelandmore.com\/es\/tours\/egipto-es\/cairo-es\/cairo-actividades-es\/itinerario-privado-egipto-9-dias-cairo-alexandria-abu-simbel-y-crucero-aswan-luxor\/","title":{"rendered":"Itinerario privado 9 d\u00edas: Cairo, Luxor, Aswan, Abu Simbel y Alejandr\u00eda"},"content":{"rendered":"","protected":false},"excerpt":{"rendered":"<p>Disfruta de un itinerario personalizado de 9 d\u00edas en Egipto y visita los sitios m\u00e1s emblem\u00e1ticos de este maravilloso pa\u00eds junto a un gu\u00eda oficial. Su ruta personalizada incluye visitas a El Cairo, Giza, Abu Simbel, Alejandr\u00eda, Aswan, Luxor y mucho m\u00e1s!<\/p>\n","protected":false},"featured_media":88027,"comment_status":"open","ping_status":"closed","template":"","meta":{"_acf_changed":false},"product_brand":[],"product_cat":[3031,3040,3043,3046],"product_tag":[],"class_list":{"0":"post-87975","1":"product","2":"type-product","3":"status-publish","4":"has-post-thumbnail","6":"product_cat-egipto-es","7":"product_cat-cairo-es","8":"product_cat-cairo-actividades-es","9":"product_cat-cairo-rutas-es","11":"first","12":"instock","13":"shipping-taxable","14":"purchasable","15":"product-type-simple"},"acf":[],"yoast_head":"<!-- This site is optimized with the Yoast SEO Premium plugin v25.3.1 (Yoast SEO v25.3.1) - https:\/\/yoast.com\/wordpress\/plugins\/seo\/ -->\n<title>Ruta privada 9-d\u00edas Egipto: Cairo, Aswan, Luxor, Abu Simbel, Alejandr\u00eda<\/title>\n<meta name=\"description\" content=\"Disfruta de un itinerario personalizado de 9 d\u00edas en Egipto y visita los sitios m\u00e1s emblem\u00e1ticos de este maravilloso pa\u00eds junto a un gu\u00eda oficial\" \/>\n<meta name=\"robots\" content=\"index, follow, max-snippet:-1, max-image-preview:large, max-video-preview:-1\" \/>\n<link rel=\"canonical\" href=\"https:\/\/tourtravelandmore.com\/es\/tours\/egipto-es\/cairo-es\/cairo-actividades-es\/itinerario-privado-egipto-9-dias-cairo-alexandria-abu-simbel-y-crucero-aswan-luxor\/\" \/>\n<meta property=\"og:locale\" content=\"es_ES\" \/>\n<meta property=\"og:type\" content=\"article\" \/>\n<meta property=\"og:title\" content=\"Itinerario privado 9 d\u00edas: Cairo, Luxor, Aswan, Abu Simbel y Alejandr\u00eda\" \/>\n<meta property=\"og:description\" content=\"Disfruta de un itinerario personalizado de 9 d\u00edas en Egipto y visita los sitios m\u00e1s emblem\u00e1ticos de este maravilloso pa\u00eds junto a un gu\u00eda oficial\" \/>\n<meta property=\"og:url\" content=\"https:\/\/tourtravelandmore.com\/es\/tours\/egipto-es\/cairo-es\/cairo-actividades-es\/itinerario-privado-egipto-9-dias-cairo-alexandria-abu-simbel-y-crucero-aswan-luxor\/\" \/>\n<meta property=\"og:site_name\" content=\"Tour Travel And More\" \/>\n<meta property=\"article:publisher\" content=\"https:\/\/www.facebook.com\/tourtravelandmore\/\" \/>\n<meta property=\"article:modified_time\" content=\"2022-11-15T18:28:37+00:00\" \/>\n<meta property=\"og:image\" content=\"https:\/\/tourtravelandmore.com\/wp-content\/uploads\/2020\/11\/Pyramid.jpeg\" \/>\n\t<meta property=\"og:image:width\" content=\"1350\" \/>\n\t<meta property=\"og:image:height\" content=\"900\" \/>\n\t<meta property=\"og:image:type\" content=\"image\/jpeg\" \/>\n<meta name=\"twitter:card\" content=\"summary_large_image\" \/>\n<meta name=\"twitter:site\" content=\"@TourTravel_More\" \/>\n<script type=\"application\/ld+json\" class=\"yoast-schema-graph\">{\"@context\":\"https:\/\/schema.org\",\"@graph\":[{\"@type\":\"WebPage\",\"@id\":\"https:\/\/tourtravelandmore.com\/es\/tours\/egipto-es\/cairo-es\/cairo-actividades-es\/itinerario-privado-egipto-9-dias-cairo-alexandria-abu-simbel-y-crucero-aswan-luxor\/\",\"url\":\"https:\/\/tourtravelandmore.com\/es\/tours\/egipto-es\/cairo-es\/cairo-actividades-es\/itinerario-privado-egipto-9-dias-cairo-alexandria-abu-simbel-y-crucero-aswan-luxor\/\",\"name\":\"Ruta privada 9-d\u00edas Egipto: Cairo, Aswan, Luxor, Abu Simbel, Alejandr\u00eda\",\"isPartOf\":{\"@id\":\"https:\/\/tourtravelandmore.com\/es\/#website\"},\"primaryImageOfPage\":{\"@id\":\"https:\/\/tourtravelandmore.com\/es\/tours\/egipto-es\/cairo-es\/cairo-actividades-es\/itinerario-privado-egipto-9-dias-cairo-alexandria-abu-simbel-y-crucero-aswan-luxor\/#primaryimage\"},\"image\":{\"@id\":\"https:\/\/tourtravelandmore.com\/es\/tours\/egipto-es\/cairo-es\/cairo-actividades-es\/itinerario-privado-egipto-9-dias-cairo-alexandria-abu-simbel-y-crucero-aswan-luxor\/#primaryimage\"},\"thumbnailUrl\":\"https:\/\/tourtravelandmore.com\/wp-content\/uploads\/2020\/11\/Pyramid.jpeg\",\"datePublished\":\"2020-11-25T09:33:55+00:00\",\"dateModified\":\"2022-11-15T18:28:37+00:00\",\"description\":\"Disfruta de un itinerario personalizado de 9 d\u00edas en Egipto y visita los sitios m\u00e1s emblem\u00e1ticos de este maravilloso pa\u00eds junto a un gu\u00eda oficial\",\"breadcrumb\":{\"@id\":\"https:\/\/tourtravelandmore.com\/es\/tours\/egipto-es\/cairo-es\/cairo-actividades-es\/itinerario-privado-egipto-9-dias-cairo-alexandria-abu-simbel-y-crucero-aswan-luxor\/#breadcrumb\"},\"inLanguage\":\"es\",\"potentialAction\":[{\"@type\":\"ReadAction\",\"target\":[\"https:\/\/tourtravelandmore.com\/es\/tours\/egipto-es\/cairo-es\/cairo-actividades-es\/itinerario-privado-egipto-9-dias-cairo-alexandria-abu-simbel-y-crucero-aswan-luxor\/\"]}]},{\"@type\":\"ImageObject\",\"inLanguage\":\"es\",\"@id\":\"https:\/\/tourtravelandmore.com\/es\/tours\/egipto-es\/cairo-es\/cairo-actividades-es\/itinerario-privado-egipto-9-dias-cairo-alexandria-abu-simbel-y-crucero-aswan-luxor\/#primaryimage\",\"url\":\"https:\/\/tourtravelandmore.com\/wp-content\/uploads\/2020\/11\/Pyramid.jpeg\",\"contentUrl\":\"https:\/\/tourtravelandmore.com\/wp-content\/uploads\/2020\/11\/Pyramid.jpeg\",\"width\":1350,\"height\":900,\"caption\":\"Pyramid egypt\"},{\"@type\":\"BreadcrumbList\",\"@id\":\"https:\/\/tourtravelandmore.com\/es\/tours\/egipto-es\/cairo-es\/cairo-actividades-es\/itinerario-privado-egipto-9-dias-cairo-alexandria-abu-simbel-y-crucero-aswan-luxor\/#breadcrumb\",\"itemListElement\":[{\"@type\":\"ListItem\",\"position\":1,\"name\":\"Home\",\"item\":\"https:\/\/tourtravelandmore.com\/es\/\"},{\"@type\":\"ListItem\",\"position\":2,\"name\":\"Tours\",\"item\":\"https:\/\/tourtravelandmore.com\/es\/tours\/\"},{\"@type\":\"ListItem\",\"position\":3,\"name\":\"Itinerario privado 9 d\u00edas: Cairo, Luxor, Aswan, Abu Simbel y Alejandr\u00eda\"}]},{\"@type\":\"WebSite\",\"@id\":\"https:\/\/tourtravelandmore.com\/es\/#website\",\"url\":\"https:\/\/tourtravelandmore.com\/es\/\",\"name\":\"Tour Travel And More\",\"description\":\"Private sightseeing tours and luxury transfers in Spain\",\"publisher\":{\"@id\":\"https:\/\/tourtravelandmore.com\/es\/#organization\"},\"potentialAction\":[{\"@type\":\"SearchAction\",\"target\":{\"@type\":\"EntryPoint\",\"urlTemplate\":\"https:\/\/tourtravelandmore.com\/es\/?s={search_term_string}\"},\"query-input\":{\"@type\":\"PropertyValueSpecification\",\"valueRequired\":true,\"valueName\":\"search_term_string\"}}],\"inLanguage\":\"es\"},{\"@type\":\"Organization\",\"@id\":\"https:\/\/tourtravelandmore.com\/es\/#organization\",\"name\":\"Tour Travel And More\",\"url\":\"https:\/\/tourtravelandmore.com\/es\/\",\"logo\":{\"@type\":\"ImageObject\",\"inLanguage\":\"es\",\"@id\":\"https:\/\/tourtravelandmore.com\/es\/#\/schema\/logo\/image\/\",\"url\":\"https:\/\/tourtravelandmore.com\/wp-content\/uploads\/2022\/12\/cropped-logo-cabecera-new.png\",\"contentUrl\":\"https:\/\/tourtravelandmore.com\/wp-content\/uploads\/2022\/12\/cropped-logo-cabecera-new.png\",\"width\":430,\"height\":61,\"caption\":\"Tour Travel And More\"},\"image\":{\"@id\":\"https:\/\/tourtravelandmore.com\/es\/#\/schema\/logo\/image\/\"},\"sameAs\":[\"https:\/\/www.facebook.com\/tourtravelandmore\/\",\"https:\/\/x.com\/TourTravel_More\"]}]}<\/script>\n<!-- \/ Yoast SEO Premium plugin. -->","yoast_head_json":{"title":"Ruta privada 9-d\u00edas Egipto: Cairo, Aswan, Luxor, Abu Simbel, Alejandr\u00eda","description":"Disfruta de un itinerario personalizado de 9 d\u00edas en Egipto y visita los sitios m\u00e1s emblem\u00e1ticos de este maravilloso pa\u00eds junto a un gu\u00eda oficial","robots":{"index":"index","follow":"follow","max-snippet":"max-snippet:-1","max-image-preview":"max-image-preview:large","max-video-preview":"max-video-preview:-1"},"canonical":"https:\/\/tourtravelandmore.com\/es\/tours\/egipto-es\/cairo-es\/cairo-actividades-es\/itinerario-privado-egipto-9-dias-cairo-alexandria-abu-simbel-y-crucero-aswan-luxor\/","og_locale":"es_ES","og_type":"article","og_title":"Itinerario privado 9 d\u00edas: Cairo, Luxor, Aswan, Abu Simbel y Alejandr\u00eda","og_description":"Disfruta de un itinerario personalizado de 9 d\u00edas en Egipto y visita los sitios m\u00e1s emblem\u00e1ticos de este maravilloso pa\u00eds junto a un gu\u00eda oficial","og_url":"https:\/\/tourtravelandmore.com\/es\/tours\/egipto-es\/cairo-es\/cairo-actividades-es\/itinerario-privado-egipto-9-dias-cairo-alexandria-abu-simbel-y-crucero-aswan-luxor\/","og_site_name":"Tour Travel And More","article_publisher":"https:\/\/www.facebook.com\/tourtravelandmore\/","article_modified_time":"2022-11-15T18:28:37+00:00","og_image":[{"width":1350,"height":900,"url":"https:\/\/tourtravelandmore.com\/wp-content\/uploads\/2020\/11\/Pyramid.jpeg","type":"image\/jpeg"}],"twitter_card":"summary_large_image","twitter_site":"@TourTravel_More","schema":{"@context":"https:\/\/schema.org","@graph":[{"@type":"WebPage","@id":"https:\/\/tourtravelandmore.com\/es\/tours\/egipto-es\/cairo-es\/cairo-actividades-es\/itinerario-privado-egipto-9-dias-cairo-alexandria-abu-simbel-y-crucero-aswan-luxor\/","url":"https:\/\/tourtravelandmore.com\/es\/tours\/egipto-es\/cairo-es\/cairo-actividades-es\/itinerario-privado-egipto-9-dias-cairo-alexandria-abu-simbel-y-crucero-aswan-luxor\/","name":"Ruta privada 9-d\u00edas Egipto: Cairo, Aswan, Luxor, Abu Simbel, Alejandr\u00eda","isPartOf":{"@id":"https:\/\/tourtravelandmore.com\/es\/#website"},"primaryImageOfPage":{"@id":"https:\/\/tourtravelandmore.com\/es\/tours\/egipto-es\/cairo-es\/cairo-actividades-es\/itinerario-privado-egipto-9-dias-cairo-alexandria-abu-simbel-y-crucero-aswan-luxor\/#primaryimage"},"image":{"@id":"https:\/\/tourtravelandmore.com\/es\/tours\/egipto-es\/cairo-es\/cairo-actividades-es\/itinerario-privado-egipto-9-dias-cairo-alexandria-abu-simbel-y-crucero-aswan-luxor\/#primaryimage"},"thumbnailUrl":"https:\/\/tourtravelandmore.com\/wp-content\/uploads\/2020\/11\/Pyramid.jpeg","datePublished":"2020-11-25T09:33:55+00:00","dateModified":"2022-11-15T18:28:37+00:00","description":"Disfruta de un itinerario personalizado de 9 d\u00edas en Egipto y visita los sitios m\u00e1s emblem\u00e1ticos de este maravilloso pa\u00eds junto a un gu\u00eda oficial","breadcrumb":{"@id":"https:\/\/tourtravelandmore.com\/es\/tours\/egipto-es\/cairo-es\/cairo-actividades-es\/itinerario-privado-egipto-9-dias-cairo-alexandria-abu-simbel-y-crucero-aswan-luxor\/#breadcrumb"},"inLanguage":"es","potentialAction":[{"@type":"ReadAction","target":["https:\/\/tourtravelandmore.com\/es\/tours\/egipto-es\/cairo-es\/cairo-actividades-es\/itinerario-privado-egipto-9-dias-cairo-alexandria-abu-simbel-y-crucero-aswan-luxor\/"]}]},{"@type":"ImageObject","inLanguage":"es","@id":"https:\/\/tourtravelandmore.com\/es\/tours\/egipto-es\/cairo-es\/cairo-actividades-es\/itinerario-privado-egipto-9-dias-cairo-alexandria-abu-simbel-y-crucero-aswan-luxor\/#primaryimage","url":"https:\/\/tourtravelandmore.com\/wp-content\/uploads\/2020\/11\/Pyramid.jpeg","contentUrl":"https:\/\/tourtravelandmore.com\/wp-content\/uploads\/2020\/11\/Pyramid.jpeg","width":1350,"height":900,"caption":"Pyramid egypt"},{"@type":"BreadcrumbList","@id":"https:\/\/tourtravelandmore.com\/es\/tours\/egipto-es\/cairo-es\/cairo-actividades-es\/itinerario-privado-egipto-9-dias-cairo-alexandria-abu-simbel-y-crucero-aswan-luxor\/#breadcrumb","itemListElement":[{"@type":"ListItem","position":1,"name":"Home","item":"https:\/\/tourtravelandmore.com\/es\/"},{"@type":"ListItem","position":2,"name":"Tours","item":"https:\/\/tourtravelandmore.com\/es\/tours\/"},{"@type":"ListItem","position":3,"name":"Itinerario privado 9 d\u00edas: Cairo, Luxor, Aswan, Abu Simbel y Alejandr\u00eda"}]},{"@type":"WebSite","@id":"https:\/\/tourtravelandmore.com\/es\/#website","url":"https:\/\/tourtravelandmore.com\/es\/","name":"Tour Travel And More","description":"Private sightseeing tours and luxury transfers in Spain","publisher":{"@id":"https:\/\/tourtravelandmore.com\/es\/#organization"},"potentialAction":[{"@type":"SearchAction","target":{"@type":"EntryPoint","urlTemplate":"https:\/\/tourtravelandmore.com\/es\/?s={search_term_string}"},"query-input":{"@type":"PropertyValueSpecification","valueRequired":true,"valueName":"search_term_string"}}],"inLanguage":"es"},{"@type":"Organization","@id":"https:\/\/tourtravelandmore.com\/es\/#organization","name":"Tour Travel And More","url":"https:\/\/tourtravelandmore.com\/es\/","logo":{"@type":"ImageObject","inLanguage":"es","@id":"https:\/\/tourtravelandmore.com\/es\/#\/schema\/logo\/image\/","url":"https:\/\/tourtravelandmore.com\/wp-content\/uploads\/2022\/12\/cropped-logo-cabecera-new.png","contentUrl":"https:\/\/tourtravelandmore.com\/wp-content\/uploads\/2022\/12\/cropped-logo-cabecera-new.png","width":430,"height":61,"caption":"Tour Travel And More"},"image":{"@id":"https:\/\/tourtravelandmore.com\/es\/#\/schema\/logo\/image\/"},"sameAs":["https:\/\/www.facebook.com\/tourtravelandmore\/","https:\/\/x.com\/TourTravel_More"]}]}},"_links":{"self":[{"href":"https:\/\/tourtravelandmore.com\/es\/wp-json\/wp\/v2\/product\/87975","targetHints":{"allow":["GET"]}}],"collection":[{"href":"https:\/\/tourtravelandmore.com\/es\/wp-json\/wp\/v2\/product"}],"about":[{"href":"https:\/\/tourtravelandmore.com\/es\/wp-json\/wp\/v2\/types\/product"}],"replies":[{"embeddable":true,"href":"https:\/\/tourtravelandmore.com\/es\/wp-json\/wp\/v2\/comments?post=87975"}],"wp:featuredmedia":[{"embeddable":true,"href":"https:\/\/tourtravelandmore.com\/es\/wp-json\/wp\/v2\/media\/88027"}],"wp:attachment":[{"href":"https:\/\/tourtravelandmore.com\/es\/wp-json\/wp\/v2\/media?parent=87975"}],"wp:term":[{"taxonomy":"product_brand","embeddable":true,"href":"https:\/\/tourtravelandmore.com\/es\/wp-json\/wp\/v2\/product_brand?post=87975"},{"taxonomy":"product_cat","embeddable":true,"href":"https:\/\/tourtravelandmore.com\/es\/wp-json\/wp\/v2\/product_cat?post=87975"},{"taxonomy":"product_tag","embeddable":true,"href":"https:\/\/tourtravelandmore.com\/es\/wp-json\/wp\/v2\/product_tag?post=87975"}],"curies":[{"name":"wp","href":"https:\/\/api.w.org\/{rel}","templated":true}]}}