{"id":87945,"date":"2020-11-25T09:47:27","date_gmt":"2020-11-25T08:47:31","guid":{"rendered":"https:\/\/tourtravelandmore.com\/?post_type=product&#038;p=87945"},"modified":"2021-08-09T13:12:53","modified_gmt":"2021-08-09T11:12:53","slug":"tour-privado-a-columbus-desde-indianapolis","status":"publish","type":"product","link":"https:\/\/tourtravelandmore.com\/es\/tours\/eeuu-es\/indianapolis-es\/indianapolis-actividades-es\/tour-privado-a-columbus-desde-indianapolis\/","title":{"rendered":"Tour Privado a Columbus desde Indian\u00e1polis"},"content":{"rendered":"<h2 id=\"tw-target-text\" class=\"tw-data-text tw-text-large XcVN5d tw-ta\" dir=\"ltr\" data-placeholder=\"Traducci\u00f3n\"><span lang=\"es\">Descripci\u00f3n del Tour Privado a Columbus desde Indian\u00e1polis<\/span><\/h2>\n<p>Si ya lo has visto todo en Indian\u00e1polis, te invitamos a este <strong>tour privado a Columbus<\/strong>. <span class=\"JLqJ4b ChMk0b\" data-language-for-alternatives=\"es\" data-language-to-translate-into=\"en\" data-phrase-index=\"1\">El servicio se llevar\u00e1 a cabo en un <strong>veh\u00edculo privado de lujo con conductor<\/strong> y un <strong>gu\u00eda tur\u00edstico oficial local<\/strong>. Aproveche la oportunidad de visitar otra ciudad incre\u00edble de los Estados Unidos. <\/span><\/p>\n<p><span class=\"JLqJ4b ChMk0b\" data-language-for-alternatives=\"es\" data-language-to-translate-into=\"en\" data-phrase-index=\"1\"><span class=\"JLqJ4b\" data-language-for-alternatives=\"es\" data-language-to-translate-into=\"en\" data-phrase-index=\"3\">La recogida ser\u00e1 en su hotel o lugar de elecci\u00f3n en Indian\u00e1polis. Esta excursi\u00f3n de un d\u00eda tiene una duraci\u00f3n total de 10 horas desde el momento de la recogida hasta el momento de la entrega y siempre contar\u00e1 con la asistencia de su conductor privado.<\/span><\/span><\/p>\n<p><strong>Columbus<\/strong> es la capital del estado de Ohio y est\u00e1 ubicada en el centro del estado. <span class=\"JLqJ4b ChMk0b\" data-language-for-alternatives=\"es\" data-language-to-translate-into=\"en\" data-phrase-index=\"8\">Es reconocida como la octava ciudad m\u00e1s poblada de Estados Unidos y se espera que contin\u00fae creciendo. En esta ciudad encontrar\u00e1s una econom\u00eda muy diversa basada en educaci\u00f3n, tecnolog\u00eda, asistencia m\u00e9dica y cultura. <\/span><\/p>\n<p><span class=\"JLqJ4b ChMk0b\" data-language-for-alternatives=\"es\" data-language-to-translate-into=\"en\" data-phrase-index=\"8\"><span class=\"JLqJ4b\" data-language-for-alternatives=\"es\" data-language-to-translate-into=\"en\" data-phrase-index=\"10\">Ven con nosotros en este tour privado a Columbus desde Indian\u00e1polis y visita todos los monumentos m\u00e1s importantes de la ciudad. Su gu\u00eda tur\u00edstico oficial privado estar\u00e1 disponible para una visita guiada de 3 horas.<\/span><\/span><\/p>\n<h2 id=\"tw-target-text\" class=\"tw-data-text tw-text-large XcVN5d tw-ta\" dir=\"ltr\" data-placeholder=\"Traducci\u00f3n\">Puntos de inter\u00e9s en el tour privado<\/h2>\n<p>En primer lugar, su conductor privado lo recoger\u00e1 en el lugar que elija en Indian\u00e1polis. <span class=\"JLqJ4b ChMk0b\" data-language-for-alternatives=\"es\" data-language-to-translate-into=\"en\" data-phrase-index=\"1\">Como se trata de un viaje de d\u00eda completo, te sugerimos comenzar temprano en la ma\u00f1ana para aprovechar todo el d\u00eda. <\/span><\/p>\n<p><span class=\"JLqJ4b ChMk0b\" data-language-for-alternatives=\"es\" data-language-to-translate-into=\"en\" data-phrase-index=\"1\"><span class=\"JLqJ4b\" data-language-for-alternatives=\"es\" data-language-to-translate-into=\"en\" data-phrase-index=\"2\"><strong>Columbus<\/strong> es una ciudad que combina una arquitectura moderna con antiguas tradiciones locales. Durante este tour privado a Columbus podr\u00e1 visitar los siguientes lugares:<\/span><\/span><\/p>\n<ul>\n<li><strong>Ayuntamiento de Columbus<\/strong><\/li>\n<li><a href=\"https:\/\/www.fpconservatory.org\"><span class=\"JLqJ4b\" data-language-for-alternatives=\"es\" data-language-to-translate-into=\"en\" data-phrase-index=\"1\"><span class=\"JLqJ4b ChMk0b\" data-language-for-alternatives=\"es\" data-language-to-translate-into=\"en\" data-phrase-index=\"2\">Jard\u00edn Bot\u00e1nico y Conservatorio de Parque Franklin<\/span><\/span><\/a><\/li>\n<li><strong><span class=\"JLqJ4b\" data-language-for-alternatives=\"es\" data-language-to-translate-into=\"en\" data-phrase-index=\"1\"><span class=\"JLqJ4b ChMk0b\" data-language-for-alternatives=\"es\" data-language-to-translate-into=\"en\" data-phrase-index=\"2\">Museo de Arte de Col\u00f3n <\/span><\/span><\/strong><\/li>\n<li><strong><span class=\"JLqJ4b\" data-language-for-alternatives=\"es\" data-language-to-translate-into=\"en\" data-phrase-index=\"1\"><span class=\"JLqJ4b ChMk0b\" data-language-for-alternatives=\"es\" data-language-to-translate-into=\"en\" data-phrase-index=\"2\">Centro de Ciencia e Industria &#8211; COSI <\/span><\/span><\/strong><\/li>\n<li><strong><span class=\"JLqJ4b\" data-language-for-alternatives=\"es\" data-language-to-translate-into=\"en\" data-phrase-index=\"1\"><span class=\"JLqJ4b ChMk0b\" data-language-for-alternatives=\"es\" data-language-to-translate-into=\"en\" data-phrase-index=\"2\">North Market Town <\/span><\/span><\/strong><\/li>\n<li><strong><span class=\"JLqJ4b\" data-language-for-alternatives=\"es\" data-language-to-translate-into=\"en\" data-phrase-index=\"1\"><span class=\"JLqJ4b ChMk0b\" data-language-for-alternatives=\"es\" data-language-to-translate-into=\"en\" data-phrase-index=\"2\">Casa Estatal de Columbus <\/span><\/span><\/strong><\/li>\n<li><strong><span class=\"JLqJ4b\" data-language-for-alternatives=\"es\" data-language-to-translate-into=\"en\" data-phrase-index=\"1\"><span class=\"JLqJ4b ChMk0b\" data-language-for-alternatives=\"es\" data-language-to-translate-into=\"en\" data-phrase-index=\"2\">Teatro de Ohio <\/span><\/span><\/strong><\/li>\n<li><strong><span class=\"JLqJ4b\" data-language-for-alternatives=\"es\" data-language-to-translate-into=\"en\" data-phrase-index=\"1\"><span class=\"JLqJ4b ChMk0b\" data-language-for-alternatives=\"es\" data-language-to-translate-into=\"en\" data-phrase-index=\"2\">La Piedra Azul <\/span><\/span><\/strong><\/li>\n<li><strong><span class=\"JLqJ4b\" data-language-for-alternatives=\"es\" data-language-to-translate-into=\"en\" data-phrase-index=\"1\"><span class=\"JLqJ4b ChMk0b\" data-language-for-alternatives=\"es\" data-language-to-translate-into=\"en\" data-phrase-index=\"2\">Parque Bicentenario<\/span><\/span><\/strong><\/li>\n<li><strong><span class=\"JLqJ4b\" data-language-for-alternatives=\"es\" data-language-to-translate-into=\"en\" data-phrase-index=\"1\"><span class=\"JLqJ4b ChMk0b\" data-language-for-alternatives=\"es\" data-language-to-translate-into=\"en\" data-phrase-index=\"2\">Tribunal Supremo de Ohio<\/span><\/span><\/strong><\/li>\n<li><strong><span class=\"JLqJ4b\" data-language-for-alternatives=\"es\" data-language-to-translate-into=\"en\" data-phrase-index=\"1\"><span class=\"JLqJ4b ChMk0b\" data-language-for-alternatives=\"es\" data-language-to-translate-into=\"en\" data-phrase-index=\"2\"> \u00a1Y mucho m\u00e1s!<\/span><\/span><\/strong><\/li>\n<\/ul>\n<p>En caso de que est\u00e9 interesado, podemos incluir la entrada a cualquier monumento o museo que desee visitar. <span class=\"JLqJ4b ChMk0b\" data-language-for-alternatives=\"es\" data-language-to-translate-into=\"en\" data-phrase-index=\"1\">Este es un tour privado personalizado para que pueda decidir qu\u00e9 le gustar\u00eda ver. <\/span><\/p>\n<p><span class=\"JLqJ4b ChMk0b\" data-language-for-alternatives=\"es\" data-language-to-translate-into=\"en\" data-phrase-index=\"1\"><span class=\"JLqJ4b\" data-language-for-alternatives=\"es\" data-language-to-translate-into=\"en\" data-phrase-index=\"2\">Durante esta excursi\u00f3n privada de un d\u00eda, tambi\u00e9n tendr\u00e1 algo de tiempo libre para almorzar y pasear por las calles de Columbus. <\/span><\/span><\/p>\n<p><span class=\"JLqJ4b ChMk0b\" data-language-for-alternatives=\"es\" data-language-to-translate-into=\"en\" data-phrase-index=\"1\"><span class=\"JLqJ4b\" data-language-for-alternatives=\"es\" data-language-to-translate-into=\"en\" data-phrase-index=\"2\">Finalmente, al final de la visita, su conductor privado lo llevar\u00e1 de regreso a su hotel en Indian\u00e1polis. <\/span><\/span><\/p>\n<p><span class=\"JLqJ4b ChMk0b\" data-language-for-alternatives=\"es\" data-language-to-translate-into=\"en\" data-phrase-index=\"1\"><span class=\"JLqJ4b\" data-language-for-alternatives=\"es\" data-language-to-translate-into=\"en\" data-phrase-index=\"2\">Otro posible tour de d\u00eda completo desde Indian\u00e1polis, podr\u00eda ser <a href=\"https:\/\/tourtravelandmore.com\/es\/tours\/eeuu-es\/indianapolis-es\/indianapolis-actividades-es\/tour-privado-a-chicago-desde-indianapolis\/\">nuestro tour privado a Chicago<\/a>, \u00a1echa un vistazo!<\/span><\/span><\/p>\n<div id=\"gtx-trans\" style=\"position: absolute; left: 160px; top: 791.625px;\">\n<div class=\"gtx-trans-icon\"><\/div>\n<\/div>\n","protected":false},"excerpt":{"rendered":"<p>Visite la <strong>hermosa ciudad de Columbus<\/strong> y todo lo que tiene para ofrecer c\u00f3modamente en un veh\u00edculo privado de lujo desde Indian\u00e1polis. <span class=\"JLqJ4b ChMk0b\" data-language-for-alternatives=\"es\" data-language-to-translate-into=\"en\" data-phrase-index=\"1\">Aproveche la oportunidad de visitar todos los lugares y monumentos m\u00e1s importantes de esta maravillosa ciudad.<\/span><\/p>\n","protected":false},"featured_media":87958,"comment_status":"open","ping_status":"closed","template":"","meta":{"_acf_changed":false},"product_brand":[],"product_cat":[1602,3103,3106,3109],"product_tag":[],"class_list":{"0":"post-87945","1":"product","2":"type-product","3":"status-publish","4":"has-post-thumbnail","6":"product_cat-eeuu-es","7":"product_cat-indianapolis-es","8":"product_cat-indianapolis-actividades-es","9":"product_cat-indianapolis-tours-privados-es","11":"first","12":"instock","13":"shipping-taxable","14":"purchasable","15":"product-type-simple"},"acf":[],"yoast_head":"<!-- This site is optimized with the Yoast SEO Premium plugin v25.3.1 (Yoast SEO v25.3.1) - https:\/\/yoast.com\/wordpress\/plugins\/seo\/ -->\n<title>Tour Privado a Columbus desde Indian\u00e1polis en veh\u00edculo privado | TTM<\/title>\n<meta name=\"description\" content=\"\u2192 Reserve este Tour Privado a Columbus desde Indian\u00e1polis. Conozca los monumentos mas destacados de esta hermosa ciudad.\u2705\" \/>\n<meta name=\"robots\" content=\"index, follow, max-snippet:-1, max-image-preview:large, max-video-preview:-1\" \/>\n<link rel=\"canonical\" href=\"https:\/\/tourtravelandmore.com\/es\/tours\/eeuu-es\/indianapolis-es\/indianapolis-actividades-es\/tour-privado-a-columbus-desde-indianapolis\/\" \/>\n<meta property=\"og:locale\" content=\"es_ES\" \/>\n<meta property=\"og:type\" content=\"article\" \/>\n<meta property=\"og:title\" content=\"Tour Privado a Columbus desde Indian\u00e1polis\" \/>\n<meta property=\"og:description\" content=\"\u2192 Reserve este Tour Privado a Columbus desde Indian\u00e1polis. Conozca los monumentos mas destacados de esta hermosa ciudad.\u2705\" \/>\n<meta property=\"og:url\" content=\"https:\/\/tourtravelandmore.com\/es\/tours\/eeuu-es\/indianapolis-es\/indianapolis-actividades-es\/tour-privado-a-columbus-desde-indianapolis\/\" \/>\n<meta property=\"og:site_name\" content=\"Tour Travel And More\" \/>\n<meta property=\"article:publisher\" content=\"https:\/\/www.facebook.com\/tourtravelandmore\/\" \/>\n<meta property=\"article:modified_time\" content=\"2021-08-09T11:12:53+00:00\" \/>\n<meta property=\"og:image\" content=\"https:\/\/tourtravelandmore.com\/wp-content\/uploads\/2020\/11\/columbus.jpg\" \/>\n\t<meta property=\"og:image:width\" content=\"1280\" \/>\n\t<meta property=\"og:image:height\" content=\"853\" \/>\n\t<meta property=\"og:image:type\" content=\"image\/jpeg\" \/>\n<meta name=\"twitter:card\" content=\"summary_large_image\" \/>\n<meta name=\"twitter:site\" content=\"@TourTravel_More\" \/>\n<meta name=\"twitter:label1\" content=\"Tiempo de lectura\" \/>\n\t<meta name=\"twitter:data1\" content=\"2 minutos\" \/>\n<script type=\"application\/ld+json\" class=\"yoast-schema-graph\">{\"@context\":\"https:\/\/schema.org\",\"@graph\":[{\"@type\":\"WebPage\",\"@id\":\"https:\/\/tourtravelandmore.com\/es\/tours\/eeuu-es\/indianapolis-es\/indianapolis-actividades-es\/tour-privado-a-columbus-desde-indianapolis\/\",\"url\":\"https:\/\/tourtravelandmore.com\/es\/tours\/eeuu-es\/indianapolis-es\/indianapolis-actividades-es\/tour-privado-a-columbus-desde-indianapolis\/\",\"name\":\"Tour Privado a Columbus desde Indian\u00e1polis en veh\u00edculo privado | TTM\",\"isPartOf\":{\"@id\":\"https:\/\/tourtravelandmore.com\/es\/#website\"},\"primaryImageOfPage\":{\"@id\":\"https:\/\/tourtravelandmore.com\/es\/tours\/eeuu-es\/indianapolis-es\/indianapolis-actividades-es\/tour-privado-a-columbus-desde-indianapolis\/#primaryimage\"},\"image\":{\"@id\":\"https:\/\/tourtravelandmore.com\/es\/tours\/eeuu-es\/indianapolis-es\/indianapolis-actividades-es\/tour-privado-a-columbus-desde-indianapolis\/#primaryimage\"},\"thumbnailUrl\":\"https:\/\/tourtravelandmore.com\/wp-content\/uploads\/2020\/11\/columbus.jpg\",\"datePublished\":\"2020-11-25T08:47:31+00:00\",\"dateModified\":\"2021-08-09T11:12:53+00:00\",\"description\":\"\u2192 Reserve este Tour Privado a Columbus desde Indian\u00e1polis. Conozca los monumentos mas destacados de esta hermosa ciudad.\u2705\",\"breadcrumb\":{\"@id\":\"https:\/\/tourtravelandmore.com\/es\/tours\/eeuu-es\/indianapolis-es\/indianapolis-actividades-es\/tour-privado-a-columbus-desde-indianapolis\/#breadcrumb\"},\"inLanguage\":\"es\",\"potentialAction\":[{\"@type\":\"ReadAction\",\"target\":[\"https:\/\/tourtravelandmore.com\/es\/tours\/eeuu-es\/indianapolis-es\/indianapolis-actividades-es\/tour-privado-a-columbus-desde-indianapolis\/\"]}]},{\"@type\":\"ImageObject\",\"inLanguage\":\"es\",\"@id\":\"https:\/\/tourtravelandmore.com\/es\/tours\/eeuu-es\/indianapolis-es\/indianapolis-actividades-es\/tour-privado-a-columbus-desde-indianapolis\/#primaryimage\",\"url\":\"https:\/\/tourtravelandmore.com\/wp-content\/uploads\/2020\/11\/columbus.jpg\",\"contentUrl\":\"https:\/\/tourtravelandmore.com\/wp-content\/uploads\/2020\/11\/columbus.jpg\",\"width\":1280,\"height\":853},{\"@type\":\"BreadcrumbList\",\"@id\":\"https:\/\/tourtravelandmore.com\/es\/tours\/eeuu-es\/indianapolis-es\/indianapolis-actividades-es\/tour-privado-a-columbus-desde-indianapolis\/#breadcrumb\",\"itemListElement\":[{\"@type\":\"ListItem\",\"position\":1,\"name\":\"Home\",\"item\":\"https:\/\/tourtravelandmore.com\/es\/\"},{\"@type\":\"ListItem\",\"position\":2,\"name\":\"Tours\",\"item\":\"https:\/\/tourtravelandmore.com\/es\/tours\/\"},{\"@type\":\"ListItem\",\"position\":3,\"name\":\"Tour Privado a Columbus desde Indian\u00e1polis\"}]},{\"@type\":\"WebSite\",\"@id\":\"https:\/\/tourtravelandmore.com\/es\/#website\",\"url\":\"https:\/\/tourtravelandmore.com\/es\/\",\"name\":\"Tour Travel And More\",\"description\":\"Private sightseeing tours and luxury transfers in Spain\",\"publisher\":{\"@id\":\"https:\/\/tourtravelandmore.com\/es\/#organization\"},\"potentialAction\":[{\"@type\":\"SearchAction\",\"target\":{\"@type\":\"EntryPoint\",\"urlTemplate\":\"https:\/\/tourtravelandmore.com\/es\/?s={search_term_string}\"},\"query-input\":{\"@type\":\"PropertyValueSpecification\",\"valueRequired\":true,\"valueName\":\"search_term_string\"}}],\"inLanguage\":\"es\"},{\"@type\":\"Organization\",\"@id\":\"https:\/\/tourtravelandmore.com\/es\/#organization\",\"name\":\"Tour Travel And More\",\"url\":\"https:\/\/tourtravelandmore.com\/es\/\",\"logo\":{\"@type\":\"ImageObject\",\"inLanguage\":\"es\",\"@id\":\"https:\/\/tourtravelandmore.com\/es\/#\/schema\/logo\/image\/\",\"url\":\"https:\/\/tourtravelandmore.com\/wp-content\/uploads\/2022\/12\/cropped-logo-cabecera-new.png\",\"contentUrl\":\"https:\/\/tourtravelandmore.com\/wp-content\/uploads\/2022\/12\/cropped-logo-cabecera-new.png\",\"width\":430,\"height\":61,\"caption\":\"Tour Travel And More\"},\"image\":{\"@id\":\"https:\/\/tourtravelandmore.com\/es\/#\/schema\/logo\/image\/\"},\"sameAs\":[\"https:\/\/www.facebook.com\/tourtravelandmore\/\",\"https:\/\/x.com\/TourTravel_More\"]}]}<\/script>\n<!-- \/ Yoast SEO Premium plugin. -->","yoast_head_json":{"title":"Tour Privado a Columbus desde Indian\u00e1polis en veh\u00edculo privado | TTM","description":"\u2192 Reserve este Tour Privado a Columbus desde Indian\u00e1polis. Conozca los monumentos mas destacados de esta hermosa ciudad.\u2705","robots":{"index":"index","follow":"follow","max-snippet":"max-snippet:-1","max-image-preview":"max-image-preview:large","max-video-preview":"max-video-preview:-1"},"canonical":"https:\/\/tourtravelandmore.com\/es\/tours\/eeuu-es\/indianapolis-es\/indianapolis-actividades-es\/tour-privado-a-columbus-desde-indianapolis\/","og_locale":"es_ES","og_type":"article","og_title":"Tour Privado a Columbus desde Indian\u00e1polis","og_description":"\u2192 Reserve este Tour Privado a Columbus desde Indian\u00e1polis. Conozca los monumentos mas destacados de esta hermosa ciudad.\u2705","og_url":"https:\/\/tourtravelandmore.com\/es\/tours\/eeuu-es\/indianapolis-es\/indianapolis-actividades-es\/tour-privado-a-columbus-desde-indianapolis\/","og_site_name":"Tour Travel And More","article_publisher":"https:\/\/www.facebook.com\/tourtravelandmore\/","article_modified_time":"2021-08-09T11:12:53+00:00","og_image":[{"width":1280,"height":853,"url":"https:\/\/tourtravelandmore.com\/wp-content\/uploads\/2020\/11\/columbus.jpg","type":"image\/jpeg"}],"twitter_card":"summary_large_image","twitter_site":"@TourTravel_More","twitter_misc":{"Tiempo de lectura":"2 minutos"},"schema":{"@context":"https:\/\/schema.org","@graph":[{"@type":"WebPage","@id":"https:\/\/tourtravelandmore.com\/es\/tours\/eeuu-es\/indianapolis-es\/indianapolis-actividades-es\/tour-privado-a-columbus-desde-indianapolis\/","url":"https:\/\/tourtravelandmore.com\/es\/tours\/eeuu-es\/indianapolis-es\/indianapolis-actividades-es\/tour-privado-a-columbus-desde-indianapolis\/","name":"Tour Privado a Columbus desde Indian\u00e1polis en veh\u00edculo privado | TTM","isPartOf":{"@id":"https:\/\/tourtravelandmore.com\/es\/#website"},"primaryImageOfPage":{"@id":"https:\/\/tourtravelandmore.com\/es\/tours\/eeuu-es\/indianapolis-es\/indianapolis-actividades-es\/tour-privado-a-columbus-desde-indianapolis\/#primaryimage"},"image":{"@id":"https:\/\/tourtravelandmore.com\/es\/tours\/eeuu-es\/indianapolis-es\/indianapolis-actividades-es\/tour-privado-a-columbus-desde-indianapolis\/#primaryimage"},"thumbnailUrl":"https:\/\/tourtravelandmore.com\/wp-content\/uploads\/2020\/11\/columbus.jpg","datePublished":"2020-11-25T08:47:31+00:00","dateModified":"2021-08-09T11:12:53+00:00","description":"\u2192 Reserve este Tour Privado a Columbus desde Indian\u00e1polis. Conozca los monumentos mas destacados de esta hermosa ciudad.\u2705","breadcrumb":{"@id":"https:\/\/tourtravelandmore.com\/es\/tours\/eeuu-es\/indianapolis-es\/indianapolis-actividades-es\/tour-privado-a-columbus-desde-indianapolis\/#breadcrumb"},"inLanguage":"es","potentialAction":[{"@type":"ReadAction","target":["https:\/\/tourtravelandmore.com\/es\/tours\/eeuu-es\/indianapolis-es\/indianapolis-actividades-es\/tour-privado-a-columbus-desde-indianapolis\/"]}]},{"@type":"ImageObject","inLanguage":"es","@id":"https:\/\/tourtravelandmore.com\/es\/tours\/eeuu-es\/indianapolis-es\/indianapolis-actividades-es\/tour-privado-a-columbus-desde-indianapolis\/#primaryimage","url":"https:\/\/tourtravelandmore.com\/wp-content\/uploads\/2020\/11\/columbus.jpg","contentUrl":"https:\/\/tourtravelandmore.com\/wp-content\/uploads\/2020\/11\/columbus.jpg","width":1280,"height":853},{"@type":"BreadcrumbList","@id":"https:\/\/tourtravelandmore.com\/es\/tours\/eeuu-es\/indianapolis-es\/indianapolis-actividades-es\/tour-privado-a-columbus-desde-indianapolis\/#breadcrumb","itemListElement":[{"@type":"ListItem","position":1,"name":"Home","item":"https:\/\/tourtravelandmore.com\/es\/"},{"@type":"ListItem","position":2,"name":"Tours","item":"https:\/\/tourtravelandmore.com\/es\/tours\/"},{"@type":"ListItem","position":3,"name":"Tour Privado a Columbus desde Indian\u00e1polis"}]},{"@type":"WebSite","@id":"https:\/\/tourtravelandmore.com\/es\/#website","url":"https:\/\/tourtravelandmore.com\/es\/","name":"Tour Travel And More","description":"Private sightseeing tours and luxury transfers in Spain","publisher":{"@id":"https:\/\/tourtravelandmore.com\/es\/#organization"},"potentialAction":[{"@type":"SearchAction","target":{"@type":"EntryPoint","urlTemplate":"https:\/\/tourtravelandmore.com\/es\/?s={search_term_string}"},"query-input":{"@type":"PropertyValueSpecification","valueRequired":true,"valueName":"search_term_string"}}],"inLanguage":"es"},{"@type":"Organization","@id":"https:\/\/tourtravelandmore.com\/es\/#organization","name":"Tour Travel And More","url":"https:\/\/tourtravelandmore.com\/es\/","logo":{"@type":"ImageObject","inLanguage":"es","@id":"https:\/\/tourtravelandmore.com\/es\/#\/schema\/logo\/image\/","url":"https:\/\/tourtravelandmore.com\/wp-content\/uploads\/2022\/12\/cropped-logo-cabecera-new.png","contentUrl":"https:\/\/tourtravelandmore.com\/wp-content\/uploads\/2022\/12\/cropped-logo-cabecera-new.png","width":430,"height":61,"caption":"Tour Travel And More"},"image":{"@id":"https:\/\/tourtravelandmore.com\/es\/#\/schema\/logo\/image\/"},"sameAs":["https:\/\/www.facebook.com\/tourtravelandmore\/","https:\/\/x.com\/TourTravel_More"]}]}},"_links":{"self":[{"href":"https:\/\/tourtravelandmore.com\/es\/wp-json\/wp\/v2\/product\/87945","targetHints":{"allow":["GET"]}}],"collection":[{"href":"https:\/\/tourtravelandmore.com\/es\/wp-json\/wp\/v2\/product"}],"about":[{"href":"https:\/\/tourtravelandmore.com\/es\/wp-json\/wp\/v2\/types\/product"}],"replies":[{"embeddable":true,"href":"https:\/\/tourtravelandmore.com\/es\/wp-json\/wp\/v2\/comments?post=87945"}],"wp:featuredmedia":[{"embeddable":true,"href":"https:\/\/tourtravelandmore.com\/es\/wp-json\/wp\/v2\/media\/87958"}],"wp:attachment":[{"href":"https:\/\/tourtravelandmore.com\/es\/wp-json\/wp\/v2\/media?parent=87945"}],"wp:term":[{"taxonomy":"product_brand","embeddable":true,"href":"https:\/\/tourtravelandmore.com\/es\/wp-json\/wp\/v2\/product_brand?post=87945"},{"taxonomy":"product_cat","embeddable":true,"href":"https:\/\/tourtravelandmore.com\/es\/wp-json\/wp\/v2\/product_cat?post=87945"},{"taxonomy":"product_tag","embeddable":true,"href":"https:\/\/tourtravelandmore.com\/es\/wp-json\/wp\/v2\/product_tag?post=87945"}],"curies":[{"name":"wp","href":"https:\/\/api.w.org\/{rel}","templated":true}]}}