{"id":87895,"date":"2020-11-24T12:00:10","date_gmt":"2020-11-24T11:00:12","guid":{"rendered":"https:\/\/tourtravelandmore.com\/?post_type=product&#038;p=87895"},"modified":"2020-11-24T12:31:20","modified_gmt":"2020-11-24T11:31:20","slug":"tour-privado-a-pie-por-houston","status":"publish","type":"product","link":"https:\/\/tourtravelandmore.com\/es\/tours\/eeuu-es\/houston-es\/houston-actividades-es\/tour-privado-a-pie-por-houston\/","title":{"rendered":"Tour privado a pie por Houston"},"content":{"rendered":"<h2 id=\"tw-target-text\" class=\"tw-data-text tw-text-large XcVN5d tw-ta\" dir=\"ltr\" data-placeholder=\"Traducci\u00f3n\"><span lang=\"es\">Descripci\u00f3n <\/span><\/h2>\n<p>Nuestro tour privado a pie por Houston es una de las mejores formas de conocer lo mejor de la ciudad de Houston.<\/p>\n<p>Siempre decimos que la mejor manera de conocer una ciudad es con nuestro tour privado a pie. Reunirse con uno de nuestros gu\u00edas tur\u00edsticos privados es la mejor manera de conocer la ciudad.<\/p>\n<p>Un recorrido a pie es siempre nuestra opci\u00f3n favorita para conocer los secretos de Houston. Re\u00fanase con nuestro gu\u00eda tur\u00edstico privado en una ubicaci\u00f3n c\u00e9ntrica en Houston. Si por casualidad su hotel se encuentra cerca, podemos organizar una recogida a pie desde all\u00ed. Si no es as\u00ed, no hay problema, podemos organizar la recogida en una ubicaci\u00f3n en el centro de Houston.<\/p>\n<p>Nuestro gu\u00eda tur\u00edstico oficial privado estar\u00e1 a su disposici\u00f3n para el recorrido a pie privado de 4 horas. Conocer\u00e1s lo mejor de Houston.<\/p>\n<h2>Puntos emblem\u00e1ticos y de inter\u00e9s<\/h2>\n<p>Este Tour privado a pie por Houston es una opci\u00f3n \u00fanica para conocer el centro de la ciudad.<\/p>\n<p>Entre otros sitios incre\u00edbles, tenga una vista en lo siguiente:<\/p>\n<ul>\n<li>Plaza del mercado hist\u00f3rico<\/li>\n<li>1884 Edificio de la Bolsa de Algod\u00f3n de Houston<\/li>\n<li>1910 Palacio de justicia del condado de Harris<\/li>\n<li>Catedral de la iglesia de Cristo<\/li>\n<li>El arroz<\/li>\n<li>Edificio JPMorgan<\/li>\n<li>Chase Edificios Esperson<\/li>\n<li>Ayuntamiento de Houston<\/li>\n<li>Edificio Julia Ideson<\/li>\n<li>Casa Nichols-Rice-Cherry<\/li>\n<li>Casa Kellum-Noble<\/li>\n<li>Parque sam houston<\/li>\n<li>\u00a1y m\u00e1s!<\/li>\n<\/ul>\n<p>Este tour privado terminar\u00e1 en un punto de encuentro ubicado en el centro de Houston. Podemos personalizar este recorrido para que se ajuste a sus necesidades exactas.<\/p>\n<p>\u00a1Estamos aqu\u00ed para organizar la mejor experiencia posible para usted! \u00a1P\u00f3ngase en contacto con uno de nuestros expertos en viajes para organizar la mejor experiencia!<\/p>\n<p>Eche un vistazo a nuestros otros tours privados en Houston. Podemos organizar un recorrido por la ciudad de Houston y tambi\u00e9n incluir el Centro Espacial de Houston. Tambi\u00e9n podemos incluir la visita al museo si lo prefiere. Simplemente comun\u00edquese con uno de nuestros expertos en viajes para una experiencia personalizada.<\/p>\n","protected":false},"excerpt":{"rendered":"<p id=\"tw-target-text\" class=\"tw-data-text tw-text-large XcVN5d tw-ta\" dir=\"ltr\" data-placeholder=\"Traducci\u00f3n\">Realice este tour privado a pie por Houston y tenga la oportunidad de disfrutar de lo mejor de la ciudad de Houston. <span class=\"JLqJ4b ChMk0b\" data-language-for-alternatives=\"es\" data-language-to-translate-into=\"fr\" data-phrase-index=\"1\">Un gran recorrido privado a pie por la ciudad.<\/span><\/p>\n","protected":false},"featured_media":87874,"comment_status":"open","ping_status":"closed","template":"","meta":{"_acf_changed":false},"product_brand":[],"product_cat":[1602,3138,3150,3153,3156],"product_tag":[],"class_list":{"0":"post-87895","1":"product","2":"type-product","3":"status-publish","4":"has-post-thumbnail","6":"product_cat-eeuu-es","7":"product_cat-houston-es","8":"product_cat-houston-actividades-es","9":"product_cat-houston-tours-es","10":"product_cat-houston-a-pie-es","12":"first","13":"instock","14":"shipping-taxable","15":"purchasable","16":"product-type-simple"},"acf":[],"yoast_head":"<!-- This site is optimized with the Yoast SEO Premium plugin v25.3.1 (Yoast SEO v25.3.1) - https:\/\/yoast.com\/wordpress\/plugins\/seo\/ -->\n<title>Tour privado a pie por Houston con un gu\u00eda tur\u00edstico. Tour privado a pie<\/title>\n<meta name=\"description\" content=\"Realice este tour privado a pie por Houston y tenga la oportunidad de disfrutar de lo mejor de la ciudad de Houston. Un gran recorrido privado a pie por la ciudad.\" \/>\n<meta name=\"robots\" content=\"index, follow, max-snippet:-1, max-image-preview:large, max-video-preview:-1\" \/>\n<link rel=\"canonical\" href=\"https:\/\/tourtravelandmore.com\/es\/tours\/eeuu-es\/houston-es\/houston-actividades-es\/tour-privado-a-pie-por-houston\/\" \/>\n<meta property=\"og:locale\" content=\"es_ES\" \/>\n<meta property=\"og:type\" content=\"article\" \/>\n<meta property=\"og:title\" content=\"Tour privado a pie por Houston\" \/>\n<meta property=\"og:description\" content=\"Realice este tour privado a pie por Houston y tenga la oportunidad de disfrutar de lo mejor de la ciudad de Houston. Un gran recorrido privado a pie por la ciudad.\" \/>\n<meta property=\"og:url\" content=\"https:\/\/tourtravelandmore.com\/es\/tours\/eeuu-es\/houston-es\/houston-actividades-es\/tour-privado-a-pie-por-houston\/\" \/>\n<meta property=\"og:site_name\" content=\"Tour Travel And More\" \/>\n<meta property=\"article:publisher\" content=\"https:\/\/www.facebook.com\/tourtravelandmore\/\" \/>\n<meta property=\"article:modified_time\" content=\"2020-11-24T11:31:20+00:00\" \/>\n<meta property=\"og:image\" content=\"https:\/\/tourtravelandmore.com\/wp-content\/uploads\/2020\/11\/Houston-4-scaled.jpg\" \/>\n\t<meta property=\"og:image:width\" content=\"1707\" \/>\n\t<meta property=\"og:image:height\" content=\"2560\" \/>\n\t<meta property=\"og:image:type\" content=\"image\/jpeg\" \/>\n<meta name=\"twitter:card\" content=\"summary_large_image\" \/>\n<meta name=\"twitter:site\" content=\"@TourTravel_More\" \/>\n<meta name=\"twitter:label1\" content=\"Tiempo de lectura\" \/>\n\t<meta name=\"twitter:data1\" content=\"2 minutos\" \/>\n<script type=\"application\/ld+json\" class=\"yoast-schema-graph\">{\"@context\":\"https:\/\/schema.org\",\"@graph\":[{\"@type\":\"WebPage\",\"@id\":\"https:\/\/tourtravelandmore.com\/es\/tours\/eeuu-es\/houston-es\/houston-actividades-es\/tour-privado-a-pie-por-houston\/\",\"url\":\"https:\/\/tourtravelandmore.com\/es\/tours\/eeuu-es\/houston-es\/houston-actividades-es\/tour-privado-a-pie-por-houston\/\",\"name\":\"Tour privado a pie por Houston con un gu\u00eda tur\u00edstico. Tour privado a pie\",\"isPartOf\":{\"@id\":\"https:\/\/tourtravelandmore.com\/es\/#website\"},\"primaryImageOfPage\":{\"@id\":\"https:\/\/tourtravelandmore.com\/es\/tours\/eeuu-es\/houston-es\/houston-actividades-es\/tour-privado-a-pie-por-houston\/#primaryimage\"},\"image\":{\"@id\":\"https:\/\/tourtravelandmore.com\/es\/tours\/eeuu-es\/houston-es\/houston-actividades-es\/tour-privado-a-pie-por-houston\/#primaryimage\"},\"thumbnailUrl\":\"https:\/\/tourtravelandmore.com\/wp-content\/uploads\/2020\/11\/Houston-4-scaled.jpg\",\"datePublished\":\"2020-11-24T11:00:12+00:00\",\"dateModified\":\"2020-11-24T11:31:20+00:00\",\"description\":\"Realice este tour privado a pie por Houston y tenga la oportunidad de disfrutar de lo mejor de la ciudad de Houston. Un gran recorrido privado a pie por la ciudad.\",\"breadcrumb\":{\"@id\":\"https:\/\/tourtravelandmore.com\/es\/tours\/eeuu-es\/houston-es\/houston-actividades-es\/tour-privado-a-pie-por-houston\/#breadcrumb\"},\"inLanguage\":\"es\",\"potentialAction\":[{\"@type\":\"ReadAction\",\"target\":[\"https:\/\/tourtravelandmore.com\/es\/tours\/eeuu-es\/houston-es\/houston-actividades-es\/tour-privado-a-pie-por-houston\/\"]}]},{\"@type\":\"ImageObject\",\"inLanguage\":\"es\",\"@id\":\"https:\/\/tourtravelandmore.com\/es\/tours\/eeuu-es\/houston-es\/houston-actividades-es\/tour-privado-a-pie-por-houston\/#primaryimage\",\"url\":\"https:\/\/tourtravelandmore.com\/wp-content\/uploads\/2020\/11\/Houston-4-scaled.jpg\",\"contentUrl\":\"https:\/\/tourtravelandmore.com\/wp-content\/uploads\/2020\/11\/Houston-4-scaled.jpg\",\"width\":1707,\"height\":2560},{\"@type\":\"BreadcrumbList\",\"@id\":\"https:\/\/tourtravelandmore.com\/es\/tours\/eeuu-es\/houston-es\/houston-actividades-es\/tour-privado-a-pie-por-houston\/#breadcrumb\",\"itemListElement\":[{\"@type\":\"ListItem\",\"position\":1,\"name\":\"Home\",\"item\":\"https:\/\/tourtravelandmore.com\/es\/\"},{\"@type\":\"ListItem\",\"position\":2,\"name\":\"Tours\",\"item\":\"https:\/\/tourtravelandmore.com\/es\/tours\/\"},{\"@type\":\"ListItem\",\"position\":3,\"name\":\"Tour privado a pie por Houston\"}]},{\"@type\":\"WebSite\",\"@id\":\"https:\/\/tourtravelandmore.com\/es\/#website\",\"url\":\"https:\/\/tourtravelandmore.com\/es\/\",\"name\":\"Tour Travel And More\",\"description\":\"Private sightseeing tours and luxury transfers in Spain\",\"publisher\":{\"@id\":\"https:\/\/tourtravelandmore.com\/es\/#organization\"},\"potentialAction\":[{\"@type\":\"SearchAction\",\"target\":{\"@type\":\"EntryPoint\",\"urlTemplate\":\"https:\/\/tourtravelandmore.com\/es\/?s={search_term_string}\"},\"query-input\":{\"@type\":\"PropertyValueSpecification\",\"valueRequired\":true,\"valueName\":\"search_term_string\"}}],\"inLanguage\":\"es\"},{\"@type\":\"Organization\",\"@id\":\"https:\/\/tourtravelandmore.com\/es\/#organization\",\"name\":\"Tour Travel And More\",\"url\":\"https:\/\/tourtravelandmore.com\/es\/\",\"logo\":{\"@type\":\"ImageObject\",\"inLanguage\":\"es\",\"@id\":\"https:\/\/tourtravelandmore.com\/es\/#\/schema\/logo\/image\/\",\"url\":\"https:\/\/tourtravelandmore.com\/wp-content\/uploads\/2022\/12\/cropped-logo-cabecera-new.png\",\"contentUrl\":\"https:\/\/tourtravelandmore.com\/wp-content\/uploads\/2022\/12\/cropped-logo-cabecera-new.png\",\"width\":430,\"height\":61,\"caption\":\"Tour Travel And More\"},\"image\":{\"@id\":\"https:\/\/tourtravelandmore.com\/es\/#\/schema\/logo\/image\/\"},\"sameAs\":[\"https:\/\/www.facebook.com\/tourtravelandmore\/\",\"https:\/\/x.com\/TourTravel_More\"]}]}<\/script>\n<!-- \/ Yoast SEO Premium plugin. -->","yoast_head_json":{"title":"Tour privado a pie por Houston con un gu\u00eda tur\u00edstico. Tour privado a pie","description":"Realice este tour privado a pie por Houston y tenga la oportunidad de disfrutar de lo mejor de la ciudad de Houston. Un gran recorrido privado a pie por la ciudad.","robots":{"index":"index","follow":"follow","max-snippet":"max-snippet:-1","max-image-preview":"max-image-preview:large","max-video-preview":"max-video-preview:-1"},"canonical":"https:\/\/tourtravelandmore.com\/es\/tours\/eeuu-es\/houston-es\/houston-actividades-es\/tour-privado-a-pie-por-houston\/","og_locale":"es_ES","og_type":"article","og_title":"Tour privado a pie por Houston","og_description":"Realice este tour privado a pie por Houston y tenga la oportunidad de disfrutar de lo mejor de la ciudad de Houston. Un gran recorrido privado a pie por la ciudad.","og_url":"https:\/\/tourtravelandmore.com\/es\/tours\/eeuu-es\/houston-es\/houston-actividades-es\/tour-privado-a-pie-por-houston\/","og_site_name":"Tour Travel And More","article_publisher":"https:\/\/www.facebook.com\/tourtravelandmore\/","article_modified_time":"2020-11-24T11:31:20+00:00","og_image":[{"width":1707,"height":2560,"url":"https:\/\/tourtravelandmore.com\/wp-content\/uploads\/2020\/11\/Houston-4-scaled.jpg","type":"image\/jpeg"}],"twitter_card":"summary_large_image","twitter_site":"@TourTravel_More","twitter_misc":{"Tiempo de lectura":"2 minutos"},"schema":{"@context":"https:\/\/schema.org","@graph":[{"@type":"WebPage","@id":"https:\/\/tourtravelandmore.com\/es\/tours\/eeuu-es\/houston-es\/houston-actividades-es\/tour-privado-a-pie-por-houston\/","url":"https:\/\/tourtravelandmore.com\/es\/tours\/eeuu-es\/houston-es\/houston-actividades-es\/tour-privado-a-pie-por-houston\/","name":"Tour privado a pie por Houston con un gu\u00eda tur\u00edstico. Tour privado a pie","isPartOf":{"@id":"https:\/\/tourtravelandmore.com\/es\/#website"},"primaryImageOfPage":{"@id":"https:\/\/tourtravelandmore.com\/es\/tours\/eeuu-es\/houston-es\/houston-actividades-es\/tour-privado-a-pie-por-houston\/#primaryimage"},"image":{"@id":"https:\/\/tourtravelandmore.com\/es\/tours\/eeuu-es\/houston-es\/houston-actividades-es\/tour-privado-a-pie-por-houston\/#primaryimage"},"thumbnailUrl":"https:\/\/tourtravelandmore.com\/wp-content\/uploads\/2020\/11\/Houston-4-scaled.jpg","datePublished":"2020-11-24T11:00:12+00:00","dateModified":"2020-11-24T11:31:20+00:00","description":"Realice este tour privado a pie por Houston y tenga la oportunidad de disfrutar de lo mejor de la ciudad de Houston. Un gran recorrido privado a pie por la ciudad.","breadcrumb":{"@id":"https:\/\/tourtravelandmore.com\/es\/tours\/eeuu-es\/houston-es\/houston-actividades-es\/tour-privado-a-pie-por-houston\/#breadcrumb"},"inLanguage":"es","potentialAction":[{"@type":"ReadAction","target":["https:\/\/tourtravelandmore.com\/es\/tours\/eeuu-es\/houston-es\/houston-actividades-es\/tour-privado-a-pie-por-houston\/"]}]},{"@type":"ImageObject","inLanguage":"es","@id":"https:\/\/tourtravelandmore.com\/es\/tours\/eeuu-es\/houston-es\/houston-actividades-es\/tour-privado-a-pie-por-houston\/#primaryimage","url":"https:\/\/tourtravelandmore.com\/wp-content\/uploads\/2020\/11\/Houston-4-scaled.jpg","contentUrl":"https:\/\/tourtravelandmore.com\/wp-content\/uploads\/2020\/11\/Houston-4-scaled.jpg","width":1707,"height":2560},{"@type":"BreadcrumbList","@id":"https:\/\/tourtravelandmore.com\/es\/tours\/eeuu-es\/houston-es\/houston-actividades-es\/tour-privado-a-pie-por-houston\/#breadcrumb","itemListElement":[{"@type":"ListItem","position":1,"name":"Home","item":"https:\/\/tourtravelandmore.com\/es\/"},{"@type":"ListItem","position":2,"name":"Tours","item":"https:\/\/tourtravelandmore.com\/es\/tours\/"},{"@type":"ListItem","position":3,"name":"Tour privado a pie por Houston"}]},{"@type":"WebSite","@id":"https:\/\/tourtravelandmore.com\/es\/#website","url":"https:\/\/tourtravelandmore.com\/es\/","name":"Tour Travel And More","description":"Private sightseeing tours and luxury transfers in Spain","publisher":{"@id":"https:\/\/tourtravelandmore.com\/es\/#organization"},"potentialAction":[{"@type":"SearchAction","target":{"@type":"EntryPoint","urlTemplate":"https:\/\/tourtravelandmore.com\/es\/?s={search_term_string}"},"query-input":{"@type":"PropertyValueSpecification","valueRequired":true,"valueName":"search_term_string"}}],"inLanguage":"es"},{"@type":"Organization","@id":"https:\/\/tourtravelandmore.com\/es\/#organization","name":"Tour Travel And More","url":"https:\/\/tourtravelandmore.com\/es\/","logo":{"@type":"ImageObject","inLanguage":"es","@id":"https:\/\/tourtravelandmore.com\/es\/#\/schema\/logo\/image\/","url":"https:\/\/tourtravelandmore.com\/wp-content\/uploads\/2022\/12\/cropped-logo-cabecera-new.png","contentUrl":"https:\/\/tourtravelandmore.com\/wp-content\/uploads\/2022\/12\/cropped-logo-cabecera-new.png","width":430,"height":61,"caption":"Tour Travel And More"},"image":{"@id":"https:\/\/tourtravelandmore.com\/es\/#\/schema\/logo\/image\/"},"sameAs":["https:\/\/www.facebook.com\/tourtravelandmore\/","https:\/\/x.com\/TourTravel_More"]}]}},"_links":{"self":[{"href":"https:\/\/tourtravelandmore.com\/es\/wp-json\/wp\/v2\/product\/87895","targetHints":{"allow":["GET"]}}],"collection":[{"href":"https:\/\/tourtravelandmore.com\/es\/wp-json\/wp\/v2\/product"}],"about":[{"href":"https:\/\/tourtravelandmore.com\/es\/wp-json\/wp\/v2\/types\/product"}],"replies":[{"embeddable":true,"href":"https:\/\/tourtravelandmore.com\/es\/wp-json\/wp\/v2\/comments?post=87895"}],"wp:featuredmedia":[{"embeddable":true,"href":"https:\/\/tourtravelandmore.com\/es\/wp-json\/wp\/v2\/media\/87874"}],"wp:attachment":[{"href":"https:\/\/tourtravelandmore.com\/es\/wp-json\/wp\/v2\/media?parent=87895"}],"wp:term":[{"taxonomy":"product_brand","embeddable":true,"href":"https:\/\/tourtravelandmore.com\/es\/wp-json\/wp\/v2\/product_brand?post=87895"},{"taxonomy":"product_cat","embeddable":true,"href":"https:\/\/tourtravelandmore.com\/es\/wp-json\/wp\/v2\/product_cat?post=87895"},{"taxonomy":"product_tag","embeddable":true,"href":"https:\/\/tourtravelandmore.com\/es\/wp-json\/wp\/v2\/product_tag?post=87895"}],"curies":[{"name":"wp","href":"https:\/\/api.w.org\/{rel}","templated":true}]}}