{"id":87838,"date":"2020-11-24T11:15:58","date_gmt":"2020-11-24T10:15:59","guid":{"rendered":"https:\/\/tourtravelandmore.com\/?post_type=product&#038;p=87838"},"modified":"2020-11-24T12:32:50","modified_gmt":"2020-11-24T11:32:50","slug":"tour-privado-de-houston","status":"publish","type":"product","link":"https:\/\/tourtravelandmore.com\/es\/tours\/eeuu-es\/houston-es\/houston-actividades-es\/tour-privado-de-houston\/","title":{"rendered":"Tour privado de Houston"},"content":{"rendered":"<h2 id=\"tw-target-text\" class=\"tw-data-text tw-text-large XcVN5d tw-ta\" dir=\"ltr\" data-placeholder=\"Traducci\u00f3n\"><span lang=\"es\">Descripci\u00f3n <\/span><\/h2>\n<p>Conozca lo mejor de Houston con nuestro Tour privado por Houston.<\/p>\n<p>\u00a1Aprovecha esta oportunidad para conocer la metr\u00f3polis de Houston que se encuentra en Texas! Por supuesto, uno de los lugares m\u00e1s memorables es el Space Center Houston. Tambi\u00e9n podemos organizar un recorrido que incluye la visita a la NASA.<\/p>\n<p>Houston es la ciudad m\u00e1s poblada de Texas. Conocida como la capital mundial de la exploraci\u00f3n espacial, Houston es una ciudad que tiene mucho que ofrecer.<\/p>\n<p>Organizaremos una c\u00f3moda recogida en su hotel o lugar de elecci\u00f3n en Houston. Luego nos dirigiremos hacia el centro de la ciudad de Houston y disfrutaremos de lo mejor de Houston en este tour privado por Houston.<\/p>\n<p>\u00a1Houston es un im\u00e1n tur\u00edstico! Nuestro gu\u00eda tur\u00edstico privado estar\u00e1 a su disposici\u00f3n para una experiencia incre\u00edble de 4 horas.<\/p>\n<p>Podemos organizar un recorrido m\u00e1s largo si lo desea. Todos nuestros tours son personalizados y \u00fanicos.<\/p>\n<h2>Puntos emblem\u00e1ticos y de inter\u00e9s<\/h2>\n<p>\u00a1Disfruta de nuestro Tour Privado por Houston y conoce las mejores partes de esta ciudad en Texas!<\/p>\n<p>Entre muchos otros, disfrute de algunos de los siguientes sitios:<\/p>\n<ul>\n<li>Museo de Ciencias Naturales (vista exterior, podemos organizar entradas si lo desea)<\/li>\n<li>Vista exterior del museo infantil. Aqu\u00ed tambi\u00e9n podemos organizar la entrada si lo desea.<\/li>\n<li>Opcional Space Center Houston sotp<\/li>\n<li>Descubrimiento Verde<\/li>\n<li>Centro de la ciudad<\/li>\n<li>Minute Maid Park &#8211; Parque de b\u00e9isbol de las Grandes Ligas de los Astros<\/li>\n<li>La Galleria Parque Hines<\/li>\n<li>Waterwall Torre<\/li>\n<li>JPMorgan Chase<\/li>\n<li>Parque Buffalo Bayou<\/li>\n<li>M\u00e1s<\/li>\n<\/ul>\n<p>Finalmente, haga que nuestro gu\u00eda tur\u00edstico privado y chofer lo lleve de regreso a su hotel o lugar de elecci\u00f3n en Houston. Eche un vistazo a nuestros otros tours privados que puede disfrutar y ver en Houston.<\/p>\n","protected":false},"excerpt":{"rendered":"<p id=\"tw-target-text\" class=\"tw-data-text tw-text-large XcVN5d tw-ta\" dir=\"ltr\" data-placeholder=\"Traducci\u00f3n\">Realice este tour privado por Houston y tenga la oportunidad de disfrutar de lo mejor de la ciudad de Houston. <span class=\"JLqJ4b ChMk0b\" data-language-for-alternatives=\"es\" data-language-to-translate-into=\"fr\" data-phrase-index=\"1\">Un gran recorrido privado por la ciudad.<\/span><\/p>\n","protected":false},"featured_media":87865,"comment_status":"open","ping_status":"closed","template":"","meta":{"_acf_changed":false},"product_brand":[],"product_cat":[1602,3138,3150,3153],"product_tag":[],"class_list":{"0":"post-87838","1":"product","2":"type-product","3":"status-publish","4":"has-post-thumbnail","6":"product_cat-eeuu-es","7":"product_cat-houston-es","8":"product_cat-houston-actividades-es","9":"product_cat-houston-tours-es","11":"first","12":"instock","13":"shipping-taxable","14":"purchasable","15":"product-type-simple"},"acf":[],"yoast_head":"<!-- This site is optimized with the Yoast SEO Premium plugin v25.3.1 (Yoast SEO v25.3.1) - https:\/\/yoast.com\/wordpress\/plugins\/seo\/ -->\n<title>Tour privado de Houston con conductor y gu\u00eda tur\u00edstico<\/title>\n<meta name=\"description\" content=\"Realice este tour privado por Houston y tenga la oportunidad de disfrutar de lo mejor de la ciudad de Houston. Un gran recorrido privado por la ciudad.\" \/>\n<meta name=\"robots\" content=\"index, follow, max-snippet:-1, max-image-preview:large, max-video-preview:-1\" \/>\n<link rel=\"canonical\" href=\"https:\/\/tourtravelandmore.com\/es\/tours\/eeuu-es\/houston-es\/houston-actividades-es\/tour-privado-de-houston\/\" \/>\n<meta property=\"og:locale\" content=\"es_ES\" \/>\n<meta property=\"og:type\" content=\"article\" \/>\n<meta property=\"og:title\" content=\"Tour privado de Houston\" \/>\n<meta property=\"og:description\" content=\"Realice este tour privado por Houston y tenga la oportunidad de disfrutar de lo mejor de la ciudad de Houston. Un gran recorrido privado por la ciudad.\" \/>\n<meta property=\"og:url\" content=\"https:\/\/tourtravelandmore.com\/es\/tours\/eeuu-es\/houston-es\/houston-actividades-es\/tour-privado-de-houston\/\" \/>\n<meta property=\"og:site_name\" content=\"Tour Travel And More\" \/>\n<meta property=\"article:publisher\" content=\"https:\/\/www.facebook.com\/tourtravelandmore\/\" \/>\n<meta property=\"article:modified_time\" content=\"2020-11-24T11:32:50+00:00\" \/>\n<meta property=\"og:image\" content=\"https:\/\/tourtravelandmore.com\/wp-content\/uploads\/2020\/11\/Houston-1-scaled.jpg\" \/>\n\t<meta property=\"og:image:width\" content=\"1708\" \/>\n\t<meta property=\"og:image:height\" content=\"2560\" \/>\n\t<meta property=\"og:image:type\" content=\"image\/jpeg\" \/>\n<meta name=\"twitter:card\" content=\"summary_large_image\" \/>\n<meta name=\"twitter:site\" content=\"@TourTravel_More\" \/>\n<meta name=\"twitter:label1\" content=\"Tiempo de lectura\" \/>\n\t<meta name=\"twitter:data1\" content=\"2 minutos\" \/>\n<script type=\"application\/ld+json\" class=\"yoast-schema-graph\">{\"@context\":\"https:\/\/schema.org\",\"@graph\":[{\"@type\":\"WebPage\",\"@id\":\"https:\/\/tourtravelandmore.com\/es\/tours\/eeuu-es\/houston-es\/houston-actividades-es\/tour-privado-de-houston\/\",\"url\":\"https:\/\/tourtravelandmore.com\/es\/tours\/eeuu-es\/houston-es\/houston-actividades-es\/tour-privado-de-houston\/\",\"name\":\"Tour privado de Houston con conductor y gu\u00eda tur\u00edstico\",\"isPartOf\":{\"@id\":\"https:\/\/tourtravelandmore.com\/es\/#website\"},\"primaryImageOfPage\":{\"@id\":\"https:\/\/tourtravelandmore.com\/es\/tours\/eeuu-es\/houston-es\/houston-actividades-es\/tour-privado-de-houston\/#primaryimage\"},\"image\":{\"@id\":\"https:\/\/tourtravelandmore.com\/es\/tours\/eeuu-es\/houston-es\/houston-actividades-es\/tour-privado-de-houston\/#primaryimage\"},\"thumbnailUrl\":\"https:\/\/tourtravelandmore.com\/wp-content\/uploads\/2020\/11\/Houston-1-scaled.jpg\",\"datePublished\":\"2020-11-24T10:15:59+00:00\",\"dateModified\":\"2020-11-24T11:32:50+00:00\",\"description\":\"Realice este tour privado por Houston y tenga la oportunidad de disfrutar de lo mejor de la ciudad de Houston. Un gran recorrido privado por la ciudad.\",\"breadcrumb\":{\"@id\":\"https:\/\/tourtravelandmore.com\/es\/tours\/eeuu-es\/houston-es\/houston-actividades-es\/tour-privado-de-houston\/#breadcrumb\"},\"inLanguage\":\"es\",\"potentialAction\":[{\"@type\":\"ReadAction\",\"target\":[\"https:\/\/tourtravelandmore.com\/es\/tours\/eeuu-es\/houston-es\/houston-actividades-es\/tour-privado-de-houston\/\"]}]},{\"@type\":\"ImageObject\",\"inLanguage\":\"es\",\"@id\":\"https:\/\/tourtravelandmore.com\/es\/tours\/eeuu-es\/houston-es\/houston-actividades-es\/tour-privado-de-houston\/#primaryimage\",\"url\":\"https:\/\/tourtravelandmore.com\/wp-content\/uploads\/2020\/11\/Houston-1-scaled.jpg\",\"contentUrl\":\"https:\/\/tourtravelandmore.com\/wp-content\/uploads\/2020\/11\/Houston-1-scaled.jpg\",\"width\":1708,\"height\":2560},{\"@type\":\"BreadcrumbList\",\"@id\":\"https:\/\/tourtravelandmore.com\/es\/tours\/eeuu-es\/houston-es\/houston-actividades-es\/tour-privado-de-houston\/#breadcrumb\",\"itemListElement\":[{\"@type\":\"ListItem\",\"position\":1,\"name\":\"Home\",\"item\":\"https:\/\/tourtravelandmore.com\/es\/\"},{\"@type\":\"ListItem\",\"position\":2,\"name\":\"Tours\",\"item\":\"https:\/\/tourtravelandmore.com\/es\/tours\/\"},{\"@type\":\"ListItem\",\"position\":3,\"name\":\"Tour privado de Houston\"}]},{\"@type\":\"WebSite\",\"@id\":\"https:\/\/tourtravelandmore.com\/es\/#website\",\"url\":\"https:\/\/tourtravelandmore.com\/es\/\",\"name\":\"Tour Travel And More\",\"description\":\"Private sightseeing tours and luxury transfers in Spain\",\"publisher\":{\"@id\":\"https:\/\/tourtravelandmore.com\/es\/#organization\"},\"potentialAction\":[{\"@type\":\"SearchAction\",\"target\":{\"@type\":\"EntryPoint\",\"urlTemplate\":\"https:\/\/tourtravelandmore.com\/es\/?s={search_term_string}\"},\"query-input\":{\"@type\":\"PropertyValueSpecification\",\"valueRequired\":true,\"valueName\":\"search_term_string\"}}],\"inLanguage\":\"es\"},{\"@type\":\"Organization\",\"@id\":\"https:\/\/tourtravelandmore.com\/es\/#organization\",\"name\":\"Tour Travel And More\",\"url\":\"https:\/\/tourtravelandmore.com\/es\/\",\"logo\":{\"@type\":\"ImageObject\",\"inLanguage\":\"es\",\"@id\":\"https:\/\/tourtravelandmore.com\/es\/#\/schema\/logo\/image\/\",\"url\":\"https:\/\/tourtravelandmore.com\/wp-content\/uploads\/2022\/12\/cropped-logo-cabecera-new.png\",\"contentUrl\":\"https:\/\/tourtravelandmore.com\/wp-content\/uploads\/2022\/12\/cropped-logo-cabecera-new.png\",\"width\":430,\"height\":61,\"caption\":\"Tour Travel And More\"},\"image\":{\"@id\":\"https:\/\/tourtravelandmore.com\/es\/#\/schema\/logo\/image\/\"},\"sameAs\":[\"https:\/\/www.facebook.com\/tourtravelandmore\/\",\"https:\/\/x.com\/TourTravel_More\"]}]}<\/script>\n<!-- \/ Yoast SEO Premium plugin. -->","yoast_head_json":{"title":"Tour privado de Houston con conductor y gu\u00eda tur\u00edstico","description":"Realice este tour privado por Houston y tenga la oportunidad de disfrutar de lo mejor de la ciudad de Houston. Un gran recorrido privado por la ciudad.","robots":{"index":"index","follow":"follow","max-snippet":"max-snippet:-1","max-image-preview":"max-image-preview:large","max-video-preview":"max-video-preview:-1"},"canonical":"https:\/\/tourtravelandmore.com\/es\/tours\/eeuu-es\/houston-es\/houston-actividades-es\/tour-privado-de-houston\/","og_locale":"es_ES","og_type":"article","og_title":"Tour privado de Houston","og_description":"Realice este tour privado por Houston y tenga la oportunidad de disfrutar de lo mejor de la ciudad de Houston. Un gran recorrido privado por la ciudad.","og_url":"https:\/\/tourtravelandmore.com\/es\/tours\/eeuu-es\/houston-es\/houston-actividades-es\/tour-privado-de-houston\/","og_site_name":"Tour Travel And More","article_publisher":"https:\/\/www.facebook.com\/tourtravelandmore\/","article_modified_time":"2020-11-24T11:32:50+00:00","og_image":[{"width":1708,"height":2560,"url":"https:\/\/tourtravelandmore.com\/wp-content\/uploads\/2020\/11\/Houston-1-scaled.jpg","type":"image\/jpeg"}],"twitter_card":"summary_large_image","twitter_site":"@TourTravel_More","twitter_misc":{"Tiempo de lectura":"2 minutos"},"schema":{"@context":"https:\/\/schema.org","@graph":[{"@type":"WebPage","@id":"https:\/\/tourtravelandmore.com\/es\/tours\/eeuu-es\/houston-es\/houston-actividades-es\/tour-privado-de-houston\/","url":"https:\/\/tourtravelandmore.com\/es\/tours\/eeuu-es\/houston-es\/houston-actividades-es\/tour-privado-de-houston\/","name":"Tour privado de Houston con conductor y gu\u00eda tur\u00edstico","isPartOf":{"@id":"https:\/\/tourtravelandmore.com\/es\/#website"},"primaryImageOfPage":{"@id":"https:\/\/tourtravelandmore.com\/es\/tours\/eeuu-es\/houston-es\/houston-actividades-es\/tour-privado-de-houston\/#primaryimage"},"image":{"@id":"https:\/\/tourtravelandmore.com\/es\/tours\/eeuu-es\/houston-es\/houston-actividades-es\/tour-privado-de-houston\/#primaryimage"},"thumbnailUrl":"https:\/\/tourtravelandmore.com\/wp-content\/uploads\/2020\/11\/Houston-1-scaled.jpg","datePublished":"2020-11-24T10:15:59+00:00","dateModified":"2020-11-24T11:32:50+00:00","description":"Realice este tour privado por Houston y tenga la oportunidad de disfrutar de lo mejor de la ciudad de Houston. Un gran recorrido privado por la ciudad.","breadcrumb":{"@id":"https:\/\/tourtravelandmore.com\/es\/tours\/eeuu-es\/houston-es\/houston-actividades-es\/tour-privado-de-houston\/#breadcrumb"},"inLanguage":"es","potentialAction":[{"@type":"ReadAction","target":["https:\/\/tourtravelandmore.com\/es\/tours\/eeuu-es\/houston-es\/houston-actividades-es\/tour-privado-de-houston\/"]}]},{"@type":"ImageObject","inLanguage":"es","@id":"https:\/\/tourtravelandmore.com\/es\/tours\/eeuu-es\/houston-es\/houston-actividades-es\/tour-privado-de-houston\/#primaryimage","url":"https:\/\/tourtravelandmore.com\/wp-content\/uploads\/2020\/11\/Houston-1-scaled.jpg","contentUrl":"https:\/\/tourtravelandmore.com\/wp-content\/uploads\/2020\/11\/Houston-1-scaled.jpg","width":1708,"height":2560},{"@type":"BreadcrumbList","@id":"https:\/\/tourtravelandmore.com\/es\/tours\/eeuu-es\/houston-es\/houston-actividades-es\/tour-privado-de-houston\/#breadcrumb","itemListElement":[{"@type":"ListItem","position":1,"name":"Home","item":"https:\/\/tourtravelandmore.com\/es\/"},{"@type":"ListItem","position":2,"name":"Tours","item":"https:\/\/tourtravelandmore.com\/es\/tours\/"},{"@type":"ListItem","position":3,"name":"Tour privado de Houston"}]},{"@type":"WebSite","@id":"https:\/\/tourtravelandmore.com\/es\/#website","url":"https:\/\/tourtravelandmore.com\/es\/","name":"Tour Travel And More","description":"Private sightseeing tours and luxury transfers in Spain","publisher":{"@id":"https:\/\/tourtravelandmore.com\/es\/#organization"},"potentialAction":[{"@type":"SearchAction","target":{"@type":"EntryPoint","urlTemplate":"https:\/\/tourtravelandmore.com\/es\/?s={search_term_string}"},"query-input":{"@type":"PropertyValueSpecification","valueRequired":true,"valueName":"search_term_string"}}],"inLanguage":"es"},{"@type":"Organization","@id":"https:\/\/tourtravelandmore.com\/es\/#organization","name":"Tour Travel And More","url":"https:\/\/tourtravelandmore.com\/es\/","logo":{"@type":"ImageObject","inLanguage":"es","@id":"https:\/\/tourtravelandmore.com\/es\/#\/schema\/logo\/image\/","url":"https:\/\/tourtravelandmore.com\/wp-content\/uploads\/2022\/12\/cropped-logo-cabecera-new.png","contentUrl":"https:\/\/tourtravelandmore.com\/wp-content\/uploads\/2022\/12\/cropped-logo-cabecera-new.png","width":430,"height":61,"caption":"Tour Travel And More"},"image":{"@id":"https:\/\/tourtravelandmore.com\/es\/#\/schema\/logo\/image\/"},"sameAs":["https:\/\/www.facebook.com\/tourtravelandmore\/","https:\/\/x.com\/TourTravel_More"]}]}},"_links":{"self":[{"href":"https:\/\/tourtravelandmore.com\/es\/wp-json\/wp\/v2\/product\/87838","targetHints":{"allow":["GET"]}}],"collection":[{"href":"https:\/\/tourtravelandmore.com\/es\/wp-json\/wp\/v2\/product"}],"about":[{"href":"https:\/\/tourtravelandmore.com\/es\/wp-json\/wp\/v2\/types\/product"}],"replies":[{"embeddable":true,"href":"https:\/\/tourtravelandmore.com\/es\/wp-json\/wp\/v2\/comments?post=87838"}],"wp:featuredmedia":[{"embeddable":true,"href":"https:\/\/tourtravelandmore.com\/es\/wp-json\/wp\/v2\/media\/87865"}],"wp:attachment":[{"href":"https:\/\/tourtravelandmore.com\/es\/wp-json\/wp\/v2\/media?parent=87838"}],"wp:term":[{"taxonomy":"product_brand","embeddable":true,"href":"https:\/\/tourtravelandmore.com\/es\/wp-json\/wp\/v2\/product_brand?post=87838"},{"taxonomy":"product_cat","embeddable":true,"href":"https:\/\/tourtravelandmore.com\/es\/wp-json\/wp\/v2\/product_cat?post=87838"},{"taxonomy":"product_tag","embeddable":true,"href":"https:\/\/tourtravelandmore.com\/es\/wp-json\/wp\/v2\/product_tag?post=87838"}],"curies":[{"name":"wp","href":"https:\/\/api.w.org\/{rel}","templated":true}]}}