{"id":87811,"date":"2020-11-24T10:23:35","date_gmt":"2020-11-24T09:23:37","guid":{"rendered":"https:\/\/tourtravelandmore.com\/?post_type=product&#038;p=87811"},"modified":"2021-08-09T13:03:04","modified_gmt":"2021-08-09T11:03:04","slug":"tour-privado-por-indianapolis","status":"publish","type":"product","link":"https:\/\/tourtravelandmore.com\/es\/tours\/eeuu-es\/indianapolis-es\/indianapolis-actividades-es\/tour-privado-por-indianapolis\/","title":{"rendered":"Tour Privado por Indian\u00e1polis"},"content":{"rendered":"<h2 id=\"tw-target-text\" class=\"tw-data-text tw-text-large XcVN5d tw-ta\" dir=\"ltr\" data-placeholder=\"Traducci\u00f3n\"><span lang=\"es\">Descripci\u00f3n del Tour Privado por Indian\u00e1polis<\/span><\/h2>\n<p>Disfrute de la ciudad de Indian\u00e1polis de la mejor manera con este <strong>tour privado por Indian\u00e1polis<\/strong>. Esta experiencia privada incluye un <strong>veh\u00edculo de lujo con conductor<\/strong> y un <strong>gu\u00eda tur\u00edstico oficial<\/strong> durante 4 horas. Podr\u00e1s admirar y descubrir todos los secretos de esta incre\u00edble ciudad en este tour.<\/p>\n<p>Organizaremos una recogida privada en su hotel o lugar de elecci\u00f3n en Indian\u00e1polis. Tambi\u00e9n podemos organizar una recogida en el aeropuerto en caso de que lo necesite. Este tour privado puede realizarse por la ma\u00f1ana o por la tarde.<\/p>\n<p><strong>Indian\u00e1polis<\/strong> es la capital del estado de Indiana y est\u00e1 ubicada a orillas del r\u00edo Blanco. La ciudad funciona como un gran centro de fabricaci\u00f3n de autom\u00f3viles. Tambi\u00e9n es muy conocido por sus eventos deportivos y culturales como el Festival Internacional de Indian\u00e1polis, el Festival de Cine Heartland y mucho m\u00e1s. La ciudad tambi\u00e9n es muy atractiva debido a su arquitectura donde encontrar\u00e1s edificios modernos e hist\u00f3ricos \u00fanicos.<\/p>\n<p>Tenemos m\u00faltiples opciones de tours privados en y desde Indian\u00e1polis, eche un vistazo a nuestra lista de productos privados.<\/p>\n<h2 id=\"tw-target-text\" class=\"tw-data-text tw-text-large XcVN5d tw-ta\" dir=\"ltr\" data-placeholder=\"Traducci\u00f3n\">Puntos de inter\u00e9s en la Ciudad de Indian\u00e1polis<\/h2>\n<p>En primer lugar, su conductor privado y gu\u00eda tur\u00edstico oficial lo recoger\u00e1n en su hotel a la hora deseada por usted. <span class=\"JLqJ4b ChMk0b\" data-language-for-alternatives=\"es\" data-language-to-translate-into=\"en\" data-phrase-index=\"1\">Luego, disfrutar\u00e1 de un tour privado por Indian\u00e1polis de media d\u00eda.<\/span><\/p>\n<p><span class=\"JLqJ4b ChMk0b\" data-language-for-alternatives=\"es\" data-language-to-translate-into=\"en\" data-phrase-index=\"1\"><span class=\"JLqJ4b\" data-language-for-alternatives=\"es\" data-language-to-translate-into=\"en\" data-phrase-index=\"2\"><strong>Indian\u00e1polis<\/strong> es una ciudad hermosa y \u00fanica, y tan pronto como comiences a recorrer sus calles, sabr\u00e1s por qu\u00e9. Entre otros monumentos y lugares podr\u00e1s visitar:<\/span><\/span><\/p>\n<ul>\n<li><strong>Museo del Estado de Indiana <\/strong><\/li>\n<li><strong><span class=\"JLqJ4b\" data-language-for-alternatives=\"es\" data-language-to-translate-into=\"en\" data-phrase-index=\"1\"><span class=\"JLqJ4b ChMk0b\" data-language-for-alternatives=\"es\" data-language-to-translate-into=\"en\" data-phrase-index=\"2\">Zool\u00f3gico de Indian\u00e1polis <\/span><\/span><\/strong><\/li>\n<li><strong><span class=\"JLqJ4b\" data-language-for-alternatives=\"es\" data-language-to-translate-into=\"en\" data-phrase-index=\"1\"><span class=\"JLqJ4b ChMk0b\" data-language-for-alternatives=\"es\" data-language-to-translate-into=\"en\" data-phrase-index=\"2\">Jardines de White River <\/span><\/span><\/strong><\/li>\n<li><strong><span class=\"JLqJ4b\" data-language-for-alternatives=\"es\" data-language-to-translate-into=\"en\" data-phrase-index=\"1\"><span class=\"JLqJ4b ChMk0b\" data-language-for-alternatives=\"es\" data-language-to-translate-into=\"en\" data-phrase-index=\"2\">Parque Militar <\/span><\/span><\/strong><\/li>\n<li><strong><span class=\"JLqJ4b\" data-language-for-alternatives=\"es\" data-language-to-translate-into=\"en\" data-phrase-index=\"1\"><span class=\"JLqJ4b ChMk0b\" data-language-for-alternatives=\"es\" data-language-to-translate-into=\"en\" data-phrase-index=\"2\">Centro de convenciones de Indiana <\/span><\/span><\/strong><\/li>\n<li><strong><span class=\"JLqJ4b\" data-language-for-alternatives=\"es\" data-language-to-translate-into=\"en\" data-phrase-index=\"1\"><span class=\"JLqJ4b ChMk0b\" data-language-for-alternatives=\"es\" data-language-to-translate-into=\"en\" data-phrase-index=\"2\">Biblioteca del Estado de Indiana <\/span><\/span><\/strong><\/li>\n<li><strong><span class=\"JLqJ4b\" data-language-for-alternatives=\"es\" data-language-to-translate-into=\"en\" data-phrase-index=\"1\"><span class=\"JLqJ4b ChMk0b\" data-language-for-alternatives=\"es\" data-language-to-translate-into=\"en\" data-phrase-index=\"2\">Centro de Gobierno del Estado de Indiana <\/span><\/span><\/strong><\/li>\n<li><strong><span class=\"JLqJ4b\" data-language-for-alternatives=\"es\" data-language-to-translate-into=\"en\" data-phrase-index=\"1\"><span class=\"JLqJ4b ChMk0b\" data-language-for-alternatives=\"es\" data-language-to-translate-into=\"en\" data-phrase-index=\"2\">Biblioteca <\/span><\/span><span class=\"JLqJ4b\" data-language-for-alternatives=\"es\" data-language-to-translate-into=\"en\" data-phrase-index=\"1\"><span class=\"JLqJ4b ChMk0b\" data-language-for-alternatives=\"es\" data-language-to-translate-into=\"en\" data-phrase-index=\"2\">Universitaria <\/span><\/span><\/strong><\/li>\n<li><a href=\"https:\/\/www.childrensmuseum.org\"><span class=\"JLqJ4b\" data-language-for-alternatives=\"es\" data-language-to-translate-into=\"en\" data-phrase-index=\"1\"><span class=\"JLqJ4b ChMk0b\" data-language-for-alternatives=\"es\" data-language-to-translate-into=\"en\" data-phrase-index=\"2\">Museo de Ni\u00f1os de Indian\u00e1polis <\/span><\/span><\/a><\/li>\n<li><strong><span class=\"JLqJ4b\" data-language-for-alternatives=\"es\" data-language-to-translate-into=\"en\" data-phrase-index=\"1\"><span class=\"JLqJ4b ChMk0b\" data-language-for-alternatives=\"es\" data-language-to-translate-into=\"en\" data-phrase-index=\"2\">Canal Central <\/span><\/span><\/strong><\/li>\n<li><strong><span class=\"JLqJ4b\" data-language-for-alternatives=\"es\" data-language-to-translate-into=\"en\" data-phrase-index=\"1\"><span class=\"JLqJ4b ChMk0b\" data-language-for-alternatives=\"es\" data-language-to-translate-into=\"en\" data-phrase-index=\"2\">Parque Estatal White River <\/span><\/span><\/strong><\/li>\n<li><strong><span class=\"JLqJ4b\" data-language-for-alternatives=\"es\" data-language-to-translate-into=\"en\" data-phrase-index=\"1\"><span class=\"JLqJ4b ChMk0b\" data-language-for-alternatives=\"es\" data-language-to-translate-into=\"en\" data-phrase-index=\"2\">Monumento al soldado y al marinero <\/span><\/span><\/strong><\/li>\n<li><strong><span class=\"JLqJ4b\" data-language-for-alternatives=\"es\" data-language-to-translate-into=\"en\" data-phrase-index=\"1\"><span class=\"JLqJ4b ChMk0b\" data-language-for-alternatives=\"es\" data-language-to-translate-into=\"en\" data-phrase-index=\"2\">Campo de la Victoria<\/span><\/span><\/strong><\/li>\n<li><strong><span class=\"JLqJ4b\" data-language-for-alternatives=\"es\" data-language-to-translate-into=\"en\" data-phrase-index=\"1\"><span class=\"JLqJ4b ChMk0b\" data-language-for-alternatives=\"es\" data-language-to-translate-into=\"en\" data-phrase-index=\"2\">Lugar Presidencial <\/span><\/span><\/strong><\/li>\n<li><strong><span class=\"JLqJ4b\" data-language-for-alternatives=\"es\" data-language-to-translate-into=\"en\" data-phrase-index=\"1\"><span class=\"JLqJ4b ChMk0b\" data-language-for-alternatives=\"es\" data-language-to-translate-into=\"en\" data-phrase-index=\"2\">\u00a1Y mucho m\u00e1s!<\/span><\/span><\/strong><\/li>\n<\/ul>\n<p>Podemos incluir la entrada a cualquier monumento o museo que desee visitar. <span class=\"JLqJ4b ChMk0b\" data-language-for-alternatives=\"es\" data-language-to-translate-into=\"en\" data-phrase-index=\"1\">Solo tienes que contactarnos a <strong>Tour Travel &amp; More<\/strong> y organizaremos tus vacaciones perfectas para ti. Es decir, \u00a1que lo pasar\u00e1s genial con nosotros! <\/span><\/p>\n<p><span class=\"JLqJ4b ChMk0b\" data-language-for-alternatives=\"es\" data-language-to-translate-into=\"en\" data-phrase-index=\"1\"><span class=\"JLqJ4b\" data-language-for-alternatives=\"es\" data-language-to-translate-into=\"en\" data-phrase-index=\"3\">Finalmente, al final de la visita, su conductor privado y gu\u00eda tur\u00edstico lo llevar\u00e1n de regreso a su hotel.<\/span><\/span><\/p>\n","protected":false},"excerpt":{"rendered":"<p id=\"tw-target-text\" class=\"tw-data-text tw-text-large XcVN5d tw-ta\" dir=\"ltr\" data-placeholder=\"Traducci\u00f3n\">Disfrute de este<strong> Tour Privado por Indian\u00e1polis<\/strong> con Tour Travel &amp; More y recorra cada calle, esquina y lugar de esta fant\u00e1stica ciudad. Tendr\u00e1 a su disposici\u00f3n un gu\u00eda oficial local y un chofer privado.<\/p>\n","protected":false},"featured_media":87808,"comment_status":"open","ping_status":"closed","template":"","meta":{"_acf_changed":false},"product_brand":[],"product_cat":[1602,3103,3106,3109],"product_tag":[],"class_list":{"0":"post-87811","1":"product","2":"type-product","3":"status-publish","4":"has-post-thumbnail","6":"product_cat-eeuu-es","7":"product_cat-indianapolis-es","8":"product_cat-indianapolis-actividades-es","9":"product_cat-indianapolis-tours-privados-es","11":"first","12":"instock","13":"shipping-taxable","14":"purchasable","15":"product-type-simple"},"acf":[],"yoast_head":"<!-- This site is optimized with the Yoast SEO Premium plugin v25.3.1 (Yoast SEO v25.3.1) - https:\/\/yoast.com\/wordpress\/plugins\/seo\/ -->\n<title>Tour Privado por Indian\u00e1polis con chofer y gu\u00eda local | Tour Travel &amp; More<\/title>\n<meta name=\"description\" content=\"\u2192 Conozca la ciudad de una manera diferente con nuestro Tour Privado por Indian\u00e1polis. Veh\u00edculo de lujo para una experiencia m\u00e1s c\u00f3moda \u2705\" \/>\n<meta name=\"robots\" content=\"index, follow, max-snippet:-1, max-image-preview:large, max-video-preview:-1\" \/>\n<link rel=\"canonical\" href=\"https:\/\/tourtravelandmore.com\/es\/tours\/eeuu-es\/indianapolis-es\/indianapolis-actividades-es\/tour-privado-por-indianapolis\/\" \/>\n<meta property=\"og:locale\" content=\"es_ES\" \/>\n<meta property=\"og:type\" content=\"article\" \/>\n<meta property=\"og:title\" content=\"Tour Privado por Indian\u00e1polis\" \/>\n<meta property=\"og:description\" content=\"\u2192 Conozca la ciudad de una manera diferente con nuestro Tour Privado por Indian\u00e1polis. Veh\u00edculo de lujo para una experiencia m\u00e1s c\u00f3moda \u2705\" \/>\n<meta property=\"og:url\" content=\"https:\/\/tourtravelandmore.com\/es\/tours\/eeuu-es\/indianapolis-es\/indianapolis-actividades-es\/tour-privado-por-indianapolis\/\" \/>\n<meta property=\"og:site_name\" content=\"Tour Travel And More\" \/>\n<meta property=\"article:publisher\" content=\"https:\/\/www.facebook.com\/tourtravelandmore\/\" \/>\n<meta property=\"article:modified_time\" content=\"2021-08-09T11:03:04+00:00\" \/>\n<meta property=\"og:image\" content=\"https:\/\/tourtravelandmore.com\/wp-content\/uploads\/2020\/11\/indianapolis-1.jpg\" \/>\n\t<meta property=\"og:image:width\" content=\"1280\" \/>\n\t<meta property=\"og:image:height\" content=\"961\" \/>\n\t<meta property=\"og:image:type\" content=\"image\/jpeg\" \/>\n<meta name=\"twitter:card\" content=\"summary_large_image\" \/>\n<meta name=\"twitter:site\" content=\"@TourTravel_More\" \/>\n<meta name=\"twitter:label1\" content=\"Tiempo de lectura\" \/>\n\t<meta name=\"twitter:data1\" content=\"2 minutos\" \/>\n<script type=\"application\/ld+json\" class=\"yoast-schema-graph\">{\"@context\":\"https:\/\/schema.org\",\"@graph\":[{\"@type\":\"WebPage\",\"@id\":\"https:\/\/tourtravelandmore.com\/es\/tours\/eeuu-es\/indianapolis-es\/indianapolis-actividades-es\/tour-privado-por-indianapolis\/\",\"url\":\"https:\/\/tourtravelandmore.com\/es\/tours\/eeuu-es\/indianapolis-es\/indianapolis-actividades-es\/tour-privado-por-indianapolis\/\",\"name\":\"Tour Privado por Indian\u00e1polis con chofer y gu\u00eda local | Tour Travel & More\",\"isPartOf\":{\"@id\":\"https:\/\/tourtravelandmore.com\/es\/#website\"},\"primaryImageOfPage\":{\"@id\":\"https:\/\/tourtravelandmore.com\/es\/tours\/eeuu-es\/indianapolis-es\/indianapolis-actividades-es\/tour-privado-por-indianapolis\/#primaryimage\"},\"image\":{\"@id\":\"https:\/\/tourtravelandmore.com\/es\/tours\/eeuu-es\/indianapolis-es\/indianapolis-actividades-es\/tour-privado-por-indianapolis\/#primaryimage\"},\"thumbnailUrl\":\"https:\/\/tourtravelandmore.com\/wp-content\/uploads\/2020\/11\/indianapolis-1.jpg\",\"datePublished\":\"2020-11-24T09:23:37+00:00\",\"dateModified\":\"2021-08-09T11:03:04+00:00\",\"description\":\"\u2192 Conozca la ciudad de una manera diferente con nuestro Tour Privado por Indian\u00e1polis. Veh\u00edculo de lujo para una experiencia m\u00e1s c\u00f3moda \u2705\",\"breadcrumb\":{\"@id\":\"https:\/\/tourtravelandmore.com\/es\/tours\/eeuu-es\/indianapolis-es\/indianapolis-actividades-es\/tour-privado-por-indianapolis\/#breadcrumb\"},\"inLanguage\":\"es\",\"potentialAction\":[{\"@type\":\"ReadAction\",\"target\":[\"https:\/\/tourtravelandmore.com\/es\/tours\/eeuu-es\/indianapolis-es\/indianapolis-actividades-es\/tour-privado-por-indianapolis\/\"]}]},{\"@type\":\"ImageObject\",\"inLanguage\":\"es\",\"@id\":\"https:\/\/tourtravelandmore.com\/es\/tours\/eeuu-es\/indianapolis-es\/indianapolis-actividades-es\/tour-privado-por-indianapolis\/#primaryimage\",\"url\":\"https:\/\/tourtravelandmore.com\/wp-content\/uploads\/2020\/11\/indianapolis-1.jpg\",\"contentUrl\":\"https:\/\/tourtravelandmore.com\/wp-content\/uploads\/2020\/11\/indianapolis-1.jpg\",\"width\":1280,\"height\":961},{\"@type\":\"BreadcrumbList\",\"@id\":\"https:\/\/tourtravelandmore.com\/es\/tours\/eeuu-es\/indianapolis-es\/indianapolis-actividades-es\/tour-privado-por-indianapolis\/#breadcrumb\",\"itemListElement\":[{\"@type\":\"ListItem\",\"position\":1,\"name\":\"Home\",\"item\":\"https:\/\/tourtravelandmore.com\/es\/\"},{\"@type\":\"ListItem\",\"position\":2,\"name\":\"Tours\",\"item\":\"https:\/\/tourtravelandmore.com\/es\/tours\/\"},{\"@type\":\"ListItem\",\"position\":3,\"name\":\"Tour Privado por Indian\u00e1polis\"}]},{\"@type\":\"WebSite\",\"@id\":\"https:\/\/tourtravelandmore.com\/es\/#website\",\"url\":\"https:\/\/tourtravelandmore.com\/es\/\",\"name\":\"Tour Travel And More\",\"description\":\"Private sightseeing tours and luxury transfers in Spain\",\"publisher\":{\"@id\":\"https:\/\/tourtravelandmore.com\/es\/#organization\"},\"potentialAction\":[{\"@type\":\"SearchAction\",\"target\":{\"@type\":\"EntryPoint\",\"urlTemplate\":\"https:\/\/tourtravelandmore.com\/es\/?s={search_term_string}\"},\"query-input\":{\"@type\":\"PropertyValueSpecification\",\"valueRequired\":true,\"valueName\":\"search_term_string\"}}],\"inLanguage\":\"es\"},{\"@type\":\"Organization\",\"@id\":\"https:\/\/tourtravelandmore.com\/es\/#organization\",\"name\":\"Tour Travel And More\",\"url\":\"https:\/\/tourtravelandmore.com\/es\/\",\"logo\":{\"@type\":\"ImageObject\",\"inLanguage\":\"es\",\"@id\":\"https:\/\/tourtravelandmore.com\/es\/#\/schema\/logo\/image\/\",\"url\":\"https:\/\/tourtravelandmore.com\/wp-content\/uploads\/2022\/12\/cropped-logo-cabecera-new.png\",\"contentUrl\":\"https:\/\/tourtravelandmore.com\/wp-content\/uploads\/2022\/12\/cropped-logo-cabecera-new.png\",\"width\":430,\"height\":61,\"caption\":\"Tour Travel And More\"},\"image\":{\"@id\":\"https:\/\/tourtravelandmore.com\/es\/#\/schema\/logo\/image\/\"},\"sameAs\":[\"https:\/\/www.facebook.com\/tourtravelandmore\/\",\"https:\/\/x.com\/TourTravel_More\"]}]}<\/script>\n<!-- \/ Yoast SEO Premium plugin. -->","yoast_head_json":{"title":"Tour Privado por Indian\u00e1polis con chofer y gu\u00eda local | Tour Travel & More","description":"\u2192 Conozca la ciudad de una manera diferente con nuestro Tour Privado por Indian\u00e1polis. Veh\u00edculo de lujo para una experiencia m\u00e1s c\u00f3moda \u2705","robots":{"index":"index","follow":"follow","max-snippet":"max-snippet:-1","max-image-preview":"max-image-preview:large","max-video-preview":"max-video-preview:-1"},"canonical":"https:\/\/tourtravelandmore.com\/es\/tours\/eeuu-es\/indianapolis-es\/indianapolis-actividades-es\/tour-privado-por-indianapolis\/","og_locale":"es_ES","og_type":"article","og_title":"Tour Privado por Indian\u00e1polis","og_description":"\u2192 Conozca la ciudad de una manera diferente con nuestro Tour Privado por Indian\u00e1polis. Veh\u00edculo de lujo para una experiencia m\u00e1s c\u00f3moda \u2705","og_url":"https:\/\/tourtravelandmore.com\/es\/tours\/eeuu-es\/indianapolis-es\/indianapolis-actividades-es\/tour-privado-por-indianapolis\/","og_site_name":"Tour Travel And More","article_publisher":"https:\/\/www.facebook.com\/tourtravelandmore\/","article_modified_time":"2021-08-09T11:03:04+00:00","og_image":[{"width":1280,"height":961,"url":"https:\/\/tourtravelandmore.com\/wp-content\/uploads\/2020\/11\/indianapolis-1.jpg","type":"image\/jpeg"}],"twitter_card":"summary_large_image","twitter_site":"@TourTravel_More","twitter_misc":{"Tiempo de lectura":"2 minutos"},"schema":{"@context":"https:\/\/schema.org","@graph":[{"@type":"WebPage","@id":"https:\/\/tourtravelandmore.com\/es\/tours\/eeuu-es\/indianapolis-es\/indianapolis-actividades-es\/tour-privado-por-indianapolis\/","url":"https:\/\/tourtravelandmore.com\/es\/tours\/eeuu-es\/indianapolis-es\/indianapolis-actividades-es\/tour-privado-por-indianapolis\/","name":"Tour Privado por Indian\u00e1polis con chofer y gu\u00eda local | Tour Travel & More","isPartOf":{"@id":"https:\/\/tourtravelandmore.com\/es\/#website"},"primaryImageOfPage":{"@id":"https:\/\/tourtravelandmore.com\/es\/tours\/eeuu-es\/indianapolis-es\/indianapolis-actividades-es\/tour-privado-por-indianapolis\/#primaryimage"},"image":{"@id":"https:\/\/tourtravelandmore.com\/es\/tours\/eeuu-es\/indianapolis-es\/indianapolis-actividades-es\/tour-privado-por-indianapolis\/#primaryimage"},"thumbnailUrl":"https:\/\/tourtravelandmore.com\/wp-content\/uploads\/2020\/11\/indianapolis-1.jpg","datePublished":"2020-11-24T09:23:37+00:00","dateModified":"2021-08-09T11:03:04+00:00","description":"\u2192 Conozca la ciudad de una manera diferente con nuestro Tour Privado por Indian\u00e1polis. Veh\u00edculo de lujo para una experiencia m\u00e1s c\u00f3moda \u2705","breadcrumb":{"@id":"https:\/\/tourtravelandmore.com\/es\/tours\/eeuu-es\/indianapolis-es\/indianapolis-actividades-es\/tour-privado-por-indianapolis\/#breadcrumb"},"inLanguage":"es","potentialAction":[{"@type":"ReadAction","target":["https:\/\/tourtravelandmore.com\/es\/tours\/eeuu-es\/indianapolis-es\/indianapolis-actividades-es\/tour-privado-por-indianapolis\/"]}]},{"@type":"ImageObject","inLanguage":"es","@id":"https:\/\/tourtravelandmore.com\/es\/tours\/eeuu-es\/indianapolis-es\/indianapolis-actividades-es\/tour-privado-por-indianapolis\/#primaryimage","url":"https:\/\/tourtravelandmore.com\/wp-content\/uploads\/2020\/11\/indianapolis-1.jpg","contentUrl":"https:\/\/tourtravelandmore.com\/wp-content\/uploads\/2020\/11\/indianapolis-1.jpg","width":1280,"height":961},{"@type":"BreadcrumbList","@id":"https:\/\/tourtravelandmore.com\/es\/tours\/eeuu-es\/indianapolis-es\/indianapolis-actividades-es\/tour-privado-por-indianapolis\/#breadcrumb","itemListElement":[{"@type":"ListItem","position":1,"name":"Home","item":"https:\/\/tourtravelandmore.com\/es\/"},{"@type":"ListItem","position":2,"name":"Tours","item":"https:\/\/tourtravelandmore.com\/es\/tours\/"},{"@type":"ListItem","position":3,"name":"Tour Privado por Indian\u00e1polis"}]},{"@type":"WebSite","@id":"https:\/\/tourtravelandmore.com\/es\/#website","url":"https:\/\/tourtravelandmore.com\/es\/","name":"Tour Travel And More","description":"Private sightseeing tours and luxury transfers in Spain","publisher":{"@id":"https:\/\/tourtravelandmore.com\/es\/#organization"},"potentialAction":[{"@type":"SearchAction","target":{"@type":"EntryPoint","urlTemplate":"https:\/\/tourtravelandmore.com\/es\/?s={search_term_string}"},"query-input":{"@type":"PropertyValueSpecification","valueRequired":true,"valueName":"search_term_string"}}],"inLanguage":"es"},{"@type":"Organization","@id":"https:\/\/tourtravelandmore.com\/es\/#organization","name":"Tour Travel And More","url":"https:\/\/tourtravelandmore.com\/es\/","logo":{"@type":"ImageObject","inLanguage":"es","@id":"https:\/\/tourtravelandmore.com\/es\/#\/schema\/logo\/image\/","url":"https:\/\/tourtravelandmore.com\/wp-content\/uploads\/2022\/12\/cropped-logo-cabecera-new.png","contentUrl":"https:\/\/tourtravelandmore.com\/wp-content\/uploads\/2022\/12\/cropped-logo-cabecera-new.png","width":430,"height":61,"caption":"Tour Travel And More"},"image":{"@id":"https:\/\/tourtravelandmore.com\/es\/#\/schema\/logo\/image\/"},"sameAs":["https:\/\/www.facebook.com\/tourtravelandmore\/","https:\/\/x.com\/TourTravel_More"]}]}},"_links":{"self":[{"href":"https:\/\/tourtravelandmore.com\/es\/wp-json\/wp\/v2\/product\/87811","targetHints":{"allow":["GET"]}}],"collection":[{"href":"https:\/\/tourtravelandmore.com\/es\/wp-json\/wp\/v2\/product"}],"about":[{"href":"https:\/\/tourtravelandmore.com\/es\/wp-json\/wp\/v2\/types\/product"}],"replies":[{"embeddable":true,"href":"https:\/\/tourtravelandmore.com\/es\/wp-json\/wp\/v2\/comments?post=87811"}],"wp:featuredmedia":[{"embeddable":true,"href":"https:\/\/tourtravelandmore.com\/es\/wp-json\/wp\/v2\/media\/87808"}],"wp:attachment":[{"href":"https:\/\/tourtravelandmore.com\/es\/wp-json\/wp\/v2\/media?parent=87811"}],"wp:term":[{"taxonomy":"product_brand","embeddable":true,"href":"https:\/\/tourtravelandmore.com\/es\/wp-json\/wp\/v2\/product_brand?post=87811"},{"taxonomy":"product_cat","embeddable":true,"href":"https:\/\/tourtravelandmore.com\/es\/wp-json\/wp\/v2\/product_cat?post=87811"},{"taxonomy":"product_tag","embeddable":true,"href":"https:\/\/tourtravelandmore.com\/es\/wp-json\/wp\/v2\/product_tag?post=87811"}],"curies":[{"name":"wp","href":"https:\/\/api.w.org\/{rel}","templated":true}]}}