{"id":87780,"date":"2020-11-24T09:12:58","date_gmt":"2020-11-24T08:13:00","guid":{"rendered":"https:\/\/tourtravelandmore.com\/?post_type=product&#038;p=87780"},"modified":"2021-08-09T13:02:34","modified_gmt":"2021-08-09T11:02:34","slug":"tour-privado-a-pie-por-indianapolis","status":"publish","type":"product","link":"https:\/\/tourtravelandmore.com\/es\/tours\/eeuu-es\/indianapolis-es\/indianapolis-actividades-es\/tour-privado-a-pie-por-indianapolis\/","title":{"rendered":"Tour Privado a pie por Indian\u00e1polis"},"content":{"rendered":"<h2 id=\"tw-target-text\" class=\"tw-data-text tw-text-large XcVN5d tw-ta\" dir=\"ltr\" data-placeholder=\"Traducci\u00f3n\"><span lang=\"es\">Descripci\u00f3n del Tour Privado a pie por Indian\u00e1polis<\/span><\/h2>\n<p>Lo primero que solemos hacer nada m\u00e1s llegar a nuestro destino de vacaciones es caminar por sus calles, \u00bfverdad?. Por esa raz\u00f3n, le ofrecemos la mejor manera posible de visitar la ciudad con nuestro <strong>tour privado a pie por Indian\u00e1polis<\/strong>. Ser\u00e1 guiado por un <strong>gu\u00eda tur\u00edstico oficial privado<\/strong> y tendr\u00e1 la oportunidad de conocer lo mejor de Indian\u00e1polis.<\/p>\n<p>Su primer contacto con su gu\u00eda privado ser\u00e1 en un punto de encuentro central en Indian\u00e1polis. En caso de que su hotel est\u00e9 lejos del centro, tambi\u00e9n podemos organizar un traslado privado solo para usted y su familia.<\/p>\n<p><strong>Indian\u00e1polis<\/strong> es la capital del estado de Indiana y est\u00e1 ubicada a orillas del r\u00edo Blanco. La ciudad funciona como un gran centro de fabricaci\u00f3n de autom\u00f3viles. Tambi\u00e9n es muy conocida por sus eventos deportivos y culturales como el Festival Internacional de Indian\u00e1polis, el Festival de Cine Heartland y muchos m\u00e1s.<\/p>\n<p>La ciudad tambi\u00e9n es muy atractiva debido a su arquitectura donde encontrar\u00e1s edificios modernos e hist\u00f3ricos \u00fanicos.<\/p>\n<p>Este tour privado a pie por Indian\u00e1polis tiene una duraci\u00f3n total de 3 horas. En caso de que lo prefieras, podemos incluir m\u00e1s horas a tu experiencia. Solo tienes que ponerte en contacto con <strong>Tour Travel &amp; More<\/strong> y personalizar tu experiencia.<\/p>\n<h2>Puntos emblem\u00e1ticos y de inter\u00e9s en nuestro tour a pie<\/h2>\n<p>En primer lugar, se encontrar\u00e1 con su gu\u00eda tur\u00edstico oficial privado en un lugar central de Indian\u00e1polis. <span class=\"JLqJ4b ChMk0b\" data-language-for-alternatives=\"es\" data-language-to-translate-into=\"en\" data-phrase-index=\"1\">Como se trata de un tour privado, puede elegir la hora de inicio de su experiencia. <\/span><\/p>\n<p><span class=\"JLqJ4b ChMk0b\" data-language-for-alternatives=\"es\" data-language-to-translate-into=\"en\" data-phrase-index=\"1\"><span class=\"JLqJ4b\" data-language-for-alternatives=\"es\" data-language-to-translate-into=\"en\" data-phrase-index=\"2\"><strong>Indian\u00e1polis<\/strong> es una ciudad hermosa y \u00fanica, y tan pronto como comiences a caminar por sus calles, sabr\u00e1s por qu\u00e9. Durante esta experiencia de medio d\u00eda, visitar\u00e1 los monumentos y lugares m\u00e1s importantes tales como:<\/span><\/span><\/p>\n<ul>\n<li><a href=\"https:\/\/www.lucasoilstadium.com\" rel=\"nofollow\">Estadio Lucas Oil<\/a><\/li>\n<li><strong><span class=\"JLqJ4b\" data-language-for-alternatives=\"es\" data-language-to-translate-into=\"en\" data-phrase-index=\"1\"><span class=\"JLqJ4b ChMk0b\" data-language-for-alternatives=\"es\" data-language-to-translate-into=\"en\" data-phrase-index=\"2\">Centro de convenciones de Indiana <\/span><\/span><\/strong><\/li>\n<li><strong><span class=\"JLqJ4b\" data-language-for-alternatives=\"es\" data-language-to-translate-into=\"en\" data-phrase-index=\"1\"><span class=\"JLqJ4b ChMk0b\" data-language-for-alternatives=\"es\" data-language-to-translate-into=\"en\" data-phrase-index=\"2\">Biblioteca del estado de Indiana <\/span><\/span><\/strong><\/li>\n<li><strong><span class=\"JLqJ4b\" data-language-for-alternatives=\"es\" data-language-to-translate-into=\"en\" data-phrase-index=\"1\"><span class=\"JLqJ4b ChMk0b\" data-language-for-alternatives=\"es\" data-language-to-translate-into=\"en\" data-phrase-index=\"2\">Centro de Gobierno del Estado de Indiana <\/span><\/span><\/strong><\/li>\n<li><strong><span class=\"JLqJ4b\" data-language-for-alternatives=\"es\" data-language-to-translate-into=\"en\" data-phrase-index=\"1\"><span class=\"JLqJ4b ChMk0b\" data-language-for-alternatives=\"es\" data-language-to-translate-into=\"en\" data-phrase-index=\"2\">Parque militar <\/span><\/span><\/strong><\/li>\n<li><strong><span class=\"JLqJ4b\" data-language-for-alternatives=\"es\" data-language-to-translate-into=\"en\" data-phrase-index=\"1\"><span class=\"JLqJ4b ChMk0b\" data-language-for-alternatives=\"es\" data-language-to-translate-into=\"en\" data-phrase-index=\"2\">Canal central <\/span><\/span><\/strong><\/li>\n<li><strong><span class=\"JLqJ4b\" data-language-for-alternatives=\"es\" data-language-to-translate-into=\"en\" data-phrase-index=\"1\"><span class=\"JLqJ4b ChMk0b\" data-language-for-alternatives=\"es\" data-language-to-translate-into=\"en\" data-phrase-index=\"2\">Parque Estatal White River <\/span><\/span><\/strong><\/li>\n<li><strong><span class=\"JLqJ4b\" data-language-for-alternatives=\"es\" data-language-to-translate-into=\"en\" data-phrase-index=\"1\"><span class=\"JLqJ4b ChMk0b\" data-language-for-alternatives=\"es\" data-language-to-translate-into=\"en\" data-phrase-index=\"2\">Monumento al soldado y al marinero <\/span><\/span><\/strong><\/li>\n<li><strong><span class=\"JLqJ4b\" data-language-for-alternatives=\"es\" data-language-to-translate-into=\"en\" data-phrase-index=\"1\"><span class=\"JLqJ4b ChMk0b\" data-language-for-alternatives=\"es\" data-language-to-translate-into=\"en\" data-phrase-index=\"2\">Campo de la victoria <\/span><\/span><\/strong><\/li>\n<li><strong><span class=\"JLqJ4b\" data-language-for-alternatives=\"es\" data-language-to-translate-into=\"en\" data-phrase-index=\"1\"><span class=\"JLqJ4b ChMk0b\" data-language-for-alternatives=\"es\" data-language-to-translate-into=\"en\" data-phrase-index=\"2\">Teatro de repertorio de Indiana <\/span><\/span><\/strong><\/li>\n<li><span class=\"JLqJ4b\" data-language-for-alternatives=\"es\" data-language-to-translate-into=\"en\" data-phrase-index=\"1\"><span class=\"JLqJ4b ChMk0b\" data-language-for-alternatives=\"es\" data-language-to-translate-into=\"en\" data-phrase-index=\"2\">\u00a1<strong>Y mucho m\u00e1s!<\/strong><\/span><\/span><\/li>\n<\/ul>\n<p>Si tiene algo en mente, h\u00e1ganoslo saber y haremos todo lo posible para coordinarlo. <span class=\"JLqJ4b ChMk0b\" data-language-for-alternatives=\"es\" data-language-to-translate-into=\"en\" data-phrase-index=\"1\">Tambi\u00e9n podemos incluir la entrada a cualquier monumento o museo que desee visitar. <\/span><\/p>\n<p><span class=\"JLqJ4b ChMk0b\" data-language-for-alternatives=\"es\" data-language-to-translate-into=\"en\" data-phrase-index=\"1\"><span class=\"JLqJ4b\" data-language-for-alternatives=\"es\" data-language-to-translate-into=\"en\" data-phrase-index=\"2\">Finalmente, su gu\u00eda tur\u00edstico oficial privado lo dejar\u00e1 en un lugar central en Indian\u00e1polis. <\/span><\/span><\/p>\n<p><span class=\"JLqJ4b ChMk0b\" data-language-for-alternatives=\"es\" data-language-to-translate-into=\"en\" data-phrase-index=\"1\"><span class=\"JLqJ4b\" data-language-for-alternatives=\"es\" data-language-to-translate-into=\"en\" data-phrase-index=\"2\">Si est\u00e1 buscando una experiencia m\u00e1s completa, eche un vistazo a nuestro <a href=\"https:\/\/tourtravelandmore.com\/es\/tours\/eeuu-es\/indianapolis-es\/indianapolis-actividades-es\/tour-privado-por-indianapolis\/\">tour privado por la ciudad de Indian\u00e1polis<\/a>.<\/span><\/span><\/p>\n","protected":false},"excerpt":{"rendered":"<p>Aproveche al m\u00e1ximo su tiempo en Indian\u00e1polis y acomp\u00e1\u00f1enos en este <strong>Tour Privado a pie por la ciudad.<\/strong> Conozca todos sus lugares m\u00e1s imponentes junto a un profesional local. Personalice su propia experiencia.<\/p>\n","protected":false},"featured_media":87793,"comment_status":"open","ping_status":"closed","template":"","meta":{"_acf_changed":false},"product_brand":[],"product_cat":[1602,3103,3106,3112],"product_tag":[],"class_list":{"0":"post-87780","1":"product","2":"type-product","3":"status-publish","4":"has-post-thumbnail","6":"product_cat-eeuu-es","7":"product_cat-indianapolis-es","8":"product_cat-indianapolis-actividades-es","9":"product_cat-indianapolis-a-pie-es","11":"first","12":"instock","13":"shipping-taxable","14":"purchasable","15":"product-type-simple"},"acf":[],"yoast_head":"<!-- This site is optimized with the Yoast SEO Premium plugin v25.3.1 (Yoast SEO v25.3.1) - https:\/\/yoast.com\/wordpress\/plugins\/seo\/ -->\n<title>Tour Privado a pie por Indian\u00e1polis con gu\u00eda local | Tour Travel &amp; More<\/title>\n<meta name=\"description\" content=\"\u2192 Reserve este Tour privado a pie por Indian\u00e1polis y conozca los rincones de la ciudad junto a un gu\u00eda oficial privado. \u2705\" \/>\n<meta name=\"robots\" content=\"index, follow, max-snippet:-1, max-image-preview:large, max-video-preview:-1\" \/>\n<link rel=\"canonical\" href=\"https:\/\/tourtravelandmore.com\/es\/tours\/eeuu-es\/indianapolis-es\/indianapolis-actividades-es\/tour-privado-a-pie-por-indianapolis\/\" \/>\n<meta property=\"og:locale\" content=\"es_ES\" \/>\n<meta property=\"og:type\" content=\"article\" \/>\n<meta property=\"og:title\" content=\"Tour Privado a pie por Indian\u00e1polis\" \/>\n<meta property=\"og:description\" content=\"\u2192 Reserve este Tour privado a pie por Indian\u00e1polis y conozca los rincones de la ciudad junto a un gu\u00eda oficial privado. \u2705\" \/>\n<meta property=\"og:url\" content=\"https:\/\/tourtravelandmore.com\/es\/tours\/eeuu-es\/indianapolis-es\/indianapolis-actividades-es\/tour-privado-a-pie-por-indianapolis\/\" \/>\n<meta property=\"og:site_name\" content=\"Tour Travel And More\" \/>\n<meta property=\"article:publisher\" content=\"https:\/\/www.facebook.com\/tourtravelandmore\/\" \/>\n<meta property=\"article:modified_time\" content=\"2021-08-09T11:02:34+00:00\" \/>\n<meta property=\"og:image\" content=\"https:\/\/tourtravelandmore.com\/wp-content\/uploads\/2020\/11\/indianapolis-3-scaled.jpg\" \/>\n\t<meta property=\"og:image:width\" content=\"2560\" \/>\n\t<meta property=\"og:image:height\" content=\"1744\" \/>\n\t<meta property=\"og:image:type\" content=\"image\/jpeg\" \/>\n<meta name=\"twitter:card\" content=\"summary_large_image\" \/>\n<meta name=\"twitter:site\" content=\"@TourTravel_More\" \/>\n<meta name=\"twitter:label1\" content=\"Tiempo de lectura\" \/>\n\t<meta name=\"twitter:data1\" content=\"2 minutos\" \/>\n<script type=\"application\/ld+json\" class=\"yoast-schema-graph\">{\"@context\":\"https:\/\/schema.org\",\"@graph\":[{\"@type\":\"WebPage\",\"@id\":\"https:\/\/tourtravelandmore.com\/es\/tours\/eeuu-es\/indianapolis-es\/indianapolis-actividades-es\/tour-privado-a-pie-por-indianapolis\/\",\"url\":\"https:\/\/tourtravelandmore.com\/es\/tours\/eeuu-es\/indianapolis-es\/indianapolis-actividades-es\/tour-privado-a-pie-por-indianapolis\/\",\"name\":\"Tour Privado a pie por Indian\u00e1polis con gu\u00eda local | Tour Travel & More\",\"isPartOf\":{\"@id\":\"https:\/\/tourtravelandmore.com\/es\/#website\"},\"primaryImageOfPage\":{\"@id\":\"https:\/\/tourtravelandmore.com\/es\/tours\/eeuu-es\/indianapolis-es\/indianapolis-actividades-es\/tour-privado-a-pie-por-indianapolis\/#primaryimage\"},\"image\":{\"@id\":\"https:\/\/tourtravelandmore.com\/es\/tours\/eeuu-es\/indianapolis-es\/indianapolis-actividades-es\/tour-privado-a-pie-por-indianapolis\/#primaryimage\"},\"thumbnailUrl\":\"https:\/\/tourtravelandmore.com\/wp-content\/uploads\/2020\/11\/indianapolis-3-scaled.jpg\",\"datePublished\":\"2020-11-24T08:13:00+00:00\",\"dateModified\":\"2021-08-09T11:02:34+00:00\",\"description\":\"\u2192 Reserve este Tour privado a pie por Indian\u00e1polis y conozca los rincones de la ciudad junto a un gu\u00eda oficial privado. \u2705\",\"breadcrumb\":{\"@id\":\"https:\/\/tourtravelandmore.com\/es\/tours\/eeuu-es\/indianapolis-es\/indianapolis-actividades-es\/tour-privado-a-pie-por-indianapolis\/#breadcrumb\"},\"inLanguage\":\"es\",\"potentialAction\":[{\"@type\":\"ReadAction\",\"target\":[\"https:\/\/tourtravelandmore.com\/es\/tours\/eeuu-es\/indianapolis-es\/indianapolis-actividades-es\/tour-privado-a-pie-por-indianapolis\/\"]}]},{\"@type\":\"ImageObject\",\"inLanguage\":\"es\",\"@id\":\"https:\/\/tourtravelandmore.com\/es\/tours\/eeuu-es\/indianapolis-es\/indianapolis-actividades-es\/tour-privado-a-pie-por-indianapolis\/#primaryimage\",\"url\":\"https:\/\/tourtravelandmore.com\/wp-content\/uploads\/2020\/11\/indianapolis-3-scaled.jpg\",\"contentUrl\":\"https:\/\/tourtravelandmore.com\/wp-content\/uploads\/2020\/11\/indianapolis-3-scaled.jpg\",\"width\":2560,\"height\":1744},{\"@type\":\"BreadcrumbList\",\"@id\":\"https:\/\/tourtravelandmore.com\/es\/tours\/eeuu-es\/indianapolis-es\/indianapolis-actividades-es\/tour-privado-a-pie-por-indianapolis\/#breadcrumb\",\"itemListElement\":[{\"@type\":\"ListItem\",\"position\":1,\"name\":\"Home\",\"item\":\"https:\/\/tourtravelandmore.com\/es\/\"},{\"@type\":\"ListItem\",\"position\":2,\"name\":\"Tours\",\"item\":\"https:\/\/tourtravelandmore.com\/es\/tours\/\"},{\"@type\":\"ListItem\",\"position\":3,\"name\":\"Tour Privado a pie por Indian\u00e1polis\"}]},{\"@type\":\"WebSite\",\"@id\":\"https:\/\/tourtravelandmore.com\/es\/#website\",\"url\":\"https:\/\/tourtravelandmore.com\/es\/\",\"name\":\"Tour Travel And More\",\"description\":\"Private sightseeing tours and luxury transfers in Spain\",\"publisher\":{\"@id\":\"https:\/\/tourtravelandmore.com\/es\/#organization\"},\"potentialAction\":[{\"@type\":\"SearchAction\",\"target\":{\"@type\":\"EntryPoint\",\"urlTemplate\":\"https:\/\/tourtravelandmore.com\/es\/?s={search_term_string}\"},\"query-input\":{\"@type\":\"PropertyValueSpecification\",\"valueRequired\":true,\"valueName\":\"search_term_string\"}}],\"inLanguage\":\"es\"},{\"@type\":\"Organization\",\"@id\":\"https:\/\/tourtravelandmore.com\/es\/#organization\",\"name\":\"Tour Travel And More\",\"url\":\"https:\/\/tourtravelandmore.com\/es\/\",\"logo\":{\"@type\":\"ImageObject\",\"inLanguage\":\"es\",\"@id\":\"https:\/\/tourtravelandmore.com\/es\/#\/schema\/logo\/image\/\",\"url\":\"https:\/\/tourtravelandmore.com\/wp-content\/uploads\/2022\/12\/cropped-logo-cabecera-new.png\",\"contentUrl\":\"https:\/\/tourtravelandmore.com\/wp-content\/uploads\/2022\/12\/cropped-logo-cabecera-new.png\",\"width\":430,\"height\":61,\"caption\":\"Tour Travel And More\"},\"image\":{\"@id\":\"https:\/\/tourtravelandmore.com\/es\/#\/schema\/logo\/image\/\"},\"sameAs\":[\"https:\/\/www.facebook.com\/tourtravelandmore\/\",\"https:\/\/x.com\/TourTravel_More\"]}]}<\/script>\n<!-- \/ Yoast SEO Premium plugin. -->","yoast_head_json":{"title":"Tour Privado a pie por Indian\u00e1polis con gu\u00eda local | Tour Travel & More","description":"\u2192 Reserve este Tour privado a pie por Indian\u00e1polis y conozca los rincones de la ciudad junto a un gu\u00eda oficial privado. \u2705","robots":{"index":"index","follow":"follow","max-snippet":"max-snippet:-1","max-image-preview":"max-image-preview:large","max-video-preview":"max-video-preview:-1"},"canonical":"https:\/\/tourtravelandmore.com\/es\/tours\/eeuu-es\/indianapolis-es\/indianapolis-actividades-es\/tour-privado-a-pie-por-indianapolis\/","og_locale":"es_ES","og_type":"article","og_title":"Tour Privado a pie por Indian\u00e1polis","og_description":"\u2192 Reserve este Tour privado a pie por Indian\u00e1polis y conozca los rincones de la ciudad junto a un gu\u00eda oficial privado. \u2705","og_url":"https:\/\/tourtravelandmore.com\/es\/tours\/eeuu-es\/indianapolis-es\/indianapolis-actividades-es\/tour-privado-a-pie-por-indianapolis\/","og_site_name":"Tour Travel And More","article_publisher":"https:\/\/www.facebook.com\/tourtravelandmore\/","article_modified_time":"2021-08-09T11:02:34+00:00","og_image":[{"width":2560,"height":1744,"url":"https:\/\/tourtravelandmore.com\/wp-content\/uploads\/2020\/11\/indianapolis-3-scaled.jpg","type":"image\/jpeg"}],"twitter_card":"summary_large_image","twitter_site":"@TourTravel_More","twitter_misc":{"Tiempo de lectura":"2 minutos"},"schema":{"@context":"https:\/\/schema.org","@graph":[{"@type":"WebPage","@id":"https:\/\/tourtravelandmore.com\/es\/tours\/eeuu-es\/indianapolis-es\/indianapolis-actividades-es\/tour-privado-a-pie-por-indianapolis\/","url":"https:\/\/tourtravelandmore.com\/es\/tours\/eeuu-es\/indianapolis-es\/indianapolis-actividades-es\/tour-privado-a-pie-por-indianapolis\/","name":"Tour Privado a pie por Indian\u00e1polis con gu\u00eda local | Tour Travel & More","isPartOf":{"@id":"https:\/\/tourtravelandmore.com\/es\/#website"},"primaryImageOfPage":{"@id":"https:\/\/tourtravelandmore.com\/es\/tours\/eeuu-es\/indianapolis-es\/indianapolis-actividades-es\/tour-privado-a-pie-por-indianapolis\/#primaryimage"},"image":{"@id":"https:\/\/tourtravelandmore.com\/es\/tours\/eeuu-es\/indianapolis-es\/indianapolis-actividades-es\/tour-privado-a-pie-por-indianapolis\/#primaryimage"},"thumbnailUrl":"https:\/\/tourtravelandmore.com\/wp-content\/uploads\/2020\/11\/indianapolis-3-scaled.jpg","datePublished":"2020-11-24T08:13:00+00:00","dateModified":"2021-08-09T11:02:34+00:00","description":"\u2192 Reserve este Tour privado a pie por Indian\u00e1polis y conozca los rincones de la ciudad junto a un gu\u00eda oficial privado. \u2705","breadcrumb":{"@id":"https:\/\/tourtravelandmore.com\/es\/tours\/eeuu-es\/indianapolis-es\/indianapolis-actividades-es\/tour-privado-a-pie-por-indianapolis\/#breadcrumb"},"inLanguage":"es","potentialAction":[{"@type":"ReadAction","target":["https:\/\/tourtravelandmore.com\/es\/tours\/eeuu-es\/indianapolis-es\/indianapolis-actividades-es\/tour-privado-a-pie-por-indianapolis\/"]}]},{"@type":"ImageObject","inLanguage":"es","@id":"https:\/\/tourtravelandmore.com\/es\/tours\/eeuu-es\/indianapolis-es\/indianapolis-actividades-es\/tour-privado-a-pie-por-indianapolis\/#primaryimage","url":"https:\/\/tourtravelandmore.com\/wp-content\/uploads\/2020\/11\/indianapolis-3-scaled.jpg","contentUrl":"https:\/\/tourtravelandmore.com\/wp-content\/uploads\/2020\/11\/indianapolis-3-scaled.jpg","width":2560,"height":1744},{"@type":"BreadcrumbList","@id":"https:\/\/tourtravelandmore.com\/es\/tours\/eeuu-es\/indianapolis-es\/indianapolis-actividades-es\/tour-privado-a-pie-por-indianapolis\/#breadcrumb","itemListElement":[{"@type":"ListItem","position":1,"name":"Home","item":"https:\/\/tourtravelandmore.com\/es\/"},{"@type":"ListItem","position":2,"name":"Tours","item":"https:\/\/tourtravelandmore.com\/es\/tours\/"},{"@type":"ListItem","position":3,"name":"Tour Privado a pie por Indian\u00e1polis"}]},{"@type":"WebSite","@id":"https:\/\/tourtravelandmore.com\/es\/#website","url":"https:\/\/tourtravelandmore.com\/es\/","name":"Tour Travel And More","description":"Private sightseeing tours and luxury transfers in Spain","publisher":{"@id":"https:\/\/tourtravelandmore.com\/es\/#organization"},"potentialAction":[{"@type":"SearchAction","target":{"@type":"EntryPoint","urlTemplate":"https:\/\/tourtravelandmore.com\/es\/?s={search_term_string}"},"query-input":{"@type":"PropertyValueSpecification","valueRequired":true,"valueName":"search_term_string"}}],"inLanguage":"es"},{"@type":"Organization","@id":"https:\/\/tourtravelandmore.com\/es\/#organization","name":"Tour Travel And More","url":"https:\/\/tourtravelandmore.com\/es\/","logo":{"@type":"ImageObject","inLanguage":"es","@id":"https:\/\/tourtravelandmore.com\/es\/#\/schema\/logo\/image\/","url":"https:\/\/tourtravelandmore.com\/wp-content\/uploads\/2022\/12\/cropped-logo-cabecera-new.png","contentUrl":"https:\/\/tourtravelandmore.com\/wp-content\/uploads\/2022\/12\/cropped-logo-cabecera-new.png","width":430,"height":61,"caption":"Tour Travel And More"},"image":{"@id":"https:\/\/tourtravelandmore.com\/es\/#\/schema\/logo\/image\/"},"sameAs":["https:\/\/www.facebook.com\/tourtravelandmore\/","https:\/\/x.com\/TourTravel_More"]}]}},"_links":{"self":[{"href":"https:\/\/tourtravelandmore.com\/es\/wp-json\/wp\/v2\/product\/87780","targetHints":{"allow":["GET"]}}],"collection":[{"href":"https:\/\/tourtravelandmore.com\/es\/wp-json\/wp\/v2\/product"}],"about":[{"href":"https:\/\/tourtravelandmore.com\/es\/wp-json\/wp\/v2\/types\/product"}],"replies":[{"embeddable":true,"href":"https:\/\/tourtravelandmore.com\/es\/wp-json\/wp\/v2\/comments?post=87780"}],"wp:featuredmedia":[{"embeddable":true,"href":"https:\/\/tourtravelandmore.com\/es\/wp-json\/wp\/v2\/media\/87793"}],"wp:attachment":[{"href":"https:\/\/tourtravelandmore.com\/es\/wp-json\/wp\/v2\/media?parent=87780"}],"wp:term":[{"taxonomy":"product_brand","embeddable":true,"href":"https:\/\/tourtravelandmore.com\/es\/wp-json\/wp\/v2\/product_brand?post=87780"},{"taxonomy":"product_cat","embeddable":true,"href":"https:\/\/tourtravelandmore.com\/es\/wp-json\/wp\/v2\/product_cat?post=87780"},{"taxonomy":"product_tag","embeddable":true,"href":"https:\/\/tourtravelandmore.com\/es\/wp-json\/wp\/v2\/product_tag?post=87780"}],"curies":[{"name":"wp","href":"https:\/\/api.w.org\/{rel}","templated":true}]}}