{"id":87701,"date":"2020-11-23T12:31:42","date_gmt":"2020-11-23T11:31:43","guid":{"rendered":"https:\/\/tourtravelandmore.com\/?post_type=product&#038;p=87701"},"modified":"2020-11-23T12:51:13","modified_gmt":"2020-11-23T11:51:13","slug":"transporte-privado-al-tour-del-centro-espacial-de-la-nasa","status":"publish","type":"product","link":"https:\/\/tourtravelandmore.com\/es\/tours\/eeuu-es\/houston-es\/houston-actividades-es\/transporte-privado-al-tour-del-centro-espacial-de-la-nasa\/","title":{"rendered":"Transporte privado al tour del centro espacial de la NASA"},"content":{"rendered":"<h2 id=\"tw-target-text\" class=\"tw-data-text tw-text-large XcVN5d tw-ta\" dir=\"ltr\" data-placeholder=\"Traducci\u00f3n\"><span lang=\"es\">Descripci\u00f3n <\/span><\/h2>\n<p>Este Tour de Transporte Privado al Centro Espacial de la NASA es una manera f\u00e1cil y perfecta de llegar al centro espacial de la NASA.<\/p>\n<p>Disfrute de unas horas o el tiempo que desee en este Centro Espacial \u00fanico.<\/p>\n<p>Organizaremos una c\u00f3moda recogida para usted en su hotel en Houston. Luego tomaremos el viaje de 30 minutos hacia el centro espacial de la NASA.<\/p>\n<p>Cuidemos todos los detalles. Tendremos sus boletos precomprados. Esto le ayudar\u00e1 a saltarse la fila en el Space Center Houston.<\/p>\n<p>Depende de cu\u00e1ndo planeas visitar, disfrutar\u00e1s de excelentes exhibiciones. Por ejemplo, una exhibici\u00f3n de cohetes Space X Falcon 9. Aqu\u00ed puedes caminar debajo de esta maravilla de la tecnolog\u00eda espacial. Tambi\u00e9n aprender\u00e1 c\u00f3mo hace que el espacio sea m\u00e1s accesible. Tendr\u00e1 la oportunidad de conocer nuevas exhibiciones a medida que se presenten, as\u00ed como presentaciones en vivo.<\/p>\n<p>Durante este recorrido, tendr\u00e1 la oportunidad de acercarse incluso a naves espaciales reales que se han utilizado en misiones.<\/p>\n<p>Nuestro chofer privado lo llevar\u00e1 de regreso al lugar que elija en Houston.<\/p>\n<h2>Puntos emblem\u00e1ticos y de inter\u00e9s<\/h2>\n<p>Disfrute de nuestro recorrido en transporte privado al centro espacial de la NASA. Nuestro chofer privado lo recoger\u00e1 de su hotel o lugar de elecci\u00f3n en Houston. Te llevaremos hacia la NASA para disfrutar de la visita.<\/p>\n<p>No se pierda nuestros otros tours privados y actividades que podemos hacer en todos los Estados Unidos. Ofrecemos tours privados en todo Houston y, por supuesto, en cualquier ciudad que desee.<\/p>\n<p>P\u00f3ngase en contacto con uno de nuestros expertos en viajes para vivir una experiencia completamente \u00fanica. Estamos a su entera disposici\u00f3n para un perfecto recorrido en cualquiera de nuestras ciudades.<\/p>\n","protected":false},"excerpt":{"rendered":"<p id=\"tw-target-text\" class=\"tw-data-text tw-text-large XcVN5d tw-ta\" dir=\"ltr\" data-placeholder=\"Traducci\u00f3n\">Tome este Tour en Transporte Privado al Centro Espacial de la NASA y tenga la oportunidad de disfrutar lo mejor del CENTRO ESPACIAL DE LA NASA.<\/p>\n","protected":false},"featured_media":87714,"comment_status":"open","ping_status":"closed","template":"","meta":{"_acf_changed":false},"product_brand":[],"product_cat":[1602,3138,3150,3153],"product_tag":[],"class_list":{"0":"post-87701","1":"product","2":"type-product","3":"status-publish","4":"has-post-thumbnail","6":"product_cat-eeuu-es","7":"product_cat-houston-es","8":"product_cat-houston-actividades-es","9":"product_cat-houston-tours-es","11":"first","12":"instock","13":"shipping-taxable","14":"purchasable","15":"product-type-simple"},"acf":[],"yoast_head":"<!-- This site is optimized with the Yoast SEO Premium plugin v25.3.1 (Yoast SEO v25.3.1) - https:\/\/yoast.com\/wordpress\/plugins\/seo\/ -->\n<title>Transporte privado al centro espacial de la NASA Tour con conductor<\/title>\n<meta name=\"description\" content=\"Tome este Tour en Transporte Privado al Centro Espacial de la NASA y tenga la oportunidad de disfrutar lo mejor del CENTRO ESPACIAL DE LA NASA.\" \/>\n<meta name=\"robots\" content=\"index, follow, max-snippet:-1, max-image-preview:large, max-video-preview:-1\" \/>\n<link rel=\"canonical\" href=\"https:\/\/tourtravelandmore.com\/es\/tours\/eeuu-es\/houston-es\/houston-actividades-es\/transporte-privado-al-tour-del-centro-espacial-de-la-nasa\/\" \/>\n<meta property=\"og:locale\" content=\"es_ES\" \/>\n<meta property=\"og:type\" content=\"article\" \/>\n<meta property=\"og:title\" content=\"Transporte privado al tour del centro espacial de la NASA\" \/>\n<meta property=\"og:description\" content=\"Tome este Tour en Transporte Privado al Centro Espacial de la NASA y tenga la oportunidad de disfrutar lo mejor del CENTRO ESPACIAL DE LA NASA.\" \/>\n<meta property=\"og:url\" content=\"https:\/\/tourtravelandmore.com\/es\/tours\/eeuu-es\/houston-es\/houston-actividades-es\/transporte-privado-al-tour-del-centro-espacial-de-la-nasa\/\" \/>\n<meta property=\"og:site_name\" content=\"Tour Travel And More\" \/>\n<meta property=\"article:publisher\" content=\"https:\/\/www.facebook.com\/tourtravelandmore\/\" \/>\n<meta property=\"article:modified_time\" content=\"2020-11-23T11:51:13+00:00\" \/>\n<meta property=\"og:image\" content=\"https:\/\/tourtravelandmore.com\/wp-content\/uploads\/2020\/11\/NASA-2-1-scaled.jpg\" \/>\n\t<meta property=\"og:image:width\" content=\"2560\" \/>\n\t<meta property=\"og:image:height\" content=\"1707\" \/>\n\t<meta property=\"og:image:type\" content=\"image\/jpeg\" \/>\n<meta name=\"twitter:card\" content=\"summary_large_image\" \/>\n<meta name=\"twitter:site\" content=\"@TourTravel_More\" \/>\n<meta name=\"twitter:label1\" content=\"Tiempo de lectura\" \/>\n\t<meta name=\"twitter:data1\" content=\"1 minuto\" \/>\n<script type=\"application\/ld+json\" class=\"yoast-schema-graph\">{\"@context\":\"https:\/\/schema.org\",\"@graph\":[{\"@type\":\"WebPage\",\"@id\":\"https:\/\/tourtravelandmore.com\/es\/tours\/eeuu-es\/houston-es\/houston-actividades-es\/transporte-privado-al-tour-del-centro-espacial-de-la-nasa\/\",\"url\":\"https:\/\/tourtravelandmore.com\/es\/tours\/eeuu-es\/houston-es\/houston-actividades-es\/transporte-privado-al-tour-del-centro-espacial-de-la-nasa\/\",\"name\":\"Transporte privado al centro espacial de la NASA Tour con conductor\",\"isPartOf\":{\"@id\":\"https:\/\/tourtravelandmore.com\/es\/#website\"},\"primaryImageOfPage\":{\"@id\":\"https:\/\/tourtravelandmore.com\/es\/tours\/eeuu-es\/houston-es\/houston-actividades-es\/transporte-privado-al-tour-del-centro-espacial-de-la-nasa\/#primaryimage\"},\"image\":{\"@id\":\"https:\/\/tourtravelandmore.com\/es\/tours\/eeuu-es\/houston-es\/houston-actividades-es\/transporte-privado-al-tour-del-centro-espacial-de-la-nasa\/#primaryimage\"},\"thumbnailUrl\":\"https:\/\/tourtravelandmore.com\/wp-content\/uploads\/2020\/11\/NASA-2-1-scaled.jpg\",\"datePublished\":\"2020-11-23T11:31:43+00:00\",\"dateModified\":\"2020-11-23T11:51:13+00:00\",\"description\":\"Tome este Tour en Transporte Privado al Centro Espacial de la NASA y tenga la oportunidad de disfrutar lo mejor del CENTRO ESPACIAL DE LA NASA.\",\"breadcrumb\":{\"@id\":\"https:\/\/tourtravelandmore.com\/es\/tours\/eeuu-es\/houston-es\/houston-actividades-es\/transporte-privado-al-tour-del-centro-espacial-de-la-nasa\/#breadcrumb\"},\"inLanguage\":\"es\",\"potentialAction\":[{\"@type\":\"ReadAction\",\"target\":[\"https:\/\/tourtravelandmore.com\/es\/tours\/eeuu-es\/houston-es\/houston-actividades-es\/transporte-privado-al-tour-del-centro-espacial-de-la-nasa\/\"]}]},{\"@type\":\"ImageObject\",\"inLanguage\":\"es\",\"@id\":\"https:\/\/tourtravelandmore.com\/es\/tours\/eeuu-es\/houston-es\/houston-actividades-es\/transporte-privado-al-tour-del-centro-espacial-de-la-nasa\/#primaryimage\",\"url\":\"https:\/\/tourtravelandmore.com\/wp-content\/uploads\/2020\/11\/NASA-2-1-scaled.jpg\",\"contentUrl\":\"https:\/\/tourtravelandmore.com\/wp-content\/uploads\/2020\/11\/NASA-2-1-scaled.jpg\",\"width\":2560,\"height\":1707},{\"@type\":\"BreadcrumbList\",\"@id\":\"https:\/\/tourtravelandmore.com\/es\/tours\/eeuu-es\/houston-es\/houston-actividades-es\/transporte-privado-al-tour-del-centro-espacial-de-la-nasa\/#breadcrumb\",\"itemListElement\":[{\"@type\":\"ListItem\",\"position\":1,\"name\":\"Home\",\"item\":\"https:\/\/tourtravelandmore.com\/es\/\"},{\"@type\":\"ListItem\",\"position\":2,\"name\":\"Tours\",\"item\":\"https:\/\/tourtravelandmore.com\/es\/tours\/\"},{\"@type\":\"ListItem\",\"position\":3,\"name\":\"Transporte privado al tour del centro espacial de la NASA\"}]},{\"@type\":\"WebSite\",\"@id\":\"https:\/\/tourtravelandmore.com\/es\/#website\",\"url\":\"https:\/\/tourtravelandmore.com\/es\/\",\"name\":\"Tour Travel And More\",\"description\":\"Private sightseeing tours and luxury transfers in Spain\",\"publisher\":{\"@id\":\"https:\/\/tourtravelandmore.com\/es\/#organization\"},\"potentialAction\":[{\"@type\":\"SearchAction\",\"target\":{\"@type\":\"EntryPoint\",\"urlTemplate\":\"https:\/\/tourtravelandmore.com\/es\/?s={search_term_string}\"},\"query-input\":{\"@type\":\"PropertyValueSpecification\",\"valueRequired\":true,\"valueName\":\"search_term_string\"}}],\"inLanguage\":\"es\"},{\"@type\":\"Organization\",\"@id\":\"https:\/\/tourtravelandmore.com\/es\/#organization\",\"name\":\"Tour Travel And More\",\"url\":\"https:\/\/tourtravelandmore.com\/es\/\",\"logo\":{\"@type\":\"ImageObject\",\"inLanguage\":\"es\",\"@id\":\"https:\/\/tourtravelandmore.com\/es\/#\/schema\/logo\/image\/\",\"url\":\"https:\/\/tourtravelandmore.com\/wp-content\/uploads\/2022\/12\/cropped-logo-cabecera-new.png\",\"contentUrl\":\"https:\/\/tourtravelandmore.com\/wp-content\/uploads\/2022\/12\/cropped-logo-cabecera-new.png\",\"width\":430,\"height\":61,\"caption\":\"Tour Travel And More\"},\"image\":{\"@id\":\"https:\/\/tourtravelandmore.com\/es\/#\/schema\/logo\/image\/\"},\"sameAs\":[\"https:\/\/www.facebook.com\/tourtravelandmore\/\",\"https:\/\/x.com\/TourTravel_More\"]}]}<\/script>\n<!-- \/ Yoast SEO Premium plugin. -->","yoast_head_json":{"title":"Transporte privado al centro espacial de la NASA Tour con conductor","description":"Tome este Tour en Transporte Privado al Centro Espacial de la NASA y tenga la oportunidad de disfrutar lo mejor del CENTRO ESPACIAL DE LA NASA.","robots":{"index":"index","follow":"follow","max-snippet":"max-snippet:-1","max-image-preview":"max-image-preview:large","max-video-preview":"max-video-preview:-1"},"canonical":"https:\/\/tourtravelandmore.com\/es\/tours\/eeuu-es\/houston-es\/houston-actividades-es\/transporte-privado-al-tour-del-centro-espacial-de-la-nasa\/","og_locale":"es_ES","og_type":"article","og_title":"Transporte privado al tour del centro espacial de la NASA","og_description":"Tome este Tour en Transporte Privado al Centro Espacial de la NASA y tenga la oportunidad de disfrutar lo mejor del CENTRO ESPACIAL DE LA NASA.","og_url":"https:\/\/tourtravelandmore.com\/es\/tours\/eeuu-es\/houston-es\/houston-actividades-es\/transporte-privado-al-tour-del-centro-espacial-de-la-nasa\/","og_site_name":"Tour Travel And More","article_publisher":"https:\/\/www.facebook.com\/tourtravelandmore\/","article_modified_time":"2020-11-23T11:51:13+00:00","og_image":[{"width":2560,"height":1707,"url":"https:\/\/tourtravelandmore.com\/wp-content\/uploads\/2020\/11\/NASA-2-1-scaled.jpg","type":"image\/jpeg"}],"twitter_card":"summary_large_image","twitter_site":"@TourTravel_More","twitter_misc":{"Tiempo de lectura":"1 minuto"},"schema":{"@context":"https:\/\/schema.org","@graph":[{"@type":"WebPage","@id":"https:\/\/tourtravelandmore.com\/es\/tours\/eeuu-es\/houston-es\/houston-actividades-es\/transporte-privado-al-tour-del-centro-espacial-de-la-nasa\/","url":"https:\/\/tourtravelandmore.com\/es\/tours\/eeuu-es\/houston-es\/houston-actividades-es\/transporte-privado-al-tour-del-centro-espacial-de-la-nasa\/","name":"Transporte privado al centro espacial de la NASA Tour con conductor","isPartOf":{"@id":"https:\/\/tourtravelandmore.com\/es\/#website"},"primaryImageOfPage":{"@id":"https:\/\/tourtravelandmore.com\/es\/tours\/eeuu-es\/houston-es\/houston-actividades-es\/transporte-privado-al-tour-del-centro-espacial-de-la-nasa\/#primaryimage"},"image":{"@id":"https:\/\/tourtravelandmore.com\/es\/tours\/eeuu-es\/houston-es\/houston-actividades-es\/transporte-privado-al-tour-del-centro-espacial-de-la-nasa\/#primaryimage"},"thumbnailUrl":"https:\/\/tourtravelandmore.com\/wp-content\/uploads\/2020\/11\/NASA-2-1-scaled.jpg","datePublished":"2020-11-23T11:31:43+00:00","dateModified":"2020-11-23T11:51:13+00:00","description":"Tome este Tour en Transporte Privado al Centro Espacial de la NASA y tenga la oportunidad de disfrutar lo mejor del CENTRO ESPACIAL DE LA NASA.","breadcrumb":{"@id":"https:\/\/tourtravelandmore.com\/es\/tours\/eeuu-es\/houston-es\/houston-actividades-es\/transporte-privado-al-tour-del-centro-espacial-de-la-nasa\/#breadcrumb"},"inLanguage":"es","potentialAction":[{"@type":"ReadAction","target":["https:\/\/tourtravelandmore.com\/es\/tours\/eeuu-es\/houston-es\/houston-actividades-es\/transporte-privado-al-tour-del-centro-espacial-de-la-nasa\/"]}]},{"@type":"ImageObject","inLanguage":"es","@id":"https:\/\/tourtravelandmore.com\/es\/tours\/eeuu-es\/houston-es\/houston-actividades-es\/transporte-privado-al-tour-del-centro-espacial-de-la-nasa\/#primaryimage","url":"https:\/\/tourtravelandmore.com\/wp-content\/uploads\/2020\/11\/NASA-2-1-scaled.jpg","contentUrl":"https:\/\/tourtravelandmore.com\/wp-content\/uploads\/2020\/11\/NASA-2-1-scaled.jpg","width":2560,"height":1707},{"@type":"BreadcrumbList","@id":"https:\/\/tourtravelandmore.com\/es\/tours\/eeuu-es\/houston-es\/houston-actividades-es\/transporte-privado-al-tour-del-centro-espacial-de-la-nasa\/#breadcrumb","itemListElement":[{"@type":"ListItem","position":1,"name":"Home","item":"https:\/\/tourtravelandmore.com\/es\/"},{"@type":"ListItem","position":2,"name":"Tours","item":"https:\/\/tourtravelandmore.com\/es\/tours\/"},{"@type":"ListItem","position":3,"name":"Transporte privado al tour del centro espacial de la NASA"}]},{"@type":"WebSite","@id":"https:\/\/tourtravelandmore.com\/es\/#website","url":"https:\/\/tourtravelandmore.com\/es\/","name":"Tour Travel And More","description":"Private sightseeing tours and luxury transfers in Spain","publisher":{"@id":"https:\/\/tourtravelandmore.com\/es\/#organization"},"potentialAction":[{"@type":"SearchAction","target":{"@type":"EntryPoint","urlTemplate":"https:\/\/tourtravelandmore.com\/es\/?s={search_term_string}"},"query-input":{"@type":"PropertyValueSpecification","valueRequired":true,"valueName":"search_term_string"}}],"inLanguage":"es"},{"@type":"Organization","@id":"https:\/\/tourtravelandmore.com\/es\/#organization","name":"Tour Travel And More","url":"https:\/\/tourtravelandmore.com\/es\/","logo":{"@type":"ImageObject","inLanguage":"es","@id":"https:\/\/tourtravelandmore.com\/es\/#\/schema\/logo\/image\/","url":"https:\/\/tourtravelandmore.com\/wp-content\/uploads\/2022\/12\/cropped-logo-cabecera-new.png","contentUrl":"https:\/\/tourtravelandmore.com\/wp-content\/uploads\/2022\/12\/cropped-logo-cabecera-new.png","width":430,"height":61,"caption":"Tour Travel And More"},"image":{"@id":"https:\/\/tourtravelandmore.com\/es\/#\/schema\/logo\/image\/"},"sameAs":["https:\/\/www.facebook.com\/tourtravelandmore\/","https:\/\/x.com\/TourTravel_More"]}]}},"_links":{"self":[{"href":"https:\/\/tourtravelandmore.com\/es\/wp-json\/wp\/v2\/product\/87701","targetHints":{"allow":["GET"]}}],"collection":[{"href":"https:\/\/tourtravelandmore.com\/es\/wp-json\/wp\/v2\/product"}],"about":[{"href":"https:\/\/tourtravelandmore.com\/es\/wp-json\/wp\/v2\/types\/product"}],"replies":[{"embeddable":true,"href":"https:\/\/tourtravelandmore.com\/es\/wp-json\/wp\/v2\/comments?post=87701"}],"wp:featuredmedia":[{"embeddable":true,"href":"https:\/\/tourtravelandmore.com\/es\/wp-json\/wp\/v2\/media\/87714"}],"wp:attachment":[{"href":"https:\/\/tourtravelandmore.com\/es\/wp-json\/wp\/v2\/media?parent=87701"}],"wp:term":[{"taxonomy":"product_brand","embeddable":true,"href":"https:\/\/tourtravelandmore.com\/es\/wp-json\/wp\/v2\/product_brand?post=87701"},{"taxonomy":"product_cat","embeddable":true,"href":"https:\/\/tourtravelandmore.com\/es\/wp-json\/wp\/v2\/product_cat?post=87701"},{"taxonomy":"product_tag","embeddable":true,"href":"https:\/\/tourtravelandmore.com\/es\/wp-json\/wp\/v2\/product_tag?post=87701"}],"curies":[{"name":"wp","href":"https:\/\/api.w.org\/{rel}","templated":true}]}}