{"id":877,"date":"2016-03-10T19:18:42","date_gmt":"2016-04-15T16:56:38","guid":{"rendered":"http:\/\/tourtravelandmore.com\/?post_type=product&#038;p=877&#038;lang=es"},"modified":"2023-01-10T03:27:02","modified_gmt":"2023-01-10T02:27:02","slug":"transfer-cordoba-ciudad-andalucia","status":"publish","type":"product","link":"https:\/\/tourtravelandmore.com\/es\/tours\/espana-es\/cordoba-es\/transfer-cordoba-ciudad-andalucia\/","title":{"rendered":"Transfer Privado desde Cordoba hasta cualquier ciudad de Andaluc\u00eda"},"content":{"rendered":"<h2>Descripci\u00f3n del Traslado Privado desde C\u00f3rdoba hasta cualquier ciudad de Andaluc\u00eda<\/h2>\n<p>Le ofrecemos la manera m\u00e1s r\u00e1pida y relajante de llegar a su destino a trav\u00e9s de nuestra flota de <strong>coches privados y minivans privados<\/strong>. \u00a1Disfrute de una experiencia relajante sin colas!<br \/>\nOfrecemos todo tipo de traslados, desde recogidas en el aeropuerto, traslados para cenas, traslados del puerto del crucero o hasta el mismo e incluso traslados a otras ciudades.<br \/>\nCuando llegue al aeropuerto o puerto, nuestro personal estar\u00e1 esper\u00e1ndole con una pancarta en la terminal de llegada. Durante su traslado a su destino podr\u00e1 ver una vista panor\u00e1mica de la ciudad de <strong>C\u00f3rdoba<\/strong>.<br \/>\nOfrecemos servicio de transfer y ofrecemos un servicio personalizado y privado para todos los grupos. Todos nuestros veh\u00edculos son de alta gama.<\/p>\n<p>\u00danicamente tiene que avisarnos y organizaremos su traslado de la mejor manera posible.<br \/>\nSe confirmar\u00e1 su reserva a trav\u00e9s de su email. En cuanto hagan su reserva necesitamos que nos faciliten su vuelo, hora, lugar de salida y compa\u00f1\u00eda o los detalles de su barco. Entre 24 horas y 48 horas antes de su llegada, necesitamos que nos confirme su informaci\u00f3n de llegada o de salida y el punto y hora exacta de recogida.<\/p>\n<p>No limitamos el n\u00famero de maletas, pero le pedimos de informarnos de cuanto equipaje tienen por razones de log\u00edstica y por si hay que organizar un veh\u00edculo m\u00e1s grande y ajustar la propuesta.<br \/>\nSi necesita silla de bebe o de ni\u00f1o, tiene que contactar con nosotros con anterioridad a su viaje para poder organizarlo.<\/p>\n<h3>La ciudad: C\u00f3rdoba<\/h3>\n<p>C\u00f3rdoba es una ciudad emblem\u00e1tica y \u00fanica en Andaluc\u00eda. Tiene m\u00e1s de 327,000 habitantes. Es una ciudad preciosa con una historia incre\u00edble. Podr\u00e1 disfrutar de la preciosa mezquita\/catedral. Es un lugar emblem\u00e1tico e \u00fanico. Su centro hist\u00f3rico es declarado patrimonio de la humanidad de la UNESCO.<\/p>\n<h3>Nuestros Tours Privados en Tour Travel &amp; More<\/h3>\n<p>Ofrecemos a nuestros clientes tours privados para familias, amigos e incluso para incentivos o grupos grandes. Entendemos las necesidades de los viajeros mientras est\u00e1n de vacaciones, y hacemos todo lo posible para que su estancia sea inolvidable. Nuestra flota se compone de veh\u00edculos de lujo y nuestro personal es perfectamente multiling\u00fce. Nuestros gu\u00edas son gu\u00edas oficiales y viven en C\u00f3rdoba y son gran conocedor de la ciudad. Nuestros gu\u00edas en C\u00f3rdoba hablan varios idiomas: Ingl\u00e9s, Espa\u00f1ol, Franc\u00e9s, Italiano, Polaco, Holand\u00e9s, Chino, Ruso, Japon\u00e9s, Alem\u00e1n, Griego y Portugu\u00e9s.<\/p>\n","protected":false},"excerpt":{"rendered":"<p>Aproveche esta oportunidad para llegar a su destino en <strong>C\u00f3rdoba<\/strong> de la manera m\u00e1s comoda y r\u00e1pida posible.<br \/>\nOrganizamos recogidas desde su hotel, aeropuerto, estaci\u00f3n de tren o cualquier lugar de Cordoba.<\/p>\n<h4>Destacado<\/h4>\n<ul>\n<li>[icon name=\"car\" class=\"\" unprefixed_class=\"\"] Vehiculo privado de lujo con chofer<\/li>\n<li>[icon name=\"eye\" class=\"\" unprefixed_class=\"\"] La forma r\u00e1pida de llegar a su destino final sin esperas y sin colas<\/li>\n<\/ul>\n","protected":false},"featured_media":668,"comment_status":"open","ping_status":"closed","template":"","meta":{"_acf_changed":false},"product_brand":[],"product_cat":[76,77,81],"product_tag":[],"class_list":{"0":"post-877","1":"product","2":"type-product","3":"status-publish","4":"has-post-thumbnail","6":"product_cat-cordoba-es","7":"product_cat-cordoba-actividades-es","8":"product_cat-cordoba-traslados-es","10":"first","11":"instock","12":"shipping-taxable","13":"purchasable","14":"product-type-simple"},"acf":[],"yoast_head":"<!-- This site is optimized with the Yoast SEO Premium plugin v25.3.1 (Yoast SEO v25.3.1) - https:\/\/yoast.com\/wordpress\/plugins\/seo\/ -->\n<title>\u27a1\ufe0f Transfer Cordoba a ciudad Andaluc\u00eda | Tour Travel &amp; More<\/title>\n<meta name=\"description\" content=\"La manera m\u00e1s r\u00e1pida y relajante de llegar a su destino en Andaluc\u00eda a trav\u00e9s de nuestra flota de coches privados y minivans privados en C\u00f3rdoba \u2705\" \/>\n<meta name=\"robots\" content=\"index, follow, max-snippet:-1, max-image-preview:large, max-video-preview:-1\" \/>\n<link rel=\"canonical\" href=\"https:\/\/tourtravelandmore.com\/es\/tours\/espana-es\/cordoba-es\/transfer-cordoba-ciudad-andalucia\/\" \/>\n<meta property=\"og:locale\" content=\"es_ES\" \/>\n<meta property=\"og:type\" content=\"article\" \/>\n<meta property=\"og:title\" content=\"Transfer Privado desde Cordoba hasta cualquier ciudad de Andaluc\u00eda\" \/>\n<meta property=\"og:description\" content=\"La manera m\u00e1s r\u00e1pida y relajante de llegar a su destino en Andaluc\u00eda a trav\u00e9s de nuestra flota de coches privados y minivans privados en C\u00f3rdoba \u2705\" \/>\n<meta property=\"og:url\" content=\"https:\/\/tourtravelandmore.com\/es\/tours\/espana-es\/cordoba-es\/transfer-cordoba-ciudad-andalucia\/\" \/>\n<meta property=\"og:site_name\" content=\"Tour Travel And More\" \/>\n<meta property=\"article:publisher\" content=\"https:\/\/www.facebook.com\/tourtravelandmore\/\" \/>\n<meta property=\"article:modified_time\" content=\"2023-01-10T02:27:02+00:00\" \/>\n<meta property=\"og:image\" content=\"https:\/\/tourtravelandmore.com\/wp-content\/uploads\/2016\/03\/CLASE-S-1-copia.png\" \/>\n\t<meta property=\"og:image:width\" content=\"640\" \/>\n\t<meta property=\"og:image:height\" content=\"425\" \/>\n\t<meta property=\"og:image:type\" content=\"image\/png\" \/>\n<meta name=\"twitter:card\" content=\"summary_large_image\" \/>\n<meta name=\"twitter:site\" content=\"@TourTravel_More\" \/>\n<meta name=\"twitter:label1\" content=\"Tiempo de lectura\" \/>\n\t<meta name=\"twitter:data1\" content=\"2 minutos\" \/>\n<script type=\"application\/ld+json\" class=\"yoast-schema-graph\">{\"@context\":\"https:\/\/schema.org\",\"@graph\":[{\"@type\":\"WebPage\",\"@id\":\"https:\/\/tourtravelandmore.com\/es\/tours\/espana-es\/cordoba-es\/transfer-cordoba-ciudad-andalucia\/\",\"url\":\"https:\/\/tourtravelandmore.com\/es\/tours\/espana-es\/cordoba-es\/transfer-cordoba-ciudad-andalucia\/\",\"name\":\"\u27a1\ufe0f Transfer Cordoba a ciudad Andaluc\u00eda | Tour Travel & More\",\"isPartOf\":{\"@id\":\"https:\/\/tourtravelandmore.com\/es\/#website\"},\"primaryImageOfPage\":{\"@id\":\"https:\/\/tourtravelandmore.com\/es\/tours\/espana-es\/cordoba-es\/transfer-cordoba-ciudad-andalucia\/#primaryimage\"},\"image\":{\"@id\":\"https:\/\/tourtravelandmore.com\/es\/tours\/espana-es\/cordoba-es\/transfer-cordoba-ciudad-andalucia\/#primaryimage\"},\"thumbnailUrl\":\"https:\/\/tourtravelandmore.com\/wp-content\/uploads\/2016\/03\/CLASE-S-1-copia.png\",\"datePublished\":\"2016-04-15T16:56:38+00:00\",\"dateModified\":\"2023-01-10T02:27:02+00:00\",\"description\":\"La manera m\u00e1s r\u00e1pida y relajante de llegar a su destino en Andaluc\u00eda a trav\u00e9s de nuestra flota de coches privados y minivans privados en C\u00f3rdoba \u2705\",\"breadcrumb\":{\"@id\":\"https:\/\/tourtravelandmore.com\/es\/tours\/espana-es\/cordoba-es\/transfer-cordoba-ciudad-andalucia\/#breadcrumb\"},\"inLanguage\":\"es\",\"potentialAction\":[{\"@type\":\"ReadAction\",\"target\":[\"https:\/\/tourtravelandmore.com\/es\/tours\/espana-es\/cordoba-es\/transfer-cordoba-ciudad-andalucia\/\"]}]},{\"@type\":\"ImageObject\",\"inLanguage\":\"es\",\"@id\":\"https:\/\/tourtravelandmore.com\/es\/tours\/espana-es\/cordoba-es\/transfer-cordoba-ciudad-andalucia\/#primaryimage\",\"url\":\"https:\/\/tourtravelandmore.com\/wp-content\/uploads\/2016\/03\/CLASE-S-1-copia.png\",\"contentUrl\":\"https:\/\/tourtravelandmore.com\/wp-content\/uploads\/2016\/03\/CLASE-S-1-copia.png\",\"width\":640,\"height\":425},{\"@type\":\"BreadcrumbList\",\"@id\":\"https:\/\/tourtravelandmore.com\/es\/tours\/espana-es\/cordoba-es\/transfer-cordoba-ciudad-andalucia\/#breadcrumb\",\"itemListElement\":[{\"@type\":\"ListItem\",\"position\":1,\"name\":\"Home\",\"item\":\"https:\/\/tourtravelandmore.com\/es\/\"},{\"@type\":\"ListItem\",\"position\":2,\"name\":\"Tours\",\"item\":\"https:\/\/tourtravelandmore.com\/es\/tours\/\"},{\"@type\":\"ListItem\",\"position\":3,\"name\":\"Transfer Privado desde Cordoba hasta cualquier ciudad de Andaluc\u00eda\"}]},{\"@type\":\"WebSite\",\"@id\":\"https:\/\/tourtravelandmore.com\/es\/#website\",\"url\":\"https:\/\/tourtravelandmore.com\/es\/\",\"name\":\"Tour Travel And More\",\"description\":\"Private sightseeing tours and luxury transfers in Spain\",\"publisher\":{\"@id\":\"https:\/\/tourtravelandmore.com\/es\/#organization\"},\"potentialAction\":[{\"@type\":\"SearchAction\",\"target\":{\"@type\":\"EntryPoint\",\"urlTemplate\":\"https:\/\/tourtravelandmore.com\/es\/?s={search_term_string}\"},\"query-input\":{\"@type\":\"PropertyValueSpecification\",\"valueRequired\":true,\"valueName\":\"search_term_string\"}}],\"inLanguage\":\"es\"},{\"@type\":\"Organization\",\"@id\":\"https:\/\/tourtravelandmore.com\/es\/#organization\",\"name\":\"Tour Travel And More\",\"url\":\"https:\/\/tourtravelandmore.com\/es\/\",\"logo\":{\"@type\":\"ImageObject\",\"inLanguage\":\"es\",\"@id\":\"https:\/\/tourtravelandmore.com\/es\/#\/schema\/logo\/image\/\",\"url\":\"https:\/\/tourtravelandmore.com\/wp-content\/uploads\/2022\/12\/cropped-logo-cabecera-new.png\",\"contentUrl\":\"https:\/\/tourtravelandmore.com\/wp-content\/uploads\/2022\/12\/cropped-logo-cabecera-new.png\",\"width\":430,\"height\":61,\"caption\":\"Tour Travel And More\"},\"image\":{\"@id\":\"https:\/\/tourtravelandmore.com\/es\/#\/schema\/logo\/image\/\"},\"sameAs\":[\"https:\/\/www.facebook.com\/tourtravelandmore\/\",\"https:\/\/x.com\/TourTravel_More\"]}]}<\/script>\n<!-- \/ Yoast SEO Premium plugin. -->","yoast_head_json":{"title":"\u27a1\ufe0f Transfer Cordoba a ciudad Andaluc\u00eda | Tour Travel & More","description":"La manera m\u00e1s r\u00e1pida y relajante de llegar a su destino en Andaluc\u00eda a trav\u00e9s de nuestra flota de coches privados y minivans privados en C\u00f3rdoba \u2705","robots":{"index":"index","follow":"follow","max-snippet":"max-snippet:-1","max-image-preview":"max-image-preview:large","max-video-preview":"max-video-preview:-1"},"canonical":"https:\/\/tourtravelandmore.com\/es\/tours\/espana-es\/cordoba-es\/transfer-cordoba-ciudad-andalucia\/","og_locale":"es_ES","og_type":"article","og_title":"Transfer Privado desde Cordoba hasta cualquier ciudad de Andaluc\u00eda","og_description":"La manera m\u00e1s r\u00e1pida y relajante de llegar a su destino en Andaluc\u00eda a trav\u00e9s de nuestra flota de coches privados y minivans privados en C\u00f3rdoba \u2705","og_url":"https:\/\/tourtravelandmore.com\/es\/tours\/espana-es\/cordoba-es\/transfer-cordoba-ciudad-andalucia\/","og_site_name":"Tour Travel And More","article_publisher":"https:\/\/www.facebook.com\/tourtravelandmore\/","article_modified_time":"2023-01-10T02:27:02+00:00","og_image":[{"width":640,"height":425,"url":"https:\/\/tourtravelandmore.com\/wp-content\/uploads\/2016\/03\/CLASE-S-1-copia.png","type":"image\/png"}],"twitter_card":"summary_large_image","twitter_site":"@TourTravel_More","twitter_misc":{"Tiempo de lectura":"2 minutos"},"schema":{"@context":"https:\/\/schema.org","@graph":[{"@type":"WebPage","@id":"https:\/\/tourtravelandmore.com\/es\/tours\/espana-es\/cordoba-es\/transfer-cordoba-ciudad-andalucia\/","url":"https:\/\/tourtravelandmore.com\/es\/tours\/espana-es\/cordoba-es\/transfer-cordoba-ciudad-andalucia\/","name":"\u27a1\ufe0f Transfer Cordoba a ciudad Andaluc\u00eda | Tour Travel & More","isPartOf":{"@id":"https:\/\/tourtravelandmore.com\/es\/#website"},"primaryImageOfPage":{"@id":"https:\/\/tourtravelandmore.com\/es\/tours\/espana-es\/cordoba-es\/transfer-cordoba-ciudad-andalucia\/#primaryimage"},"image":{"@id":"https:\/\/tourtravelandmore.com\/es\/tours\/espana-es\/cordoba-es\/transfer-cordoba-ciudad-andalucia\/#primaryimage"},"thumbnailUrl":"https:\/\/tourtravelandmore.com\/wp-content\/uploads\/2016\/03\/CLASE-S-1-copia.png","datePublished":"2016-04-15T16:56:38+00:00","dateModified":"2023-01-10T02:27:02+00:00","description":"La manera m\u00e1s r\u00e1pida y relajante de llegar a su destino en Andaluc\u00eda a trav\u00e9s de nuestra flota de coches privados y minivans privados en C\u00f3rdoba \u2705","breadcrumb":{"@id":"https:\/\/tourtravelandmore.com\/es\/tours\/espana-es\/cordoba-es\/transfer-cordoba-ciudad-andalucia\/#breadcrumb"},"inLanguage":"es","potentialAction":[{"@type":"ReadAction","target":["https:\/\/tourtravelandmore.com\/es\/tours\/espana-es\/cordoba-es\/transfer-cordoba-ciudad-andalucia\/"]}]},{"@type":"ImageObject","inLanguage":"es","@id":"https:\/\/tourtravelandmore.com\/es\/tours\/espana-es\/cordoba-es\/transfer-cordoba-ciudad-andalucia\/#primaryimage","url":"https:\/\/tourtravelandmore.com\/wp-content\/uploads\/2016\/03\/CLASE-S-1-copia.png","contentUrl":"https:\/\/tourtravelandmore.com\/wp-content\/uploads\/2016\/03\/CLASE-S-1-copia.png","width":640,"height":425},{"@type":"BreadcrumbList","@id":"https:\/\/tourtravelandmore.com\/es\/tours\/espana-es\/cordoba-es\/transfer-cordoba-ciudad-andalucia\/#breadcrumb","itemListElement":[{"@type":"ListItem","position":1,"name":"Home","item":"https:\/\/tourtravelandmore.com\/es\/"},{"@type":"ListItem","position":2,"name":"Tours","item":"https:\/\/tourtravelandmore.com\/es\/tours\/"},{"@type":"ListItem","position":3,"name":"Transfer Privado desde Cordoba hasta cualquier ciudad de Andaluc\u00eda"}]},{"@type":"WebSite","@id":"https:\/\/tourtravelandmore.com\/es\/#website","url":"https:\/\/tourtravelandmore.com\/es\/","name":"Tour Travel And More","description":"Private sightseeing tours and luxury transfers in Spain","publisher":{"@id":"https:\/\/tourtravelandmore.com\/es\/#organization"},"potentialAction":[{"@type":"SearchAction","target":{"@type":"EntryPoint","urlTemplate":"https:\/\/tourtravelandmore.com\/es\/?s={search_term_string}"},"query-input":{"@type":"PropertyValueSpecification","valueRequired":true,"valueName":"search_term_string"}}],"inLanguage":"es"},{"@type":"Organization","@id":"https:\/\/tourtravelandmore.com\/es\/#organization","name":"Tour Travel And More","url":"https:\/\/tourtravelandmore.com\/es\/","logo":{"@type":"ImageObject","inLanguage":"es","@id":"https:\/\/tourtravelandmore.com\/es\/#\/schema\/logo\/image\/","url":"https:\/\/tourtravelandmore.com\/wp-content\/uploads\/2022\/12\/cropped-logo-cabecera-new.png","contentUrl":"https:\/\/tourtravelandmore.com\/wp-content\/uploads\/2022\/12\/cropped-logo-cabecera-new.png","width":430,"height":61,"caption":"Tour Travel And More"},"image":{"@id":"https:\/\/tourtravelandmore.com\/es\/#\/schema\/logo\/image\/"},"sameAs":["https:\/\/www.facebook.com\/tourtravelandmore\/","https:\/\/x.com\/TourTravel_More"]}]}},"_links":{"self":[{"href":"https:\/\/tourtravelandmore.com\/es\/wp-json\/wp\/v2\/product\/877","targetHints":{"allow":["GET"]}}],"collection":[{"href":"https:\/\/tourtravelandmore.com\/es\/wp-json\/wp\/v2\/product"}],"about":[{"href":"https:\/\/tourtravelandmore.com\/es\/wp-json\/wp\/v2\/types\/product"}],"replies":[{"embeddable":true,"href":"https:\/\/tourtravelandmore.com\/es\/wp-json\/wp\/v2\/comments?post=877"}],"wp:featuredmedia":[{"embeddable":true,"href":"https:\/\/tourtravelandmore.com\/es\/wp-json\/wp\/v2\/media\/668"}],"wp:attachment":[{"href":"https:\/\/tourtravelandmore.com\/es\/wp-json\/wp\/v2\/media?parent=877"}],"wp:term":[{"taxonomy":"product_brand","embeddable":true,"href":"https:\/\/tourtravelandmore.com\/es\/wp-json\/wp\/v2\/product_brand?post=877"},{"taxonomy":"product_cat","embeddable":true,"href":"https:\/\/tourtravelandmore.com\/es\/wp-json\/wp\/v2\/product_cat?post=877"},{"taxonomy":"product_tag","embeddable":true,"href":"https:\/\/tourtravelandmore.com\/es\/wp-json\/wp\/v2\/product_tag?post=877"}],"curies":[{"name":"wp","href":"https:\/\/api.w.org\/{rel}","templated":true}]}}