{"id":87653,"date":"2020-11-23T12:15:17","date_gmt":"2020-11-23T11:15:19","guid":{"rendered":"https:\/\/tourtravelandmore.com\/?post_type=product&#038;p=87653"},"modified":"2022-01-10T15:15:13","modified_gmt":"2022-01-10T14:15:13","slug":"tour-privado-de-little-italy","status":"publish","type":"product","link":"https:\/\/tourtravelandmore.com\/es\/tours\/canada-es\/vancouver-es\/vancouver-actividades-es\/tour-privado-de-little-italy\/","title":{"rendered":"Tour privado de Little Italy"},"content":{"rendered":"<h2 id=\"tw-target-text\" class=\"tw-data-text tw-text-large XcVN5d tw-ta\" dir=\"ltr\" data-placeholder=\"Traducci\u00f3n\"><span lang=\"es\">Descripci\u00f3n del Tour privado de Little Italy<\/span><\/h2>\n<p>Una excelente manera de conocer Little Italy es con nuestro recorrido a pie privado. Este tour privado de Little Italy es una experiencia perfecta.<\/p>\n<p>Puedes encontrar Little Italy en la parte este de la ciudad de Vancouver. Esto est\u00e1 en el vecindario de Grandview-Woodland. Esto se conoce como el \u00e1rea de Commercial Drive. Encuentre una gran cantidad de italianos \u00e9tnicos y, por supuesto, empresas italianas. Es un gran centro comercial multicultural.<\/p>\n<p>Antes de los a\u00f1os 30, muchos de los inmigrantes italianos estaban en el distrito de Strathcona. Pero despu\u00e9s de los a\u00f1os 50, la mayor\u00eda de los inmigrantes se establecieron en la zona norte comercial. Aqu\u00ed es donde sabemos que sabemos en Little Italy. Hoy en d\u00eda, es una zona preciosa para pasear y conocer la influencia italiana. Ahora tambi\u00e9n puedes encontrar grandes grupos multiculturales.<\/p>\n<p>Este tour privado comenzar\u00e1 desde un punto de encuentro ubicado en el centro de Little Italy. Luego comenzaremos este tour privado.<\/p>\n<h2>Puntos emblem\u00e1ticos y de inter\u00e9s del Tour privado de Little Italy<\/h2>\n<p>\u00a1Este tour privado de Little Italy ser\u00e1 un recorrido a pie \u00fanico hecho para ti!<\/p>\n<p>Little Italy est\u00e1 a m\u00e1s de ocho cuadras de la ruta comercial. Se trata de cuatro cuadras al norte y cuatro cuadras al sur en la 1ra avenida. Pruebe los excelentes restaurantes que se encuentran y una vista del gran multicultural que se encuentra aqu\u00ed en &#8220;the Drive&#8221;.<\/p>\n<p>\u00a1Podemos incluir en este tour de Little Italy un tour gastron\u00f3mico tambi\u00e9n para hacer 2 en 1!<\/p>\n<p>\u00a1Conoce la pasi\u00f3n italiana y todo por la deliciosa comida italiana!<\/p>\n<p>\u00a1Tenga una vista en la pizzer\u00eda, pasta e incluso en otros tipos de tiendas que est\u00e1n ubicadas y son propiedad de italianos!<\/p>\n<p>Nuestro gu\u00eda privado estar\u00e1 a su disposici\u00f3n durante todo el recorrido privado. Estamos a tu disposici\u00f3n para que esta experiencia sea completamente \u00fanica.<\/p>\n<p>Eche un vistazo a nuestros otros tours privados aqu\u00ed tambi\u00e9n. Ofrecemos excursiones de un d\u00eda y otros recorridos por la ciudad de Vancouver. \u00a1Tambi\u00e9n ofrecemos tours privados en cualquier otra ciudad del mundo!<\/p>\n","protected":false},"excerpt":{"rendered":"<p id=\"tw-target-text\" class=\"tw-data-text tw-text-large XcVN5d tw-ta\" dir=\"ltr\" data-placeholder=\"Traducci\u00f3n\">\u00a1Realice este<strong> tour privado de Little Italy en Vancouver<\/strong> y tenga la oportunidad de disfrutar de lo mejor de Little Italy! \u00a1Este es un gran tour privado a pie!<\/p>\n","protected":false},"featured_media":87247,"comment_status":"open","ping_status":"closed","template":"","meta":{"_acf_changed":false},"product_brand":[],"product_cat":[2789,2816,2819,2822,2825,1602],"product_tag":[],"class_list":{"0":"post-87653","1":"product","2":"type-product","3":"status-publish","4":"has-post-thumbnail","6":"product_cat-canada-es","7":"product_cat-vancouver-es","8":"product_cat-vancouver-actividades-es","9":"product_cat-vancouver-tours-es","10":"product_cat-vancouver-a-pie-es","11":"product_cat-eeuu-es","13":"first","14":"instock","15":"shipping-taxable","16":"purchasable","17":"product-type-simple"},"acf":[],"yoast_head":"<!-- This site is optimized with the Yoast SEO Premium plugin v25.3.1 (Yoast SEO v25.3.1) - https:\/\/yoast.com\/wordpress\/plugins\/seo\/ -->\n<title>Tour privado de Little Italy en Vancouver con un gu\u00eda tur\u00edstico | TTM<\/title>\n<meta name=\"description\" content=\"\u00a1Realice este tour privado de Little Italy en Vancouver y tenga la oportunidad de disfrutar de lo mejor de Little Italy! \u00a1Este es un gran tour privado a pie! \u2705\" \/>\n<meta name=\"robots\" content=\"index, follow, max-snippet:-1, max-image-preview:large, max-video-preview:-1\" \/>\n<link rel=\"canonical\" href=\"https:\/\/tourtravelandmore.com\/es\/tours\/canada-es\/vancouver-es\/vancouver-actividades-es\/tour-privado-de-little-italy\/\" \/>\n<meta property=\"og:locale\" content=\"es_ES\" \/>\n<meta property=\"og:type\" content=\"article\" \/>\n<meta property=\"og:title\" content=\"Tour privado de Little Italy\" \/>\n<meta property=\"og:description\" content=\"\u00a1Realice este tour privado de Little Italy en Vancouver y tenga la oportunidad de disfrutar de lo mejor de Little Italy! \u00a1Este es un gran tour privado a pie! \u2705\" \/>\n<meta property=\"og:url\" content=\"https:\/\/tourtravelandmore.com\/es\/tours\/canada-es\/vancouver-es\/vancouver-actividades-es\/tour-privado-de-little-italy\/\" \/>\n<meta property=\"og:site_name\" content=\"Tour Travel And More\" \/>\n<meta property=\"article:publisher\" content=\"https:\/\/www.facebook.com\/tourtravelandmore\/\" \/>\n<meta property=\"article:modified_time\" content=\"2022-01-10T14:15:13+00:00\" \/>\n<meta property=\"og:image\" content=\"https:\/\/tourtravelandmore.com\/wp-content\/uploads\/2020\/11\/Vancouver-10-scaled.jpg\" \/>\n\t<meta property=\"og:image:width\" content=\"2048\" \/>\n\t<meta property=\"og:image:height\" content=\"2560\" \/>\n\t<meta property=\"og:image:type\" content=\"image\/jpeg\" \/>\n<meta name=\"twitter:card\" content=\"summary_large_image\" \/>\n<meta name=\"twitter:site\" content=\"@TourTravel_More\" \/>\n<meta name=\"twitter:label1\" content=\"Tiempo de lectura\" \/>\n\t<meta name=\"twitter:data1\" content=\"2 minutos\" \/>\n<script type=\"application\/ld+json\" class=\"yoast-schema-graph\">{\"@context\":\"https:\/\/schema.org\",\"@graph\":[{\"@type\":\"WebPage\",\"@id\":\"https:\/\/tourtravelandmore.com\/es\/tours\/canada-es\/vancouver-es\/vancouver-actividades-es\/tour-privado-de-little-italy\/\",\"url\":\"https:\/\/tourtravelandmore.com\/es\/tours\/canada-es\/vancouver-es\/vancouver-actividades-es\/tour-privado-de-little-italy\/\",\"name\":\"Tour privado de Little Italy en Vancouver con un gu\u00eda tur\u00edstico | TTM\",\"isPartOf\":{\"@id\":\"https:\/\/tourtravelandmore.com\/es\/#website\"},\"primaryImageOfPage\":{\"@id\":\"https:\/\/tourtravelandmore.com\/es\/tours\/canada-es\/vancouver-es\/vancouver-actividades-es\/tour-privado-de-little-italy\/#primaryimage\"},\"image\":{\"@id\":\"https:\/\/tourtravelandmore.com\/es\/tours\/canada-es\/vancouver-es\/vancouver-actividades-es\/tour-privado-de-little-italy\/#primaryimage\"},\"thumbnailUrl\":\"https:\/\/tourtravelandmore.com\/wp-content\/uploads\/2020\/11\/Vancouver-10-scaled.jpg\",\"datePublished\":\"2020-11-23T11:15:19+00:00\",\"dateModified\":\"2022-01-10T14:15:13+00:00\",\"description\":\"\u00a1Realice este tour privado de Little Italy en Vancouver y tenga la oportunidad de disfrutar de lo mejor de Little Italy! \u00a1Este es un gran tour privado a pie! \u2705\",\"breadcrumb\":{\"@id\":\"https:\/\/tourtravelandmore.com\/es\/tours\/canada-es\/vancouver-es\/vancouver-actividades-es\/tour-privado-de-little-italy\/#breadcrumb\"},\"inLanguage\":\"es\",\"potentialAction\":[{\"@type\":\"ReadAction\",\"target\":[\"https:\/\/tourtravelandmore.com\/es\/tours\/canada-es\/vancouver-es\/vancouver-actividades-es\/tour-privado-de-little-italy\/\"]}]},{\"@type\":\"ImageObject\",\"inLanguage\":\"es\",\"@id\":\"https:\/\/tourtravelandmore.com\/es\/tours\/canada-es\/vancouver-es\/vancouver-actividades-es\/tour-privado-de-little-italy\/#primaryimage\",\"url\":\"https:\/\/tourtravelandmore.com\/wp-content\/uploads\/2020\/11\/Vancouver-10-scaled.jpg\",\"contentUrl\":\"https:\/\/tourtravelandmore.com\/wp-content\/uploads\/2020\/11\/Vancouver-10-scaled.jpg\",\"width\":2048,\"height\":2560},{\"@type\":\"BreadcrumbList\",\"@id\":\"https:\/\/tourtravelandmore.com\/es\/tours\/canada-es\/vancouver-es\/vancouver-actividades-es\/tour-privado-de-little-italy\/#breadcrumb\",\"itemListElement\":[{\"@type\":\"ListItem\",\"position\":1,\"name\":\"Home\",\"item\":\"https:\/\/tourtravelandmore.com\/es\/\"},{\"@type\":\"ListItem\",\"position\":2,\"name\":\"Tours\",\"item\":\"https:\/\/tourtravelandmore.com\/es\/tours\/\"},{\"@type\":\"ListItem\",\"position\":3,\"name\":\"Tour privado de Little Italy\"}]},{\"@type\":\"WebSite\",\"@id\":\"https:\/\/tourtravelandmore.com\/es\/#website\",\"url\":\"https:\/\/tourtravelandmore.com\/es\/\",\"name\":\"Tour Travel And More\",\"description\":\"Private sightseeing tours and luxury transfers in Spain\",\"publisher\":{\"@id\":\"https:\/\/tourtravelandmore.com\/es\/#organization\"},\"potentialAction\":[{\"@type\":\"SearchAction\",\"target\":{\"@type\":\"EntryPoint\",\"urlTemplate\":\"https:\/\/tourtravelandmore.com\/es\/?s={search_term_string}\"},\"query-input\":{\"@type\":\"PropertyValueSpecification\",\"valueRequired\":true,\"valueName\":\"search_term_string\"}}],\"inLanguage\":\"es\"},{\"@type\":\"Organization\",\"@id\":\"https:\/\/tourtravelandmore.com\/es\/#organization\",\"name\":\"Tour Travel And More\",\"url\":\"https:\/\/tourtravelandmore.com\/es\/\",\"logo\":{\"@type\":\"ImageObject\",\"inLanguage\":\"es\",\"@id\":\"https:\/\/tourtravelandmore.com\/es\/#\/schema\/logo\/image\/\",\"url\":\"https:\/\/tourtravelandmore.com\/wp-content\/uploads\/2022\/12\/cropped-logo-cabecera-new.png\",\"contentUrl\":\"https:\/\/tourtravelandmore.com\/wp-content\/uploads\/2022\/12\/cropped-logo-cabecera-new.png\",\"width\":430,\"height\":61,\"caption\":\"Tour Travel And More\"},\"image\":{\"@id\":\"https:\/\/tourtravelandmore.com\/es\/#\/schema\/logo\/image\/\"},\"sameAs\":[\"https:\/\/www.facebook.com\/tourtravelandmore\/\",\"https:\/\/x.com\/TourTravel_More\"]}]}<\/script>\n<!-- \/ Yoast SEO Premium plugin. -->","yoast_head_json":{"title":"Tour privado de Little Italy en Vancouver con un gu\u00eda tur\u00edstico | TTM","description":"\u00a1Realice este tour privado de Little Italy en Vancouver y tenga la oportunidad de disfrutar de lo mejor de Little Italy! \u00a1Este es un gran tour privado a pie! \u2705","robots":{"index":"index","follow":"follow","max-snippet":"max-snippet:-1","max-image-preview":"max-image-preview:large","max-video-preview":"max-video-preview:-1"},"canonical":"https:\/\/tourtravelandmore.com\/es\/tours\/canada-es\/vancouver-es\/vancouver-actividades-es\/tour-privado-de-little-italy\/","og_locale":"es_ES","og_type":"article","og_title":"Tour privado de Little Italy","og_description":"\u00a1Realice este tour privado de Little Italy en Vancouver y tenga la oportunidad de disfrutar de lo mejor de Little Italy! \u00a1Este es un gran tour privado a pie! \u2705","og_url":"https:\/\/tourtravelandmore.com\/es\/tours\/canada-es\/vancouver-es\/vancouver-actividades-es\/tour-privado-de-little-italy\/","og_site_name":"Tour Travel And More","article_publisher":"https:\/\/www.facebook.com\/tourtravelandmore\/","article_modified_time":"2022-01-10T14:15:13+00:00","og_image":[{"width":2048,"height":2560,"url":"https:\/\/tourtravelandmore.com\/wp-content\/uploads\/2020\/11\/Vancouver-10-scaled.jpg","type":"image\/jpeg"}],"twitter_card":"summary_large_image","twitter_site":"@TourTravel_More","twitter_misc":{"Tiempo de lectura":"2 minutos"},"schema":{"@context":"https:\/\/schema.org","@graph":[{"@type":"WebPage","@id":"https:\/\/tourtravelandmore.com\/es\/tours\/canada-es\/vancouver-es\/vancouver-actividades-es\/tour-privado-de-little-italy\/","url":"https:\/\/tourtravelandmore.com\/es\/tours\/canada-es\/vancouver-es\/vancouver-actividades-es\/tour-privado-de-little-italy\/","name":"Tour privado de Little Italy en Vancouver con un gu\u00eda tur\u00edstico | TTM","isPartOf":{"@id":"https:\/\/tourtravelandmore.com\/es\/#website"},"primaryImageOfPage":{"@id":"https:\/\/tourtravelandmore.com\/es\/tours\/canada-es\/vancouver-es\/vancouver-actividades-es\/tour-privado-de-little-italy\/#primaryimage"},"image":{"@id":"https:\/\/tourtravelandmore.com\/es\/tours\/canada-es\/vancouver-es\/vancouver-actividades-es\/tour-privado-de-little-italy\/#primaryimage"},"thumbnailUrl":"https:\/\/tourtravelandmore.com\/wp-content\/uploads\/2020\/11\/Vancouver-10-scaled.jpg","datePublished":"2020-11-23T11:15:19+00:00","dateModified":"2022-01-10T14:15:13+00:00","description":"\u00a1Realice este tour privado de Little Italy en Vancouver y tenga la oportunidad de disfrutar de lo mejor de Little Italy! \u00a1Este es un gran tour privado a pie! \u2705","breadcrumb":{"@id":"https:\/\/tourtravelandmore.com\/es\/tours\/canada-es\/vancouver-es\/vancouver-actividades-es\/tour-privado-de-little-italy\/#breadcrumb"},"inLanguage":"es","potentialAction":[{"@type":"ReadAction","target":["https:\/\/tourtravelandmore.com\/es\/tours\/canada-es\/vancouver-es\/vancouver-actividades-es\/tour-privado-de-little-italy\/"]}]},{"@type":"ImageObject","inLanguage":"es","@id":"https:\/\/tourtravelandmore.com\/es\/tours\/canada-es\/vancouver-es\/vancouver-actividades-es\/tour-privado-de-little-italy\/#primaryimage","url":"https:\/\/tourtravelandmore.com\/wp-content\/uploads\/2020\/11\/Vancouver-10-scaled.jpg","contentUrl":"https:\/\/tourtravelandmore.com\/wp-content\/uploads\/2020\/11\/Vancouver-10-scaled.jpg","width":2048,"height":2560},{"@type":"BreadcrumbList","@id":"https:\/\/tourtravelandmore.com\/es\/tours\/canada-es\/vancouver-es\/vancouver-actividades-es\/tour-privado-de-little-italy\/#breadcrumb","itemListElement":[{"@type":"ListItem","position":1,"name":"Home","item":"https:\/\/tourtravelandmore.com\/es\/"},{"@type":"ListItem","position":2,"name":"Tours","item":"https:\/\/tourtravelandmore.com\/es\/tours\/"},{"@type":"ListItem","position":3,"name":"Tour privado de Little Italy"}]},{"@type":"WebSite","@id":"https:\/\/tourtravelandmore.com\/es\/#website","url":"https:\/\/tourtravelandmore.com\/es\/","name":"Tour Travel And More","description":"Private sightseeing tours and luxury transfers in Spain","publisher":{"@id":"https:\/\/tourtravelandmore.com\/es\/#organization"},"potentialAction":[{"@type":"SearchAction","target":{"@type":"EntryPoint","urlTemplate":"https:\/\/tourtravelandmore.com\/es\/?s={search_term_string}"},"query-input":{"@type":"PropertyValueSpecification","valueRequired":true,"valueName":"search_term_string"}}],"inLanguage":"es"},{"@type":"Organization","@id":"https:\/\/tourtravelandmore.com\/es\/#organization","name":"Tour Travel And More","url":"https:\/\/tourtravelandmore.com\/es\/","logo":{"@type":"ImageObject","inLanguage":"es","@id":"https:\/\/tourtravelandmore.com\/es\/#\/schema\/logo\/image\/","url":"https:\/\/tourtravelandmore.com\/wp-content\/uploads\/2022\/12\/cropped-logo-cabecera-new.png","contentUrl":"https:\/\/tourtravelandmore.com\/wp-content\/uploads\/2022\/12\/cropped-logo-cabecera-new.png","width":430,"height":61,"caption":"Tour Travel And More"},"image":{"@id":"https:\/\/tourtravelandmore.com\/es\/#\/schema\/logo\/image\/"},"sameAs":["https:\/\/www.facebook.com\/tourtravelandmore\/","https:\/\/x.com\/TourTravel_More"]}]}},"_links":{"self":[{"href":"https:\/\/tourtravelandmore.com\/es\/wp-json\/wp\/v2\/product\/87653","targetHints":{"allow":["GET"]}}],"collection":[{"href":"https:\/\/tourtravelandmore.com\/es\/wp-json\/wp\/v2\/product"}],"about":[{"href":"https:\/\/tourtravelandmore.com\/es\/wp-json\/wp\/v2\/types\/product"}],"replies":[{"embeddable":true,"href":"https:\/\/tourtravelandmore.com\/es\/wp-json\/wp\/v2\/comments?post=87653"}],"wp:featuredmedia":[{"embeddable":true,"href":"https:\/\/tourtravelandmore.com\/es\/wp-json\/wp\/v2\/media\/87247"}],"wp:attachment":[{"href":"https:\/\/tourtravelandmore.com\/es\/wp-json\/wp\/v2\/media?parent=87653"}],"wp:term":[{"taxonomy":"product_brand","embeddable":true,"href":"https:\/\/tourtravelandmore.com\/es\/wp-json\/wp\/v2\/product_brand?post=87653"},{"taxonomy":"product_cat","embeddable":true,"href":"https:\/\/tourtravelandmore.com\/es\/wp-json\/wp\/v2\/product_cat?post=87653"},{"taxonomy":"product_tag","embeddable":true,"href":"https:\/\/tourtravelandmore.com\/es\/wp-json\/wp\/v2\/product_tag?post=87653"}],"curies":[{"name":"wp","href":"https:\/\/api.w.org\/{rel}","templated":true}]}}