{"id":87620,"date":"2020-11-23T11:32:14","date_gmt":"2020-11-23T10:32:15","guid":{"rendered":"https:\/\/tourtravelandmore.com\/?post_type=product&#038;p=87620"},"modified":"2022-01-10T15:18:14","modified_gmt":"2022-01-10T14:18:14","slug":"tour-privado-de-victoria-desde-vancouver","status":"publish","type":"product","link":"https:\/\/tourtravelandmore.com\/es\/tours\/canada-es\/vancouver-es\/vancouver-actividades-es\/tour-privado-de-victoria-desde-vancouver\/","title":{"rendered":"Tour privado de Victoria desde Vancouver"},"content":{"rendered":"<h2 id=\"tw-target-text\" class=\"tw-data-text tw-text-large XcVN5d tw-ta\" dir=\"ltr\" data-placeholder=\"Traducci\u00f3n\"><span lang=\"es\">Descripci\u00f3n del Tour privado de Victoria desde Vancouver<\/span><\/h2>\n<p>Realice nuestro Tour privado de Victoria desde Vancouver para conocer la ciudad de Victoria.<\/p>\n<p>Victoria es un viaje de ida de 4 horas aproximadamente. Esto tambi\u00e9n incluir\u00e1 el ferry.<\/p>\n<p>Victoria es una ciudad incre\u00edble y fant\u00e1stica para visitar. Es hist\u00f3rica y es conocida por muchos como la Ciudad Jard\u00edn. Obviamente, esto florece en primavera y verano. \u00a1Este es verdaderamente un viaje de un d\u00eda perfecto!<\/p>\n<p>Comenzaremos este tour privado con la recogida en el hotel de Vancouver. Luego, nos dirigiremos hacia Victoria. Tomaremos el ferry de 90 minutos para llegar a Victoria.<\/p>\n<p>En Victoria, disfrute de la arquitectura colonial brit\u00e1nica, as\u00ed como de las tiendas, algunas visitas tur\u00edsticas, edificios patrimoniales, jardines incre\u00edbles y, por supuesto, algo de tiempo libre para relajarse. Finalmente, lo llevaremos de regreso a su hotel en Vancouver.<\/p>\n<h2>Puntos emblem\u00e1ticos y de inter\u00e9s del Tour privado de Victoria desde Vancouver<\/h2>\n<p>Despu\u00e9s de una c\u00f3moda recogida, comenzaremos este Tour privado de Victoria desde Vancouver.<\/p>\n<p>Este es uno de los mejores viajes desde Vancouver. Tendr\u00e1 una vista de la hermosa costa del Pac\u00edfico. Por supuesto, tomaremos un ferry para llegar a Victoria. En el ferry, disfrute de excelentes vistas de la vida marina mientras pasamos por las Islas Doradas hasta la Isla de Vancouver.<\/p>\n<p>En el centro de Victoria podr\u00e1 disfrutar del puerto y Fisherman&#8217;s Wharf. Disfrute tambi\u00e9n de la arquitectura m\u00e1s antigua de la ciudad.<\/p>\n<p>El puerto interior de Victoria es un hermoso paseo. Vea lugares de inter\u00e9s como el <strong>Museo Real de Columbia Brit\u00e1nica<\/strong>, el <strong>hotel Fairmont Express,<\/strong> el edificio del parlamento y contemple la asombrosa <strong>arquitectura de Victoria<\/strong> y a lo largo de Government Street. Conozca<strong> Chinatown, Bastion Square y el famoso Fan Tan Alley.<\/strong> \u00a1Esta es una parada obligada y para hacer fotos! \u00a1Es una de las calles comerciales m\u00e1s estrechas!<\/p>\n<p>Tambi\u00e9n pasaremos un tiempo en los <strong>Jardines Butchart.<\/strong> Este es un sitio hist\u00f3rico nacional. Encuentra 55 acres de exhibiciones de jard\u00edn. Disfrute de la vista al jard\u00edn japon\u00e9s, al jard\u00edn hundido y al jard\u00edn de rosas. Encuentra m\u00e1s de 900 especies de plantas.<\/p>\n<p>Finalmente, terminaremos este recorrido de regreso en su hotel en Vancouver. Este ser\u00e1 un viaje de un d\u00eda largo, \u00a1pero vale la pena! \u00a1Eche un vistazo a nuestros otros tours privados en Vancouver aqu\u00ed!<\/p>\n","protected":false},"excerpt":{"rendered":"<p id=\"tw-target-text\" class=\"tw-data-text tw-text-large XcVN5d tw-ta\" dir=\"ltr\" data-placeholder=\"Traducci\u00f3n\">\u00a1Tome este <strong>tour privado de Victoria desde Vancouver<\/strong> y tenga la oportunidad de disfrutar de lo mejor de la ciudad de Victoria! \u00a1Este es un gran tour privado!<\/p>\n","protected":false},"featured_media":87693,"comment_status":"open","ping_status":"closed","template":"","meta":{"_acf_changed":false},"product_brand":[],"product_cat":[2789,2816,2819,2822,1602],"product_tag":[],"class_list":{"0":"post-87620","1":"product","2":"type-product","3":"status-publish","4":"has-post-thumbnail","6":"product_cat-canada-es","7":"product_cat-vancouver-es","8":"product_cat-vancouver-actividades-es","9":"product_cat-vancouver-tours-es","10":"product_cat-eeuu-es","12":"first","13":"instock","14":"shipping-taxable","15":"purchasable","16":"product-type-simple"},"acf":[],"yoast_head":"<!-- This site is optimized with the Yoast SEO Premium plugin v25.3.1 (Yoast SEO v25.3.1) - https:\/\/yoast.com\/wordpress\/plugins\/seo\/ -->\n<title>Tour privado de Victoria desde Vancouver con conductor y gu\u00eda tur\u00edstico | TTM<\/title>\n<meta name=\"description\" content=\"\u00a1Tome este tour privado de Victoria desde Vancouver y tenga la oportunidad de disfrutar de lo mejor de la ciudad de Victoria! \u00a1Este es un gran tour privado! \u2705\" \/>\n<meta name=\"robots\" content=\"index, follow, max-snippet:-1, max-image-preview:large, max-video-preview:-1\" \/>\n<link rel=\"canonical\" href=\"https:\/\/tourtravelandmore.com\/es\/tours\/canada-es\/vancouver-es\/vancouver-actividades-es\/tour-privado-de-victoria-desde-vancouver\/\" \/>\n<meta property=\"og:locale\" content=\"es_ES\" \/>\n<meta property=\"og:type\" content=\"article\" \/>\n<meta property=\"og:title\" content=\"Tour privado de Victoria desde Vancouver\" \/>\n<meta property=\"og:description\" content=\"\u00a1Tome este tour privado de Victoria desde Vancouver y tenga la oportunidad de disfrutar de lo mejor de la ciudad de Victoria! \u00a1Este es un gran tour privado! \u2705\" \/>\n<meta property=\"og:url\" content=\"https:\/\/tourtravelandmore.com\/es\/tours\/canada-es\/vancouver-es\/vancouver-actividades-es\/tour-privado-de-victoria-desde-vancouver\/\" \/>\n<meta property=\"og:site_name\" content=\"Tour Travel And More\" \/>\n<meta property=\"article:publisher\" content=\"https:\/\/www.facebook.com\/tourtravelandmore\/\" \/>\n<meta property=\"article:modified_time\" content=\"2022-01-10T14:18:14+00:00\" \/>\n<meta property=\"og:image\" content=\"https:\/\/tourtravelandmore.com\/wp-content\/uploads\/2020\/11\/Victoria-5-scaled.jpg\" \/>\n\t<meta property=\"og:image:width\" content=\"2560\" \/>\n\t<meta property=\"og:image:height\" content=\"1440\" \/>\n\t<meta property=\"og:image:type\" content=\"image\/jpeg\" \/>\n<meta name=\"twitter:card\" content=\"summary_large_image\" \/>\n<meta name=\"twitter:site\" content=\"@TourTravel_More\" \/>\n<meta name=\"twitter:label1\" content=\"Tiempo de lectura\" \/>\n\t<meta name=\"twitter:data1\" content=\"2 minutos\" \/>\n<script type=\"application\/ld+json\" class=\"yoast-schema-graph\">{\"@context\":\"https:\/\/schema.org\",\"@graph\":[{\"@type\":\"WebPage\",\"@id\":\"https:\/\/tourtravelandmore.com\/es\/tours\/canada-es\/vancouver-es\/vancouver-actividades-es\/tour-privado-de-victoria-desde-vancouver\/\",\"url\":\"https:\/\/tourtravelandmore.com\/es\/tours\/canada-es\/vancouver-es\/vancouver-actividades-es\/tour-privado-de-victoria-desde-vancouver\/\",\"name\":\"Tour privado de Victoria desde Vancouver con conductor y gu\u00eda tur\u00edstico | TTM\",\"isPartOf\":{\"@id\":\"https:\/\/tourtravelandmore.com\/es\/#website\"},\"primaryImageOfPage\":{\"@id\":\"https:\/\/tourtravelandmore.com\/es\/tours\/canada-es\/vancouver-es\/vancouver-actividades-es\/tour-privado-de-victoria-desde-vancouver\/#primaryimage\"},\"image\":{\"@id\":\"https:\/\/tourtravelandmore.com\/es\/tours\/canada-es\/vancouver-es\/vancouver-actividades-es\/tour-privado-de-victoria-desde-vancouver\/#primaryimage\"},\"thumbnailUrl\":\"https:\/\/tourtravelandmore.com\/wp-content\/uploads\/2020\/11\/Victoria-5-scaled.jpg\",\"datePublished\":\"2020-11-23T10:32:15+00:00\",\"dateModified\":\"2022-01-10T14:18:14+00:00\",\"description\":\"\u00a1Tome este tour privado de Victoria desde Vancouver y tenga la oportunidad de disfrutar de lo mejor de la ciudad de Victoria! \u00a1Este es un gran tour privado! \u2705\",\"breadcrumb\":{\"@id\":\"https:\/\/tourtravelandmore.com\/es\/tours\/canada-es\/vancouver-es\/vancouver-actividades-es\/tour-privado-de-victoria-desde-vancouver\/#breadcrumb\"},\"inLanguage\":\"es\",\"potentialAction\":[{\"@type\":\"ReadAction\",\"target\":[\"https:\/\/tourtravelandmore.com\/es\/tours\/canada-es\/vancouver-es\/vancouver-actividades-es\/tour-privado-de-victoria-desde-vancouver\/\"]}]},{\"@type\":\"ImageObject\",\"inLanguage\":\"es\",\"@id\":\"https:\/\/tourtravelandmore.com\/es\/tours\/canada-es\/vancouver-es\/vancouver-actividades-es\/tour-privado-de-victoria-desde-vancouver\/#primaryimage\",\"url\":\"https:\/\/tourtravelandmore.com\/wp-content\/uploads\/2020\/11\/Victoria-5-scaled.jpg\",\"contentUrl\":\"https:\/\/tourtravelandmore.com\/wp-content\/uploads\/2020\/11\/Victoria-5-scaled.jpg\",\"width\":2560,\"height\":1440},{\"@type\":\"BreadcrumbList\",\"@id\":\"https:\/\/tourtravelandmore.com\/es\/tours\/canada-es\/vancouver-es\/vancouver-actividades-es\/tour-privado-de-victoria-desde-vancouver\/#breadcrumb\",\"itemListElement\":[{\"@type\":\"ListItem\",\"position\":1,\"name\":\"Home\",\"item\":\"https:\/\/tourtravelandmore.com\/es\/\"},{\"@type\":\"ListItem\",\"position\":2,\"name\":\"Tours\",\"item\":\"https:\/\/tourtravelandmore.com\/es\/tours\/\"},{\"@type\":\"ListItem\",\"position\":3,\"name\":\"Tour privado de Victoria desde Vancouver\"}]},{\"@type\":\"WebSite\",\"@id\":\"https:\/\/tourtravelandmore.com\/es\/#website\",\"url\":\"https:\/\/tourtravelandmore.com\/es\/\",\"name\":\"Tour Travel And More\",\"description\":\"Private sightseeing tours and luxury transfers in Spain\",\"publisher\":{\"@id\":\"https:\/\/tourtravelandmore.com\/es\/#organization\"},\"potentialAction\":[{\"@type\":\"SearchAction\",\"target\":{\"@type\":\"EntryPoint\",\"urlTemplate\":\"https:\/\/tourtravelandmore.com\/es\/?s={search_term_string}\"},\"query-input\":{\"@type\":\"PropertyValueSpecification\",\"valueRequired\":true,\"valueName\":\"search_term_string\"}}],\"inLanguage\":\"es\"},{\"@type\":\"Organization\",\"@id\":\"https:\/\/tourtravelandmore.com\/es\/#organization\",\"name\":\"Tour Travel And More\",\"url\":\"https:\/\/tourtravelandmore.com\/es\/\",\"logo\":{\"@type\":\"ImageObject\",\"inLanguage\":\"es\",\"@id\":\"https:\/\/tourtravelandmore.com\/es\/#\/schema\/logo\/image\/\",\"url\":\"https:\/\/tourtravelandmore.com\/wp-content\/uploads\/2022\/12\/cropped-logo-cabecera-new.png\",\"contentUrl\":\"https:\/\/tourtravelandmore.com\/wp-content\/uploads\/2022\/12\/cropped-logo-cabecera-new.png\",\"width\":430,\"height\":61,\"caption\":\"Tour Travel And More\"},\"image\":{\"@id\":\"https:\/\/tourtravelandmore.com\/es\/#\/schema\/logo\/image\/\"},\"sameAs\":[\"https:\/\/www.facebook.com\/tourtravelandmore\/\",\"https:\/\/x.com\/TourTravel_More\"]}]}<\/script>\n<!-- \/ Yoast SEO Premium plugin. -->","yoast_head_json":{"title":"Tour privado de Victoria desde Vancouver con conductor y gu\u00eda tur\u00edstico | TTM","description":"\u00a1Tome este tour privado de Victoria desde Vancouver y tenga la oportunidad de disfrutar de lo mejor de la ciudad de Victoria! \u00a1Este es un gran tour privado! \u2705","robots":{"index":"index","follow":"follow","max-snippet":"max-snippet:-1","max-image-preview":"max-image-preview:large","max-video-preview":"max-video-preview:-1"},"canonical":"https:\/\/tourtravelandmore.com\/es\/tours\/canada-es\/vancouver-es\/vancouver-actividades-es\/tour-privado-de-victoria-desde-vancouver\/","og_locale":"es_ES","og_type":"article","og_title":"Tour privado de Victoria desde Vancouver","og_description":"\u00a1Tome este tour privado de Victoria desde Vancouver y tenga la oportunidad de disfrutar de lo mejor de la ciudad de Victoria! \u00a1Este es un gran tour privado! \u2705","og_url":"https:\/\/tourtravelandmore.com\/es\/tours\/canada-es\/vancouver-es\/vancouver-actividades-es\/tour-privado-de-victoria-desde-vancouver\/","og_site_name":"Tour Travel And More","article_publisher":"https:\/\/www.facebook.com\/tourtravelandmore\/","article_modified_time":"2022-01-10T14:18:14+00:00","og_image":[{"width":2560,"height":1440,"url":"https:\/\/tourtravelandmore.com\/wp-content\/uploads\/2020\/11\/Victoria-5-scaled.jpg","type":"image\/jpeg"}],"twitter_card":"summary_large_image","twitter_site":"@TourTravel_More","twitter_misc":{"Tiempo de lectura":"2 minutos"},"schema":{"@context":"https:\/\/schema.org","@graph":[{"@type":"WebPage","@id":"https:\/\/tourtravelandmore.com\/es\/tours\/canada-es\/vancouver-es\/vancouver-actividades-es\/tour-privado-de-victoria-desde-vancouver\/","url":"https:\/\/tourtravelandmore.com\/es\/tours\/canada-es\/vancouver-es\/vancouver-actividades-es\/tour-privado-de-victoria-desde-vancouver\/","name":"Tour privado de Victoria desde Vancouver con conductor y gu\u00eda tur\u00edstico | TTM","isPartOf":{"@id":"https:\/\/tourtravelandmore.com\/es\/#website"},"primaryImageOfPage":{"@id":"https:\/\/tourtravelandmore.com\/es\/tours\/canada-es\/vancouver-es\/vancouver-actividades-es\/tour-privado-de-victoria-desde-vancouver\/#primaryimage"},"image":{"@id":"https:\/\/tourtravelandmore.com\/es\/tours\/canada-es\/vancouver-es\/vancouver-actividades-es\/tour-privado-de-victoria-desde-vancouver\/#primaryimage"},"thumbnailUrl":"https:\/\/tourtravelandmore.com\/wp-content\/uploads\/2020\/11\/Victoria-5-scaled.jpg","datePublished":"2020-11-23T10:32:15+00:00","dateModified":"2022-01-10T14:18:14+00:00","description":"\u00a1Tome este tour privado de Victoria desde Vancouver y tenga la oportunidad de disfrutar de lo mejor de la ciudad de Victoria! \u00a1Este es un gran tour privado! \u2705","breadcrumb":{"@id":"https:\/\/tourtravelandmore.com\/es\/tours\/canada-es\/vancouver-es\/vancouver-actividades-es\/tour-privado-de-victoria-desde-vancouver\/#breadcrumb"},"inLanguage":"es","potentialAction":[{"@type":"ReadAction","target":["https:\/\/tourtravelandmore.com\/es\/tours\/canada-es\/vancouver-es\/vancouver-actividades-es\/tour-privado-de-victoria-desde-vancouver\/"]}]},{"@type":"ImageObject","inLanguage":"es","@id":"https:\/\/tourtravelandmore.com\/es\/tours\/canada-es\/vancouver-es\/vancouver-actividades-es\/tour-privado-de-victoria-desde-vancouver\/#primaryimage","url":"https:\/\/tourtravelandmore.com\/wp-content\/uploads\/2020\/11\/Victoria-5-scaled.jpg","contentUrl":"https:\/\/tourtravelandmore.com\/wp-content\/uploads\/2020\/11\/Victoria-5-scaled.jpg","width":2560,"height":1440},{"@type":"BreadcrumbList","@id":"https:\/\/tourtravelandmore.com\/es\/tours\/canada-es\/vancouver-es\/vancouver-actividades-es\/tour-privado-de-victoria-desde-vancouver\/#breadcrumb","itemListElement":[{"@type":"ListItem","position":1,"name":"Home","item":"https:\/\/tourtravelandmore.com\/es\/"},{"@type":"ListItem","position":2,"name":"Tours","item":"https:\/\/tourtravelandmore.com\/es\/tours\/"},{"@type":"ListItem","position":3,"name":"Tour privado de Victoria desde Vancouver"}]},{"@type":"WebSite","@id":"https:\/\/tourtravelandmore.com\/es\/#website","url":"https:\/\/tourtravelandmore.com\/es\/","name":"Tour Travel And More","description":"Private sightseeing tours and luxury transfers in Spain","publisher":{"@id":"https:\/\/tourtravelandmore.com\/es\/#organization"},"potentialAction":[{"@type":"SearchAction","target":{"@type":"EntryPoint","urlTemplate":"https:\/\/tourtravelandmore.com\/es\/?s={search_term_string}"},"query-input":{"@type":"PropertyValueSpecification","valueRequired":true,"valueName":"search_term_string"}}],"inLanguage":"es"},{"@type":"Organization","@id":"https:\/\/tourtravelandmore.com\/es\/#organization","name":"Tour Travel And More","url":"https:\/\/tourtravelandmore.com\/es\/","logo":{"@type":"ImageObject","inLanguage":"es","@id":"https:\/\/tourtravelandmore.com\/es\/#\/schema\/logo\/image\/","url":"https:\/\/tourtravelandmore.com\/wp-content\/uploads\/2022\/12\/cropped-logo-cabecera-new.png","contentUrl":"https:\/\/tourtravelandmore.com\/wp-content\/uploads\/2022\/12\/cropped-logo-cabecera-new.png","width":430,"height":61,"caption":"Tour Travel And More"},"image":{"@id":"https:\/\/tourtravelandmore.com\/es\/#\/schema\/logo\/image\/"},"sameAs":["https:\/\/www.facebook.com\/tourtravelandmore\/","https:\/\/x.com\/TourTravel_More"]}]}},"_links":{"self":[{"href":"https:\/\/tourtravelandmore.com\/es\/wp-json\/wp\/v2\/product\/87620","targetHints":{"allow":["GET"]}}],"collection":[{"href":"https:\/\/tourtravelandmore.com\/es\/wp-json\/wp\/v2\/product"}],"about":[{"href":"https:\/\/tourtravelandmore.com\/es\/wp-json\/wp\/v2\/types\/product"}],"replies":[{"embeddable":true,"href":"https:\/\/tourtravelandmore.com\/es\/wp-json\/wp\/v2\/comments?post=87620"}],"wp:featuredmedia":[{"embeddable":true,"href":"https:\/\/tourtravelandmore.com\/es\/wp-json\/wp\/v2\/media\/87693"}],"wp:attachment":[{"href":"https:\/\/tourtravelandmore.com\/es\/wp-json\/wp\/v2\/media?parent=87620"}],"wp:term":[{"taxonomy":"product_brand","embeddable":true,"href":"https:\/\/tourtravelandmore.com\/es\/wp-json\/wp\/v2\/product_brand?post=87620"},{"taxonomy":"product_cat","embeddable":true,"href":"https:\/\/tourtravelandmore.com\/es\/wp-json\/wp\/v2\/product_cat?post=87620"},{"taxonomy":"product_tag","embeddable":true,"href":"https:\/\/tourtravelandmore.com\/es\/wp-json\/wp\/v2\/product_tag?post=87620"}],"curies":[{"name":"wp","href":"https:\/\/api.w.org\/{rel}","templated":true}]}}