{"id":87595,"date":"2020-11-23T11:09:34","date_gmt":"2020-11-23T10:09:39","guid":{"rendered":"https:\/\/tourtravelandmore.com\/?post_type=product&#038;p=87595"},"modified":"2022-01-10T15:16:49","modified_gmt":"2022-01-10T14:16:49","slug":"tour-privado-de-squamish-desde-vancouver","status":"publish","type":"product","link":"https:\/\/tourtravelandmore.com\/es\/tours\/canada-es\/vancouver-es\/vancouver-actividades-es\/tour-privado-de-squamish-desde-vancouver\/","title":{"rendered":"Tour privado de Squamish desde Vancouver"},"content":{"rendered":"<h2 id=\"tw-target-text\" class=\"tw-data-text tw-text-large XcVN5d tw-ta\" dir=\"ltr\" data-placeholder=\"Traducci\u00f3n\"><span lang=\"es\">Descripci\u00f3n Del Tour privado de Squamish desde Vancouver<\/span><\/h2>\n<p>Tome este tour privado de Squamish desde Vancouver, es una gran excursi\u00f3n de un d\u00eda desde Vancouver. Squamish se encuentra aproximadamente a 1 hora de Vancouver. Puede llegar all\u00ed conduciendo hacia el norte hacia las hermosas monta\u00f1as en la autopista Sea-to-Sky.<\/p>\n<p>Para este tour privado, lo recogeremos de su hotel en Vancouver. Aqu\u00ed es donde comenzar\u00e1 este tour privado de Squamish desde Vancouver. Luego nos dirigiremos hacia la autopista Sea-to-Sky y nos dirigiremos primero a la g\u00f3ndola Sea-to-Sky. Lo m\u00e1s importante es que nuestro gu\u00eda tur\u00edstico privado y conductor lo estar\u00e1n esperando en su hotel o lugar de elecci\u00f3n y comenzaremos esta excursi\u00f3n de un d\u00eda.<\/p>\n<p>Adem\u00e1s, \u00a1este es un tour de d\u00eda completo completamente \u00fanico para obtener una gran experiencia en Squamish!<\/p>\n<h2>Puntos emblem\u00e1ticos y de inter\u00e9s del Tour privado de Squamish desde Vancouver<\/h2>\n<p>En primer lugar, despu\u00e9s de una c\u00f3moda recogida, nos dirigiremos hacia Squamish. Pasaremos por sitios asombrosos. Aqu\u00ed hay algunos que puede disfrutar:<\/p>\n<ul>\n<li><strong>Telef\u00e9rico Sea-to-Sky:<\/strong> ofrece impresionantes vistas de la costa de las monta\u00f1as de la Columbia Brit\u00e1nica. Esto incluye oc\u00e9anos, r\u00edos, bosques, esta nueva atracci\u00f3n que no debe perderse. Despu\u00e9s de su viaje en g\u00f3ndola al Summit Lodge, podr\u00e1 cruzar el puente colgante Sky Pilot de 100 metros, un lugar favorito para tomar excelentes fotograf\u00edas.<\/li>\n<li><strong>Shannon Falls:<\/strong> Shannon Falls es la tercera cascada m\u00e1s alta de Columbia Brit\u00e1nica. \u00bfTe imaginas que son tres veces m\u00e1s altas que las Cataratas del Ni\u00e1gara? Tiene un valor espiritual significativo para la Primera Naci\u00f3n Squamish. Estas son las primeras personas que viven en esta zona.<\/li>\n<li><strong>Museo de la mina Britannia:<\/strong> Gobernado por la Sociedad Hist\u00f3rica de Britannia Beach. Este es un museo galardonado. Conserva y presenta al p\u00fablico informaci\u00f3n y artefactos relacionados con la industria minera de Columbia Brit\u00e1nica. El museo supervisa 23 industriales hist\u00f3ricos y m\u00e1s de 7000 artefactos, 9500 fotos de archivo y 3000 documentos y mapas de archivo.<\/li>\n<li><strong>West Coast Railway Heritage Museum:<\/strong> hogar de la mundialmente famosa locomotora de vapor Royal Hudson. Aqu\u00ed encontrar\u00e1s m\u00e1s de 90 piezas de vagones y artefactos de ferrocarril patrimoniales, los m\u00e1s antiguos de los cuales son el vag\u00f3n comercial de la Columbia Brit\u00e1nica (1890) y un raro vag\u00f3n cama Canadian Pacific Colonist (1905).<\/li>\n<\/ul>\n<p>En conclusi\u00f3n, \u00a1disfruta lo mejor de Squamish! Sobre todo, \u00a1nos aseguraremos de que disfrutes lo mejor de este tour!<\/p>\n<p>Finalmente, organizaremos el regreso a su hotel o lugar de elecci\u00f3n en Vancouver. Aqu\u00ed es donde terminar\u00e1 este recorrido.<\/p>\n<p>\u00a1Eche un vistazo a nuestros otros tours de Vancouver aqu\u00ed!<\/p>\n","protected":false},"excerpt":{"rendered":"<p id=\"tw-target-text\" class=\"tw-data-text tw-text-large XcVN5d tw-ta\" dir=\"ltr\" data-placeholder=\"Traducci\u00f3n\">\u00a1Realice este <strong>tour privado de Squamish desde Vancouver<\/strong> y tenga la oportunidad de disfrutar de lo mejor de la ciudad de Squamish! \u00a1Este es un gran tour privado!<\/p>\n","protected":false},"featured_media":87636,"comment_status":"open","ping_status":"closed","template":"","meta":{"_acf_changed":false},"product_brand":[],"product_cat":[2789,2816,2819,2822,1602],"product_tag":[],"class_list":{"0":"post-87595","1":"product","2":"type-product","3":"status-publish","4":"has-post-thumbnail","6":"product_cat-canada-es","7":"product_cat-vancouver-es","8":"product_cat-vancouver-actividades-es","9":"product_cat-vancouver-tours-es","10":"product_cat-eeuu-es","12":"first","13":"instock","14":"shipping-taxable","15":"purchasable","16":"product-type-simple"},"acf":[],"yoast_head":"<!-- This site is optimized with the Yoast SEO Premium plugin v25.3.1 (Yoast SEO v25.3.1) - https:\/\/yoast.com\/wordpress\/plugins\/seo\/ -->\n<title>Tour privado de Squamish desde Vancouver con conductor y gu\u00eda tur\u00edstico | TTM<\/title>\n<meta name=\"description\" content=\"\u00a1Realice este tour privado de Squamish desde Vancouver y tenga la oportunidad de disfrutar de lo mejor de la ciudad de Squamish! \u00a1Este es un gran tour privado! \u2705\" \/>\n<meta name=\"robots\" content=\"index, follow, max-snippet:-1, max-image-preview:large, max-video-preview:-1\" \/>\n<link rel=\"canonical\" href=\"https:\/\/tourtravelandmore.com\/es\/tours\/canada-es\/vancouver-es\/vancouver-actividades-es\/tour-privado-de-squamish-desde-vancouver\/\" \/>\n<meta property=\"og:locale\" content=\"es_ES\" \/>\n<meta property=\"og:type\" content=\"article\" \/>\n<meta property=\"og:title\" content=\"Tour privado de Squamish desde Vancouver\" \/>\n<meta property=\"og:description\" content=\"\u00a1Realice este tour privado de Squamish desde Vancouver y tenga la oportunidad de disfrutar de lo mejor de la ciudad de Squamish! \u00a1Este es un gran tour privado! \u2705\" \/>\n<meta property=\"og:url\" content=\"https:\/\/tourtravelandmore.com\/es\/tours\/canada-es\/vancouver-es\/vancouver-actividades-es\/tour-privado-de-squamish-desde-vancouver\/\" \/>\n<meta property=\"og:site_name\" content=\"Tour Travel And More\" \/>\n<meta property=\"article:publisher\" content=\"https:\/\/www.facebook.com\/tourtravelandmore\/\" \/>\n<meta property=\"article:modified_time\" content=\"2022-01-10T14:16:49+00:00\" \/>\n<meta property=\"og:image\" content=\"https:\/\/tourtravelandmore.com\/wp-content\/uploads\/2020\/11\/Squamish-6-scaled.jpg\" \/>\n\t<meta property=\"og:image:width\" content=\"1707\" \/>\n\t<meta property=\"og:image:height\" content=\"2560\" \/>\n\t<meta property=\"og:image:type\" content=\"image\/jpeg\" \/>\n<meta name=\"twitter:card\" content=\"summary_large_image\" \/>\n<meta name=\"twitter:site\" content=\"@TourTravel_More\" \/>\n<meta name=\"twitter:label1\" content=\"Tiempo de lectura\" \/>\n\t<meta name=\"twitter:data1\" content=\"2 minutos\" \/>\n<script type=\"application\/ld+json\" class=\"yoast-schema-graph\">{\"@context\":\"https:\/\/schema.org\",\"@graph\":[{\"@type\":\"WebPage\",\"@id\":\"https:\/\/tourtravelandmore.com\/es\/tours\/canada-es\/vancouver-es\/vancouver-actividades-es\/tour-privado-de-squamish-desde-vancouver\/\",\"url\":\"https:\/\/tourtravelandmore.com\/es\/tours\/canada-es\/vancouver-es\/vancouver-actividades-es\/tour-privado-de-squamish-desde-vancouver\/\",\"name\":\"Tour privado de Squamish desde Vancouver con conductor y gu\u00eda tur\u00edstico | TTM\",\"isPartOf\":{\"@id\":\"https:\/\/tourtravelandmore.com\/es\/#website\"},\"primaryImageOfPage\":{\"@id\":\"https:\/\/tourtravelandmore.com\/es\/tours\/canada-es\/vancouver-es\/vancouver-actividades-es\/tour-privado-de-squamish-desde-vancouver\/#primaryimage\"},\"image\":{\"@id\":\"https:\/\/tourtravelandmore.com\/es\/tours\/canada-es\/vancouver-es\/vancouver-actividades-es\/tour-privado-de-squamish-desde-vancouver\/#primaryimage\"},\"thumbnailUrl\":\"https:\/\/tourtravelandmore.com\/wp-content\/uploads\/2020\/11\/Squamish-6-scaled.jpg\",\"datePublished\":\"2020-11-23T10:09:39+00:00\",\"dateModified\":\"2022-01-10T14:16:49+00:00\",\"description\":\"\u00a1Realice este tour privado de Squamish desde Vancouver y tenga la oportunidad de disfrutar de lo mejor de la ciudad de Squamish! \u00a1Este es un gran tour privado! \u2705\",\"breadcrumb\":{\"@id\":\"https:\/\/tourtravelandmore.com\/es\/tours\/canada-es\/vancouver-es\/vancouver-actividades-es\/tour-privado-de-squamish-desde-vancouver\/#breadcrumb\"},\"inLanguage\":\"es\",\"potentialAction\":[{\"@type\":\"ReadAction\",\"target\":[\"https:\/\/tourtravelandmore.com\/es\/tours\/canada-es\/vancouver-es\/vancouver-actividades-es\/tour-privado-de-squamish-desde-vancouver\/\"]}]},{\"@type\":\"ImageObject\",\"inLanguage\":\"es\",\"@id\":\"https:\/\/tourtravelandmore.com\/es\/tours\/canada-es\/vancouver-es\/vancouver-actividades-es\/tour-privado-de-squamish-desde-vancouver\/#primaryimage\",\"url\":\"https:\/\/tourtravelandmore.com\/wp-content\/uploads\/2020\/11\/Squamish-6-scaled.jpg\",\"contentUrl\":\"https:\/\/tourtravelandmore.com\/wp-content\/uploads\/2020\/11\/Squamish-6-scaled.jpg\",\"width\":1707,\"height\":2560},{\"@type\":\"BreadcrumbList\",\"@id\":\"https:\/\/tourtravelandmore.com\/es\/tours\/canada-es\/vancouver-es\/vancouver-actividades-es\/tour-privado-de-squamish-desde-vancouver\/#breadcrumb\",\"itemListElement\":[{\"@type\":\"ListItem\",\"position\":1,\"name\":\"Home\",\"item\":\"https:\/\/tourtravelandmore.com\/es\/\"},{\"@type\":\"ListItem\",\"position\":2,\"name\":\"Tours\",\"item\":\"https:\/\/tourtravelandmore.com\/es\/tours\/\"},{\"@type\":\"ListItem\",\"position\":3,\"name\":\"Tour privado de Squamish desde Vancouver\"}]},{\"@type\":\"WebSite\",\"@id\":\"https:\/\/tourtravelandmore.com\/es\/#website\",\"url\":\"https:\/\/tourtravelandmore.com\/es\/\",\"name\":\"Tour Travel And More\",\"description\":\"Private sightseeing tours and luxury transfers in Spain\",\"publisher\":{\"@id\":\"https:\/\/tourtravelandmore.com\/es\/#organization\"},\"potentialAction\":[{\"@type\":\"SearchAction\",\"target\":{\"@type\":\"EntryPoint\",\"urlTemplate\":\"https:\/\/tourtravelandmore.com\/es\/?s={search_term_string}\"},\"query-input\":{\"@type\":\"PropertyValueSpecification\",\"valueRequired\":true,\"valueName\":\"search_term_string\"}}],\"inLanguage\":\"es\"},{\"@type\":\"Organization\",\"@id\":\"https:\/\/tourtravelandmore.com\/es\/#organization\",\"name\":\"Tour Travel And More\",\"url\":\"https:\/\/tourtravelandmore.com\/es\/\",\"logo\":{\"@type\":\"ImageObject\",\"inLanguage\":\"es\",\"@id\":\"https:\/\/tourtravelandmore.com\/es\/#\/schema\/logo\/image\/\",\"url\":\"https:\/\/tourtravelandmore.com\/wp-content\/uploads\/2022\/12\/cropped-logo-cabecera-new.png\",\"contentUrl\":\"https:\/\/tourtravelandmore.com\/wp-content\/uploads\/2022\/12\/cropped-logo-cabecera-new.png\",\"width\":430,\"height\":61,\"caption\":\"Tour Travel And More\"},\"image\":{\"@id\":\"https:\/\/tourtravelandmore.com\/es\/#\/schema\/logo\/image\/\"},\"sameAs\":[\"https:\/\/www.facebook.com\/tourtravelandmore\/\",\"https:\/\/x.com\/TourTravel_More\"]}]}<\/script>\n<!-- \/ Yoast SEO Premium plugin. -->","yoast_head_json":{"title":"Tour privado de Squamish desde Vancouver con conductor y gu\u00eda tur\u00edstico | TTM","description":"\u00a1Realice este tour privado de Squamish desde Vancouver y tenga la oportunidad de disfrutar de lo mejor de la ciudad de Squamish! \u00a1Este es un gran tour privado! \u2705","robots":{"index":"index","follow":"follow","max-snippet":"max-snippet:-1","max-image-preview":"max-image-preview:large","max-video-preview":"max-video-preview:-1"},"canonical":"https:\/\/tourtravelandmore.com\/es\/tours\/canada-es\/vancouver-es\/vancouver-actividades-es\/tour-privado-de-squamish-desde-vancouver\/","og_locale":"es_ES","og_type":"article","og_title":"Tour privado de Squamish desde Vancouver","og_description":"\u00a1Realice este tour privado de Squamish desde Vancouver y tenga la oportunidad de disfrutar de lo mejor de la ciudad de Squamish! \u00a1Este es un gran tour privado! \u2705","og_url":"https:\/\/tourtravelandmore.com\/es\/tours\/canada-es\/vancouver-es\/vancouver-actividades-es\/tour-privado-de-squamish-desde-vancouver\/","og_site_name":"Tour Travel And More","article_publisher":"https:\/\/www.facebook.com\/tourtravelandmore\/","article_modified_time":"2022-01-10T14:16:49+00:00","og_image":[{"width":1707,"height":2560,"url":"https:\/\/tourtravelandmore.com\/wp-content\/uploads\/2020\/11\/Squamish-6-scaled.jpg","type":"image\/jpeg"}],"twitter_card":"summary_large_image","twitter_site":"@TourTravel_More","twitter_misc":{"Tiempo de lectura":"2 minutos"},"schema":{"@context":"https:\/\/schema.org","@graph":[{"@type":"WebPage","@id":"https:\/\/tourtravelandmore.com\/es\/tours\/canada-es\/vancouver-es\/vancouver-actividades-es\/tour-privado-de-squamish-desde-vancouver\/","url":"https:\/\/tourtravelandmore.com\/es\/tours\/canada-es\/vancouver-es\/vancouver-actividades-es\/tour-privado-de-squamish-desde-vancouver\/","name":"Tour privado de Squamish desde Vancouver con conductor y gu\u00eda tur\u00edstico | TTM","isPartOf":{"@id":"https:\/\/tourtravelandmore.com\/es\/#website"},"primaryImageOfPage":{"@id":"https:\/\/tourtravelandmore.com\/es\/tours\/canada-es\/vancouver-es\/vancouver-actividades-es\/tour-privado-de-squamish-desde-vancouver\/#primaryimage"},"image":{"@id":"https:\/\/tourtravelandmore.com\/es\/tours\/canada-es\/vancouver-es\/vancouver-actividades-es\/tour-privado-de-squamish-desde-vancouver\/#primaryimage"},"thumbnailUrl":"https:\/\/tourtravelandmore.com\/wp-content\/uploads\/2020\/11\/Squamish-6-scaled.jpg","datePublished":"2020-11-23T10:09:39+00:00","dateModified":"2022-01-10T14:16:49+00:00","description":"\u00a1Realice este tour privado de Squamish desde Vancouver y tenga la oportunidad de disfrutar de lo mejor de la ciudad de Squamish! \u00a1Este es un gran tour privado! \u2705","breadcrumb":{"@id":"https:\/\/tourtravelandmore.com\/es\/tours\/canada-es\/vancouver-es\/vancouver-actividades-es\/tour-privado-de-squamish-desde-vancouver\/#breadcrumb"},"inLanguage":"es","potentialAction":[{"@type":"ReadAction","target":["https:\/\/tourtravelandmore.com\/es\/tours\/canada-es\/vancouver-es\/vancouver-actividades-es\/tour-privado-de-squamish-desde-vancouver\/"]}]},{"@type":"ImageObject","inLanguage":"es","@id":"https:\/\/tourtravelandmore.com\/es\/tours\/canada-es\/vancouver-es\/vancouver-actividades-es\/tour-privado-de-squamish-desde-vancouver\/#primaryimage","url":"https:\/\/tourtravelandmore.com\/wp-content\/uploads\/2020\/11\/Squamish-6-scaled.jpg","contentUrl":"https:\/\/tourtravelandmore.com\/wp-content\/uploads\/2020\/11\/Squamish-6-scaled.jpg","width":1707,"height":2560},{"@type":"BreadcrumbList","@id":"https:\/\/tourtravelandmore.com\/es\/tours\/canada-es\/vancouver-es\/vancouver-actividades-es\/tour-privado-de-squamish-desde-vancouver\/#breadcrumb","itemListElement":[{"@type":"ListItem","position":1,"name":"Home","item":"https:\/\/tourtravelandmore.com\/es\/"},{"@type":"ListItem","position":2,"name":"Tours","item":"https:\/\/tourtravelandmore.com\/es\/tours\/"},{"@type":"ListItem","position":3,"name":"Tour privado de Squamish desde Vancouver"}]},{"@type":"WebSite","@id":"https:\/\/tourtravelandmore.com\/es\/#website","url":"https:\/\/tourtravelandmore.com\/es\/","name":"Tour Travel And More","description":"Private sightseeing tours and luxury transfers in Spain","publisher":{"@id":"https:\/\/tourtravelandmore.com\/es\/#organization"},"potentialAction":[{"@type":"SearchAction","target":{"@type":"EntryPoint","urlTemplate":"https:\/\/tourtravelandmore.com\/es\/?s={search_term_string}"},"query-input":{"@type":"PropertyValueSpecification","valueRequired":true,"valueName":"search_term_string"}}],"inLanguage":"es"},{"@type":"Organization","@id":"https:\/\/tourtravelandmore.com\/es\/#organization","name":"Tour Travel And More","url":"https:\/\/tourtravelandmore.com\/es\/","logo":{"@type":"ImageObject","inLanguage":"es","@id":"https:\/\/tourtravelandmore.com\/es\/#\/schema\/logo\/image\/","url":"https:\/\/tourtravelandmore.com\/wp-content\/uploads\/2022\/12\/cropped-logo-cabecera-new.png","contentUrl":"https:\/\/tourtravelandmore.com\/wp-content\/uploads\/2022\/12\/cropped-logo-cabecera-new.png","width":430,"height":61,"caption":"Tour Travel And More"},"image":{"@id":"https:\/\/tourtravelandmore.com\/es\/#\/schema\/logo\/image\/"},"sameAs":["https:\/\/www.facebook.com\/tourtravelandmore\/","https:\/\/x.com\/TourTravel_More"]}]}},"_links":{"self":[{"href":"https:\/\/tourtravelandmore.com\/es\/wp-json\/wp\/v2\/product\/87595","targetHints":{"allow":["GET"]}}],"collection":[{"href":"https:\/\/tourtravelandmore.com\/es\/wp-json\/wp\/v2\/product"}],"about":[{"href":"https:\/\/tourtravelandmore.com\/es\/wp-json\/wp\/v2\/types\/product"}],"replies":[{"embeddable":true,"href":"https:\/\/tourtravelandmore.com\/es\/wp-json\/wp\/v2\/comments?post=87595"}],"wp:featuredmedia":[{"embeddable":true,"href":"https:\/\/tourtravelandmore.com\/es\/wp-json\/wp\/v2\/media\/87636"}],"wp:attachment":[{"href":"https:\/\/tourtravelandmore.com\/es\/wp-json\/wp\/v2\/media?parent=87595"}],"wp:term":[{"taxonomy":"product_brand","embeddable":true,"href":"https:\/\/tourtravelandmore.com\/es\/wp-json\/wp\/v2\/product_brand?post=87595"},{"taxonomy":"product_cat","embeddable":true,"href":"https:\/\/tourtravelandmore.com\/es\/wp-json\/wp\/v2\/product_cat?post=87595"},{"taxonomy":"product_tag","embeddable":true,"href":"https:\/\/tourtravelandmore.com\/es\/wp-json\/wp\/v2\/product_tag?post=87595"}],"curies":[{"name":"wp","href":"https:\/\/api.w.org\/{rel}","templated":true}]}}