{"id":87583,"date":"2020-11-23T11:08:50","date_gmt":"2020-11-23T10:08:54","guid":{"rendered":"https:\/\/tourtravelandmore.com\/?post_type=product&#038;p=87583"},"modified":"2021-07-30T17:05:47","modified_gmt":"2021-07-30T15:05:47","slug":"excursion-privada-a-colorado-springs","status":"publish","type":"product","link":"https:\/\/tourtravelandmore.com\/es\/tours\/eeuu-es\/denver-es\/denver-actividades-es\/excursion-privada-a-colorado-springs\/","title":{"rendered":"Excursi\u00f3n Privada a Colorado Springs"},"content":{"rendered":"<h2 id=\"tw-target-text\" class=\"tw-data-text tw-text-large XcVN5d tw-ta\" dir=\"ltr\" data-placeholder=\"Traducci\u00f3n\"><span lang=\"es\">Descripci\u00f3n de la Excursi\u00f3n Privada a Colorado Springs<\/span><\/h2>\n<p>Denver es una ciudad rodeada de monta\u00f1as, naturaleza salvaje y hermosos paisajes. <span class=\"JLqJ4b ChMk0b\" data-language-for-alternatives=\"es\" data-language-to-translate-into=\"en\" data-phrase-index=\"1\">Por eso, tienes que visitar las afueras de la ciudad y la mejor forma de hacerlo es con nuestra <strong>excursi\u00f3n privada a Colorado Springs<\/strong>. Pase un d\u00eda lleno de aventuras con un <strong>gu\u00eda tur\u00edstico local<\/strong> y un <strong>conductor privado<\/strong>. <\/span><\/p>\n<p><span class=\"JLqJ4b ChMk0b\" data-language-for-alternatives=\"es\" data-language-to-translate-into=\"en\" data-phrase-index=\"1\"><span class=\"JLqJ4b\" data-language-for-alternatives=\"es\" data-language-to-translate-into=\"en\" data-phrase-index=\"3\">Lo recogeremos en su hotel o lugar de elecci\u00f3n en Denver en un <strong>veh\u00edculo privado de lujo<\/strong>. Esta experiencia privada tiene una duraci\u00f3n total de 9\/10 horas. <\/span><\/span><\/p>\n<p><span class=\"JLqJ4b ChMk0b\" data-language-for-alternatives=\"es\" data-language-to-translate-into=\"en\" data-phrase-index=\"1\"><span class=\"JLqJ4b\" data-language-for-alternatives=\"es\" data-language-to-translate-into=\"en\" data-phrase-index=\"3\"><strong>Colorado Springs<\/strong> es una ciudad en Colorado, ubicada en las estribaciones orientales de las Monta\u00f1as Rocosas. Se encuentra cerca de Pikes Glacier Peak. Esta ciudad recibe todo tipo de turismo durante todo el a\u00f1o. Es un lugar que realmente vale la pena visitar.<\/span><\/span><\/p>\n<p>Durante este tour privado, podr\u00e1 visitar los lugares m\u00e1s destacados de la ciudad como la Academia de la Fuerza A\u00e9rea, el Jard\u00edn de los Dioses y Pikes Peak.<\/p>\n<p><span class=\"JLqJ4b\" data-language-for-alternatives=\"es\" data-language-to-translate-into=\"en\" data-phrase-index=\"13\"><span class=\"JLqJ4b ChMk0b\" data-language-for-alternatives=\"es\" data-language-to-translate-into=\"en\" data-phrase-index=\"14\">\u00a1No olvide explorar <a href=\"https:\/\/tourtravelandmore.com\/es\/ciudad\/eeuu-es\/denver-es\/\">nuestra lista de productos privados en y desde Denver<\/a>!.<\/span><\/span><\/p>\n<h2 id=\"tw-target-text\" class=\"tw-data-text tw-text-large XcVN5d tw-ta\" dir=\"ltr\" data-placeholder=\"Traducci\u00f3n\">Puntos de inter\u00e9s la Excursi\u00f3n Privada<\/h2>\n<p>Su primer contacto con <strong>Tour Travel &amp; More<\/strong> ser\u00e1 en su hotel o lugar de elecci\u00f3n en Denver. Una vez a bordo, comenzar\u00e1 su excursi\u00f3n privada a Colorado Springs.<\/p>\n<p>En primer lugar, visitar\u00e1 la <a href=\"https:\/\/www.usafa.af.mil\">Academia de la Fuerza A\u00e9rea<\/a>. Aqu\u00ed, visitar\u00e1 la instituci\u00f3n de la academia para el entrenamiento de oficiales comisionados a la Fuerza A\u00e9rea. El ticket de entrada est\u00e1 incluido en el precio del tour.<\/p>\n<p>Despu\u00e9s de eso, continuar\u00e1 hacia el <strong>Jard\u00edn de los Dioses<\/strong>, donde caminar\u00e1 y conducir\u00e1 por el parque. Este parque es uno de los m\u00e1s visitados, ya que ofrece hermosos paisajes que sin duda, te dejar\u00e1n sin aliento.<\/p>\n<p>En tercer lugar, conducir\u00e1 hasta la monta\u00f1a <strong>Pikes Peak<\/strong>. Un dato interesante es que esta monta\u00f1a es la segunda m\u00e1s escalada de Estados Unidos. Aqu\u00ed podr\u00e1 admirar la incre\u00edble vista de todo Colorado Springs.<\/p>\n<p>Nuestra \u00faltima parada ser\u00e1 <strong>Manitou Springs<\/strong>, que es una peque\u00f1a ciudad ubicada en el condado de El Paso en el estado estadounidense de Colorado. Es considerado como un t\u00edpico pueblo de monta\u00f1a donde podr\u00e1 tomar un caf\u00e9 o comprar alg\u00fan recuerdo de su excursi\u00f3n.<\/p>\n<p>Finalmente, despu\u00e9s de un d\u00eda lleno de aventuras, su conductor privado y gu\u00eda tur\u00edstico oficial lo llevar\u00e1n de regreso a Denver.<\/p>\n","protected":false},"excerpt":{"rendered":"<p>Visite la hermosa ciudad de <strong>Colorado Springs<\/strong> y todo lo que tiene para ofrecer c\u00f3modamente en un <strong>veh\u00edculo privado de lujo desde Denver<\/strong>. <span class=\"JLqJ4b ChMk0b\" data-language-for-alternatives=\"es\" data-language-to-translate-into=\"en\" data-phrase-index=\"1\">Aproveche la oportunidad de visitar todos los lugares y monumentos m\u00e1s importantes de esta maravillosa ciudad.<\/span><\/p>\n","protected":false},"featured_media":87651,"comment_status":"open","ping_status":"closed","template":"","meta":{"_acf_changed":false},"product_brand":[],"product_cat":[1602,3063,3066,3069],"product_tag":[],"class_list":{"0":"post-87583","1":"product","2":"type-product","3":"status-publish","4":"has-post-thumbnail","6":"product_cat-eeuu-es","7":"product_cat-denver-es","8":"product_cat-denver-actividades-es","9":"product_cat-denver-tours-privados-es","11":"first","12":"instock","13":"shipping-taxable","14":"purchasable","15":"product-type-simple"},"acf":[],"yoast_head":"<!-- This site is optimized with the Yoast SEO Premium plugin v25.3.1 (Yoast SEO v25.3.1) - https:\/\/yoast.com\/wordpress\/plugins\/seo\/ -->\n<title>Excursi\u00f3n Privada a Colorado Springs desde la ciudad de Denver | TTM<\/title>\n<meta name=\"description\" content=\"\u2192 Acomp\u00e1\u00f1enos en esta Excursi\u00f3n Privada a Colorado Springs desde Denver. Conozca los monumentos m\u00e1s destacados de esta ciudad.\u2705\" \/>\n<meta name=\"robots\" content=\"index, follow, max-snippet:-1, max-image-preview:large, max-video-preview:-1\" \/>\n<link rel=\"canonical\" href=\"https:\/\/tourtravelandmore.com\/es\/tours\/eeuu-es\/denver-es\/denver-actividades-es\/excursion-privada-a-colorado-springs\/\" \/>\n<meta property=\"og:locale\" content=\"es_ES\" \/>\n<meta property=\"og:type\" content=\"article\" \/>\n<meta property=\"og:title\" content=\"Excursi\u00f3n Privada a Colorado Springs\" \/>\n<meta property=\"og:description\" content=\"\u2192 Acomp\u00e1\u00f1enos en esta Excursi\u00f3n Privada a Colorado Springs desde Denver. Conozca los monumentos m\u00e1s destacados de esta ciudad.\u2705\" \/>\n<meta property=\"og:url\" content=\"https:\/\/tourtravelandmore.com\/es\/tours\/eeuu-es\/denver-es\/denver-actividades-es\/excursion-privada-a-colorado-springs\/\" \/>\n<meta property=\"og:site_name\" content=\"Tour Travel And More\" \/>\n<meta property=\"article:publisher\" content=\"https:\/\/www.facebook.com\/tourtravelandmore\/\" \/>\n<meta property=\"article:modified_time\" content=\"2021-07-30T15:05:47+00:00\" \/>\n<meta property=\"og:image\" content=\"https:\/\/tourtravelandmore.com\/wp-content\/uploads\/2020\/11\/colorado-7.jpg\" \/>\n\t<meta property=\"og:image:width\" content=\"1280\" \/>\n\t<meta property=\"og:image:height\" content=\"853\" \/>\n\t<meta property=\"og:image:type\" content=\"image\/jpeg\" \/>\n<meta name=\"twitter:card\" content=\"summary_large_image\" \/>\n<meta name=\"twitter:site\" content=\"@TourTravel_More\" \/>\n<meta name=\"twitter:label1\" content=\"Tiempo de lectura\" \/>\n\t<meta name=\"twitter:data1\" content=\"2 minutos\" \/>\n<script type=\"application\/ld+json\" class=\"yoast-schema-graph\">{\"@context\":\"https:\/\/schema.org\",\"@graph\":[{\"@type\":\"WebPage\",\"@id\":\"https:\/\/tourtravelandmore.com\/es\/tours\/eeuu-es\/denver-es\/denver-actividades-es\/excursion-privada-a-colorado-springs\/\",\"url\":\"https:\/\/tourtravelandmore.com\/es\/tours\/eeuu-es\/denver-es\/denver-actividades-es\/excursion-privada-a-colorado-springs\/\",\"name\":\"Excursi\u00f3n Privada a Colorado Springs desde la ciudad de Denver | TTM\",\"isPartOf\":{\"@id\":\"https:\/\/tourtravelandmore.com\/es\/#website\"},\"primaryImageOfPage\":{\"@id\":\"https:\/\/tourtravelandmore.com\/es\/tours\/eeuu-es\/denver-es\/denver-actividades-es\/excursion-privada-a-colorado-springs\/#primaryimage\"},\"image\":{\"@id\":\"https:\/\/tourtravelandmore.com\/es\/tours\/eeuu-es\/denver-es\/denver-actividades-es\/excursion-privada-a-colorado-springs\/#primaryimage\"},\"thumbnailUrl\":\"https:\/\/tourtravelandmore.com\/wp-content\/uploads\/2020\/11\/colorado-7.jpg\",\"datePublished\":\"2020-11-23T10:08:54+00:00\",\"dateModified\":\"2021-07-30T15:05:47+00:00\",\"description\":\"\u2192 Acomp\u00e1\u00f1enos en esta Excursi\u00f3n Privada a Colorado Springs desde Denver. Conozca los monumentos m\u00e1s destacados de esta ciudad.\u2705\",\"breadcrumb\":{\"@id\":\"https:\/\/tourtravelandmore.com\/es\/tours\/eeuu-es\/denver-es\/denver-actividades-es\/excursion-privada-a-colorado-springs\/#breadcrumb\"},\"inLanguage\":\"es\",\"potentialAction\":[{\"@type\":\"ReadAction\",\"target\":[\"https:\/\/tourtravelandmore.com\/es\/tours\/eeuu-es\/denver-es\/denver-actividades-es\/excursion-privada-a-colorado-springs\/\"]}]},{\"@type\":\"ImageObject\",\"inLanguage\":\"es\",\"@id\":\"https:\/\/tourtravelandmore.com\/es\/tours\/eeuu-es\/denver-es\/denver-actividades-es\/excursion-privada-a-colorado-springs\/#primaryimage\",\"url\":\"https:\/\/tourtravelandmore.com\/wp-content\/uploads\/2020\/11\/colorado-7.jpg\",\"contentUrl\":\"https:\/\/tourtravelandmore.com\/wp-content\/uploads\/2020\/11\/colorado-7.jpg\",\"width\":1280,\"height\":853},{\"@type\":\"BreadcrumbList\",\"@id\":\"https:\/\/tourtravelandmore.com\/es\/tours\/eeuu-es\/denver-es\/denver-actividades-es\/excursion-privada-a-colorado-springs\/#breadcrumb\",\"itemListElement\":[{\"@type\":\"ListItem\",\"position\":1,\"name\":\"Home\",\"item\":\"https:\/\/tourtravelandmore.com\/es\/\"},{\"@type\":\"ListItem\",\"position\":2,\"name\":\"Tours\",\"item\":\"https:\/\/tourtravelandmore.com\/es\/tours\/\"},{\"@type\":\"ListItem\",\"position\":3,\"name\":\"Excursi\u00f3n Privada a Colorado Springs\"}]},{\"@type\":\"WebSite\",\"@id\":\"https:\/\/tourtravelandmore.com\/es\/#website\",\"url\":\"https:\/\/tourtravelandmore.com\/es\/\",\"name\":\"Tour Travel And More\",\"description\":\"Private sightseeing tours and luxury transfers in Spain\",\"publisher\":{\"@id\":\"https:\/\/tourtravelandmore.com\/es\/#organization\"},\"potentialAction\":[{\"@type\":\"SearchAction\",\"target\":{\"@type\":\"EntryPoint\",\"urlTemplate\":\"https:\/\/tourtravelandmore.com\/es\/?s={search_term_string}\"},\"query-input\":{\"@type\":\"PropertyValueSpecification\",\"valueRequired\":true,\"valueName\":\"search_term_string\"}}],\"inLanguage\":\"es\"},{\"@type\":\"Organization\",\"@id\":\"https:\/\/tourtravelandmore.com\/es\/#organization\",\"name\":\"Tour Travel And More\",\"url\":\"https:\/\/tourtravelandmore.com\/es\/\",\"logo\":{\"@type\":\"ImageObject\",\"inLanguage\":\"es\",\"@id\":\"https:\/\/tourtravelandmore.com\/es\/#\/schema\/logo\/image\/\",\"url\":\"https:\/\/tourtravelandmore.com\/wp-content\/uploads\/2022\/12\/cropped-logo-cabecera-new.png\",\"contentUrl\":\"https:\/\/tourtravelandmore.com\/wp-content\/uploads\/2022\/12\/cropped-logo-cabecera-new.png\",\"width\":430,\"height\":61,\"caption\":\"Tour Travel And More\"},\"image\":{\"@id\":\"https:\/\/tourtravelandmore.com\/es\/#\/schema\/logo\/image\/\"},\"sameAs\":[\"https:\/\/www.facebook.com\/tourtravelandmore\/\",\"https:\/\/x.com\/TourTravel_More\"]}]}<\/script>\n<!-- \/ Yoast SEO Premium plugin. -->","yoast_head_json":{"title":"Excursi\u00f3n Privada a Colorado Springs desde la ciudad de Denver | TTM","description":"\u2192 Acomp\u00e1\u00f1enos en esta Excursi\u00f3n Privada a Colorado Springs desde Denver. Conozca los monumentos m\u00e1s destacados de esta ciudad.\u2705","robots":{"index":"index","follow":"follow","max-snippet":"max-snippet:-1","max-image-preview":"max-image-preview:large","max-video-preview":"max-video-preview:-1"},"canonical":"https:\/\/tourtravelandmore.com\/es\/tours\/eeuu-es\/denver-es\/denver-actividades-es\/excursion-privada-a-colorado-springs\/","og_locale":"es_ES","og_type":"article","og_title":"Excursi\u00f3n Privada a Colorado Springs","og_description":"\u2192 Acomp\u00e1\u00f1enos en esta Excursi\u00f3n Privada a Colorado Springs desde Denver. Conozca los monumentos m\u00e1s destacados de esta ciudad.\u2705","og_url":"https:\/\/tourtravelandmore.com\/es\/tours\/eeuu-es\/denver-es\/denver-actividades-es\/excursion-privada-a-colorado-springs\/","og_site_name":"Tour Travel And More","article_publisher":"https:\/\/www.facebook.com\/tourtravelandmore\/","article_modified_time":"2021-07-30T15:05:47+00:00","og_image":[{"width":1280,"height":853,"url":"https:\/\/tourtravelandmore.com\/wp-content\/uploads\/2020\/11\/colorado-7.jpg","type":"image\/jpeg"}],"twitter_card":"summary_large_image","twitter_site":"@TourTravel_More","twitter_misc":{"Tiempo de lectura":"2 minutos"},"schema":{"@context":"https:\/\/schema.org","@graph":[{"@type":"WebPage","@id":"https:\/\/tourtravelandmore.com\/es\/tours\/eeuu-es\/denver-es\/denver-actividades-es\/excursion-privada-a-colorado-springs\/","url":"https:\/\/tourtravelandmore.com\/es\/tours\/eeuu-es\/denver-es\/denver-actividades-es\/excursion-privada-a-colorado-springs\/","name":"Excursi\u00f3n Privada a Colorado Springs desde la ciudad de Denver | TTM","isPartOf":{"@id":"https:\/\/tourtravelandmore.com\/es\/#website"},"primaryImageOfPage":{"@id":"https:\/\/tourtravelandmore.com\/es\/tours\/eeuu-es\/denver-es\/denver-actividades-es\/excursion-privada-a-colorado-springs\/#primaryimage"},"image":{"@id":"https:\/\/tourtravelandmore.com\/es\/tours\/eeuu-es\/denver-es\/denver-actividades-es\/excursion-privada-a-colorado-springs\/#primaryimage"},"thumbnailUrl":"https:\/\/tourtravelandmore.com\/wp-content\/uploads\/2020\/11\/colorado-7.jpg","datePublished":"2020-11-23T10:08:54+00:00","dateModified":"2021-07-30T15:05:47+00:00","description":"\u2192 Acomp\u00e1\u00f1enos en esta Excursi\u00f3n Privada a Colorado Springs desde Denver. Conozca los monumentos m\u00e1s destacados de esta ciudad.\u2705","breadcrumb":{"@id":"https:\/\/tourtravelandmore.com\/es\/tours\/eeuu-es\/denver-es\/denver-actividades-es\/excursion-privada-a-colorado-springs\/#breadcrumb"},"inLanguage":"es","potentialAction":[{"@type":"ReadAction","target":["https:\/\/tourtravelandmore.com\/es\/tours\/eeuu-es\/denver-es\/denver-actividades-es\/excursion-privada-a-colorado-springs\/"]}]},{"@type":"ImageObject","inLanguage":"es","@id":"https:\/\/tourtravelandmore.com\/es\/tours\/eeuu-es\/denver-es\/denver-actividades-es\/excursion-privada-a-colorado-springs\/#primaryimage","url":"https:\/\/tourtravelandmore.com\/wp-content\/uploads\/2020\/11\/colorado-7.jpg","contentUrl":"https:\/\/tourtravelandmore.com\/wp-content\/uploads\/2020\/11\/colorado-7.jpg","width":1280,"height":853},{"@type":"BreadcrumbList","@id":"https:\/\/tourtravelandmore.com\/es\/tours\/eeuu-es\/denver-es\/denver-actividades-es\/excursion-privada-a-colorado-springs\/#breadcrumb","itemListElement":[{"@type":"ListItem","position":1,"name":"Home","item":"https:\/\/tourtravelandmore.com\/es\/"},{"@type":"ListItem","position":2,"name":"Tours","item":"https:\/\/tourtravelandmore.com\/es\/tours\/"},{"@type":"ListItem","position":3,"name":"Excursi\u00f3n Privada a Colorado Springs"}]},{"@type":"WebSite","@id":"https:\/\/tourtravelandmore.com\/es\/#website","url":"https:\/\/tourtravelandmore.com\/es\/","name":"Tour Travel And More","description":"Private sightseeing tours and luxury transfers in Spain","publisher":{"@id":"https:\/\/tourtravelandmore.com\/es\/#organization"},"potentialAction":[{"@type":"SearchAction","target":{"@type":"EntryPoint","urlTemplate":"https:\/\/tourtravelandmore.com\/es\/?s={search_term_string}"},"query-input":{"@type":"PropertyValueSpecification","valueRequired":true,"valueName":"search_term_string"}}],"inLanguage":"es"},{"@type":"Organization","@id":"https:\/\/tourtravelandmore.com\/es\/#organization","name":"Tour Travel And More","url":"https:\/\/tourtravelandmore.com\/es\/","logo":{"@type":"ImageObject","inLanguage":"es","@id":"https:\/\/tourtravelandmore.com\/es\/#\/schema\/logo\/image\/","url":"https:\/\/tourtravelandmore.com\/wp-content\/uploads\/2022\/12\/cropped-logo-cabecera-new.png","contentUrl":"https:\/\/tourtravelandmore.com\/wp-content\/uploads\/2022\/12\/cropped-logo-cabecera-new.png","width":430,"height":61,"caption":"Tour Travel And More"},"image":{"@id":"https:\/\/tourtravelandmore.com\/es\/#\/schema\/logo\/image\/"},"sameAs":["https:\/\/www.facebook.com\/tourtravelandmore\/","https:\/\/x.com\/TourTravel_More"]}]}},"_links":{"self":[{"href":"https:\/\/tourtravelandmore.com\/es\/wp-json\/wp\/v2\/product\/87583","targetHints":{"allow":["GET"]}}],"collection":[{"href":"https:\/\/tourtravelandmore.com\/es\/wp-json\/wp\/v2\/product"}],"about":[{"href":"https:\/\/tourtravelandmore.com\/es\/wp-json\/wp\/v2\/types\/product"}],"replies":[{"embeddable":true,"href":"https:\/\/tourtravelandmore.com\/es\/wp-json\/wp\/v2\/comments?post=87583"}],"wp:featuredmedia":[{"embeddable":true,"href":"https:\/\/tourtravelandmore.com\/es\/wp-json\/wp\/v2\/media\/87651"}],"wp:attachment":[{"href":"https:\/\/tourtravelandmore.com\/es\/wp-json\/wp\/v2\/media?parent=87583"}],"wp:term":[{"taxonomy":"product_brand","embeddable":true,"href":"https:\/\/tourtravelandmore.com\/es\/wp-json\/wp\/v2\/product_brand?post=87583"},{"taxonomy":"product_cat","embeddable":true,"href":"https:\/\/tourtravelandmore.com\/es\/wp-json\/wp\/v2\/product_cat?post=87583"},{"taxonomy":"product_tag","embeddable":true,"href":"https:\/\/tourtravelandmore.com\/es\/wp-json\/wp\/v2\/product_tag?post=87583"}],"curies":[{"name":"wp","href":"https:\/\/api.w.org\/{rel}","templated":true}]}}