{"id":87512,"date":"2020-11-23T09:03:33","date_gmt":"2020-11-23T08:03:35","guid":{"rendered":"https:\/\/tourtravelandmore.com\/?post_type=product&#038;p=87512"},"modified":"2021-07-30T17:01:04","modified_gmt":"2021-07-30T15:01:04","slug":"tour-privado-al-monte-evans","status":"publish","type":"product","link":"https:\/\/tourtravelandmore.com\/es\/tours\/eeuu-es\/denver-es\/denver-actividades-es\/tour-privado-al-monte-evans\/","title":{"rendered":"Tour Privado al Monte Evans"},"content":{"rendered":"<h2 id=\"tw-target-text\" class=\"tw-data-text tw-text-large XcVN5d tw-ta\" dir=\"ltr\" data-placeholder=\"Traducci\u00f3n\"><span lang=\"es\">Descripci\u00f3n del Tour Privado al Monte Evans<\/span><\/h2>\n<p>Si eres de los que aman la aventura y la experiencia al aire libre, \u00a1este es el tour perfecto para ti!. \u00danase a nosotros en este <strong>tour privado al Monte Evans desde Denver<\/strong>. Aproveche la oportunidad de visitar un lugar \u00fanico con vistas incre\u00edbles.<\/p>\n<p>Este tour privado comenzar\u00e1 despu\u00e9s de su recogida privada en el lugar que elija en Denver. Tendr\u00e1 un <strong>veh\u00edculo privado de lujo con conductor<\/strong> y un <strong>gu\u00eda tur\u00edstico oficial separado<\/strong> disponible para un recorrido de 8 horas.<\/p>\n<p><strong>Monte Evans<\/strong> es un pico en Front Range, en el centro de Colorado. Est\u00e1 ubicado en el l\u00edmite entre los condados de Lake y Park. El nombre completo es <em>Mount Evans Wilderness<\/em>. Durante este tour privado, visitar\u00e1 uno de los picos m\u00e1s altos y famosos de Colorado.<\/p>\n<p>Esta experiencia no es recomendable para personas con miedo a las alturas. Tendr\u00e1s la oportunidad de ver la incre\u00edble naturaleza salvaje y las hermosas vistas que rodean este monte. \u00a1Prepara tu c\u00e1mara!.<\/p>\n<p>Otro posible tour de d\u00eda completo, podr\u00eda ser nuestro <a href=\"https:\/\/tourtravelandmore.com\/es\/tours\/eeuu-es\/denver-es\/denver-actividades-es\/tour-privado-al-parque-nacional-rocky-mountain\/\">tour privado al Parque Nacional Rocky Mountain<\/a>, \u00a1echa un vistazo!<\/p>\n<h2 id=\"tw-target-text\" class=\"tw-data-text tw-text-large XcVN5d tw-ta\" dir=\"ltr\" data-placeholder=\"Traducci\u00f3n\">Puntos de inter\u00e9s en el Tour Privado<\/h2>\n<p>En primer lugar, su conductor privado y su gu\u00eda tur\u00edstico oficial lo recoger\u00e1n en su lugar deseado en Denver. <span class=\"JLqJ4b ChMk0b\" data-language-for-alternatives=\"es\" data-language-to-translate-into=\"en\" data-phrase-index=\"1\">La hora de inicio la determinar\u00e1s t\u00fa, pero es mejor empezar temprano en la ma\u00f1ana para que puedas disfrutar todo el d\u00eda. <\/span><\/p>\n<p><span class=\"JLqJ4b ChMk0b\" data-language-for-alternatives=\"es\" data-language-to-translate-into=\"en\" data-phrase-index=\"1\"><span class=\"JLqJ4b\" data-language-for-alternatives=\"es\" data-language-to-translate-into=\"en\" data-phrase-index=\"2\">El viaje hasta<strong> el Monte Evans<\/strong> desde Denver es de aproximadamente 2 horas y 20 minutos. Durante el viaje, recibir\u00e1 una introducci\u00f3n sobre la historia y la naturaleza del Monte Evans por parte de su gu\u00eda tur\u00edstico oficial privado. Adem\u00e1s, disfrutar\u00e1 de una vista panor\u00e1mica de Denver y los hermosos paisajes cerca del monte. <\/span><\/span><\/p>\n<p><span class=\"JLqJ4b ChMk0b\" data-language-for-alternatives=\"es\" data-language-to-translate-into=\"en\" data-phrase-index=\"1\"><span class=\"JLqJ4b\" data-language-for-alternatives=\"es\" data-language-to-translate-into=\"en\" data-phrase-index=\"2\">Su primera parada ser\u00e1 <a href=\"https:\/\/www.redrocksonline.com\">Red Rocks Park<\/a> <strong>y el Anfiteatro<\/strong>. Aqu\u00ed explorar\u00e1s un anfiteatro al aire libre incrustado en una estructura rocosa en el oeste de los Estados Unidos. Red Rocks es el lugar de entretenimiento ic\u00f3nico de Colorado.<\/span><\/span><\/p>\n<p>Luego, pasar\u00e1 por <strong>Evergreen<\/strong>. <span class=\"JLqJ4b ChMk0b\" data-language-for-alternatives=\"es\" data-language-to-translate-into=\"en\" data-phrase-index=\"1\">Es un peque\u00f1o y hermoso pueblo de la zona. En caso de que est\u00e9 interesado, podemos hacer una breve parada para tomar un caf\u00e9 y luego continuar con nuestro tour privado al Monte Evans. <\/span><\/p>\n<p><span class=\"JLqJ4b ChMk0b\" data-language-for-alternatives=\"es\" data-language-to-translate-into=\"en\" data-phrase-index=\"1\"><span class=\"JLqJ4b\" data-language-for-alternatives=\"es\" data-language-to-translate-into=\"en\" data-phrase-index=\"3\">En tercer lugar, haremos una parada en <strong>Echo Lake Park<\/strong>. Aqu\u00ed puedes tomar maravillosas fotograf\u00edas del lago con su incre\u00edble agua cristalina. <\/span><\/span><\/p>\n<p><span class=\"JLqJ4b ChMk0b\" data-language-for-alternatives=\"es\" data-language-to-translate-into=\"en\" data-phrase-index=\"1\"><span class=\"JLqJ4b\" data-language-for-alternatives=\"es\" data-language-to-translate-into=\"en\" data-phrase-index=\"3\">Nuestra siguiente parada es el <strong>Monte Evans<\/strong>. Una vez que llegues a la cumbre tu voluntad no podr\u00e1s creer la asombrosa escena que ofrece este paisaje desde las alturas. Su gu\u00eda tur\u00edstico privado lo guiar\u00e1 por los lugares m\u00e1s incre\u00edbles de la cima del monte.<\/span><\/span><\/p>\n<p><span class=\"JLqJ4b ChMk0b\" data-language-for-alternatives=\"es\" data-language-to-translate-into=\"en\" data-phrase-index=\"1\"><span class=\"JLqJ4b\" data-language-for-alternatives=\"es\" data-language-to-translate-into=\"en\" data-phrase-index=\"3\">Finalmente, su conductor privado y gu\u00eda oficial lo llevar\u00e1n de regreso a Denver. \u00a1Realmente disfrutar\u00e1s de una aventura de d\u00eda completo en Colorado!.<\/span><\/span><\/p>\n","protected":false},"excerpt":{"rendered":"<p><strong>El Monte Evans es uno de los picos m\u00e1s altos y famosos de Colorado<\/strong>. Disfrute de este tour privado de d\u00eda completo y conozca la maravillosa cima del monte junto a un gu\u00eda oficial local.<\/p>\n","protected":false},"featured_media":87525,"comment_status":"open","ping_status":"closed","template":"","meta":{"_acf_changed":false},"product_brand":[],"product_cat":[1602,3063,3066,3069],"product_tag":[],"class_list":{"0":"post-87512","1":"product","2":"type-product","3":"status-publish","4":"has-post-thumbnail","6":"product_cat-eeuu-es","7":"product_cat-denver-es","8":"product_cat-denver-actividades-es","9":"product_cat-denver-tours-privados-es","11":"first","12":"instock","13":"shipping-taxable","14":"purchasable","15":"product-type-simple"},"acf":[],"yoast_head":"<!-- This site is optimized with the Yoast SEO Premium plugin v25.3.1 (Yoast SEO v25.3.1) - https:\/\/yoast.com\/wordpress\/plugins\/seo\/ -->\n<title>Tour Privado al Monte Evans desde Denver en veh\u00edculo privado | TTM<\/title>\n<meta name=\"description\" content=\"\u2192 Reserve ya este Tour Privado al Monte Evans desde Denver. Llegue a la cima y admire sus maravillosas vistas y paisajes naturales \u2705\" \/>\n<meta name=\"robots\" content=\"index, follow, max-snippet:-1, max-image-preview:large, max-video-preview:-1\" \/>\n<link rel=\"canonical\" href=\"https:\/\/tourtravelandmore.com\/es\/tours\/eeuu-es\/denver-es\/denver-actividades-es\/tour-privado-al-monte-evans\/\" \/>\n<meta property=\"og:locale\" content=\"es_ES\" \/>\n<meta property=\"og:type\" content=\"article\" \/>\n<meta property=\"og:title\" content=\"Tour Privado al Monte Evans\" \/>\n<meta property=\"og:description\" content=\"\u2192 Reserve ya este Tour Privado al Monte Evans desde Denver. Llegue a la cima y admire sus maravillosas vistas y paisajes naturales \u2705\" \/>\n<meta property=\"og:url\" content=\"https:\/\/tourtravelandmore.com\/es\/tours\/eeuu-es\/denver-es\/denver-actividades-es\/tour-privado-al-monte-evans\/\" \/>\n<meta property=\"og:site_name\" content=\"Tour Travel And More\" \/>\n<meta property=\"article:publisher\" content=\"https:\/\/www.facebook.com\/tourtravelandmore\/\" \/>\n<meta property=\"article:modified_time\" content=\"2021-07-30T15:01:04+00:00\" \/>\n<meta property=\"og:image\" content=\"https:\/\/tourtravelandmore.com\/wp-content\/uploads\/2020\/11\/evans-5-scaled.jpg\" \/>\n\t<meta property=\"og:image:width\" content=\"2560\" \/>\n\t<meta property=\"og:image:height\" content=\"1920\" \/>\n\t<meta property=\"og:image:type\" content=\"image\/jpeg\" \/>\n<meta name=\"twitter:card\" content=\"summary_large_image\" \/>\n<meta name=\"twitter:site\" content=\"@TourTravel_More\" \/>\n<meta name=\"twitter:label1\" content=\"Tiempo de lectura\" \/>\n\t<meta name=\"twitter:data1\" content=\"2 minutos\" \/>\n<script type=\"application\/ld+json\" class=\"yoast-schema-graph\">{\"@context\":\"https:\/\/schema.org\",\"@graph\":[{\"@type\":\"WebPage\",\"@id\":\"https:\/\/tourtravelandmore.com\/es\/tours\/eeuu-es\/denver-es\/denver-actividades-es\/tour-privado-al-monte-evans\/\",\"url\":\"https:\/\/tourtravelandmore.com\/es\/tours\/eeuu-es\/denver-es\/denver-actividades-es\/tour-privado-al-monte-evans\/\",\"name\":\"Tour Privado al Monte Evans desde Denver en veh\u00edculo privado | TTM\",\"isPartOf\":{\"@id\":\"https:\/\/tourtravelandmore.com\/es\/#website\"},\"primaryImageOfPage\":{\"@id\":\"https:\/\/tourtravelandmore.com\/es\/tours\/eeuu-es\/denver-es\/denver-actividades-es\/tour-privado-al-monte-evans\/#primaryimage\"},\"image\":{\"@id\":\"https:\/\/tourtravelandmore.com\/es\/tours\/eeuu-es\/denver-es\/denver-actividades-es\/tour-privado-al-monte-evans\/#primaryimage\"},\"thumbnailUrl\":\"https:\/\/tourtravelandmore.com\/wp-content\/uploads\/2020\/11\/evans-5-scaled.jpg\",\"datePublished\":\"2020-11-23T08:03:35+00:00\",\"dateModified\":\"2021-07-30T15:01:04+00:00\",\"description\":\"\u2192 Reserve ya este Tour Privado al Monte Evans desde Denver. Llegue a la cima y admire sus maravillosas vistas y paisajes naturales \u2705\",\"breadcrumb\":{\"@id\":\"https:\/\/tourtravelandmore.com\/es\/tours\/eeuu-es\/denver-es\/denver-actividades-es\/tour-privado-al-monte-evans\/#breadcrumb\"},\"inLanguage\":\"es\",\"potentialAction\":[{\"@type\":\"ReadAction\",\"target\":[\"https:\/\/tourtravelandmore.com\/es\/tours\/eeuu-es\/denver-es\/denver-actividades-es\/tour-privado-al-monte-evans\/\"]}]},{\"@type\":\"ImageObject\",\"inLanguage\":\"es\",\"@id\":\"https:\/\/tourtravelandmore.com\/es\/tours\/eeuu-es\/denver-es\/denver-actividades-es\/tour-privado-al-monte-evans\/#primaryimage\",\"url\":\"https:\/\/tourtravelandmore.com\/wp-content\/uploads\/2020\/11\/evans-5-scaled.jpg\",\"contentUrl\":\"https:\/\/tourtravelandmore.com\/wp-content\/uploads\/2020\/11\/evans-5-scaled.jpg\",\"width\":2560,\"height\":1920},{\"@type\":\"BreadcrumbList\",\"@id\":\"https:\/\/tourtravelandmore.com\/es\/tours\/eeuu-es\/denver-es\/denver-actividades-es\/tour-privado-al-monte-evans\/#breadcrumb\",\"itemListElement\":[{\"@type\":\"ListItem\",\"position\":1,\"name\":\"Home\",\"item\":\"https:\/\/tourtravelandmore.com\/es\/\"},{\"@type\":\"ListItem\",\"position\":2,\"name\":\"Tours\",\"item\":\"https:\/\/tourtravelandmore.com\/es\/tours\/\"},{\"@type\":\"ListItem\",\"position\":3,\"name\":\"Tour Privado al Monte Evans\"}]},{\"@type\":\"WebSite\",\"@id\":\"https:\/\/tourtravelandmore.com\/es\/#website\",\"url\":\"https:\/\/tourtravelandmore.com\/es\/\",\"name\":\"Tour Travel And More\",\"description\":\"Private sightseeing tours and luxury transfers in Spain\",\"publisher\":{\"@id\":\"https:\/\/tourtravelandmore.com\/es\/#organization\"},\"potentialAction\":[{\"@type\":\"SearchAction\",\"target\":{\"@type\":\"EntryPoint\",\"urlTemplate\":\"https:\/\/tourtravelandmore.com\/es\/?s={search_term_string}\"},\"query-input\":{\"@type\":\"PropertyValueSpecification\",\"valueRequired\":true,\"valueName\":\"search_term_string\"}}],\"inLanguage\":\"es\"},{\"@type\":\"Organization\",\"@id\":\"https:\/\/tourtravelandmore.com\/es\/#organization\",\"name\":\"Tour Travel And More\",\"url\":\"https:\/\/tourtravelandmore.com\/es\/\",\"logo\":{\"@type\":\"ImageObject\",\"inLanguage\":\"es\",\"@id\":\"https:\/\/tourtravelandmore.com\/es\/#\/schema\/logo\/image\/\",\"url\":\"https:\/\/tourtravelandmore.com\/wp-content\/uploads\/2022\/12\/cropped-logo-cabecera-new.png\",\"contentUrl\":\"https:\/\/tourtravelandmore.com\/wp-content\/uploads\/2022\/12\/cropped-logo-cabecera-new.png\",\"width\":430,\"height\":61,\"caption\":\"Tour Travel And More\"},\"image\":{\"@id\":\"https:\/\/tourtravelandmore.com\/es\/#\/schema\/logo\/image\/\"},\"sameAs\":[\"https:\/\/www.facebook.com\/tourtravelandmore\/\",\"https:\/\/x.com\/TourTravel_More\"]}]}<\/script>\n<!-- \/ Yoast SEO Premium plugin. -->","yoast_head_json":{"title":"Tour Privado al Monte Evans desde Denver en veh\u00edculo privado | TTM","description":"\u2192 Reserve ya este Tour Privado al Monte Evans desde Denver. Llegue a la cima y admire sus maravillosas vistas y paisajes naturales \u2705","robots":{"index":"index","follow":"follow","max-snippet":"max-snippet:-1","max-image-preview":"max-image-preview:large","max-video-preview":"max-video-preview:-1"},"canonical":"https:\/\/tourtravelandmore.com\/es\/tours\/eeuu-es\/denver-es\/denver-actividades-es\/tour-privado-al-monte-evans\/","og_locale":"es_ES","og_type":"article","og_title":"Tour Privado al Monte Evans","og_description":"\u2192 Reserve ya este Tour Privado al Monte Evans desde Denver. Llegue a la cima y admire sus maravillosas vistas y paisajes naturales \u2705","og_url":"https:\/\/tourtravelandmore.com\/es\/tours\/eeuu-es\/denver-es\/denver-actividades-es\/tour-privado-al-monte-evans\/","og_site_name":"Tour Travel And More","article_publisher":"https:\/\/www.facebook.com\/tourtravelandmore\/","article_modified_time":"2021-07-30T15:01:04+00:00","og_image":[{"width":2560,"height":1920,"url":"https:\/\/tourtravelandmore.com\/wp-content\/uploads\/2020\/11\/evans-5-scaled.jpg","type":"image\/jpeg"}],"twitter_card":"summary_large_image","twitter_site":"@TourTravel_More","twitter_misc":{"Tiempo de lectura":"2 minutos"},"schema":{"@context":"https:\/\/schema.org","@graph":[{"@type":"WebPage","@id":"https:\/\/tourtravelandmore.com\/es\/tours\/eeuu-es\/denver-es\/denver-actividades-es\/tour-privado-al-monte-evans\/","url":"https:\/\/tourtravelandmore.com\/es\/tours\/eeuu-es\/denver-es\/denver-actividades-es\/tour-privado-al-monte-evans\/","name":"Tour Privado al Monte Evans desde Denver en veh\u00edculo privado | TTM","isPartOf":{"@id":"https:\/\/tourtravelandmore.com\/es\/#website"},"primaryImageOfPage":{"@id":"https:\/\/tourtravelandmore.com\/es\/tours\/eeuu-es\/denver-es\/denver-actividades-es\/tour-privado-al-monte-evans\/#primaryimage"},"image":{"@id":"https:\/\/tourtravelandmore.com\/es\/tours\/eeuu-es\/denver-es\/denver-actividades-es\/tour-privado-al-monte-evans\/#primaryimage"},"thumbnailUrl":"https:\/\/tourtravelandmore.com\/wp-content\/uploads\/2020\/11\/evans-5-scaled.jpg","datePublished":"2020-11-23T08:03:35+00:00","dateModified":"2021-07-30T15:01:04+00:00","description":"\u2192 Reserve ya este Tour Privado al Monte Evans desde Denver. Llegue a la cima y admire sus maravillosas vistas y paisajes naturales \u2705","breadcrumb":{"@id":"https:\/\/tourtravelandmore.com\/es\/tours\/eeuu-es\/denver-es\/denver-actividades-es\/tour-privado-al-monte-evans\/#breadcrumb"},"inLanguage":"es","potentialAction":[{"@type":"ReadAction","target":["https:\/\/tourtravelandmore.com\/es\/tours\/eeuu-es\/denver-es\/denver-actividades-es\/tour-privado-al-monte-evans\/"]}]},{"@type":"ImageObject","inLanguage":"es","@id":"https:\/\/tourtravelandmore.com\/es\/tours\/eeuu-es\/denver-es\/denver-actividades-es\/tour-privado-al-monte-evans\/#primaryimage","url":"https:\/\/tourtravelandmore.com\/wp-content\/uploads\/2020\/11\/evans-5-scaled.jpg","contentUrl":"https:\/\/tourtravelandmore.com\/wp-content\/uploads\/2020\/11\/evans-5-scaled.jpg","width":2560,"height":1920},{"@type":"BreadcrumbList","@id":"https:\/\/tourtravelandmore.com\/es\/tours\/eeuu-es\/denver-es\/denver-actividades-es\/tour-privado-al-monte-evans\/#breadcrumb","itemListElement":[{"@type":"ListItem","position":1,"name":"Home","item":"https:\/\/tourtravelandmore.com\/es\/"},{"@type":"ListItem","position":2,"name":"Tours","item":"https:\/\/tourtravelandmore.com\/es\/tours\/"},{"@type":"ListItem","position":3,"name":"Tour Privado al Monte Evans"}]},{"@type":"WebSite","@id":"https:\/\/tourtravelandmore.com\/es\/#website","url":"https:\/\/tourtravelandmore.com\/es\/","name":"Tour Travel And More","description":"Private sightseeing tours and luxury transfers in Spain","publisher":{"@id":"https:\/\/tourtravelandmore.com\/es\/#organization"},"potentialAction":[{"@type":"SearchAction","target":{"@type":"EntryPoint","urlTemplate":"https:\/\/tourtravelandmore.com\/es\/?s={search_term_string}"},"query-input":{"@type":"PropertyValueSpecification","valueRequired":true,"valueName":"search_term_string"}}],"inLanguage":"es"},{"@type":"Organization","@id":"https:\/\/tourtravelandmore.com\/es\/#organization","name":"Tour Travel And More","url":"https:\/\/tourtravelandmore.com\/es\/","logo":{"@type":"ImageObject","inLanguage":"es","@id":"https:\/\/tourtravelandmore.com\/es\/#\/schema\/logo\/image\/","url":"https:\/\/tourtravelandmore.com\/wp-content\/uploads\/2022\/12\/cropped-logo-cabecera-new.png","contentUrl":"https:\/\/tourtravelandmore.com\/wp-content\/uploads\/2022\/12\/cropped-logo-cabecera-new.png","width":430,"height":61,"caption":"Tour Travel And More"},"image":{"@id":"https:\/\/tourtravelandmore.com\/es\/#\/schema\/logo\/image\/"},"sameAs":["https:\/\/www.facebook.com\/tourtravelandmore\/","https:\/\/x.com\/TourTravel_More"]}]}},"_links":{"self":[{"href":"https:\/\/tourtravelandmore.com\/es\/wp-json\/wp\/v2\/product\/87512","targetHints":{"allow":["GET"]}}],"collection":[{"href":"https:\/\/tourtravelandmore.com\/es\/wp-json\/wp\/v2\/product"}],"about":[{"href":"https:\/\/tourtravelandmore.com\/es\/wp-json\/wp\/v2\/types\/product"}],"replies":[{"embeddable":true,"href":"https:\/\/tourtravelandmore.com\/es\/wp-json\/wp\/v2\/comments?post=87512"}],"wp:featuredmedia":[{"embeddable":true,"href":"https:\/\/tourtravelandmore.com\/es\/wp-json\/wp\/v2\/media\/87525"}],"wp:attachment":[{"href":"https:\/\/tourtravelandmore.com\/es\/wp-json\/wp\/v2\/media?parent=87512"}],"wp:term":[{"taxonomy":"product_brand","embeddable":true,"href":"https:\/\/tourtravelandmore.com\/es\/wp-json\/wp\/v2\/product_brand?post=87512"},{"taxonomy":"product_cat","embeddable":true,"href":"https:\/\/tourtravelandmore.com\/es\/wp-json\/wp\/v2\/product_cat?post=87512"},{"taxonomy":"product_tag","embeddable":true,"href":"https:\/\/tourtravelandmore.com\/es\/wp-json\/wp\/v2\/product_tag?post=87512"}],"curies":[{"name":"wp","href":"https:\/\/api.w.org\/{rel}","templated":true}]}}