{"id":8750,"date":"2016-10-25T11:32:17","date_gmt":"2016-10-25T16:38:49","guid":{"rendered":"http:\/\/tourtravelandmore.com\/es\/?post_type=product&#038;p=8750"},"modified":"2024-04-29T17:50:02","modified_gmt":"2024-04-29T15:50:02","slug":"tour-privado-madrid-ciudad","status":"publish","type":"product","link":"https:\/\/tourtravelandmore.com\/es\/tours\/espana-es\/madrid-es\/tour-privado-madrid-ciudad\/","title":{"rendered":"Tour Privado de Madrid con guia y Vehiculo"},"content":{"rendered":"<h2><strong>Descripci\u00f3n del Tour Privado de Madrid con guia y Vehiculo<\/strong><\/h2>\n<p>Disfrute de este <strong>tour privado Madrid<\/strong> con vuestro gu\u00eda oficial privado y veh\u00edculo privado con conductor y conoce los <strong>lugares m\u00e1s emblem\u00e1ticos de Madrid<\/strong>.<\/p>\n<p>La duraci\u00f3n del Tour privado Madrid son 4 horas, d\u00f3nde en todo momento ir\u00e1n con su gu\u00eda oficial privado. Disponemos de Veh\u00edculo para conocer lo m\u00e1ximo de la ciudad de Madrid, en aquellos lugares m\u00e1s importantes bajaremos con nuestro gu\u00eda para ver con detalle los monumentos y poder realizar fotograf\u00edas.<\/p>\n<p>Al ser un tour completamente privado pueden escoger la hora de salida del tour y vuestro lugar de recogida dentro de la ciudad de Madrid.<\/p>\n<p>Si desea ampliar la duraci\u00f3n m\u00e1s de 4 horas del tour privado Madrid, no dude en contactar con nuestro equipo.<\/p>\n<p>Adem\u00e1s de ser recogido en vuestro Hotel de Madrid o Apartamento, si viene en un vuelo con escala en el aeropuerto de Madrid, tambi\u00e9n podemos recogerle desde el aeropuerto y devolverle m\u00e1s tarde, as\u00ed no pierde un d\u00eda y puede conocer la ciudad.<\/p>\n<h2>Puntos de inter\u00e9s en el Tour Privado de Madrid con guia y Vehiculo<\/h2>\n<p>Madrid es la capital de Espa\u00f1a y una de las ciudades m\u00e1s importantes de Espa\u00f1a y Europa.<\/p>\n<p>A lo largo del Tour recorremos los principales barrios y monumentos y atracciones tur\u00edsticas m\u00e1s importantes de la ciudad:<\/p>\n<p><strong>Puerta del Sol: <\/strong>Es una de las Plazas m\u00e1s importantes de Madrid. Hay tres cosas que hay que ver: <strong>Estatua del Oso y el Madro\u00f1o, El Reloj de la Casa de Correos, Kil\u00f3metro Cero.<\/strong><\/p>\n<p><strong>Museo del Prado:\u00a0<\/strong>Es uno de los museos m\u00e1s importantes del mundo, entre sus cuadros cuenta con obras maestras de pintores de la talla de <strong>Vel\u00e1zquez, El Greco, Rubens, El Bosco o Goya<\/strong> <strong>y muchos m\u00e1s.<\/strong><\/p>\n<p><strong>Plaza Mayor: <\/strong>Es una de las plazas m\u00e1s importantes del centro de Madrid, a pocos metros de la puerta del sol.<\/p>\n<p><strong>Gran Via:<\/strong> Una de las calles m\u00e1s conocidas de la ciudad y transitada.<\/p>\n<p><strong>Puerta de Alcal\u00e1:<\/strong> Es una de las cinco puertas reales de la ciudad de Madrid y uno de los monumentos m\u00e1s importantes.<\/p>\n<p><strong>Plaza de Cibeles:\u00a0<\/strong>Es famosa ya que el Real Madrid celebra ahi los trofeos ganados.<\/p>\n<p><strong>Estadio F\u00fatbol Real Madrid:\u00a0<\/strong>Se puede conocer el Museo, Vestuarios, Sala de prensa y el campo.<\/p>\n<p><strong>Fuente de Neptuno:\u00a0<\/strong>Es famosa ya que el Equipo de F\u00fatbol del Atletico de Madrid celebra ahi los trofeos.<\/p>\n<p><strong>Plaza de Oriente:<\/strong> Rodeada por dos de los edificios m\u00e1s importantes de Madrid,<strong> El Palacio Real y el Teatro Real.<\/strong><\/p>\n<p><strong>Teatro Real: <\/strong>Considerado uno de los Teatros m\u00e1s importantes de Europa.<\/p>\n<p><strong>Palacio Real:<\/strong> Residencia de la Familia Real Espa\u00f1ola, se puede visitar su interior.<\/p>\n<p><strong>El Retiro:<\/strong> El parque m\u00e1s grande de la ciudad y favorito de los madrile\u00f1os.<\/p>\n<p>Estos son los principales puntos de inter\u00e9s, pero Madrid es una ciudad muy grande, d\u00f3nde veremos mucho m\u00e1s y conoceremos la historia, an\u00e9cdotas de la ciudad, gracias a nuestro gu\u00eda.<\/p>\n<p>Si disponemos de Tiempo en la ciudad le recomendamos que tome un d\u00eda para conocer Toledo, \u00c1vila o Segovia desde Madrid, puede consultar nuestros tours<a href=\"https:\/\/tourtravelandmore.com\/city\/spain\/madrid-en\/madrid-day-trips-en\/\"> privados de d\u00eda completo desde Madrid.<\/a><\/p>\n","protected":false},"excerpt":{"rendered":"<p>La mejor elecci\u00f3n para conocer lo m\u00e1ximo posible de la ciudad de Madrid en 4 Horas, junto a su gu\u00eda privado oficial y su vehiculo con conductor. Conocer\u00e1 las principales, calles, zonas, monumentos y atracciones turisticas, adem\u00e1s de la historia de la ciudad.<\/p>\n","protected":false},"featured_media":172619,"comment_status":"open","ping_status":"closed","template":"","meta":{"_acf_changed":false},"product_brand":[],"product_cat":[284,293,285,287],"product_tag":[],"class_list":{"0":"post-8750","1":"product","2":"type-product","3":"status-publish","4":"has-post-thumbnail","6":"product_cat-madrid-es","7":"product_cat-madrid-top-ventas-es","8":"product_cat-madrid-actividades-es","9":"product_cat-madrid-rutas-turisticas-privadas-es","11":"first","12":"instock","13":"shipping-taxable","14":"purchasable","15":"product-type-simple"},"acf":[],"yoast_head":"<!-- This site is optimized with the Yoast SEO Premium plugin v25.3.1 (Yoast SEO v25.3.1) - https:\/\/yoast.com\/wordpress\/plugins\/seo\/ -->\n<title>\u27a1\ufe0f Tour privado Madrid | Tour Travel &amp; More<\/title>\n<meta name=\"description\" content=\"Conoce la ciudad de Madrid y sus principales monumentos, gracias a este tour privado Madrid, junto a su gu\u00eda privado oficial y su vehiculo privado \u2705\" \/>\n<meta name=\"robots\" content=\"index, follow, max-snippet:-1, max-image-preview:large, max-video-preview:-1\" \/>\n<link rel=\"canonical\" href=\"https:\/\/tourtravelandmore.com\/es\/tours\/espana-es\/madrid-es\/tour-privado-madrid-ciudad\/\" \/>\n<meta property=\"og:locale\" content=\"es_ES\" \/>\n<meta property=\"og:type\" content=\"article\" \/>\n<meta property=\"og:title\" content=\"Tour Privado de Madrid con guia y Vehiculo\" \/>\n<meta property=\"og:description\" content=\"Conoce la ciudad de Madrid y sus principales monumentos, gracias a este tour privado Madrid, junto a su gu\u00eda privado oficial y su vehiculo privado \u2705\" \/>\n<meta property=\"og:url\" content=\"https:\/\/tourtravelandmore.com\/es\/tours\/espana-es\/madrid-es\/tour-privado-madrid-ciudad\/\" \/>\n<meta property=\"og:site_name\" content=\"Tour Travel And More\" \/>\n<meta property=\"article:publisher\" content=\"https:\/\/www.facebook.com\/tourtravelandmore\/\" \/>\n<meta property=\"article:modified_time\" content=\"2024-04-29T15:50:02+00:00\" \/>\n<meta property=\"og:image\" content=\"https:\/\/tourtravelandmore.com\/wp-content\/uploads\/2016\/10\/pexels-alex-azabache-3757144.jpg\" \/>\n\t<meta property=\"og:image:width\" content=\"1920\" \/>\n\t<meta property=\"og:image:height\" content=\"1280\" \/>\n\t<meta property=\"og:image:type\" content=\"image\/jpeg\" \/>\n<meta name=\"twitter:card\" content=\"summary_large_image\" \/>\n<meta name=\"twitter:site\" content=\"@TourTravel_More\" \/>\n<meta name=\"twitter:label1\" content=\"Tiempo de lectura\" \/>\n\t<meta name=\"twitter:data1\" content=\"3 minutos\" \/>\n<script type=\"application\/ld+json\" class=\"yoast-schema-graph\">{\"@context\":\"https:\/\/schema.org\",\"@graph\":[{\"@type\":\"WebPage\",\"@id\":\"https:\/\/tourtravelandmore.com\/es\/tours\/espana-es\/madrid-es\/tour-privado-madrid-ciudad\/\",\"url\":\"https:\/\/tourtravelandmore.com\/es\/tours\/espana-es\/madrid-es\/tour-privado-madrid-ciudad\/\",\"name\":\"\u27a1\ufe0f Tour privado Madrid | Tour Travel & More\",\"isPartOf\":{\"@id\":\"https:\/\/tourtravelandmore.com\/es\/#website\"},\"primaryImageOfPage\":{\"@id\":\"https:\/\/tourtravelandmore.com\/es\/tours\/espana-es\/madrid-es\/tour-privado-madrid-ciudad\/#primaryimage\"},\"image\":{\"@id\":\"https:\/\/tourtravelandmore.com\/es\/tours\/espana-es\/madrid-es\/tour-privado-madrid-ciudad\/#primaryimage\"},\"thumbnailUrl\":\"https:\/\/tourtravelandmore.com\/wp-content\/uploads\/2016\/10\/pexels-alex-azabache-3757144.jpg\",\"datePublished\":\"2016-10-25T16:38:49+00:00\",\"dateModified\":\"2024-04-29T15:50:02+00:00\",\"description\":\"Conoce la ciudad de Madrid y sus principales monumentos, gracias a este tour privado Madrid, junto a su gu\u00eda privado oficial y su vehiculo privado \u2705\",\"breadcrumb\":{\"@id\":\"https:\/\/tourtravelandmore.com\/es\/tours\/espana-es\/madrid-es\/tour-privado-madrid-ciudad\/#breadcrumb\"},\"inLanguage\":\"es\",\"potentialAction\":[{\"@type\":\"ReadAction\",\"target\":[\"https:\/\/tourtravelandmore.com\/es\/tours\/espana-es\/madrid-es\/tour-privado-madrid-ciudad\/\"]}]},{\"@type\":\"ImageObject\",\"inLanguage\":\"es\",\"@id\":\"https:\/\/tourtravelandmore.com\/es\/tours\/espana-es\/madrid-es\/tour-privado-madrid-ciudad\/#primaryimage\",\"url\":\"https:\/\/tourtravelandmore.com\/wp-content\/uploads\/2016\/10\/pexels-alex-azabache-3757144.jpg\",\"contentUrl\":\"https:\/\/tourtravelandmore.com\/wp-content\/uploads\/2016\/10\/pexels-alex-azabache-3757144.jpg\",\"width\":1920,\"height\":1280},{\"@type\":\"BreadcrumbList\",\"@id\":\"https:\/\/tourtravelandmore.com\/es\/tours\/espana-es\/madrid-es\/tour-privado-madrid-ciudad\/#breadcrumb\",\"itemListElement\":[{\"@type\":\"ListItem\",\"position\":1,\"name\":\"Home\",\"item\":\"https:\/\/tourtravelandmore.com\/es\/\"},{\"@type\":\"ListItem\",\"position\":2,\"name\":\"Tours\",\"item\":\"https:\/\/tourtravelandmore.com\/es\/tours\/\"},{\"@type\":\"ListItem\",\"position\":3,\"name\":\"Tour Privado de Madrid con guia y Vehiculo\"}]},{\"@type\":\"WebSite\",\"@id\":\"https:\/\/tourtravelandmore.com\/es\/#website\",\"url\":\"https:\/\/tourtravelandmore.com\/es\/\",\"name\":\"Tour Travel And More\",\"description\":\"Private sightseeing tours and luxury transfers in Spain\",\"publisher\":{\"@id\":\"https:\/\/tourtravelandmore.com\/es\/#organization\"},\"potentialAction\":[{\"@type\":\"SearchAction\",\"target\":{\"@type\":\"EntryPoint\",\"urlTemplate\":\"https:\/\/tourtravelandmore.com\/es\/?s={search_term_string}\"},\"query-input\":{\"@type\":\"PropertyValueSpecification\",\"valueRequired\":true,\"valueName\":\"search_term_string\"}}],\"inLanguage\":\"es\"},{\"@type\":\"Organization\",\"@id\":\"https:\/\/tourtravelandmore.com\/es\/#organization\",\"name\":\"Tour Travel And More\",\"url\":\"https:\/\/tourtravelandmore.com\/es\/\",\"logo\":{\"@type\":\"ImageObject\",\"inLanguage\":\"es\",\"@id\":\"https:\/\/tourtravelandmore.com\/es\/#\/schema\/logo\/image\/\",\"url\":\"https:\/\/tourtravelandmore.com\/wp-content\/uploads\/2022\/12\/cropped-logo-cabecera-new.png\",\"contentUrl\":\"https:\/\/tourtravelandmore.com\/wp-content\/uploads\/2022\/12\/cropped-logo-cabecera-new.png\",\"width\":430,\"height\":61,\"caption\":\"Tour Travel And More\"},\"image\":{\"@id\":\"https:\/\/tourtravelandmore.com\/es\/#\/schema\/logo\/image\/\"},\"sameAs\":[\"https:\/\/www.facebook.com\/tourtravelandmore\/\",\"https:\/\/x.com\/TourTravel_More\"]}]}<\/script>\n<!-- \/ Yoast SEO Premium plugin. -->","yoast_head_json":{"title":"\u27a1\ufe0f Tour privado Madrid | Tour Travel & More","description":"Conoce la ciudad de Madrid y sus principales monumentos, gracias a este tour privado Madrid, junto a su gu\u00eda privado oficial y su vehiculo privado \u2705","robots":{"index":"index","follow":"follow","max-snippet":"max-snippet:-1","max-image-preview":"max-image-preview:large","max-video-preview":"max-video-preview:-1"},"canonical":"https:\/\/tourtravelandmore.com\/es\/tours\/espana-es\/madrid-es\/tour-privado-madrid-ciudad\/","og_locale":"es_ES","og_type":"article","og_title":"Tour Privado de Madrid con guia y Vehiculo","og_description":"Conoce la ciudad de Madrid y sus principales monumentos, gracias a este tour privado Madrid, junto a su gu\u00eda privado oficial y su vehiculo privado \u2705","og_url":"https:\/\/tourtravelandmore.com\/es\/tours\/espana-es\/madrid-es\/tour-privado-madrid-ciudad\/","og_site_name":"Tour Travel And More","article_publisher":"https:\/\/www.facebook.com\/tourtravelandmore\/","article_modified_time":"2024-04-29T15:50:02+00:00","og_image":[{"width":1920,"height":1280,"url":"https:\/\/tourtravelandmore.com\/wp-content\/uploads\/2016\/10\/pexels-alex-azabache-3757144.jpg","type":"image\/jpeg"}],"twitter_card":"summary_large_image","twitter_site":"@TourTravel_More","twitter_misc":{"Tiempo de lectura":"3 minutos"},"schema":{"@context":"https:\/\/schema.org","@graph":[{"@type":"WebPage","@id":"https:\/\/tourtravelandmore.com\/es\/tours\/espana-es\/madrid-es\/tour-privado-madrid-ciudad\/","url":"https:\/\/tourtravelandmore.com\/es\/tours\/espana-es\/madrid-es\/tour-privado-madrid-ciudad\/","name":"\u27a1\ufe0f Tour privado Madrid | Tour Travel & More","isPartOf":{"@id":"https:\/\/tourtravelandmore.com\/es\/#website"},"primaryImageOfPage":{"@id":"https:\/\/tourtravelandmore.com\/es\/tours\/espana-es\/madrid-es\/tour-privado-madrid-ciudad\/#primaryimage"},"image":{"@id":"https:\/\/tourtravelandmore.com\/es\/tours\/espana-es\/madrid-es\/tour-privado-madrid-ciudad\/#primaryimage"},"thumbnailUrl":"https:\/\/tourtravelandmore.com\/wp-content\/uploads\/2016\/10\/pexels-alex-azabache-3757144.jpg","datePublished":"2016-10-25T16:38:49+00:00","dateModified":"2024-04-29T15:50:02+00:00","description":"Conoce la ciudad de Madrid y sus principales monumentos, gracias a este tour privado Madrid, junto a su gu\u00eda privado oficial y su vehiculo privado \u2705","breadcrumb":{"@id":"https:\/\/tourtravelandmore.com\/es\/tours\/espana-es\/madrid-es\/tour-privado-madrid-ciudad\/#breadcrumb"},"inLanguage":"es","potentialAction":[{"@type":"ReadAction","target":["https:\/\/tourtravelandmore.com\/es\/tours\/espana-es\/madrid-es\/tour-privado-madrid-ciudad\/"]}]},{"@type":"ImageObject","inLanguage":"es","@id":"https:\/\/tourtravelandmore.com\/es\/tours\/espana-es\/madrid-es\/tour-privado-madrid-ciudad\/#primaryimage","url":"https:\/\/tourtravelandmore.com\/wp-content\/uploads\/2016\/10\/pexels-alex-azabache-3757144.jpg","contentUrl":"https:\/\/tourtravelandmore.com\/wp-content\/uploads\/2016\/10\/pexels-alex-azabache-3757144.jpg","width":1920,"height":1280},{"@type":"BreadcrumbList","@id":"https:\/\/tourtravelandmore.com\/es\/tours\/espana-es\/madrid-es\/tour-privado-madrid-ciudad\/#breadcrumb","itemListElement":[{"@type":"ListItem","position":1,"name":"Home","item":"https:\/\/tourtravelandmore.com\/es\/"},{"@type":"ListItem","position":2,"name":"Tours","item":"https:\/\/tourtravelandmore.com\/es\/tours\/"},{"@type":"ListItem","position":3,"name":"Tour Privado de Madrid con guia y Vehiculo"}]},{"@type":"WebSite","@id":"https:\/\/tourtravelandmore.com\/es\/#website","url":"https:\/\/tourtravelandmore.com\/es\/","name":"Tour Travel And More","description":"Private sightseeing tours and luxury transfers in Spain","publisher":{"@id":"https:\/\/tourtravelandmore.com\/es\/#organization"},"potentialAction":[{"@type":"SearchAction","target":{"@type":"EntryPoint","urlTemplate":"https:\/\/tourtravelandmore.com\/es\/?s={search_term_string}"},"query-input":{"@type":"PropertyValueSpecification","valueRequired":true,"valueName":"search_term_string"}}],"inLanguage":"es"},{"@type":"Organization","@id":"https:\/\/tourtravelandmore.com\/es\/#organization","name":"Tour Travel And More","url":"https:\/\/tourtravelandmore.com\/es\/","logo":{"@type":"ImageObject","inLanguage":"es","@id":"https:\/\/tourtravelandmore.com\/es\/#\/schema\/logo\/image\/","url":"https:\/\/tourtravelandmore.com\/wp-content\/uploads\/2022\/12\/cropped-logo-cabecera-new.png","contentUrl":"https:\/\/tourtravelandmore.com\/wp-content\/uploads\/2022\/12\/cropped-logo-cabecera-new.png","width":430,"height":61,"caption":"Tour Travel And More"},"image":{"@id":"https:\/\/tourtravelandmore.com\/es\/#\/schema\/logo\/image\/"},"sameAs":["https:\/\/www.facebook.com\/tourtravelandmore\/","https:\/\/x.com\/TourTravel_More"]}]}},"_links":{"self":[{"href":"https:\/\/tourtravelandmore.com\/es\/wp-json\/wp\/v2\/product\/8750","targetHints":{"allow":["GET"]}}],"collection":[{"href":"https:\/\/tourtravelandmore.com\/es\/wp-json\/wp\/v2\/product"}],"about":[{"href":"https:\/\/tourtravelandmore.com\/es\/wp-json\/wp\/v2\/types\/product"}],"replies":[{"embeddable":true,"href":"https:\/\/tourtravelandmore.com\/es\/wp-json\/wp\/v2\/comments?post=8750"}],"wp:featuredmedia":[{"embeddable":true,"href":"https:\/\/tourtravelandmore.com\/es\/wp-json\/wp\/v2\/media\/172619"}],"wp:attachment":[{"href":"https:\/\/tourtravelandmore.com\/es\/wp-json\/wp\/v2\/media?parent=8750"}],"wp:term":[{"taxonomy":"product_brand","embeddable":true,"href":"https:\/\/tourtravelandmore.com\/es\/wp-json\/wp\/v2\/product_brand?post=8750"},{"taxonomy":"product_cat","embeddable":true,"href":"https:\/\/tourtravelandmore.com\/es\/wp-json\/wp\/v2\/product_cat?post=8750"},{"taxonomy":"product_tag","embeddable":true,"href":"https:\/\/tourtravelandmore.com\/es\/wp-json\/wp\/v2\/product_tag?post=8750"}],"curies":[{"name":"wp","href":"https:\/\/api.w.org\/{rel}","templated":true}]}}