{"id":87452,"date":"2020-11-20T10:58:24","date_gmt":"2020-11-20T09:58:26","guid":{"rendered":"https:\/\/tourtravelandmore.com\/?post_type=product&#038;p=87452"},"modified":"2021-07-30T17:06:59","modified_gmt":"2021-07-30T15:06:59","slug":"tour-privado-al-parque-nacional-rocky-mountain","status":"publish","type":"product","link":"https:\/\/tourtravelandmore.com\/es\/tours\/eeuu-es\/denver-es\/denver-actividades-es\/tour-privado-al-parque-nacional-rocky-mountain\/","title":{"rendered":"Tour Privado al Parque Nacional Rocky Mountain"},"content":{"rendered":"<h2 id=\"tw-target-text\" class=\"tw-data-text tw-text-large XcVN5d tw-ta\" dir=\"ltr\" data-placeholder=\"Traducci\u00f3n\"><span lang=\"es\">Descripci\u00f3n del Tour Privado al Parque Nacional Rocky Mountain<\/span><\/h2>\n<p>Si se encuentra de vacaciones en Denver, definitivamente no puede perderse nuestro <strong>tour privado al Parque Nacional Rocky Mountain<\/strong>. <span class=\"JLqJ4b ChMk0b\" data-language-for-alternatives=\"es\" data-language-to-translate-into=\"en\" data-phrase-index=\"1\">Esto es imprescindible si te gusta la aventura, la naturaleza y quieres salir de la ciudad por un d\u00eda.<\/span><\/p>\n<p><span class=\"JLqJ4b ChMk0b\" data-language-for-alternatives=\"es\" data-language-to-translate-into=\"en\" data-phrase-index=\"1\"><span class=\"JLqJ4b\" data-language-for-alternatives=\"es\" data-language-to-translate-into=\"en\" data-phrase-index=\"2\">Ser\u00e1s asistido por un <strong>gu\u00eda tur\u00edstico oficial privado<\/strong> y un <strong>conductor privado<\/strong>. El servicio se llevar\u00e1 a cabo en un <strong>veh\u00edculo privado de lujo<\/strong> para una experiencia m\u00e1s c\u00f3moda. Organizaremos una recogida privada en el lugar que elija en Denver.<\/span><\/span><\/p>\n<p><strong>El Parque Nacional Rocky Mountain<\/strong> se encuentra en el estado centro-norte de Colorado en los Estados Unidos.\u00a0<span class=\"JLqJ4b ChMk0b\" data-language-for-alternatives=\"es\" data-language-to-translate-into=\"en\" data-phrase-index=\"8\">Estas monta\u00f1as rocosas son atravesadas por el r\u00edo Colorado. Este parque recibe muchas visitas durante el a\u00f1o y es uno de los favoritos para hacer senderismo y trekking. <\/span><\/p>\n<p><span class=\"JLqJ4b ChMk0b\" data-language-for-alternatives=\"es\" data-language-to-translate-into=\"en\" data-phrase-index=\"8\"><span class=\"JLqJ4b\" data-language-for-alternatives=\"es\" data-language-to-translate-into=\"en\" data-phrase-index=\"10\">Disfrute de este tour privado al Parque Nacional Rocky Mountain y admire sus incre\u00edbles vistas. Siente el viento en tu cara y vive un gran momento en tus vacaciones.<\/span><\/span><\/p>\n<h2 class=\"tw-data-text tw-text-large XcVN5d tw-ta\" dir=\"ltr\" data-placeholder=\"Traducci\u00f3n\">Puntos de inter\u00e9s en el Parque Nacional Rocky Mountain<\/h2>\n<p>En primer lugar, organizaremos su recogida privada temprano en la ma\u00f1ana en el lugar que elija en Denver. El recorrido hasta el Parque Nacional es de aproximadamente una hora y quince minutos. Durante el viaje, disfrutar\u00e1 de una vista panor\u00e1mica de Denver y de hermosos paisajes.<\/p>\n<p>El <a href=\"https:\/\/www.nps.gov\/romo\/index.htm\">Parque Nacional Rocky Mountain<\/a> tiene un \u00e1rea de 1076 km\u00b2, por lo que durante este tour privado visitar\u00e1s algunas de las partes m\u00e1s representativas del parque. En caso de que est\u00e9 interesado en visitar alg\u00fan sitio espec\u00edfico, h\u00e1ganoslo saber y lo organizaremos por usted.<\/p>\n<p>Durante esta experiencia privada pasar\u00e1s por caminos sinuosos, podr\u00e1s deslumbrarte con su hermosa vegetaci\u00f3n salvaje y disfrutar de sus incre\u00edbles paisajes. Tambi\u00e9n es posible que puedas visualizar animales salvajes como alces, ciervos y \u00e1guilas entre otros. \u00a1Vivir\u00e1s una verdadera aventura en la monta\u00f1a!.<\/p>\n<p>Har\u00e1 algunas paradas en el <strong>Centro de Visitantes Alpine<\/strong> y <strong>Continental Divide<\/strong>, donde podr\u00e1 descansar y tomar un caf\u00e9.<\/p>\n<p>La ruta del tour podr\u00eda modificarse dependiendo de las condiciones clim\u00e1ticas o si alguna ruta en espec\u00edfica se encuentra cerrada. Tambi\u00e9n se podr\u00eda modificar en funci\u00f3n de la estaci\u00f3n meteorol\u00f3gica en la que nos encontremos. \u00a1Vale la pena visitar el Parque Nacional tanto en verano como en invierno!<\/p>\n<p>Finalmente, al final de la excursi\u00f3n, su conductor privado y gu\u00eda tur\u00edstico oficial lo llevar\u00e1n de regreso a Denver.<\/p>\n<p>Otro posible tour de d\u00eda completo desde Denver, podr\u00eda ser nuestro <a href=\"https:\/\/tourtravelandmore.com\/es\/tours\/eeuu-es\/denver-es\/denver-actividades-es\/tour-privado-al-monte-evans\/\">tour privado al Monte Evans<\/a>, \u00a1eche un vistazo!<\/p>\n","protected":false},"excerpt":{"rendered":"<p>Esc\u00e1pese de la ciudad de Denver por un d\u00eda y \u00fanase a nosotros en este <strong>Tour Privado al Parque Nacional Rocky Mountain.<\/strong> Disfrutar\u00e1 de un d\u00eda lleno de aventuras al aire libre con un gu\u00eda oficial local.<\/p>\n","protected":false},"featured_media":87474,"comment_status":"open","ping_status":"closed","template":"","meta":{"_acf_changed":false},"product_brand":[],"product_cat":[1602,3063,3066,3069],"product_tag":[],"class_list":{"0":"post-87452","1":"product","2":"type-product","3":"status-publish","4":"has-post-thumbnail","6":"product_cat-eeuu-es","7":"product_cat-denver-es","8":"product_cat-denver-actividades-es","9":"product_cat-denver-tours-privados-es","11":"first","12":"instock","13":"shipping-taxable","14":"purchasable","15":"product-type-simple"},"acf":[],"yoast_head":"<!-- This site is optimized with the Yoast SEO Premium plugin v25.3.1 (Yoast SEO v25.3.1) - https:\/\/yoast.com\/wordpress\/plugins\/seo\/ -->\n<title>Tour Privado al Parque Nacional Rocky Mountain desde Denver | TTM<\/title>\n<meta name=\"description\" content=\"\u2192 Acomp\u00e1\u00f1enos en este Tour Privado al Parque Nacional Rocky Mountain desde la ciudad de Denver en veh\u00edculo privado de lujo. \u2705\" \/>\n<meta name=\"robots\" content=\"index, follow, max-snippet:-1, max-image-preview:large, max-video-preview:-1\" \/>\n<link rel=\"canonical\" href=\"https:\/\/tourtravelandmore.com\/es\/tours\/eeuu-es\/denver-es\/denver-actividades-es\/tour-privado-al-parque-nacional-rocky-mountain\/\" \/>\n<meta property=\"og:locale\" content=\"es_ES\" \/>\n<meta property=\"og:type\" content=\"article\" \/>\n<meta property=\"og:title\" content=\"Tour Privado al Parque Nacional Rocky Mountain\" \/>\n<meta property=\"og:description\" content=\"\u2192 Acomp\u00e1\u00f1enos en este Tour Privado al Parque Nacional Rocky Mountain desde la ciudad de Denver en veh\u00edculo privado de lujo. \u2705\" \/>\n<meta property=\"og:url\" content=\"https:\/\/tourtravelandmore.com\/es\/tours\/eeuu-es\/denver-es\/denver-actividades-es\/tour-privado-al-parque-nacional-rocky-mountain\/\" \/>\n<meta property=\"og:site_name\" content=\"Tour Travel And More\" \/>\n<meta property=\"article:publisher\" content=\"https:\/\/www.facebook.com\/tourtravelandmore\/\" \/>\n<meta property=\"article:modified_time\" content=\"2021-07-30T15:06:59+00:00\" \/>\n<meta property=\"og:image\" content=\"https:\/\/tourtravelandmore.com\/wp-content\/uploads\/2020\/11\/rocky-mountain-1-scaled.jpg\" \/>\n\t<meta property=\"og:image:width\" content=\"2560\" \/>\n\t<meta property=\"og:image:height\" content=\"1920\" \/>\n\t<meta property=\"og:image:type\" content=\"image\/jpeg\" \/>\n<meta name=\"twitter:card\" content=\"summary_large_image\" \/>\n<meta name=\"twitter:site\" content=\"@TourTravel_More\" \/>\n<meta name=\"twitter:label1\" content=\"Tiempo de lectura\" \/>\n\t<meta name=\"twitter:data1\" content=\"2 minutos\" \/>\n<script type=\"application\/ld+json\" class=\"yoast-schema-graph\">{\"@context\":\"https:\/\/schema.org\",\"@graph\":[{\"@type\":\"WebPage\",\"@id\":\"https:\/\/tourtravelandmore.com\/es\/tours\/eeuu-es\/denver-es\/denver-actividades-es\/tour-privado-al-parque-nacional-rocky-mountain\/\",\"url\":\"https:\/\/tourtravelandmore.com\/es\/tours\/eeuu-es\/denver-es\/denver-actividades-es\/tour-privado-al-parque-nacional-rocky-mountain\/\",\"name\":\"Tour Privado al Parque Nacional Rocky Mountain desde Denver | TTM\",\"isPartOf\":{\"@id\":\"https:\/\/tourtravelandmore.com\/es\/#website\"},\"primaryImageOfPage\":{\"@id\":\"https:\/\/tourtravelandmore.com\/es\/tours\/eeuu-es\/denver-es\/denver-actividades-es\/tour-privado-al-parque-nacional-rocky-mountain\/#primaryimage\"},\"image\":{\"@id\":\"https:\/\/tourtravelandmore.com\/es\/tours\/eeuu-es\/denver-es\/denver-actividades-es\/tour-privado-al-parque-nacional-rocky-mountain\/#primaryimage\"},\"thumbnailUrl\":\"https:\/\/tourtravelandmore.com\/wp-content\/uploads\/2020\/11\/rocky-mountain-1-scaled.jpg\",\"datePublished\":\"2020-11-20T09:58:26+00:00\",\"dateModified\":\"2021-07-30T15:06:59+00:00\",\"description\":\"\u2192 Acomp\u00e1\u00f1enos en este Tour Privado al Parque Nacional Rocky Mountain desde la ciudad de Denver en veh\u00edculo privado de lujo. \u2705\",\"breadcrumb\":{\"@id\":\"https:\/\/tourtravelandmore.com\/es\/tours\/eeuu-es\/denver-es\/denver-actividades-es\/tour-privado-al-parque-nacional-rocky-mountain\/#breadcrumb\"},\"inLanguage\":\"es\",\"potentialAction\":[{\"@type\":\"ReadAction\",\"target\":[\"https:\/\/tourtravelandmore.com\/es\/tours\/eeuu-es\/denver-es\/denver-actividades-es\/tour-privado-al-parque-nacional-rocky-mountain\/\"]}]},{\"@type\":\"ImageObject\",\"inLanguage\":\"es\",\"@id\":\"https:\/\/tourtravelandmore.com\/es\/tours\/eeuu-es\/denver-es\/denver-actividades-es\/tour-privado-al-parque-nacional-rocky-mountain\/#primaryimage\",\"url\":\"https:\/\/tourtravelandmore.com\/wp-content\/uploads\/2020\/11\/rocky-mountain-1-scaled.jpg\",\"contentUrl\":\"https:\/\/tourtravelandmore.com\/wp-content\/uploads\/2020\/11\/rocky-mountain-1-scaled.jpg\",\"width\":2560,\"height\":1920},{\"@type\":\"BreadcrumbList\",\"@id\":\"https:\/\/tourtravelandmore.com\/es\/tours\/eeuu-es\/denver-es\/denver-actividades-es\/tour-privado-al-parque-nacional-rocky-mountain\/#breadcrumb\",\"itemListElement\":[{\"@type\":\"ListItem\",\"position\":1,\"name\":\"Home\",\"item\":\"https:\/\/tourtravelandmore.com\/es\/\"},{\"@type\":\"ListItem\",\"position\":2,\"name\":\"Tours\",\"item\":\"https:\/\/tourtravelandmore.com\/es\/tours\/\"},{\"@type\":\"ListItem\",\"position\":3,\"name\":\"Tour Privado al Parque Nacional Rocky Mountain\"}]},{\"@type\":\"WebSite\",\"@id\":\"https:\/\/tourtravelandmore.com\/es\/#website\",\"url\":\"https:\/\/tourtravelandmore.com\/es\/\",\"name\":\"Tour Travel And More\",\"description\":\"Private sightseeing tours and luxury transfers in Spain\",\"publisher\":{\"@id\":\"https:\/\/tourtravelandmore.com\/es\/#organization\"},\"potentialAction\":[{\"@type\":\"SearchAction\",\"target\":{\"@type\":\"EntryPoint\",\"urlTemplate\":\"https:\/\/tourtravelandmore.com\/es\/?s={search_term_string}\"},\"query-input\":{\"@type\":\"PropertyValueSpecification\",\"valueRequired\":true,\"valueName\":\"search_term_string\"}}],\"inLanguage\":\"es\"},{\"@type\":\"Organization\",\"@id\":\"https:\/\/tourtravelandmore.com\/es\/#organization\",\"name\":\"Tour Travel And More\",\"url\":\"https:\/\/tourtravelandmore.com\/es\/\",\"logo\":{\"@type\":\"ImageObject\",\"inLanguage\":\"es\",\"@id\":\"https:\/\/tourtravelandmore.com\/es\/#\/schema\/logo\/image\/\",\"url\":\"https:\/\/tourtravelandmore.com\/wp-content\/uploads\/2022\/12\/cropped-logo-cabecera-new.png\",\"contentUrl\":\"https:\/\/tourtravelandmore.com\/wp-content\/uploads\/2022\/12\/cropped-logo-cabecera-new.png\",\"width\":430,\"height\":61,\"caption\":\"Tour Travel And More\"},\"image\":{\"@id\":\"https:\/\/tourtravelandmore.com\/es\/#\/schema\/logo\/image\/\"},\"sameAs\":[\"https:\/\/www.facebook.com\/tourtravelandmore\/\",\"https:\/\/x.com\/TourTravel_More\"]}]}<\/script>\n<!-- \/ Yoast SEO Premium plugin. -->","yoast_head_json":{"title":"Tour Privado al Parque Nacional Rocky Mountain desde Denver | TTM","description":"\u2192 Acomp\u00e1\u00f1enos en este Tour Privado al Parque Nacional Rocky Mountain desde la ciudad de Denver en veh\u00edculo privado de lujo. \u2705","robots":{"index":"index","follow":"follow","max-snippet":"max-snippet:-1","max-image-preview":"max-image-preview:large","max-video-preview":"max-video-preview:-1"},"canonical":"https:\/\/tourtravelandmore.com\/es\/tours\/eeuu-es\/denver-es\/denver-actividades-es\/tour-privado-al-parque-nacional-rocky-mountain\/","og_locale":"es_ES","og_type":"article","og_title":"Tour Privado al Parque Nacional Rocky Mountain","og_description":"\u2192 Acomp\u00e1\u00f1enos en este Tour Privado al Parque Nacional Rocky Mountain desde la ciudad de Denver en veh\u00edculo privado de lujo. \u2705","og_url":"https:\/\/tourtravelandmore.com\/es\/tours\/eeuu-es\/denver-es\/denver-actividades-es\/tour-privado-al-parque-nacional-rocky-mountain\/","og_site_name":"Tour Travel And More","article_publisher":"https:\/\/www.facebook.com\/tourtravelandmore\/","article_modified_time":"2021-07-30T15:06:59+00:00","og_image":[{"width":2560,"height":1920,"url":"https:\/\/tourtravelandmore.com\/wp-content\/uploads\/2020\/11\/rocky-mountain-1-scaled.jpg","type":"image\/jpeg"}],"twitter_card":"summary_large_image","twitter_site":"@TourTravel_More","twitter_misc":{"Tiempo de lectura":"2 minutos"},"schema":{"@context":"https:\/\/schema.org","@graph":[{"@type":"WebPage","@id":"https:\/\/tourtravelandmore.com\/es\/tours\/eeuu-es\/denver-es\/denver-actividades-es\/tour-privado-al-parque-nacional-rocky-mountain\/","url":"https:\/\/tourtravelandmore.com\/es\/tours\/eeuu-es\/denver-es\/denver-actividades-es\/tour-privado-al-parque-nacional-rocky-mountain\/","name":"Tour Privado al Parque Nacional Rocky Mountain desde Denver | TTM","isPartOf":{"@id":"https:\/\/tourtravelandmore.com\/es\/#website"},"primaryImageOfPage":{"@id":"https:\/\/tourtravelandmore.com\/es\/tours\/eeuu-es\/denver-es\/denver-actividades-es\/tour-privado-al-parque-nacional-rocky-mountain\/#primaryimage"},"image":{"@id":"https:\/\/tourtravelandmore.com\/es\/tours\/eeuu-es\/denver-es\/denver-actividades-es\/tour-privado-al-parque-nacional-rocky-mountain\/#primaryimage"},"thumbnailUrl":"https:\/\/tourtravelandmore.com\/wp-content\/uploads\/2020\/11\/rocky-mountain-1-scaled.jpg","datePublished":"2020-11-20T09:58:26+00:00","dateModified":"2021-07-30T15:06:59+00:00","description":"\u2192 Acomp\u00e1\u00f1enos en este Tour Privado al Parque Nacional Rocky Mountain desde la ciudad de Denver en veh\u00edculo privado de lujo. \u2705","breadcrumb":{"@id":"https:\/\/tourtravelandmore.com\/es\/tours\/eeuu-es\/denver-es\/denver-actividades-es\/tour-privado-al-parque-nacional-rocky-mountain\/#breadcrumb"},"inLanguage":"es","potentialAction":[{"@type":"ReadAction","target":["https:\/\/tourtravelandmore.com\/es\/tours\/eeuu-es\/denver-es\/denver-actividades-es\/tour-privado-al-parque-nacional-rocky-mountain\/"]}]},{"@type":"ImageObject","inLanguage":"es","@id":"https:\/\/tourtravelandmore.com\/es\/tours\/eeuu-es\/denver-es\/denver-actividades-es\/tour-privado-al-parque-nacional-rocky-mountain\/#primaryimage","url":"https:\/\/tourtravelandmore.com\/wp-content\/uploads\/2020\/11\/rocky-mountain-1-scaled.jpg","contentUrl":"https:\/\/tourtravelandmore.com\/wp-content\/uploads\/2020\/11\/rocky-mountain-1-scaled.jpg","width":2560,"height":1920},{"@type":"BreadcrumbList","@id":"https:\/\/tourtravelandmore.com\/es\/tours\/eeuu-es\/denver-es\/denver-actividades-es\/tour-privado-al-parque-nacional-rocky-mountain\/#breadcrumb","itemListElement":[{"@type":"ListItem","position":1,"name":"Home","item":"https:\/\/tourtravelandmore.com\/es\/"},{"@type":"ListItem","position":2,"name":"Tours","item":"https:\/\/tourtravelandmore.com\/es\/tours\/"},{"@type":"ListItem","position":3,"name":"Tour Privado al Parque Nacional Rocky Mountain"}]},{"@type":"WebSite","@id":"https:\/\/tourtravelandmore.com\/es\/#website","url":"https:\/\/tourtravelandmore.com\/es\/","name":"Tour Travel And More","description":"Private sightseeing tours and luxury transfers in Spain","publisher":{"@id":"https:\/\/tourtravelandmore.com\/es\/#organization"},"potentialAction":[{"@type":"SearchAction","target":{"@type":"EntryPoint","urlTemplate":"https:\/\/tourtravelandmore.com\/es\/?s={search_term_string}"},"query-input":{"@type":"PropertyValueSpecification","valueRequired":true,"valueName":"search_term_string"}}],"inLanguage":"es"},{"@type":"Organization","@id":"https:\/\/tourtravelandmore.com\/es\/#organization","name":"Tour Travel And More","url":"https:\/\/tourtravelandmore.com\/es\/","logo":{"@type":"ImageObject","inLanguage":"es","@id":"https:\/\/tourtravelandmore.com\/es\/#\/schema\/logo\/image\/","url":"https:\/\/tourtravelandmore.com\/wp-content\/uploads\/2022\/12\/cropped-logo-cabecera-new.png","contentUrl":"https:\/\/tourtravelandmore.com\/wp-content\/uploads\/2022\/12\/cropped-logo-cabecera-new.png","width":430,"height":61,"caption":"Tour Travel And More"},"image":{"@id":"https:\/\/tourtravelandmore.com\/es\/#\/schema\/logo\/image\/"},"sameAs":["https:\/\/www.facebook.com\/tourtravelandmore\/","https:\/\/x.com\/TourTravel_More"]}]}},"_links":{"self":[{"href":"https:\/\/tourtravelandmore.com\/es\/wp-json\/wp\/v2\/product\/87452","targetHints":{"allow":["GET"]}}],"collection":[{"href":"https:\/\/tourtravelandmore.com\/es\/wp-json\/wp\/v2\/product"}],"about":[{"href":"https:\/\/tourtravelandmore.com\/es\/wp-json\/wp\/v2\/types\/product"}],"replies":[{"embeddable":true,"href":"https:\/\/tourtravelandmore.com\/es\/wp-json\/wp\/v2\/comments?post=87452"}],"wp:featuredmedia":[{"embeddable":true,"href":"https:\/\/tourtravelandmore.com\/es\/wp-json\/wp\/v2\/media\/87474"}],"wp:attachment":[{"href":"https:\/\/tourtravelandmore.com\/es\/wp-json\/wp\/v2\/media?parent=87452"}],"wp:term":[{"taxonomy":"product_brand","embeddable":true,"href":"https:\/\/tourtravelandmore.com\/es\/wp-json\/wp\/v2\/product_brand?post=87452"},{"taxonomy":"product_cat","embeddable":true,"href":"https:\/\/tourtravelandmore.com\/es\/wp-json\/wp\/v2\/product_cat?post=87452"},{"taxonomy":"product_tag","embeddable":true,"href":"https:\/\/tourtravelandmore.com\/es\/wp-json\/wp\/v2\/product_tag?post=87452"}],"curies":[{"name":"wp","href":"https:\/\/api.w.org\/{rel}","templated":true}]}}