{"id":8740,"date":"2016-10-25T11:41:21","date_gmt":"2016-10-25T16:22:12","guid":{"rendered":"http:\/\/tourtravelandmore.com\/es\/?post_type=product&#038;p=8740"},"modified":"2024-04-29T19:17:51","modified_gmt":"2024-04-29T17:17:51","slug":"tour-privado-segovia-la-granja-desde-madrid","status":"publish","type":"product","link":"https:\/\/tourtravelandmore.com\/es\/tours\/espana-es\/madrid-es\/tour-privado-segovia-la-granja-desde-madrid\/","title":{"rendered":"Tour Privado de Segovia desde Madrid"},"content":{"rendered":"<h2>Descripci\u00f3n del Tour Privado de Segovia desde Madrid<\/h2>\n<p>Disfruta de este Tour a Segovia desde Madrid, junto a su gu\u00eda oficial privado y su veh\u00edculo privado con conductor.<\/p>\n<p>Segovia est\u00e1 ubicada a unos 90 km de Madrid, aproximadamente 1,15 minutos. Se caracteriza por su legado arquitect\u00f3nico, incluye murallas, Catedrales de estilo g\u00f3tico, Iglesias, y su famoso acueducto Romano, tiene m\u00e1s de 160 arcos y est\u00e1 muy bien conservado, es el monumento m\u00e1s importante de la ciudad.<\/p>\n<p>El Tour a Segovia, desde Madrid, es completamente privado, ir\u00e1n con su gu\u00eda oficial privado y conductor privado. El gu\u00eda esperar\u00e1 en Segovia para realizar un tour de 3 horas de la ciudad, una vez finalicemos disfrutar\u00e1n de tiempo libre para pasear y comer. Tiene que reservar con antelaci\u00f3n en un restaurante para probar el Lechal o el Cochinillo, dos comidas exquisitas de la ciudad.<\/p>\n<p>La duraci\u00f3n total del Tour a Segovia desde Madrid son 8 horas, al ser un tour completamente privado pueden escoger la hora de comienzo y lugar de recogida.<\/p>\n<h2>Puntos de inter\u00e9s en el Tour Privado de Segovia desde Madrid<\/h2>\n<p>Aqu\u00ed os dejamos algunos de los lugares de inter\u00e9s que ver\u00e9is en Segovia:<\/p>\n<p><strong>Acueducto de Segov\u00eda:\u00a0<\/strong>Fue construido en el siglo II, y es el monumento m\u00e1s importante de la ciudad y perfectamente conservado, verlo en directo es una maravilla. El recorrido a pie de la ciudad junto a su gu\u00eda oficial privado comienza ah\u00ed. Transportaba el agua de un manantial a la ciudad, m\u00e1s de 17 km. Subiremos a la <strong>Cuesta de San Juan<\/strong>, para ver el acueducto desde m\u00e1s arriba y tener otra perspectiva de esta maravilla.<\/p>\n<p><strong>El Alcazar:\u00a0<\/strong>Es el segundo monumento m\u00e1s importante de la ciudad, es de cuento de hadas, es otra maravilla.<\/p>\n<p><strong>Catedral de Segov\u00eda:<\/strong> Situada en la playa mayor de la ciudad, en el centro hist\u00f3rico y de estilo G\u00f3tico.<\/p>\n<p><strong>Puerta de San Andr\u00e9s: <\/strong>Es la puerta principal de acceso a la<strong> muralla<\/strong>. Es el trozo de muralla mejor conservado de la ciudad.<\/p>\n<p><strong>Barrio Judio:<\/strong> Otros de los atractivos de Segov\u00eda, ah\u00ed vivi\u00f3 hasta la expulsi\u00f3n de los reyes cat\u00f3licos una gran comunidad hebrea desde el siglo XII. Uno de los monumentos mejor conservados del barrio jud\u00edo es la<strong> Antigua Sinagoga Mayor<\/strong> que se convirti\u00f3 en una iglesia.<\/p>\n<p><strong>Casa Museo Antonio Machado: <\/strong>Casa donde vivi\u00f3 el famoso poeta <a href=\"https:\/\/es.wikipedia.org\/wiki\/Antonio_Machado\">Antonio Machado.<\/a><\/p>\n<p><strong>La Alh\u00f3ndiga:<\/strong> Edificio industrial, construido en la \u00e9poca de los Reyes Cat\u00f3licos, d\u00f3nde se almacenaba el grano y perfectamente conservado.<\/p>\n<p><strong>Iglesia de la Vera Cruz:<\/strong> Iglesia de estilo rom\u00e1nico y construida por los templarios.<strong><br \/>\n<\/strong><\/p>\n<p>No \u00fanicamente veremos los monumentos que hemos descrito, son los m\u00e1s importantes, nuestro gu\u00eda oficial privado, conoce cada rinc\u00f3n, cada monumento, la Historia, an\u00e9cdotas que le convertir\u00e1 la experiencia en \u00fanica.<\/p>\n<p>Si dispone de m\u00e1s tiempo podemos alargar el Tour y a\u00f1adir<strong> El Palacio Real de la Granja de San Idelfonso<\/strong>, se puede visitar su interior. Solo nos lo tiene que indicar en el formulario de contacto.<\/p>\n<p>No dude en contactar con nosotros a trav\u00e9s del formulario de contacto del Tour, nuestro equipo es muy r\u00e1pido y le contestar\u00e1 con detalle a su petici\u00f3n y desde el mismo formulario puede reservar.<\/p>\n<p>Si dispone de m\u00e1s tiempo en Madrid puede consultar nuestros <a href=\"https:\/\/tourtravelandmore.com\/es\/ciudad\/espana-es\/madrid-es\/\">tours privados de Madrid.<\/a><\/p>\n","protected":false},"excerpt":{"rendered":"<p>Conoce la ciudad de Segovia desde Madrid y su famoso acueducto, junto a su guia oficial privado y vehiculo con conductor. Disfrute de un tour de d\u00eda completo y la gastronom\u00eda de la ciudad.<\/p>\n","protected":false},"featured_media":81093,"comment_status":"open","ping_status":"closed","template":"","meta":{"_acf_changed":false},"product_brand":[],"product_cat":[284,293,285,287,286,350,533,534,351],"product_tag":[],"class_list":{"0":"post-8740","1":"product","2":"type-product","3":"status-publish","4":"has-post-thumbnail","6":"product_cat-madrid-es","7":"product_cat-madrid-top-ventas-es","8":"product_cat-madrid-actividades-es","9":"product_cat-madrid-rutas-turisticas-privadas-es","10":"product_cat-madrid-excursiones-es","11":"product_cat-segovia-es","12":"product_cat-segovia-actividades-es","13":"product_cat-segovia-rutas-turisticas-privadas-es","14":"product_cat-segovia-excursiones-es","16":"first","17":"instock","18":"shipping-taxable","19":"purchasable","20":"product-type-simple"},"acf":[],"yoast_head":"<!-- This site is optimized with the Yoast SEO Premium plugin v25.3.1 (Yoast SEO v25.3.1) - https:\/\/yoast.com\/wordpress\/plugins\/seo\/ -->\n<title>\u27a1\ufe0f Tour a Segovia desde Madrid | Tour Travel &amp; More<\/title>\n<meta name=\"description\" content=\"Conoce la ciudad de Segovia, gracias a este Tour a Segovia desde Madrid, junto a su gu\u00eda y vehiculo. Conocer\u00e1 los principales monumentos y el Acueducto \u2705\" \/>\n<meta name=\"robots\" content=\"index, follow, max-snippet:-1, max-image-preview:large, max-video-preview:-1\" \/>\n<link rel=\"canonical\" href=\"https:\/\/tourtravelandmore.com\/es\/tours\/espana-es\/madrid-es\/tour-privado-segovia-la-granja-desde-madrid\/\" \/>\n<meta property=\"og:locale\" content=\"es_ES\" \/>\n<meta property=\"og:type\" content=\"article\" \/>\n<meta property=\"og:title\" content=\"Tour Privado de Segovia desde Madrid\" \/>\n<meta property=\"og:description\" content=\"Conoce la ciudad de Segovia, gracias a este Tour a Segovia desde Madrid, junto a su gu\u00eda y vehiculo. Conocer\u00e1 los principales monumentos y el Acueducto \u2705\" \/>\n<meta property=\"og:url\" content=\"https:\/\/tourtravelandmore.com\/es\/tours\/espana-es\/madrid-es\/tour-privado-segovia-la-granja-desde-madrid\/\" \/>\n<meta property=\"og:site_name\" content=\"Tour Travel And More\" \/>\n<meta property=\"article:publisher\" content=\"https:\/\/www.facebook.com\/tourtravelandmore\/\" \/>\n<meta property=\"article:modified_time\" content=\"2024-04-29T17:17:51+00:00\" \/>\n<meta property=\"og:image\" content=\"https:\/\/tourtravelandmore.com\/wp-content\/uploads\/2016\/10\/Acueducto.jpg\" \/>\n\t<meta property=\"og:image:width\" content=\"512\" \/>\n\t<meta property=\"og:image:height\" content=\"342\" \/>\n\t<meta property=\"og:image:type\" content=\"image\/jpeg\" \/>\n<meta name=\"twitter:card\" content=\"summary_large_image\" \/>\n<meta name=\"twitter:site\" content=\"@TourTravel_More\" \/>\n<meta name=\"twitter:label1\" content=\"Tiempo de lectura\" \/>\n\t<meta name=\"twitter:data1\" content=\"3 minutos\" \/>\n<script type=\"application\/ld+json\" class=\"yoast-schema-graph\">{\"@context\":\"https:\/\/schema.org\",\"@graph\":[{\"@type\":\"WebPage\",\"@id\":\"https:\/\/tourtravelandmore.com\/es\/tours\/espana-es\/madrid-es\/tour-privado-segovia-la-granja-desde-madrid\/\",\"url\":\"https:\/\/tourtravelandmore.com\/es\/tours\/espana-es\/madrid-es\/tour-privado-segovia-la-granja-desde-madrid\/\",\"name\":\"\u27a1\ufe0f Tour a Segovia desde Madrid | Tour Travel & More\",\"isPartOf\":{\"@id\":\"https:\/\/tourtravelandmore.com\/es\/#website\"},\"primaryImageOfPage\":{\"@id\":\"https:\/\/tourtravelandmore.com\/es\/tours\/espana-es\/madrid-es\/tour-privado-segovia-la-granja-desde-madrid\/#primaryimage\"},\"image\":{\"@id\":\"https:\/\/tourtravelandmore.com\/es\/tours\/espana-es\/madrid-es\/tour-privado-segovia-la-granja-desde-madrid\/#primaryimage\"},\"thumbnailUrl\":\"https:\/\/tourtravelandmore.com\/wp-content\/uploads\/2016\/10\/Acueducto.jpg\",\"datePublished\":\"2016-10-25T16:22:12+00:00\",\"dateModified\":\"2024-04-29T17:17:51+00:00\",\"description\":\"Conoce la ciudad de Segovia, gracias a este Tour a Segovia desde Madrid, junto a su gu\u00eda y vehiculo. Conocer\u00e1 los principales monumentos y el Acueducto \u2705\",\"breadcrumb\":{\"@id\":\"https:\/\/tourtravelandmore.com\/es\/tours\/espana-es\/madrid-es\/tour-privado-segovia-la-granja-desde-madrid\/#breadcrumb\"},\"inLanguage\":\"es\",\"potentialAction\":[{\"@type\":\"ReadAction\",\"target\":[\"https:\/\/tourtravelandmore.com\/es\/tours\/espana-es\/madrid-es\/tour-privado-segovia-la-granja-desde-madrid\/\"]}]},{\"@type\":\"ImageObject\",\"inLanguage\":\"es\",\"@id\":\"https:\/\/tourtravelandmore.com\/es\/tours\/espana-es\/madrid-es\/tour-privado-segovia-la-granja-desde-madrid\/#primaryimage\",\"url\":\"https:\/\/tourtravelandmore.com\/wp-content\/uploads\/2016\/10\/Acueducto.jpg\",\"contentUrl\":\"https:\/\/tourtravelandmore.com\/wp-content\/uploads\/2016\/10\/Acueducto.jpg\",\"width\":512,\"height\":342,\"caption\":\"Acueducto Segovia\"},{\"@type\":\"BreadcrumbList\",\"@id\":\"https:\/\/tourtravelandmore.com\/es\/tours\/espana-es\/madrid-es\/tour-privado-segovia-la-granja-desde-madrid\/#breadcrumb\",\"itemListElement\":[{\"@type\":\"ListItem\",\"position\":1,\"name\":\"Home\",\"item\":\"https:\/\/tourtravelandmore.com\/es\/\"},{\"@type\":\"ListItem\",\"position\":2,\"name\":\"Tours\",\"item\":\"https:\/\/tourtravelandmore.com\/es\/tours\/\"},{\"@type\":\"ListItem\",\"position\":3,\"name\":\"Tour Privado de Segovia desde Madrid\"}]},{\"@type\":\"WebSite\",\"@id\":\"https:\/\/tourtravelandmore.com\/es\/#website\",\"url\":\"https:\/\/tourtravelandmore.com\/es\/\",\"name\":\"Tour Travel And More\",\"description\":\"Private sightseeing tours and luxury transfers in Spain\",\"publisher\":{\"@id\":\"https:\/\/tourtravelandmore.com\/es\/#organization\"},\"potentialAction\":[{\"@type\":\"SearchAction\",\"target\":{\"@type\":\"EntryPoint\",\"urlTemplate\":\"https:\/\/tourtravelandmore.com\/es\/?s={search_term_string}\"},\"query-input\":{\"@type\":\"PropertyValueSpecification\",\"valueRequired\":true,\"valueName\":\"search_term_string\"}}],\"inLanguage\":\"es\"},{\"@type\":\"Organization\",\"@id\":\"https:\/\/tourtravelandmore.com\/es\/#organization\",\"name\":\"Tour Travel And More\",\"url\":\"https:\/\/tourtravelandmore.com\/es\/\",\"logo\":{\"@type\":\"ImageObject\",\"inLanguage\":\"es\",\"@id\":\"https:\/\/tourtravelandmore.com\/es\/#\/schema\/logo\/image\/\",\"url\":\"https:\/\/tourtravelandmore.com\/wp-content\/uploads\/2022\/12\/cropped-logo-cabecera-new.png\",\"contentUrl\":\"https:\/\/tourtravelandmore.com\/wp-content\/uploads\/2022\/12\/cropped-logo-cabecera-new.png\",\"width\":430,\"height\":61,\"caption\":\"Tour Travel And More\"},\"image\":{\"@id\":\"https:\/\/tourtravelandmore.com\/es\/#\/schema\/logo\/image\/\"},\"sameAs\":[\"https:\/\/www.facebook.com\/tourtravelandmore\/\",\"https:\/\/x.com\/TourTravel_More\"]}]}<\/script>\n<!-- \/ Yoast SEO Premium plugin. -->","yoast_head_json":{"title":"\u27a1\ufe0f Tour a Segovia desde Madrid | Tour Travel & More","description":"Conoce la ciudad de Segovia, gracias a este Tour a Segovia desde Madrid, junto a su gu\u00eda y vehiculo. Conocer\u00e1 los principales monumentos y el Acueducto \u2705","robots":{"index":"index","follow":"follow","max-snippet":"max-snippet:-1","max-image-preview":"max-image-preview:large","max-video-preview":"max-video-preview:-1"},"canonical":"https:\/\/tourtravelandmore.com\/es\/tours\/espana-es\/madrid-es\/tour-privado-segovia-la-granja-desde-madrid\/","og_locale":"es_ES","og_type":"article","og_title":"Tour Privado de Segovia desde Madrid","og_description":"Conoce la ciudad de Segovia, gracias a este Tour a Segovia desde Madrid, junto a su gu\u00eda y vehiculo. Conocer\u00e1 los principales monumentos y el Acueducto \u2705","og_url":"https:\/\/tourtravelandmore.com\/es\/tours\/espana-es\/madrid-es\/tour-privado-segovia-la-granja-desde-madrid\/","og_site_name":"Tour Travel And More","article_publisher":"https:\/\/www.facebook.com\/tourtravelandmore\/","article_modified_time":"2024-04-29T17:17:51+00:00","og_image":[{"width":512,"height":342,"url":"https:\/\/tourtravelandmore.com\/wp-content\/uploads\/2016\/10\/Acueducto.jpg","type":"image\/jpeg"}],"twitter_card":"summary_large_image","twitter_site":"@TourTravel_More","twitter_misc":{"Tiempo de lectura":"3 minutos"},"schema":{"@context":"https:\/\/schema.org","@graph":[{"@type":"WebPage","@id":"https:\/\/tourtravelandmore.com\/es\/tours\/espana-es\/madrid-es\/tour-privado-segovia-la-granja-desde-madrid\/","url":"https:\/\/tourtravelandmore.com\/es\/tours\/espana-es\/madrid-es\/tour-privado-segovia-la-granja-desde-madrid\/","name":"\u27a1\ufe0f Tour a Segovia desde Madrid | Tour Travel & More","isPartOf":{"@id":"https:\/\/tourtravelandmore.com\/es\/#website"},"primaryImageOfPage":{"@id":"https:\/\/tourtravelandmore.com\/es\/tours\/espana-es\/madrid-es\/tour-privado-segovia-la-granja-desde-madrid\/#primaryimage"},"image":{"@id":"https:\/\/tourtravelandmore.com\/es\/tours\/espana-es\/madrid-es\/tour-privado-segovia-la-granja-desde-madrid\/#primaryimage"},"thumbnailUrl":"https:\/\/tourtravelandmore.com\/wp-content\/uploads\/2016\/10\/Acueducto.jpg","datePublished":"2016-10-25T16:22:12+00:00","dateModified":"2024-04-29T17:17:51+00:00","description":"Conoce la ciudad de Segovia, gracias a este Tour a Segovia desde Madrid, junto a su gu\u00eda y vehiculo. Conocer\u00e1 los principales monumentos y el Acueducto \u2705","breadcrumb":{"@id":"https:\/\/tourtravelandmore.com\/es\/tours\/espana-es\/madrid-es\/tour-privado-segovia-la-granja-desde-madrid\/#breadcrumb"},"inLanguage":"es","potentialAction":[{"@type":"ReadAction","target":["https:\/\/tourtravelandmore.com\/es\/tours\/espana-es\/madrid-es\/tour-privado-segovia-la-granja-desde-madrid\/"]}]},{"@type":"ImageObject","inLanguage":"es","@id":"https:\/\/tourtravelandmore.com\/es\/tours\/espana-es\/madrid-es\/tour-privado-segovia-la-granja-desde-madrid\/#primaryimage","url":"https:\/\/tourtravelandmore.com\/wp-content\/uploads\/2016\/10\/Acueducto.jpg","contentUrl":"https:\/\/tourtravelandmore.com\/wp-content\/uploads\/2016\/10\/Acueducto.jpg","width":512,"height":342,"caption":"Acueducto Segovia"},{"@type":"BreadcrumbList","@id":"https:\/\/tourtravelandmore.com\/es\/tours\/espana-es\/madrid-es\/tour-privado-segovia-la-granja-desde-madrid\/#breadcrumb","itemListElement":[{"@type":"ListItem","position":1,"name":"Home","item":"https:\/\/tourtravelandmore.com\/es\/"},{"@type":"ListItem","position":2,"name":"Tours","item":"https:\/\/tourtravelandmore.com\/es\/tours\/"},{"@type":"ListItem","position":3,"name":"Tour Privado de Segovia desde Madrid"}]},{"@type":"WebSite","@id":"https:\/\/tourtravelandmore.com\/es\/#website","url":"https:\/\/tourtravelandmore.com\/es\/","name":"Tour Travel And More","description":"Private sightseeing tours and luxury transfers in Spain","publisher":{"@id":"https:\/\/tourtravelandmore.com\/es\/#organization"},"potentialAction":[{"@type":"SearchAction","target":{"@type":"EntryPoint","urlTemplate":"https:\/\/tourtravelandmore.com\/es\/?s={search_term_string}"},"query-input":{"@type":"PropertyValueSpecification","valueRequired":true,"valueName":"search_term_string"}}],"inLanguage":"es"},{"@type":"Organization","@id":"https:\/\/tourtravelandmore.com\/es\/#organization","name":"Tour Travel And More","url":"https:\/\/tourtravelandmore.com\/es\/","logo":{"@type":"ImageObject","inLanguage":"es","@id":"https:\/\/tourtravelandmore.com\/es\/#\/schema\/logo\/image\/","url":"https:\/\/tourtravelandmore.com\/wp-content\/uploads\/2022\/12\/cropped-logo-cabecera-new.png","contentUrl":"https:\/\/tourtravelandmore.com\/wp-content\/uploads\/2022\/12\/cropped-logo-cabecera-new.png","width":430,"height":61,"caption":"Tour Travel And More"},"image":{"@id":"https:\/\/tourtravelandmore.com\/es\/#\/schema\/logo\/image\/"},"sameAs":["https:\/\/www.facebook.com\/tourtravelandmore\/","https:\/\/x.com\/TourTravel_More"]}]}},"_links":{"self":[{"href":"https:\/\/tourtravelandmore.com\/es\/wp-json\/wp\/v2\/product\/8740","targetHints":{"allow":["GET"]}}],"collection":[{"href":"https:\/\/tourtravelandmore.com\/es\/wp-json\/wp\/v2\/product"}],"about":[{"href":"https:\/\/tourtravelandmore.com\/es\/wp-json\/wp\/v2\/types\/product"}],"replies":[{"embeddable":true,"href":"https:\/\/tourtravelandmore.com\/es\/wp-json\/wp\/v2\/comments?post=8740"}],"wp:featuredmedia":[{"embeddable":true,"href":"https:\/\/tourtravelandmore.com\/es\/wp-json\/wp\/v2\/media\/81093"}],"wp:attachment":[{"href":"https:\/\/tourtravelandmore.com\/es\/wp-json\/wp\/v2\/media?parent=8740"}],"wp:term":[{"taxonomy":"product_brand","embeddable":true,"href":"https:\/\/tourtravelandmore.com\/es\/wp-json\/wp\/v2\/product_brand?post=8740"},{"taxonomy":"product_cat","embeddable":true,"href":"https:\/\/tourtravelandmore.com\/es\/wp-json\/wp\/v2\/product_cat?post=8740"},{"taxonomy":"product_tag","embeddable":true,"href":"https:\/\/tourtravelandmore.com\/es\/wp-json\/wp\/v2\/product_tag?post=8740"}],"curies":[{"name":"wp","href":"https:\/\/api.w.org\/{rel}","templated":true}]}}