{"id":87324,"date":"2020-11-19T09:44:59","date_gmt":"2020-11-19T08:45:04","guid":{"rendered":"https:\/\/tourtravelandmore.com\/?post_type=product&#038;p=87324"},"modified":"2021-07-30T17:02:39","modified_gmt":"2021-07-30T15:02:39","slug":"tour-privado-a-pie-por-denver","status":"publish","type":"product","link":"https:\/\/tourtravelandmore.com\/es\/tours\/eeuu-es\/denver-es\/denver-actividades-es\/tour-privado-a-pie-por-denver\/","title":{"rendered":"Tour Privado a pie por Denver"},"content":{"rendered":"<h2 id=\"tw-target-text\" class=\"tw-data-text tw-text-large XcVN5d tw-ta\" dir=\"ltr\" data-placeholder=\"Traducci\u00f3n\"><span lang=\"es\">Descripci\u00f3n del Tour Privado por la ciudad de Denver<\/span><\/h2>\n<p>La mejor manera de conocer una ciudad en profundidad es caminando por su calle con un <strong>gu\u00eda tur\u00edstico local<\/strong>. <span class=\"JLqJ4b ChMk0b\" data-language-for-alternatives=\"es\" data-language-to-translate-into=\"en\" data-phrase-index=\"1\">\u00danase a <strong>Tour Travel &amp; More<\/strong> en este <strong>tour privado a pie por Denver<\/strong> y conozca todos sus lugares y monumentos m\u00e1s importantes. <\/span><\/p>\n<p><span class=\"JLqJ4b ChMk0b\" data-language-for-alternatives=\"es\" data-language-to-translate-into=\"en\" data-phrase-index=\"1\"><span class=\"JLqJ4b\" data-language-for-alternatives=\"es\" data-language-to-translate-into=\"en\" data-phrase-index=\"2\">Su recorrido privado comenzar\u00e1 despu\u00e9s de reunirse con su gu\u00eda privado en un lugar c\u00e9ntrico en Denver. Si su hotel est\u00e1 ubicado en el centro, podemos organizar la recogida desde all\u00ed.<\/span><\/span><\/p>\n<p><strong>Denver<\/strong> es la capital y la ciudad m\u00e1s grande de Colorado. <span class=\"JLqJ4b ChMk0b\" data-language-for-alternatives=\"es\" data-language-to-translate-into=\"en\" data-phrase-index=\"7\">Se encuentra en el valle del r\u00edo South Platte en High Plains, al este de Front Range en las Monta\u00f1as Rocosas. Denver es tan hermoso como emocionante, es un lugar que definitivamente debes visitar. Aqu\u00ed encontrar\u00e1 muchas cosas que hacer, adecuadas para cada persona. Tiene una energ\u00eda y vibraci\u00f3n \u00fanica que la hacen muy especial. <\/span><\/p>\n<p><span class=\"JLqJ4b ChMk0b\" data-language-for-alternatives=\"es\" data-language-to-translate-into=\"en\" data-phrase-index=\"7\"><span class=\"JLqJ4b\" data-language-for-alternatives=\"es\" data-language-to-translate-into=\"en\" data-phrase-index=\"11\">Este tour privado a pie por Denver lo est\u00e1 esperando para comenzar una experiencia incre\u00edble con un profesional. El recorrido tiene una duraci\u00f3n total de 3 horas, pero podemos incluir m\u00e1s horas si lo desea.<\/span><\/span><\/p>\n<h2>Puntos emblem\u00e1ticos y de inter\u00e9s en Denver<\/h2>\n<p>En primer lugar, su gu\u00eda tur\u00edstico oficial privado lo recoger\u00e1 en el lugar que desee en Denver. <span class=\"JLqJ4b ChMk0b\" data-language-for-alternatives=\"es\" data-language-to-translate-into=\"en\" data-phrase-index=\"1\">Como es un recorrido privado, puede decidir la hora de inicio de su experiencia. <\/span><\/p>\n<p><span class=\"JLqJ4b ChMk0b\" data-language-for-alternatives=\"es\" data-language-to-translate-into=\"en\" data-phrase-index=\"1\"><span class=\"JLqJ4b\" data-language-for-alternatives=\"es\" data-language-to-translate-into=\"en\" data-phrase-index=\"2\">Denver es una ciudad que tiene mucho que ofrecer. Tiene un turismo m\u00e1s local, pero pretende crecer con los a\u00f1os. Tambi\u00e9n es muy conocida como <em>&#8220;Mile High City&#8221;<\/em>. Durante este tour privado a pie por Denver, podr\u00e1 visitar los siguientes lugares:<\/span><\/span><\/p>\n<ul>\n<li><strong>Parque del centro c\u00edvico<\/strong>: ubicado en el coraz\u00f3n de la ciudad.<\/li>\n<li><strong><span class=\"JLqJ4b\" data-language-for-alternatives=\"es\" data-language-to-translate-into=\"en\" data-phrase-index=\"1\"><span class=\"JLqJ4b ChMk0b\" data-language-for-alternatives=\"es\" data-language-to-translate-into=\"en\" data-phrase-index=\"2\">Capitolio de la ciudad<\/span><\/span><\/strong><\/li>\n<li><strong><span class=\"JLqJ4b\" data-language-for-alternatives=\"es\" data-language-to-translate-into=\"en\" data-phrase-index=\"1\"><span class=\"JLqJ4b ChMk0b\" data-language-for-alternatives=\"es\" data-language-to-translate-into=\"en\" data-phrase-index=\"2\">Edificio de la ciudad y el condado de Denver Este y Oeste <\/span><\/span><\/strong><\/li>\n<li><a href=\"https:\/\/www.denverartmuseum.org\/en\"><span class=\"JLqJ4b\" data-language-for-alternatives=\"es\" data-language-to-translate-into=\"en\" data-phrase-index=\"1\"><span class=\"JLqJ4b ChMk0b\" data-language-for-alternatives=\"es\" data-language-to-translate-into=\"en\" data-phrase-index=\"2\">Museo de Arte de Denver <\/span><\/span><\/a><\/li>\n<li><strong><span class=\"JLqJ4b\" data-language-for-alternatives=\"es\" data-language-to-translate-into=\"en\" data-phrase-index=\"1\"><span class=\"JLqJ4b ChMk0b\" data-language-for-alternatives=\"es\" data-language-to-translate-into=\"en\" data-phrase-index=\"2\">Centro Colorado de historia<\/span><\/span><\/strong><\/li>\n<li><strong><span class=\"JLqJ4b\" data-language-for-alternatives=\"es\" data-language-to-translate-into=\"en\" data-phrase-index=\"1\"><span class=\"JLqJ4b ChMk0b\" data-language-for-alternatives=\"es\" data-language-to-translate-into=\"en\" data-phrase-index=\"2\">Parque Cheesman <\/span><\/span><\/strong><\/li>\n<li><strong><span class=\"JLqJ4b\" data-language-for-alternatives=\"es\" data-language-to-translate-into=\"en\" data-phrase-index=\"1\"><span class=\"JLqJ4b ChMk0b\" data-language-for-alternatives=\"es\" data-language-to-translate-into=\"en\" data-phrase-index=\"2\">Catedral de San Juan <\/span><\/span><\/strong><\/li>\n<li><strong><span class=\"JLqJ4b\" data-language-for-alternatives=\"es\" data-language-to-translate-into=\"en\" data-phrase-index=\"1\"><span class=\"JLqJ4b ChMk0b\" data-language-for-alternatives=\"es\" data-language-to-translate-into=\"en\" data-phrase-index=\"2\">Parque del Congreso <\/span><\/span><\/strong><\/li>\n<li><span class=\"JLqJ4b\" data-language-for-alternatives=\"es\" data-language-to-translate-into=\"en\" data-phrase-index=\"1\"><span class=\"JLqJ4b ChMk0b\" data-language-for-alternatives=\"es\" data-language-to-translate-into=\"en\" data-phrase-index=\"2\">\u00a1Y mucho m\u00e1s!<\/span><\/span><\/li>\n<\/ul>\n<p>Si est\u00e1 interesado en visitar alg\u00fan monumento o museo, h\u00e1ganoslo saber y organizaremos la entrada sin colas para usted y su grupo.<\/p>\n<p><span class=\"JLqJ4b\" data-language-for-alternatives=\"es\" data-language-to-translate-into=\"en\" data-phrase-index=\"1\"><span class=\"JLqJ4b ChMk0b\" data-language-for-alternatives=\"es\" data-language-to-translate-into=\"en\" data-phrase-index=\"2\">Finalmente, al final de la visita, su gu\u00eda privado lo dejar\u00e1 en un lugar c\u00e9ntrico de Denver. <\/span><\/span><\/p>\n<p><span class=\"JLqJ4b\" data-language-for-alternatives=\"es\" data-language-to-translate-into=\"en\" data-phrase-index=\"1\"><span class=\"JLqJ4b ChMk0b\" data-language-for-alternatives=\"es\" data-language-to-translate-into=\"en\" data-phrase-index=\"2\">Eche un vistazo a <a href=\"https:\/\/tourtravelandmore.com\/es\/ciudad\/eeuu-es\/denver-es\/\">nuestra lista de productos privados en Denver<\/a> para que pueda decidir la mejor experiencia para usted.<\/span><\/span><\/p>\n","protected":false},"excerpt":{"rendered":"<p>Aproveche al m\u00e1ximo su tiempo en Denver y acomp\u00e1\u00f1enos en este <strong>Tour Privado a pie por la ciudad.<\/strong> Conozca todos sus lugares m\u00e1s imponentes junto a un profesional local. Personalice su propia experiencia.<\/p>\n","protected":false},"featured_media":87338,"comment_status":"open","ping_status":"closed","template":"","meta":{"_acf_changed":false},"product_brand":[],"product_cat":[1602,3063,3066,3072],"product_tag":[],"class_list":{"0":"post-87324","1":"product","2":"type-product","3":"status-publish","4":"has-post-thumbnail","6":"product_cat-eeuu-es","7":"product_cat-denver-es","8":"product_cat-denver-actividades-es","9":"product_cat-denver-a-pie-es","11":"first","12":"instock","13":"shipping-taxable","14":"purchasable","15":"product-type-simple"},"acf":[],"yoast_head":"<!-- This site is optimized with the Yoast SEO Premium plugin v25.3.1 (Yoast SEO v25.3.1) - https:\/\/yoast.com\/wordpress\/plugins\/seo\/ -->\n<title>Tour privado a pie por Denver con gu\u00eda oficial privado local | TTM<\/title>\n<meta name=\"description\" content=\"\u2192 Reserve ya este Tour privado a pie por Denver y conozca lo mejor de la ciudad junto a un gu\u00eda oficial privado.\u2705\" \/>\n<meta name=\"robots\" content=\"index, follow, max-snippet:-1, max-image-preview:large, max-video-preview:-1\" \/>\n<link rel=\"canonical\" href=\"https:\/\/tourtravelandmore.com\/es\/tours\/eeuu-es\/denver-es\/denver-actividades-es\/tour-privado-a-pie-por-denver\/\" \/>\n<meta property=\"og:locale\" content=\"es_ES\" \/>\n<meta property=\"og:type\" content=\"article\" \/>\n<meta property=\"og:title\" content=\"Tour Privado a pie por Denver\" \/>\n<meta property=\"og:description\" content=\"\u2192 Reserve ya este Tour privado a pie por Denver y conozca lo mejor de la ciudad junto a un gu\u00eda oficial privado.\u2705\" \/>\n<meta property=\"og:url\" content=\"https:\/\/tourtravelandmore.com\/es\/tours\/eeuu-es\/denver-es\/denver-actividades-es\/tour-privado-a-pie-por-denver\/\" \/>\n<meta property=\"og:site_name\" content=\"Tour Travel And More\" \/>\n<meta property=\"article:publisher\" content=\"https:\/\/www.facebook.com\/tourtravelandmore\/\" \/>\n<meta property=\"article:modified_time\" content=\"2021-07-30T15:02:39+00:00\" \/>\n<meta property=\"og:image\" content=\"https:\/\/tourtravelandmore.com\/wp-content\/uploads\/2020\/11\/denver-6-scaled.jpg\" \/>\n\t<meta property=\"og:image:width\" content=\"2560\" \/>\n\t<meta property=\"og:image:height\" content=\"1782\" \/>\n\t<meta property=\"og:image:type\" content=\"image\/jpeg\" \/>\n<meta name=\"twitter:card\" content=\"summary_large_image\" \/>\n<meta name=\"twitter:site\" content=\"@TourTravel_More\" \/>\n<meta name=\"twitter:label1\" content=\"Tiempo de lectura\" \/>\n\t<meta name=\"twitter:data1\" content=\"2 minutos\" \/>\n<script type=\"application\/ld+json\" class=\"yoast-schema-graph\">{\"@context\":\"https:\/\/schema.org\",\"@graph\":[{\"@type\":\"WebPage\",\"@id\":\"https:\/\/tourtravelandmore.com\/es\/tours\/eeuu-es\/denver-es\/denver-actividades-es\/tour-privado-a-pie-por-denver\/\",\"url\":\"https:\/\/tourtravelandmore.com\/es\/tours\/eeuu-es\/denver-es\/denver-actividades-es\/tour-privado-a-pie-por-denver\/\",\"name\":\"Tour privado a pie por Denver con gu\u00eda oficial privado local | TTM\",\"isPartOf\":{\"@id\":\"https:\/\/tourtravelandmore.com\/es\/#website\"},\"primaryImageOfPage\":{\"@id\":\"https:\/\/tourtravelandmore.com\/es\/tours\/eeuu-es\/denver-es\/denver-actividades-es\/tour-privado-a-pie-por-denver\/#primaryimage\"},\"image\":{\"@id\":\"https:\/\/tourtravelandmore.com\/es\/tours\/eeuu-es\/denver-es\/denver-actividades-es\/tour-privado-a-pie-por-denver\/#primaryimage\"},\"thumbnailUrl\":\"https:\/\/tourtravelandmore.com\/wp-content\/uploads\/2020\/11\/denver-6-scaled.jpg\",\"datePublished\":\"2020-11-19T08:45:04+00:00\",\"dateModified\":\"2021-07-30T15:02:39+00:00\",\"description\":\"\u2192 Reserve ya este Tour privado a pie por Denver y conozca lo mejor de la ciudad junto a un gu\u00eda oficial privado.\u2705\",\"breadcrumb\":{\"@id\":\"https:\/\/tourtravelandmore.com\/es\/tours\/eeuu-es\/denver-es\/denver-actividades-es\/tour-privado-a-pie-por-denver\/#breadcrumb\"},\"inLanguage\":\"es\",\"potentialAction\":[{\"@type\":\"ReadAction\",\"target\":[\"https:\/\/tourtravelandmore.com\/es\/tours\/eeuu-es\/denver-es\/denver-actividades-es\/tour-privado-a-pie-por-denver\/\"]}]},{\"@type\":\"ImageObject\",\"inLanguage\":\"es\",\"@id\":\"https:\/\/tourtravelandmore.com\/es\/tours\/eeuu-es\/denver-es\/denver-actividades-es\/tour-privado-a-pie-por-denver\/#primaryimage\",\"url\":\"https:\/\/tourtravelandmore.com\/wp-content\/uploads\/2020\/11\/denver-6-scaled.jpg\",\"contentUrl\":\"https:\/\/tourtravelandmore.com\/wp-content\/uploads\/2020\/11\/denver-6-scaled.jpg\",\"width\":2560,\"height\":1782},{\"@type\":\"BreadcrumbList\",\"@id\":\"https:\/\/tourtravelandmore.com\/es\/tours\/eeuu-es\/denver-es\/denver-actividades-es\/tour-privado-a-pie-por-denver\/#breadcrumb\",\"itemListElement\":[{\"@type\":\"ListItem\",\"position\":1,\"name\":\"Home\",\"item\":\"https:\/\/tourtravelandmore.com\/es\/\"},{\"@type\":\"ListItem\",\"position\":2,\"name\":\"Tours\",\"item\":\"https:\/\/tourtravelandmore.com\/es\/tours\/\"},{\"@type\":\"ListItem\",\"position\":3,\"name\":\"Tour Privado a pie por Denver\"}]},{\"@type\":\"WebSite\",\"@id\":\"https:\/\/tourtravelandmore.com\/es\/#website\",\"url\":\"https:\/\/tourtravelandmore.com\/es\/\",\"name\":\"Tour Travel And More\",\"description\":\"Private sightseeing tours and luxury transfers in Spain\",\"publisher\":{\"@id\":\"https:\/\/tourtravelandmore.com\/es\/#organization\"},\"potentialAction\":[{\"@type\":\"SearchAction\",\"target\":{\"@type\":\"EntryPoint\",\"urlTemplate\":\"https:\/\/tourtravelandmore.com\/es\/?s={search_term_string}\"},\"query-input\":{\"@type\":\"PropertyValueSpecification\",\"valueRequired\":true,\"valueName\":\"search_term_string\"}}],\"inLanguage\":\"es\"},{\"@type\":\"Organization\",\"@id\":\"https:\/\/tourtravelandmore.com\/es\/#organization\",\"name\":\"Tour Travel And More\",\"url\":\"https:\/\/tourtravelandmore.com\/es\/\",\"logo\":{\"@type\":\"ImageObject\",\"inLanguage\":\"es\",\"@id\":\"https:\/\/tourtravelandmore.com\/es\/#\/schema\/logo\/image\/\",\"url\":\"https:\/\/tourtravelandmore.com\/wp-content\/uploads\/2022\/12\/cropped-logo-cabecera-new.png\",\"contentUrl\":\"https:\/\/tourtravelandmore.com\/wp-content\/uploads\/2022\/12\/cropped-logo-cabecera-new.png\",\"width\":430,\"height\":61,\"caption\":\"Tour Travel And More\"},\"image\":{\"@id\":\"https:\/\/tourtravelandmore.com\/es\/#\/schema\/logo\/image\/\"},\"sameAs\":[\"https:\/\/www.facebook.com\/tourtravelandmore\/\",\"https:\/\/x.com\/TourTravel_More\"]}]}<\/script>\n<!-- \/ Yoast SEO Premium plugin. -->","yoast_head_json":{"title":"Tour privado a pie por Denver con gu\u00eda oficial privado local | TTM","description":"\u2192 Reserve ya este Tour privado a pie por Denver y conozca lo mejor de la ciudad junto a un gu\u00eda oficial privado.\u2705","robots":{"index":"index","follow":"follow","max-snippet":"max-snippet:-1","max-image-preview":"max-image-preview:large","max-video-preview":"max-video-preview:-1"},"canonical":"https:\/\/tourtravelandmore.com\/es\/tours\/eeuu-es\/denver-es\/denver-actividades-es\/tour-privado-a-pie-por-denver\/","og_locale":"es_ES","og_type":"article","og_title":"Tour Privado a pie por Denver","og_description":"\u2192 Reserve ya este Tour privado a pie por Denver y conozca lo mejor de la ciudad junto a un gu\u00eda oficial privado.\u2705","og_url":"https:\/\/tourtravelandmore.com\/es\/tours\/eeuu-es\/denver-es\/denver-actividades-es\/tour-privado-a-pie-por-denver\/","og_site_name":"Tour Travel And More","article_publisher":"https:\/\/www.facebook.com\/tourtravelandmore\/","article_modified_time":"2021-07-30T15:02:39+00:00","og_image":[{"width":2560,"height":1782,"url":"https:\/\/tourtravelandmore.com\/wp-content\/uploads\/2020\/11\/denver-6-scaled.jpg","type":"image\/jpeg"}],"twitter_card":"summary_large_image","twitter_site":"@TourTravel_More","twitter_misc":{"Tiempo de lectura":"2 minutos"},"schema":{"@context":"https:\/\/schema.org","@graph":[{"@type":"WebPage","@id":"https:\/\/tourtravelandmore.com\/es\/tours\/eeuu-es\/denver-es\/denver-actividades-es\/tour-privado-a-pie-por-denver\/","url":"https:\/\/tourtravelandmore.com\/es\/tours\/eeuu-es\/denver-es\/denver-actividades-es\/tour-privado-a-pie-por-denver\/","name":"Tour privado a pie por Denver con gu\u00eda oficial privado local | TTM","isPartOf":{"@id":"https:\/\/tourtravelandmore.com\/es\/#website"},"primaryImageOfPage":{"@id":"https:\/\/tourtravelandmore.com\/es\/tours\/eeuu-es\/denver-es\/denver-actividades-es\/tour-privado-a-pie-por-denver\/#primaryimage"},"image":{"@id":"https:\/\/tourtravelandmore.com\/es\/tours\/eeuu-es\/denver-es\/denver-actividades-es\/tour-privado-a-pie-por-denver\/#primaryimage"},"thumbnailUrl":"https:\/\/tourtravelandmore.com\/wp-content\/uploads\/2020\/11\/denver-6-scaled.jpg","datePublished":"2020-11-19T08:45:04+00:00","dateModified":"2021-07-30T15:02:39+00:00","description":"\u2192 Reserve ya este Tour privado a pie por Denver y conozca lo mejor de la ciudad junto a un gu\u00eda oficial privado.\u2705","breadcrumb":{"@id":"https:\/\/tourtravelandmore.com\/es\/tours\/eeuu-es\/denver-es\/denver-actividades-es\/tour-privado-a-pie-por-denver\/#breadcrumb"},"inLanguage":"es","potentialAction":[{"@type":"ReadAction","target":["https:\/\/tourtravelandmore.com\/es\/tours\/eeuu-es\/denver-es\/denver-actividades-es\/tour-privado-a-pie-por-denver\/"]}]},{"@type":"ImageObject","inLanguage":"es","@id":"https:\/\/tourtravelandmore.com\/es\/tours\/eeuu-es\/denver-es\/denver-actividades-es\/tour-privado-a-pie-por-denver\/#primaryimage","url":"https:\/\/tourtravelandmore.com\/wp-content\/uploads\/2020\/11\/denver-6-scaled.jpg","contentUrl":"https:\/\/tourtravelandmore.com\/wp-content\/uploads\/2020\/11\/denver-6-scaled.jpg","width":2560,"height":1782},{"@type":"BreadcrumbList","@id":"https:\/\/tourtravelandmore.com\/es\/tours\/eeuu-es\/denver-es\/denver-actividades-es\/tour-privado-a-pie-por-denver\/#breadcrumb","itemListElement":[{"@type":"ListItem","position":1,"name":"Home","item":"https:\/\/tourtravelandmore.com\/es\/"},{"@type":"ListItem","position":2,"name":"Tours","item":"https:\/\/tourtravelandmore.com\/es\/tours\/"},{"@type":"ListItem","position":3,"name":"Tour Privado a pie por Denver"}]},{"@type":"WebSite","@id":"https:\/\/tourtravelandmore.com\/es\/#website","url":"https:\/\/tourtravelandmore.com\/es\/","name":"Tour Travel And More","description":"Private sightseeing tours and luxury transfers in Spain","publisher":{"@id":"https:\/\/tourtravelandmore.com\/es\/#organization"},"potentialAction":[{"@type":"SearchAction","target":{"@type":"EntryPoint","urlTemplate":"https:\/\/tourtravelandmore.com\/es\/?s={search_term_string}"},"query-input":{"@type":"PropertyValueSpecification","valueRequired":true,"valueName":"search_term_string"}}],"inLanguage":"es"},{"@type":"Organization","@id":"https:\/\/tourtravelandmore.com\/es\/#organization","name":"Tour Travel And More","url":"https:\/\/tourtravelandmore.com\/es\/","logo":{"@type":"ImageObject","inLanguage":"es","@id":"https:\/\/tourtravelandmore.com\/es\/#\/schema\/logo\/image\/","url":"https:\/\/tourtravelandmore.com\/wp-content\/uploads\/2022\/12\/cropped-logo-cabecera-new.png","contentUrl":"https:\/\/tourtravelandmore.com\/wp-content\/uploads\/2022\/12\/cropped-logo-cabecera-new.png","width":430,"height":61,"caption":"Tour Travel And More"},"image":{"@id":"https:\/\/tourtravelandmore.com\/es\/#\/schema\/logo\/image\/"},"sameAs":["https:\/\/www.facebook.com\/tourtravelandmore\/","https:\/\/x.com\/TourTravel_More"]}]}},"_links":{"self":[{"href":"https:\/\/tourtravelandmore.com\/es\/wp-json\/wp\/v2\/product\/87324","targetHints":{"allow":["GET"]}}],"collection":[{"href":"https:\/\/tourtravelandmore.com\/es\/wp-json\/wp\/v2\/product"}],"about":[{"href":"https:\/\/tourtravelandmore.com\/es\/wp-json\/wp\/v2\/types\/product"}],"replies":[{"embeddable":true,"href":"https:\/\/tourtravelandmore.com\/es\/wp-json\/wp\/v2\/comments?post=87324"}],"wp:featuredmedia":[{"embeddable":true,"href":"https:\/\/tourtravelandmore.com\/es\/wp-json\/wp\/v2\/media\/87338"}],"wp:attachment":[{"href":"https:\/\/tourtravelandmore.com\/es\/wp-json\/wp\/v2\/media?parent=87324"}],"wp:term":[{"taxonomy":"product_brand","embeddable":true,"href":"https:\/\/tourtravelandmore.com\/es\/wp-json\/wp\/v2\/product_brand?post=87324"},{"taxonomy":"product_cat","embeddable":true,"href":"https:\/\/tourtravelandmore.com\/es\/wp-json\/wp\/v2\/product_cat?post=87324"},{"taxonomy":"product_tag","embeddable":true,"href":"https:\/\/tourtravelandmore.com\/es\/wp-json\/wp\/v2\/product_tag?post=87324"}],"curies":[{"name":"wp","href":"https:\/\/api.w.org\/{rel}","templated":true}]}}