{"id":8730,"date":"2016-10-25T11:51:57","date_gmt":"2016-10-25T16:08:03","guid":{"rendered":"http:\/\/tourtravelandmore.com\/es\/?post_type=product&#038;p=8730"},"modified":"2024-07-23T19:09:04","modified_gmt":"2024-07-23T17:09:04","slug":"tour-privado-pie-madrid","status":"publish","type":"product","link":"https:\/\/tourtravelandmore.com\/es\/tours\/espana-es\/madrid-es\/tour-privado-pie-madrid\/","title":{"rendered":"Tour Privado por los Monumentos ic\u00f3nicos de Madrid"},"content":{"rendered":"<h2><b><strong>Tour Privado por los Monumentos ic\u00f3nicos de Madrid Descripci\u00f3n<\/strong><\/b><\/h2>\n<p>Emb\u00e1rquese en un viaje inolvidable por el coraz\u00f3n de Madrid con el exclusivo recorrido privado por la ciudad de Tour Travel &amp; More. Esta experiencia meticulosamente comisariada, dise\u00f1ada para viajeros exigentes, ofrece una exploraci\u00f3n exhaustiva de los monumentos m\u00e1s emblem\u00e1ticos de Madrid. Con la comodidad de un coche privado y la experiencia de un gu\u00eda especializado durante todo el recorrido de 10 horas, se adentrar\u00e1 en la rica historia, cultura y grandeza de la capital de Espa\u00f1a.<\/p>\n<p>Se trata de un recorrido totalmente personalizado. Puede personalizar cada recorrido con s\u00f3lo ponerse en contacto con nosotros. Aqu\u00ed tiene un ejemplo de algunos de los lugares de inter\u00e9s m\u00e1s importantes para que se haga una idea, pero su recorrido ser\u00e1 completamente personalizado para ajustarse exactamente a sus necesidades.<\/p>\n<p>Le ayudaremos a organizar su <b><strong>experiencia<\/strong><\/b> completamente personalizada y <b><strong>\u00fanica en Madrid<\/strong><\/b>.<\/p>\n<h2><b><strong>Puntos de inter\u00e9s y lugares emblem\u00e1ticos<\/strong><\/b><\/h2>\n<p>Su aventura comienza con una visita al legendario estadio Santiago Bernab\u00e9u, sede del mundialmente conocido equipo de f\u00fatbol Real Madrid. Experimente la emoci\u00f3n de atravesar el t\u00fanel de jugadores, la emoci\u00f3n del terreno de juego y el lujo de las zonas VIP. Su visita guiada incluye el acceso exclusivo a la sala de trofeos, donde podr\u00e1 admirar la impresionante colecci\u00f3n de objetos de plata y recuerdos del club.<\/p>\n<p>A continuaci\u00f3n, le trasladaremos al Palacio Real de Madrid, s\u00edmbolo de la opulencia y la historia de la monarqu\u00eda espa\u00f1ola. Este magn\u00edfico palacio cuenta con 3.418 habitaciones, lo que lo convierte en el mayor palacio real en funcionamiento de Europa. Durante su visita, explorar\u00e1 el grandioso Sal\u00f3n del Trono, la fastuosa Armer\u00eda Real y la sobrecogedora Capilla Real. Los jardines, meticulosamente ajardinados, ofrecen un sereno tel\u00f3n de fondo, perfecto para pasear tranquilamente.<\/p>\n<p>Contin\u00fae su inmersi\u00f3n cultural en el Museo del Prado, uno de los museos de arte m\u00e1s prestigiosos del mundo. La vasta colecci\u00f3n del Prado incluye obras maestras de artistas espa\u00f1oles como Vel\u00e1zquez, Goya y El Greco, as\u00ed como obras de renombrados artistas internacionales. Su gu\u00eda le conducir\u00e1 a trav\u00e9s de los lugares m\u00e1s destacados del museo, ofreci\u00e9ndole perspicaces comentarios sobre el significado y la historia de cada pieza.<\/p>\n<p>M\u00e1s all\u00e1 de estas atracciones clave, su recorrido tambi\u00e9n incluir\u00e1 vistas panor\u00e1micas y breves paradas en otros puntos de referencia significativos. Marav\u00edllese ante la grandeza de la Plaza Mayor, el bullicioso coraz\u00f3n del centro hist\u00f3rico de Madrid. Pase por la emblem\u00e1tica Puerta del Sol, conocida como el \u00abkil\u00f3metro cero\u00bb de Espa\u00f1a, y admire la impresionante arquitectura de la Catedral de la Almudena.<\/p>\n<p>Consulte <a href=\"\u00abhttps:\/\/tourtravelandmore.com\/?p=8455\u00bb\/\">aqu\u00ed<\/a> nuestro recorrido privado por la ciudad de Madrid<\/p>\n","protected":false},"excerpt":{"rendered":"<p>Disfruta de la ciudad de Madrid, gracias a este tour a pie de la ciudad junto a su gu\u00eda oficial privado. Podr\u00e1 elegir varias zonas para conocer: <strong>Madrid, Los Austrias, Parque del Retiro, Palacio Real y la parte antigua de Madrid.<\/strong><\/p>\n","protected":false},"featured_media":81191,"comment_status":"open","ping_status":"closed","template":"","meta":{"_acf_changed":false},"product_brand":[],"product_cat":[284,293,285,288],"product_tag":[],"class_list":{"0":"post-8730","1":"product","2":"type-product","3":"status-publish","4":"has-post-thumbnail","6":"product_cat-madrid-es","7":"product_cat-madrid-top-ventas-es","8":"product_cat-madrid-actividades-es","9":"product_cat-madrid-tours-privados-pie-es","11":"first","12":"instock","13":"shipping-taxable","14":"purchasable","15":"product-type-simple"},"acf":[],"yoast_head":"<!-- This site is optimized with the Yoast SEO Premium plugin v25.3.1 (Yoast SEO v25.3.1) - https:\/\/yoast.com\/wordpress\/plugins\/seo\/ -->\n<title>\u27a1\ufe0fTour Privado por los Monumentos ic\u00f3nicos de Madrid | Tour Travel &amp; More<\/title>\n<meta name=\"description\" content=\"El Tour privado de Madrid, es una oportunidad \u00fanica de conocer Madrid, la Historia, Anecdotas, junto a su guia oficial privado \u2705\" \/>\n<meta name=\"robots\" content=\"index, follow, max-snippet:-1, max-image-preview:large, max-video-preview:-1\" \/>\n<link rel=\"canonical\" href=\"https:\/\/tourtravelandmore.com\/es\/tours\/espana-es\/madrid-es\/tour-privado-pie-madrid\/\" \/>\n<meta property=\"og:locale\" content=\"es_ES\" \/>\n<meta property=\"og:type\" content=\"article\" \/>\n<meta property=\"og:title\" content=\"Tour Privado por los Monumentos ic\u00f3nicos de Madrid\" \/>\n<meta property=\"og:description\" content=\"El Tour privado de Madrid, es una oportunidad \u00fanica de conocer Madrid, la Historia, Anecdotas, junto a su guia oficial privado \u2705\" \/>\n<meta property=\"og:url\" content=\"https:\/\/tourtravelandmore.com\/es\/tours\/espana-es\/madrid-es\/tour-privado-pie-madrid\/\" \/>\n<meta property=\"og:site_name\" content=\"Tour Travel And More\" \/>\n<meta property=\"article:publisher\" content=\"https:\/\/www.facebook.com\/tourtravelandmore\/\" \/>\n<meta property=\"article:modified_time\" content=\"2024-07-23T17:09:04+00:00\" \/>\n<meta property=\"og:image\" content=\"https:\/\/tourtravelandmore.com\/wp-content\/uploads\/2016\/10\/Plazamayor-1.jpg\" \/>\n\t<meta property=\"og:image:width\" content=\"820\" \/>\n\t<meta property=\"og:image:height\" content=\"547\" \/>\n\t<meta property=\"og:image:type\" content=\"image\/jpeg\" \/>\n<meta name=\"twitter:card\" content=\"summary_large_image\" \/>\n<meta name=\"twitter:site\" content=\"@TourTravel_More\" \/>\n<meta name=\"twitter:label1\" content=\"Tiempo de lectura\" \/>\n\t<meta name=\"twitter:data1\" content=\"2 minutos\" \/>\n<script type=\"application\/ld+json\" class=\"yoast-schema-graph\">{\"@context\":\"https:\/\/schema.org\",\"@graph\":[{\"@type\":\"WebPage\",\"@id\":\"https:\/\/tourtravelandmore.com\/es\/tours\/espana-es\/madrid-es\/tour-privado-pie-madrid\/\",\"url\":\"https:\/\/tourtravelandmore.com\/es\/tours\/espana-es\/madrid-es\/tour-privado-pie-madrid\/\",\"name\":\"\u27a1\ufe0fTour Privado por los Monumentos ic\u00f3nicos de Madrid | Tour Travel & More\",\"isPartOf\":{\"@id\":\"https:\/\/tourtravelandmore.com\/es\/#website\"},\"primaryImageOfPage\":{\"@id\":\"https:\/\/tourtravelandmore.com\/es\/tours\/espana-es\/madrid-es\/tour-privado-pie-madrid\/#primaryimage\"},\"image\":{\"@id\":\"https:\/\/tourtravelandmore.com\/es\/tours\/espana-es\/madrid-es\/tour-privado-pie-madrid\/#primaryimage\"},\"thumbnailUrl\":\"https:\/\/tourtravelandmore.com\/wp-content\/uploads\/2016\/10\/Plazamayor-1.jpg\",\"datePublished\":\"2016-10-25T16:08:03+00:00\",\"dateModified\":\"2024-07-23T17:09:04+00:00\",\"description\":\"El Tour privado de Madrid, es una oportunidad \u00fanica de conocer Madrid, la Historia, Anecdotas, junto a su guia oficial privado \u2705\",\"breadcrumb\":{\"@id\":\"https:\/\/tourtravelandmore.com\/es\/tours\/espana-es\/madrid-es\/tour-privado-pie-madrid\/#breadcrumb\"},\"inLanguage\":\"es\",\"potentialAction\":[{\"@type\":\"ReadAction\",\"target\":[\"https:\/\/tourtravelandmore.com\/es\/tours\/espana-es\/madrid-es\/tour-privado-pie-madrid\/\"]}]},{\"@type\":\"ImageObject\",\"inLanguage\":\"es\",\"@id\":\"https:\/\/tourtravelandmore.com\/es\/tours\/espana-es\/madrid-es\/tour-privado-pie-madrid\/#primaryimage\",\"url\":\"https:\/\/tourtravelandmore.com\/wp-content\/uploads\/2016\/10\/Plazamayor-1.jpg\",\"contentUrl\":\"https:\/\/tourtravelandmore.com\/wp-content\/uploads\/2016\/10\/Plazamayor-1.jpg\",\"width\":820,\"height\":547,\"caption\":\"Plaza Mayor Madrid\"},{\"@type\":\"BreadcrumbList\",\"@id\":\"https:\/\/tourtravelandmore.com\/es\/tours\/espana-es\/madrid-es\/tour-privado-pie-madrid\/#breadcrumb\",\"itemListElement\":[{\"@type\":\"ListItem\",\"position\":1,\"name\":\"Home\",\"item\":\"https:\/\/tourtravelandmore.com\/es\/\"},{\"@type\":\"ListItem\",\"position\":2,\"name\":\"Tours\",\"item\":\"https:\/\/tourtravelandmore.com\/es\/tours\/\"},{\"@type\":\"ListItem\",\"position\":3,\"name\":\"Tour Privado por los Monumentos ic\u00f3nicos de Madrid\"}]},{\"@type\":\"WebSite\",\"@id\":\"https:\/\/tourtravelandmore.com\/es\/#website\",\"url\":\"https:\/\/tourtravelandmore.com\/es\/\",\"name\":\"Tour Travel And More\",\"description\":\"Private sightseeing tours and luxury transfers in Spain\",\"publisher\":{\"@id\":\"https:\/\/tourtravelandmore.com\/es\/#organization\"},\"potentialAction\":[{\"@type\":\"SearchAction\",\"target\":{\"@type\":\"EntryPoint\",\"urlTemplate\":\"https:\/\/tourtravelandmore.com\/es\/?s={search_term_string}\"},\"query-input\":{\"@type\":\"PropertyValueSpecification\",\"valueRequired\":true,\"valueName\":\"search_term_string\"}}],\"inLanguage\":\"es\"},{\"@type\":\"Organization\",\"@id\":\"https:\/\/tourtravelandmore.com\/es\/#organization\",\"name\":\"Tour Travel And More\",\"url\":\"https:\/\/tourtravelandmore.com\/es\/\",\"logo\":{\"@type\":\"ImageObject\",\"inLanguage\":\"es\",\"@id\":\"https:\/\/tourtravelandmore.com\/es\/#\/schema\/logo\/image\/\",\"url\":\"https:\/\/tourtravelandmore.com\/wp-content\/uploads\/2022\/12\/cropped-logo-cabecera-new.png\",\"contentUrl\":\"https:\/\/tourtravelandmore.com\/wp-content\/uploads\/2022\/12\/cropped-logo-cabecera-new.png\",\"width\":430,\"height\":61,\"caption\":\"Tour Travel And More\"},\"image\":{\"@id\":\"https:\/\/tourtravelandmore.com\/es\/#\/schema\/logo\/image\/\"},\"sameAs\":[\"https:\/\/www.facebook.com\/tourtravelandmore\/\",\"https:\/\/x.com\/TourTravel_More\"]}]}<\/script>\n<!-- \/ Yoast SEO Premium plugin. -->","yoast_head_json":{"title":"\u27a1\ufe0fTour Privado por los Monumentos ic\u00f3nicos de Madrid | Tour Travel & More","description":"El Tour privado de Madrid, es una oportunidad \u00fanica de conocer Madrid, la Historia, Anecdotas, junto a su guia oficial privado \u2705","robots":{"index":"index","follow":"follow","max-snippet":"max-snippet:-1","max-image-preview":"max-image-preview:large","max-video-preview":"max-video-preview:-1"},"canonical":"https:\/\/tourtravelandmore.com\/es\/tours\/espana-es\/madrid-es\/tour-privado-pie-madrid\/","og_locale":"es_ES","og_type":"article","og_title":"Tour Privado por los Monumentos ic\u00f3nicos de Madrid","og_description":"El Tour privado de Madrid, es una oportunidad \u00fanica de conocer Madrid, la Historia, Anecdotas, junto a su guia oficial privado \u2705","og_url":"https:\/\/tourtravelandmore.com\/es\/tours\/espana-es\/madrid-es\/tour-privado-pie-madrid\/","og_site_name":"Tour Travel And More","article_publisher":"https:\/\/www.facebook.com\/tourtravelandmore\/","article_modified_time":"2024-07-23T17:09:04+00:00","og_image":[{"width":820,"height":547,"url":"https:\/\/tourtravelandmore.com\/wp-content\/uploads\/2016\/10\/Plazamayor-1.jpg","type":"image\/jpeg"}],"twitter_card":"summary_large_image","twitter_site":"@TourTravel_More","twitter_misc":{"Tiempo de lectura":"2 minutos"},"schema":{"@context":"https:\/\/schema.org","@graph":[{"@type":"WebPage","@id":"https:\/\/tourtravelandmore.com\/es\/tours\/espana-es\/madrid-es\/tour-privado-pie-madrid\/","url":"https:\/\/tourtravelandmore.com\/es\/tours\/espana-es\/madrid-es\/tour-privado-pie-madrid\/","name":"\u27a1\ufe0fTour Privado por los Monumentos ic\u00f3nicos de Madrid | Tour Travel & More","isPartOf":{"@id":"https:\/\/tourtravelandmore.com\/es\/#website"},"primaryImageOfPage":{"@id":"https:\/\/tourtravelandmore.com\/es\/tours\/espana-es\/madrid-es\/tour-privado-pie-madrid\/#primaryimage"},"image":{"@id":"https:\/\/tourtravelandmore.com\/es\/tours\/espana-es\/madrid-es\/tour-privado-pie-madrid\/#primaryimage"},"thumbnailUrl":"https:\/\/tourtravelandmore.com\/wp-content\/uploads\/2016\/10\/Plazamayor-1.jpg","datePublished":"2016-10-25T16:08:03+00:00","dateModified":"2024-07-23T17:09:04+00:00","description":"El Tour privado de Madrid, es una oportunidad \u00fanica de conocer Madrid, la Historia, Anecdotas, junto a su guia oficial privado \u2705","breadcrumb":{"@id":"https:\/\/tourtravelandmore.com\/es\/tours\/espana-es\/madrid-es\/tour-privado-pie-madrid\/#breadcrumb"},"inLanguage":"es","potentialAction":[{"@type":"ReadAction","target":["https:\/\/tourtravelandmore.com\/es\/tours\/espana-es\/madrid-es\/tour-privado-pie-madrid\/"]}]},{"@type":"ImageObject","inLanguage":"es","@id":"https:\/\/tourtravelandmore.com\/es\/tours\/espana-es\/madrid-es\/tour-privado-pie-madrid\/#primaryimage","url":"https:\/\/tourtravelandmore.com\/wp-content\/uploads\/2016\/10\/Plazamayor-1.jpg","contentUrl":"https:\/\/tourtravelandmore.com\/wp-content\/uploads\/2016\/10\/Plazamayor-1.jpg","width":820,"height":547,"caption":"Plaza Mayor Madrid"},{"@type":"BreadcrumbList","@id":"https:\/\/tourtravelandmore.com\/es\/tours\/espana-es\/madrid-es\/tour-privado-pie-madrid\/#breadcrumb","itemListElement":[{"@type":"ListItem","position":1,"name":"Home","item":"https:\/\/tourtravelandmore.com\/es\/"},{"@type":"ListItem","position":2,"name":"Tours","item":"https:\/\/tourtravelandmore.com\/es\/tours\/"},{"@type":"ListItem","position":3,"name":"Tour Privado por los Monumentos ic\u00f3nicos de Madrid"}]},{"@type":"WebSite","@id":"https:\/\/tourtravelandmore.com\/es\/#website","url":"https:\/\/tourtravelandmore.com\/es\/","name":"Tour Travel And More","description":"Private sightseeing tours and luxury transfers in Spain","publisher":{"@id":"https:\/\/tourtravelandmore.com\/es\/#organization"},"potentialAction":[{"@type":"SearchAction","target":{"@type":"EntryPoint","urlTemplate":"https:\/\/tourtravelandmore.com\/es\/?s={search_term_string}"},"query-input":{"@type":"PropertyValueSpecification","valueRequired":true,"valueName":"search_term_string"}}],"inLanguage":"es"},{"@type":"Organization","@id":"https:\/\/tourtravelandmore.com\/es\/#organization","name":"Tour Travel And More","url":"https:\/\/tourtravelandmore.com\/es\/","logo":{"@type":"ImageObject","inLanguage":"es","@id":"https:\/\/tourtravelandmore.com\/es\/#\/schema\/logo\/image\/","url":"https:\/\/tourtravelandmore.com\/wp-content\/uploads\/2022\/12\/cropped-logo-cabecera-new.png","contentUrl":"https:\/\/tourtravelandmore.com\/wp-content\/uploads\/2022\/12\/cropped-logo-cabecera-new.png","width":430,"height":61,"caption":"Tour Travel And More"},"image":{"@id":"https:\/\/tourtravelandmore.com\/es\/#\/schema\/logo\/image\/"},"sameAs":["https:\/\/www.facebook.com\/tourtravelandmore\/","https:\/\/x.com\/TourTravel_More"]}]}},"_links":{"self":[{"href":"https:\/\/tourtravelandmore.com\/es\/wp-json\/wp\/v2\/product\/8730","targetHints":{"allow":["GET"]}}],"collection":[{"href":"https:\/\/tourtravelandmore.com\/es\/wp-json\/wp\/v2\/product"}],"about":[{"href":"https:\/\/tourtravelandmore.com\/es\/wp-json\/wp\/v2\/types\/product"}],"replies":[{"embeddable":true,"href":"https:\/\/tourtravelandmore.com\/es\/wp-json\/wp\/v2\/comments?post=8730"}],"wp:featuredmedia":[{"embeddable":true,"href":"https:\/\/tourtravelandmore.com\/es\/wp-json\/wp\/v2\/media\/81191"}],"wp:attachment":[{"href":"https:\/\/tourtravelandmore.com\/es\/wp-json\/wp\/v2\/media?parent=8730"}],"wp:term":[{"taxonomy":"product_brand","embeddable":true,"href":"https:\/\/tourtravelandmore.com\/es\/wp-json\/wp\/v2\/product_brand?post=8730"},{"taxonomy":"product_cat","embeddable":true,"href":"https:\/\/tourtravelandmore.com\/es\/wp-json\/wp\/v2\/product_cat?post=8730"},{"taxonomy":"product_tag","embeddable":true,"href":"https:\/\/tourtravelandmore.com\/es\/wp-json\/wp\/v2\/product_tag?post=8730"}],"curies":[{"name":"wp","href":"https:\/\/api.w.org\/{rel}","templated":true}]}}