{"id":87270,"date":"2020-11-18T12:13:34","date_gmt":"2020-11-18T11:13:35","guid":{"rendered":"https:\/\/tourtravelandmore.com\/?post_type=product&#038;p=87270"},"modified":"2021-09-06T10:35:09","modified_gmt":"2021-09-06T08:35:09","slug":"tour-privado-kennedy-space-center-2","status":"publish","type":"product","link":"https:\/\/tourtravelandmore.com\/es\/tours\/eeuu-es\/orlando-es\/orlando-actividades-es\/tour-privado-kennedy-space-center-2\/","title":{"rendered":"Tour privado a Kennedy Space Center"},"content":{"rendered":"<h2>Descripci\u00f3n del Tour privado a Kennedy Space Center<\/h2>\n<p>Este <strong>tour privado a Kennedy Space center<\/strong> es una actividad maravillosa para los m\u00e1s aventureros e interesados en el espacio. La visita est\u00e1 adaptada tanto para adultos como para ni\u00f1os.<\/p>\n<p>Esta excursi\u00f3n privada desde Orlando le permitir\u00e1 descubrir el m\u00edtico<strong> cabo Ca\u00f1averal<\/strong>. En la costa atl\u00e1ntica de Florida, muy cerca de Orlando se extiende este sitio\u00a0desde donde la\u00a0<strong>NASA<\/strong>\u00a0lanza los cohetes y los transbordadores al espacio desde 1958.<\/p>\n<p>El transporte para llegar al centro espacial y retornar a Orlando es privado. Una vez all\u00ed el tour del centro espacial es en grupo reducido, ya que no permiten visitas privadas. Las entradas est\u00e1n incluidas en el precio del tour, para evitar colas y esperas.<\/p>\n<p>Su chofer\/gu\u00eda le podr\u00e1 recoger en cualquier sitio deseando en Florida, no dude en escribirnos en el formulario de contacto.<\/p>\n<h2>Puntos de inter\u00e9s en nuestro tour privado:<\/h2>\n<p>Una vez lleguemos al Kennedy Space center su chofer\/gu\u00eda os entregar\u00e1 las entradas para que puedan acceder y empezar el tour en un grupo reducido.<\/p>\n<p><span class=\"\">El Complejo de Visitantes del Centro Espacial Kennedy est\u00e1 organizado en zonas de las diferentes misiones, donde las atracciones y recorridos se agrupan por era cronol\u00f3gica. <\/span><span class=\"\">Desde los inicios de la exploraci\u00f3n espacial hasta las misiones actuales y en curso.<\/span><\/p>\n<p><span class=\"\">Durante el <strong>tour privado a Kennedy Space center <\/strong>podr\u00e1 obtener una visi\u00f3n cercana y pr\u00e1ctica de la historia de los humanos en el espacio.\u00a0<\/span><\/p>\n<p><strong>Podremos acceder y visitar:<\/strong><\/p>\n<ul>\n<li><strong><span class=\"\">Heroes and Legends con el Sal\u00f3n de la Fama del Astronauta de EE. UU. <\/span><sup><span class=\"\">\u00ae<\/span><\/sup><\/strong><\/li>\n<li><strong>Rocket Garden<\/strong><\/li>\n<li><strong>Naturaleza y tecnolog\u00eda<\/strong><\/li>\n<li><strong>Transbordador espacial Atlantis <sup>\u00ae<\/sup> con Shuttle Launch Experience <sup>\u00ae<\/sup><\/strong><\/li>\n<li><strong>NASA Now<\/strong><\/li>\n<li><strong>Viaje a Marte: se buscan exploradores<\/strong><\/li>\n<li><strong>Teatro del universo<\/strong><\/li>\n<li><strong>Teatro IMAX<\/strong><\/li>\n<li><strong>Domo de juegos para ni\u00f1os<\/strong><\/li>\n<li><strong>Apariciones de personajes<\/strong><\/li>\n<li><strong>Oportunidades fotogr\u00e1ficas adicionales ubicadas en el Atlantis West Pavilion.<\/strong><\/li>\n<\/ul>\n<p><span class=\"goog-text-highlight\">En caso de producirse un lanzamiento de un cohete dentro de las horas de funcionamiento de KSCVC, los invitados pueden ver el lanzamiento desde el complejo principal de visitantes.<\/span><\/p>\n<p>Prep\u00e1rese para vivir una experiencia \u00fanica y disfrute junto a su familia de aprender y entender los inicios de la humanidad en el espacio.<\/p>\n<p>Ofrecemos diversos tours privados desde Orlando. Puedes consultar el resto de tours privados<strong> <a href=\"https:\/\/tourtravelandmore.com\/es\/ciudad\/eeuu-es\/orlando-es\/\">aqui<\/a>.<\/strong><\/p>\n","protected":false},"excerpt":{"rendered":"<p>Disfrute una excursi\u00f3n desde Orlando al <strong>Centro Espacial Kennedy<\/strong>. Aproveche la oportunidad de visitar este maravilloso sitio, ubicado en Cabo Ca\u00f1averal, y aprende los secretos del espacio junto al equipo de NASA.<\/p>\n","protected":false},"featured_media":86547,"comment_status":"open","ping_status":"closed","template":"","meta":{"_acf_changed":false},"product_brand":[],"product_cat":[1602,2778,2780,2782],"product_tag":[],"class_list":{"0":"post-87270","1":"product","2":"type-product","3":"status-publish","4":"has-post-thumbnail","6":"product_cat-eeuu-es","7":"product_cat-orlando-es","8":"product_cat-orlando-actividades-es","9":"product_cat-orlando-tours-es","11":"first","12":"instock","13":"shipping-taxable","14":"purchasable","15":"product-type-simple"},"acf":[],"yoast_head":"<!-- This site is optimized with the Yoast SEO Premium plugin v25.3.1 (Yoast SEO v25.3.1) - https:\/\/yoast.com\/wordpress\/plugins\/seo\/ -->\n<title>Tour privado a Kennedy Space Center desde Orlando | Tour Travel &amp; More<\/title>\n<meta name=\"description\" content=\"\u2192 Disfruta este tour privado a Kennedy Space center desde Orlando y descubre este maravilloso sitio donde la\u00a0NASA\u00a0lanza cohetes \u2705\" \/>\n<meta name=\"robots\" content=\"index, follow, max-snippet:-1, max-image-preview:large, max-video-preview:-1\" \/>\n<link rel=\"canonical\" href=\"https:\/\/tourtravelandmore.com\/es\/tours\/eeuu-es\/orlando-es\/orlando-actividades-es\/tour-privado-kennedy-space-center-2\/\" \/>\n<meta property=\"og:locale\" content=\"es_ES\" \/>\n<meta property=\"og:type\" content=\"article\" \/>\n<meta property=\"og:title\" content=\"Tour privado a Kennedy Space Center\" \/>\n<meta property=\"og:description\" content=\"\u2192 Disfruta este tour privado a Kennedy Space center desde Orlando y descubre este maravilloso sitio donde la\u00a0NASA\u00a0lanza cohetes \u2705\" \/>\n<meta property=\"og:url\" content=\"https:\/\/tourtravelandmore.com\/es\/tours\/eeuu-es\/orlando-es\/orlando-actividades-es\/tour-privado-kennedy-space-center-2\/\" \/>\n<meta property=\"og:site_name\" content=\"Tour Travel And More\" \/>\n<meta property=\"article:publisher\" content=\"https:\/\/www.facebook.com\/tourtravelandmore\/\" \/>\n<meta property=\"article:modified_time\" content=\"2021-09-06T08:35:09+00:00\" \/>\n<meta property=\"og:image\" content=\"https:\/\/tourtravelandmore.com\/wp-content\/uploads\/2020\/11\/KSC-2.jpeg\" \/>\n\t<meta property=\"og:image:width\" content=\"1350\" \/>\n\t<meta property=\"og:image:height\" content=\"900\" \/>\n\t<meta property=\"og:image:type\" content=\"image\/jpeg\" \/>\n<meta name=\"twitter:card\" content=\"summary_large_image\" \/>\n<meta name=\"twitter:site\" content=\"@TourTravel_More\" \/>\n<meta name=\"twitter:label1\" content=\"Tiempo de lectura\" \/>\n\t<meta name=\"twitter:data1\" content=\"2 minutos\" \/>\n<script type=\"application\/ld+json\" class=\"yoast-schema-graph\">{\"@context\":\"https:\/\/schema.org\",\"@graph\":[{\"@type\":\"WebPage\",\"@id\":\"https:\/\/tourtravelandmore.com\/es\/tours\/eeuu-es\/orlando-es\/orlando-actividades-es\/tour-privado-kennedy-space-center-2\/\",\"url\":\"https:\/\/tourtravelandmore.com\/es\/tours\/eeuu-es\/orlando-es\/orlando-actividades-es\/tour-privado-kennedy-space-center-2\/\",\"name\":\"Tour privado a Kennedy Space Center desde Orlando | Tour Travel & More\",\"isPartOf\":{\"@id\":\"https:\/\/tourtravelandmore.com\/es\/#website\"},\"primaryImageOfPage\":{\"@id\":\"https:\/\/tourtravelandmore.com\/es\/tours\/eeuu-es\/orlando-es\/orlando-actividades-es\/tour-privado-kennedy-space-center-2\/#primaryimage\"},\"image\":{\"@id\":\"https:\/\/tourtravelandmore.com\/es\/tours\/eeuu-es\/orlando-es\/orlando-actividades-es\/tour-privado-kennedy-space-center-2\/#primaryimage\"},\"thumbnailUrl\":\"https:\/\/tourtravelandmore.com\/wp-content\/uploads\/2020\/11\/KSC-2.jpeg\",\"datePublished\":\"2020-11-18T11:13:35+00:00\",\"dateModified\":\"2021-09-06T08:35:09+00:00\",\"description\":\"\u2192 Disfruta este tour privado a Kennedy Space center desde Orlando y descubre este maravilloso sitio donde la\u00a0NASA\u00a0lanza cohetes \u2705\",\"breadcrumb\":{\"@id\":\"https:\/\/tourtravelandmore.com\/es\/tours\/eeuu-es\/orlando-es\/orlando-actividades-es\/tour-privado-kennedy-space-center-2\/#breadcrumb\"},\"inLanguage\":\"es\",\"potentialAction\":[{\"@type\":\"ReadAction\",\"target\":[\"https:\/\/tourtravelandmore.com\/es\/tours\/eeuu-es\/orlando-es\/orlando-actividades-es\/tour-privado-kennedy-space-center-2\/\"]}]},{\"@type\":\"ImageObject\",\"inLanguage\":\"es\",\"@id\":\"https:\/\/tourtravelandmore.com\/es\/tours\/eeuu-es\/orlando-es\/orlando-actividades-es\/tour-privado-kennedy-space-center-2\/#primaryimage\",\"url\":\"https:\/\/tourtravelandmore.com\/wp-content\/uploads\/2020\/11\/KSC-2.jpeg\",\"contentUrl\":\"https:\/\/tourtravelandmore.com\/wp-content\/uploads\/2020\/11\/KSC-2.jpeg\",\"width\":1350,\"height\":900,\"caption\":\"KSC\"},{\"@type\":\"BreadcrumbList\",\"@id\":\"https:\/\/tourtravelandmore.com\/es\/tours\/eeuu-es\/orlando-es\/orlando-actividades-es\/tour-privado-kennedy-space-center-2\/#breadcrumb\",\"itemListElement\":[{\"@type\":\"ListItem\",\"position\":1,\"name\":\"Home\",\"item\":\"https:\/\/tourtravelandmore.com\/es\/\"},{\"@type\":\"ListItem\",\"position\":2,\"name\":\"Tours\",\"item\":\"https:\/\/tourtravelandmore.com\/es\/tours\/\"},{\"@type\":\"ListItem\",\"position\":3,\"name\":\"Tour privado a Kennedy Space Center\"}]},{\"@type\":\"WebSite\",\"@id\":\"https:\/\/tourtravelandmore.com\/es\/#website\",\"url\":\"https:\/\/tourtravelandmore.com\/es\/\",\"name\":\"Tour Travel And More\",\"description\":\"Private sightseeing tours and luxury transfers in Spain\",\"publisher\":{\"@id\":\"https:\/\/tourtravelandmore.com\/es\/#organization\"},\"potentialAction\":[{\"@type\":\"SearchAction\",\"target\":{\"@type\":\"EntryPoint\",\"urlTemplate\":\"https:\/\/tourtravelandmore.com\/es\/?s={search_term_string}\"},\"query-input\":{\"@type\":\"PropertyValueSpecification\",\"valueRequired\":true,\"valueName\":\"search_term_string\"}}],\"inLanguage\":\"es\"},{\"@type\":\"Organization\",\"@id\":\"https:\/\/tourtravelandmore.com\/es\/#organization\",\"name\":\"Tour Travel And More\",\"url\":\"https:\/\/tourtravelandmore.com\/es\/\",\"logo\":{\"@type\":\"ImageObject\",\"inLanguage\":\"es\",\"@id\":\"https:\/\/tourtravelandmore.com\/es\/#\/schema\/logo\/image\/\",\"url\":\"https:\/\/tourtravelandmore.com\/wp-content\/uploads\/2022\/12\/cropped-logo-cabecera-new.png\",\"contentUrl\":\"https:\/\/tourtravelandmore.com\/wp-content\/uploads\/2022\/12\/cropped-logo-cabecera-new.png\",\"width\":430,\"height\":61,\"caption\":\"Tour Travel And More\"},\"image\":{\"@id\":\"https:\/\/tourtravelandmore.com\/es\/#\/schema\/logo\/image\/\"},\"sameAs\":[\"https:\/\/www.facebook.com\/tourtravelandmore\/\",\"https:\/\/x.com\/TourTravel_More\"]}]}<\/script>\n<!-- \/ Yoast SEO Premium plugin. -->","yoast_head_json":{"title":"Tour privado a Kennedy Space Center desde Orlando | Tour Travel & More","description":"\u2192 Disfruta este tour privado a Kennedy Space center desde Orlando y descubre este maravilloso sitio donde la\u00a0NASA\u00a0lanza cohetes \u2705","robots":{"index":"index","follow":"follow","max-snippet":"max-snippet:-1","max-image-preview":"max-image-preview:large","max-video-preview":"max-video-preview:-1"},"canonical":"https:\/\/tourtravelandmore.com\/es\/tours\/eeuu-es\/orlando-es\/orlando-actividades-es\/tour-privado-kennedy-space-center-2\/","og_locale":"es_ES","og_type":"article","og_title":"Tour privado a Kennedy Space Center","og_description":"\u2192 Disfruta este tour privado a Kennedy Space center desde Orlando y descubre este maravilloso sitio donde la\u00a0NASA\u00a0lanza cohetes \u2705","og_url":"https:\/\/tourtravelandmore.com\/es\/tours\/eeuu-es\/orlando-es\/orlando-actividades-es\/tour-privado-kennedy-space-center-2\/","og_site_name":"Tour Travel And More","article_publisher":"https:\/\/www.facebook.com\/tourtravelandmore\/","article_modified_time":"2021-09-06T08:35:09+00:00","og_image":[{"width":1350,"height":900,"url":"https:\/\/tourtravelandmore.com\/wp-content\/uploads\/2020\/11\/KSC-2.jpeg","type":"image\/jpeg"}],"twitter_card":"summary_large_image","twitter_site":"@TourTravel_More","twitter_misc":{"Tiempo de lectura":"2 minutos"},"schema":{"@context":"https:\/\/schema.org","@graph":[{"@type":"WebPage","@id":"https:\/\/tourtravelandmore.com\/es\/tours\/eeuu-es\/orlando-es\/orlando-actividades-es\/tour-privado-kennedy-space-center-2\/","url":"https:\/\/tourtravelandmore.com\/es\/tours\/eeuu-es\/orlando-es\/orlando-actividades-es\/tour-privado-kennedy-space-center-2\/","name":"Tour privado a Kennedy Space Center desde Orlando | Tour Travel & More","isPartOf":{"@id":"https:\/\/tourtravelandmore.com\/es\/#website"},"primaryImageOfPage":{"@id":"https:\/\/tourtravelandmore.com\/es\/tours\/eeuu-es\/orlando-es\/orlando-actividades-es\/tour-privado-kennedy-space-center-2\/#primaryimage"},"image":{"@id":"https:\/\/tourtravelandmore.com\/es\/tours\/eeuu-es\/orlando-es\/orlando-actividades-es\/tour-privado-kennedy-space-center-2\/#primaryimage"},"thumbnailUrl":"https:\/\/tourtravelandmore.com\/wp-content\/uploads\/2020\/11\/KSC-2.jpeg","datePublished":"2020-11-18T11:13:35+00:00","dateModified":"2021-09-06T08:35:09+00:00","description":"\u2192 Disfruta este tour privado a Kennedy Space center desde Orlando y descubre este maravilloso sitio donde la\u00a0NASA\u00a0lanza cohetes \u2705","breadcrumb":{"@id":"https:\/\/tourtravelandmore.com\/es\/tours\/eeuu-es\/orlando-es\/orlando-actividades-es\/tour-privado-kennedy-space-center-2\/#breadcrumb"},"inLanguage":"es","potentialAction":[{"@type":"ReadAction","target":["https:\/\/tourtravelandmore.com\/es\/tours\/eeuu-es\/orlando-es\/orlando-actividades-es\/tour-privado-kennedy-space-center-2\/"]}]},{"@type":"ImageObject","inLanguage":"es","@id":"https:\/\/tourtravelandmore.com\/es\/tours\/eeuu-es\/orlando-es\/orlando-actividades-es\/tour-privado-kennedy-space-center-2\/#primaryimage","url":"https:\/\/tourtravelandmore.com\/wp-content\/uploads\/2020\/11\/KSC-2.jpeg","contentUrl":"https:\/\/tourtravelandmore.com\/wp-content\/uploads\/2020\/11\/KSC-2.jpeg","width":1350,"height":900,"caption":"KSC"},{"@type":"BreadcrumbList","@id":"https:\/\/tourtravelandmore.com\/es\/tours\/eeuu-es\/orlando-es\/orlando-actividades-es\/tour-privado-kennedy-space-center-2\/#breadcrumb","itemListElement":[{"@type":"ListItem","position":1,"name":"Home","item":"https:\/\/tourtravelandmore.com\/es\/"},{"@type":"ListItem","position":2,"name":"Tours","item":"https:\/\/tourtravelandmore.com\/es\/tours\/"},{"@type":"ListItem","position":3,"name":"Tour privado a Kennedy Space Center"}]},{"@type":"WebSite","@id":"https:\/\/tourtravelandmore.com\/es\/#website","url":"https:\/\/tourtravelandmore.com\/es\/","name":"Tour Travel And More","description":"Private sightseeing tours and luxury transfers in Spain","publisher":{"@id":"https:\/\/tourtravelandmore.com\/es\/#organization"},"potentialAction":[{"@type":"SearchAction","target":{"@type":"EntryPoint","urlTemplate":"https:\/\/tourtravelandmore.com\/es\/?s={search_term_string}"},"query-input":{"@type":"PropertyValueSpecification","valueRequired":true,"valueName":"search_term_string"}}],"inLanguage":"es"},{"@type":"Organization","@id":"https:\/\/tourtravelandmore.com\/es\/#organization","name":"Tour Travel And More","url":"https:\/\/tourtravelandmore.com\/es\/","logo":{"@type":"ImageObject","inLanguage":"es","@id":"https:\/\/tourtravelandmore.com\/es\/#\/schema\/logo\/image\/","url":"https:\/\/tourtravelandmore.com\/wp-content\/uploads\/2022\/12\/cropped-logo-cabecera-new.png","contentUrl":"https:\/\/tourtravelandmore.com\/wp-content\/uploads\/2022\/12\/cropped-logo-cabecera-new.png","width":430,"height":61,"caption":"Tour Travel And More"},"image":{"@id":"https:\/\/tourtravelandmore.com\/es\/#\/schema\/logo\/image\/"},"sameAs":["https:\/\/www.facebook.com\/tourtravelandmore\/","https:\/\/x.com\/TourTravel_More"]}]}},"_links":{"self":[{"href":"https:\/\/tourtravelandmore.com\/es\/wp-json\/wp\/v2\/product\/87270","targetHints":{"allow":["GET"]}}],"collection":[{"href":"https:\/\/tourtravelandmore.com\/es\/wp-json\/wp\/v2\/product"}],"about":[{"href":"https:\/\/tourtravelandmore.com\/es\/wp-json\/wp\/v2\/types\/product"}],"replies":[{"embeddable":true,"href":"https:\/\/tourtravelandmore.com\/es\/wp-json\/wp\/v2\/comments?post=87270"}],"wp:featuredmedia":[{"embeddable":true,"href":"https:\/\/tourtravelandmore.com\/es\/wp-json\/wp\/v2\/media\/86547"}],"wp:attachment":[{"href":"https:\/\/tourtravelandmore.com\/es\/wp-json\/wp\/v2\/media?parent=87270"}],"wp:term":[{"taxonomy":"product_brand","embeddable":true,"href":"https:\/\/tourtravelandmore.com\/es\/wp-json\/wp\/v2\/product_brand?post=87270"},{"taxonomy":"product_cat","embeddable":true,"href":"https:\/\/tourtravelandmore.com\/es\/wp-json\/wp\/v2\/product_cat?post=87270"},{"taxonomy":"product_tag","embeddable":true,"href":"https:\/\/tourtravelandmore.com\/es\/wp-json\/wp\/v2\/product_tag?post=87270"}],"curies":[{"name":"wp","href":"https:\/\/api.w.org\/{rel}","templated":true}]}}