{"id":87258,"date":"2020-11-18T12:11:45","date_gmt":"2020-11-18T11:11:48","guid":{"rendered":"https:\/\/tourtravelandmore.com\/?post_type=product&#038;p=87258"},"modified":"2022-01-10T15:14:32","modified_gmt":"2022-01-10T14:14:32","slug":"tour-privado-a-pie-de-vancouver","status":"publish","type":"product","link":"https:\/\/tourtravelandmore.com\/es\/tours\/canada-es\/vancouver-es\/vancouver-actividades-es\/tour-privado-a-pie-de-vancouver\/","title":{"rendered":"Tour Privado a pie de Vancouver"},"content":{"rendered":"<h2 id=\"tw-target-text\" class=\"tw-data-text tw-text-large XcVN5d tw-ta\" dir=\"ltr\" data-placeholder=\"Traducci\u00f3n\"><span lang=\"es\">Descripci\u00f3n del Tour Privado a pie de Vancouver<\/span><\/h2>\n<p>Nuestro tour privado a pie por Vancouver es la mejor manera de explorar la ciudad de Vancouver. Siempre decimos que la mejor manera de conocer una ciudad es al lado de un gu\u00eda tur\u00edstico oficial y una experiencia a pie. Nuestra opini\u00f3n personal es que Vancouver es una ciudad \u00fanica para visitar.<\/p>\n<p>Nuestro gu\u00eda tur\u00edstico privado est\u00e1 a su disposici\u00f3n para una gran y \u00fanica experiencia.<\/p>\n<p>Este tour privado comenzar\u00e1 desde su hotel si se encuentra en el centro de la ciudad de Vancouver. Si su hotel no est\u00e1 ubicado en el centro de la ciudad, organizaremos un punto de encuentro en el coraz\u00f3n del centro de la ciudad. Nuestro gu\u00eda tur\u00edstico privado estar\u00e1 a su disposici\u00f3n durante el recorrido de 4 horas.<\/p>\n<p>\u00a1Este es un recorrido a pie divertido y sorprendente! Si desea ver otros lugares excelentes en Vancouver, podemos agregar un veh\u00edculo privado y un conductor y llevarlo a sitios excelentes como el Parque del Puente Colgante de Capilano, la autopista Sea-to-Sky y mucho m\u00e1s.<\/p>\n<h2>Puntos emblem\u00e1ticos y de inter\u00e9s en el Tour Privado a pie de Vancouver<\/h2>\n<p>Vancouver es una ciudad asombrosa. \u00a1Este tour privado a pie por Vancouver es una experiencia perfecta para ti!<\/p>\n<p>Tenga un ejemplo de lo que puede disfrutar en Vancouver:<\/p>\n<ul>\n<li><strong>Gastown<\/strong><\/li>\n<li><strong>Chinatown: el barrio chino m\u00e1s antiguo de Canad\u00e1<\/strong><\/li>\n<li><strong>Catedral de la iglesia de Cristo<\/strong><\/li>\n<li><strong>Canada Place<\/strong><\/li>\n<li><strong>Calle Robson<\/strong><\/li>\n<li><strong>Harbour Center<\/strong><\/li>\n<li><strong>Reloj de vapor de Gastown<\/strong><\/li>\n<li><strong>Parque Sunset Beach<\/strong><\/li>\n<li><strong>\u00a1Mucho m\u00e1s!<\/strong><\/li>\n<\/ul>\n<p>Este recorrido a pie privado comenzar\u00e1 desde un punto de encuentro ubicado en el centro de Vancouver. Si su hotel est\u00e1 cerca, podemos organizar una recogida a pie. Pero no se preocupe si no, podemos organizar una ubicaci\u00f3n de f\u00e1cil acceso en Vancouver.<\/p>\n<p><a href=\"https:\/\/tourtravelandmore.com\/es\/ciudad\/canada-es\/vancouver-es\/\" target=\"_blank\" rel=\"noopener noreferrer\">Vancouver<\/a> tiene mucho que ofrecer y es por eso que tenemos muchos tipos diferentes de experiencias privadas para ofrecerle en la ciudad. \u00a1P\u00f3ngase en contacto con uno de nuestros expertos en viajes para organizar una experiencia perfecta para usted en cualquier parte del mundo!<\/p>\n","protected":false},"excerpt":{"rendered":"<p id=\"tw-target-text\" class=\"tw-data-text tw-text-large XcVN5d tw-ta\" dir=\"ltr\" data-placeholder=\"Traducci\u00f3n\">\u00a1Tome este<strong> tour privado de Vancouver<\/strong> y tenga la oportunidad de disfrutar lo mejor de la ciudad de Vancouver! \u00a1Este es un gran tour privado!<\/p>\n","protected":false},"featured_media":87235,"comment_status":"open","ping_status":"closed","template":"","meta":{"_acf_changed":false},"product_brand":[],"product_cat":[2789,2816,2819,2822,2825,1602],"product_tag":[],"class_list":{"0":"post-87258","1":"product","2":"type-product","3":"status-publish","4":"has-post-thumbnail","6":"product_cat-canada-es","7":"product_cat-vancouver-es","8":"product_cat-vancouver-actividades-es","9":"product_cat-vancouver-tours-es","10":"product_cat-vancouver-a-pie-es","11":"product_cat-eeuu-es","13":"first","14":"instock","15":"shipping-taxable","16":"purchasable","17":"product-type-simple"},"acf":[],"yoast_head":"<!-- This site is optimized with the Yoast SEO Premium plugin v25.3.1 (Yoast SEO v25.3.1) - https:\/\/yoast.com\/wordpress\/plugins\/seo\/ -->\n<title>Tour Privado a pie de Vancouver con conductor y gu\u00eda tur\u00edstico | TTM<\/title>\n<meta name=\"description\" content=\"\u00a1Tome este Tour Privado a pie de Vancouver y tenga la oportunidad de disfrutar de lo mejor de Vancouver! \u00a1Este es un gran tour privado! \u2705\" \/>\n<meta name=\"robots\" content=\"index, follow, max-snippet:-1, max-image-preview:large, max-video-preview:-1\" \/>\n<link rel=\"canonical\" href=\"https:\/\/tourtravelandmore.com\/es\/tours\/canada-es\/vancouver-es\/vancouver-actividades-es\/tour-privado-a-pie-de-vancouver\/\" \/>\n<meta property=\"og:locale\" content=\"es_ES\" \/>\n<meta property=\"og:type\" content=\"article\" \/>\n<meta property=\"og:title\" content=\"Tour Privado a pie de Vancouver\" \/>\n<meta property=\"og:description\" content=\"\u00a1Tome este Tour Privado a pie de Vancouver y tenga la oportunidad de disfrutar de lo mejor de Vancouver! \u00a1Este es un gran tour privado! \u2705\" \/>\n<meta property=\"og:url\" content=\"https:\/\/tourtravelandmore.com\/es\/tours\/canada-es\/vancouver-es\/vancouver-actividades-es\/tour-privado-a-pie-de-vancouver\/\" \/>\n<meta property=\"og:site_name\" content=\"Tour Travel And More\" \/>\n<meta property=\"article:publisher\" content=\"https:\/\/www.facebook.com\/tourtravelandmore\/\" \/>\n<meta property=\"article:modified_time\" content=\"2022-01-10T14:14:32+00:00\" \/>\n<meta property=\"og:image\" content=\"https:\/\/tourtravelandmore.com\/wp-content\/uploads\/2020\/11\/Vancouver-6-scaled.jpg\" \/>\n\t<meta property=\"og:image:width\" content=\"1707\" \/>\n\t<meta property=\"og:image:height\" content=\"2560\" \/>\n\t<meta property=\"og:image:type\" content=\"image\/jpeg\" \/>\n<meta name=\"twitter:card\" content=\"summary_large_image\" \/>\n<meta name=\"twitter:site\" content=\"@TourTravel_More\" \/>\n<meta name=\"twitter:label1\" content=\"Tiempo de lectura\" \/>\n\t<meta name=\"twitter:data1\" content=\"2 minutos\" \/>\n<script type=\"application\/ld+json\" class=\"yoast-schema-graph\">{\"@context\":\"https:\/\/schema.org\",\"@graph\":[{\"@type\":\"WebPage\",\"@id\":\"https:\/\/tourtravelandmore.com\/es\/tours\/canada-es\/vancouver-es\/vancouver-actividades-es\/tour-privado-a-pie-de-vancouver\/\",\"url\":\"https:\/\/tourtravelandmore.com\/es\/tours\/canada-es\/vancouver-es\/vancouver-actividades-es\/tour-privado-a-pie-de-vancouver\/\",\"name\":\"Tour Privado a pie de Vancouver con conductor y gu\u00eda tur\u00edstico | TTM\",\"isPartOf\":{\"@id\":\"https:\/\/tourtravelandmore.com\/es\/#website\"},\"primaryImageOfPage\":{\"@id\":\"https:\/\/tourtravelandmore.com\/es\/tours\/canada-es\/vancouver-es\/vancouver-actividades-es\/tour-privado-a-pie-de-vancouver\/#primaryimage\"},\"image\":{\"@id\":\"https:\/\/tourtravelandmore.com\/es\/tours\/canada-es\/vancouver-es\/vancouver-actividades-es\/tour-privado-a-pie-de-vancouver\/#primaryimage\"},\"thumbnailUrl\":\"https:\/\/tourtravelandmore.com\/wp-content\/uploads\/2020\/11\/Vancouver-6-scaled.jpg\",\"datePublished\":\"2020-11-18T11:11:48+00:00\",\"dateModified\":\"2022-01-10T14:14:32+00:00\",\"description\":\"\u00a1Tome este Tour Privado a pie de Vancouver y tenga la oportunidad de disfrutar de lo mejor de Vancouver! \u00a1Este es un gran tour privado! \u2705\",\"breadcrumb\":{\"@id\":\"https:\/\/tourtravelandmore.com\/es\/tours\/canada-es\/vancouver-es\/vancouver-actividades-es\/tour-privado-a-pie-de-vancouver\/#breadcrumb\"},\"inLanguage\":\"es\",\"potentialAction\":[{\"@type\":\"ReadAction\",\"target\":[\"https:\/\/tourtravelandmore.com\/es\/tours\/canada-es\/vancouver-es\/vancouver-actividades-es\/tour-privado-a-pie-de-vancouver\/\"]}]},{\"@type\":\"ImageObject\",\"inLanguage\":\"es\",\"@id\":\"https:\/\/tourtravelandmore.com\/es\/tours\/canada-es\/vancouver-es\/vancouver-actividades-es\/tour-privado-a-pie-de-vancouver\/#primaryimage\",\"url\":\"https:\/\/tourtravelandmore.com\/wp-content\/uploads\/2020\/11\/Vancouver-6-scaled.jpg\",\"contentUrl\":\"https:\/\/tourtravelandmore.com\/wp-content\/uploads\/2020\/11\/Vancouver-6-scaled.jpg\",\"width\":1707,\"height\":2560},{\"@type\":\"BreadcrumbList\",\"@id\":\"https:\/\/tourtravelandmore.com\/es\/tours\/canada-es\/vancouver-es\/vancouver-actividades-es\/tour-privado-a-pie-de-vancouver\/#breadcrumb\",\"itemListElement\":[{\"@type\":\"ListItem\",\"position\":1,\"name\":\"Home\",\"item\":\"https:\/\/tourtravelandmore.com\/es\/\"},{\"@type\":\"ListItem\",\"position\":2,\"name\":\"Tours\",\"item\":\"https:\/\/tourtravelandmore.com\/es\/tours\/\"},{\"@type\":\"ListItem\",\"position\":3,\"name\":\"Tour Privado a pie de Vancouver\"}]},{\"@type\":\"WebSite\",\"@id\":\"https:\/\/tourtravelandmore.com\/es\/#website\",\"url\":\"https:\/\/tourtravelandmore.com\/es\/\",\"name\":\"Tour Travel And More\",\"description\":\"Private sightseeing tours and luxury transfers in Spain\",\"publisher\":{\"@id\":\"https:\/\/tourtravelandmore.com\/es\/#organization\"},\"potentialAction\":[{\"@type\":\"SearchAction\",\"target\":{\"@type\":\"EntryPoint\",\"urlTemplate\":\"https:\/\/tourtravelandmore.com\/es\/?s={search_term_string}\"},\"query-input\":{\"@type\":\"PropertyValueSpecification\",\"valueRequired\":true,\"valueName\":\"search_term_string\"}}],\"inLanguage\":\"es\"},{\"@type\":\"Organization\",\"@id\":\"https:\/\/tourtravelandmore.com\/es\/#organization\",\"name\":\"Tour Travel And More\",\"url\":\"https:\/\/tourtravelandmore.com\/es\/\",\"logo\":{\"@type\":\"ImageObject\",\"inLanguage\":\"es\",\"@id\":\"https:\/\/tourtravelandmore.com\/es\/#\/schema\/logo\/image\/\",\"url\":\"https:\/\/tourtravelandmore.com\/wp-content\/uploads\/2022\/12\/cropped-logo-cabecera-new.png\",\"contentUrl\":\"https:\/\/tourtravelandmore.com\/wp-content\/uploads\/2022\/12\/cropped-logo-cabecera-new.png\",\"width\":430,\"height\":61,\"caption\":\"Tour Travel And More\"},\"image\":{\"@id\":\"https:\/\/tourtravelandmore.com\/es\/#\/schema\/logo\/image\/\"},\"sameAs\":[\"https:\/\/www.facebook.com\/tourtravelandmore\/\",\"https:\/\/x.com\/TourTravel_More\"]}]}<\/script>\n<!-- \/ Yoast SEO Premium plugin. -->","yoast_head_json":{"title":"Tour Privado a pie de Vancouver con conductor y gu\u00eda tur\u00edstico | TTM","description":"\u00a1Tome este Tour Privado a pie de Vancouver y tenga la oportunidad de disfrutar de lo mejor de Vancouver! \u00a1Este es un gran tour privado! \u2705","robots":{"index":"index","follow":"follow","max-snippet":"max-snippet:-1","max-image-preview":"max-image-preview:large","max-video-preview":"max-video-preview:-1"},"canonical":"https:\/\/tourtravelandmore.com\/es\/tours\/canada-es\/vancouver-es\/vancouver-actividades-es\/tour-privado-a-pie-de-vancouver\/","og_locale":"es_ES","og_type":"article","og_title":"Tour Privado a pie de Vancouver","og_description":"\u00a1Tome este Tour Privado a pie de Vancouver y tenga la oportunidad de disfrutar de lo mejor de Vancouver! \u00a1Este es un gran tour privado! \u2705","og_url":"https:\/\/tourtravelandmore.com\/es\/tours\/canada-es\/vancouver-es\/vancouver-actividades-es\/tour-privado-a-pie-de-vancouver\/","og_site_name":"Tour Travel And More","article_publisher":"https:\/\/www.facebook.com\/tourtravelandmore\/","article_modified_time":"2022-01-10T14:14:32+00:00","og_image":[{"width":1707,"height":2560,"url":"https:\/\/tourtravelandmore.com\/wp-content\/uploads\/2020\/11\/Vancouver-6-scaled.jpg","type":"image\/jpeg"}],"twitter_card":"summary_large_image","twitter_site":"@TourTravel_More","twitter_misc":{"Tiempo de lectura":"2 minutos"},"schema":{"@context":"https:\/\/schema.org","@graph":[{"@type":"WebPage","@id":"https:\/\/tourtravelandmore.com\/es\/tours\/canada-es\/vancouver-es\/vancouver-actividades-es\/tour-privado-a-pie-de-vancouver\/","url":"https:\/\/tourtravelandmore.com\/es\/tours\/canada-es\/vancouver-es\/vancouver-actividades-es\/tour-privado-a-pie-de-vancouver\/","name":"Tour Privado a pie de Vancouver con conductor y gu\u00eda tur\u00edstico | TTM","isPartOf":{"@id":"https:\/\/tourtravelandmore.com\/es\/#website"},"primaryImageOfPage":{"@id":"https:\/\/tourtravelandmore.com\/es\/tours\/canada-es\/vancouver-es\/vancouver-actividades-es\/tour-privado-a-pie-de-vancouver\/#primaryimage"},"image":{"@id":"https:\/\/tourtravelandmore.com\/es\/tours\/canada-es\/vancouver-es\/vancouver-actividades-es\/tour-privado-a-pie-de-vancouver\/#primaryimage"},"thumbnailUrl":"https:\/\/tourtravelandmore.com\/wp-content\/uploads\/2020\/11\/Vancouver-6-scaled.jpg","datePublished":"2020-11-18T11:11:48+00:00","dateModified":"2022-01-10T14:14:32+00:00","description":"\u00a1Tome este Tour Privado a pie de Vancouver y tenga la oportunidad de disfrutar de lo mejor de Vancouver! \u00a1Este es un gran tour privado! \u2705","breadcrumb":{"@id":"https:\/\/tourtravelandmore.com\/es\/tours\/canada-es\/vancouver-es\/vancouver-actividades-es\/tour-privado-a-pie-de-vancouver\/#breadcrumb"},"inLanguage":"es","potentialAction":[{"@type":"ReadAction","target":["https:\/\/tourtravelandmore.com\/es\/tours\/canada-es\/vancouver-es\/vancouver-actividades-es\/tour-privado-a-pie-de-vancouver\/"]}]},{"@type":"ImageObject","inLanguage":"es","@id":"https:\/\/tourtravelandmore.com\/es\/tours\/canada-es\/vancouver-es\/vancouver-actividades-es\/tour-privado-a-pie-de-vancouver\/#primaryimage","url":"https:\/\/tourtravelandmore.com\/wp-content\/uploads\/2020\/11\/Vancouver-6-scaled.jpg","contentUrl":"https:\/\/tourtravelandmore.com\/wp-content\/uploads\/2020\/11\/Vancouver-6-scaled.jpg","width":1707,"height":2560},{"@type":"BreadcrumbList","@id":"https:\/\/tourtravelandmore.com\/es\/tours\/canada-es\/vancouver-es\/vancouver-actividades-es\/tour-privado-a-pie-de-vancouver\/#breadcrumb","itemListElement":[{"@type":"ListItem","position":1,"name":"Home","item":"https:\/\/tourtravelandmore.com\/es\/"},{"@type":"ListItem","position":2,"name":"Tours","item":"https:\/\/tourtravelandmore.com\/es\/tours\/"},{"@type":"ListItem","position":3,"name":"Tour Privado a pie de Vancouver"}]},{"@type":"WebSite","@id":"https:\/\/tourtravelandmore.com\/es\/#website","url":"https:\/\/tourtravelandmore.com\/es\/","name":"Tour Travel And More","description":"Private sightseeing tours and luxury transfers in Spain","publisher":{"@id":"https:\/\/tourtravelandmore.com\/es\/#organization"},"potentialAction":[{"@type":"SearchAction","target":{"@type":"EntryPoint","urlTemplate":"https:\/\/tourtravelandmore.com\/es\/?s={search_term_string}"},"query-input":{"@type":"PropertyValueSpecification","valueRequired":true,"valueName":"search_term_string"}}],"inLanguage":"es"},{"@type":"Organization","@id":"https:\/\/tourtravelandmore.com\/es\/#organization","name":"Tour Travel And More","url":"https:\/\/tourtravelandmore.com\/es\/","logo":{"@type":"ImageObject","inLanguage":"es","@id":"https:\/\/tourtravelandmore.com\/es\/#\/schema\/logo\/image\/","url":"https:\/\/tourtravelandmore.com\/wp-content\/uploads\/2022\/12\/cropped-logo-cabecera-new.png","contentUrl":"https:\/\/tourtravelandmore.com\/wp-content\/uploads\/2022\/12\/cropped-logo-cabecera-new.png","width":430,"height":61,"caption":"Tour Travel And More"},"image":{"@id":"https:\/\/tourtravelandmore.com\/es\/#\/schema\/logo\/image\/"},"sameAs":["https:\/\/www.facebook.com\/tourtravelandmore\/","https:\/\/x.com\/TourTravel_More"]}]}},"_links":{"self":[{"href":"https:\/\/tourtravelandmore.com\/es\/wp-json\/wp\/v2\/product\/87258","targetHints":{"allow":["GET"]}}],"collection":[{"href":"https:\/\/tourtravelandmore.com\/es\/wp-json\/wp\/v2\/product"}],"about":[{"href":"https:\/\/tourtravelandmore.com\/es\/wp-json\/wp\/v2\/types\/product"}],"replies":[{"embeddable":true,"href":"https:\/\/tourtravelandmore.com\/es\/wp-json\/wp\/v2\/comments?post=87258"}],"wp:featuredmedia":[{"embeddable":true,"href":"https:\/\/tourtravelandmore.com\/es\/wp-json\/wp\/v2\/media\/87235"}],"wp:attachment":[{"href":"https:\/\/tourtravelandmore.com\/es\/wp-json\/wp\/v2\/media?parent=87258"}],"wp:term":[{"taxonomy":"product_brand","embeddable":true,"href":"https:\/\/tourtravelandmore.com\/es\/wp-json\/wp\/v2\/product_brand?post=87258"},{"taxonomy":"product_cat","embeddable":true,"href":"https:\/\/tourtravelandmore.com\/es\/wp-json\/wp\/v2\/product_cat?post=87258"},{"taxonomy":"product_tag","embeddable":true,"href":"https:\/\/tourtravelandmore.com\/es\/wp-json\/wp\/v2\/product_tag?post=87258"}],"curies":[{"name":"wp","href":"https:\/\/api.w.org\/{rel}","templated":true}]}}