{"id":87196,"date":"2020-11-18T11:01:42","date_gmt":"2020-11-18T10:01:44","guid":{"rendered":"https:\/\/tourtravelandmore.com\/?post_type=product&#038;p=87196"},"modified":"2022-01-10T15:13:48","modified_gmt":"2022-01-10T14:13:48","slug":"tour-privado-de-vancouver","status":"publish","type":"product","link":"https:\/\/tourtravelandmore.com\/es\/tours\/canada-es\/vancouver-es\/vancouver-actividades-es\/tour-privado-de-vancouver\/","title":{"rendered":"Tour Privado de Vancouver"},"content":{"rendered":"<h2 id=\"tw-target-text\" class=\"tw-data-text tw-text-large XcVN5d tw-ta\" dir=\"ltr\" data-placeholder=\"Traducci\u00f3n\"><span lang=\"es\">Descripci\u00f3n del Tour Privado de Vancouver<\/span><\/h2>\n<p>Nuestro Tour Privado de Vancouver es una gran oportunidad para conocer la ciudad de Vancouver. \u00bfD\u00f3nde se puede decir que se puede esquiar y surfear en la misma ciudad? Hermosas monta\u00f1as se encuentran a 15 minutos del centro de la ciudad. Realmente es una ciudad maravillosa para visitar.<\/p>\n<p>Hay mucho que hacer en esta hermosa ciudad de Vancouver.<\/p>\n<p>Este tour privado comenzar\u00e1 desde su hotel o lugar de elecci\u00f3n en Vancouver. Luego comenzaremos este tour privado de Vancouver. Disfrutar\u00e1s de lo mejor de la ciudad. Tanto su gu\u00eda tur\u00edstico como su ch\u00f3fer independiente estar\u00e1n a su disposici\u00f3n durante toda la visita de 4 horas.<\/p>\n<p>\u00a1Disfruta de sitios incre\u00edbles! Estamos a su disposici\u00f3n para un incre\u00edble tour privado. Incluso podemos llevarte al Parque del Puente Colgante de Capilano. Esto se puede personalizar para adaptarse a sus propias necesidades. P\u00f3ngase en contacto con nuestros expertos en viajes para obtener m\u00e1s informaci\u00f3n.<\/p>\n<h2>Puntos emblem\u00e1ticos y de inter\u00e9s en el Tour Privado de Vancouver<\/h2>\n<p>Vancouver es una ciudad hermosa con mucho que ofrecer. \u00a1Este tour privado de Vancouver es perfecto para ti!<\/p>\n<p>Aqu\u00ed hay algunos sitios que disfrutar\u00e1 durante este recorrido:<\/p>\n<ul>\n<li><strong>Autopista de mar a cielo<\/strong><\/li>\n<li><strong>parque Stanley<\/strong><\/li>\n<li><strong>Gastown<\/strong><\/li>\n<li><strong>Chinatown: el barrio chino m\u00e1s antiguo de Canad\u00e1<\/strong><\/li>\n<li><strong>Catedral de la iglesia de Cristo<\/strong><\/li>\n<li><strong>Isla Granville<\/strong><\/li>\n<li><strong>Bah\u00eda Inglesa<\/strong><\/li>\n<li><strong>Canada Place<\/strong><\/li>\n<li><strong>Calle Robson<\/strong><\/li>\n<li><strong>Harbour Center<\/strong><\/li>\n<li><strong>False Creek<\/strong><\/li>\n<li><strong>Reloj de vapor de Gastown<\/strong><\/li>\n<li><strong>Puente Lions Gate<\/strong><\/li>\n<li><strong>Parque Sunset Beach<\/strong><\/li>\n<li><strong>\u00a1Mucho m\u00e1s!<\/strong><\/li>\n<\/ul>\n<p>Este tour privado terminar\u00e1 en un punto c\u00e9ntrico de Vancouver. Esto puede ser en su hotel o lugar de elecci\u00f3n.<\/p>\n<p>Tenemos muchos otros tours privados en Vancouver y, por supuesto, en todo <a href=\"https:\/\/tourtravelandmore.com\/es\/ciudad\/canada-es\/\" target=\"_blank\" rel=\"noopener noreferrer\">Canad\u00e1<\/a>. Ofrecemos tours privados en cualquier ciudad que desee. \u00a1Todos nuestros expertos en viajes est\u00e1n aqu\u00ed para hacer que su experiencia sea \u00fanica y memorable!<\/p>\n","protected":false},"excerpt":{"rendered":"<p id=\"tw-target-text\" class=\"tw-data-text tw-text-large XcVN5d tw-ta\" dir=\"ltr\" data-placeholder=\"Traducci\u00f3n\">\u00a1Tome este<strong> tour privado de Vancouver<\/strong> y tenga la oportunidad de disfrutar lo mejor de la ciudad de Vancouver! \u00a1Este es un gran tour privado!<\/p>\n","protected":false},"featured_media":87232,"comment_status":"open","ping_status":"closed","template":"","meta":{"_acf_changed":false},"product_brand":[],"product_cat":[2789,2816,2819,2822,1602],"product_tag":[],"class_list":{"0":"post-87196","1":"product","2":"type-product","3":"status-publish","4":"has-post-thumbnail","6":"product_cat-canada-es","7":"product_cat-vancouver-es","8":"product_cat-vancouver-actividades-es","9":"product_cat-vancouver-tours-es","10":"product_cat-eeuu-es","12":"first","13":"instock","14":"shipping-taxable","15":"purchasable","16":"product-type-simple"},"acf":[],"yoast_head":"<!-- This site is optimized with the Yoast SEO Premium plugin v25.3.1 (Yoast SEO v25.3.1) - https:\/\/yoast.com\/wordpress\/plugins\/seo\/ -->\n<title>Tour Privado de Vancouver con conductor y gu\u00eda tur\u00edstico | TTM<\/title>\n<meta name=\"description\" content=\"\u00a1Tome este Tour Privado de Vancouver y tenga la oportunidad de disfrutar de lo mejor de Vancouver! \u00a1Este es un gran tour privado! \u2705\" \/>\n<meta name=\"robots\" content=\"index, follow, max-snippet:-1, max-image-preview:large, max-video-preview:-1\" \/>\n<link rel=\"canonical\" href=\"https:\/\/tourtravelandmore.com\/es\/tours\/canada-es\/vancouver-es\/vancouver-actividades-es\/tour-privado-de-vancouver\/\" \/>\n<meta property=\"og:locale\" content=\"es_ES\" \/>\n<meta property=\"og:type\" content=\"article\" \/>\n<meta property=\"og:title\" content=\"Tour Privado de Vancouver\" \/>\n<meta property=\"og:description\" content=\"\u00a1Tome este Tour Privado de Vancouver y tenga la oportunidad de disfrutar de lo mejor de Vancouver! \u00a1Este es un gran tour privado! \u2705\" \/>\n<meta property=\"og:url\" content=\"https:\/\/tourtravelandmore.com\/es\/tours\/canada-es\/vancouver-es\/vancouver-actividades-es\/tour-privado-de-vancouver\/\" \/>\n<meta property=\"og:site_name\" content=\"Tour Travel And More\" \/>\n<meta property=\"article:publisher\" content=\"https:\/\/www.facebook.com\/tourtravelandmore\/\" \/>\n<meta property=\"article:modified_time\" content=\"2022-01-10T14:13:48+00:00\" \/>\n<meta property=\"og:image\" content=\"https:\/\/tourtravelandmore.com\/wp-content\/uploads\/2020\/11\/Vancouver-5-scaled.jpg\" \/>\n\t<meta property=\"og:image:width\" content=\"2560\" \/>\n\t<meta property=\"og:image:height\" content=\"1707\" \/>\n\t<meta property=\"og:image:type\" content=\"image\/jpeg\" \/>\n<meta name=\"twitter:card\" content=\"summary_large_image\" \/>\n<meta name=\"twitter:site\" content=\"@TourTravel_More\" \/>\n<meta name=\"twitter:label1\" content=\"Tiempo de lectura\" \/>\n\t<meta name=\"twitter:data1\" content=\"2 minutos\" \/>\n<script type=\"application\/ld+json\" class=\"yoast-schema-graph\">{\"@context\":\"https:\/\/schema.org\",\"@graph\":[{\"@type\":\"WebPage\",\"@id\":\"https:\/\/tourtravelandmore.com\/es\/tours\/canada-es\/vancouver-es\/vancouver-actividades-es\/tour-privado-de-vancouver\/\",\"url\":\"https:\/\/tourtravelandmore.com\/es\/tours\/canada-es\/vancouver-es\/vancouver-actividades-es\/tour-privado-de-vancouver\/\",\"name\":\"Tour Privado de Vancouver con conductor y gu\u00eda tur\u00edstico | TTM\",\"isPartOf\":{\"@id\":\"https:\/\/tourtravelandmore.com\/es\/#website\"},\"primaryImageOfPage\":{\"@id\":\"https:\/\/tourtravelandmore.com\/es\/tours\/canada-es\/vancouver-es\/vancouver-actividades-es\/tour-privado-de-vancouver\/#primaryimage\"},\"image\":{\"@id\":\"https:\/\/tourtravelandmore.com\/es\/tours\/canada-es\/vancouver-es\/vancouver-actividades-es\/tour-privado-de-vancouver\/#primaryimage\"},\"thumbnailUrl\":\"https:\/\/tourtravelandmore.com\/wp-content\/uploads\/2020\/11\/Vancouver-5-scaled.jpg\",\"datePublished\":\"2020-11-18T10:01:44+00:00\",\"dateModified\":\"2022-01-10T14:13:48+00:00\",\"description\":\"\u00a1Tome este Tour Privado de Vancouver y tenga la oportunidad de disfrutar de lo mejor de Vancouver! \u00a1Este es un gran tour privado! \u2705\",\"breadcrumb\":{\"@id\":\"https:\/\/tourtravelandmore.com\/es\/tours\/canada-es\/vancouver-es\/vancouver-actividades-es\/tour-privado-de-vancouver\/#breadcrumb\"},\"inLanguage\":\"es\",\"potentialAction\":[{\"@type\":\"ReadAction\",\"target\":[\"https:\/\/tourtravelandmore.com\/es\/tours\/canada-es\/vancouver-es\/vancouver-actividades-es\/tour-privado-de-vancouver\/\"]}]},{\"@type\":\"ImageObject\",\"inLanguage\":\"es\",\"@id\":\"https:\/\/tourtravelandmore.com\/es\/tours\/canada-es\/vancouver-es\/vancouver-actividades-es\/tour-privado-de-vancouver\/#primaryimage\",\"url\":\"https:\/\/tourtravelandmore.com\/wp-content\/uploads\/2020\/11\/Vancouver-5-scaled.jpg\",\"contentUrl\":\"https:\/\/tourtravelandmore.com\/wp-content\/uploads\/2020\/11\/Vancouver-5-scaled.jpg\",\"width\":2560,\"height\":1707},{\"@type\":\"BreadcrumbList\",\"@id\":\"https:\/\/tourtravelandmore.com\/es\/tours\/canada-es\/vancouver-es\/vancouver-actividades-es\/tour-privado-de-vancouver\/#breadcrumb\",\"itemListElement\":[{\"@type\":\"ListItem\",\"position\":1,\"name\":\"Home\",\"item\":\"https:\/\/tourtravelandmore.com\/es\/\"},{\"@type\":\"ListItem\",\"position\":2,\"name\":\"Tours\",\"item\":\"https:\/\/tourtravelandmore.com\/es\/tours\/\"},{\"@type\":\"ListItem\",\"position\":3,\"name\":\"Tour Privado de Vancouver\"}]},{\"@type\":\"WebSite\",\"@id\":\"https:\/\/tourtravelandmore.com\/es\/#website\",\"url\":\"https:\/\/tourtravelandmore.com\/es\/\",\"name\":\"Tour Travel And More\",\"description\":\"Private sightseeing tours and luxury transfers in Spain\",\"publisher\":{\"@id\":\"https:\/\/tourtravelandmore.com\/es\/#organization\"},\"potentialAction\":[{\"@type\":\"SearchAction\",\"target\":{\"@type\":\"EntryPoint\",\"urlTemplate\":\"https:\/\/tourtravelandmore.com\/es\/?s={search_term_string}\"},\"query-input\":{\"@type\":\"PropertyValueSpecification\",\"valueRequired\":true,\"valueName\":\"search_term_string\"}}],\"inLanguage\":\"es\"},{\"@type\":\"Organization\",\"@id\":\"https:\/\/tourtravelandmore.com\/es\/#organization\",\"name\":\"Tour Travel And More\",\"url\":\"https:\/\/tourtravelandmore.com\/es\/\",\"logo\":{\"@type\":\"ImageObject\",\"inLanguage\":\"es\",\"@id\":\"https:\/\/tourtravelandmore.com\/es\/#\/schema\/logo\/image\/\",\"url\":\"https:\/\/tourtravelandmore.com\/wp-content\/uploads\/2022\/12\/cropped-logo-cabecera-new.png\",\"contentUrl\":\"https:\/\/tourtravelandmore.com\/wp-content\/uploads\/2022\/12\/cropped-logo-cabecera-new.png\",\"width\":430,\"height\":61,\"caption\":\"Tour Travel And More\"},\"image\":{\"@id\":\"https:\/\/tourtravelandmore.com\/es\/#\/schema\/logo\/image\/\"},\"sameAs\":[\"https:\/\/www.facebook.com\/tourtravelandmore\/\",\"https:\/\/x.com\/TourTravel_More\"]}]}<\/script>\n<!-- \/ Yoast SEO Premium plugin. -->","yoast_head_json":{"title":"Tour Privado de Vancouver con conductor y gu\u00eda tur\u00edstico | TTM","description":"\u00a1Tome este Tour Privado de Vancouver y tenga la oportunidad de disfrutar de lo mejor de Vancouver! \u00a1Este es un gran tour privado! \u2705","robots":{"index":"index","follow":"follow","max-snippet":"max-snippet:-1","max-image-preview":"max-image-preview:large","max-video-preview":"max-video-preview:-1"},"canonical":"https:\/\/tourtravelandmore.com\/es\/tours\/canada-es\/vancouver-es\/vancouver-actividades-es\/tour-privado-de-vancouver\/","og_locale":"es_ES","og_type":"article","og_title":"Tour Privado de Vancouver","og_description":"\u00a1Tome este Tour Privado de Vancouver y tenga la oportunidad de disfrutar de lo mejor de Vancouver! \u00a1Este es un gran tour privado! \u2705","og_url":"https:\/\/tourtravelandmore.com\/es\/tours\/canada-es\/vancouver-es\/vancouver-actividades-es\/tour-privado-de-vancouver\/","og_site_name":"Tour Travel And More","article_publisher":"https:\/\/www.facebook.com\/tourtravelandmore\/","article_modified_time":"2022-01-10T14:13:48+00:00","og_image":[{"width":2560,"height":1707,"url":"https:\/\/tourtravelandmore.com\/wp-content\/uploads\/2020\/11\/Vancouver-5-scaled.jpg","type":"image\/jpeg"}],"twitter_card":"summary_large_image","twitter_site":"@TourTravel_More","twitter_misc":{"Tiempo de lectura":"2 minutos"},"schema":{"@context":"https:\/\/schema.org","@graph":[{"@type":"WebPage","@id":"https:\/\/tourtravelandmore.com\/es\/tours\/canada-es\/vancouver-es\/vancouver-actividades-es\/tour-privado-de-vancouver\/","url":"https:\/\/tourtravelandmore.com\/es\/tours\/canada-es\/vancouver-es\/vancouver-actividades-es\/tour-privado-de-vancouver\/","name":"Tour Privado de Vancouver con conductor y gu\u00eda tur\u00edstico | TTM","isPartOf":{"@id":"https:\/\/tourtravelandmore.com\/es\/#website"},"primaryImageOfPage":{"@id":"https:\/\/tourtravelandmore.com\/es\/tours\/canada-es\/vancouver-es\/vancouver-actividades-es\/tour-privado-de-vancouver\/#primaryimage"},"image":{"@id":"https:\/\/tourtravelandmore.com\/es\/tours\/canada-es\/vancouver-es\/vancouver-actividades-es\/tour-privado-de-vancouver\/#primaryimage"},"thumbnailUrl":"https:\/\/tourtravelandmore.com\/wp-content\/uploads\/2020\/11\/Vancouver-5-scaled.jpg","datePublished":"2020-11-18T10:01:44+00:00","dateModified":"2022-01-10T14:13:48+00:00","description":"\u00a1Tome este Tour Privado de Vancouver y tenga la oportunidad de disfrutar de lo mejor de Vancouver! \u00a1Este es un gran tour privado! \u2705","breadcrumb":{"@id":"https:\/\/tourtravelandmore.com\/es\/tours\/canada-es\/vancouver-es\/vancouver-actividades-es\/tour-privado-de-vancouver\/#breadcrumb"},"inLanguage":"es","potentialAction":[{"@type":"ReadAction","target":["https:\/\/tourtravelandmore.com\/es\/tours\/canada-es\/vancouver-es\/vancouver-actividades-es\/tour-privado-de-vancouver\/"]}]},{"@type":"ImageObject","inLanguage":"es","@id":"https:\/\/tourtravelandmore.com\/es\/tours\/canada-es\/vancouver-es\/vancouver-actividades-es\/tour-privado-de-vancouver\/#primaryimage","url":"https:\/\/tourtravelandmore.com\/wp-content\/uploads\/2020\/11\/Vancouver-5-scaled.jpg","contentUrl":"https:\/\/tourtravelandmore.com\/wp-content\/uploads\/2020\/11\/Vancouver-5-scaled.jpg","width":2560,"height":1707},{"@type":"BreadcrumbList","@id":"https:\/\/tourtravelandmore.com\/es\/tours\/canada-es\/vancouver-es\/vancouver-actividades-es\/tour-privado-de-vancouver\/#breadcrumb","itemListElement":[{"@type":"ListItem","position":1,"name":"Home","item":"https:\/\/tourtravelandmore.com\/es\/"},{"@type":"ListItem","position":2,"name":"Tours","item":"https:\/\/tourtravelandmore.com\/es\/tours\/"},{"@type":"ListItem","position":3,"name":"Tour Privado de Vancouver"}]},{"@type":"WebSite","@id":"https:\/\/tourtravelandmore.com\/es\/#website","url":"https:\/\/tourtravelandmore.com\/es\/","name":"Tour Travel And More","description":"Private sightseeing tours and luxury transfers in Spain","publisher":{"@id":"https:\/\/tourtravelandmore.com\/es\/#organization"},"potentialAction":[{"@type":"SearchAction","target":{"@type":"EntryPoint","urlTemplate":"https:\/\/tourtravelandmore.com\/es\/?s={search_term_string}"},"query-input":{"@type":"PropertyValueSpecification","valueRequired":true,"valueName":"search_term_string"}}],"inLanguage":"es"},{"@type":"Organization","@id":"https:\/\/tourtravelandmore.com\/es\/#organization","name":"Tour Travel And More","url":"https:\/\/tourtravelandmore.com\/es\/","logo":{"@type":"ImageObject","inLanguage":"es","@id":"https:\/\/tourtravelandmore.com\/es\/#\/schema\/logo\/image\/","url":"https:\/\/tourtravelandmore.com\/wp-content\/uploads\/2022\/12\/cropped-logo-cabecera-new.png","contentUrl":"https:\/\/tourtravelandmore.com\/wp-content\/uploads\/2022\/12\/cropped-logo-cabecera-new.png","width":430,"height":61,"caption":"Tour Travel And More"},"image":{"@id":"https:\/\/tourtravelandmore.com\/es\/#\/schema\/logo\/image\/"},"sameAs":["https:\/\/www.facebook.com\/tourtravelandmore\/","https:\/\/x.com\/TourTravel_More"]}]}},"_links":{"self":[{"href":"https:\/\/tourtravelandmore.com\/es\/wp-json\/wp\/v2\/product\/87196","targetHints":{"allow":["GET"]}}],"collection":[{"href":"https:\/\/tourtravelandmore.com\/es\/wp-json\/wp\/v2\/product"}],"about":[{"href":"https:\/\/tourtravelandmore.com\/es\/wp-json\/wp\/v2\/types\/product"}],"replies":[{"embeddable":true,"href":"https:\/\/tourtravelandmore.com\/es\/wp-json\/wp\/v2\/comments?post=87196"}],"wp:featuredmedia":[{"embeddable":true,"href":"https:\/\/tourtravelandmore.com\/es\/wp-json\/wp\/v2\/media\/87232"}],"wp:attachment":[{"href":"https:\/\/tourtravelandmore.com\/es\/wp-json\/wp\/v2\/media?parent=87196"}],"wp:term":[{"taxonomy":"product_brand","embeddable":true,"href":"https:\/\/tourtravelandmore.com\/es\/wp-json\/wp\/v2\/product_brand?post=87196"},{"taxonomy":"product_cat","embeddable":true,"href":"https:\/\/tourtravelandmore.com\/es\/wp-json\/wp\/v2\/product_cat?post=87196"},{"taxonomy":"product_tag","embeddable":true,"href":"https:\/\/tourtravelandmore.com\/es\/wp-json\/wp\/v2\/product_tag?post=87196"}],"curies":[{"name":"wp","href":"https:\/\/api.w.org\/{rel}","templated":true}]}}