{"id":8715,"date":"2016-10-25T12:05:33","date_gmt":"2016-10-25T15:58:01","guid":{"rendered":"http:\/\/tourtravelandmore.com\/es\/?post_type=product&#038;p=8715"},"modified":"2024-05-07T16:26:12","modified_gmt":"2024-05-07T14:26:12","slug":"tour-privado-monasterio-escorial-valle-caidos-madrid","status":"publish","type":"product","link":"https:\/\/tourtravelandmore.com\/es\/tours\/espana-es\/madrid-es\/tour-privado-monasterio-escorial-valle-caidos-madrid\/","title":{"rendered":"Tour privado del Escorial y Valle de los ca\u00eddos desde Madrid"},"content":{"rendered":"<h2>Descripci\u00f3n del Tour privado del Escorial y Valle de los ca\u00eddos desde Madrid<\/h2>\n<p>Disfrute de este <strong>tour El Escorial y Valle de los ca\u00eddos, <\/strong>con vuestro gu\u00eda oficial y veh\u00edculo privado con conductor, y conoce los lugares m\u00e1s emblem\u00e1ticos de <strong>Madrid<\/strong> como el <strong>Valle de los ca\u00eddos<\/strong> y <strong>Escorial<\/strong>.<\/p>\n<p>La duraci\u00f3n del Tour El Escorial y Valle de los ca\u00eddos son 5 horas. Solamente lo tiene que indicar en el formulario de contacto.<\/p>\n<p>Al ser un tour completamente privado le recogeremos en el lugar que se indique en Madrid, Hotel, Apartamento o Aeropuerto. Recomendamos iniciar el tour a las 09:00 para volver a las 14:00<\/p>\n<p>Las entradas al <strong>Valle de los ca\u00eddos y Escorial <\/strong>est\u00e1n incluidas y son entradas sin colas.<\/p>\n<h2>Puntos de inter\u00e9s en el Tour El Escorial y Valle de los ca\u00eddos &#8211; Tour privado desde Madrid<\/h2>\n<p>El <strong>Monasterio de El Escorial<\/strong> tambi\u00e9n es conocido como el Monasterio Real de San Lorenzo. Fue construido en el siglo XIV por Felipe II. Hoy en d\u00eda, podemos encontrar una gran variedad de arte Europeo. Con vuestro gu\u00eda privado, conocer\u00e9is la informaci\u00f3n m\u00e1s importante de este lugar emblem\u00e1tico y podr\u00e9is admirar algunas de las piezas de arte igual que la Bas\u00edlica. Junto a nuestro gu\u00eda privado oficial conoceremos las principales zonas del Monasterio de El Escorial: Palacio Real, Bas\u00edlica, Pante\u00f3n, Biblioteca, Colegio y un monasterio.<\/p>\n<p>Despu\u00e9s nos dirigiremos al <strong>Valle de los ca\u00eddos,<\/strong> Est\u00e1 muy cerca del Monasterio de El Escorial y tiene una historia muy interesante. Fue construido y levantado por el Dictador <a href=\"https:\/\/es.wikipedia.org\/wiki\/Francisco_Franco\">General Franco<\/a> y fue construido como un monumento para los muertos de la guerra civil espa\u00f1ola. Podr\u00e9is ver la Bas\u00edlica igual que el valle mismo y podr\u00e9is admirar las vistas tan bonitas que ofrece.<\/p>\n<p>El orden de las visitas puede varias en funci\u00f3n de la hora de las entradas.<\/p>\n<p>Despu\u00e9s del tour, vuestro veh\u00edculo privado con chofer os devolver\u00e1 a vuestro hotel o lugar de vuestra elecci\u00f3n en la ciudad de Madrid.<\/p>\n<p>Si desea conocer m\u00e1s zonas de Madrid o realizar alg\u00fan tour fuera de Madrid, como conocer Segovia o Toledo, puede consultar nuestros <a href=\"https:\/\/tourtravelandmore.com\/es\/ciudad\/espana-es\/madrid-es\/\">tours privados en Madrid.<\/a><\/p>\n<p>Puede reservar y solicitar informaci\u00f3n a trav\u00e9s del formulario de contacto, nuestro equipo le pasar\u00e1 la informaci\u00f3n detallada.<\/p>\n","protected":false},"excerpt":{"rendered":"<p>Conoce dos de las principales monumentos de los alrededores de Madrid: Monasterio de Escorial y Vallde de los Ca\u00eddos, junto a su gu\u00eda oficial privado y vehiculo con conductor.<\/p>\n","protected":false},"featured_media":8538,"comment_status":"open","ping_status":"closed","template":"","meta":{"_acf_changed":false},"product_brand":[],"product_cat":[284,293,285,287,286],"product_tag":[],"class_list":{"0":"post-8715","1":"product","2":"type-product","3":"status-publish","4":"has-post-thumbnail","6":"product_cat-madrid-es","7":"product_cat-madrid-top-ventas-es","8":"product_cat-madrid-actividades-es","9":"product_cat-madrid-rutas-turisticas-privadas-es","10":"product_cat-madrid-excursiones-es","12":"first","13":"instock","14":"shipping-taxable","15":"purchasable","16":"product-type-simple"},"acf":[],"yoast_head":"<!-- This site is optimized with the Yoast SEO Premium plugin v25.3.1 (Yoast SEO v25.3.1) - https:\/\/yoast.com\/wordpress\/plugins\/seo\/ -->\n<title>\u27a1\ufe0f Tour el escorial y valle de los caidos | Tour Travel &amp; More<\/title>\n<meta name=\"description\" content=\"Disfruta del tour el escorial y valle de los caidos y conoce junto a nuestro gu\u00eda oficial dos de los monumentos m\u00e1s importantes de Espa\u00f1a \u2705\" \/>\n<meta name=\"robots\" content=\"index, follow, max-snippet:-1, max-image-preview:large, max-video-preview:-1\" \/>\n<link rel=\"canonical\" href=\"https:\/\/tourtravelandmore.com\/es\/tours\/espana-es\/madrid-es\/tour-privado-monasterio-escorial-valle-caidos-madrid\/\" \/>\n<meta property=\"og:locale\" content=\"es_ES\" \/>\n<meta property=\"og:type\" content=\"article\" \/>\n<meta property=\"og:title\" content=\"Tour privado del Escorial y Valle de los ca\u00eddos desde Madrid\" \/>\n<meta property=\"og:description\" content=\"Disfruta del tour el escorial y valle de los caidos y conoce junto a nuestro gu\u00eda oficial dos de los monumentos m\u00e1s importantes de Espa\u00f1a \u2705\" \/>\n<meta property=\"og:url\" content=\"https:\/\/tourtravelandmore.com\/es\/tours\/espana-es\/madrid-es\/tour-privado-monasterio-escorial-valle-caidos-madrid\/\" \/>\n<meta property=\"og:site_name\" content=\"Tour Travel And More\" \/>\n<meta property=\"article:publisher\" content=\"https:\/\/www.facebook.com\/tourtravelandmore\/\" \/>\n<meta property=\"article:modified_time\" content=\"2024-05-07T14:26:12+00:00\" \/>\n<meta property=\"og:image\" content=\"https:\/\/tourtravelandmore.com\/wp-content\/uploads\/2016\/10\/escorial-valle-caidos-private-tour.jpg\" \/>\n\t<meta property=\"og:image:width\" content=\"1394\" \/>\n\t<meta property=\"og:image:height\" content=\"939\" \/>\n\t<meta property=\"og:image:type\" content=\"image\/jpeg\" \/>\n<meta name=\"twitter:card\" content=\"summary_large_image\" \/>\n<meta name=\"twitter:site\" content=\"@TourTravel_More\" \/>\n<meta name=\"twitter:label1\" content=\"Tiempo de lectura\" \/>\n\t<meta name=\"twitter:data1\" content=\"2 minutos\" \/>\n<script type=\"application\/ld+json\" class=\"yoast-schema-graph\">{\"@context\":\"https:\/\/schema.org\",\"@graph\":[{\"@type\":\"WebPage\",\"@id\":\"https:\/\/tourtravelandmore.com\/es\/tours\/espana-es\/madrid-es\/tour-privado-monasterio-escorial-valle-caidos-madrid\/\",\"url\":\"https:\/\/tourtravelandmore.com\/es\/tours\/espana-es\/madrid-es\/tour-privado-monasterio-escorial-valle-caidos-madrid\/\",\"name\":\"\u27a1\ufe0f Tour el escorial y valle de los caidos | Tour Travel & More\",\"isPartOf\":{\"@id\":\"https:\/\/tourtravelandmore.com\/es\/#website\"},\"primaryImageOfPage\":{\"@id\":\"https:\/\/tourtravelandmore.com\/es\/tours\/espana-es\/madrid-es\/tour-privado-monasterio-escorial-valle-caidos-madrid\/#primaryimage\"},\"image\":{\"@id\":\"https:\/\/tourtravelandmore.com\/es\/tours\/espana-es\/madrid-es\/tour-privado-monasterio-escorial-valle-caidos-madrid\/#primaryimage\"},\"thumbnailUrl\":\"https:\/\/tourtravelandmore.com\/wp-content\/uploads\/2016\/10\/escorial-valle-caidos-private-tour.jpg\",\"datePublished\":\"2016-10-25T15:58:01+00:00\",\"dateModified\":\"2024-05-07T14:26:12+00:00\",\"description\":\"Disfruta del tour el escorial y valle de los caidos y conoce junto a nuestro gu\u00eda oficial dos de los monumentos m\u00e1s importantes de Espa\u00f1a \u2705\",\"breadcrumb\":{\"@id\":\"https:\/\/tourtravelandmore.com\/es\/tours\/espana-es\/madrid-es\/tour-privado-monasterio-escorial-valle-caidos-madrid\/#breadcrumb\"},\"inLanguage\":\"es\",\"potentialAction\":[{\"@type\":\"ReadAction\",\"target\":[\"https:\/\/tourtravelandmore.com\/es\/tours\/espana-es\/madrid-es\/tour-privado-monasterio-escorial-valle-caidos-madrid\/\"]}]},{\"@type\":\"ImageObject\",\"inLanguage\":\"es\",\"@id\":\"https:\/\/tourtravelandmore.com\/es\/tours\/espana-es\/madrid-es\/tour-privado-monasterio-escorial-valle-caidos-madrid\/#primaryimage\",\"url\":\"https:\/\/tourtravelandmore.com\/wp-content\/uploads\/2016\/10\/escorial-valle-caidos-private-tour.jpg\",\"contentUrl\":\"https:\/\/tourtravelandmore.com\/wp-content\/uploads\/2016\/10\/escorial-valle-caidos-private-tour.jpg\",\"width\":1394,\"height\":939},{\"@type\":\"BreadcrumbList\",\"@id\":\"https:\/\/tourtravelandmore.com\/es\/tours\/espana-es\/madrid-es\/tour-privado-monasterio-escorial-valle-caidos-madrid\/#breadcrumb\",\"itemListElement\":[{\"@type\":\"ListItem\",\"position\":1,\"name\":\"Home\",\"item\":\"https:\/\/tourtravelandmore.com\/es\/\"},{\"@type\":\"ListItem\",\"position\":2,\"name\":\"Tours\",\"item\":\"https:\/\/tourtravelandmore.com\/es\/tours\/\"},{\"@type\":\"ListItem\",\"position\":3,\"name\":\"Tour privado del Escorial y Valle de los ca\u00eddos desde Madrid\"}]},{\"@type\":\"WebSite\",\"@id\":\"https:\/\/tourtravelandmore.com\/es\/#website\",\"url\":\"https:\/\/tourtravelandmore.com\/es\/\",\"name\":\"Tour Travel And More\",\"description\":\"Private sightseeing tours and luxury transfers in Spain\",\"publisher\":{\"@id\":\"https:\/\/tourtravelandmore.com\/es\/#organization\"},\"potentialAction\":[{\"@type\":\"SearchAction\",\"target\":{\"@type\":\"EntryPoint\",\"urlTemplate\":\"https:\/\/tourtravelandmore.com\/es\/?s={search_term_string}\"},\"query-input\":{\"@type\":\"PropertyValueSpecification\",\"valueRequired\":true,\"valueName\":\"search_term_string\"}}],\"inLanguage\":\"es\"},{\"@type\":\"Organization\",\"@id\":\"https:\/\/tourtravelandmore.com\/es\/#organization\",\"name\":\"Tour Travel And More\",\"url\":\"https:\/\/tourtravelandmore.com\/es\/\",\"logo\":{\"@type\":\"ImageObject\",\"inLanguage\":\"es\",\"@id\":\"https:\/\/tourtravelandmore.com\/es\/#\/schema\/logo\/image\/\",\"url\":\"https:\/\/tourtravelandmore.com\/wp-content\/uploads\/2022\/12\/cropped-logo-cabecera-new.png\",\"contentUrl\":\"https:\/\/tourtravelandmore.com\/wp-content\/uploads\/2022\/12\/cropped-logo-cabecera-new.png\",\"width\":430,\"height\":61,\"caption\":\"Tour Travel And More\"},\"image\":{\"@id\":\"https:\/\/tourtravelandmore.com\/es\/#\/schema\/logo\/image\/\"},\"sameAs\":[\"https:\/\/www.facebook.com\/tourtravelandmore\/\",\"https:\/\/x.com\/TourTravel_More\"]}]}<\/script>\n<!-- \/ Yoast SEO Premium plugin. -->","yoast_head_json":{"title":"\u27a1\ufe0f Tour el escorial y valle de los caidos | Tour Travel & More","description":"Disfruta del tour el escorial y valle de los caidos y conoce junto a nuestro gu\u00eda oficial dos de los monumentos m\u00e1s importantes de Espa\u00f1a \u2705","robots":{"index":"index","follow":"follow","max-snippet":"max-snippet:-1","max-image-preview":"max-image-preview:large","max-video-preview":"max-video-preview:-1"},"canonical":"https:\/\/tourtravelandmore.com\/es\/tours\/espana-es\/madrid-es\/tour-privado-monasterio-escorial-valle-caidos-madrid\/","og_locale":"es_ES","og_type":"article","og_title":"Tour privado del Escorial y Valle de los ca\u00eddos desde Madrid","og_description":"Disfruta del tour el escorial y valle de los caidos y conoce junto a nuestro gu\u00eda oficial dos de los monumentos m\u00e1s importantes de Espa\u00f1a \u2705","og_url":"https:\/\/tourtravelandmore.com\/es\/tours\/espana-es\/madrid-es\/tour-privado-monasterio-escorial-valle-caidos-madrid\/","og_site_name":"Tour Travel And More","article_publisher":"https:\/\/www.facebook.com\/tourtravelandmore\/","article_modified_time":"2024-05-07T14:26:12+00:00","og_image":[{"width":1394,"height":939,"url":"https:\/\/tourtravelandmore.com\/wp-content\/uploads\/2016\/10\/escorial-valle-caidos-private-tour.jpg","type":"image\/jpeg"}],"twitter_card":"summary_large_image","twitter_site":"@TourTravel_More","twitter_misc":{"Tiempo de lectura":"2 minutos"},"schema":{"@context":"https:\/\/schema.org","@graph":[{"@type":"WebPage","@id":"https:\/\/tourtravelandmore.com\/es\/tours\/espana-es\/madrid-es\/tour-privado-monasterio-escorial-valle-caidos-madrid\/","url":"https:\/\/tourtravelandmore.com\/es\/tours\/espana-es\/madrid-es\/tour-privado-monasterio-escorial-valle-caidos-madrid\/","name":"\u27a1\ufe0f Tour el escorial y valle de los caidos | Tour Travel & More","isPartOf":{"@id":"https:\/\/tourtravelandmore.com\/es\/#website"},"primaryImageOfPage":{"@id":"https:\/\/tourtravelandmore.com\/es\/tours\/espana-es\/madrid-es\/tour-privado-monasterio-escorial-valle-caidos-madrid\/#primaryimage"},"image":{"@id":"https:\/\/tourtravelandmore.com\/es\/tours\/espana-es\/madrid-es\/tour-privado-monasterio-escorial-valle-caidos-madrid\/#primaryimage"},"thumbnailUrl":"https:\/\/tourtravelandmore.com\/wp-content\/uploads\/2016\/10\/escorial-valle-caidos-private-tour.jpg","datePublished":"2016-10-25T15:58:01+00:00","dateModified":"2024-05-07T14:26:12+00:00","description":"Disfruta del tour el escorial y valle de los caidos y conoce junto a nuestro gu\u00eda oficial dos de los monumentos m\u00e1s importantes de Espa\u00f1a \u2705","breadcrumb":{"@id":"https:\/\/tourtravelandmore.com\/es\/tours\/espana-es\/madrid-es\/tour-privado-monasterio-escorial-valle-caidos-madrid\/#breadcrumb"},"inLanguage":"es","potentialAction":[{"@type":"ReadAction","target":["https:\/\/tourtravelandmore.com\/es\/tours\/espana-es\/madrid-es\/tour-privado-monasterio-escorial-valle-caidos-madrid\/"]}]},{"@type":"ImageObject","inLanguage":"es","@id":"https:\/\/tourtravelandmore.com\/es\/tours\/espana-es\/madrid-es\/tour-privado-monasterio-escorial-valle-caidos-madrid\/#primaryimage","url":"https:\/\/tourtravelandmore.com\/wp-content\/uploads\/2016\/10\/escorial-valle-caidos-private-tour.jpg","contentUrl":"https:\/\/tourtravelandmore.com\/wp-content\/uploads\/2016\/10\/escorial-valle-caidos-private-tour.jpg","width":1394,"height":939},{"@type":"BreadcrumbList","@id":"https:\/\/tourtravelandmore.com\/es\/tours\/espana-es\/madrid-es\/tour-privado-monasterio-escorial-valle-caidos-madrid\/#breadcrumb","itemListElement":[{"@type":"ListItem","position":1,"name":"Home","item":"https:\/\/tourtravelandmore.com\/es\/"},{"@type":"ListItem","position":2,"name":"Tours","item":"https:\/\/tourtravelandmore.com\/es\/tours\/"},{"@type":"ListItem","position":3,"name":"Tour privado del Escorial y Valle de los ca\u00eddos desde Madrid"}]},{"@type":"WebSite","@id":"https:\/\/tourtravelandmore.com\/es\/#website","url":"https:\/\/tourtravelandmore.com\/es\/","name":"Tour Travel And More","description":"Private sightseeing tours and luxury transfers in Spain","publisher":{"@id":"https:\/\/tourtravelandmore.com\/es\/#organization"},"potentialAction":[{"@type":"SearchAction","target":{"@type":"EntryPoint","urlTemplate":"https:\/\/tourtravelandmore.com\/es\/?s={search_term_string}"},"query-input":{"@type":"PropertyValueSpecification","valueRequired":true,"valueName":"search_term_string"}}],"inLanguage":"es"},{"@type":"Organization","@id":"https:\/\/tourtravelandmore.com\/es\/#organization","name":"Tour Travel And More","url":"https:\/\/tourtravelandmore.com\/es\/","logo":{"@type":"ImageObject","inLanguage":"es","@id":"https:\/\/tourtravelandmore.com\/es\/#\/schema\/logo\/image\/","url":"https:\/\/tourtravelandmore.com\/wp-content\/uploads\/2022\/12\/cropped-logo-cabecera-new.png","contentUrl":"https:\/\/tourtravelandmore.com\/wp-content\/uploads\/2022\/12\/cropped-logo-cabecera-new.png","width":430,"height":61,"caption":"Tour Travel And More"},"image":{"@id":"https:\/\/tourtravelandmore.com\/es\/#\/schema\/logo\/image\/"},"sameAs":["https:\/\/www.facebook.com\/tourtravelandmore\/","https:\/\/x.com\/TourTravel_More"]}]}},"_links":{"self":[{"href":"https:\/\/tourtravelandmore.com\/es\/wp-json\/wp\/v2\/product\/8715","targetHints":{"allow":["GET"]}}],"collection":[{"href":"https:\/\/tourtravelandmore.com\/es\/wp-json\/wp\/v2\/product"}],"about":[{"href":"https:\/\/tourtravelandmore.com\/es\/wp-json\/wp\/v2\/types\/product"}],"replies":[{"embeddable":true,"href":"https:\/\/tourtravelandmore.com\/es\/wp-json\/wp\/v2\/comments?post=8715"}],"wp:featuredmedia":[{"embeddable":true,"href":"https:\/\/tourtravelandmore.com\/es\/wp-json\/wp\/v2\/media\/8538"}],"wp:attachment":[{"href":"https:\/\/tourtravelandmore.com\/es\/wp-json\/wp\/v2\/media?parent=8715"}],"wp:term":[{"taxonomy":"product_brand","embeddable":true,"href":"https:\/\/tourtravelandmore.com\/es\/wp-json\/wp\/v2\/product_brand?post=8715"},{"taxonomy":"product_cat","embeddable":true,"href":"https:\/\/tourtravelandmore.com\/es\/wp-json\/wp\/v2\/product_cat?post=8715"},{"taxonomy":"product_tag","embeddable":true,"href":"https:\/\/tourtravelandmore.com\/es\/wp-json\/wp\/v2\/product_tag?post=8715"}],"curies":[{"name":"wp","href":"https:\/\/api.w.org\/{rel}","templated":true}]}}