{"id":87142,"date":"2020-11-17T11:46:20","date_gmt":"2020-11-17T10:46:21","guid":{"rendered":"https:\/\/tourtravelandmore.com\/?post_type=product&#038;p=87142"},"modified":"2021-09-13T10:08:53","modified_gmt":"2021-09-13T08:08:53","slug":"tour-privado-a-pie-de-san-antonio","status":"publish","type":"product","link":"https:\/\/tourtravelandmore.com\/es\/tours\/eeuu-es\/san-antonio-es\/san-antonio-actividades-es\/tour-privado-a-pie-de-san-antonio\/","title":{"rendered":"Tour Privado a pie de San Antonio"},"content":{"rendered":"<h2 id=\"tw-target-text\" class=\"tw-data-text tw-text-large XcVN5d tw-ta\" dir=\"ltr\" data-placeholder=\"Traducci\u00f3n\"><span lang=\"es\">Descripci\u00f3n del Tour Privado a pie de San Antonio<\/span><\/h2>\n<p>Si se encuentra en San Antonio, ya sea por trabajo o por vacaciones, definitivamente debe unirse a nosotros en este <strong>tour privado a pie de San Antonio<\/strong>. Aproveche para conocer una ciudad incre\u00edble con ojos de local. Lo acompa\u00f1ar\u00e1 un <strong>gu\u00eda tur\u00edstico oficial privado<\/strong> que le mostrar\u00e1 los mejores lugares de San Antonio.<\/p>\n<p>Como se trata de un tour privado, elegir\u00e1 la hora de inicio de su experiencia. Puede ser por la ma\u00f1ana, por la tarde o incluso por la noche, a la hora que m\u00e1s prefiera. Su gu\u00eda privado lo estar\u00e1 esperando en su hotel ubicado en el centro o punto de encuentro central en SA.<\/p>\n<p><strong>San Antonio<\/strong> es una de las principales ciudades del centro y sur de Texas. Es la s\u00e9ptima ciudad m\u00e1s poblada de Estados Unidos y la segunda del estado de Texas. San Antonio es una ciudad famosa por su car\u00e1cter tejano que la convierte en un gran atractivo tur\u00edstico. Tambi\u00e9n es la casa de la NBA San Antonio Spurs y San Antonio Stock Show &amp; Rodeo, uno de los festivales de rodeo m\u00e1s importantes del pa\u00eds.<\/p>\n<p>Ven con nosotros en este tour privado a pie de San Antonio y disfrute de una visita guiada de 3 horas a esta incre\u00edble ciudad. Su gu\u00eda tur\u00edstico profesional privado estar\u00e1 disponible para usted durante todo el recorrido.<\/p>\n<h2 id=\"tw-target-text\" class=\"tw-data-text tw-text-large XcVN5d tw-ta\" dir=\"ltr\" data-placeholder=\"Traducci\u00f3n\">Puntos de inter\u00e9s a pie en San Antonio<\/h2>\n<p>En primer lugar, su gu\u00eda tur\u00edstico privado lo estar\u00e1 esperando en un lugar c\u00e9ntrico de San Antonio. <span class=\"JLqJ4b ChMk0b\" data-language-for-alternatives=\"es\" data-language-to-translate-into=\"en\" data-phrase-index=\"1\">Como ya hemos mencionado, la hora de inicio la determinar\u00e1s t\u00fa. <\/span><\/p>\n<p><span class=\"JLqJ4b ChMk0b\" data-language-for-alternatives=\"es\" data-language-to-translate-into=\"en\" data-phrase-index=\"1\"><span class=\"JLqJ4b\" data-language-for-alternatives=\"es\" data-language-to-translate-into=\"en\" data-phrase-index=\"2\"><strong>San Antonio<\/strong> es la ciudad perfecta para familias y ni\u00f1os. Tiene muchas atracciones divertidas, museos, parques acu\u00e1ticos y zool\u00f3gico, por lo que te garantizamos que tus hijos se lo pasar\u00e1n en grande aqu\u00ed.<\/span><\/span><\/p>\n<p><em>Durante este recorrido privado a pie, podr\u00e1 visitar:<\/em><\/p>\n<ul>\n<li><span class=\"JLqJ4b\" data-language-for-alternatives=\"es\" data-language-to-translate-into=\"en\" data-phrase-index=\"1\"><span class=\"JLqJ4b ChMk0b\" data-language-for-alternatives=\"es\" data-language-to-translate-into=\"en\" data-phrase-index=\"2\"><a href=\"https:\/\/www.thealamo.org\">El \u00c1lamo<\/a>: Es uno de los lugares hist\u00f3ricos m\u00e1s importantes de Texas. Es un monumento que refleja los or\u00edgenes de Texas y por eso fue declarado <strong>Patrimonio de la Humanidad por la UNESCO<\/strong>.<\/span><\/span><\/li>\n<li><strong><span class=\"JLqJ4b\" data-language-for-alternatives=\"es\" data-language-to-translate-into=\"en\" data-phrase-index=\"1\"><span class=\"JLqJ4b ChMk0b\" data-language-for-alternatives=\"es\" data-language-to-translate-into=\"en\" data-phrase-index=\"2\">Paseo por el r\u00edo San Antonio <\/span><\/span><\/strong><\/li>\n<li><span class=\"JLqJ4b\" data-language-for-alternatives=\"es\" data-language-to-translate-into=\"en\" data-phrase-index=\"1\"><span class=\"JLqJ4b ChMk0b\" data-language-for-alternatives=\"es\" data-language-to-translate-into=\"en\" data-phrase-index=\"2\"><strong>Pueblo Hist\u00f3rico La Villita<\/strong>: Es una zona peatonal ubicada frente al Parque Hemisfair, que cuenta con casas y edificios patrimoniales de la \u00e9poca colonial. <\/span><\/span><\/li>\n<li><strong><span class=\"JLqJ4b\" data-language-for-alternatives=\"es\" data-language-to-translate-into=\"en\" data-phrase-index=\"1\"><span class=\"JLqJ4b ChMk0b\" data-language-for-alternatives=\"es\" data-language-to-translate-into=\"en\" data-phrase-index=\"2\">Parque Travis <\/span><\/span><\/strong><\/li>\n<li><strong><span class=\"JLqJ4b\" data-language-for-alternatives=\"es\" data-language-to-translate-into=\"en\" data-phrase-index=\"1\"><span class=\"JLqJ4b ChMk0b\" data-language-for-alternatives=\"es\" data-language-to-translate-into=\"en\" data-phrase-index=\"2\">Catedral de San Fernando<\/span><\/span><\/strong><\/li>\n<li><strong><span class=\"JLqJ4b\" data-language-for-alternatives=\"es\" data-language-to-translate-into=\"en\" data-phrase-index=\"1\"><span class=\"JLqJ4b ChMk0b\" data-language-for-alternatives=\"es\" data-language-to-translate-into=\"en\" data-phrase-index=\"2\"> Iglesia de Trevis Park <\/span><\/span><\/strong><\/li>\n<li><strong><span class=\"JLqJ4b\" data-language-for-alternatives=\"es\" data-language-to-translate-into=\"en\" data-phrase-index=\"1\"><span class=\"JLqJ4b ChMk0b\" data-language-for-alternatives=\"es\" data-language-to-translate-into=\"en\" data-phrase-index=\"2\">Majestuoso Teatro <\/span><\/span><\/strong><\/li>\n<li><span class=\"JLqJ4b\" data-language-for-alternatives=\"es\" data-language-to-translate-into=\"en\" data-phrase-index=\"1\"><span class=\"JLqJ4b ChMk0b\" data-language-for-alternatives=\"es\" data-language-to-translate-into=\"en\" data-phrase-index=\"2\">\u00a1Y mucho m\u00e1s!<\/span><\/span><\/li>\n<\/ul>\n<p>El recorrido tiene una duraci\u00f3n total de 3 horas, pero en caso de que est\u00e9 interesado, podemos incluir m\u00e1s horas a su experiencia. <span class=\"JLqJ4b ChMk0b\" data-language-for-alternatives=\"es\" data-language-to-translate-into=\"en\" data-phrase-index=\"1\">Este es un recorrido a pie privado y personalizado de San Antonio solo para usted. <\/span><\/p>\n<p><span class=\"JLqJ4b ChMk0b\" data-language-for-alternatives=\"es\" data-language-to-translate-into=\"en\" data-phrase-index=\"1\"><span class=\"JLqJ4b\" data-language-for-alternatives=\"es\" data-language-to-translate-into=\"en\" data-phrase-index=\"2\">Finalmente, al finalizar la visita, su gu\u00eda tur\u00edstico lo dejar\u00e1 en un lugar c\u00e9ntrico de San Antonio. <\/span><\/span><\/p>\n<p><span class=\"JLqJ4b ChMk0b\" data-language-for-alternatives=\"es\" data-language-to-translate-into=\"en\" data-phrase-index=\"1\"><span class=\"JLqJ4b\" data-language-for-alternatives=\"es\" data-language-to-translate-into=\"en\" data-phrase-index=\"2\">Recuerde ver todos nuestros tours \u00a0y experiencias privadas en San Antonio <a href=\"https:\/\/tourtravelandmore.com\/es\/ciudad\/eeuu-es\/san-antonio-es\/\">aqu\u00ed<\/a>.<\/span><\/span><\/p>\n","protected":false},"excerpt":{"rendered":"<p id=\"tw-target-text\" class=\"tw-data-text tw-text-large XcVN5d tw-ta\" dir=\"ltr\" data-placeholder=\"Traducci\u00f3n\">Aproveche al m\u00e1ximo sus d\u00edas en <strong>San Antonio y disfrute junto a Tour Travel &amp; More<\/strong> de un \u00fanico tour privado a pie por la ciudad. Su gu\u00eda oficial local estar\u00e1 a su entera disposici\u00f3n durante todo el recorrido.<\/p>\n","protected":false},"featured_media":86905,"comment_status":"open","ping_status":"closed","template":"","meta":{"_acf_changed":false},"product_brand":[],"product_cat":[1602,2975,2978,2983],"product_tag":[],"class_list":{"0":"post-87142","1":"product","2":"type-product","3":"status-publish","4":"has-post-thumbnail","6":"product_cat-eeuu-es","7":"product_cat-san-antonio-es","8":"product_cat-san-antonio-actividades-es","9":"product_cat-san-antonio-a-pie-es","11":"first","12":"instock","13":"shipping-taxable","14":"purchasable","15":"product-type-simple"},"acf":[],"yoast_head":"<!-- This site is optimized with the Yoast SEO Premium plugin v25.3.1 (Yoast SEO v25.3.1) - https:\/\/yoast.com\/wordpress\/plugins\/seo\/ -->\n<title>Tour Privado a pie de San Antonio con un profesional local | TTM<\/title>\n<meta name=\"description\" content=\"\u2192 Disfrute de este Tour Privado a pie de San Antonio y conozca los lugares y monumentos mas importantes de esta hermosa ciudad \u2705\" \/>\n<meta name=\"robots\" content=\"index, follow, max-snippet:-1, max-image-preview:large, max-video-preview:-1\" \/>\n<link rel=\"canonical\" href=\"https:\/\/tourtravelandmore.com\/es\/tours\/eeuu-es\/san-antonio-es\/san-antonio-actividades-es\/tour-privado-a-pie-de-san-antonio\/\" \/>\n<meta property=\"og:locale\" content=\"es_ES\" \/>\n<meta property=\"og:type\" content=\"article\" \/>\n<meta property=\"og:title\" content=\"Tour Privado a pie de San Antonio\" \/>\n<meta property=\"og:description\" content=\"\u2192 Disfrute de este Tour Privado a pie de San Antonio y conozca los lugares y monumentos mas importantes de esta hermosa ciudad \u2705\" \/>\n<meta property=\"og:url\" content=\"https:\/\/tourtravelandmore.com\/es\/tours\/eeuu-es\/san-antonio-es\/san-antonio-actividades-es\/tour-privado-a-pie-de-san-antonio\/\" \/>\n<meta property=\"og:site_name\" content=\"Tour Travel And More\" \/>\n<meta property=\"article:publisher\" content=\"https:\/\/www.facebook.com\/tourtravelandmore\/\" \/>\n<meta property=\"article:modified_time\" content=\"2021-09-13T08:08:53+00:00\" \/>\n<meta property=\"og:image\" content=\"https:\/\/tourtravelandmore.com\/wp-content\/uploads\/2020\/11\/san-antonio-4.jpg\" \/>\n\t<meta property=\"og:image:width\" content=\"640\" \/>\n\t<meta property=\"og:image:height\" content=\"480\" \/>\n\t<meta property=\"og:image:type\" content=\"image\/jpeg\" \/>\n<meta name=\"twitter:card\" content=\"summary_large_image\" \/>\n<meta name=\"twitter:site\" content=\"@TourTravel_More\" \/>\n<meta name=\"twitter:label1\" content=\"Tiempo de lectura\" \/>\n\t<meta name=\"twitter:data1\" content=\"2 minutos\" \/>\n<script type=\"application\/ld+json\" class=\"yoast-schema-graph\">{\"@context\":\"https:\/\/schema.org\",\"@graph\":[{\"@type\":\"WebPage\",\"@id\":\"https:\/\/tourtravelandmore.com\/es\/tours\/eeuu-es\/san-antonio-es\/san-antonio-actividades-es\/tour-privado-a-pie-de-san-antonio\/\",\"url\":\"https:\/\/tourtravelandmore.com\/es\/tours\/eeuu-es\/san-antonio-es\/san-antonio-actividades-es\/tour-privado-a-pie-de-san-antonio\/\",\"name\":\"Tour Privado a pie de San Antonio con un profesional local | TTM\",\"isPartOf\":{\"@id\":\"https:\/\/tourtravelandmore.com\/es\/#website\"},\"primaryImageOfPage\":{\"@id\":\"https:\/\/tourtravelandmore.com\/es\/tours\/eeuu-es\/san-antonio-es\/san-antonio-actividades-es\/tour-privado-a-pie-de-san-antonio\/#primaryimage\"},\"image\":{\"@id\":\"https:\/\/tourtravelandmore.com\/es\/tours\/eeuu-es\/san-antonio-es\/san-antonio-actividades-es\/tour-privado-a-pie-de-san-antonio\/#primaryimage\"},\"thumbnailUrl\":\"https:\/\/tourtravelandmore.com\/wp-content\/uploads\/2020\/11\/san-antonio-4.jpg\",\"datePublished\":\"2020-11-17T10:46:21+00:00\",\"dateModified\":\"2021-09-13T08:08:53+00:00\",\"description\":\"\u2192 Disfrute de este Tour Privado a pie de San Antonio y conozca los lugares y monumentos mas importantes de esta hermosa ciudad \u2705\",\"breadcrumb\":{\"@id\":\"https:\/\/tourtravelandmore.com\/es\/tours\/eeuu-es\/san-antonio-es\/san-antonio-actividades-es\/tour-privado-a-pie-de-san-antonio\/#breadcrumb\"},\"inLanguage\":\"es\",\"potentialAction\":[{\"@type\":\"ReadAction\",\"target\":[\"https:\/\/tourtravelandmore.com\/es\/tours\/eeuu-es\/san-antonio-es\/san-antonio-actividades-es\/tour-privado-a-pie-de-san-antonio\/\"]}]},{\"@type\":\"ImageObject\",\"inLanguage\":\"es\",\"@id\":\"https:\/\/tourtravelandmore.com\/es\/tours\/eeuu-es\/san-antonio-es\/san-antonio-actividades-es\/tour-privado-a-pie-de-san-antonio\/#primaryimage\",\"url\":\"https:\/\/tourtravelandmore.com\/wp-content\/uploads\/2020\/11\/san-antonio-4.jpg\",\"contentUrl\":\"https:\/\/tourtravelandmore.com\/wp-content\/uploads\/2020\/11\/san-antonio-4.jpg\",\"width\":640,\"height\":480},{\"@type\":\"BreadcrumbList\",\"@id\":\"https:\/\/tourtravelandmore.com\/es\/tours\/eeuu-es\/san-antonio-es\/san-antonio-actividades-es\/tour-privado-a-pie-de-san-antonio\/#breadcrumb\",\"itemListElement\":[{\"@type\":\"ListItem\",\"position\":1,\"name\":\"Home\",\"item\":\"https:\/\/tourtravelandmore.com\/es\/\"},{\"@type\":\"ListItem\",\"position\":2,\"name\":\"Tours\",\"item\":\"https:\/\/tourtravelandmore.com\/es\/tours\/\"},{\"@type\":\"ListItem\",\"position\":3,\"name\":\"Tour Privado a pie de San Antonio\"}]},{\"@type\":\"WebSite\",\"@id\":\"https:\/\/tourtravelandmore.com\/es\/#website\",\"url\":\"https:\/\/tourtravelandmore.com\/es\/\",\"name\":\"Tour Travel And More\",\"description\":\"Private sightseeing tours and luxury transfers in Spain\",\"publisher\":{\"@id\":\"https:\/\/tourtravelandmore.com\/es\/#organization\"},\"potentialAction\":[{\"@type\":\"SearchAction\",\"target\":{\"@type\":\"EntryPoint\",\"urlTemplate\":\"https:\/\/tourtravelandmore.com\/es\/?s={search_term_string}\"},\"query-input\":{\"@type\":\"PropertyValueSpecification\",\"valueRequired\":true,\"valueName\":\"search_term_string\"}}],\"inLanguage\":\"es\"},{\"@type\":\"Organization\",\"@id\":\"https:\/\/tourtravelandmore.com\/es\/#organization\",\"name\":\"Tour Travel And More\",\"url\":\"https:\/\/tourtravelandmore.com\/es\/\",\"logo\":{\"@type\":\"ImageObject\",\"inLanguage\":\"es\",\"@id\":\"https:\/\/tourtravelandmore.com\/es\/#\/schema\/logo\/image\/\",\"url\":\"https:\/\/tourtravelandmore.com\/wp-content\/uploads\/2022\/12\/cropped-logo-cabecera-new.png\",\"contentUrl\":\"https:\/\/tourtravelandmore.com\/wp-content\/uploads\/2022\/12\/cropped-logo-cabecera-new.png\",\"width\":430,\"height\":61,\"caption\":\"Tour Travel And More\"},\"image\":{\"@id\":\"https:\/\/tourtravelandmore.com\/es\/#\/schema\/logo\/image\/\"},\"sameAs\":[\"https:\/\/www.facebook.com\/tourtravelandmore\/\",\"https:\/\/x.com\/TourTravel_More\"]}]}<\/script>\n<!-- \/ Yoast SEO Premium plugin. -->","yoast_head_json":{"title":"Tour Privado a pie de San Antonio con un profesional local | TTM","description":"\u2192 Disfrute de este Tour Privado a pie de San Antonio y conozca los lugares y monumentos mas importantes de esta hermosa ciudad \u2705","robots":{"index":"index","follow":"follow","max-snippet":"max-snippet:-1","max-image-preview":"max-image-preview:large","max-video-preview":"max-video-preview:-1"},"canonical":"https:\/\/tourtravelandmore.com\/es\/tours\/eeuu-es\/san-antonio-es\/san-antonio-actividades-es\/tour-privado-a-pie-de-san-antonio\/","og_locale":"es_ES","og_type":"article","og_title":"Tour Privado a pie de San Antonio","og_description":"\u2192 Disfrute de este Tour Privado a pie de San Antonio y conozca los lugares y monumentos mas importantes de esta hermosa ciudad \u2705","og_url":"https:\/\/tourtravelandmore.com\/es\/tours\/eeuu-es\/san-antonio-es\/san-antonio-actividades-es\/tour-privado-a-pie-de-san-antonio\/","og_site_name":"Tour Travel And More","article_publisher":"https:\/\/www.facebook.com\/tourtravelandmore\/","article_modified_time":"2021-09-13T08:08:53+00:00","og_image":[{"width":640,"height":480,"url":"https:\/\/tourtravelandmore.com\/wp-content\/uploads\/2020\/11\/san-antonio-4.jpg","type":"image\/jpeg"}],"twitter_card":"summary_large_image","twitter_site":"@TourTravel_More","twitter_misc":{"Tiempo de lectura":"2 minutos"},"schema":{"@context":"https:\/\/schema.org","@graph":[{"@type":"WebPage","@id":"https:\/\/tourtravelandmore.com\/es\/tours\/eeuu-es\/san-antonio-es\/san-antonio-actividades-es\/tour-privado-a-pie-de-san-antonio\/","url":"https:\/\/tourtravelandmore.com\/es\/tours\/eeuu-es\/san-antonio-es\/san-antonio-actividades-es\/tour-privado-a-pie-de-san-antonio\/","name":"Tour Privado a pie de San Antonio con un profesional local | TTM","isPartOf":{"@id":"https:\/\/tourtravelandmore.com\/es\/#website"},"primaryImageOfPage":{"@id":"https:\/\/tourtravelandmore.com\/es\/tours\/eeuu-es\/san-antonio-es\/san-antonio-actividades-es\/tour-privado-a-pie-de-san-antonio\/#primaryimage"},"image":{"@id":"https:\/\/tourtravelandmore.com\/es\/tours\/eeuu-es\/san-antonio-es\/san-antonio-actividades-es\/tour-privado-a-pie-de-san-antonio\/#primaryimage"},"thumbnailUrl":"https:\/\/tourtravelandmore.com\/wp-content\/uploads\/2020\/11\/san-antonio-4.jpg","datePublished":"2020-11-17T10:46:21+00:00","dateModified":"2021-09-13T08:08:53+00:00","description":"\u2192 Disfrute de este Tour Privado a pie de San Antonio y conozca los lugares y monumentos mas importantes de esta hermosa ciudad \u2705","breadcrumb":{"@id":"https:\/\/tourtravelandmore.com\/es\/tours\/eeuu-es\/san-antonio-es\/san-antonio-actividades-es\/tour-privado-a-pie-de-san-antonio\/#breadcrumb"},"inLanguage":"es","potentialAction":[{"@type":"ReadAction","target":["https:\/\/tourtravelandmore.com\/es\/tours\/eeuu-es\/san-antonio-es\/san-antonio-actividades-es\/tour-privado-a-pie-de-san-antonio\/"]}]},{"@type":"ImageObject","inLanguage":"es","@id":"https:\/\/tourtravelandmore.com\/es\/tours\/eeuu-es\/san-antonio-es\/san-antonio-actividades-es\/tour-privado-a-pie-de-san-antonio\/#primaryimage","url":"https:\/\/tourtravelandmore.com\/wp-content\/uploads\/2020\/11\/san-antonio-4.jpg","contentUrl":"https:\/\/tourtravelandmore.com\/wp-content\/uploads\/2020\/11\/san-antonio-4.jpg","width":640,"height":480},{"@type":"BreadcrumbList","@id":"https:\/\/tourtravelandmore.com\/es\/tours\/eeuu-es\/san-antonio-es\/san-antonio-actividades-es\/tour-privado-a-pie-de-san-antonio\/#breadcrumb","itemListElement":[{"@type":"ListItem","position":1,"name":"Home","item":"https:\/\/tourtravelandmore.com\/es\/"},{"@type":"ListItem","position":2,"name":"Tours","item":"https:\/\/tourtravelandmore.com\/es\/tours\/"},{"@type":"ListItem","position":3,"name":"Tour Privado a pie de San Antonio"}]},{"@type":"WebSite","@id":"https:\/\/tourtravelandmore.com\/es\/#website","url":"https:\/\/tourtravelandmore.com\/es\/","name":"Tour Travel And More","description":"Private sightseeing tours and luxury transfers in Spain","publisher":{"@id":"https:\/\/tourtravelandmore.com\/es\/#organization"},"potentialAction":[{"@type":"SearchAction","target":{"@type":"EntryPoint","urlTemplate":"https:\/\/tourtravelandmore.com\/es\/?s={search_term_string}"},"query-input":{"@type":"PropertyValueSpecification","valueRequired":true,"valueName":"search_term_string"}}],"inLanguage":"es"},{"@type":"Organization","@id":"https:\/\/tourtravelandmore.com\/es\/#organization","name":"Tour Travel And More","url":"https:\/\/tourtravelandmore.com\/es\/","logo":{"@type":"ImageObject","inLanguage":"es","@id":"https:\/\/tourtravelandmore.com\/es\/#\/schema\/logo\/image\/","url":"https:\/\/tourtravelandmore.com\/wp-content\/uploads\/2022\/12\/cropped-logo-cabecera-new.png","contentUrl":"https:\/\/tourtravelandmore.com\/wp-content\/uploads\/2022\/12\/cropped-logo-cabecera-new.png","width":430,"height":61,"caption":"Tour Travel And More"},"image":{"@id":"https:\/\/tourtravelandmore.com\/es\/#\/schema\/logo\/image\/"},"sameAs":["https:\/\/www.facebook.com\/tourtravelandmore\/","https:\/\/x.com\/TourTravel_More"]}]}},"_links":{"self":[{"href":"https:\/\/tourtravelandmore.com\/es\/wp-json\/wp\/v2\/product\/87142","targetHints":{"allow":["GET"]}}],"collection":[{"href":"https:\/\/tourtravelandmore.com\/es\/wp-json\/wp\/v2\/product"}],"about":[{"href":"https:\/\/tourtravelandmore.com\/es\/wp-json\/wp\/v2\/types\/product"}],"replies":[{"embeddable":true,"href":"https:\/\/tourtravelandmore.com\/es\/wp-json\/wp\/v2\/comments?post=87142"}],"wp:featuredmedia":[{"embeddable":true,"href":"https:\/\/tourtravelandmore.com\/es\/wp-json\/wp\/v2\/media\/86905"}],"wp:attachment":[{"href":"https:\/\/tourtravelandmore.com\/es\/wp-json\/wp\/v2\/media?parent=87142"}],"wp:term":[{"taxonomy":"product_brand","embeddable":true,"href":"https:\/\/tourtravelandmore.com\/es\/wp-json\/wp\/v2\/product_brand?post=87142"},{"taxonomy":"product_cat","embeddable":true,"href":"https:\/\/tourtravelandmore.com\/es\/wp-json\/wp\/v2\/product_cat?post=87142"},{"taxonomy":"product_tag","embeddable":true,"href":"https:\/\/tourtravelandmore.com\/es\/wp-json\/wp\/v2\/product_tag?post=87142"}],"curies":[{"name":"wp","href":"https:\/\/api.w.org\/{rel}","templated":true}]}}