{"id":87127,"date":"2020-11-17T10:53:31","date_gmt":"2020-11-17T09:53:33","guid":{"rendered":"https:\/\/tourtravelandmore.com\/?post_type=product&#038;p=87127"},"modified":"2021-03-04T19:44:34","modified_gmt":"2021-03-04T18:44:34","slug":"tour-privado-a-nueva-york-desde-filadelfia-2","status":"publish","type":"product","link":"https:\/\/tourtravelandmore.com\/es\/tours\/eeuu-es\/filadelfia-es\/filadelfia-actividades-es\/tour-privado-a-nueva-york-desde-filadelfia-2\/","title":{"rendered":"Tour Privado a Nueva York desde Filadelfia"},"content":{"rendered":"<h2 id=\"tw-target-text\" class=\"tw-data-text tw-text-large XcVN5d tw-ta\" dir=\"ltr\" data-placeholder=\"Traducci\u00f3n\"><span lang=\"es\">Descripci\u00f3n <\/span><\/h2>\n<p>\u00bfQui\u00e9n no siempre ha querido conocer Nueva York, la Gran Manzana?. \u00a1Esta es la ocasi\u00f3n perfecta para ti!, ven con nosotros en este <strong>tour privado a Nueva York desde Filadelfia<\/strong> y ten la oportunidad de visitar esta incre\u00edble ciudad. Tendr\u00e1 un <strong>gu\u00eda tur\u00edstico oficial privado<\/strong> disponible para un recorrido de 4 horas.<\/p>\n<p>Organizaremos su recogida en el lugar que elija en Filadelfia. El servicio se llevar\u00e1 a cabo en un <strong>veh\u00edculo privado de lujo con conductor independiente<\/strong>. La hora de inicio la elegir\u00e1 usted, pero recuerde que es mejor comenzar temprano en la ma\u00f1ana.<\/p>\n<p><strong>Nueva York<\/strong> es la ciudad m\u00e1s poblada de Estados Unidos. La ciudad est\u00e1 ubicada en el extremo sur del estado de Nueva York y es considerada la capital cultural, financiera y de los medios de comunicaci\u00f3n del mundo. La ciudad ofrece una gran variedad de atracciones, es muy vanguardista y moderna.<\/p>\n<p>Disfrute de este incre\u00edble tour privado a Nueva York desde Filadelfia y conozca la ciudad con los ojos de un local. \u00a1Visita y recorre todas las calles y rincones de la ciudad que nunca duerme!<\/p>\n<h2 id=\"tw-target-text\" class=\"tw-data-text tw-text-large XcVN5d tw-ta\" dir=\"ltr\" data-placeholder=\"Traducci\u00f3n\">Puntos de inter\u00e9s<\/h2>\n<p>En primer lugar, su conductor privado lo recoger\u00e1 en el lugar que elija en Filadelfia. <span class=\"JLqJ4b ChMk0b\" data-language-for-alternatives=\"es\" data-language-to-translate-into=\"en\" data-phrase-index=\"1\">Despu\u00e9s de un viaje de aproximadamente 2 horas, se encontrar\u00e1 con su gu\u00eda tur\u00edstico oficial privado en Nueva York. <\/span><\/p>\n<p><span class=\"JLqJ4b ChMk0b\" data-language-for-alternatives=\"es\" data-language-to-translate-into=\"en\" data-phrase-index=\"1\"><span class=\"JLqJ4b\" data-language-for-alternatives=\"es\" data-language-to-translate-into=\"en\" data-phrase-index=\"2\">Por supuesto, Nueva York es una ciudad muy grande que tiene mucho que ofrecer. Durante este tour privado, nos vamos a centrar en conocer el <strong>centro de Manhattan<\/strong>. En caso de que ya haya estado en Manhattan, h\u00e1ganoslo saber y podemos ajustar el itinerario para ver diferentes lugares o vecindarios de Nueva York. <\/span><\/span><\/p>\n<p><span class=\"JLqJ4b ChMk0b\" data-language-for-alternatives=\"es\" data-language-to-translate-into=\"en\" data-phrase-index=\"1\"><span class=\"JLqJ4b\" data-language-for-alternatives=\"es\" data-language-to-translate-into=\"en\" data-phrase-index=\"2\">Una vez que iniciamos el recorrido, le ofrecemos visitar, entre otros sitios:<\/span><\/span><\/p>\n<ul>\n<li><strong>Catedral de San Patricio <\/strong><\/li>\n<li><strong><span class=\"JLqJ4b\" data-language-for-alternatives=\"es\" data-language-to-translate-into=\"en\" data-phrase-index=\"1\"><span class=\"JLqJ4b ChMk0b\" data-language-for-alternatives=\"es\" data-language-to-translate-into=\"en\" data-phrase-index=\"2\">Centro Rockefeller <\/span><\/span><\/strong><\/li>\n<li><strong><span class=\"JLqJ4b\" data-language-for-alternatives=\"es\" data-language-to-translate-into=\"en\" data-phrase-index=\"1\"><span class=\"JLqJ4b ChMk0b\" data-language-for-alternatives=\"es\" data-language-to-translate-into=\"en\" data-phrase-index=\"2\">Palacio de Nueva York <\/span><\/span><\/strong><\/li>\n<li><strong><span class=\"JLqJ4b\" data-language-for-alternatives=\"es\" data-language-to-translate-into=\"en\" data-phrase-index=\"1\"><span class=\"JLqJ4b ChMk0b\" data-language-for-alternatives=\"es\" data-language-to-translate-into=\"en\" data-phrase-index=\"2\">El Museo Metropolitano de Arte <\/span><\/span><\/strong><\/li>\n<li><strong><span class=\"JLqJ4b\" data-language-for-alternatives=\"es\" data-language-to-translate-into=\"en\" data-phrase-index=\"1\"><span class=\"JLqJ4b ChMk0b\" data-language-for-alternatives=\"es\" data-language-to-translate-into=\"en\" data-phrase-index=\"2\">Museo Guggenheim<\/span><\/span><\/strong><\/li>\n<li><strong><span class=\"JLqJ4b\" data-language-for-alternatives=\"es\" data-language-to-translate-into=\"en\" data-phrase-index=\"1\"><span class=\"JLqJ4b ChMk0b\" data-language-for-alternatives=\"es\" data-language-to-translate-into=\"en\" data-phrase-index=\"2\">Radio City Music Hall <\/span><\/span><\/strong><\/li>\n<li><strong><span class=\"JLqJ4b\" data-language-for-alternatives=\"es\" data-language-to-translate-into=\"en\" data-phrase-index=\"1\"><span class=\"JLqJ4b ChMk0b\" data-language-for-alternatives=\"es\" data-language-to-translate-into=\"en\" data-phrase-index=\"2\">Times Square <\/span><\/span><\/strong><\/li>\n<li><strong><span class=\"JLqJ4b\" data-language-for-alternatives=\"es\" data-language-to-translate-into=\"en\" data-phrase-index=\"1\"><span class=\"JLqJ4b ChMk0b\" data-language-for-alternatives=\"es\" data-language-to-translate-into=\"en\" data-phrase-index=\"2\">Puente de Brooklyn <\/span><\/span><\/strong><\/li>\n<li><a href=\"https:\/\/www.shubert.nyc\/theatres\/broadway\/\" rel=\"nofollow\"><span class=\"JLqJ4b\" data-language-for-alternatives=\"es\" data-language-to-translate-into=\"en\" data-phrase-index=\"1\"><span class=\"JLqJ4b ChMk0b\" data-language-for-alternatives=\"es\" data-language-to-translate-into=\"en\" data-phrase-index=\"2\">Broadway <\/span><\/span><\/a><\/li>\n<li><strong><span class=\"JLqJ4b\" data-language-for-alternatives=\"es\" data-language-to-translate-into=\"en\" data-phrase-index=\"1\"><span class=\"JLqJ4b ChMk0b\" data-language-for-alternatives=\"es\" data-language-to-translate-into=\"en\" data-phrase-index=\"2\">Quinta Avenida <\/span><\/span><\/strong><\/li>\n<li><strong><span class=\"JLqJ4b\" data-language-for-alternatives=\"es\" data-language-to-translate-into=\"en\" data-phrase-index=\"1\"><span class=\"JLqJ4b ChMk0b\" data-language-for-alternatives=\"es\" data-language-to-translate-into=\"en\" data-phrase-index=\"2\">El edificio Empire State <\/span><\/span><\/strong><\/li>\n<li><strong><span class=\"JLqJ4b\" data-language-for-alternatives=\"es\" data-language-to-translate-into=\"en\" data-phrase-index=\"1\"><span class=\"JLqJ4b ChMk0b\" data-language-for-alternatives=\"es\" data-language-to-translate-into=\"en\" data-phrase-index=\"2\">Central Park<\/span><\/span><\/strong><\/li>\n<li><strong><span class=\"JLqJ4b\" data-language-for-alternatives=\"es\" data-language-to-translate-into=\"en\" data-phrase-index=\"1\"><span class=\"JLqJ4b ChMk0b\" data-language-for-alternatives=\"es\" data-language-to-translate-into=\"en\" data-phrase-index=\"2\">Trump Tower<\/span><\/span><\/strong><\/li>\n<li><span class=\"JLqJ4b\" data-language-for-alternatives=\"es\" data-language-to-translate-into=\"en\" data-phrase-index=\"1\"><span class=\"JLqJ4b ChMk0b\" data-language-for-alternatives=\"es\" data-language-to-translate-into=\"en\" data-phrase-index=\"2\"> \u00a1y mucho m\u00e1s!<\/span><\/span><\/li>\n<\/ul>\n<p>Podemos incluir la entrada a cualquier monumento o museo que desee visitar. <span class=\"JLqJ4b ChMk0b\" data-language-for-alternatives=\"es\" data-language-to-translate-into=\"en\" data-phrase-index=\"1\">Solo tienes que ponerte en contacto con el equipo de <strong>Tour Travel &amp; More<\/strong> y estar\u00e1n encantados de ayudarte. <\/span><\/p>\n<p><span class=\"JLqJ4b ChMk0b\" data-language-for-alternatives=\"es\" data-language-to-translate-into=\"en\" data-phrase-index=\"1\"><span class=\"JLqJ4b\" data-language-for-alternatives=\"es\" data-language-to-translate-into=\"en\" data-phrase-index=\"2\">Este es un recorrido de 10 horas desde el momento de la recogida hasta el momento de la entrega en Filadelfia. En caso de que lo prefieras, podemos incluir m\u00e1s horas a tu experiencia o incluso hacer que sea un recorrido de 8 horas en caso de que no tengas tanto tiempo. <\/span><\/span><\/p>\n<p><span class=\"JLqJ4b ChMk0b\" data-language-for-alternatives=\"es\" data-language-to-translate-into=\"en\" data-phrase-index=\"1\"><span class=\"JLqJ4b\" data-language-for-alternatives=\"es\" data-language-to-translate-into=\"en\" data-phrase-index=\"2\">Finalmente, al final del d\u00eda, su conductor privado lo llevar\u00e1 de regreso a Filadelfia. <\/span><\/span><\/p>\n<p><span class=\"JLqJ4b ChMk0b\" data-language-for-alternatives=\"es\" data-language-to-translate-into=\"en\" data-phrase-index=\"1\"><span class=\"JLqJ4b\" data-language-for-alternatives=\"es\" data-language-to-translate-into=\"en\" data-phrase-index=\"2\">Tambi\u00e9n ofrecemos tours privados a Washington, eche un vistazo a nuestro <a href=\"https:\/\/tourtravelandmore.com\/es\/tours\/eeuu-es\/filadelfia-es\/filadelfia-actividades-es\/tour-privado-a-washington-desde-filadelfia\/\">tour privado de d\u00eda completo desde Filadelfia<\/a>.<\/span><\/span><\/p>\n","protected":false},"excerpt":{"rendered":"<p id=\"tw-target-text\" class=\"tw-data-text tw-text-large XcVN5d tw-ta\" dir=\"ltr\" data-placeholder=\"Traducci\u00f3n\">Esta es la ocasi\u00f3n perfecta para conocer una de las ciudades m\u00e1s visitadas e incre\u00edbles de los Estados Unidos, \u00a1s\u00ed! <span class=\"JLqJ4b ChMk0b\" data-language-for-alternatives=\"es\" data-language-to-translate-into=\"en\" data-phrase-index=\"1\">estamos hablando de Nueva York!. \u00a1Ven con nosotros en este tour privado de un d\u00eda completo a Nueva York desde Filadelfia y admira los monumentos m\u00e1s espectaculares!<\/span><\/p>\n","protected":false},"featured_media":86536,"comment_status":"open","ping_status":"closed","template":"","meta":{"_acf_changed":false},"product_brand":[],"product_cat":[1602,2758,2761,2764],"product_tag":[],"class_list":{"0":"post-87127","1":"product","2":"type-product","3":"status-publish","4":"has-post-thumbnail","6":"product_cat-eeuu-es","7":"product_cat-filadelfia-es","8":"product_cat-filadelfia-actividades-es","9":"product_cat-filadelfia-tours-privados-es","11":"first","12":"instock","13":"shipping-taxable","14":"purchasable","15":"product-type-simple"},"acf":[],"yoast_head":"<!-- This site is optimized with the Yoast SEO Premium plugin v25.3.1 (Yoast SEO v25.3.1) - https:\/\/yoast.com\/wordpress\/plugins\/seo\/ -->\n<title>Tour Privado a Nueva York desde Filadelfia con chofer privado<\/title>\n<meta name=\"description\" content=\"Disfrute de este Tour Privado a Nueva York desde Filadelfia y tenga la oportunidad de conocer la capital de los Estados Unidos.\" \/>\n<meta name=\"robots\" content=\"index, follow, max-snippet:-1, max-image-preview:large, max-video-preview:-1\" \/>\n<link rel=\"canonical\" href=\"https:\/\/tourtravelandmore.com\/es\/tours\/eeuu-es\/filadelfia-es\/filadelfia-actividades-es\/tour-privado-a-nueva-york-desde-filadelfia-2\/\" \/>\n<meta property=\"og:locale\" content=\"es_ES\" \/>\n<meta property=\"og:type\" content=\"article\" \/>\n<meta property=\"og:title\" content=\"Tour Privado a Nueva York desde Filadelfia\" \/>\n<meta property=\"og:description\" content=\"Disfrute de este Tour Privado a Nueva York desde Filadelfia y tenga la oportunidad de conocer la capital de los Estados Unidos.\" \/>\n<meta property=\"og:url\" content=\"https:\/\/tourtravelandmore.com\/es\/tours\/eeuu-es\/filadelfia-es\/filadelfia-actividades-es\/tour-privado-a-nueva-york-desde-filadelfia-2\/\" \/>\n<meta property=\"og:site_name\" content=\"Tour Travel And More\" \/>\n<meta property=\"article:publisher\" content=\"https:\/\/www.facebook.com\/tourtravelandmore\/\" \/>\n<meta property=\"article:modified_time\" content=\"2021-03-04T18:44:34+00:00\" \/>\n<meta property=\"og:image\" content=\"https:\/\/tourtravelandmore.com\/wp-content\/uploads\/2020\/11\/nueva-york-3-scaled.jpg\" \/>\n\t<meta property=\"og:image:width\" content=\"2560\" \/>\n\t<meta property=\"og:image:height\" content=\"1695\" \/>\n\t<meta property=\"og:image:type\" content=\"image\/jpeg\" \/>\n<meta name=\"twitter:card\" content=\"summary_large_image\" \/>\n<meta name=\"twitter:site\" content=\"@TourTravel_More\" \/>\n<meta name=\"twitter:label1\" content=\"Tiempo de lectura\" \/>\n\t<meta name=\"twitter:data1\" content=\"2 minutos\" \/>\n<script type=\"application\/ld+json\" class=\"yoast-schema-graph\">{\"@context\":\"https:\/\/schema.org\",\"@graph\":[{\"@type\":\"WebPage\",\"@id\":\"https:\/\/tourtravelandmore.com\/es\/tours\/eeuu-es\/filadelfia-es\/filadelfia-actividades-es\/tour-privado-a-nueva-york-desde-filadelfia-2\/\",\"url\":\"https:\/\/tourtravelandmore.com\/es\/tours\/eeuu-es\/filadelfia-es\/filadelfia-actividades-es\/tour-privado-a-nueva-york-desde-filadelfia-2\/\",\"name\":\"Tour Privado a Nueva York desde Filadelfia con chofer privado\",\"isPartOf\":{\"@id\":\"https:\/\/tourtravelandmore.com\/es\/#website\"},\"primaryImageOfPage\":{\"@id\":\"https:\/\/tourtravelandmore.com\/es\/tours\/eeuu-es\/filadelfia-es\/filadelfia-actividades-es\/tour-privado-a-nueva-york-desde-filadelfia-2\/#primaryimage\"},\"image\":{\"@id\":\"https:\/\/tourtravelandmore.com\/es\/tours\/eeuu-es\/filadelfia-es\/filadelfia-actividades-es\/tour-privado-a-nueva-york-desde-filadelfia-2\/#primaryimage\"},\"thumbnailUrl\":\"https:\/\/tourtravelandmore.com\/wp-content\/uploads\/2020\/11\/nueva-york-3-scaled.jpg\",\"datePublished\":\"2020-11-17T09:53:33+00:00\",\"dateModified\":\"2021-03-04T18:44:34+00:00\",\"description\":\"Disfrute de este Tour Privado a Nueva York desde Filadelfia y tenga la oportunidad de conocer la capital de los Estados Unidos.\",\"breadcrumb\":{\"@id\":\"https:\/\/tourtravelandmore.com\/es\/tours\/eeuu-es\/filadelfia-es\/filadelfia-actividades-es\/tour-privado-a-nueva-york-desde-filadelfia-2\/#breadcrumb\"},\"inLanguage\":\"es\",\"potentialAction\":[{\"@type\":\"ReadAction\",\"target\":[\"https:\/\/tourtravelandmore.com\/es\/tours\/eeuu-es\/filadelfia-es\/filadelfia-actividades-es\/tour-privado-a-nueva-york-desde-filadelfia-2\/\"]}]},{\"@type\":\"ImageObject\",\"inLanguage\":\"es\",\"@id\":\"https:\/\/tourtravelandmore.com\/es\/tours\/eeuu-es\/filadelfia-es\/filadelfia-actividades-es\/tour-privado-a-nueva-york-desde-filadelfia-2\/#primaryimage\",\"url\":\"https:\/\/tourtravelandmore.com\/wp-content\/uploads\/2020\/11\/nueva-york-3-scaled.jpg\",\"contentUrl\":\"https:\/\/tourtravelandmore.com\/wp-content\/uploads\/2020\/11\/nueva-york-3-scaled.jpg\",\"width\":2560,\"height\":1695},{\"@type\":\"BreadcrumbList\",\"@id\":\"https:\/\/tourtravelandmore.com\/es\/tours\/eeuu-es\/filadelfia-es\/filadelfia-actividades-es\/tour-privado-a-nueva-york-desde-filadelfia-2\/#breadcrumb\",\"itemListElement\":[{\"@type\":\"ListItem\",\"position\":1,\"name\":\"Home\",\"item\":\"https:\/\/tourtravelandmore.com\/es\/\"},{\"@type\":\"ListItem\",\"position\":2,\"name\":\"Tours\",\"item\":\"https:\/\/tourtravelandmore.com\/es\/tours\/\"},{\"@type\":\"ListItem\",\"position\":3,\"name\":\"Tour Privado a Nueva York desde Filadelfia\"}]},{\"@type\":\"WebSite\",\"@id\":\"https:\/\/tourtravelandmore.com\/es\/#website\",\"url\":\"https:\/\/tourtravelandmore.com\/es\/\",\"name\":\"Tour Travel And More\",\"description\":\"Private sightseeing tours and luxury transfers in Spain\",\"publisher\":{\"@id\":\"https:\/\/tourtravelandmore.com\/es\/#organization\"},\"potentialAction\":[{\"@type\":\"SearchAction\",\"target\":{\"@type\":\"EntryPoint\",\"urlTemplate\":\"https:\/\/tourtravelandmore.com\/es\/?s={search_term_string}\"},\"query-input\":{\"@type\":\"PropertyValueSpecification\",\"valueRequired\":true,\"valueName\":\"search_term_string\"}}],\"inLanguage\":\"es\"},{\"@type\":\"Organization\",\"@id\":\"https:\/\/tourtravelandmore.com\/es\/#organization\",\"name\":\"Tour Travel And More\",\"url\":\"https:\/\/tourtravelandmore.com\/es\/\",\"logo\":{\"@type\":\"ImageObject\",\"inLanguage\":\"es\",\"@id\":\"https:\/\/tourtravelandmore.com\/es\/#\/schema\/logo\/image\/\",\"url\":\"https:\/\/tourtravelandmore.com\/wp-content\/uploads\/2022\/12\/cropped-logo-cabecera-new.png\",\"contentUrl\":\"https:\/\/tourtravelandmore.com\/wp-content\/uploads\/2022\/12\/cropped-logo-cabecera-new.png\",\"width\":430,\"height\":61,\"caption\":\"Tour Travel And More\"},\"image\":{\"@id\":\"https:\/\/tourtravelandmore.com\/es\/#\/schema\/logo\/image\/\"},\"sameAs\":[\"https:\/\/www.facebook.com\/tourtravelandmore\/\",\"https:\/\/x.com\/TourTravel_More\"]}]}<\/script>\n<!-- \/ Yoast SEO Premium plugin. -->","yoast_head_json":{"title":"Tour Privado a Nueva York desde Filadelfia con chofer privado","description":"Disfrute de este Tour Privado a Nueva York desde Filadelfia y tenga la oportunidad de conocer la capital de los Estados Unidos.","robots":{"index":"index","follow":"follow","max-snippet":"max-snippet:-1","max-image-preview":"max-image-preview:large","max-video-preview":"max-video-preview:-1"},"canonical":"https:\/\/tourtravelandmore.com\/es\/tours\/eeuu-es\/filadelfia-es\/filadelfia-actividades-es\/tour-privado-a-nueva-york-desde-filadelfia-2\/","og_locale":"es_ES","og_type":"article","og_title":"Tour Privado a Nueva York desde Filadelfia","og_description":"Disfrute de este Tour Privado a Nueva York desde Filadelfia y tenga la oportunidad de conocer la capital de los Estados Unidos.","og_url":"https:\/\/tourtravelandmore.com\/es\/tours\/eeuu-es\/filadelfia-es\/filadelfia-actividades-es\/tour-privado-a-nueva-york-desde-filadelfia-2\/","og_site_name":"Tour Travel And More","article_publisher":"https:\/\/www.facebook.com\/tourtravelandmore\/","article_modified_time":"2021-03-04T18:44:34+00:00","og_image":[{"width":2560,"height":1695,"url":"https:\/\/tourtravelandmore.com\/wp-content\/uploads\/2020\/11\/nueva-york-3-scaled.jpg","type":"image\/jpeg"}],"twitter_card":"summary_large_image","twitter_site":"@TourTravel_More","twitter_misc":{"Tiempo de lectura":"2 minutos"},"schema":{"@context":"https:\/\/schema.org","@graph":[{"@type":"WebPage","@id":"https:\/\/tourtravelandmore.com\/es\/tours\/eeuu-es\/filadelfia-es\/filadelfia-actividades-es\/tour-privado-a-nueva-york-desde-filadelfia-2\/","url":"https:\/\/tourtravelandmore.com\/es\/tours\/eeuu-es\/filadelfia-es\/filadelfia-actividades-es\/tour-privado-a-nueva-york-desde-filadelfia-2\/","name":"Tour Privado a Nueva York desde Filadelfia con chofer privado","isPartOf":{"@id":"https:\/\/tourtravelandmore.com\/es\/#website"},"primaryImageOfPage":{"@id":"https:\/\/tourtravelandmore.com\/es\/tours\/eeuu-es\/filadelfia-es\/filadelfia-actividades-es\/tour-privado-a-nueva-york-desde-filadelfia-2\/#primaryimage"},"image":{"@id":"https:\/\/tourtravelandmore.com\/es\/tours\/eeuu-es\/filadelfia-es\/filadelfia-actividades-es\/tour-privado-a-nueva-york-desde-filadelfia-2\/#primaryimage"},"thumbnailUrl":"https:\/\/tourtravelandmore.com\/wp-content\/uploads\/2020\/11\/nueva-york-3-scaled.jpg","datePublished":"2020-11-17T09:53:33+00:00","dateModified":"2021-03-04T18:44:34+00:00","description":"Disfrute de este Tour Privado a Nueva York desde Filadelfia y tenga la oportunidad de conocer la capital de los Estados Unidos.","breadcrumb":{"@id":"https:\/\/tourtravelandmore.com\/es\/tours\/eeuu-es\/filadelfia-es\/filadelfia-actividades-es\/tour-privado-a-nueva-york-desde-filadelfia-2\/#breadcrumb"},"inLanguage":"es","potentialAction":[{"@type":"ReadAction","target":["https:\/\/tourtravelandmore.com\/es\/tours\/eeuu-es\/filadelfia-es\/filadelfia-actividades-es\/tour-privado-a-nueva-york-desde-filadelfia-2\/"]}]},{"@type":"ImageObject","inLanguage":"es","@id":"https:\/\/tourtravelandmore.com\/es\/tours\/eeuu-es\/filadelfia-es\/filadelfia-actividades-es\/tour-privado-a-nueva-york-desde-filadelfia-2\/#primaryimage","url":"https:\/\/tourtravelandmore.com\/wp-content\/uploads\/2020\/11\/nueva-york-3-scaled.jpg","contentUrl":"https:\/\/tourtravelandmore.com\/wp-content\/uploads\/2020\/11\/nueva-york-3-scaled.jpg","width":2560,"height":1695},{"@type":"BreadcrumbList","@id":"https:\/\/tourtravelandmore.com\/es\/tours\/eeuu-es\/filadelfia-es\/filadelfia-actividades-es\/tour-privado-a-nueva-york-desde-filadelfia-2\/#breadcrumb","itemListElement":[{"@type":"ListItem","position":1,"name":"Home","item":"https:\/\/tourtravelandmore.com\/es\/"},{"@type":"ListItem","position":2,"name":"Tours","item":"https:\/\/tourtravelandmore.com\/es\/tours\/"},{"@type":"ListItem","position":3,"name":"Tour Privado a Nueva York desde Filadelfia"}]},{"@type":"WebSite","@id":"https:\/\/tourtravelandmore.com\/es\/#website","url":"https:\/\/tourtravelandmore.com\/es\/","name":"Tour Travel And More","description":"Private sightseeing tours and luxury transfers in Spain","publisher":{"@id":"https:\/\/tourtravelandmore.com\/es\/#organization"},"potentialAction":[{"@type":"SearchAction","target":{"@type":"EntryPoint","urlTemplate":"https:\/\/tourtravelandmore.com\/es\/?s={search_term_string}"},"query-input":{"@type":"PropertyValueSpecification","valueRequired":true,"valueName":"search_term_string"}}],"inLanguage":"es"},{"@type":"Organization","@id":"https:\/\/tourtravelandmore.com\/es\/#organization","name":"Tour Travel And More","url":"https:\/\/tourtravelandmore.com\/es\/","logo":{"@type":"ImageObject","inLanguage":"es","@id":"https:\/\/tourtravelandmore.com\/es\/#\/schema\/logo\/image\/","url":"https:\/\/tourtravelandmore.com\/wp-content\/uploads\/2022\/12\/cropped-logo-cabecera-new.png","contentUrl":"https:\/\/tourtravelandmore.com\/wp-content\/uploads\/2022\/12\/cropped-logo-cabecera-new.png","width":430,"height":61,"caption":"Tour Travel And More"},"image":{"@id":"https:\/\/tourtravelandmore.com\/es\/#\/schema\/logo\/image\/"},"sameAs":["https:\/\/www.facebook.com\/tourtravelandmore\/","https:\/\/x.com\/TourTravel_More"]}]}},"_links":{"self":[{"href":"https:\/\/tourtravelandmore.com\/es\/wp-json\/wp\/v2\/product\/87127","targetHints":{"allow":["GET"]}}],"collection":[{"href":"https:\/\/tourtravelandmore.com\/es\/wp-json\/wp\/v2\/product"}],"about":[{"href":"https:\/\/tourtravelandmore.com\/es\/wp-json\/wp\/v2\/types\/product"}],"replies":[{"embeddable":true,"href":"https:\/\/tourtravelandmore.com\/es\/wp-json\/wp\/v2\/comments?post=87127"}],"wp:featuredmedia":[{"embeddable":true,"href":"https:\/\/tourtravelandmore.com\/es\/wp-json\/wp\/v2\/media\/86536"}],"wp:attachment":[{"href":"https:\/\/tourtravelandmore.com\/es\/wp-json\/wp\/v2\/media?parent=87127"}],"wp:term":[{"taxonomy":"product_brand","embeddable":true,"href":"https:\/\/tourtravelandmore.com\/es\/wp-json\/wp\/v2\/product_brand?post=87127"},{"taxonomy":"product_cat","embeddable":true,"href":"https:\/\/tourtravelandmore.com\/es\/wp-json\/wp\/v2\/product_cat?post=87127"},{"taxonomy":"product_tag","embeddable":true,"href":"https:\/\/tourtravelandmore.com\/es\/wp-json\/wp\/v2\/product_tag?post=87127"}],"curies":[{"name":"wp","href":"https:\/\/api.w.org\/{rel}","templated":true}]}}