{"id":87107,"date":"2020-11-17T10:24:33","date_gmt":"2020-11-17T09:24:34","guid":{"rendered":"https:\/\/tourtravelandmore.com\/?post_type=product&#038;p=87107"},"modified":"2021-07-09T18:26:37","modified_gmt":"2021-07-09T16:26:37","slug":"tour-privado-a-los-angeles-desde-san-diego-2","status":"publish","type":"product","link":"https:\/\/tourtravelandmore.com\/es\/tours\/eeuu-es\/san-diego-es\/san-diego-actividades-es\/tour-privado-a-los-angeles-desde-san-diego-2\/","title":{"rendered":"Tour Privado a Los Angeles desde San Diego"},"content":{"rendered":"<h2 id=\"tw-target-text\" class=\"tw-data-text tw-text-large XcVN5d tw-ta\" dir=\"ltr\" data-placeholder=\"Traducci\u00f3n\"><span lang=\"es\">Descripci\u00f3n del Tour hacia Los Angeles desde San Diego California<\/span><\/h2>\n<p>Cuando piensas en tus vacaciones en Estados Unidos, seguro que piensas tambi\u00e9n en <strong>Los Angeles<\/strong>, \u00bfestamos en lo correcto?. \u00a1Pues claro que si! Ven con nosotros en este <strong>tour privado a Los Angeles desde San Diego<\/strong> y aproveche la oportunidad de visitar esta incre\u00edble ciudad. Disfrutar\u00e1 de un tour privado de d\u00eda completo c\u00f3modo en un <strong>veh\u00edculo privado de lujo con conductor independiente<\/strong>.<\/p>\n<p>Como se trata de un tour privado, la recogida ser\u00e1 en el lugar que elijas en San Diego. Tambi\u00e9n podr\u00e1 determinar su hora de inicio del tour, pero le recomendamos que sea temprano en la ma\u00f1ana.<\/p>\n<p><strong>Los Angeles<\/strong> es una ciudad en crecimiento ubicada en el sur de California. Como ya sabemos, es el centro de la industria televisiva y cinematogr\u00e1fica. Es el lugar elegido por quien quiere convertirse en una celebridad, por eso y mucho m\u00e1s, \u00a1Los Angeles es un lugar \u00fanico en el mundo!<\/p>\n<p>Tendr\u00e1 la ventaja de estar con un <strong>gu\u00eda tur\u00edstico local privado<\/strong> durante un recorrido de 4 horas. Tenga la oportunidad de visitar sitios \u00fanicos como Beverly Hills, el letrero de Hollywood, el Getty Center y mucho m\u00e1s durante este tour privado a Los Angeles desde San Diego.<\/p>\n<h2 id=\"tw-target-text\" class=\"tw-data-text tw-text-large XcVN5d tw-ta\" dir=\"ltr\" data-placeholder=\"Traducci\u00f3n\">Puntos de inter\u00e9s<\/h2>\n<p>Este tour privado comenzar\u00e1 en el lugar deseado en San Diego, donde su conductor privado lo recoger\u00e1. <span class=\"JLqJ4b ChMk0b\" data-language-for-alternatives=\"es\" data-language-to-translate-into=\"en\" data-phrase-index=\"1\">Disfrutar\u00e1 de un viaje de aproximadamente una hora y cincuenta minutos hasta Los Angeles. Una vez en esta hermosa ciudad, se reunir\u00e1 con su gu\u00eda tur\u00edstico oficial privado. <\/span><\/p>\n<p><span class=\"JLqJ4b ChMk0b\" data-language-for-alternatives=\"es\" data-language-to-translate-into=\"en\" data-phrase-index=\"1\"><span class=\"JLqJ4b\" data-language-for-alternatives=\"es\" data-language-to-translate-into=\"en\" data-phrase-index=\"3\">Durante este tour privado a Los Angeles, te sumergir\u00e1s en el mundo de Hollywood de las celebridades. Tu gu\u00eda privado te contar\u00e1 toda la historias que quieras conocer sobre tu actor o actriz favorita.<\/span><\/span><\/p>\n<p><span class=\"JLqJ4b ChMk0b\" data-language-for-alternatives=\"es\" data-language-to-translate-into=\"en\" data-phrase-index=\"1\"><span class=\"JLqJ4b\" data-language-for-alternatives=\"es\" data-language-to-translate-into=\"en\" data-phrase-index=\"3\">Sitios y lugares que visitar\u00e1 en este tour privado:<\/span><\/span><\/p>\n<ul>\n<li><strong>Letrero de Hollywood<\/strong>: el letrero fue creado en 1923 y es un hito muy popular por el que Los Angeles es famosa.<\/li>\n<li><span class=\"JLqJ4b\" data-language-for-alternatives=\"es\" data-language-to-translate-into=\"en\" data-phrase-index=\"1\"><span class=\"JLqJ4b ChMk0b\" data-language-for-alternatives=\"es\" data-language-to-translate-into=\"en\" data-phrase-index=\"2\"><strong>Canales de Venecia<\/strong>: esta es una parte divertida y hermosa de Venecia en Los Angeles <\/span><\/span><\/li>\n<li><span class=\"JLqJ4b\" data-language-for-alternatives=\"es\" data-language-to-translate-into=\"en\" data-phrase-index=\"1\"><span class=\"JLqJ4b ChMk0b\" data-language-for-alternatives=\"es\" data-language-to-translate-into=\"en\" data-phrase-index=\"2\"><strong>Venecia<\/strong>: aqu\u00ed podr\u00e1 disfrutar de un r\u00e1pido paseo por el oc\u00e9ano, el letrero de Venecia y mucho m\u00e1s <\/span><\/span><\/li>\n<li><span class=\"JLqJ4b\" data-language-for-alternatives=\"es\" data-language-to-translate-into=\"en\" data-phrase-index=\"1\"><span class=\"JLqJ4b ChMk0b\" data-language-for-alternatives=\"es\" data-language-to-translate-into=\"en\" data-phrase-index=\"2\"><a href=\"https:\/\/www.laparks.org\/griffithpark\/griffith-park-home-page\">Parque Griffith<\/a>: disfrute de una vista r\u00e1pida del parque municipal en uno de los extremos de las monta\u00f1as de Santa M\u00f3nica <\/span><\/span><\/li>\n<li><span class=\"JLqJ4b\" data-language-for-alternatives=\"es\" data-language-to-translate-into=\"en\" data-phrase-index=\"1\"><span class=\"JLqJ4b ChMk0b\" data-language-for-alternatives=\"es\" data-language-to-translate-into=\"en\" data-phrase-index=\"2\"><strong>Observatorio Griffith<\/strong>: es popular entre los turistas y tiene una hermosa vista del famoso letrero de Hollywood <\/span><\/span><\/li>\n<li><span class=\"JLqJ4b\" data-language-for-alternatives=\"es\" data-language-to-translate-into=\"en\" data-phrase-index=\"1\"><span class=\"JLqJ4b ChMk0b\" data-language-for-alternatives=\"es\" data-language-to-translate-into=\"en\" data-phrase-index=\"2\"><strong>Paseo de la fama de Hollywood<\/strong>: esta es una parada fotogr\u00e1fica obligada para todos los amantes del cine <\/span><\/span><\/li>\n<li><span class=\"JLqJ4b\" data-language-for-alternatives=\"es\" data-language-to-translate-into=\"en\" data-phrase-index=\"1\"><span class=\"JLqJ4b ChMk0b\" data-language-for-alternatives=\"es\" data-language-to-translate-into=\"en\" data-phrase-index=\"2\"><strong>Teatro chino de Garuman<\/strong>: ubicado en el paseo de la fama de Hollywood<\/span><\/span><\/li>\n<li><strong><span class=\"JLqJ4b\" data-language-for-alternatives=\"es\" data-language-to-translate-into=\"en\" data-phrase-index=\"1\"><span class=\"JLqJ4b ChMk0b\" data-language-for-alternatives=\"es\" data-language-to-translate-into=\"en\" data-phrase-index=\"2\"> \u00a1Y mucho m\u00e1s!<\/span><\/span><\/strong><\/li>\n<\/ul>\n<p>En caso de que lo prefieras, podemos incluir m\u00e1s horas a tu experiencia para que disfrutes de Los Angeles al m\u00e1ximo.\u00a0<span class=\"JLqJ4b ChMk0b\" data-language-for-alternatives=\"es\" data-language-to-translate-into=\"en\" data-phrase-index=\"1\">Este es un tour privado y personalizado, as\u00ed que si tiene algo en mente, h\u00e1ganoslo saber. Nos encargaremos de todo por usted.<\/span><\/p>\n<p><span class=\"JLqJ4b ChMk0b\" data-language-for-alternatives=\"es\" data-language-to-translate-into=\"en\" data-phrase-index=\"1\"><span class=\"JLqJ4b\" data-language-for-alternatives=\"es\" data-language-to-translate-into=\"en\" data-phrase-index=\"3\">Finalmente, al final de la visita, su conductor privado lo llevar\u00e1 de regreso a San Diego. <\/span><\/span><\/p>\n<p><span class=\"JLqJ4b ChMk0b\" data-language-for-alternatives=\"es\" data-language-to-translate-into=\"en\" data-phrase-index=\"1\"><span class=\"JLqJ4b\" data-language-for-alternatives=\"es\" data-language-to-translate-into=\"en\" data-phrase-index=\"3\">Si est\u00e1 buscando otra opci\u00f3n de tour de d\u00eda completo, eche un vistazo a <a href=\"https:\/\/tourtravelandmore.com\/es\/tours\/eeuu-es\/san-diego-es\/san-diego-actividades-es\/tour-privado-a-la-costa-de-baja-california-desde-san-diego\/\">nuestro tour privado a baja California desde San Diego<\/a>.<\/span><\/span><\/p>\n<div id=\"gtx-trans\" style=\"position: absolute; left: 38px; top: 903.625px;\">\n<div class=\"gtx-trans-icon\"><\/div>\n<\/div>\n","protected":false},"excerpt":{"rendered":"<p id=\"tw-target-text\" class=\"tw-data-text tw-text-large XcVN5d tw-ta\" dir=\"ltr\" data-placeholder=\"Traducci\u00f3n\"><span class=\"JLqJ4b ChMk0b\" data-language-for-alternatives=\"es\" data-language-to-translate-into=\"en\" data-phrase-index=\"1\">Los Angeles es una hermosa ciudad al sur de California que vale le pena visitar. Tendr\u00e1 a su total disposici\u00f3n un <strong>veh\u00edculo de lujo privado con chofer y un gu\u00eda oficial local<\/strong> para explorar la ciudad al m\u00e1ximo.<\/span><\/p>\n","protected":false},"featured_media":86031,"comment_status":"open","ping_status":"closed","template":"","meta":{"_acf_changed":false},"product_brand":[],"product_cat":[1602,2738,2741,2744],"product_tag":[],"class_list":{"0":"post-87107","1":"product","2":"type-product","3":"status-publish","4":"has-post-thumbnail","6":"product_cat-eeuu-es","7":"product_cat-san-diego-es","8":"product_cat-san-diego-actividades-es","9":"product_cat-san-diego-tours-privados-es","11":"first","12":"instock","13":"shipping-taxable","14":"purchasable","15":"product-type-simple"},"acf":[],"yoast_head":"<!-- This site is optimized with the Yoast SEO Premium plugin v25.3.1 (Yoast SEO v25.3.1) - https:\/\/yoast.com\/wordpress\/plugins\/seo\/ -->\n<title>Tour Privado a Los Angeles desde San Diego &amp; Gu\u00eda | Tour Travel &amp; More<\/title>\n<meta name=\"description\" content=\"\u2192 Reserve este Tour Privado a Los Angeles desde San Diego. Acompa\u00f1enos a conocer una de las ciudades mas hermosas de los Estados Unidos \u2705\" \/>\n<meta name=\"robots\" content=\"index, follow, max-snippet:-1, max-image-preview:large, max-video-preview:-1\" \/>\n<link rel=\"canonical\" href=\"https:\/\/tourtravelandmore.com\/es\/tours\/eeuu-es\/san-diego-es\/san-diego-actividades-es\/tour-privado-a-los-angeles-desde-san-diego-2\/\" \/>\n<meta property=\"og:locale\" content=\"es_ES\" \/>\n<meta property=\"og:type\" content=\"article\" \/>\n<meta property=\"og:title\" content=\"Tour Privado a Los Angeles desde San Diego\" \/>\n<meta property=\"og:description\" content=\"\u2192 Reserve este Tour Privado a Los Angeles desde San Diego. Acompa\u00f1enos a conocer una de las ciudades mas hermosas de los Estados Unidos \u2705\" \/>\n<meta property=\"og:url\" content=\"https:\/\/tourtravelandmore.com\/es\/tours\/eeuu-es\/san-diego-es\/san-diego-actividades-es\/tour-privado-a-los-angeles-desde-san-diego-2\/\" \/>\n<meta property=\"og:site_name\" content=\"Tour Travel And More\" \/>\n<meta property=\"article:publisher\" content=\"https:\/\/www.facebook.com\/tourtravelandmore\/\" \/>\n<meta property=\"article:modified_time\" content=\"2021-07-09T16:26:37+00:00\" \/>\n<meta property=\"og:image\" content=\"https:\/\/tourtravelandmore.com\/wp-content\/uploads\/2020\/11\/los-angeles-6.jpg\" \/>\n\t<meta property=\"og:image:width\" content=\"910\" \/>\n\t<meta property=\"og:image:height\" content=\"657\" \/>\n\t<meta property=\"og:image:type\" content=\"image\/jpeg\" \/>\n<meta name=\"twitter:card\" content=\"summary_large_image\" \/>\n<meta name=\"twitter:site\" content=\"@TourTravel_More\" \/>\n<meta name=\"twitter:label1\" content=\"Tiempo de lectura\" \/>\n\t<meta name=\"twitter:data1\" content=\"3 minutos\" \/>\n<script type=\"application\/ld+json\" class=\"yoast-schema-graph\">{\"@context\":\"https:\/\/schema.org\",\"@graph\":[{\"@type\":\"WebPage\",\"@id\":\"https:\/\/tourtravelandmore.com\/es\/tours\/eeuu-es\/san-diego-es\/san-diego-actividades-es\/tour-privado-a-los-angeles-desde-san-diego-2\/\",\"url\":\"https:\/\/tourtravelandmore.com\/es\/tours\/eeuu-es\/san-diego-es\/san-diego-actividades-es\/tour-privado-a-los-angeles-desde-san-diego-2\/\",\"name\":\"Tour Privado a Los Angeles desde San Diego & Gu\u00eda | Tour Travel & More\",\"isPartOf\":{\"@id\":\"https:\/\/tourtravelandmore.com\/es\/#website\"},\"primaryImageOfPage\":{\"@id\":\"https:\/\/tourtravelandmore.com\/es\/tours\/eeuu-es\/san-diego-es\/san-diego-actividades-es\/tour-privado-a-los-angeles-desde-san-diego-2\/#primaryimage\"},\"image\":{\"@id\":\"https:\/\/tourtravelandmore.com\/es\/tours\/eeuu-es\/san-diego-es\/san-diego-actividades-es\/tour-privado-a-los-angeles-desde-san-diego-2\/#primaryimage\"},\"thumbnailUrl\":\"https:\/\/tourtravelandmore.com\/wp-content\/uploads\/2020\/11\/los-angeles-6.jpg\",\"datePublished\":\"2020-11-17T09:24:34+00:00\",\"dateModified\":\"2021-07-09T16:26:37+00:00\",\"description\":\"\u2192 Reserve este Tour Privado a Los Angeles desde San Diego. Acompa\u00f1enos a conocer una de las ciudades mas hermosas de los Estados Unidos \u2705\",\"breadcrumb\":{\"@id\":\"https:\/\/tourtravelandmore.com\/es\/tours\/eeuu-es\/san-diego-es\/san-diego-actividades-es\/tour-privado-a-los-angeles-desde-san-diego-2\/#breadcrumb\"},\"inLanguage\":\"es\",\"potentialAction\":[{\"@type\":\"ReadAction\",\"target\":[\"https:\/\/tourtravelandmore.com\/es\/tours\/eeuu-es\/san-diego-es\/san-diego-actividades-es\/tour-privado-a-los-angeles-desde-san-diego-2\/\"]}]},{\"@type\":\"ImageObject\",\"inLanguage\":\"es\",\"@id\":\"https:\/\/tourtravelandmore.com\/es\/tours\/eeuu-es\/san-diego-es\/san-diego-actividades-es\/tour-privado-a-los-angeles-desde-san-diego-2\/#primaryimage\",\"url\":\"https:\/\/tourtravelandmore.com\/wp-content\/uploads\/2020\/11\/los-angeles-6.jpg\",\"contentUrl\":\"https:\/\/tourtravelandmore.com\/wp-content\/uploads\/2020\/11\/los-angeles-6.jpg\",\"width\":910,\"height\":657},{\"@type\":\"BreadcrumbList\",\"@id\":\"https:\/\/tourtravelandmore.com\/es\/tours\/eeuu-es\/san-diego-es\/san-diego-actividades-es\/tour-privado-a-los-angeles-desde-san-diego-2\/#breadcrumb\",\"itemListElement\":[{\"@type\":\"ListItem\",\"position\":1,\"name\":\"Home\",\"item\":\"https:\/\/tourtravelandmore.com\/es\/\"},{\"@type\":\"ListItem\",\"position\":2,\"name\":\"Tours\",\"item\":\"https:\/\/tourtravelandmore.com\/es\/tours\/\"},{\"@type\":\"ListItem\",\"position\":3,\"name\":\"Tour Privado a Los Angeles desde San Diego\"}]},{\"@type\":\"WebSite\",\"@id\":\"https:\/\/tourtravelandmore.com\/es\/#website\",\"url\":\"https:\/\/tourtravelandmore.com\/es\/\",\"name\":\"Tour Travel And More\",\"description\":\"Private sightseeing tours and luxury transfers in Spain\",\"publisher\":{\"@id\":\"https:\/\/tourtravelandmore.com\/es\/#organization\"},\"potentialAction\":[{\"@type\":\"SearchAction\",\"target\":{\"@type\":\"EntryPoint\",\"urlTemplate\":\"https:\/\/tourtravelandmore.com\/es\/?s={search_term_string}\"},\"query-input\":{\"@type\":\"PropertyValueSpecification\",\"valueRequired\":true,\"valueName\":\"search_term_string\"}}],\"inLanguage\":\"es\"},{\"@type\":\"Organization\",\"@id\":\"https:\/\/tourtravelandmore.com\/es\/#organization\",\"name\":\"Tour Travel And More\",\"url\":\"https:\/\/tourtravelandmore.com\/es\/\",\"logo\":{\"@type\":\"ImageObject\",\"inLanguage\":\"es\",\"@id\":\"https:\/\/tourtravelandmore.com\/es\/#\/schema\/logo\/image\/\",\"url\":\"https:\/\/tourtravelandmore.com\/wp-content\/uploads\/2022\/12\/cropped-logo-cabecera-new.png\",\"contentUrl\":\"https:\/\/tourtravelandmore.com\/wp-content\/uploads\/2022\/12\/cropped-logo-cabecera-new.png\",\"width\":430,\"height\":61,\"caption\":\"Tour Travel And More\"},\"image\":{\"@id\":\"https:\/\/tourtravelandmore.com\/es\/#\/schema\/logo\/image\/\"},\"sameAs\":[\"https:\/\/www.facebook.com\/tourtravelandmore\/\",\"https:\/\/x.com\/TourTravel_More\"]}]}<\/script>\n<!-- \/ Yoast SEO Premium plugin. -->","yoast_head_json":{"title":"Tour Privado a Los Angeles desde San Diego & Gu\u00eda | Tour Travel & More","description":"\u2192 Reserve este Tour Privado a Los Angeles desde San Diego. Acompa\u00f1enos a conocer una de las ciudades mas hermosas de los Estados Unidos \u2705","robots":{"index":"index","follow":"follow","max-snippet":"max-snippet:-1","max-image-preview":"max-image-preview:large","max-video-preview":"max-video-preview:-1"},"canonical":"https:\/\/tourtravelandmore.com\/es\/tours\/eeuu-es\/san-diego-es\/san-diego-actividades-es\/tour-privado-a-los-angeles-desde-san-diego-2\/","og_locale":"es_ES","og_type":"article","og_title":"Tour Privado a Los Angeles desde San Diego","og_description":"\u2192 Reserve este Tour Privado a Los Angeles desde San Diego. Acompa\u00f1enos a conocer una de las ciudades mas hermosas de los Estados Unidos \u2705","og_url":"https:\/\/tourtravelandmore.com\/es\/tours\/eeuu-es\/san-diego-es\/san-diego-actividades-es\/tour-privado-a-los-angeles-desde-san-diego-2\/","og_site_name":"Tour Travel And More","article_publisher":"https:\/\/www.facebook.com\/tourtravelandmore\/","article_modified_time":"2021-07-09T16:26:37+00:00","og_image":[{"width":910,"height":657,"url":"https:\/\/tourtravelandmore.com\/wp-content\/uploads\/2020\/11\/los-angeles-6.jpg","type":"image\/jpeg"}],"twitter_card":"summary_large_image","twitter_site":"@TourTravel_More","twitter_misc":{"Tiempo de lectura":"3 minutos"},"schema":{"@context":"https:\/\/schema.org","@graph":[{"@type":"WebPage","@id":"https:\/\/tourtravelandmore.com\/es\/tours\/eeuu-es\/san-diego-es\/san-diego-actividades-es\/tour-privado-a-los-angeles-desde-san-diego-2\/","url":"https:\/\/tourtravelandmore.com\/es\/tours\/eeuu-es\/san-diego-es\/san-diego-actividades-es\/tour-privado-a-los-angeles-desde-san-diego-2\/","name":"Tour Privado a Los Angeles desde San Diego & Gu\u00eda | Tour Travel & More","isPartOf":{"@id":"https:\/\/tourtravelandmore.com\/es\/#website"},"primaryImageOfPage":{"@id":"https:\/\/tourtravelandmore.com\/es\/tours\/eeuu-es\/san-diego-es\/san-diego-actividades-es\/tour-privado-a-los-angeles-desde-san-diego-2\/#primaryimage"},"image":{"@id":"https:\/\/tourtravelandmore.com\/es\/tours\/eeuu-es\/san-diego-es\/san-diego-actividades-es\/tour-privado-a-los-angeles-desde-san-diego-2\/#primaryimage"},"thumbnailUrl":"https:\/\/tourtravelandmore.com\/wp-content\/uploads\/2020\/11\/los-angeles-6.jpg","datePublished":"2020-11-17T09:24:34+00:00","dateModified":"2021-07-09T16:26:37+00:00","description":"\u2192 Reserve este Tour Privado a Los Angeles desde San Diego. Acompa\u00f1enos a conocer una de las ciudades mas hermosas de los Estados Unidos \u2705","breadcrumb":{"@id":"https:\/\/tourtravelandmore.com\/es\/tours\/eeuu-es\/san-diego-es\/san-diego-actividades-es\/tour-privado-a-los-angeles-desde-san-diego-2\/#breadcrumb"},"inLanguage":"es","potentialAction":[{"@type":"ReadAction","target":["https:\/\/tourtravelandmore.com\/es\/tours\/eeuu-es\/san-diego-es\/san-diego-actividades-es\/tour-privado-a-los-angeles-desde-san-diego-2\/"]}]},{"@type":"ImageObject","inLanguage":"es","@id":"https:\/\/tourtravelandmore.com\/es\/tours\/eeuu-es\/san-diego-es\/san-diego-actividades-es\/tour-privado-a-los-angeles-desde-san-diego-2\/#primaryimage","url":"https:\/\/tourtravelandmore.com\/wp-content\/uploads\/2020\/11\/los-angeles-6.jpg","contentUrl":"https:\/\/tourtravelandmore.com\/wp-content\/uploads\/2020\/11\/los-angeles-6.jpg","width":910,"height":657},{"@type":"BreadcrumbList","@id":"https:\/\/tourtravelandmore.com\/es\/tours\/eeuu-es\/san-diego-es\/san-diego-actividades-es\/tour-privado-a-los-angeles-desde-san-diego-2\/#breadcrumb","itemListElement":[{"@type":"ListItem","position":1,"name":"Home","item":"https:\/\/tourtravelandmore.com\/es\/"},{"@type":"ListItem","position":2,"name":"Tours","item":"https:\/\/tourtravelandmore.com\/es\/tours\/"},{"@type":"ListItem","position":3,"name":"Tour Privado a Los Angeles desde San Diego"}]},{"@type":"WebSite","@id":"https:\/\/tourtravelandmore.com\/es\/#website","url":"https:\/\/tourtravelandmore.com\/es\/","name":"Tour Travel And More","description":"Private sightseeing tours and luxury transfers in Spain","publisher":{"@id":"https:\/\/tourtravelandmore.com\/es\/#organization"},"potentialAction":[{"@type":"SearchAction","target":{"@type":"EntryPoint","urlTemplate":"https:\/\/tourtravelandmore.com\/es\/?s={search_term_string}"},"query-input":{"@type":"PropertyValueSpecification","valueRequired":true,"valueName":"search_term_string"}}],"inLanguage":"es"},{"@type":"Organization","@id":"https:\/\/tourtravelandmore.com\/es\/#organization","name":"Tour Travel And More","url":"https:\/\/tourtravelandmore.com\/es\/","logo":{"@type":"ImageObject","inLanguage":"es","@id":"https:\/\/tourtravelandmore.com\/es\/#\/schema\/logo\/image\/","url":"https:\/\/tourtravelandmore.com\/wp-content\/uploads\/2022\/12\/cropped-logo-cabecera-new.png","contentUrl":"https:\/\/tourtravelandmore.com\/wp-content\/uploads\/2022\/12\/cropped-logo-cabecera-new.png","width":430,"height":61,"caption":"Tour Travel And More"},"image":{"@id":"https:\/\/tourtravelandmore.com\/es\/#\/schema\/logo\/image\/"},"sameAs":["https:\/\/www.facebook.com\/tourtravelandmore\/","https:\/\/x.com\/TourTravel_More"]}]}},"_links":{"self":[{"href":"https:\/\/tourtravelandmore.com\/es\/wp-json\/wp\/v2\/product\/87107","targetHints":{"allow":["GET"]}}],"collection":[{"href":"https:\/\/tourtravelandmore.com\/es\/wp-json\/wp\/v2\/product"}],"about":[{"href":"https:\/\/tourtravelandmore.com\/es\/wp-json\/wp\/v2\/types\/product"}],"replies":[{"embeddable":true,"href":"https:\/\/tourtravelandmore.com\/es\/wp-json\/wp\/v2\/comments?post=87107"}],"wp:featuredmedia":[{"embeddable":true,"href":"https:\/\/tourtravelandmore.com\/es\/wp-json\/wp\/v2\/media\/86031"}],"wp:attachment":[{"href":"https:\/\/tourtravelandmore.com\/es\/wp-json\/wp\/v2\/media?parent=87107"}],"wp:term":[{"taxonomy":"product_brand","embeddable":true,"href":"https:\/\/tourtravelandmore.com\/es\/wp-json\/wp\/v2\/product_brand?post=87107"},{"taxonomy":"product_cat","embeddable":true,"href":"https:\/\/tourtravelandmore.com\/es\/wp-json\/wp\/v2\/product_cat?post=87107"},{"taxonomy":"product_tag","embeddable":true,"href":"https:\/\/tourtravelandmore.com\/es\/wp-json\/wp\/v2\/product_tag?post=87107"}],"curies":[{"name":"wp","href":"https:\/\/api.w.org\/{rel}","templated":true}]}}