{"id":871,"date":"2016-03-10T19:29:52","date_gmt":"2016-04-15T16:53:10","guid":{"rendered":"http:\/\/tourtravelandmore.com\/?post_type=product&#038;p=871&#038;lang=es"},"modified":"2023-01-21T02:09:59","modified_gmt":"2023-01-21T01:09:59","slug":"traslado-aeropuerto-granada-traslado-privado-con-chofer","status":"publish","type":"product","link":"https:\/\/tourtravelandmore.com\/es\/tours\/espana-es\/granada-es\/traslado-aeropuerto-granada-traslado-privado-con-chofer\/","title":{"rendered":"Transfer Privado Estaci\u00f3n\/Aeropuerto Granada"},"content":{"rendered":"<h2><strong>Descripci\u00f3n del Traslado Privado Estaci\u00f3n\/Aeropuerto Granada<\/strong><\/h2>\n<p>Disfruta de un Traslado Aeropuerto Granada o Estaci\u00f3n de Tren sin colas ni esper\u00e1s.<\/p>\n<p>Nuestro conductor privado estar\u00e1 esperando con un cartel con vuestro nombre en llegadas. Todos nuestros Traslados son privados, podr\u00e1n escoger lugar y hora de recogida.<\/p>\n<p>La duraci\u00f3n del Traslado Aeropuerto Granada depender\u00e1 de su lugar de destino.<\/p>\n<p>Disponemos de una flota de veh\u00edculos: <strong>Skoda, Mercedes E, Mercedes Viano, Mercedes Vito y Mini Bus.<\/strong> Solamente tiene que indicar el n\u00famero de personas para que podamos calcular bien el tama\u00f1o del Veh\u00edculo. Si llevar\u00e1 muchas maletas, por favor av\u00edsenos para enviar un veh\u00edculo de mayor tama\u00f1o.<\/p>\n<p>Operamos en toda Andaluc\u00eda, adem\u00e1s de Granada podemos realizar <strong>Traslados desde cualquier ciudad, Aeropuerto, Estaci\u00f3n de Tren o Terminal de Cruceros. <\/strong>Tambi\u00e9n podemos realizar Traslados para subir y bajar a la Alhambra.<\/p>\n<p>Solamente tiene que indicarlo en el formulario de contacto del tour y nuestro equipo r\u00e1pidamente contactar\u00e1 para enviarle la informaci\u00f3n.<\/p>\n<p>Es importante que nos indique el lugar de recogida, lugar de devoluci\u00f3n, n\u00famero de personas, y n\u00famero de maletas que va a llevar.<\/p>\n<p>No se preocupe si su vuelo o tren sufre retrasos, nosotros monitorizamos su vuelo o tren y si hay un retraso enviamos a nuestro conductor a la nueva hora.<\/p>\n<h2><strong>Puntos de inter\u00e9s en el Traslado Privado Estaci\u00f3n\/Aeropuerto Granada<\/strong><\/h2>\n<p>Granada es una ciudad en la regi\u00f3n de Andaluc\u00eda, en el sur de Espa\u00f1a, en la ladera de las monta\u00f1as de la Sierra Nevada. Es famosa por sus grandes ejemplos de arquitectura medieval que datan de la ocupaci\u00f3n de los moros, en particular, la Alhambra. Esta extensa fortaleza sobre una colina incluye palacios reales, patios y piscinas reflectantes de la dinast\u00eda Nazar\u00ed y fuentes y huertos en los jardines del Generalife.<\/p>\n<p>Consulta <a href=\"https:\/\/tourtravelandmore.com\/es\/ciudad\/espana-es\/granada-es\/#shop\/\"><strong>aqu\u00ed<\/strong><\/a> los tours y excursiones que puedes realizar en la ciudad de Granada. Adem\u00e1s de Traslados ofrecemos tours privados. Descubre la ciudad, la historia, con un gu\u00eda oficial privado y vive una experiencia \u00fanica y memorable.<\/p>\n","protected":false},"excerpt":{"rendered":"<p>Aproveche esta oportunidad para llegar a su destino en <strong>Granada<\/strong> de la manera m\u00e1s comoda y r\u00e1pida posible.<br \/>\nOrganizamos recogidas desde su hotel, aeropuerto, estaci\u00f3n de tren o cualquier lugar de Granada.<\/p>\n<p>&nbsp;<\/p>\n","protected":false},"featured_media":668,"comment_status":"open","ping_status":"closed","template":"","meta":{"_acf_changed":false},"product_brand":[],"product_cat":[82,83,87],"product_tag":[],"class_list":{"0":"post-871","1":"product","2":"type-product","3":"status-publish","4":"has-post-thumbnail","6":"product_cat-granada-es","7":"product_cat-granada-actividades-es","8":"product_cat-granada-traslados-es","10":"first","11":"instock","12":"shipping-taxable","13":"purchasable","14":"product-type-simple"},"acf":[],"yoast_head":"<!-- This site is optimized with the Yoast SEO Premium plugin v25.3.1 (Yoast SEO v25.3.1) - https:\/\/yoast.com\/wordpress\/plugins\/seo\/ -->\n<title>\u27a1\ufe0f Traslado Aeropuerto Granada | Tour Travel &amp; More<\/title>\n<meta name=\"description\" content=\"Viaja de forma segura y evita colas, gracias a nuestro Traslado Aeropuerto Granada, Estaci\u00f3n de tren, o cualquier ciudad en Andalucia \u2705\" \/>\n<meta name=\"robots\" content=\"index, follow, max-snippet:-1, max-image-preview:large, max-video-preview:-1\" \/>\n<link rel=\"canonical\" href=\"https:\/\/tourtravelandmore.com\/es\/tours\/espana-es\/granada-es\/traslado-aeropuerto-granada-traslado-privado-con-chofer\/\" \/>\n<meta property=\"og:locale\" content=\"es_ES\" \/>\n<meta property=\"og:type\" content=\"article\" \/>\n<meta property=\"og:title\" content=\"Transfer Privado Estaci\u00f3n\/Aeropuerto Granada\" \/>\n<meta property=\"og:description\" content=\"Viaja de forma segura y evita colas, gracias a nuestro Traslado Aeropuerto Granada, Estaci\u00f3n de tren, o cualquier ciudad en Andalucia \u2705\" \/>\n<meta property=\"og:url\" content=\"https:\/\/tourtravelandmore.com\/es\/tours\/espana-es\/granada-es\/traslado-aeropuerto-granada-traslado-privado-con-chofer\/\" \/>\n<meta property=\"og:site_name\" content=\"Tour Travel And More\" \/>\n<meta property=\"article:publisher\" content=\"https:\/\/www.facebook.com\/tourtravelandmore\/\" \/>\n<meta property=\"article:modified_time\" content=\"2023-01-21T01:09:59+00:00\" \/>\n<meta property=\"og:image\" content=\"https:\/\/tourtravelandmore.com\/wp-content\/uploads\/2016\/03\/CLASE-S-1-copia.png\" \/>\n\t<meta property=\"og:image:width\" content=\"640\" \/>\n\t<meta property=\"og:image:height\" content=\"425\" \/>\n\t<meta property=\"og:image:type\" content=\"image\/png\" \/>\n<meta name=\"twitter:card\" content=\"summary_large_image\" \/>\n<meta name=\"twitter:site\" content=\"@TourTravel_More\" \/>\n<meta name=\"twitter:label1\" content=\"Tiempo de lectura\" \/>\n\t<meta name=\"twitter:data1\" content=\"2 minutos\" \/>\n<script type=\"application\/ld+json\" class=\"yoast-schema-graph\">{\"@context\":\"https:\/\/schema.org\",\"@graph\":[{\"@type\":\"WebPage\",\"@id\":\"https:\/\/tourtravelandmore.com\/es\/tours\/espana-es\/granada-es\/traslado-aeropuerto-granada-traslado-privado-con-chofer\/\",\"url\":\"https:\/\/tourtravelandmore.com\/es\/tours\/espana-es\/granada-es\/traslado-aeropuerto-granada-traslado-privado-con-chofer\/\",\"name\":\"\u27a1\ufe0f Traslado Aeropuerto Granada | Tour Travel & More\",\"isPartOf\":{\"@id\":\"https:\/\/tourtravelandmore.com\/es\/#website\"},\"primaryImageOfPage\":{\"@id\":\"https:\/\/tourtravelandmore.com\/es\/tours\/espana-es\/granada-es\/traslado-aeropuerto-granada-traslado-privado-con-chofer\/#primaryimage\"},\"image\":{\"@id\":\"https:\/\/tourtravelandmore.com\/es\/tours\/espana-es\/granada-es\/traslado-aeropuerto-granada-traslado-privado-con-chofer\/#primaryimage\"},\"thumbnailUrl\":\"https:\/\/tourtravelandmore.com\/wp-content\/uploads\/2016\/03\/CLASE-S-1-copia.png\",\"datePublished\":\"2016-04-15T16:53:10+00:00\",\"dateModified\":\"2023-01-21T01:09:59+00:00\",\"description\":\"Viaja de forma segura y evita colas, gracias a nuestro Traslado Aeropuerto Granada, Estaci\u00f3n de tren, o cualquier ciudad en Andalucia \u2705\",\"breadcrumb\":{\"@id\":\"https:\/\/tourtravelandmore.com\/es\/tours\/espana-es\/granada-es\/traslado-aeropuerto-granada-traslado-privado-con-chofer\/#breadcrumb\"},\"inLanguage\":\"es\",\"potentialAction\":[{\"@type\":\"ReadAction\",\"target\":[\"https:\/\/tourtravelandmore.com\/es\/tours\/espana-es\/granada-es\/traslado-aeropuerto-granada-traslado-privado-con-chofer\/\"]}]},{\"@type\":\"ImageObject\",\"inLanguage\":\"es\",\"@id\":\"https:\/\/tourtravelandmore.com\/es\/tours\/espana-es\/granada-es\/traslado-aeropuerto-granada-traslado-privado-con-chofer\/#primaryimage\",\"url\":\"https:\/\/tourtravelandmore.com\/wp-content\/uploads\/2016\/03\/CLASE-S-1-copia.png\",\"contentUrl\":\"https:\/\/tourtravelandmore.com\/wp-content\/uploads\/2016\/03\/CLASE-S-1-copia.png\",\"width\":640,\"height\":425},{\"@type\":\"BreadcrumbList\",\"@id\":\"https:\/\/tourtravelandmore.com\/es\/tours\/espana-es\/granada-es\/traslado-aeropuerto-granada-traslado-privado-con-chofer\/#breadcrumb\",\"itemListElement\":[{\"@type\":\"ListItem\",\"position\":1,\"name\":\"Home\",\"item\":\"https:\/\/tourtravelandmore.com\/es\/\"},{\"@type\":\"ListItem\",\"position\":2,\"name\":\"Tours\",\"item\":\"https:\/\/tourtravelandmore.com\/es\/tours\/\"},{\"@type\":\"ListItem\",\"position\":3,\"name\":\"Transfer Privado Estaci\u00f3n\/Aeropuerto Granada\"}]},{\"@type\":\"WebSite\",\"@id\":\"https:\/\/tourtravelandmore.com\/es\/#website\",\"url\":\"https:\/\/tourtravelandmore.com\/es\/\",\"name\":\"Tour Travel And More\",\"description\":\"Private sightseeing tours and luxury transfers in Spain\",\"publisher\":{\"@id\":\"https:\/\/tourtravelandmore.com\/es\/#organization\"},\"potentialAction\":[{\"@type\":\"SearchAction\",\"target\":{\"@type\":\"EntryPoint\",\"urlTemplate\":\"https:\/\/tourtravelandmore.com\/es\/?s={search_term_string}\"},\"query-input\":{\"@type\":\"PropertyValueSpecification\",\"valueRequired\":true,\"valueName\":\"search_term_string\"}}],\"inLanguage\":\"es\"},{\"@type\":\"Organization\",\"@id\":\"https:\/\/tourtravelandmore.com\/es\/#organization\",\"name\":\"Tour Travel And More\",\"url\":\"https:\/\/tourtravelandmore.com\/es\/\",\"logo\":{\"@type\":\"ImageObject\",\"inLanguage\":\"es\",\"@id\":\"https:\/\/tourtravelandmore.com\/es\/#\/schema\/logo\/image\/\",\"url\":\"https:\/\/tourtravelandmore.com\/wp-content\/uploads\/2022\/12\/cropped-logo-cabecera-new.png\",\"contentUrl\":\"https:\/\/tourtravelandmore.com\/wp-content\/uploads\/2022\/12\/cropped-logo-cabecera-new.png\",\"width\":430,\"height\":61,\"caption\":\"Tour Travel And More\"},\"image\":{\"@id\":\"https:\/\/tourtravelandmore.com\/es\/#\/schema\/logo\/image\/\"},\"sameAs\":[\"https:\/\/www.facebook.com\/tourtravelandmore\/\",\"https:\/\/x.com\/TourTravel_More\"]}]}<\/script>\n<!-- \/ Yoast SEO Premium plugin. -->","yoast_head_json":{"title":"\u27a1\ufe0f Traslado Aeropuerto Granada | Tour Travel & More","description":"Viaja de forma segura y evita colas, gracias a nuestro Traslado Aeropuerto Granada, Estaci\u00f3n de tren, o cualquier ciudad en Andalucia \u2705","robots":{"index":"index","follow":"follow","max-snippet":"max-snippet:-1","max-image-preview":"max-image-preview:large","max-video-preview":"max-video-preview:-1"},"canonical":"https:\/\/tourtravelandmore.com\/es\/tours\/espana-es\/granada-es\/traslado-aeropuerto-granada-traslado-privado-con-chofer\/","og_locale":"es_ES","og_type":"article","og_title":"Transfer Privado Estaci\u00f3n\/Aeropuerto Granada","og_description":"Viaja de forma segura y evita colas, gracias a nuestro Traslado Aeropuerto Granada, Estaci\u00f3n de tren, o cualquier ciudad en Andalucia \u2705","og_url":"https:\/\/tourtravelandmore.com\/es\/tours\/espana-es\/granada-es\/traslado-aeropuerto-granada-traslado-privado-con-chofer\/","og_site_name":"Tour Travel And More","article_publisher":"https:\/\/www.facebook.com\/tourtravelandmore\/","article_modified_time":"2023-01-21T01:09:59+00:00","og_image":[{"width":640,"height":425,"url":"https:\/\/tourtravelandmore.com\/wp-content\/uploads\/2016\/03\/CLASE-S-1-copia.png","type":"image\/png"}],"twitter_card":"summary_large_image","twitter_site":"@TourTravel_More","twitter_misc":{"Tiempo de lectura":"2 minutos"},"schema":{"@context":"https:\/\/schema.org","@graph":[{"@type":"WebPage","@id":"https:\/\/tourtravelandmore.com\/es\/tours\/espana-es\/granada-es\/traslado-aeropuerto-granada-traslado-privado-con-chofer\/","url":"https:\/\/tourtravelandmore.com\/es\/tours\/espana-es\/granada-es\/traslado-aeropuerto-granada-traslado-privado-con-chofer\/","name":"\u27a1\ufe0f Traslado Aeropuerto Granada | Tour Travel & More","isPartOf":{"@id":"https:\/\/tourtravelandmore.com\/es\/#website"},"primaryImageOfPage":{"@id":"https:\/\/tourtravelandmore.com\/es\/tours\/espana-es\/granada-es\/traslado-aeropuerto-granada-traslado-privado-con-chofer\/#primaryimage"},"image":{"@id":"https:\/\/tourtravelandmore.com\/es\/tours\/espana-es\/granada-es\/traslado-aeropuerto-granada-traslado-privado-con-chofer\/#primaryimage"},"thumbnailUrl":"https:\/\/tourtravelandmore.com\/wp-content\/uploads\/2016\/03\/CLASE-S-1-copia.png","datePublished":"2016-04-15T16:53:10+00:00","dateModified":"2023-01-21T01:09:59+00:00","description":"Viaja de forma segura y evita colas, gracias a nuestro Traslado Aeropuerto Granada, Estaci\u00f3n de tren, o cualquier ciudad en Andalucia \u2705","breadcrumb":{"@id":"https:\/\/tourtravelandmore.com\/es\/tours\/espana-es\/granada-es\/traslado-aeropuerto-granada-traslado-privado-con-chofer\/#breadcrumb"},"inLanguage":"es","potentialAction":[{"@type":"ReadAction","target":["https:\/\/tourtravelandmore.com\/es\/tours\/espana-es\/granada-es\/traslado-aeropuerto-granada-traslado-privado-con-chofer\/"]}]},{"@type":"ImageObject","inLanguage":"es","@id":"https:\/\/tourtravelandmore.com\/es\/tours\/espana-es\/granada-es\/traslado-aeropuerto-granada-traslado-privado-con-chofer\/#primaryimage","url":"https:\/\/tourtravelandmore.com\/wp-content\/uploads\/2016\/03\/CLASE-S-1-copia.png","contentUrl":"https:\/\/tourtravelandmore.com\/wp-content\/uploads\/2016\/03\/CLASE-S-1-copia.png","width":640,"height":425},{"@type":"BreadcrumbList","@id":"https:\/\/tourtravelandmore.com\/es\/tours\/espana-es\/granada-es\/traslado-aeropuerto-granada-traslado-privado-con-chofer\/#breadcrumb","itemListElement":[{"@type":"ListItem","position":1,"name":"Home","item":"https:\/\/tourtravelandmore.com\/es\/"},{"@type":"ListItem","position":2,"name":"Tours","item":"https:\/\/tourtravelandmore.com\/es\/tours\/"},{"@type":"ListItem","position":3,"name":"Transfer Privado Estaci\u00f3n\/Aeropuerto Granada"}]},{"@type":"WebSite","@id":"https:\/\/tourtravelandmore.com\/es\/#website","url":"https:\/\/tourtravelandmore.com\/es\/","name":"Tour Travel And More","description":"Private sightseeing tours and luxury transfers in Spain","publisher":{"@id":"https:\/\/tourtravelandmore.com\/es\/#organization"},"potentialAction":[{"@type":"SearchAction","target":{"@type":"EntryPoint","urlTemplate":"https:\/\/tourtravelandmore.com\/es\/?s={search_term_string}"},"query-input":{"@type":"PropertyValueSpecification","valueRequired":true,"valueName":"search_term_string"}}],"inLanguage":"es"},{"@type":"Organization","@id":"https:\/\/tourtravelandmore.com\/es\/#organization","name":"Tour Travel And More","url":"https:\/\/tourtravelandmore.com\/es\/","logo":{"@type":"ImageObject","inLanguage":"es","@id":"https:\/\/tourtravelandmore.com\/es\/#\/schema\/logo\/image\/","url":"https:\/\/tourtravelandmore.com\/wp-content\/uploads\/2022\/12\/cropped-logo-cabecera-new.png","contentUrl":"https:\/\/tourtravelandmore.com\/wp-content\/uploads\/2022\/12\/cropped-logo-cabecera-new.png","width":430,"height":61,"caption":"Tour Travel And More"},"image":{"@id":"https:\/\/tourtravelandmore.com\/es\/#\/schema\/logo\/image\/"},"sameAs":["https:\/\/www.facebook.com\/tourtravelandmore\/","https:\/\/x.com\/TourTravel_More"]}]}},"_links":{"self":[{"href":"https:\/\/tourtravelandmore.com\/es\/wp-json\/wp\/v2\/product\/871","targetHints":{"allow":["GET"]}}],"collection":[{"href":"https:\/\/tourtravelandmore.com\/es\/wp-json\/wp\/v2\/product"}],"about":[{"href":"https:\/\/tourtravelandmore.com\/es\/wp-json\/wp\/v2\/types\/product"}],"replies":[{"embeddable":true,"href":"https:\/\/tourtravelandmore.com\/es\/wp-json\/wp\/v2\/comments?post=871"}],"wp:featuredmedia":[{"embeddable":true,"href":"https:\/\/tourtravelandmore.com\/es\/wp-json\/wp\/v2\/media\/668"}],"wp:attachment":[{"href":"https:\/\/tourtravelandmore.com\/es\/wp-json\/wp\/v2\/media?parent=871"}],"wp:term":[{"taxonomy":"product_brand","embeddable":true,"href":"https:\/\/tourtravelandmore.com\/es\/wp-json\/wp\/v2\/product_brand?post=871"},{"taxonomy":"product_cat","embeddable":true,"href":"https:\/\/tourtravelandmore.com\/es\/wp-json\/wp\/v2\/product_cat?post=871"},{"taxonomy":"product_tag","embeddable":true,"href":"https:\/\/tourtravelandmore.com\/es\/wp-json\/wp\/v2\/product_tag?post=871"}],"curies":[{"name":"wp","href":"https:\/\/api.w.org\/{rel}","templated":true}]}}