{"id":87082,"date":"2020-11-17T09:39:35","date_gmt":"2020-11-17T08:39:37","guid":{"rendered":"https:\/\/tourtravelandmore.com\/?post_type=product&#038;p=87082"},"modified":"2021-09-13T10:09:58","modified_gmt":"2021-09-13T08:09:58","slug":"tour-privado-de-san-antonio","status":"publish","type":"product","link":"https:\/\/tourtravelandmore.com\/es\/tours\/eeuu-es\/san-antonio-es\/san-antonio-actividades-es\/tour-privado-de-san-antonio\/","title":{"rendered":"Tour Privado de San Antonio"},"content":{"rendered":"<h2 id=\"tw-target-text\" class=\"tw-data-text tw-text-large XcVN5d tw-ta\" dir=\"ltr\" data-placeholder=\"Traducci\u00f3n\"><span lang=\"es\">Descripci\u00f3n Del Tour Privado de San Antonio<\/span><\/h2>\n<p>Disfrute al m\u00e1ximo de su tiempo en Estados Unidos y \u00fanase a nosotros en este <strong>tour privado de San Antonio<\/strong>. Aproveche la oportunidad de explorar la ciudad c\u00f3modamente en <strong>un veh\u00edculo privado de lujo con conductor<\/strong> y <strong>gu\u00eda tur\u00edstico oficial<\/strong>. Prep\u00e1rate para pasar un buen rato en tus vacaciones mientras aprendes sobre la historia de esta incre\u00edble ciudad.<\/p>\n<p>Podemos organizar la recogida en el lugar de su elecci\u00f3n en San Antonio. Otro dato importante es que tambi\u00e9n puede decidir la hora de inicio de su recorrido. Recuerda que <strong>Tour Travel &amp; More<\/strong> solo ofrece tours privados y personalizados.<\/p>\n<p><strong>San Antonio<\/strong> es una de las principales ciudades del centro y sur de Texas. Es la s\u00e9ptima ciudad m\u00e1s poblada de Estados Unidos y la segunda del estado de Texas. San Antonio es una ciudad famosa por su car\u00e1cter tejano que la convierte en un gran atractivo tur\u00edstico. Tambi\u00e9n es la casa de la NBA San Antonio Spurs y San Antonio Stock Show &amp; Rodeo, uno de los festivales de rodeo m\u00e1s importantes del pa\u00eds.<\/p>\n<p>Su conductor y gu\u00eda privados estar\u00e1n a su completa disposici\u00f3n durante todo el tour privado de San Antonio. La experiencia tiene una duraci\u00f3n total de 4 horas, pero en caso de que te interese podemos realizar un city tour de 6 o incluso 8 horas.<\/p>\n<h2 id=\"tw-target-text\" class=\"tw-data-text tw-text-large XcVN5d tw-ta\" dir=\"ltr\" data-placeholder=\"Traducci\u00f3n\">Puntos de inter\u00e9s en el Tour Privado de San Antonio<\/h2>\n<p>En primer lugar, su conductor privado y gu\u00eda tur\u00edstico oficial lo recoger\u00e1n en el lugar que elija en San Antonio. <span class=\"JLqJ4b ChMk0b\" data-language-for-alternatives=\"es\" data-language-to-translate-into=\"en\" data-phrase-index=\"1\">En caso de que se aloje fuera del centro de la ciudad, h\u00e1ganoslo saber y organizaremos todo por usted. <\/span><\/p>\n<p><span class=\"JLqJ4b ChMk0b\" data-language-for-alternatives=\"es\" data-language-to-translate-into=\"en\" data-phrase-index=\"1\"><span class=\"JLqJ4b\" data-language-for-alternatives=\"es\" data-language-to-translate-into=\"en\" data-phrase-index=\"2\"><strong>San Antonio<\/strong> es una ciudad incre\u00edble con mucha historia que vale la pena conocer. Durante este recorrido privado por la ciudad de San Antonio, visitar\u00e1 todos los sitios y lugares m\u00e1s importantes que representan a esta ciudad.<\/span><\/span><\/p>\n<p>Durante una visita de 4 horas, podr\u00e1 visitar:<\/p>\n<ul>\n<li><strong><span class=\"JLqJ4b\" data-language-for-alternatives=\"es\" data-language-to-translate-into=\"en\" data-phrase-index=\"1\"><span class=\"JLqJ4b ChMk0b\" data-language-for-alternatives=\"es\" data-language-to-translate-into=\"en\" data-phrase-index=\"2\">Torre de las Am\u00e9ricas <\/span><\/span><\/strong><\/li>\n<li><span class=\"JLqJ4b\" data-language-for-alternatives=\"es\" data-language-to-translate-into=\"en\" data-phrase-index=\"1\"><span class=\"JLqJ4b ChMk0b\" data-language-for-alternatives=\"es\" data-language-to-translate-into=\"en\" data-phrase-index=\"2\"><strong>El \u00c1lamo<\/strong>: Es uno de los lugares hist\u00f3ricos m\u00e1s importantes de Texas. Es un monumento que refleja los or\u00edgenes de Texas y por eso fue declarado Patrimonio de la Humanidad por la UNESCO. <\/span><\/span><\/li>\n<li><strong><span class=\"JLqJ4b\" data-language-for-alternatives=\"es\" data-language-to-translate-into=\"en\" data-phrase-index=\"1\"><span class=\"JLqJ4b ChMk0b\" data-language-for-alternatives=\"es\" data-language-to-translate-into=\"en\" data-phrase-index=\"2\">Paseo por el r\u00edo San Antonio <\/span><\/span><\/strong><\/li>\n<li><strong><span class=\"JLqJ4b\" data-language-for-alternatives=\"es\" data-language-to-translate-into=\"en\" data-phrase-index=\"1\"><span class=\"JLqJ4b ChMk0b\" data-language-for-alternatives=\"es\" data-language-to-translate-into=\"en\" data-phrase-index=\"2\">Plaza del Mercado Hist\u00f3rico <\/span><\/span><\/strong><\/li>\n<li><strong><span class=\"JLqJ4b\" data-language-for-alternatives=\"es\" data-language-to-translate-into=\"en\" data-phrase-index=\"1\"><span class=\"JLqJ4b ChMk0b\" data-language-for-alternatives=\"es\" data-language-to-translate-into=\"en\" data-phrase-index=\"2\">Jard\u00edn de t\u00e9 japon\u00e9s <\/span><\/span><\/strong><\/li>\n<li><a href=\"https:\/\/www.mcnayart.org\"><span class=\"JLqJ4b\" data-language-for-alternatives=\"es\" data-language-to-translate-into=\"en\" data-phrase-index=\"1\"><span class=\"JLqJ4b ChMk0b\" data-language-for-alternatives=\"es\" data-language-to-translate-into=\"en\" data-phrase-index=\"2\">Museo de Arte McNay <\/span><\/span><\/a><\/li>\n<li><span class=\"JLqJ4b\" data-language-for-alternatives=\"es\" data-language-to-translate-into=\"en\" data-phrase-index=\"1\"><span class=\"JLqJ4b ChMk0b\" data-language-for-alternatives=\"es\" data-language-to-translate-into=\"en\" data-phrase-index=\"2\"><strong>Pueblo Hist\u00f3rico La Villita<\/strong>: Es una zona peatonal ubicada frente al Parque Hemisfair, que cuenta con casas y edificios patrimoniales de la \u00e9poca colonial. <\/span><\/span><\/li>\n<li><strong><span class=\"JLqJ4b\" data-language-for-alternatives=\"es\" data-language-to-translate-into=\"en\" data-phrase-index=\"1\"><span class=\"JLqJ4b ChMk0b\" data-language-for-alternatives=\"es\" data-language-to-translate-into=\"en\" data-phrase-index=\"2\">Parque Travis <\/span><\/span><\/strong><\/li>\n<li><strong><span class=\"JLqJ4b\" data-language-for-alternatives=\"es\" data-language-to-translate-into=\"en\" data-phrase-index=\"1\"><span class=\"JLqJ4b ChMk0b\" data-language-for-alternatives=\"es\" data-language-to-translate-into=\"en\" data-phrase-index=\"2\">Murallas de San Antonio <\/span><\/span><\/strong><\/li>\n<li><strong><span class=\"JLqJ4b\" data-language-for-alternatives=\"es\" data-language-to-translate-into=\"en\" data-phrase-index=\"1\"><span class=\"JLqJ4b ChMk0b\" data-language-for-alternatives=\"es\" data-language-to-translate-into=\"en\" data-phrase-index=\"2\">Catedral de San Fernando <\/span><\/span><\/strong><\/li>\n<li><strong><span class=\"JLqJ4b\" data-language-for-alternatives=\"es\" data-language-to-translate-into=\"en\" data-phrase-index=\"1\"><span class=\"JLqJ4b ChMk0b\" data-language-for-alternatives=\"es\" data-language-to-translate-into=\"en\" data-phrase-index=\"2\">Iglesia de Trevis Park <\/span><\/span><\/strong><\/li>\n<li><strong><span class=\"JLqJ4b\" data-language-for-alternatives=\"es\" data-language-to-translate-into=\"en\" data-phrase-index=\"1\"><span class=\"JLqJ4b ChMk0b\" data-language-for-alternatives=\"es\" data-language-to-translate-into=\"en\" data-phrase-index=\"2\">Majestuoso Teatro<\/span><\/span><\/strong><\/li>\n<\/ul>\n<p>En caso de estar interesado, podemos incluir entrada a cualquier monumento o museo que desee visitar.<\/p>\n<p><span class=\"JLqJ4b\" data-language-for-alternatives=\"es\" data-language-to-translate-into=\"en\" data-phrase-index=\"1\"><span class=\"JLqJ4b ChMk0b\" data-language-for-alternatives=\"es\" data-language-to-translate-into=\"en\" data-phrase-index=\"2\">Finalmente, al final de la visita, su conductor privado y gu\u00eda tur\u00edstico oficial lo dejar\u00e1n en su hotel en San Antonio. <\/span><\/span><\/p>\n<p><span class=\"JLqJ4b\" data-language-for-alternatives=\"es\" data-language-to-translate-into=\"en\" data-phrase-index=\"1\"><span class=\"JLqJ4b ChMk0b\" data-language-for-alternatives=\"es\" data-language-to-translate-into=\"en\" data-phrase-index=\"2\">En caso de que no dispongas de tanto tiempo en la ciudad, puedes echar un vistazo a nuestro <a href=\"https:\/\/tourtravelandmore.com\/es\/tours\/eeuu-es\/san-antonio-es\/san-antonio-actividades-es\/tour-privado-a-pie-de-san-antonio\/\">tour privado a pie por San Antonio<\/a>.<\/span><\/span><\/p>\n","protected":false},"excerpt":{"rendered":"<p id=\"tw-target-text\" class=\"tw-data-text tw-text-large XcVN5d tw-ta\" dir=\"ltr\" data-placeholder=\"Traducci\u00f3n\">Realice este <strong>Tour Privado de San Antonio con Tour Travel &amp; More<\/strong> \u00a0y tenga la oportunidad de disfrutar lo mejor de la ciudad c\u00f3modamente en un veh\u00edculo privado de lujo con chofer y gu\u00eda oficial.<\/p>\n<div id=\"gtx-trans\" style=\"position: absolute; left: 460px; top: -10px;\">\n<div class=\"gtx-trans-icon\"><\/div>\n<\/div>\n","protected":false},"featured_media":131045,"comment_status":"open","ping_status":"closed","template":"","meta":{"_acf_changed":false},"product_brand":[],"product_cat":[1602,2975,2978,2981],"product_tag":[],"class_list":{"0":"post-87082","1":"product","2":"type-product","3":"status-publish","4":"has-post-thumbnail","6":"product_cat-eeuu-es","7":"product_cat-san-antonio-es","8":"product_cat-san-antonio-actividades-es","9":"product_cat-san-antonios-tours-privados-es","11":"first","12":"instock","13":"shipping-taxable","14":"purchasable","15":"product-type-simple"},"acf":[],"yoast_head":"<!-- This site is optimized with the Yoast SEO Premium plugin v25.3.1 (Yoast SEO v25.3.1) - https:\/\/yoast.com\/wordpress\/plugins\/seo\/ -->\n<title>Tour Privado de San Antonio con chofer y gu\u00eda oficial privado | TTM<\/title>\n<meta name=\"description\" content=\"\u2192 Disfrute al m\u00e1ximo sus d\u00edas en USA y acompa\u00f1enos en este Tour Privado de San Antonio. Conozca la historia de esta hermosa ciudad \u2705\" \/>\n<meta name=\"robots\" content=\"index, follow, max-snippet:-1, max-image-preview:large, max-video-preview:-1\" \/>\n<link rel=\"canonical\" href=\"https:\/\/tourtravelandmore.com\/es\/tours\/eeuu-es\/san-antonio-es\/san-antonio-actividades-es\/tour-privado-de-san-antonio\/\" \/>\n<meta property=\"og:locale\" content=\"es_ES\" \/>\n<meta property=\"og:type\" content=\"article\" \/>\n<meta property=\"og:title\" content=\"Tour Privado de San Antonio\" \/>\n<meta property=\"og:description\" content=\"\u2192 Disfrute al m\u00e1ximo sus d\u00edas en USA y acompa\u00f1enos en este Tour Privado de San Antonio. Conozca la historia de esta hermosa ciudad \u2705\" \/>\n<meta property=\"og:url\" content=\"https:\/\/tourtravelandmore.com\/es\/tours\/eeuu-es\/san-antonio-es\/san-antonio-actividades-es\/tour-privado-de-san-antonio\/\" \/>\n<meta property=\"og:site_name\" content=\"Tour Travel And More\" \/>\n<meta property=\"article:publisher\" content=\"https:\/\/www.facebook.com\/tourtravelandmore\/\" \/>\n<meta property=\"article:modified_time\" content=\"2021-09-13T08:09:58+00:00\" \/>\n<meta property=\"og:image\" content=\"https:\/\/tourtravelandmore.com\/wp-content\/uploads\/2020\/11\/San-Antionio-scaled.jpg\" \/>\n\t<meta property=\"og:image:width\" content=\"1707\" \/>\n\t<meta property=\"og:image:height\" content=\"2560\" \/>\n\t<meta property=\"og:image:type\" content=\"image\/jpeg\" \/>\n<meta name=\"twitter:card\" content=\"summary_large_image\" \/>\n<meta name=\"twitter:site\" content=\"@TourTravel_More\" \/>\n<meta name=\"twitter:label1\" content=\"Tiempo de lectura\" \/>\n\t<meta name=\"twitter:data1\" content=\"3 minutos\" \/>\n<script type=\"application\/ld+json\" class=\"yoast-schema-graph\">{\"@context\":\"https:\/\/schema.org\",\"@graph\":[{\"@type\":\"WebPage\",\"@id\":\"https:\/\/tourtravelandmore.com\/es\/tours\/eeuu-es\/san-antonio-es\/san-antonio-actividades-es\/tour-privado-de-san-antonio\/\",\"url\":\"https:\/\/tourtravelandmore.com\/es\/tours\/eeuu-es\/san-antonio-es\/san-antonio-actividades-es\/tour-privado-de-san-antonio\/\",\"name\":\"Tour Privado de San Antonio con chofer y gu\u00eda oficial privado | TTM\",\"isPartOf\":{\"@id\":\"https:\/\/tourtravelandmore.com\/es\/#website\"},\"primaryImageOfPage\":{\"@id\":\"https:\/\/tourtravelandmore.com\/es\/tours\/eeuu-es\/san-antonio-es\/san-antonio-actividades-es\/tour-privado-de-san-antonio\/#primaryimage\"},\"image\":{\"@id\":\"https:\/\/tourtravelandmore.com\/es\/tours\/eeuu-es\/san-antonio-es\/san-antonio-actividades-es\/tour-privado-de-san-antonio\/#primaryimage\"},\"thumbnailUrl\":\"https:\/\/tourtravelandmore.com\/wp-content\/uploads\/2020\/11\/San-Antionio-scaled.jpg\",\"datePublished\":\"2020-11-17T08:39:37+00:00\",\"dateModified\":\"2021-09-13T08:09:58+00:00\",\"description\":\"\u2192 Disfrute al m\u00e1ximo sus d\u00edas en USA y acompa\u00f1enos en este Tour Privado de San Antonio. Conozca la historia de esta hermosa ciudad \u2705\",\"breadcrumb\":{\"@id\":\"https:\/\/tourtravelandmore.com\/es\/tours\/eeuu-es\/san-antonio-es\/san-antonio-actividades-es\/tour-privado-de-san-antonio\/#breadcrumb\"},\"inLanguage\":\"es\",\"potentialAction\":[{\"@type\":\"ReadAction\",\"target\":[\"https:\/\/tourtravelandmore.com\/es\/tours\/eeuu-es\/san-antonio-es\/san-antonio-actividades-es\/tour-privado-de-san-antonio\/\"]}]},{\"@type\":\"ImageObject\",\"inLanguage\":\"es\",\"@id\":\"https:\/\/tourtravelandmore.com\/es\/tours\/eeuu-es\/san-antonio-es\/san-antonio-actividades-es\/tour-privado-de-san-antonio\/#primaryimage\",\"url\":\"https:\/\/tourtravelandmore.com\/wp-content\/uploads\/2020\/11\/San-Antionio-scaled.jpg\",\"contentUrl\":\"https:\/\/tourtravelandmore.com\/wp-content\/uploads\/2020\/11\/San-Antionio-scaled.jpg\",\"width\":1707,\"height\":2560},{\"@type\":\"BreadcrumbList\",\"@id\":\"https:\/\/tourtravelandmore.com\/es\/tours\/eeuu-es\/san-antonio-es\/san-antonio-actividades-es\/tour-privado-de-san-antonio\/#breadcrumb\",\"itemListElement\":[{\"@type\":\"ListItem\",\"position\":1,\"name\":\"Home\",\"item\":\"https:\/\/tourtravelandmore.com\/es\/\"},{\"@type\":\"ListItem\",\"position\":2,\"name\":\"Tours\",\"item\":\"https:\/\/tourtravelandmore.com\/es\/tours\/\"},{\"@type\":\"ListItem\",\"position\":3,\"name\":\"Tour Privado de San Antonio\"}]},{\"@type\":\"WebSite\",\"@id\":\"https:\/\/tourtravelandmore.com\/es\/#website\",\"url\":\"https:\/\/tourtravelandmore.com\/es\/\",\"name\":\"Tour Travel And More\",\"description\":\"Private sightseeing tours and luxury transfers in Spain\",\"publisher\":{\"@id\":\"https:\/\/tourtravelandmore.com\/es\/#organization\"},\"potentialAction\":[{\"@type\":\"SearchAction\",\"target\":{\"@type\":\"EntryPoint\",\"urlTemplate\":\"https:\/\/tourtravelandmore.com\/es\/?s={search_term_string}\"},\"query-input\":{\"@type\":\"PropertyValueSpecification\",\"valueRequired\":true,\"valueName\":\"search_term_string\"}}],\"inLanguage\":\"es\"},{\"@type\":\"Organization\",\"@id\":\"https:\/\/tourtravelandmore.com\/es\/#organization\",\"name\":\"Tour Travel And More\",\"url\":\"https:\/\/tourtravelandmore.com\/es\/\",\"logo\":{\"@type\":\"ImageObject\",\"inLanguage\":\"es\",\"@id\":\"https:\/\/tourtravelandmore.com\/es\/#\/schema\/logo\/image\/\",\"url\":\"https:\/\/tourtravelandmore.com\/wp-content\/uploads\/2022\/12\/cropped-logo-cabecera-new.png\",\"contentUrl\":\"https:\/\/tourtravelandmore.com\/wp-content\/uploads\/2022\/12\/cropped-logo-cabecera-new.png\",\"width\":430,\"height\":61,\"caption\":\"Tour Travel And More\"},\"image\":{\"@id\":\"https:\/\/tourtravelandmore.com\/es\/#\/schema\/logo\/image\/\"},\"sameAs\":[\"https:\/\/www.facebook.com\/tourtravelandmore\/\",\"https:\/\/x.com\/TourTravel_More\"]}]}<\/script>\n<!-- \/ Yoast SEO Premium plugin. -->","yoast_head_json":{"title":"Tour Privado de San Antonio con chofer y gu\u00eda oficial privado | TTM","description":"\u2192 Disfrute al m\u00e1ximo sus d\u00edas en USA y acompa\u00f1enos en este Tour Privado de San Antonio. Conozca la historia de esta hermosa ciudad \u2705","robots":{"index":"index","follow":"follow","max-snippet":"max-snippet:-1","max-image-preview":"max-image-preview:large","max-video-preview":"max-video-preview:-1"},"canonical":"https:\/\/tourtravelandmore.com\/es\/tours\/eeuu-es\/san-antonio-es\/san-antonio-actividades-es\/tour-privado-de-san-antonio\/","og_locale":"es_ES","og_type":"article","og_title":"Tour Privado de San Antonio","og_description":"\u2192 Disfrute al m\u00e1ximo sus d\u00edas en USA y acompa\u00f1enos en este Tour Privado de San Antonio. Conozca la historia de esta hermosa ciudad \u2705","og_url":"https:\/\/tourtravelandmore.com\/es\/tours\/eeuu-es\/san-antonio-es\/san-antonio-actividades-es\/tour-privado-de-san-antonio\/","og_site_name":"Tour Travel And More","article_publisher":"https:\/\/www.facebook.com\/tourtravelandmore\/","article_modified_time":"2021-09-13T08:09:58+00:00","og_image":[{"width":1707,"height":2560,"url":"https:\/\/tourtravelandmore.com\/wp-content\/uploads\/2020\/11\/San-Antionio-scaled.jpg","type":"image\/jpeg"}],"twitter_card":"summary_large_image","twitter_site":"@TourTravel_More","twitter_misc":{"Tiempo de lectura":"3 minutos"},"schema":{"@context":"https:\/\/schema.org","@graph":[{"@type":"WebPage","@id":"https:\/\/tourtravelandmore.com\/es\/tours\/eeuu-es\/san-antonio-es\/san-antonio-actividades-es\/tour-privado-de-san-antonio\/","url":"https:\/\/tourtravelandmore.com\/es\/tours\/eeuu-es\/san-antonio-es\/san-antonio-actividades-es\/tour-privado-de-san-antonio\/","name":"Tour Privado de San Antonio con chofer y gu\u00eda oficial privado | TTM","isPartOf":{"@id":"https:\/\/tourtravelandmore.com\/es\/#website"},"primaryImageOfPage":{"@id":"https:\/\/tourtravelandmore.com\/es\/tours\/eeuu-es\/san-antonio-es\/san-antonio-actividades-es\/tour-privado-de-san-antonio\/#primaryimage"},"image":{"@id":"https:\/\/tourtravelandmore.com\/es\/tours\/eeuu-es\/san-antonio-es\/san-antonio-actividades-es\/tour-privado-de-san-antonio\/#primaryimage"},"thumbnailUrl":"https:\/\/tourtravelandmore.com\/wp-content\/uploads\/2020\/11\/San-Antionio-scaled.jpg","datePublished":"2020-11-17T08:39:37+00:00","dateModified":"2021-09-13T08:09:58+00:00","description":"\u2192 Disfrute al m\u00e1ximo sus d\u00edas en USA y acompa\u00f1enos en este Tour Privado de San Antonio. Conozca la historia de esta hermosa ciudad \u2705","breadcrumb":{"@id":"https:\/\/tourtravelandmore.com\/es\/tours\/eeuu-es\/san-antonio-es\/san-antonio-actividades-es\/tour-privado-de-san-antonio\/#breadcrumb"},"inLanguage":"es","potentialAction":[{"@type":"ReadAction","target":["https:\/\/tourtravelandmore.com\/es\/tours\/eeuu-es\/san-antonio-es\/san-antonio-actividades-es\/tour-privado-de-san-antonio\/"]}]},{"@type":"ImageObject","inLanguage":"es","@id":"https:\/\/tourtravelandmore.com\/es\/tours\/eeuu-es\/san-antonio-es\/san-antonio-actividades-es\/tour-privado-de-san-antonio\/#primaryimage","url":"https:\/\/tourtravelandmore.com\/wp-content\/uploads\/2020\/11\/San-Antionio-scaled.jpg","contentUrl":"https:\/\/tourtravelandmore.com\/wp-content\/uploads\/2020\/11\/San-Antionio-scaled.jpg","width":1707,"height":2560},{"@type":"BreadcrumbList","@id":"https:\/\/tourtravelandmore.com\/es\/tours\/eeuu-es\/san-antonio-es\/san-antonio-actividades-es\/tour-privado-de-san-antonio\/#breadcrumb","itemListElement":[{"@type":"ListItem","position":1,"name":"Home","item":"https:\/\/tourtravelandmore.com\/es\/"},{"@type":"ListItem","position":2,"name":"Tours","item":"https:\/\/tourtravelandmore.com\/es\/tours\/"},{"@type":"ListItem","position":3,"name":"Tour Privado de San Antonio"}]},{"@type":"WebSite","@id":"https:\/\/tourtravelandmore.com\/es\/#website","url":"https:\/\/tourtravelandmore.com\/es\/","name":"Tour Travel And More","description":"Private sightseeing tours and luxury transfers in Spain","publisher":{"@id":"https:\/\/tourtravelandmore.com\/es\/#organization"},"potentialAction":[{"@type":"SearchAction","target":{"@type":"EntryPoint","urlTemplate":"https:\/\/tourtravelandmore.com\/es\/?s={search_term_string}"},"query-input":{"@type":"PropertyValueSpecification","valueRequired":true,"valueName":"search_term_string"}}],"inLanguage":"es"},{"@type":"Organization","@id":"https:\/\/tourtravelandmore.com\/es\/#organization","name":"Tour Travel And More","url":"https:\/\/tourtravelandmore.com\/es\/","logo":{"@type":"ImageObject","inLanguage":"es","@id":"https:\/\/tourtravelandmore.com\/es\/#\/schema\/logo\/image\/","url":"https:\/\/tourtravelandmore.com\/wp-content\/uploads\/2022\/12\/cropped-logo-cabecera-new.png","contentUrl":"https:\/\/tourtravelandmore.com\/wp-content\/uploads\/2022\/12\/cropped-logo-cabecera-new.png","width":430,"height":61,"caption":"Tour Travel And More"},"image":{"@id":"https:\/\/tourtravelandmore.com\/es\/#\/schema\/logo\/image\/"},"sameAs":["https:\/\/www.facebook.com\/tourtravelandmore\/","https:\/\/x.com\/TourTravel_More"]}]}},"_links":{"self":[{"href":"https:\/\/tourtravelandmore.com\/es\/wp-json\/wp\/v2\/product\/87082","targetHints":{"allow":["GET"]}}],"collection":[{"href":"https:\/\/tourtravelandmore.com\/es\/wp-json\/wp\/v2\/product"}],"about":[{"href":"https:\/\/tourtravelandmore.com\/es\/wp-json\/wp\/v2\/types\/product"}],"replies":[{"embeddable":true,"href":"https:\/\/tourtravelandmore.com\/es\/wp-json\/wp\/v2\/comments?post=87082"}],"wp:featuredmedia":[{"embeddable":true,"href":"https:\/\/tourtravelandmore.com\/es\/wp-json\/wp\/v2\/media\/131045"}],"wp:attachment":[{"href":"https:\/\/tourtravelandmore.com\/es\/wp-json\/wp\/v2\/media?parent=87082"}],"wp:term":[{"taxonomy":"product_brand","embeddable":true,"href":"https:\/\/tourtravelandmore.com\/es\/wp-json\/wp\/v2\/product_brand?post=87082"},{"taxonomy":"product_cat","embeddable":true,"href":"https:\/\/tourtravelandmore.com\/es\/wp-json\/wp\/v2\/product_cat?post=87082"},{"taxonomy":"product_tag","embeddable":true,"href":"https:\/\/tourtravelandmore.com\/es\/wp-json\/wp\/v2\/product_tag?post=87082"}],"curies":[{"name":"wp","href":"https:\/\/api.w.org\/{rel}","templated":true}]}}