{"id":87041,"date":"2020-11-16T13:45:33","date_gmt":"2020-11-16T12:45:35","guid":{"rendered":"https:\/\/tourtravelandmore.com\/?post_type=product&#038;p=87041"},"modified":"2024-08-30T16:52:02","modified_gmt":"2024-08-30T14:52:02","slug":"tour-privado-a-pie-por-toronto","status":"publish","type":"product","link":"https:\/\/tourtravelandmore.com\/es\/tours\/canada-es\/toronto-es\/toronto-a-pie-es\/tour-privado-a-pie-por-toronto\/","title":{"rendered":"Tour privado a pie por Toronto"},"content":{"rendered":"<h2>Descripci\u00f3n<\/h2>\n<p>Una de las mejores formas de conocer una ciudad es junto a su gu\u00eda tur\u00edstico privado en un recorrido a pie. Por eso nuestro recorrido privado a pie por la ciudad de <b><strong>Toronto<\/strong><\/b> es perfecto para usted.<\/p>\n<p><a href=\"https:\/\/es.wikipedia.org\/wiki\/Toronto\"><b><strong>Toronto<\/strong><\/b><\/a><b> <\/b>es una ciudad enorme, por eso comenzaremos este recorrido privado a pie en un punto de encuentro c\u00e9ntrico de la ciudad. Si su hotel est\u00e1 cerca, podemos organizar una recogida a pie.<\/p>\n<p>Una vez que se haya reunido con nuestro gu\u00eda tur\u00edstico privado, comenzar\u00e1 su recorrido privado. Ser\u00e1 una gran experiencia privada.<\/p>\n<p>Nuestro privado estar\u00e1 a su disposici\u00f3n durante las 4 horas para llevarle por los grandes lugares de la ciudad. Contemple la famosa Torre CN, el ayuntamiento de Toronto, la hermosa catedral de San Miguel y \u00a1mucho m\u00e1s!<\/p>\n<h2>Puntos de inter\u00e9s y lugares emblem\u00e1ticos<\/h2>\n<p>Este recorrido privado a pie por Toronto le est\u00e1 esperando para comenzar una experiencia maravillosa.<\/p>\n<p>Nuestro gu\u00eda tur\u00edstico privado le estar\u00e1 esperando para que disfrute de lo mejor de la ciudad de Toronto. \u00a1Nuestros gu\u00edas aman su ciudad y har\u00e1n que se enamore de la ciudad de Toronto!<\/p>\n<p>Hay mucho que ver en el Viejo Toronto, y nosotros estaremos all\u00ed para hacer que la experiencia sea \u00fanica.<\/p>\n<p>He aqu\u00ed algunos ejemplos de lo que podr\u00e1 disfrutar durante su visita privada:<\/p>\n<ul>\n<li><b><strong>Torre CN<\/strong><\/b><\/li>\n<li><b><strong>Osgoode Hall<\/strong><\/b><\/li>\n<li><b><strong>Ayuntamiento de Toronto<\/strong><\/b><\/li>\n<li><b><strong>Bas\u00edlica de la Catedral de San Miguel<\/strong><\/b><\/li>\n<li><b><strong>Plaza Nathan Phillip<\/strong><\/b><\/li>\n<li><b><strong>Y mucho m\u00e1s.<\/strong><\/b><\/li>\n<\/ul>\n<p>Este tour privado terminar\u00e1 en un punto de encuentro c\u00e9ntrico de la ciudad de Toronto. Estar\u00e1 situado en el Viejo Toronto.<\/p>\n<p><a href=\"https:\/\/tourtravelandmore.com\/es\/ciudad\/canada-es\/toronto-en#shop\/\">Eche un vistazo a nuestros otros tours privados que puede disfrutar en Toronto.<\/a> Tambi\u00e9n ofrecemos visitas privadas en todo Canad\u00e1 y en cualquier parte del mundo. \u00a1Estamos a su entera disposici\u00f3n en Tour Travel &amp; More!<\/p>\n","protected":false},"excerpt":{"rendered":"<p id=\"tw-target-text\" class=\"tw-data-text tw-text-large XcVN5d tw-ta\" dir=\"ltr\" data-placeholder=\"Traducci\u00f3n\">\u00a1Realice este<strong> tour privado a pie por Toronto<\/strong> y tenga la oportunidad de disfrutar de lo mejor de la ciudad de Toronto! Este es un gran tour privado con un gu\u00eda tur\u00edstico oficial.<\/p>\n","protected":false},"featured_media":177659,"comment_status":"open","ping_status":"closed","template":"","meta":{"_acf_changed":false},"product_brand":[],"product_cat":[2789,2836,2841,2840,1602],"product_tag":[],"class_list":{"0":"post-87041","1":"product","2":"type-product","3":"status-publish","4":"has-post-thumbnail","6":"product_cat-canada-es","7":"product_cat-toronto-es","8":"product_cat-toronto-tours-es","9":"product_cat-toronto-a-pie-es","10":"product_cat-eeuu-es","12":"first","13":"instock","14":"shipping-taxable","15":"purchasable","16":"product-type-simple"},"acf":[],"yoast_head":"<!-- This site is optimized with the Yoast SEO Premium plugin v25.3.1 (Yoast SEO v25.3.1) - https:\/\/yoast.com\/wordpress\/plugins\/seo\/ -->\n<title>Tour privado a pie por Toronto con un gu\u00eda tur\u00edstico oficial | TTM<\/title>\n<meta name=\"description\" content=\"\u00a1Realice este tour privado a pie por Toronto y tenga la oportunidad de disfrutar de lo mejor de la ciudad de Toronto! \u00a1Este es un gran tour privado! \u2705\" \/>\n<meta name=\"robots\" content=\"index, follow, max-snippet:-1, max-image-preview:large, max-video-preview:-1\" \/>\n<link rel=\"canonical\" href=\"https:\/\/tourtravelandmore.com\/es\/tours\/canada-es\/toronto-es\/toronto-a-pie-es\/tour-privado-a-pie-por-toronto\/\" \/>\n<meta property=\"og:locale\" content=\"es_ES\" \/>\n<meta property=\"og:type\" content=\"article\" \/>\n<meta property=\"og:title\" content=\"Tour privado a pie por Toronto\" \/>\n<meta property=\"og:description\" content=\"\u00a1Realice este tour privado a pie por Toronto y tenga la oportunidad de disfrutar de lo mejor de la ciudad de Toronto! \u00a1Este es un gran tour privado! \u2705\" \/>\n<meta property=\"og:url\" content=\"https:\/\/tourtravelandmore.com\/es\/tours\/canada-es\/toronto-es\/toronto-a-pie-es\/tour-privado-a-pie-por-toronto\/\" \/>\n<meta property=\"og:site_name\" content=\"Tour Travel And More\" \/>\n<meta property=\"article:publisher\" content=\"https:\/\/www.facebook.com\/tourtravelandmore\/\" \/>\n<meta property=\"article:modified_time\" content=\"2024-08-30T14:52:02+00:00\" \/>\n<meta property=\"og:image\" content=\"https:\/\/tourtravelandmore.com\/wp-content\/uploads\/2020\/11\/pexels-souvenirpixels-1519088.jpg\" \/>\n\t<meta property=\"og:image:width\" content=\"1280\" \/>\n\t<meta property=\"og:image:height\" content=\"814\" \/>\n\t<meta property=\"og:image:type\" content=\"image\/jpeg\" \/>\n<meta name=\"twitter:card\" content=\"summary_large_image\" \/>\n<meta name=\"twitter:site\" content=\"@TourTravel_More\" \/>\n<meta name=\"twitter:label1\" content=\"Tiempo de lectura\" \/>\n\t<meta name=\"twitter:data1\" content=\"2 minutos\" \/>\n<script type=\"application\/ld+json\" class=\"yoast-schema-graph\">{\"@context\":\"https:\/\/schema.org\",\"@graph\":[{\"@type\":\"WebPage\",\"@id\":\"https:\/\/tourtravelandmore.com\/es\/tours\/canada-es\/toronto-es\/toronto-a-pie-es\/tour-privado-a-pie-por-toronto\/\",\"url\":\"https:\/\/tourtravelandmore.com\/es\/tours\/canada-es\/toronto-es\/toronto-a-pie-es\/tour-privado-a-pie-por-toronto\/\",\"name\":\"Tour privado a pie por Toronto con un gu\u00eda tur\u00edstico oficial | TTM\",\"isPartOf\":{\"@id\":\"https:\/\/tourtravelandmore.com\/es\/#website\"},\"primaryImageOfPage\":{\"@id\":\"https:\/\/tourtravelandmore.com\/es\/tours\/canada-es\/toronto-es\/toronto-a-pie-es\/tour-privado-a-pie-por-toronto\/#primaryimage\"},\"image\":{\"@id\":\"https:\/\/tourtravelandmore.com\/es\/tours\/canada-es\/toronto-es\/toronto-a-pie-es\/tour-privado-a-pie-por-toronto\/#primaryimage\"},\"thumbnailUrl\":\"https:\/\/tourtravelandmore.com\/wp-content\/uploads\/2020\/11\/pexels-souvenirpixels-1519088.jpg\",\"datePublished\":\"2020-11-16T12:45:35+00:00\",\"dateModified\":\"2024-08-30T14:52:02+00:00\",\"description\":\"\u00a1Realice este tour privado a pie por Toronto y tenga la oportunidad de disfrutar de lo mejor de la ciudad de Toronto! \u00a1Este es un gran tour privado! \u2705\",\"breadcrumb\":{\"@id\":\"https:\/\/tourtravelandmore.com\/es\/tours\/canada-es\/toronto-es\/toronto-a-pie-es\/tour-privado-a-pie-por-toronto\/#breadcrumb\"},\"inLanguage\":\"es\",\"potentialAction\":[{\"@type\":\"ReadAction\",\"target\":[\"https:\/\/tourtravelandmore.com\/es\/tours\/canada-es\/toronto-es\/toronto-a-pie-es\/tour-privado-a-pie-por-toronto\/\"]}]},{\"@type\":\"ImageObject\",\"inLanguage\":\"es\",\"@id\":\"https:\/\/tourtravelandmore.com\/es\/tours\/canada-es\/toronto-es\/toronto-a-pie-es\/tour-privado-a-pie-por-toronto\/#primaryimage\",\"url\":\"https:\/\/tourtravelandmore.com\/wp-content\/uploads\/2020\/11\/pexels-souvenirpixels-1519088.jpg\",\"contentUrl\":\"https:\/\/tourtravelandmore.com\/wp-content\/uploads\/2020\/11\/pexels-souvenirpixels-1519088.jpg\",\"width\":1280,\"height\":814},{\"@type\":\"BreadcrumbList\",\"@id\":\"https:\/\/tourtravelandmore.com\/es\/tours\/canada-es\/toronto-es\/toronto-a-pie-es\/tour-privado-a-pie-por-toronto\/#breadcrumb\",\"itemListElement\":[{\"@type\":\"ListItem\",\"position\":1,\"name\":\"Home\",\"item\":\"https:\/\/tourtravelandmore.com\/es\/\"},{\"@type\":\"ListItem\",\"position\":2,\"name\":\"Tours\",\"item\":\"https:\/\/tourtravelandmore.com\/es\/tours\/\"},{\"@type\":\"ListItem\",\"position\":3,\"name\":\"Tour privado a pie por Toronto\"}]},{\"@type\":\"WebSite\",\"@id\":\"https:\/\/tourtravelandmore.com\/es\/#website\",\"url\":\"https:\/\/tourtravelandmore.com\/es\/\",\"name\":\"Tour Travel And More\",\"description\":\"Private sightseeing tours and luxury transfers in Spain\",\"publisher\":{\"@id\":\"https:\/\/tourtravelandmore.com\/es\/#organization\"},\"potentialAction\":[{\"@type\":\"SearchAction\",\"target\":{\"@type\":\"EntryPoint\",\"urlTemplate\":\"https:\/\/tourtravelandmore.com\/es\/?s={search_term_string}\"},\"query-input\":{\"@type\":\"PropertyValueSpecification\",\"valueRequired\":true,\"valueName\":\"search_term_string\"}}],\"inLanguage\":\"es\"},{\"@type\":\"Organization\",\"@id\":\"https:\/\/tourtravelandmore.com\/es\/#organization\",\"name\":\"Tour Travel And More\",\"url\":\"https:\/\/tourtravelandmore.com\/es\/\",\"logo\":{\"@type\":\"ImageObject\",\"inLanguage\":\"es\",\"@id\":\"https:\/\/tourtravelandmore.com\/es\/#\/schema\/logo\/image\/\",\"url\":\"https:\/\/tourtravelandmore.com\/wp-content\/uploads\/2022\/12\/cropped-logo-cabecera-new.png\",\"contentUrl\":\"https:\/\/tourtravelandmore.com\/wp-content\/uploads\/2022\/12\/cropped-logo-cabecera-new.png\",\"width\":430,\"height\":61,\"caption\":\"Tour Travel And More\"},\"image\":{\"@id\":\"https:\/\/tourtravelandmore.com\/es\/#\/schema\/logo\/image\/\"},\"sameAs\":[\"https:\/\/www.facebook.com\/tourtravelandmore\/\",\"https:\/\/x.com\/TourTravel_More\"]}]}<\/script>\n<!-- \/ Yoast SEO Premium plugin. -->","yoast_head_json":{"title":"Tour privado a pie por Toronto con un gu\u00eda tur\u00edstico oficial | TTM","description":"\u00a1Realice este tour privado a pie por Toronto y tenga la oportunidad de disfrutar de lo mejor de la ciudad de Toronto! \u00a1Este es un gran tour privado! \u2705","robots":{"index":"index","follow":"follow","max-snippet":"max-snippet:-1","max-image-preview":"max-image-preview:large","max-video-preview":"max-video-preview:-1"},"canonical":"https:\/\/tourtravelandmore.com\/es\/tours\/canada-es\/toronto-es\/toronto-a-pie-es\/tour-privado-a-pie-por-toronto\/","og_locale":"es_ES","og_type":"article","og_title":"Tour privado a pie por Toronto","og_description":"\u00a1Realice este tour privado a pie por Toronto y tenga la oportunidad de disfrutar de lo mejor de la ciudad de Toronto! \u00a1Este es un gran tour privado! \u2705","og_url":"https:\/\/tourtravelandmore.com\/es\/tours\/canada-es\/toronto-es\/toronto-a-pie-es\/tour-privado-a-pie-por-toronto\/","og_site_name":"Tour Travel And More","article_publisher":"https:\/\/www.facebook.com\/tourtravelandmore\/","article_modified_time":"2024-08-30T14:52:02+00:00","og_image":[{"width":1280,"height":814,"url":"https:\/\/tourtravelandmore.com\/wp-content\/uploads\/2020\/11\/pexels-souvenirpixels-1519088.jpg","type":"image\/jpeg"}],"twitter_card":"summary_large_image","twitter_site":"@TourTravel_More","twitter_misc":{"Tiempo de lectura":"2 minutos"},"schema":{"@context":"https:\/\/schema.org","@graph":[{"@type":"WebPage","@id":"https:\/\/tourtravelandmore.com\/es\/tours\/canada-es\/toronto-es\/toronto-a-pie-es\/tour-privado-a-pie-por-toronto\/","url":"https:\/\/tourtravelandmore.com\/es\/tours\/canada-es\/toronto-es\/toronto-a-pie-es\/tour-privado-a-pie-por-toronto\/","name":"Tour privado a pie por Toronto con un gu\u00eda tur\u00edstico oficial | TTM","isPartOf":{"@id":"https:\/\/tourtravelandmore.com\/es\/#website"},"primaryImageOfPage":{"@id":"https:\/\/tourtravelandmore.com\/es\/tours\/canada-es\/toronto-es\/toronto-a-pie-es\/tour-privado-a-pie-por-toronto\/#primaryimage"},"image":{"@id":"https:\/\/tourtravelandmore.com\/es\/tours\/canada-es\/toronto-es\/toronto-a-pie-es\/tour-privado-a-pie-por-toronto\/#primaryimage"},"thumbnailUrl":"https:\/\/tourtravelandmore.com\/wp-content\/uploads\/2020\/11\/pexels-souvenirpixels-1519088.jpg","datePublished":"2020-11-16T12:45:35+00:00","dateModified":"2024-08-30T14:52:02+00:00","description":"\u00a1Realice este tour privado a pie por Toronto y tenga la oportunidad de disfrutar de lo mejor de la ciudad de Toronto! \u00a1Este es un gran tour privado! \u2705","breadcrumb":{"@id":"https:\/\/tourtravelandmore.com\/es\/tours\/canada-es\/toronto-es\/toronto-a-pie-es\/tour-privado-a-pie-por-toronto\/#breadcrumb"},"inLanguage":"es","potentialAction":[{"@type":"ReadAction","target":["https:\/\/tourtravelandmore.com\/es\/tours\/canada-es\/toronto-es\/toronto-a-pie-es\/tour-privado-a-pie-por-toronto\/"]}]},{"@type":"ImageObject","inLanguage":"es","@id":"https:\/\/tourtravelandmore.com\/es\/tours\/canada-es\/toronto-es\/toronto-a-pie-es\/tour-privado-a-pie-por-toronto\/#primaryimage","url":"https:\/\/tourtravelandmore.com\/wp-content\/uploads\/2020\/11\/pexels-souvenirpixels-1519088.jpg","contentUrl":"https:\/\/tourtravelandmore.com\/wp-content\/uploads\/2020\/11\/pexels-souvenirpixels-1519088.jpg","width":1280,"height":814},{"@type":"BreadcrumbList","@id":"https:\/\/tourtravelandmore.com\/es\/tours\/canada-es\/toronto-es\/toronto-a-pie-es\/tour-privado-a-pie-por-toronto\/#breadcrumb","itemListElement":[{"@type":"ListItem","position":1,"name":"Home","item":"https:\/\/tourtravelandmore.com\/es\/"},{"@type":"ListItem","position":2,"name":"Tours","item":"https:\/\/tourtravelandmore.com\/es\/tours\/"},{"@type":"ListItem","position":3,"name":"Tour privado a pie por Toronto"}]},{"@type":"WebSite","@id":"https:\/\/tourtravelandmore.com\/es\/#website","url":"https:\/\/tourtravelandmore.com\/es\/","name":"Tour Travel And More","description":"Private sightseeing tours and luxury transfers in Spain","publisher":{"@id":"https:\/\/tourtravelandmore.com\/es\/#organization"},"potentialAction":[{"@type":"SearchAction","target":{"@type":"EntryPoint","urlTemplate":"https:\/\/tourtravelandmore.com\/es\/?s={search_term_string}"},"query-input":{"@type":"PropertyValueSpecification","valueRequired":true,"valueName":"search_term_string"}}],"inLanguage":"es"},{"@type":"Organization","@id":"https:\/\/tourtravelandmore.com\/es\/#organization","name":"Tour Travel And More","url":"https:\/\/tourtravelandmore.com\/es\/","logo":{"@type":"ImageObject","inLanguage":"es","@id":"https:\/\/tourtravelandmore.com\/es\/#\/schema\/logo\/image\/","url":"https:\/\/tourtravelandmore.com\/wp-content\/uploads\/2022\/12\/cropped-logo-cabecera-new.png","contentUrl":"https:\/\/tourtravelandmore.com\/wp-content\/uploads\/2022\/12\/cropped-logo-cabecera-new.png","width":430,"height":61,"caption":"Tour Travel And More"},"image":{"@id":"https:\/\/tourtravelandmore.com\/es\/#\/schema\/logo\/image\/"},"sameAs":["https:\/\/www.facebook.com\/tourtravelandmore\/","https:\/\/x.com\/TourTravel_More"]}]}},"_links":{"self":[{"href":"https:\/\/tourtravelandmore.com\/es\/wp-json\/wp\/v2\/product\/87041","targetHints":{"allow":["GET"]}}],"collection":[{"href":"https:\/\/tourtravelandmore.com\/es\/wp-json\/wp\/v2\/product"}],"about":[{"href":"https:\/\/tourtravelandmore.com\/es\/wp-json\/wp\/v2\/types\/product"}],"replies":[{"embeddable":true,"href":"https:\/\/tourtravelandmore.com\/es\/wp-json\/wp\/v2\/comments?post=87041"}],"wp:featuredmedia":[{"embeddable":true,"href":"https:\/\/tourtravelandmore.com\/es\/wp-json\/wp\/v2\/media\/177659"}],"wp:attachment":[{"href":"https:\/\/tourtravelandmore.com\/es\/wp-json\/wp\/v2\/media?parent=87041"}],"wp:term":[{"taxonomy":"product_brand","embeddable":true,"href":"https:\/\/tourtravelandmore.com\/es\/wp-json\/wp\/v2\/product_brand?post=87041"},{"taxonomy":"product_cat","embeddable":true,"href":"https:\/\/tourtravelandmore.com\/es\/wp-json\/wp\/v2\/product_cat?post=87041"},{"taxonomy":"product_tag","embeddable":true,"href":"https:\/\/tourtravelandmore.com\/es\/wp-json\/wp\/v2\/product_tag?post=87041"}],"curies":[{"name":"wp","href":"https:\/\/api.w.org\/{rel}","templated":true}]}}