{"id":86995,"date":"2020-11-16T12:38:22","date_gmt":"2020-11-16T11:38:24","guid":{"rendered":"https:\/\/tourtravelandmore.com\/?post_type=product&#038;p=86995"},"modified":"2024-08-30T16:34:35","modified_gmt":"2024-08-30T14:34:35","slug":"tour-privado-de-toronto","status":"publish","type":"product","link":"https:\/\/tourtravelandmore.com\/es\/tours\/canada-es\/toronto-es\/toronto-tours-es\/tour-privado-de-toronto\/","title":{"rendered":"Tour Privado de Toronto"},"content":{"rendered":"<h2>Descripci\u00f3n<\/h2>\n<p>Nuestro Tour Privado de <b><strong>Toronto<\/strong><\/b> es una magn\u00edfica manera de conocer la ciudad de Toronto. Es una forma maravillosa de conocer los secretos que guarda Toronto. Nuestro gu\u00eda tur\u00edstico privado estar\u00e1 a su disposici\u00f3n para vivir una experiencia \u00fanica. Toronto es la ciudad m\u00e1s poblada de Canad\u00e1 y la capital de la provincia canadiense de Ontario.<\/p>\n<p>En primer lugar, nos encargaremos de recogerle en privado en su hotel o lugar de su elecci\u00f3n en <a href=\"https:\/\/es.wikipedia.org\/wiki\/Toronto\">Toronto<\/a>.<\/p>\n<p>Nuestro Tour Privado de Toronto comenzar\u00e1 desde all\u00ed. Disfrute de los mejores lugares de la ciudad de Toronto. Toronto es una ciudad enorme. Al igual que Canad\u00e1, Toronto no es diferente, en Toronto podr\u00e1 encontrar una incre\u00edble ciudad multicultural.<\/p>\n<p>Toronto est\u00e1 dividida en 6 distritos diferentes. Tanto nuestro conductor como un gu\u00eda tur\u00edstico independiente estar\u00e1n a su disposici\u00f3n durante las 4 horas que dura la visita. Si lo prefiere, podemos organizar una visita m\u00e1s larga. No se pierda ninguno de nuestros otros recorridos privados por la ciudad de Toronto.<\/p>\n<h2>Puntos de inter\u00e9s<\/h2>\n<p>Tras una c\u00f3moda recogida, comencemos este Tour Privado. Le llevaremos a los lugares m\u00e1s emblem\u00e1ticos de la ciudad.<\/p>\n<p>He aqu\u00ed algunos ejemplos de lo que visitar\u00e1:<\/p>\n<ul>\n<li><b><strong>Torre CN.<\/strong><\/b> <b><strong>T\u00f3mese un momento para disfrutar de una vista de Toronto desde las alturas.<\/strong><\/b> <b><strong>Si se atreve, \u00a1haga una parada en el paseo Edge!<\/strong><\/b> <b><strong>No se preocupe, \u00a1se cansar\u00e1 seguro con un arn\u00e9s!<\/strong><\/b><\/li>\n<li><b><strong>Museo Real de Ontario.<\/strong><\/b> <b><strong>\u00a1Retroceda en la historia!<\/strong><\/b><\/li>\n<li><b><strong>Mercado de Kensington<\/strong><\/b><\/li>\n<li><b><strong>Casa Loma.<\/strong><\/b> <b><strong>Maravilloso castillo de estilo g\u00f3tico<\/strong><\/b><\/li>\n<li><b><strong>Sal\u00f3n de la Fama del Hockey<\/strong><\/b><\/li>\n<li><b><strong>Distrito de la destiler\u00eda<\/strong><\/b><\/li>\n<li><b><strong>High Park<\/strong><\/b><\/li>\n<li><b><strong>Centro Rogers<\/strong><\/b><\/li>\n<\/ul>\n<p>\u00a1Este tour privado terminar\u00e1 en su hotel o lugar de su elecci\u00f3n en Toronto!<\/p>\n<p>\u00a1Nuestros expertos en viajes est\u00e1n a su disposici\u00f3n para ofrecerle una experiencia \u00fanica! <a href=\"https:\/\/tourtravelandmore.com\/es\/ciudad\/canada-es\/toronto-en\/\">Eche un vistazo a nuestros otros tours privados que ofrecemos en Toronto.<\/a><\/p>\n","protected":false},"excerpt":{"rendered":"<p id=\"tw-target-text\" class=\"tw-data-text tw-text-large XcVN5d tw-ta\" dir=\"ltr\" data-placeholder=\"Traducci\u00f3n\">\u00a1Realice este <strong>tour privado de Toronto<\/strong> y tenga la oportunidad de disfrutar lo mejor de la ciudad de Toronto! \u00a1Este es un gran tour privado!<\/p>\n","protected":false},"featured_media":177654,"comment_status":"open","ping_status":"closed","template":"","meta":{"_acf_changed":false},"product_brand":[],"product_cat":[2789,2836,2841,1602],"product_tag":[],"class_list":{"0":"post-86995","1":"product","2":"type-product","3":"status-publish","4":"has-post-thumbnail","6":"product_cat-canada-es","7":"product_cat-toronto-es","8":"product_cat-toronto-tours-es","9":"product_cat-eeuu-es","11":"first","12":"instock","13":"shipping-taxable","14":"purchasable","15":"product-type-simple"},"acf":[],"yoast_head":"<!-- This site is optimized with the Yoast SEO Premium plugin v25.3.1 (Yoast SEO v25.3.1) - https:\/\/yoast.com\/wordpress\/plugins\/seo\/ -->\n<title>Tour Privado de Toronto con conductor y gu\u00eda tur\u00edstico | TTM<\/title>\n<meta name=\"description\" content=\"\u00a1Tome este tour privado de Toronto y tenga la oportunidad de disfrutar de lo mejor de Toronto! \u00a1Este es un gran tour privado! \u2705\" \/>\n<meta name=\"robots\" content=\"index, follow, max-snippet:-1, max-image-preview:large, max-video-preview:-1\" \/>\n<link rel=\"canonical\" href=\"https:\/\/tourtravelandmore.com\/es\/tours\/canada-es\/toronto-es\/toronto-tours-es\/tour-privado-de-toronto\/\" \/>\n<meta property=\"og:locale\" content=\"es_ES\" \/>\n<meta property=\"og:type\" content=\"article\" \/>\n<meta property=\"og:title\" content=\"Tour Privado de Toronto\" \/>\n<meta property=\"og:description\" content=\"\u00a1Tome este tour privado de Toronto y tenga la oportunidad de disfrutar de lo mejor de Toronto! \u00a1Este es un gran tour privado! \u2705\" \/>\n<meta property=\"og:url\" content=\"https:\/\/tourtravelandmore.com\/es\/tours\/canada-es\/toronto-es\/toronto-tours-es\/tour-privado-de-toronto\/\" \/>\n<meta property=\"og:site_name\" content=\"Tour Travel And More\" \/>\n<meta property=\"article:publisher\" content=\"https:\/\/www.facebook.com\/tourtravelandmore\/\" \/>\n<meta property=\"article:modified_time\" content=\"2024-08-30T14:34:35+00:00\" \/>\n<meta property=\"og:image\" content=\"https:\/\/tourtravelandmore.com\/wp-content\/uploads\/2020\/11\/pexels-sahil-1868676.jpg\" \/>\n\t<meta property=\"og:image:width\" content=\"1280\" \/>\n\t<meta property=\"og:image:height\" content=\"849\" \/>\n\t<meta property=\"og:image:type\" content=\"image\/jpeg\" \/>\n<meta name=\"twitter:card\" content=\"summary_large_image\" \/>\n<meta name=\"twitter:site\" content=\"@TourTravel_More\" \/>\n<meta name=\"twitter:label1\" content=\"Tiempo de lectura\" \/>\n\t<meta name=\"twitter:data1\" content=\"2 minutos\" \/>\n<script type=\"application\/ld+json\" class=\"yoast-schema-graph\">{\"@context\":\"https:\/\/schema.org\",\"@graph\":[{\"@type\":\"WebPage\",\"@id\":\"https:\/\/tourtravelandmore.com\/es\/tours\/canada-es\/toronto-es\/toronto-tours-es\/tour-privado-de-toronto\/\",\"url\":\"https:\/\/tourtravelandmore.com\/es\/tours\/canada-es\/toronto-es\/toronto-tours-es\/tour-privado-de-toronto\/\",\"name\":\"Tour Privado de Toronto con conductor y gu\u00eda tur\u00edstico | TTM\",\"isPartOf\":{\"@id\":\"https:\/\/tourtravelandmore.com\/es\/#website\"},\"primaryImageOfPage\":{\"@id\":\"https:\/\/tourtravelandmore.com\/es\/tours\/canada-es\/toronto-es\/toronto-tours-es\/tour-privado-de-toronto\/#primaryimage\"},\"image\":{\"@id\":\"https:\/\/tourtravelandmore.com\/es\/tours\/canada-es\/toronto-es\/toronto-tours-es\/tour-privado-de-toronto\/#primaryimage\"},\"thumbnailUrl\":\"https:\/\/tourtravelandmore.com\/wp-content\/uploads\/2020\/11\/pexels-sahil-1868676.jpg\",\"datePublished\":\"2020-11-16T11:38:24+00:00\",\"dateModified\":\"2024-08-30T14:34:35+00:00\",\"description\":\"\u00a1Tome este tour privado de Toronto y tenga la oportunidad de disfrutar de lo mejor de Toronto! \u00a1Este es un gran tour privado! \u2705\",\"breadcrumb\":{\"@id\":\"https:\/\/tourtravelandmore.com\/es\/tours\/canada-es\/toronto-es\/toronto-tours-es\/tour-privado-de-toronto\/#breadcrumb\"},\"inLanguage\":\"es\",\"potentialAction\":[{\"@type\":\"ReadAction\",\"target\":[\"https:\/\/tourtravelandmore.com\/es\/tours\/canada-es\/toronto-es\/toronto-tours-es\/tour-privado-de-toronto\/\"]}]},{\"@type\":\"ImageObject\",\"inLanguage\":\"es\",\"@id\":\"https:\/\/tourtravelandmore.com\/es\/tours\/canada-es\/toronto-es\/toronto-tours-es\/tour-privado-de-toronto\/#primaryimage\",\"url\":\"https:\/\/tourtravelandmore.com\/wp-content\/uploads\/2020\/11\/pexels-sahil-1868676.jpg\",\"contentUrl\":\"https:\/\/tourtravelandmore.com\/wp-content\/uploads\/2020\/11\/pexels-sahil-1868676.jpg\",\"width\":1280,\"height\":849},{\"@type\":\"BreadcrumbList\",\"@id\":\"https:\/\/tourtravelandmore.com\/es\/tours\/canada-es\/toronto-es\/toronto-tours-es\/tour-privado-de-toronto\/#breadcrumb\",\"itemListElement\":[{\"@type\":\"ListItem\",\"position\":1,\"name\":\"Home\",\"item\":\"https:\/\/tourtravelandmore.com\/es\/\"},{\"@type\":\"ListItem\",\"position\":2,\"name\":\"Tours\",\"item\":\"https:\/\/tourtravelandmore.com\/es\/tours\/\"},{\"@type\":\"ListItem\",\"position\":3,\"name\":\"Tour Privado de Toronto\"}]},{\"@type\":\"WebSite\",\"@id\":\"https:\/\/tourtravelandmore.com\/es\/#website\",\"url\":\"https:\/\/tourtravelandmore.com\/es\/\",\"name\":\"Tour Travel And More\",\"description\":\"Private sightseeing tours and luxury transfers in Spain\",\"publisher\":{\"@id\":\"https:\/\/tourtravelandmore.com\/es\/#organization\"},\"potentialAction\":[{\"@type\":\"SearchAction\",\"target\":{\"@type\":\"EntryPoint\",\"urlTemplate\":\"https:\/\/tourtravelandmore.com\/es\/?s={search_term_string}\"},\"query-input\":{\"@type\":\"PropertyValueSpecification\",\"valueRequired\":true,\"valueName\":\"search_term_string\"}}],\"inLanguage\":\"es\"},{\"@type\":\"Organization\",\"@id\":\"https:\/\/tourtravelandmore.com\/es\/#organization\",\"name\":\"Tour Travel And More\",\"url\":\"https:\/\/tourtravelandmore.com\/es\/\",\"logo\":{\"@type\":\"ImageObject\",\"inLanguage\":\"es\",\"@id\":\"https:\/\/tourtravelandmore.com\/es\/#\/schema\/logo\/image\/\",\"url\":\"https:\/\/tourtravelandmore.com\/wp-content\/uploads\/2022\/12\/cropped-logo-cabecera-new.png\",\"contentUrl\":\"https:\/\/tourtravelandmore.com\/wp-content\/uploads\/2022\/12\/cropped-logo-cabecera-new.png\",\"width\":430,\"height\":61,\"caption\":\"Tour Travel And More\"},\"image\":{\"@id\":\"https:\/\/tourtravelandmore.com\/es\/#\/schema\/logo\/image\/\"},\"sameAs\":[\"https:\/\/www.facebook.com\/tourtravelandmore\/\",\"https:\/\/x.com\/TourTravel_More\"]}]}<\/script>\n<!-- \/ Yoast SEO Premium plugin. -->","yoast_head_json":{"title":"Tour Privado de Toronto con conductor y gu\u00eda tur\u00edstico | TTM","description":"\u00a1Tome este tour privado de Toronto y tenga la oportunidad de disfrutar de lo mejor de Toronto! \u00a1Este es un gran tour privado! \u2705","robots":{"index":"index","follow":"follow","max-snippet":"max-snippet:-1","max-image-preview":"max-image-preview:large","max-video-preview":"max-video-preview:-1"},"canonical":"https:\/\/tourtravelandmore.com\/es\/tours\/canada-es\/toronto-es\/toronto-tours-es\/tour-privado-de-toronto\/","og_locale":"es_ES","og_type":"article","og_title":"Tour Privado de Toronto","og_description":"\u00a1Tome este tour privado de Toronto y tenga la oportunidad de disfrutar de lo mejor de Toronto! \u00a1Este es un gran tour privado! \u2705","og_url":"https:\/\/tourtravelandmore.com\/es\/tours\/canada-es\/toronto-es\/toronto-tours-es\/tour-privado-de-toronto\/","og_site_name":"Tour Travel And More","article_publisher":"https:\/\/www.facebook.com\/tourtravelandmore\/","article_modified_time":"2024-08-30T14:34:35+00:00","og_image":[{"width":1280,"height":849,"url":"https:\/\/tourtravelandmore.com\/wp-content\/uploads\/2020\/11\/pexels-sahil-1868676.jpg","type":"image\/jpeg"}],"twitter_card":"summary_large_image","twitter_site":"@TourTravel_More","twitter_misc":{"Tiempo de lectura":"2 minutos"},"schema":{"@context":"https:\/\/schema.org","@graph":[{"@type":"WebPage","@id":"https:\/\/tourtravelandmore.com\/es\/tours\/canada-es\/toronto-es\/toronto-tours-es\/tour-privado-de-toronto\/","url":"https:\/\/tourtravelandmore.com\/es\/tours\/canada-es\/toronto-es\/toronto-tours-es\/tour-privado-de-toronto\/","name":"Tour Privado de Toronto con conductor y gu\u00eda tur\u00edstico | TTM","isPartOf":{"@id":"https:\/\/tourtravelandmore.com\/es\/#website"},"primaryImageOfPage":{"@id":"https:\/\/tourtravelandmore.com\/es\/tours\/canada-es\/toronto-es\/toronto-tours-es\/tour-privado-de-toronto\/#primaryimage"},"image":{"@id":"https:\/\/tourtravelandmore.com\/es\/tours\/canada-es\/toronto-es\/toronto-tours-es\/tour-privado-de-toronto\/#primaryimage"},"thumbnailUrl":"https:\/\/tourtravelandmore.com\/wp-content\/uploads\/2020\/11\/pexels-sahil-1868676.jpg","datePublished":"2020-11-16T11:38:24+00:00","dateModified":"2024-08-30T14:34:35+00:00","description":"\u00a1Tome este tour privado de Toronto y tenga la oportunidad de disfrutar de lo mejor de Toronto! \u00a1Este es un gran tour privado! \u2705","breadcrumb":{"@id":"https:\/\/tourtravelandmore.com\/es\/tours\/canada-es\/toronto-es\/toronto-tours-es\/tour-privado-de-toronto\/#breadcrumb"},"inLanguage":"es","potentialAction":[{"@type":"ReadAction","target":["https:\/\/tourtravelandmore.com\/es\/tours\/canada-es\/toronto-es\/toronto-tours-es\/tour-privado-de-toronto\/"]}]},{"@type":"ImageObject","inLanguage":"es","@id":"https:\/\/tourtravelandmore.com\/es\/tours\/canada-es\/toronto-es\/toronto-tours-es\/tour-privado-de-toronto\/#primaryimage","url":"https:\/\/tourtravelandmore.com\/wp-content\/uploads\/2020\/11\/pexels-sahil-1868676.jpg","contentUrl":"https:\/\/tourtravelandmore.com\/wp-content\/uploads\/2020\/11\/pexels-sahil-1868676.jpg","width":1280,"height":849},{"@type":"BreadcrumbList","@id":"https:\/\/tourtravelandmore.com\/es\/tours\/canada-es\/toronto-es\/toronto-tours-es\/tour-privado-de-toronto\/#breadcrumb","itemListElement":[{"@type":"ListItem","position":1,"name":"Home","item":"https:\/\/tourtravelandmore.com\/es\/"},{"@type":"ListItem","position":2,"name":"Tours","item":"https:\/\/tourtravelandmore.com\/es\/tours\/"},{"@type":"ListItem","position":3,"name":"Tour Privado de Toronto"}]},{"@type":"WebSite","@id":"https:\/\/tourtravelandmore.com\/es\/#website","url":"https:\/\/tourtravelandmore.com\/es\/","name":"Tour Travel And More","description":"Private sightseeing tours and luxury transfers in Spain","publisher":{"@id":"https:\/\/tourtravelandmore.com\/es\/#organization"},"potentialAction":[{"@type":"SearchAction","target":{"@type":"EntryPoint","urlTemplate":"https:\/\/tourtravelandmore.com\/es\/?s={search_term_string}"},"query-input":{"@type":"PropertyValueSpecification","valueRequired":true,"valueName":"search_term_string"}}],"inLanguage":"es"},{"@type":"Organization","@id":"https:\/\/tourtravelandmore.com\/es\/#organization","name":"Tour Travel And More","url":"https:\/\/tourtravelandmore.com\/es\/","logo":{"@type":"ImageObject","inLanguage":"es","@id":"https:\/\/tourtravelandmore.com\/es\/#\/schema\/logo\/image\/","url":"https:\/\/tourtravelandmore.com\/wp-content\/uploads\/2022\/12\/cropped-logo-cabecera-new.png","contentUrl":"https:\/\/tourtravelandmore.com\/wp-content\/uploads\/2022\/12\/cropped-logo-cabecera-new.png","width":430,"height":61,"caption":"Tour Travel And More"},"image":{"@id":"https:\/\/tourtravelandmore.com\/es\/#\/schema\/logo\/image\/"},"sameAs":["https:\/\/www.facebook.com\/tourtravelandmore\/","https:\/\/x.com\/TourTravel_More"]}]}},"_links":{"self":[{"href":"https:\/\/tourtravelandmore.com\/es\/wp-json\/wp\/v2\/product\/86995","targetHints":{"allow":["GET"]}}],"collection":[{"href":"https:\/\/tourtravelandmore.com\/es\/wp-json\/wp\/v2\/product"}],"about":[{"href":"https:\/\/tourtravelandmore.com\/es\/wp-json\/wp\/v2\/types\/product"}],"replies":[{"embeddable":true,"href":"https:\/\/tourtravelandmore.com\/es\/wp-json\/wp\/v2\/comments?post=86995"}],"wp:featuredmedia":[{"embeddable":true,"href":"https:\/\/tourtravelandmore.com\/es\/wp-json\/wp\/v2\/media\/177654"}],"wp:attachment":[{"href":"https:\/\/tourtravelandmore.com\/es\/wp-json\/wp\/v2\/media?parent=86995"}],"wp:term":[{"taxonomy":"product_brand","embeddable":true,"href":"https:\/\/tourtravelandmore.com\/es\/wp-json\/wp\/v2\/product_brand?post=86995"},{"taxonomy":"product_cat","embeddable":true,"href":"https:\/\/tourtravelandmore.com\/es\/wp-json\/wp\/v2\/product_cat?post=86995"},{"taxonomy":"product_tag","embeddable":true,"href":"https:\/\/tourtravelandmore.com\/es\/wp-json\/wp\/v2\/product_tag?post=86995"}],"curies":[{"name":"wp","href":"https:\/\/api.w.org\/{rel}","templated":true}]}}