{"id":8695,"date":"2016-10-25T13:26:15","date_gmt":"2016-10-25T15:36:37","guid":{"rendered":"http:\/\/tourtravelandmore.com\/es\/?post_type=product&#038;p=8695"},"modified":"2024-04-29T19:05:22","modified_gmt":"2024-04-29T17:05:22","slug":"tour-privado-toledo-desde-madrid","status":"publish","type":"product","link":"https:\/\/tourtravelandmore.com\/es\/tours\/espana-es\/madrid-es\/tour-privado-toledo-desde-madrid\/","title":{"rendered":"Tour Privado de Toledo desde Madrid"},"content":{"rendered":"<h2><strong>Descripci\u00f3n del Tour Privado de Toledo desde Madrid<\/strong><\/h2>\n<p>Disfruta de este <strong>Tour a Toledo desde Madrid<\/strong> con nuestro gu\u00eda oficial privado y nuestro Veh\u00edculo privado con conductor. Este tour es completamente privado.<\/p>\n<p>Toledo es la capital de la regi\u00f3n de Castilla la Mancha. Es conocida por los <strong>monumentos medievales \u00e1rabes, jud\u00edos y cristianos<\/strong> <strong>en su ciudad amurallada<\/strong>. Tambi\u00e9n fue la antigua casa del pintor <strong>El Greco, <\/strong>d\u00f3nde conoceremos su obra a lo largo de todo el recorrido.<\/p>\n<p>La duraci\u00f3n del Tour a Toledo desde Madrid son 8 horas. Nuestro gu\u00eda esperar\u00e1 en la ciudad de Toledo para iniciar un de 3 horas, al finalizar el tour disfrutar\u00e9is de tiempo libre y podr\u00e9is comer en un lugar t\u00edpico de la ciudad. Nuestro conductor estar\u00e1 esperando para volver a Madrid.<\/p>\n<p>Al ser un Tour completamente privado pod\u00e9is escoger la hora de comienzo y sitio de recogida en Madrid.<\/p>\n<h2><strong>Puntos de Inter\u00e9s en el Tour Privado de Toledo desde Madrid<\/strong><\/h2>\n<p>Al llegar a Toledo nuestro gu\u00eda oficial estar\u00e1 esperando para subir al veh\u00edculo y antes de empezar el recorrido a pie, subiremos a uno de los miradores m\u00e1s importantes de la ciudad, <strong>Mirador del Valle. Tiene unas fant\u00e1sticas vistas de la ciudad y del r\u00edo tajo. <\/strong>Desde ah\u00ed\u00a0 junto a nuestro gu\u00eda empezar\u00e9is a descubrir la Historia de Toledo.<\/p>\n<p>Al finalizar la visita al Mirador del Valle nos dirigiremos al centro hist\u00f3rico de la ciudad para comenzar un recorrido a pie. Durante el recorrido veremos:<\/p>\n<p><strong>Catedral de Toledo: <\/strong>Conocida como la Catedral de Santa Mar\u00eda. Es una Catedral de estilo g\u00f3tico y una de las m\u00e1s impresionantes del mundo.<\/p>\n<p><strong>Sinagoga de Santa Mar\u00eda La Blanca: <\/strong>Es un edificio de estilo mudejar situado en el antiguo barrio jud\u00edo de Toledo. Durante 200 a\u00f1os fue utilizada como Sinagoga, hasta que fue reconvertida en Iglesia.<\/p>\n<p><strong>Monasterio de San Juan de los Reyes: <\/strong>Fue construido por los reyes cat\u00f3licos, de estilo g\u00f3tico, impresiona por el claustro de dos pisos.<\/p>\n<p><strong>Puente de Alc\u00e1ntara: <\/strong>Principal entrada de la ciudad amurallada. <strong><br \/>\n<\/strong><\/p>\n<p><strong>El Alcazar: <\/strong>Fue una fortaleza medieval situada en la parte m\u00e1s alta de la ciudad.<\/p>\n<p><strong>Iglesia de Santo Tom\u00e9: <\/strong>Ah\u00ed se encuentra una de las obras m\u00e1s importantes del Pinto el Greco &#8220;<em>El entierro del conde de Orgaz&#8221;.<\/em><\/p>\n<p><strong>Plaza de Zocodover: <\/strong>Es la plaza mayor de Toledo y la m\u00e1s relevante de la ciudad.<\/p>\n<p><strong>Iglesia de los Jesuitas:<\/strong> Edificio de estilo barroco.<\/p>\n<p>No solo vais a conocer las principales atracciones tur\u00edsticas de la ciudad, sino tambi\u00e9n la historia, an\u00e9cdotas, nuestro gu\u00eda os convertir\u00e1 por una hora en caballeros medievales.<\/p>\n<p>Contactar con nosotros a trav\u00e9s del Formulario del tour para reservar y solicitar informaci\u00f3n.<\/p>\n<p>Si os interesa otro tour de la ciudad pod\u00e9is ver nuestra lista de <a href=\"https:\/\/tourtravelandmore.com\/es\/ciudad\/espana-es\/madrid-es\/\">Tours Privados de Madrid.<\/a><\/p>\n","protected":false},"excerpt":{"rendered":"<p>Conoce Toledo desde Madrid, gracias a este tour privado con guia oficial y vehiculo con conductor. Disfruta de un tour de d\u00eda completo y conoce la est\u00e1 maravillosa ciudad, situada a pocos kil\u00f3metros de Madrid.<\/p>\n","protected":false},"featured_media":8584,"comment_status":"open","ping_status":"closed","template":"","meta":{"_acf_changed":false},"product_brand":[],"product_cat":[284,293,285,287,286,353,541,542,354],"product_tag":[],"class_list":{"0":"post-8695","1":"product","2":"type-product","3":"status-publish","4":"has-post-thumbnail","6":"product_cat-madrid-es","7":"product_cat-madrid-top-ventas-es","8":"product_cat-madrid-actividades-es","9":"product_cat-madrid-rutas-turisticas-privadas-es","10":"product_cat-madrid-excursiones-es","11":"product_cat-toledo-es","12":"product_cat-toledo-actividades-es","13":"product_cat-toledo-rutas-turisticas-privadas-es","14":"product_cat-toledo-excursiones-es","16":"first","17":"instock","18":"shipping-taxable","19":"purchasable","20":"product-type-simple"},"acf":[],"yoast_head":"<!-- This site is optimized with the Yoast SEO Premium plugin v25.3.1 (Yoast SEO v25.3.1) - https:\/\/yoast.com\/wordpress\/plugins\/seo\/ -->\n<title>\u27a1\ufe0f Tour a Toledo desde Madrid | Tour Travel &amp; More<\/title>\n<meta name=\"description\" content=\"Conoce Toledo, sus monumentos medievales \u00e1rabes, jud\u00edos y cristianos en su ciudad amurallada. Gracias al Tour a Toledo desde Madrid con su guia privado \u2705\" \/>\n<meta name=\"robots\" content=\"index, follow, max-snippet:-1, max-image-preview:large, max-video-preview:-1\" \/>\n<link rel=\"canonical\" href=\"https:\/\/tourtravelandmore.com\/es\/tours\/espana-es\/madrid-es\/tour-privado-toledo-desde-madrid\/\" \/>\n<meta property=\"og:locale\" content=\"es_ES\" \/>\n<meta property=\"og:type\" content=\"article\" \/>\n<meta property=\"og:title\" content=\"Tour Privado de Toledo desde Madrid\" \/>\n<meta property=\"og:description\" content=\"Conoce Toledo, sus monumentos medievales \u00e1rabes, jud\u00edos y cristianos en su ciudad amurallada. Gracias al Tour a Toledo desde Madrid con su guia privado \u2705\" \/>\n<meta property=\"og:url\" content=\"https:\/\/tourtravelandmore.com\/es\/tours\/espana-es\/madrid-es\/tour-privado-toledo-desde-madrid\/\" \/>\n<meta property=\"og:site_name\" content=\"Tour Travel And More\" \/>\n<meta property=\"article:publisher\" content=\"https:\/\/www.facebook.com\/tourtravelandmore\/\" \/>\n<meta property=\"article:modified_time\" content=\"2024-04-29T17:05:22+00:00\" \/>\n<meta property=\"og:image\" content=\"https:\/\/tourtravelandmore.com\/wp-content\/uploads\/2016\/10\/toledo-private-tour-4.jpg\" \/>\n\t<meta property=\"og:image:width\" content=\"1920\" \/>\n\t<meta property=\"og:image:height\" content=\"912\" \/>\n\t<meta property=\"og:image:type\" content=\"image\/jpeg\" \/>\n<meta name=\"twitter:card\" content=\"summary_large_image\" \/>\n<meta name=\"twitter:site\" content=\"@TourTravel_More\" \/>\n<meta name=\"twitter:label1\" content=\"Tiempo de lectura\" \/>\n\t<meta name=\"twitter:data1\" content=\"2 minutos\" \/>\n<script type=\"application\/ld+json\" class=\"yoast-schema-graph\">{\"@context\":\"https:\/\/schema.org\",\"@graph\":[{\"@type\":\"WebPage\",\"@id\":\"https:\/\/tourtravelandmore.com\/es\/tours\/espana-es\/madrid-es\/tour-privado-toledo-desde-madrid\/\",\"url\":\"https:\/\/tourtravelandmore.com\/es\/tours\/espana-es\/madrid-es\/tour-privado-toledo-desde-madrid\/\",\"name\":\"\u27a1\ufe0f Tour a Toledo desde Madrid | Tour Travel & More\",\"isPartOf\":{\"@id\":\"https:\/\/tourtravelandmore.com\/es\/#website\"},\"primaryImageOfPage\":{\"@id\":\"https:\/\/tourtravelandmore.com\/es\/tours\/espana-es\/madrid-es\/tour-privado-toledo-desde-madrid\/#primaryimage\"},\"image\":{\"@id\":\"https:\/\/tourtravelandmore.com\/es\/tours\/espana-es\/madrid-es\/tour-privado-toledo-desde-madrid\/#primaryimage\"},\"thumbnailUrl\":\"https:\/\/tourtravelandmore.com\/wp-content\/uploads\/2016\/10\/toledo-private-tour-4.jpg\",\"datePublished\":\"2016-10-25T15:36:37+00:00\",\"dateModified\":\"2024-04-29T17:05:22+00:00\",\"description\":\"Conoce Toledo, sus monumentos medievales \u00e1rabes, jud\u00edos y cristianos en su ciudad amurallada. Gracias al Tour a Toledo desde Madrid con su guia privado \u2705\",\"breadcrumb\":{\"@id\":\"https:\/\/tourtravelandmore.com\/es\/tours\/espana-es\/madrid-es\/tour-privado-toledo-desde-madrid\/#breadcrumb\"},\"inLanguage\":\"es\",\"potentialAction\":[{\"@type\":\"ReadAction\",\"target\":[\"https:\/\/tourtravelandmore.com\/es\/tours\/espana-es\/madrid-es\/tour-privado-toledo-desde-madrid\/\"]}]},{\"@type\":\"ImageObject\",\"inLanguage\":\"es\",\"@id\":\"https:\/\/tourtravelandmore.com\/es\/tours\/espana-es\/madrid-es\/tour-privado-toledo-desde-madrid\/#primaryimage\",\"url\":\"https:\/\/tourtravelandmore.com\/wp-content\/uploads\/2016\/10\/toledo-private-tour-4.jpg\",\"contentUrl\":\"https:\/\/tourtravelandmore.com\/wp-content\/uploads\/2016\/10\/toledo-private-tour-4.jpg\",\"width\":1920,\"height\":912},{\"@type\":\"BreadcrumbList\",\"@id\":\"https:\/\/tourtravelandmore.com\/es\/tours\/espana-es\/madrid-es\/tour-privado-toledo-desde-madrid\/#breadcrumb\",\"itemListElement\":[{\"@type\":\"ListItem\",\"position\":1,\"name\":\"Home\",\"item\":\"https:\/\/tourtravelandmore.com\/es\/\"},{\"@type\":\"ListItem\",\"position\":2,\"name\":\"Tours\",\"item\":\"https:\/\/tourtravelandmore.com\/es\/tours\/\"},{\"@type\":\"ListItem\",\"position\":3,\"name\":\"Tour Privado de Toledo desde Madrid\"}]},{\"@type\":\"WebSite\",\"@id\":\"https:\/\/tourtravelandmore.com\/es\/#website\",\"url\":\"https:\/\/tourtravelandmore.com\/es\/\",\"name\":\"Tour Travel And More\",\"description\":\"Private sightseeing tours and luxury transfers in Spain\",\"publisher\":{\"@id\":\"https:\/\/tourtravelandmore.com\/es\/#organization\"},\"potentialAction\":[{\"@type\":\"SearchAction\",\"target\":{\"@type\":\"EntryPoint\",\"urlTemplate\":\"https:\/\/tourtravelandmore.com\/es\/?s={search_term_string}\"},\"query-input\":{\"@type\":\"PropertyValueSpecification\",\"valueRequired\":true,\"valueName\":\"search_term_string\"}}],\"inLanguage\":\"es\"},{\"@type\":\"Organization\",\"@id\":\"https:\/\/tourtravelandmore.com\/es\/#organization\",\"name\":\"Tour Travel And More\",\"url\":\"https:\/\/tourtravelandmore.com\/es\/\",\"logo\":{\"@type\":\"ImageObject\",\"inLanguage\":\"es\",\"@id\":\"https:\/\/tourtravelandmore.com\/es\/#\/schema\/logo\/image\/\",\"url\":\"https:\/\/tourtravelandmore.com\/wp-content\/uploads\/2022\/12\/cropped-logo-cabecera-new.png\",\"contentUrl\":\"https:\/\/tourtravelandmore.com\/wp-content\/uploads\/2022\/12\/cropped-logo-cabecera-new.png\",\"width\":430,\"height\":61,\"caption\":\"Tour Travel And More\"},\"image\":{\"@id\":\"https:\/\/tourtravelandmore.com\/es\/#\/schema\/logo\/image\/\"},\"sameAs\":[\"https:\/\/www.facebook.com\/tourtravelandmore\/\",\"https:\/\/x.com\/TourTravel_More\"]}]}<\/script>\n<!-- \/ Yoast SEO Premium plugin. -->","yoast_head_json":{"title":"\u27a1\ufe0f Tour a Toledo desde Madrid | Tour Travel & More","description":"Conoce Toledo, sus monumentos medievales \u00e1rabes, jud\u00edos y cristianos en su ciudad amurallada. Gracias al Tour a Toledo desde Madrid con su guia privado \u2705","robots":{"index":"index","follow":"follow","max-snippet":"max-snippet:-1","max-image-preview":"max-image-preview:large","max-video-preview":"max-video-preview:-1"},"canonical":"https:\/\/tourtravelandmore.com\/es\/tours\/espana-es\/madrid-es\/tour-privado-toledo-desde-madrid\/","og_locale":"es_ES","og_type":"article","og_title":"Tour Privado de Toledo desde Madrid","og_description":"Conoce Toledo, sus monumentos medievales \u00e1rabes, jud\u00edos y cristianos en su ciudad amurallada. Gracias al Tour a Toledo desde Madrid con su guia privado \u2705","og_url":"https:\/\/tourtravelandmore.com\/es\/tours\/espana-es\/madrid-es\/tour-privado-toledo-desde-madrid\/","og_site_name":"Tour Travel And More","article_publisher":"https:\/\/www.facebook.com\/tourtravelandmore\/","article_modified_time":"2024-04-29T17:05:22+00:00","og_image":[{"width":1920,"height":912,"url":"https:\/\/tourtravelandmore.com\/wp-content\/uploads\/2016\/10\/toledo-private-tour-4.jpg","type":"image\/jpeg"}],"twitter_card":"summary_large_image","twitter_site":"@TourTravel_More","twitter_misc":{"Tiempo de lectura":"2 minutos"},"schema":{"@context":"https:\/\/schema.org","@graph":[{"@type":"WebPage","@id":"https:\/\/tourtravelandmore.com\/es\/tours\/espana-es\/madrid-es\/tour-privado-toledo-desde-madrid\/","url":"https:\/\/tourtravelandmore.com\/es\/tours\/espana-es\/madrid-es\/tour-privado-toledo-desde-madrid\/","name":"\u27a1\ufe0f Tour a Toledo desde Madrid | Tour Travel & More","isPartOf":{"@id":"https:\/\/tourtravelandmore.com\/es\/#website"},"primaryImageOfPage":{"@id":"https:\/\/tourtravelandmore.com\/es\/tours\/espana-es\/madrid-es\/tour-privado-toledo-desde-madrid\/#primaryimage"},"image":{"@id":"https:\/\/tourtravelandmore.com\/es\/tours\/espana-es\/madrid-es\/tour-privado-toledo-desde-madrid\/#primaryimage"},"thumbnailUrl":"https:\/\/tourtravelandmore.com\/wp-content\/uploads\/2016\/10\/toledo-private-tour-4.jpg","datePublished":"2016-10-25T15:36:37+00:00","dateModified":"2024-04-29T17:05:22+00:00","description":"Conoce Toledo, sus monumentos medievales \u00e1rabes, jud\u00edos y cristianos en su ciudad amurallada. Gracias al Tour a Toledo desde Madrid con su guia privado \u2705","breadcrumb":{"@id":"https:\/\/tourtravelandmore.com\/es\/tours\/espana-es\/madrid-es\/tour-privado-toledo-desde-madrid\/#breadcrumb"},"inLanguage":"es","potentialAction":[{"@type":"ReadAction","target":["https:\/\/tourtravelandmore.com\/es\/tours\/espana-es\/madrid-es\/tour-privado-toledo-desde-madrid\/"]}]},{"@type":"ImageObject","inLanguage":"es","@id":"https:\/\/tourtravelandmore.com\/es\/tours\/espana-es\/madrid-es\/tour-privado-toledo-desde-madrid\/#primaryimage","url":"https:\/\/tourtravelandmore.com\/wp-content\/uploads\/2016\/10\/toledo-private-tour-4.jpg","contentUrl":"https:\/\/tourtravelandmore.com\/wp-content\/uploads\/2016\/10\/toledo-private-tour-4.jpg","width":1920,"height":912},{"@type":"BreadcrumbList","@id":"https:\/\/tourtravelandmore.com\/es\/tours\/espana-es\/madrid-es\/tour-privado-toledo-desde-madrid\/#breadcrumb","itemListElement":[{"@type":"ListItem","position":1,"name":"Home","item":"https:\/\/tourtravelandmore.com\/es\/"},{"@type":"ListItem","position":2,"name":"Tours","item":"https:\/\/tourtravelandmore.com\/es\/tours\/"},{"@type":"ListItem","position":3,"name":"Tour Privado de Toledo desde Madrid"}]},{"@type":"WebSite","@id":"https:\/\/tourtravelandmore.com\/es\/#website","url":"https:\/\/tourtravelandmore.com\/es\/","name":"Tour Travel And More","description":"Private sightseeing tours and luxury transfers in Spain","publisher":{"@id":"https:\/\/tourtravelandmore.com\/es\/#organization"},"potentialAction":[{"@type":"SearchAction","target":{"@type":"EntryPoint","urlTemplate":"https:\/\/tourtravelandmore.com\/es\/?s={search_term_string}"},"query-input":{"@type":"PropertyValueSpecification","valueRequired":true,"valueName":"search_term_string"}}],"inLanguage":"es"},{"@type":"Organization","@id":"https:\/\/tourtravelandmore.com\/es\/#organization","name":"Tour Travel And More","url":"https:\/\/tourtravelandmore.com\/es\/","logo":{"@type":"ImageObject","inLanguage":"es","@id":"https:\/\/tourtravelandmore.com\/es\/#\/schema\/logo\/image\/","url":"https:\/\/tourtravelandmore.com\/wp-content\/uploads\/2022\/12\/cropped-logo-cabecera-new.png","contentUrl":"https:\/\/tourtravelandmore.com\/wp-content\/uploads\/2022\/12\/cropped-logo-cabecera-new.png","width":430,"height":61,"caption":"Tour Travel And More"},"image":{"@id":"https:\/\/tourtravelandmore.com\/es\/#\/schema\/logo\/image\/"},"sameAs":["https:\/\/www.facebook.com\/tourtravelandmore\/","https:\/\/x.com\/TourTravel_More"]}]}},"_links":{"self":[{"href":"https:\/\/tourtravelandmore.com\/es\/wp-json\/wp\/v2\/product\/8695","targetHints":{"allow":["GET"]}}],"collection":[{"href":"https:\/\/tourtravelandmore.com\/es\/wp-json\/wp\/v2\/product"}],"about":[{"href":"https:\/\/tourtravelandmore.com\/es\/wp-json\/wp\/v2\/types\/product"}],"replies":[{"embeddable":true,"href":"https:\/\/tourtravelandmore.com\/es\/wp-json\/wp\/v2\/comments?post=8695"}],"wp:featuredmedia":[{"embeddable":true,"href":"https:\/\/tourtravelandmore.com\/es\/wp-json\/wp\/v2\/media\/8584"}],"wp:attachment":[{"href":"https:\/\/tourtravelandmore.com\/es\/wp-json\/wp\/v2\/media?parent=8695"}],"wp:term":[{"taxonomy":"product_brand","embeddable":true,"href":"https:\/\/tourtravelandmore.com\/es\/wp-json\/wp\/v2\/product_brand?post=8695"},{"taxonomy":"product_cat","embeddable":true,"href":"https:\/\/tourtravelandmore.com\/es\/wp-json\/wp\/v2\/product_cat?post=8695"},{"taxonomy":"product_tag","embeddable":true,"href":"https:\/\/tourtravelandmore.com\/es\/wp-json\/wp\/v2\/product_tag?post=8695"}],"curies":[{"name":"wp","href":"https:\/\/api.w.org\/{rel}","templated":true}]}}