{"id":86929,"date":"2020-11-16T11:53:32","date_gmt":"2020-11-16T10:53:33","guid":{"rendered":"https:\/\/tourtravelandmore.com\/?post_type=product&#038;p=86929"},"modified":"2024-09-10T16:05:34","modified_gmt":"2024-09-10T14:05:34","slug":"tour-a-las-cataratas-del-niagara-desde-toronto","status":"publish","type":"product","link":"https:\/\/tourtravelandmore.com\/es\/tours\/canada-es\/cataratas-niagara-canada-es\/cataratas-niagara-canada-actividades-es\/tour-a-las-cataratas-del-niagara-desde-toronto\/","title":{"rendered":"Tour Privado a las cataratas del Ni\u00e1gara desde Toronto"},"content":{"rendered":"<h2>Descripci\u00f3n<\/h2>\n<p><b><strong>Las cataratas del Ni\u00e1gara<\/strong><\/b> son un lugar verdaderamente \u00fanico para visitar. Se puede visitar tanto si se viene de Estados Unidos como de Canad\u00e1. Es una experiencia verdaderamente \u00fanica. En este caso, nuestra excursi\u00f3n a las cataratas del Ni\u00e1gara desde Toronto es perfecta si se encuentra en Toronto.<\/p>\n<p>Tenemos que decir que Toronto es una ciudad incre\u00edble y que hay mucho que ver, pero esto no significa que no podamos ir a visitar las cataratas del Ni\u00e1gara.<\/p>\n<p><b><strong>\u00bfSab\u00eda que las cataratas del Ni\u00e1gara est\u00e1n formadas por tres saltos de agua?<\/strong><\/b> Puede encontrar esta asombrosa maravilla en Ontario y en la ciudad de Nueva York. Este maravilloso lugar estadounidense y canadiense es una parada obligada.<\/p>\n<p>La catarata m\u00e1s grande es Horseshoe Falls. Muchos la conocen tambi\u00e9n como las Cataratas Canadienses. Pueden verse en la frontera de ambos pa\u00edses. Las otras dos cataratas son conocidas como las cataratas m\u00e1s peque\u00f1as. Se llaman Cataratas Americanas y Cataratas Velo de Novia. Pueden encontrarse en Estados Unidos.<\/p>\n<p>Las ciudades m\u00e1s cercanas a las cataratas del Ni\u00e1gara son B\u00fafalo y Toronto. B\u00fafalo est\u00e1 mucho m\u00e1s cerca, y se encuentra en Nueva York, en Estados Unidos. Toronto est\u00e1 un poco m\u00e1s lejos, pero le llevar\u00e1 a los lugares m\u00e1s bellos de las cataratas.<\/p>\n<p>La ca\u00edda m\u00e1s alta tiene unos 57 metros de altura. Tambi\u00e9n podr\u00e1 ver que las cataratas Horseshoe tienen 790 metros de ancho.<\/p>\n<h2>Puntos de inter\u00e9s<\/h2>\n<p>En primer lugar, organizaremos una recogida privada en su hotel de <b><strong>Toronto.<\/strong><\/b> Tras la recogida en <b><strong>Toronto,<\/strong><\/b> nos dirigiremos hacia las cataratas del Ni\u00e1gara. A continuaci\u00f3n iniciaremos esta excursi\u00f3n a las cataratas del Ni\u00e1gara desde Toronto. El trayecto durar\u00e1 unos 90 minutos.<\/p>\n<p>Una vez all\u00ed, disfrutaremos de los mejores lugares y parajes de estas famosas cataratas. Tambi\u00e9n podremos tomarnos un tiempo para disfrutar del famoso <b><strong>Maid<\/strong><\/b> of the <b><strong>Mist.<\/strong><\/b><\/p>\n<p>El Maid of the Mist es una gran y divertida experiencia en barco bajo las cataratas. Es realmente el paseo de su vida y, por supuesto, \u00a1se llevar\u00e1 fotos incre\u00edbles y recuerdos \u00fanicos!<\/p>\n<p><a href=\"https:\/\/tourtravelandmore.com\/es\/ciudad\/canada-es\/\">Eche<\/a> un<a href=\"https:\/\/tourtravelandmore.com\/es\/ciudad\/canada-es\/\">vistazo a nuestros otros recorridos privados que ofrecemos en Canad\u00e1<\/a> y, por supuesto, en Toronto. \u00a1Nuestros expertos en viajes est\u00e1n aqu\u00ed para hacer que su experiencia sea \u00fanica!<\/p>\n","protected":false},"excerpt":{"rendered":"<p id=\"tw-target-text\" class=\"tw-data-text tw-text-large XcVN5d tw-ta\" dir=\"ltr\" data-placeholder=\"Traducci\u00f3n\">\u00a1Tome este <strong>tour privado de las Cataratas del Ni\u00e1gara desde Toronto<\/strong> y tenga la oportunidad de disfrutar de lo mejor de las Cataratas del Ni\u00e1gara! \u00a1Este es un gran tour privado!<\/p>\n","protected":false},"featured_media":86970,"comment_status":"open","ping_status":"closed","template":"","meta":{"_acf_changed":false},"product_brand":[],"product_cat":[2789,2896,2898,2836,2841,1602,2891,2894],"product_tag":[],"class_list":{"0":"post-86929","1":"product","2":"type-product","3":"status-publish","4":"has-post-thumbnail","6":"product_cat-canada-es","7":"product_cat-cataratas-niagara-canada-es","8":"product_cat-cataratas-niagara-canada-actividades-es","9":"product_cat-toronto-es","10":"product_cat-toronto-tours-es","11":"product_cat-eeuu-es","12":"product_cat-cataratas-niagara-eeuu-es","13":"product_cat-cataratas-del-niagara-eeuu-es","15":"first","16":"instock","17":"shipping-taxable","18":"purchasable","19":"product-type-simple"},"acf":[],"yoast_head":"<!-- This site is optimized with the Yoast SEO Premium plugin v25.3.1 (Yoast SEO v25.3.1) - https:\/\/yoast.com\/wordpress\/plugins\/seo\/ -->\n<title>Tour de las Cataratas del Ni\u00e1gara desde Toronto | Tour Travel &amp; More<\/title>\n<meta name=\"description\" content=\"\u2192 Reserve este tour de las Cataratas del Ni\u00e1gara desde Toronto y tenga la oportunidad de disfrutar de lo mejor de las Cataratas del Ni\u00e1gara! \u2705\" \/>\n<meta name=\"robots\" content=\"index, follow, max-snippet:-1, max-image-preview:large, max-video-preview:-1\" \/>\n<link rel=\"canonical\" href=\"https:\/\/tourtravelandmore.com\/es\/tours\/canada-es\/cataratas-niagara-canada-es\/cataratas-niagara-canada-actividades-es\/tour-a-las-cataratas-del-niagara-desde-toronto\/\" \/>\n<meta property=\"og:locale\" content=\"es_ES\" \/>\n<meta property=\"og:type\" content=\"article\" \/>\n<meta property=\"og:title\" content=\"Tour Privado a las cataratas del Ni\u00e1gara desde Toronto\" \/>\n<meta property=\"og:description\" content=\"\u2192 Reserve este tour de las Cataratas del Ni\u00e1gara desde Toronto y tenga la oportunidad de disfrutar de lo mejor de las Cataratas del Ni\u00e1gara! \u2705\" \/>\n<meta property=\"og:url\" content=\"https:\/\/tourtravelandmore.com\/es\/tours\/canada-es\/cataratas-niagara-canada-es\/cataratas-niagara-canada-actividades-es\/tour-a-las-cataratas-del-niagara-desde-toronto\/\" \/>\n<meta property=\"og:site_name\" content=\"Tour Travel And More\" \/>\n<meta property=\"article:publisher\" content=\"https:\/\/www.facebook.com\/tourtravelandmore\/\" \/>\n<meta property=\"article:modified_time\" content=\"2024-09-10T14:05:34+00:00\" \/>\n<meta property=\"og:image\" content=\"https:\/\/tourtravelandmore.com\/wp-content\/uploads\/2020\/11\/Niagara-Falls-7-scaled.jpg\" \/>\n\t<meta property=\"og:image:width\" content=\"2560\" \/>\n\t<meta property=\"og:image:height\" content=\"1440\" \/>\n\t<meta property=\"og:image:type\" content=\"image\/jpeg\" \/>\n<meta name=\"twitter:card\" content=\"summary_large_image\" \/>\n<meta name=\"twitter:site\" content=\"@TourTravel_More\" \/>\n<meta name=\"twitter:label1\" content=\"Tiempo de lectura\" \/>\n\t<meta name=\"twitter:data1\" content=\"2 minutos\" \/>\n<script type=\"application\/ld+json\" class=\"yoast-schema-graph\">{\"@context\":\"https:\/\/schema.org\",\"@graph\":[{\"@type\":\"WebPage\",\"@id\":\"https:\/\/tourtravelandmore.com\/es\/tours\/canada-es\/cataratas-niagara-canada-es\/cataratas-niagara-canada-actividades-es\/tour-a-las-cataratas-del-niagara-desde-toronto\/\",\"url\":\"https:\/\/tourtravelandmore.com\/es\/tours\/canada-es\/cataratas-niagara-canada-es\/cataratas-niagara-canada-actividades-es\/tour-a-las-cataratas-del-niagara-desde-toronto\/\",\"name\":\"Tour de las Cataratas del Ni\u00e1gara desde Toronto | Tour Travel & More\",\"isPartOf\":{\"@id\":\"https:\/\/tourtravelandmore.com\/es\/#website\"},\"primaryImageOfPage\":{\"@id\":\"https:\/\/tourtravelandmore.com\/es\/tours\/canada-es\/cataratas-niagara-canada-es\/cataratas-niagara-canada-actividades-es\/tour-a-las-cataratas-del-niagara-desde-toronto\/#primaryimage\"},\"image\":{\"@id\":\"https:\/\/tourtravelandmore.com\/es\/tours\/canada-es\/cataratas-niagara-canada-es\/cataratas-niagara-canada-actividades-es\/tour-a-las-cataratas-del-niagara-desde-toronto\/#primaryimage\"},\"thumbnailUrl\":\"https:\/\/tourtravelandmore.com\/wp-content\/uploads\/2020\/11\/Niagara-Falls-7-scaled.jpg\",\"datePublished\":\"2020-11-16T10:53:33+00:00\",\"dateModified\":\"2024-09-10T14:05:34+00:00\",\"description\":\"\u2192 Reserve este tour de las Cataratas del Ni\u00e1gara desde Toronto y tenga la oportunidad de disfrutar de lo mejor de las Cataratas del Ni\u00e1gara! \u2705\",\"breadcrumb\":{\"@id\":\"https:\/\/tourtravelandmore.com\/es\/tours\/canada-es\/cataratas-niagara-canada-es\/cataratas-niagara-canada-actividades-es\/tour-a-las-cataratas-del-niagara-desde-toronto\/#breadcrumb\"},\"inLanguage\":\"es\",\"potentialAction\":[{\"@type\":\"ReadAction\",\"target\":[\"https:\/\/tourtravelandmore.com\/es\/tours\/canada-es\/cataratas-niagara-canada-es\/cataratas-niagara-canada-actividades-es\/tour-a-las-cataratas-del-niagara-desde-toronto\/\"]}]},{\"@type\":\"ImageObject\",\"inLanguage\":\"es\",\"@id\":\"https:\/\/tourtravelandmore.com\/es\/tours\/canada-es\/cataratas-niagara-canada-es\/cataratas-niagara-canada-actividades-es\/tour-a-las-cataratas-del-niagara-desde-toronto\/#primaryimage\",\"url\":\"https:\/\/tourtravelandmore.com\/wp-content\/uploads\/2020\/11\/Niagara-Falls-7-scaled.jpg\",\"contentUrl\":\"https:\/\/tourtravelandmore.com\/wp-content\/uploads\/2020\/11\/Niagara-Falls-7-scaled.jpg\",\"width\":2560,\"height\":1440},{\"@type\":\"BreadcrumbList\",\"@id\":\"https:\/\/tourtravelandmore.com\/es\/tours\/canada-es\/cataratas-niagara-canada-es\/cataratas-niagara-canada-actividades-es\/tour-a-las-cataratas-del-niagara-desde-toronto\/#breadcrumb\",\"itemListElement\":[{\"@type\":\"ListItem\",\"position\":1,\"name\":\"Home\",\"item\":\"https:\/\/tourtravelandmore.com\/es\/\"},{\"@type\":\"ListItem\",\"position\":2,\"name\":\"Tours\",\"item\":\"https:\/\/tourtravelandmore.com\/es\/tours\/\"},{\"@type\":\"ListItem\",\"position\":3,\"name\":\"Tour Privado a las cataratas del Ni\u00e1gara desde Toronto\"}]},{\"@type\":\"WebSite\",\"@id\":\"https:\/\/tourtravelandmore.com\/es\/#website\",\"url\":\"https:\/\/tourtravelandmore.com\/es\/\",\"name\":\"Tour Travel And More\",\"description\":\"Private sightseeing tours and luxury transfers in Spain\",\"publisher\":{\"@id\":\"https:\/\/tourtravelandmore.com\/es\/#organization\"},\"potentialAction\":[{\"@type\":\"SearchAction\",\"target\":{\"@type\":\"EntryPoint\",\"urlTemplate\":\"https:\/\/tourtravelandmore.com\/es\/?s={search_term_string}\"},\"query-input\":{\"@type\":\"PropertyValueSpecification\",\"valueRequired\":true,\"valueName\":\"search_term_string\"}}],\"inLanguage\":\"es\"},{\"@type\":\"Organization\",\"@id\":\"https:\/\/tourtravelandmore.com\/es\/#organization\",\"name\":\"Tour Travel And More\",\"url\":\"https:\/\/tourtravelandmore.com\/es\/\",\"logo\":{\"@type\":\"ImageObject\",\"inLanguage\":\"es\",\"@id\":\"https:\/\/tourtravelandmore.com\/es\/#\/schema\/logo\/image\/\",\"url\":\"https:\/\/tourtravelandmore.com\/wp-content\/uploads\/2022\/12\/cropped-logo-cabecera-new.png\",\"contentUrl\":\"https:\/\/tourtravelandmore.com\/wp-content\/uploads\/2022\/12\/cropped-logo-cabecera-new.png\",\"width\":430,\"height\":61,\"caption\":\"Tour Travel And More\"},\"image\":{\"@id\":\"https:\/\/tourtravelandmore.com\/es\/#\/schema\/logo\/image\/\"},\"sameAs\":[\"https:\/\/www.facebook.com\/tourtravelandmore\/\",\"https:\/\/x.com\/TourTravel_More\"]}]}<\/script>\n<!-- \/ Yoast SEO Premium plugin. -->","yoast_head_json":{"title":"Tour de las Cataratas del Ni\u00e1gara desde Toronto | Tour Travel & More","description":"\u2192 Reserve este tour de las Cataratas del Ni\u00e1gara desde Toronto y tenga la oportunidad de disfrutar de lo mejor de las Cataratas del Ni\u00e1gara! \u2705","robots":{"index":"index","follow":"follow","max-snippet":"max-snippet:-1","max-image-preview":"max-image-preview:large","max-video-preview":"max-video-preview:-1"},"canonical":"https:\/\/tourtravelandmore.com\/es\/tours\/canada-es\/cataratas-niagara-canada-es\/cataratas-niagara-canada-actividades-es\/tour-a-las-cataratas-del-niagara-desde-toronto\/","og_locale":"es_ES","og_type":"article","og_title":"Tour Privado a las cataratas del Ni\u00e1gara desde Toronto","og_description":"\u2192 Reserve este tour de las Cataratas del Ni\u00e1gara desde Toronto y tenga la oportunidad de disfrutar de lo mejor de las Cataratas del Ni\u00e1gara! \u2705","og_url":"https:\/\/tourtravelandmore.com\/es\/tours\/canada-es\/cataratas-niagara-canada-es\/cataratas-niagara-canada-actividades-es\/tour-a-las-cataratas-del-niagara-desde-toronto\/","og_site_name":"Tour Travel And More","article_publisher":"https:\/\/www.facebook.com\/tourtravelandmore\/","article_modified_time":"2024-09-10T14:05:34+00:00","og_image":[{"width":2560,"height":1440,"url":"https:\/\/tourtravelandmore.com\/wp-content\/uploads\/2020\/11\/Niagara-Falls-7-scaled.jpg","type":"image\/jpeg"}],"twitter_card":"summary_large_image","twitter_site":"@TourTravel_More","twitter_misc":{"Tiempo de lectura":"2 minutos"},"schema":{"@context":"https:\/\/schema.org","@graph":[{"@type":"WebPage","@id":"https:\/\/tourtravelandmore.com\/es\/tours\/canada-es\/cataratas-niagara-canada-es\/cataratas-niagara-canada-actividades-es\/tour-a-las-cataratas-del-niagara-desde-toronto\/","url":"https:\/\/tourtravelandmore.com\/es\/tours\/canada-es\/cataratas-niagara-canada-es\/cataratas-niagara-canada-actividades-es\/tour-a-las-cataratas-del-niagara-desde-toronto\/","name":"Tour de las Cataratas del Ni\u00e1gara desde Toronto | Tour Travel & More","isPartOf":{"@id":"https:\/\/tourtravelandmore.com\/es\/#website"},"primaryImageOfPage":{"@id":"https:\/\/tourtravelandmore.com\/es\/tours\/canada-es\/cataratas-niagara-canada-es\/cataratas-niagara-canada-actividades-es\/tour-a-las-cataratas-del-niagara-desde-toronto\/#primaryimage"},"image":{"@id":"https:\/\/tourtravelandmore.com\/es\/tours\/canada-es\/cataratas-niagara-canada-es\/cataratas-niagara-canada-actividades-es\/tour-a-las-cataratas-del-niagara-desde-toronto\/#primaryimage"},"thumbnailUrl":"https:\/\/tourtravelandmore.com\/wp-content\/uploads\/2020\/11\/Niagara-Falls-7-scaled.jpg","datePublished":"2020-11-16T10:53:33+00:00","dateModified":"2024-09-10T14:05:34+00:00","description":"\u2192 Reserve este tour de las Cataratas del Ni\u00e1gara desde Toronto y tenga la oportunidad de disfrutar de lo mejor de las Cataratas del Ni\u00e1gara! \u2705","breadcrumb":{"@id":"https:\/\/tourtravelandmore.com\/es\/tours\/canada-es\/cataratas-niagara-canada-es\/cataratas-niagara-canada-actividades-es\/tour-a-las-cataratas-del-niagara-desde-toronto\/#breadcrumb"},"inLanguage":"es","potentialAction":[{"@type":"ReadAction","target":["https:\/\/tourtravelandmore.com\/es\/tours\/canada-es\/cataratas-niagara-canada-es\/cataratas-niagara-canada-actividades-es\/tour-a-las-cataratas-del-niagara-desde-toronto\/"]}]},{"@type":"ImageObject","inLanguage":"es","@id":"https:\/\/tourtravelandmore.com\/es\/tours\/canada-es\/cataratas-niagara-canada-es\/cataratas-niagara-canada-actividades-es\/tour-a-las-cataratas-del-niagara-desde-toronto\/#primaryimage","url":"https:\/\/tourtravelandmore.com\/wp-content\/uploads\/2020\/11\/Niagara-Falls-7-scaled.jpg","contentUrl":"https:\/\/tourtravelandmore.com\/wp-content\/uploads\/2020\/11\/Niagara-Falls-7-scaled.jpg","width":2560,"height":1440},{"@type":"BreadcrumbList","@id":"https:\/\/tourtravelandmore.com\/es\/tours\/canada-es\/cataratas-niagara-canada-es\/cataratas-niagara-canada-actividades-es\/tour-a-las-cataratas-del-niagara-desde-toronto\/#breadcrumb","itemListElement":[{"@type":"ListItem","position":1,"name":"Home","item":"https:\/\/tourtravelandmore.com\/es\/"},{"@type":"ListItem","position":2,"name":"Tours","item":"https:\/\/tourtravelandmore.com\/es\/tours\/"},{"@type":"ListItem","position":3,"name":"Tour Privado a las cataratas del Ni\u00e1gara desde Toronto"}]},{"@type":"WebSite","@id":"https:\/\/tourtravelandmore.com\/es\/#website","url":"https:\/\/tourtravelandmore.com\/es\/","name":"Tour Travel And More","description":"Private sightseeing tours and luxury transfers in Spain","publisher":{"@id":"https:\/\/tourtravelandmore.com\/es\/#organization"},"potentialAction":[{"@type":"SearchAction","target":{"@type":"EntryPoint","urlTemplate":"https:\/\/tourtravelandmore.com\/es\/?s={search_term_string}"},"query-input":{"@type":"PropertyValueSpecification","valueRequired":true,"valueName":"search_term_string"}}],"inLanguage":"es"},{"@type":"Organization","@id":"https:\/\/tourtravelandmore.com\/es\/#organization","name":"Tour Travel And More","url":"https:\/\/tourtravelandmore.com\/es\/","logo":{"@type":"ImageObject","inLanguage":"es","@id":"https:\/\/tourtravelandmore.com\/es\/#\/schema\/logo\/image\/","url":"https:\/\/tourtravelandmore.com\/wp-content\/uploads\/2022\/12\/cropped-logo-cabecera-new.png","contentUrl":"https:\/\/tourtravelandmore.com\/wp-content\/uploads\/2022\/12\/cropped-logo-cabecera-new.png","width":430,"height":61,"caption":"Tour Travel And More"},"image":{"@id":"https:\/\/tourtravelandmore.com\/es\/#\/schema\/logo\/image\/"},"sameAs":["https:\/\/www.facebook.com\/tourtravelandmore\/","https:\/\/x.com\/TourTravel_More"]}]}},"_links":{"self":[{"href":"https:\/\/tourtravelandmore.com\/es\/wp-json\/wp\/v2\/product\/86929","targetHints":{"allow":["GET"]}}],"collection":[{"href":"https:\/\/tourtravelandmore.com\/es\/wp-json\/wp\/v2\/product"}],"about":[{"href":"https:\/\/tourtravelandmore.com\/es\/wp-json\/wp\/v2\/types\/product"}],"replies":[{"embeddable":true,"href":"https:\/\/tourtravelandmore.com\/es\/wp-json\/wp\/v2\/comments?post=86929"}],"wp:featuredmedia":[{"embeddable":true,"href":"https:\/\/tourtravelandmore.com\/es\/wp-json\/wp\/v2\/media\/86970"}],"wp:attachment":[{"href":"https:\/\/tourtravelandmore.com\/es\/wp-json\/wp\/v2\/media?parent=86929"}],"wp:term":[{"taxonomy":"product_brand","embeddable":true,"href":"https:\/\/tourtravelandmore.com\/es\/wp-json\/wp\/v2\/product_brand?post=86929"},{"taxonomy":"product_cat","embeddable":true,"href":"https:\/\/tourtravelandmore.com\/es\/wp-json\/wp\/v2\/product_cat?post=86929"},{"taxonomy":"product_tag","embeddable":true,"href":"https:\/\/tourtravelandmore.com\/es\/wp-json\/wp\/v2\/product_tag?post=86929"}],"curies":[{"name":"wp","href":"https:\/\/api.w.org\/{rel}","templated":true}]}}