{"id":8690,"date":"2016-10-25T13:50:42","date_gmt":"2016-10-25T15:32:44","guid":{"rendered":"http:\/\/tourtravelandmore.com\/es\/?post_type=product&#038;p=8690"},"modified":"2024-05-07T15:26:36","modified_gmt":"2024-05-07T13:26:36","slug":"tour-privado-museos-madrid-thyssen-bornemisza-reina-sofia","status":"publish","type":"product","link":"https:\/\/tourtravelandmore.com\/es\/tours\/espana-es\/madrid-es\/tour-privado-museos-madrid-thyssen-bornemisza-reina-sofia\/","title":{"rendered":"Tour privado de Museo Thyssen y Reina Sof\u00eda"},"content":{"rendered":"<h2><strong>Descripci\u00f3n del Tour privado de Museo Thyssen y Reina Sof\u00eda<\/strong><\/h2>\n<p>El <strong>tour del Museo Thyssen y Reina sofia, <\/strong>conocer\u00e1 dos de los principales museos de la ciudad de Madrid, junto a su gu\u00eda oficial privado.<\/p>\n<p>La duraci\u00f3n del tour del Museo Thyssen y Reina Sofia son 4 horas. La Hora de comienzo al ser un Tour privado se puede escoger.<\/p>\n<p>El punto de encuentro son las Taquillas del Museo, en funci\u00f3n del Horario de las entradas se indicar\u00e1.<\/p>\n<p>Las entradas a ambos museos, son entradas sin colas.<\/p>\n<p>Si desean pueden a\u00f1adir los Traslados con conductor privado de ida y de vuelta, solamente lo tiene que indicar en el formulario de contacto del tour.<\/p>\n<h2>Puntos de inter\u00e9s en el Tour privado de Museo Thyssen y Reina Sof\u00eda<\/h2>\n<p>Conoce el <strong>Museo Reina Sof\u00eda<\/strong> y el <strong>Thyssen-Bornemisza<\/strong> a vuestro propio ritmo y con una explicaci\u00f3n de vuestro gu\u00eda oficial.<\/p>\n<p>En el <strong>Museo Thyssen-Bornemisza<\/strong> ofrece m\u00e1s de 1000 obras de arte y cubre g\u00e9neros desde medieval hasta g\u00f3tico. Podr\u00e9is disfrutar del arte m\u00e1s importante del siglo XX. <strong>Podr\u00e9is ver obras de arte de artistas como: Canaletto, Cezanne, Dal\u00ed, Kandisky, Matisse, Monet, Picasso, Rembrandt, Rubens and Van Gogh entra otros.<\/strong><\/p>\n<p>Una vez finalicemos el tour del Museo Thessen iremos caminando al Museo Reina Sofia, junto a nuestro gu\u00eda oficial privado.<\/p>\n<p>El <strong>Museo Reina Sof\u00eda<\/strong> se encuentra en un edificio de un antiguo hospital. Es un lugar ideal para conocer y descubrir los artistas m\u00e1s emblem\u00e1ticos de Espa\u00f1a. Vuestro gu\u00eda os llevar\u00e1 a conocer la \u00fanica y maravillosa historia del edificio y de las obras de arte del siglo XX. Conocer\u00e9is obras de arte de artistas como<strong> Juan Gris, Joan Mir\u00f3, Picasso, Dal\u00ed, Julio Gonzalez, Antoni T\u00e0pies, Francis Bacon, Georges Braque y mucho m\u00e1s..<\/strong><\/p>\n<p>El orden de la visita de los museos depender\u00e1 del Horario de las entradas.<\/p>\n<p>Nuestro gu\u00eda est\u00e1 especializado en las obras e historia, en todo momento les responder\u00e1 a sus dudas, si est\u00e1 interesado m\u00e1s en un Museo que otro o en alg\u00fan artista u obra, no dude en indicarlo, as\u00ed nuestro gu\u00eda se centrar\u00e1 en sus preferencias.<\/p>\n<p>Si est\u00e1 interesado en hacer otro <a href=\"https:\/\/tourtravelandmore.com\/es\/ciudad\/espana-es\/madrid-es\/\">tour privado de Madrid,<\/a> puede consultar nuestros tours y contactar con nuestro equipo.<\/p>\n","protected":false},"excerpt":{"rendered":"<p>Disfruta de un tour especializado en Museos junto a su gu\u00eda oficial privado, conocer\u00e1 dos de los principales museos de la ciudad: <strong>Museo Thyssen y Reina Sof\u00eda.<\/strong><\/p>\n","protected":false},"featured_media":8595,"comment_status":"open","ping_status":"closed","template":"","meta":{"_acf_changed":false},"product_brand":[],"product_cat":[284,285,288],"product_tag":[],"class_list":{"0":"post-8690","1":"product","2":"type-product","3":"status-publish","4":"has-post-thumbnail","6":"product_cat-madrid-es","7":"product_cat-madrid-actividades-es","8":"product_cat-madrid-tours-privados-pie-es","10":"first","11":"instock","12":"shipping-taxable","13":"purchasable","14":"product-type-simple"},"acf":[],"yoast_head":"<!-- This site is optimized with the Yoast SEO Premium plugin v25.3.1 (Yoast SEO v25.3.1) - https:\/\/yoast.com\/wordpress\/plugins\/seo\/ -->\n<title>\u27a1\ufe0f Tour del Museo Thyssen y Reina sofia | Tour Travel &amp; More<\/title>\n<meta name=\"description\" content=\"Disfruta del Tour del Museo Thyssen y Reina sofia y conoce dos de los museos m\u00e1s importantes de Madrid y Europa, junto a nuestro gu\u00eda oficial especializado \u2705\" \/>\n<meta name=\"robots\" content=\"index, follow, max-snippet:-1, max-image-preview:large, max-video-preview:-1\" \/>\n<link rel=\"canonical\" href=\"https:\/\/tourtravelandmore.com\/es\/tours\/espana-es\/madrid-es\/tour-privado-museos-madrid-thyssen-bornemisza-reina-sofia\/\" \/>\n<meta property=\"og:locale\" content=\"es_ES\" \/>\n<meta property=\"og:type\" content=\"article\" \/>\n<meta property=\"og:title\" content=\"Tour privado de Museo Thyssen y Reina Sof\u00eda\" \/>\n<meta property=\"og:description\" content=\"Disfruta del Tour del Museo Thyssen y Reina sofia y conoce dos de los museos m\u00e1s importantes de Madrid y Europa, junto a nuestro gu\u00eda oficial especializado \u2705\" \/>\n<meta property=\"og:url\" content=\"https:\/\/tourtravelandmore.com\/es\/tours\/espana-es\/madrid-es\/tour-privado-museos-madrid-thyssen-bornemisza-reina-sofia\/\" \/>\n<meta property=\"og:site_name\" content=\"Tour Travel And More\" \/>\n<meta property=\"article:publisher\" content=\"https:\/\/www.facebook.com\/tourtravelandmore\/\" \/>\n<meta property=\"article:modified_time\" content=\"2024-05-07T13:26:36+00:00\" \/>\n<meta property=\"og:image\" content=\"https:\/\/tourtravelandmore.com\/wp-content\/uploads\/2016\/10\/thyssen-madrid-private-tour.jpg\" \/>\n\t<meta property=\"og:image:width\" content=\"1690\" \/>\n\t<meta property=\"og:image:height\" content=\"1080\" \/>\n\t<meta property=\"og:image:type\" content=\"image\/jpeg\" \/>\n<meta name=\"twitter:card\" content=\"summary_large_image\" \/>\n<meta name=\"twitter:site\" content=\"@TourTravel_More\" \/>\n<meta name=\"twitter:label1\" content=\"Tiempo de lectura\" \/>\n\t<meta name=\"twitter:data1\" content=\"2 minutos\" \/>\n<script type=\"application\/ld+json\" class=\"yoast-schema-graph\">{\"@context\":\"https:\/\/schema.org\",\"@graph\":[{\"@type\":\"WebPage\",\"@id\":\"https:\/\/tourtravelandmore.com\/es\/tours\/espana-es\/madrid-es\/tour-privado-museos-madrid-thyssen-bornemisza-reina-sofia\/\",\"url\":\"https:\/\/tourtravelandmore.com\/es\/tours\/espana-es\/madrid-es\/tour-privado-museos-madrid-thyssen-bornemisza-reina-sofia\/\",\"name\":\"\u27a1\ufe0f Tour del Museo Thyssen y Reina sofia | Tour Travel & More\",\"isPartOf\":{\"@id\":\"https:\/\/tourtravelandmore.com\/es\/#website\"},\"primaryImageOfPage\":{\"@id\":\"https:\/\/tourtravelandmore.com\/es\/tours\/espana-es\/madrid-es\/tour-privado-museos-madrid-thyssen-bornemisza-reina-sofia\/#primaryimage\"},\"image\":{\"@id\":\"https:\/\/tourtravelandmore.com\/es\/tours\/espana-es\/madrid-es\/tour-privado-museos-madrid-thyssen-bornemisza-reina-sofia\/#primaryimage\"},\"thumbnailUrl\":\"https:\/\/tourtravelandmore.com\/wp-content\/uploads\/2016\/10\/thyssen-madrid-private-tour.jpg\",\"datePublished\":\"2016-10-25T15:32:44+00:00\",\"dateModified\":\"2024-05-07T13:26:36+00:00\",\"description\":\"Disfruta del Tour del Museo Thyssen y Reina sofia y conoce dos de los museos m\u00e1s importantes de Madrid y Europa, junto a nuestro gu\u00eda oficial especializado \u2705\",\"breadcrumb\":{\"@id\":\"https:\/\/tourtravelandmore.com\/es\/tours\/espana-es\/madrid-es\/tour-privado-museos-madrid-thyssen-bornemisza-reina-sofia\/#breadcrumb\"},\"inLanguage\":\"es\",\"potentialAction\":[{\"@type\":\"ReadAction\",\"target\":[\"https:\/\/tourtravelandmore.com\/es\/tours\/espana-es\/madrid-es\/tour-privado-museos-madrid-thyssen-bornemisza-reina-sofia\/\"]}]},{\"@type\":\"ImageObject\",\"inLanguage\":\"es\",\"@id\":\"https:\/\/tourtravelandmore.com\/es\/tours\/espana-es\/madrid-es\/tour-privado-museos-madrid-thyssen-bornemisza-reina-sofia\/#primaryimage\",\"url\":\"https:\/\/tourtravelandmore.com\/wp-content\/uploads\/2016\/10\/thyssen-madrid-private-tour.jpg\",\"contentUrl\":\"https:\/\/tourtravelandmore.com\/wp-content\/uploads\/2016\/10\/thyssen-madrid-private-tour.jpg\",\"width\":1690,\"height\":1080},{\"@type\":\"BreadcrumbList\",\"@id\":\"https:\/\/tourtravelandmore.com\/es\/tours\/espana-es\/madrid-es\/tour-privado-museos-madrid-thyssen-bornemisza-reina-sofia\/#breadcrumb\",\"itemListElement\":[{\"@type\":\"ListItem\",\"position\":1,\"name\":\"Home\",\"item\":\"https:\/\/tourtravelandmore.com\/es\/\"},{\"@type\":\"ListItem\",\"position\":2,\"name\":\"Tours\",\"item\":\"https:\/\/tourtravelandmore.com\/es\/tours\/\"},{\"@type\":\"ListItem\",\"position\":3,\"name\":\"Tour privado de Museo Thyssen y Reina Sof\u00eda\"}]},{\"@type\":\"WebSite\",\"@id\":\"https:\/\/tourtravelandmore.com\/es\/#website\",\"url\":\"https:\/\/tourtravelandmore.com\/es\/\",\"name\":\"Tour Travel And More\",\"description\":\"Private sightseeing tours and luxury transfers in Spain\",\"publisher\":{\"@id\":\"https:\/\/tourtravelandmore.com\/es\/#organization\"},\"potentialAction\":[{\"@type\":\"SearchAction\",\"target\":{\"@type\":\"EntryPoint\",\"urlTemplate\":\"https:\/\/tourtravelandmore.com\/es\/?s={search_term_string}\"},\"query-input\":{\"@type\":\"PropertyValueSpecification\",\"valueRequired\":true,\"valueName\":\"search_term_string\"}}],\"inLanguage\":\"es\"},{\"@type\":\"Organization\",\"@id\":\"https:\/\/tourtravelandmore.com\/es\/#organization\",\"name\":\"Tour Travel And More\",\"url\":\"https:\/\/tourtravelandmore.com\/es\/\",\"logo\":{\"@type\":\"ImageObject\",\"inLanguage\":\"es\",\"@id\":\"https:\/\/tourtravelandmore.com\/es\/#\/schema\/logo\/image\/\",\"url\":\"https:\/\/tourtravelandmore.com\/wp-content\/uploads\/2022\/12\/cropped-logo-cabecera-new.png\",\"contentUrl\":\"https:\/\/tourtravelandmore.com\/wp-content\/uploads\/2022\/12\/cropped-logo-cabecera-new.png\",\"width\":430,\"height\":61,\"caption\":\"Tour Travel And More\"},\"image\":{\"@id\":\"https:\/\/tourtravelandmore.com\/es\/#\/schema\/logo\/image\/\"},\"sameAs\":[\"https:\/\/www.facebook.com\/tourtravelandmore\/\",\"https:\/\/x.com\/TourTravel_More\"]}]}<\/script>\n<!-- \/ Yoast SEO Premium plugin. -->","yoast_head_json":{"title":"\u27a1\ufe0f Tour del Museo Thyssen y Reina sofia | Tour Travel & More","description":"Disfruta del Tour del Museo Thyssen y Reina sofia y conoce dos de los museos m\u00e1s importantes de Madrid y Europa, junto a nuestro gu\u00eda oficial especializado \u2705","robots":{"index":"index","follow":"follow","max-snippet":"max-snippet:-1","max-image-preview":"max-image-preview:large","max-video-preview":"max-video-preview:-1"},"canonical":"https:\/\/tourtravelandmore.com\/es\/tours\/espana-es\/madrid-es\/tour-privado-museos-madrid-thyssen-bornemisza-reina-sofia\/","og_locale":"es_ES","og_type":"article","og_title":"Tour privado de Museo Thyssen y Reina Sof\u00eda","og_description":"Disfruta del Tour del Museo Thyssen y Reina sofia y conoce dos de los museos m\u00e1s importantes de Madrid y Europa, junto a nuestro gu\u00eda oficial especializado \u2705","og_url":"https:\/\/tourtravelandmore.com\/es\/tours\/espana-es\/madrid-es\/tour-privado-museos-madrid-thyssen-bornemisza-reina-sofia\/","og_site_name":"Tour Travel And More","article_publisher":"https:\/\/www.facebook.com\/tourtravelandmore\/","article_modified_time":"2024-05-07T13:26:36+00:00","og_image":[{"width":1690,"height":1080,"url":"https:\/\/tourtravelandmore.com\/wp-content\/uploads\/2016\/10\/thyssen-madrid-private-tour.jpg","type":"image\/jpeg"}],"twitter_card":"summary_large_image","twitter_site":"@TourTravel_More","twitter_misc":{"Tiempo de lectura":"2 minutos"},"schema":{"@context":"https:\/\/schema.org","@graph":[{"@type":"WebPage","@id":"https:\/\/tourtravelandmore.com\/es\/tours\/espana-es\/madrid-es\/tour-privado-museos-madrid-thyssen-bornemisza-reina-sofia\/","url":"https:\/\/tourtravelandmore.com\/es\/tours\/espana-es\/madrid-es\/tour-privado-museos-madrid-thyssen-bornemisza-reina-sofia\/","name":"\u27a1\ufe0f Tour del Museo Thyssen y Reina sofia | Tour Travel & More","isPartOf":{"@id":"https:\/\/tourtravelandmore.com\/es\/#website"},"primaryImageOfPage":{"@id":"https:\/\/tourtravelandmore.com\/es\/tours\/espana-es\/madrid-es\/tour-privado-museos-madrid-thyssen-bornemisza-reina-sofia\/#primaryimage"},"image":{"@id":"https:\/\/tourtravelandmore.com\/es\/tours\/espana-es\/madrid-es\/tour-privado-museos-madrid-thyssen-bornemisza-reina-sofia\/#primaryimage"},"thumbnailUrl":"https:\/\/tourtravelandmore.com\/wp-content\/uploads\/2016\/10\/thyssen-madrid-private-tour.jpg","datePublished":"2016-10-25T15:32:44+00:00","dateModified":"2024-05-07T13:26:36+00:00","description":"Disfruta del Tour del Museo Thyssen y Reina sofia y conoce dos de los museos m\u00e1s importantes de Madrid y Europa, junto a nuestro gu\u00eda oficial especializado \u2705","breadcrumb":{"@id":"https:\/\/tourtravelandmore.com\/es\/tours\/espana-es\/madrid-es\/tour-privado-museos-madrid-thyssen-bornemisza-reina-sofia\/#breadcrumb"},"inLanguage":"es","potentialAction":[{"@type":"ReadAction","target":["https:\/\/tourtravelandmore.com\/es\/tours\/espana-es\/madrid-es\/tour-privado-museos-madrid-thyssen-bornemisza-reina-sofia\/"]}]},{"@type":"ImageObject","inLanguage":"es","@id":"https:\/\/tourtravelandmore.com\/es\/tours\/espana-es\/madrid-es\/tour-privado-museos-madrid-thyssen-bornemisza-reina-sofia\/#primaryimage","url":"https:\/\/tourtravelandmore.com\/wp-content\/uploads\/2016\/10\/thyssen-madrid-private-tour.jpg","contentUrl":"https:\/\/tourtravelandmore.com\/wp-content\/uploads\/2016\/10\/thyssen-madrid-private-tour.jpg","width":1690,"height":1080},{"@type":"BreadcrumbList","@id":"https:\/\/tourtravelandmore.com\/es\/tours\/espana-es\/madrid-es\/tour-privado-museos-madrid-thyssen-bornemisza-reina-sofia\/#breadcrumb","itemListElement":[{"@type":"ListItem","position":1,"name":"Home","item":"https:\/\/tourtravelandmore.com\/es\/"},{"@type":"ListItem","position":2,"name":"Tours","item":"https:\/\/tourtravelandmore.com\/es\/tours\/"},{"@type":"ListItem","position":3,"name":"Tour privado de Museo Thyssen y Reina Sof\u00eda"}]},{"@type":"WebSite","@id":"https:\/\/tourtravelandmore.com\/es\/#website","url":"https:\/\/tourtravelandmore.com\/es\/","name":"Tour Travel And More","description":"Private sightseeing tours and luxury transfers in Spain","publisher":{"@id":"https:\/\/tourtravelandmore.com\/es\/#organization"},"potentialAction":[{"@type":"SearchAction","target":{"@type":"EntryPoint","urlTemplate":"https:\/\/tourtravelandmore.com\/es\/?s={search_term_string}"},"query-input":{"@type":"PropertyValueSpecification","valueRequired":true,"valueName":"search_term_string"}}],"inLanguage":"es"},{"@type":"Organization","@id":"https:\/\/tourtravelandmore.com\/es\/#organization","name":"Tour Travel And More","url":"https:\/\/tourtravelandmore.com\/es\/","logo":{"@type":"ImageObject","inLanguage":"es","@id":"https:\/\/tourtravelandmore.com\/es\/#\/schema\/logo\/image\/","url":"https:\/\/tourtravelandmore.com\/wp-content\/uploads\/2022\/12\/cropped-logo-cabecera-new.png","contentUrl":"https:\/\/tourtravelandmore.com\/wp-content\/uploads\/2022\/12\/cropped-logo-cabecera-new.png","width":430,"height":61,"caption":"Tour Travel And More"},"image":{"@id":"https:\/\/tourtravelandmore.com\/es\/#\/schema\/logo\/image\/"},"sameAs":["https:\/\/www.facebook.com\/tourtravelandmore\/","https:\/\/x.com\/TourTravel_More"]}]}},"_links":{"self":[{"href":"https:\/\/tourtravelandmore.com\/es\/wp-json\/wp\/v2\/product\/8690","targetHints":{"allow":["GET"]}}],"collection":[{"href":"https:\/\/tourtravelandmore.com\/es\/wp-json\/wp\/v2\/product"}],"about":[{"href":"https:\/\/tourtravelandmore.com\/es\/wp-json\/wp\/v2\/types\/product"}],"replies":[{"embeddable":true,"href":"https:\/\/tourtravelandmore.com\/es\/wp-json\/wp\/v2\/comments?post=8690"}],"wp:featuredmedia":[{"embeddable":true,"href":"https:\/\/tourtravelandmore.com\/es\/wp-json\/wp\/v2\/media\/8595"}],"wp:attachment":[{"href":"https:\/\/tourtravelandmore.com\/es\/wp-json\/wp\/v2\/media?parent=8690"}],"wp:term":[{"taxonomy":"product_brand","embeddable":true,"href":"https:\/\/tourtravelandmore.com\/es\/wp-json\/wp\/v2\/product_brand?post=8690"},{"taxonomy":"product_cat","embeddable":true,"href":"https:\/\/tourtravelandmore.com\/es\/wp-json\/wp\/v2\/product_cat?post=8690"},{"taxonomy":"product_tag","embeddable":true,"href":"https:\/\/tourtravelandmore.com\/es\/wp-json\/wp\/v2\/product_tag?post=8690"}],"curies":[{"name":"wp","href":"https:\/\/api.w.org\/{rel}","templated":true}]}}