{"id":86838,"date":"2020-11-13T13:20:19","date_gmt":"2020-11-13T12:20:21","guid":{"rendered":"https:\/\/tourtravelandmore.com\/?post_type=product&#038;p=86838"},"modified":"2021-12-27T10:41:15","modified_gmt":"2021-12-27T09:41:15","slug":"cascadas-de-montmorency-desde-la-ciudad-de-quebec","status":"publish","type":"product","link":"https:\/\/tourtravelandmore.com\/es\/tours\/canada-es\/quebec-es\/quebec-actividades-es\/cascadas-de-montmorency-desde-la-ciudad-de-quebec\/","title":{"rendered":"Cascadas de Montmorency desde la ciudad de Quebec"},"content":{"rendered":"<h2 id=\"tw-target-text\" class=\"tw-data-text tw-text-large XcVN5d tw-ta\" dir=\"ltr\" data-placeholder=\"Traducci\u00f3n\"><span lang=\"es\">Descripci\u00f3n de Cascadas de Montmorency desde la ciudad de Quebec<\/span><\/h2>\n<p id=\"tw-target-text\" class=\"tw-data-text tw-text-large XcVN5d tw-ta\" dir=\"ltr\" data-placeholder=\"Traducci\u00f3n\"><span lang=\"es\">Disfrute de nuestro recorrido por las cataratas de Montmorency desde la ciudad de Quebec. Para esta incre\u00edble experiencia, podemos organizar una experiencia de medio d\u00eda o d\u00eda completo. <\/span><\/p>\n<p class=\"tw-data-text tw-text-large XcVN5d tw-ta\" dir=\"ltr\" data-placeholder=\"Traducci\u00f3n\"><span lang=\"es\">En Tour Travel &amp; More, estamos aqu\u00ed para hacer que su experiencia sea \u00fanica. Nuestro gu\u00eda tur\u00edstico privado lo recoger\u00e1 de su hotel o lugar de elecci\u00f3n en Quebec. <\/span><\/p>\n<p class=\"tw-data-text tw-text-large XcVN5d tw-ta\" dir=\"ltr\" data-placeholder=\"Traducci\u00f3n\"><span lang=\"es\">Luego comenzaremos estas incre\u00edbles cataratas de Montmorency desde la ciudad de Quebec. Tanto nuestro conductor como nuestro gu\u00eda tur\u00edstico estar\u00e1n a su disposici\u00f3n durante toda la experiencia. <\/span><\/p>\n<p class=\"tw-data-text tw-text-large XcVN5d tw-ta\" dir=\"ltr\" data-placeholder=\"Traducci\u00f3n\"><span lang=\"es\">Las cataratas de Montmorency se encuentran entre Beauport y Boischatel. Esto no est\u00e1 lejos de la ciudad de Quebec y del casco antiguo de la ciudad. Puede encontrar estas incre\u00edbles cataratas a unos 12 km o 15 minutos de la ciudad. <\/span><\/p>\n<p class=\"tw-data-text tw-text-large XcVN5d tw-ta\" dir=\"ltr\" data-placeholder=\"Traducci\u00f3n\"><span lang=\"es\">Dicho esto, no puedes perder la oportunidad de salir de la ciudad y disfrutar de esta incre\u00edble ubicaci\u00f3n. Incre\u00edbles vistas del r\u00edo San Lorenzo. Estas cascadas tienen 83 m de altura. \u00bfTe imaginas que estas cataratas son 30 m m\u00e1s altos que las cataratas del Ni\u00e1gara? <\/span><\/p>\n<h2 class=\"tw-data-text tw-text-large XcVN5d tw-ta\" dir=\"ltr\" data-placeholder=\"Traducci\u00f3n\"><span lang=\"es\">Puntos emblem\u00e1ticos y de inter\u00e9s de la Cascada\u00a0de Montmorency desde la ciudad de Quebec<\/span><\/h2>\n<p class=\"tw-data-text tw-text-large XcVN5d tw-ta\" dir=\"ltr\" data-placeholder=\"Traducci\u00f3n\"><span lang=\"es\">En primer lugar, organizaremos una c\u00f3moda recogida en el hotel de Quebec. <\/span><\/p>\n<p class=\"tw-data-text tw-text-large XcVN5d tw-ta\" dir=\"ltr\" data-placeholder=\"Traducci\u00f3n\"><span lang=\"es\">\u00a1Podemos organizar cualquier lugar de recogida para usted! Despu\u00e9s de la c\u00f3moda recogida, \u00a1vayamos hacia esta ubicaci\u00f3n \u00fanica! <\/span><\/p>\n<p class=\"tw-data-text tw-text-large XcVN5d tw-ta\" dir=\"ltr\" data-placeholder=\"Traducci\u00f3n\"><span lang=\"es\">Una vez que lleguemos a las cataratas de Montmorency, encontrar\u00e1 una escalera que lo ayudar\u00e1 a obtener una vista incre\u00edble de las cataratas. <\/span><\/p>\n<p class=\"tw-data-text tw-text-large XcVN5d tw-ta\" dir=\"ltr\" data-placeholder=\"Traducci\u00f3n\"><span lang=\"es\">Incluso hay un puente colgante sobre la cresta de las cataratas. Obviamente una de las mejores paradas fotogr\u00e1ficas. \u00a1Nuestro tour privado te brindar\u00e1 una experiencia incre\u00edble! <\/span><\/p>\n<p class=\"tw-data-text tw-text-large XcVN5d tw-ta\" dir=\"ltr\" data-placeholder=\"Traducci\u00f3n\"><span lang=\"es\">P\u00f3ngase en contacto con nuestros expertos en viajes de Tour Travel &amp; More para obtener m\u00e1s informaci\u00f3n. Eche un vistazo a nuestros otros tours privados en la ciudad de Quebec.<\/span><\/p>\n<p class=\"tw-data-text tw-text-large XcVN5d tw-ta\" dir=\"ltr\" data-placeholder=\"Traducci\u00f3n\"><span lang=\"es\"> \u00a1No olvide que ofrecemos tours privados en cualquier ciudad del mundo y por supuesto en Canad\u00e1! <a href=\"https:\/\/tourtravelandmore.com\/es\/ciudad\/canada-es\/quebec-es\/\" target=\"_blank\" rel=\"noopener noreferrer\">\u00a1\u00c9chales un vistazo aqu\u00ed!<\/a><\/span><\/p>\n","protected":false},"excerpt":{"rendered":"<p id=\"tw-target-text\" class=\"tw-data-text tw-text-large XcVN5d tw-ta\" dir=\"ltr\" data-placeholder=\"Traducci\u00f3n\">Tome estas <strong>cataratas de Montmorency desde la ciudad de Quebec<\/strong> y tenga la oportunidad de disfrutar lo mejor de la ciudad de Quebec. \u00a1Este es un gran tour privado!<\/p>\n","protected":false},"featured_media":86856,"comment_status":"open","ping_status":"closed","template":"","meta":{"_acf_changed":false},"product_brand":[],"product_cat":[2789,2871,2874,2877,1602],"product_tag":[],"class_list":{"0":"post-86838","1":"product","2":"type-product","3":"status-publish","4":"has-post-thumbnail","6":"product_cat-canada-es","7":"product_cat-quebec-es","8":"product_cat-quebec-actividades-es","9":"product_cat-quebec-tours-es","10":"product_cat-eeuu-es","12":"first","13":"instock","14":"shipping-taxable","15":"purchasable","16":"product-type-simple"},"acf":[],"yoast_head":"<!-- This site is optimized with the Yoast SEO Premium plugin v25.3.1 (Yoast SEO v25.3.1) - https:\/\/yoast.com\/wordpress\/plugins\/seo\/ -->\n<title>Cascadas de Montmorency desde la ciudad de Quebec | Tour Travel and More<\/title>\n<meta name=\"description\" content=\"Tome estas cataratas de Montmorency desde la ciudad de Quebec y tenga la oportunidad de disfrutar lo mejor de la ciudad de Quebec \u2705\" \/>\n<meta name=\"robots\" content=\"index, follow, max-snippet:-1, max-image-preview:large, max-video-preview:-1\" \/>\n<link rel=\"canonical\" href=\"https:\/\/tourtravelandmore.com\/es\/tours\/canada-es\/quebec-es\/quebec-actividades-es\/cascadas-de-montmorency-desde-la-ciudad-de-quebec\/\" \/>\n<meta property=\"og:locale\" content=\"es_ES\" \/>\n<meta property=\"og:type\" content=\"article\" \/>\n<meta property=\"og:title\" content=\"Cascadas de Montmorency desde la ciudad de Quebec\" \/>\n<meta property=\"og:description\" content=\"Tome estas cataratas de Montmorency desde la ciudad de Quebec y tenga la oportunidad de disfrutar lo mejor de la ciudad de Quebec \u2705\" \/>\n<meta property=\"og:url\" content=\"https:\/\/tourtravelandmore.com\/es\/tours\/canada-es\/quebec-es\/quebec-actividades-es\/cascadas-de-montmorency-desde-la-ciudad-de-quebec\/\" \/>\n<meta property=\"og:site_name\" content=\"Tour Travel And More\" \/>\n<meta property=\"article:publisher\" content=\"https:\/\/www.facebook.com\/tourtravelandmore\/\" \/>\n<meta property=\"article:modified_time\" content=\"2021-12-27T09:41:15+00:00\" \/>\n<meta property=\"og:image\" content=\"https:\/\/tourtravelandmore.com\/wp-content\/uploads\/2020\/11\/Montmorency-Falls-2-scaled.jpg\" \/>\n\t<meta property=\"og:image:width\" content=\"2560\" \/>\n\t<meta property=\"og:image:height\" content=\"1582\" \/>\n\t<meta property=\"og:image:type\" content=\"image\/jpeg\" \/>\n<meta name=\"twitter:card\" content=\"summary_large_image\" \/>\n<meta name=\"twitter:site\" content=\"@TourTravel_More\" \/>\n<meta name=\"twitter:label1\" content=\"Tiempo de lectura\" \/>\n\t<meta name=\"twitter:data1\" content=\"2 minutos\" \/>\n<script type=\"application\/ld+json\" class=\"yoast-schema-graph\">{\"@context\":\"https:\/\/schema.org\",\"@graph\":[{\"@type\":\"WebPage\",\"@id\":\"https:\/\/tourtravelandmore.com\/es\/tours\/canada-es\/quebec-es\/quebec-actividades-es\/cascadas-de-montmorency-desde-la-ciudad-de-quebec\/\",\"url\":\"https:\/\/tourtravelandmore.com\/es\/tours\/canada-es\/quebec-es\/quebec-actividades-es\/cascadas-de-montmorency-desde-la-ciudad-de-quebec\/\",\"name\":\"Cascadas de Montmorency desde la ciudad de Quebec | Tour Travel and More\",\"isPartOf\":{\"@id\":\"https:\/\/tourtravelandmore.com\/es\/#website\"},\"primaryImageOfPage\":{\"@id\":\"https:\/\/tourtravelandmore.com\/es\/tours\/canada-es\/quebec-es\/quebec-actividades-es\/cascadas-de-montmorency-desde-la-ciudad-de-quebec\/#primaryimage\"},\"image\":{\"@id\":\"https:\/\/tourtravelandmore.com\/es\/tours\/canada-es\/quebec-es\/quebec-actividades-es\/cascadas-de-montmorency-desde-la-ciudad-de-quebec\/#primaryimage\"},\"thumbnailUrl\":\"https:\/\/tourtravelandmore.com\/wp-content\/uploads\/2020\/11\/Montmorency-Falls-2-scaled.jpg\",\"datePublished\":\"2020-11-13T12:20:21+00:00\",\"dateModified\":\"2021-12-27T09:41:15+00:00\",\"description\":\"Tome estas cataratas de Montmorency desde la ciudad de Quebec y tenga la oportunidad de disfrutar lo mejor de la ciudad de Quebec \u2705\",\"breadcrumb\":{\"@id\":\"https:\/\/tourtravelandmore.com\/es\/tours\/canada-es\/quebec-es\/quebec-actividades-es\/cascadas-de-montmorency-desde-la-ciudad-de-quebec\/#breadcrumb\"},\"inLanguage\":\"es\",\"potentialAction\":[{\"@type\":\"ReadAction\",\"target\":[\"https:\/\/tourtravelandmore.com\/es\/tours\/canada-es\/quebec-es\/quebec-actividades-es\/cascadas-de-montmorency-desde-la-ciudad-de-quebec\/\"]}]},{\"@type\":\"ImageObject\",\"inLanguage\":\"es\",\"@id\":\"https:\/\/tourtravelandmore.com\/es\/tours\/canada-es\/quebec-es\/quebec-actividades-es\/cascadas-de-montmorency-desde-la-ciudad-de-quebec\/#primaryimage\",\"url\":\"https:\/\/tourtravelandmore.com\/wp-content\/uploads\/2020\/11\/Montmorency-Falls-2-scaled.jpg\",\"contentUrl\":\"https:\/\/tourtravelandmore.com\/wp-content\/uploads\/2020\/11\/Montmorency-Falls-2-scaled.jpg\",\"width\":2560,\"height\":1582},{\"@type\":\"BreadcrumbList\",\"@id\":\"https:\/\/tourtravelandmore.com\/es\/tours\/canada-es\/quebec-es\/quebec-actividades-es\/cascadas-de-montmorency-desde-la-ciudad-de-quebec\/#breadcrumb\",\"itemListElement\":[{\"@type\":\"ListItem\",\"position\":1,\"name\":\"Home\",\"item\":\"https:\/\/tourtravelandmore.com\/es\/\"},{\"@type\":\"ListItem\",\"position\":2,\"name\":\"Tours\",\"item\":\"https:\/\/tourtravelandmore.com\/es\/tours\/\"},{\"@type\":\"ListItem\",\"position\":3,\"name\":\"Cascadas de Montmorency desde la ciudad de Quebec\"}]},{\"@type\":\"WebSite\",\"@id\":\"https:\/\/tourtravelandmore.com\/es\/#website\",\"url\":\"https:\/\/tourtravelandmore.com\/es\/\",\"name\":\"Tour Travel And More\",\"description\":\"Private sightseeing tours and luxury transfers in Spain\",\"publisher\":{\"@id\":\"https:\/\/tourtravelandmore.com\/es\/#organization\"},\"potentialAction\":[{\"@type\":\"SearchAction\",\"target\":{\"@type\":\"EntryPoint\",\"urlTemplate\":\"https:\/\/tourtravelandmore.com\/es\/?s={search_term_string}\"},\"query-input\":{\"@type\":\"PropertyValueSpecification\",\"valueRequired\":true,\"valueName\":\"search_term_string\"}}],\"inLanguage\":\"es\"},{\"@type\":\"Organization\",\"@id\":\"https:\/\/tourtravelandmore.com\/es\/#organization\",\"name\":\"Tour Travel And More\",\"url\":\"https:\/\/tourtravelandmore.com\/es\/\",\"logo\":{\"@type\":\"ImageObject\",\"inLanguage\":\"es\",\"@id\":\"https:\/\/tourtravelandmore.com\/es\/#\/schema\/logo\/image\/\",\"url\":\"https:\/\/tourtravelandmore.com\/wp-content\/uploads\/2022\/12\/cropped-logo-cabecera-new.png\",\"contentUrl\":\"https:\/\/tourtravelandmore.com\/wp-content\/uploads\/2022\/12\/cropped-logo-cabecera-new.png\",\"width\":430,\"height\":61,\"caption\":\"Tour Travel And More\"},\"image\":{\"@id\":\"https:\/\/tourtravelandmore.com\/es\/#\/schema\/logo\/image\/\"},\"sameAs\":[\"https:\/\/www.facebook.com\/tourtravelandmore\/\",\"https:\/\/x.com\/TourTravel_More\"]}]}<\/script>\n<!-- \/ Yoast SEO Premium plugin. -->","yoast_head_json":{"title":"Cascadas de Montmorency desde la ciudad de Quebec | Tour Travel and More","description":"Tome estas cataratas de Montmorency desde la ciudad de Quebec y tenga la oportunidad de disfrutar lo mejor de la ciudad de Quebec \u2705","robots":{"index":"index","follow":"follow","max-snippet":"max-snippet:-1","max-image-preview":"max-image-preview:large","max-video-preview":"max-video-preview:-1"},"canonical":"https:\/\/tourtravelandmore.com\/es\/tours\/canada-es\/quebec-es\/quebec-actividades-es\/cascadas-de-montmorency-desde-la-ciudad-de-quebec\/","og_locale":"es_ES","og_type":"article","og_title":"Cascadas de Montmorency desde la ciudad de Quebec","og_description":"Tome estas cataratas de Montmorency desde la ciudad de Quebec y tenga la oportunidad de disfrutar lo mejor de la ciudad de Quebec \u2705","og_url":"https:\/\/tourtravelandmore.com\/es\/tours\/canada-es\/quebec-es\/quebec-actividades-es\/cascadas-de-montmorency-desde-la-ciudad-de-quebec\/","og_site_name":"Tour Travel And More","article_publisher":"https:\/\/www.facebook.com\/tourtravelandmore\/","article_modified_time":"2021-12-27T09:41:15+00:00","og_image":[{"width":2560,"height":1582,"url":"https:\/\/tourtravelandmore.com\/wp-content\/uploads\/2020\/11\/Montmorency-Falls-2-scaled.jpg","type":"image\/jpeg"}],"twitter_card":"summary_large_image","twitter_site":"@TourTravel_More","twitter_misc":{"Tiempo de lectura":"2 minutos"},"schema":{"@context":"https:\/\/schema.org","@graph":[{"@type":"WebPage","@id":"https:\/\/tourtravelandmore.com\/es\/tours\/canada-es\/quebec-es\/quebec-actividades-es\/cascadas-de-montmorency-desde-la-ciudad-de-quebec\/","url":"https:\/\/tourtravelandmore.com\/es\/tours\/canada-es\/quebec-es\/quebec-actividades-es\/cascadas-de-montmorency-desde-la-ciudad-de-quebec\/","name":"Cascadas de Montmorency desde la ciudad de Quebec | Tour Travel and More","isPartOf":{"@id":"https:\/\/tourtravelandmore.com\/es\/#website"},"primaryImageOfPage":{"@id":"https:\/\/tourtravelandmore.com\/es\/tours\/canada-es\/quebec-es\/quebec-actividades-es\/cascadas-de-montmorency-desde-la-ciudad-de-quebec\/#primaryimage"},"image":{"@id":"https:\/\/tourtravelandmore.com\/es\/tours\/canada-es\/quebec-es\/quebec-actividades-es\/cascadas-de-montmorency-desde-la-ciudad-de-quebec\/#primaryimage"},"thumbnailUrl":"https:\/\/tourtravelandmore.com\/wp-content\/uploads\/2020\/11\/Montmorency-Falls-2-scaled.jpg","datePublished":"2020-11-13T12:20:21+00:00","dateModified":"2021-12-27T09:41:15+00:00","description":"Tome estas cataratas de Montmorency desde la ciudad de Quebec y tenga la oportunidad de disfrutar lo mejor de la ciudad de Quebec \u2705","breadcrumb":{"@id":"https:\/\/tourtravelandmore.com\/es\/tours\/canada-es\/quebec-es\/quebec-actividades-es\/cascadas-de-montmorency-desde-la-ciudad-de-quebec\/#breadcrumb"},"inLanguage":"es","potentialAction":[{"@type":"ReadAction","target":["https:\/\/tourtravelandmore.com\/es\/tours\/canada-es\/quebec-es\/quebec-actividades-es\/cascadas-de-montmorency-desde-la-ciudad-de-quebec\/"]}]},{"@type":"ImageObject","inLanguage":"es","@id":"https:\/\/tourtravelandmore.com\/es\/tours\/canada-es\/quebec-es\/quebec-actividades-es\/cascadas-de-montmorency-desde-la-ciudad-de-quebec\/#primaryimage","url":"https:\/\/tourtravelandmore.com\/wp-content\/uploads\/2020\/11\/Montmorency-Falls-2-scaled.jpg","contentUrl":"https:\/\/tourtravelandmore.com\/wp-content\/uploads\/2020\/11\/Montmorency-Falls-2-scaled.jpg","width":2560,"height":1582},{"@type":"BreadcrumbList","@id":"https:\/\/tourtravelandmore.com\/es\/tours\/canada-es\/quebec-es\/quebec-actividades-es\/cascadas-de-montmorency-desde-la-ciudad-de-quebec\/#breadcrumb","itemListElement":[{"@type":"ListItem","position":1,"name":"Home","item":"https:\/\/tourtravelandmore.com\/es\/"},{"@type":"ListItem","position":2,"name":"Tours","item":"https:\/\/tourtravelandmore.com\/es\/tours\/"},{"@type":"ListItem","position":3,"name":"Cascadas de Montmorency desde la ciudad de Quebec"}]},{"@type":"WebSite","@id":"https:\/\/tourtravelandmore.com\/es\/#website","url":"https:\/\/tourtravelandmore.com\/es\/","name":"Tour Travel And More","description":"Private sightseeing tours and luxury transfers in Spain","publisher":{"@id":"https:\/\/tourtravelandmore.com\/es\/#organization"},"potentialAction":[{"@type":"SearchAction","target":{"@type":"EntryPoint","urlTemplate":"https:\/\/tourtravelandmore.com\/es\/?s={search_term_string}"},"query-input":{"@type":"PropertyValueSpecification","valueRequired":true,"valueName":"search_term_string"}}],"inLanguage":"es"},{"@type":"Organization","@id":"https:\/\/tourtravelandmore.com\/es\/#organization","name":"Tour Travel And More","url":"https:\/\/tourtravelandmore.com\/es\/","logo":{"@type":"ImageObject","inLanguage":"es","@id":"https:\/\/tourtravelandmore.com\/es\/#\/schema\/logo\/image\/","url":"https:\/\/tourtravelandmore.com\/wp-content\/uploads\/2022\/12\/cropped-logo-cabecera-new.png","contentUrl":"https:\/\/tourtravelandmore.com\/wp-content\/uploads\/2022\/12\/cropped-logo-cabecera-new.png","width":430,"height":61,"caption":"Tour Travel And More"},"image":{"@id":"https:\/\/tourtravelandmore.com\/es\/#\/schema\/logo\/image\/"},"sameAs":["https:\/\/www.facebook.com\/tourtravelandmore\/","https:\/\/x.com\/TourTravel_More"]}]}},"_links":{"self":[{"href":"https:\/\/tourtravelandmore.com\/es\/wp-json\/wp\/v2\/product\/86838","targetHints":{"allow":["GET"]}}],"collection":[{"href":"https:\/\/tourtravelandmore.com\/es\/wp-json\/wp\/v2\/product"}],"about":[{"href":"https:\/\/tourtravelandmore.com\/es\/wp-json\/wp\/v2\/types\/product"}],"replies":[{"embeddable":true,"href":"https:\/\/tourtravelandmore.com\/es\/wp-json\/wp\/v2\/comments?post=86838"}],"wp:featuredmedia":[{"embeddable":true,"href":"https:\/\/tourtravelandmore.com\/es\/wp-json\/wp\/v2\/media\/86856"}],"wp:attachment":[{"href":"https:\/\/tourtravelandmore.com\/es\/wp-json\/wp\/v2\/media?parent=86838"}],"wp:term":[{"taxonomy":"product_brand","embeddable":true,"href":"https:\/\/tourtravelandmore.com\/es\/wp-json\/wp\/v2\/product_brand?post=86838"},{"taxonomy":"product_cat","embeddable":true,"href":"https:\/\/tourtravelandmore.com\/es\/wp-json\/wp\/v2\/product_cat?post=86838"},{"taxonomy":"product_tag","embeddable":true,"href":"https:\/\/tourtravelandmore.com\/es\/wp-json\/wp\/v2\/product_tag?post=86838"}],"curies":[{"name":"wp","href":"https:\/\/api.w.org\/{rel}","templated":true}]}}