{"id":8680,"date":"2016-10-25T14:01:12","date_gmt":"2016-10-25T15:25:07","guid":{"rendered":"http:\/\/tourtravelandmore.com\/es\/?post_type=product&#038;p=8680"},"modified":"2025-10-24T19:58:41","modified_gmt":"2025-10-24T17:58:41","slug":"experiencia-completa-museo-del-prado-madrid","status":"publish","type":"product","link":"https:\/\/tourtravelandmore.com\/es\/tours\/espana-es\/madrid-es\/experiencia-completa-museo-del-prado-madrid\/","title":{"rendered":"Tour privado a pie del Museo del Prado Madrid"},"content":{"rendered":"<h2>Descripci\u00f3n del Tour privado del Museo del Prado Madrid<\/h2>\n<p>Descubre, a trav\u00e9s del Tour del Museo del Prado, los principales artistas del siglo XVI al XIX, junto a su <strong>gu\u00eda oficial privado. <\/strong>Nuestro gu\u00eda ser\u00e1 especializado en la Historia y obras del museo, vivir\u00e1 una experiencia \u00fanica.<\/p>\n<p>Las entradas est\u00e1n incluidas en el tour del Museo del Prado, son entradas sin colas.<\/p>\n<p>El Punto de encuentro, si el Hotel est\u00e1 cerca, nuestro gu\u00eda oficial privado, le recoger\u00e1 desde ah\u00ed o quedaremos en las Taquillas del Museo, en este caso nuestro gu\u00eda llevar\u00e1 un cartel con su nombre.<\/p>\n<p>La duraci\u00f3n del Tour del Museo del Prado son 2 horas, podr\u00e1 conocer el Museo y sus principales obras.<\/p>\n<p>El Tour es completamente privado y podr\u00e1 escoger la hora de comienzo.<\/p>\n<h2>Puntos de Inter\u00e9s en el Tour privado del Museo del Prado Madrid<\/h2>\n<p>El Museo del Prado es el museo m\u00e1s conocido de Madrid y uno de los museos de arte m\u00e1s importantes del mundo.<\/p>\n<p>Su colecci\u00f3n se basa principalmente en pinturas de los siglos XVI al XIX. Entre sus cuadros cuenta con obras maestras de pintores de la talla de<strong> Vel\u00e1zquez, El Greco, Rubens, El Bosco o Goya.<\/strong><\/p>\n<p>El Tour se centrar\u00e1 en estos 4 grandes Temas:<\/p>\n<ul>\n<li><strong><u>La Gran Evoluci\u00f3n: <\/u><\/strong>Conoce evoluci\u00f3n pict\u00f3rica de grandes artistas como Fernando Ya\u00f1ez, Roger Van der Weyden, Hieronymus Bosch, Jacob Tintoretto, Paolo Veronese, Titian, El Greco, Caravaggio, Rubens, Ribera, Vel\u00e1zquez, Murillo, Goya, Eduardo Rosales, o Joaquin Sorolla.<\/li>\n<li><strong><u>Vel\u00e1zquez y Goya: <\/u><\/strong>Disfruta de una visita en profundidad a las obras m\u00e1s importantes de estos dos genios que impulsaron la pintura hacia la modernidad.<\/li>\n<li><strong><u>Grandes artistas del Siglo de Oro y Goya: <\/u><\/strong>Un recorrido esencial para los aficionados a la \u00e9poca barroca del arte en Espa\u00f1a y sus grandes representantes, como son Ribera, Murillo, Vel\u00e1zquez y por supuesto Goya, el brillante e inclasificable pintor de, entre otras obras, La Familia Real de Carlos IV, Las Majas, Los fusilamientos del 3 de mayo, o las Pinturas Negras.<\/li>\n<li><strong><u>Grandes artistas espa\u00f1oles del siglo XIX: <\/u><\/strong>Descubre a los grandes, y a menudo olvidados, pintores espa\u00f1oles del siglo XIX. Los hermanos Madrazo, Eduardo Rosales, Mariano Fortuny, Pradilla, Antonio Mu\u00f1oz Degrain, Sorolla y muchos m\u00e1s.<\/li>\n<\/ul>\n<p>Si est\u00e1 interesada m\u00e1s en un pintor que en otro, o en una Tem\u00e1tica, no dude en escribirlo en el Formulario de contacto del Tour, nuestro gu\u00eda oficial privado se adaptar\u00e1 a todo momento a vosotros.<\/p>\n<p>Si desea realizar m\u00e1s tours en Madrid y conocer m\u00e1s la ciudad, puede consultar el resto de<a href=\"https:\/\/tourtravelandmore.com\/es\/ciudad\/espana-es\/madrid-es\/\"> tours privados en Madrid.<\/a><\/p>\n","protected":false},"excerpt":{"rendered":"<p>Conoce uno de los museos m\u00e1s importantes de Europa y del mundo: El Museo del Prado, junto a su gu\u00eda oficial privado. Conocer\u00e1 las principales obras con detalles y la historia de los principales artistas: <strong>Vel\u00e1zquez, El Greco, Rubens, El Bosco o Goya.<\/strong><\/p>\n","protected":false},"featured_media":8467,"comment_status":"open","ping_status":"closed","template":"","meta":{"_acf_changed":false},"product_brand":[],"product_cat":[284,293,285,288],"product_tag":[],"class_list":{"0":"post-8680","1":"product","2":"type-product","3":"status-publish","4":"has-post-thumbnail","6":"product_cat-madrid-es","7":"product_cat-madrid-top-ventas-es","8":"product_cat-madrid-actividades-es","9":"product_cat-madrid-tours-privados-pie-es","11":"first","12":"instock","13":"shipping-taxable","14":"purchasable","15":"product-type-simple"},"acf":[],"yoast_head":"<!-- This site is optimized with the Yoast SEO Premium plugin v25.3.1 (Yoast SEO v25.3.1) - https:\/\/yoast.com\/wordpress\/plugins\/seo\/ -->\n<title>\u27a1\ufe0f Tour Museo del Prado Madrid | Tour Travel &amp; More<\/title>\n<meta name=\"description\" content=\"Conoce uno de los Museos m\u00e1s importantes del mundo, gracias a este Tour del Museo del Prado, con su gu\u00eda oficial privado y entradas sin colas incluidas \u2705\" \/>\n<meta name=\"robots\" content=\"index, follow, max-snippet:-1, max-image-preview:large, max-video-preview:-1\" \/>\n<link rel=\"canonical\" href=\"https:\/\/tourtravelandmore.com\/es\/tours\/espana-es\/madrid-es\/experiencia-completa-museo-del-prado-madrid\/\" \/>\n<meta property=\"og:locale\" content=\"es_ES\" \/>\n<meta property=\"og:type\" content=\"article\" \/>\n<meta property=\"og:title\" content=\"Tour privado a pie del Museo del Prado Madrid\" \/>\n<meta property=\"og:description\" content=\"Conoce uno de los Museos m\u00e1s importantes del mundo, gracias a este Tour del Museo del Prado, con su gu\u00eda oficial privado y entradas sin colas incluidas \u2705\" \/>\n<meta property=\"og:url\" content=\"https:\/\/tourtravelandmore.com\/es\/tours\/espana-es\/madrid-es\/experiencia-completa-museo-del-prado-madrid\/\" \/>\n<meta property=\"og:site_name\" content=\"Tour Travel And More\" \/>\n<meta property=\"article:publisher\" content=\"https:\/\/www.facebook.com\/tourtravelandmore\/\" \/>\n<meta property=\"article:modified_time\" content=\"2025-10-24T17:58:41+00:00\" \/>\n<meta property=\"og:image\" content=\"https:\/\/tourtravelandmore.com\/wp-content\/uploads\/2016\/10\/madrid-private-tour-8h-6.jpg\" \/>\n\t<meta property=\"og:image:width\" content=\"1440\" \/>\n\t<meta property=\"og:image:height\" content=\"1080\" \/>\n\t<meta property=\"og:image:type\" content=\"image\/jpeg\" \/>\n<meta name=\"twitter:card\" content=\"summary_large_image\" \/>\n<meta name=\"twitter:site\" content=\"@TourTravel_More\" \/>\n<meta name=\"twitter:label1\" content=\"Tiempo de lectura\" \/>\n\t<meta name=\"twitter:data1\" content=\"2 minutos\" \/>\n<script type=\"application\/ld+json\" class=\"yoast-schema-graph\">{\"@context\":\"https:\/\/schema.org\",\"@graph\":[{\"@type\":\"WebPage\",\"@id\":\"https:\/\/tourtravelandmore.com\/es\/tours\/espana-es\/madrid-es\/experiencia-completa-museo-del-prado-madrid\/\",\"url\":\"https:\/\/tourtravelandmore.com\/es\/tours\/espana-es\/madrid-es\/experiencia-completa-museo-del-prado-madrid\/\",\"name\":\"\u27a1\ufe0f Tour Museo del Prado Madrid | Tour Travel & More\",\"isPartOf\":{\"@id\":\"https:\/\/tourtravelandmore.com\/es\/#website\"},\"primaryImageOfPage\":{\"@id\":\"https:\/\/tourtravelandmore.com\/es\/tours\/espana-es\/madrid-es\/experiencia-completa-museo-del-prado-madrid\/#primaryimage\"},\"image\":{\"@id\":\"https:\/\/tourtravelandmore.com\/es\/tours\/espana-es\/madrid-es\/experiencia-completa-museo-del-prado-madrid\/#primaryimage\"},\"thumbnailUrl\":\"https:\/\/tourtravelandmore.com\/wp-content\/uploads\/2016\/10\/madrid-private-tour-8h-6.jpg\",\"datePublished\":\"2016-10-25T15:25:07+00:00\",\"dateModified\":\"2025-10-24T17:58:41+00:00\",\"description\":\"Conoce uno de los Museos m\u00e1s importantes del mundo, gracias a este Tour del Museo del Prado, con su gu\u00eda oficial privado y entradas sin colas incluidas \u2705\",\"breadcrumb\":{\"@id\":\"https:\/\/tourtravelandmore.com\/es\/tours\/espana-es\/madrid-es\/experiencia-completa-museo-del-prado-madrid\/#breadcrumb\"},\"inLanguage\":\"es\",\"potentialAction\":[{\"@type\":\"ReadAction\",\"target\":[\"https:\/\/tourtravelandmore.com\/es\/tours\/espana-es\/madrid-es\/experiencia-completa-museo-del-prado-madrid\/\"]}]},{\"@type\":\"ImageObject\",\"inLanguage\":\"es\",\"@id\":\"https:\/\/tourtravelandmore.com\/es\/tours\/espana-es\/madrid-es\/experiencia-completa-museo-del-prado-madrid\/#primaryimage\",\"url\":\"https:\/\/tourtravelandmore.com\/wp-content\/uploads\/2016\/10\/madrid-private-tour-8h-6.jpg\",\"contentUrl\":\"https:\/\/tourtravelandmore.com\/wp-content\/uploads\/2016\/10\/madrid-private-tour-8h-6.jpg\",\"width\":1440,\"height\":1080},{\"@type\":\"BreadcrumbList\",\"@id\":\"https:\/\/tourtravelandmore.com\/es\/tours\/espana-es\/madrid-es\/experiencia-completa-museo-del-prado-madrid\/#breadcrumb\",\"itemListElement\":[{\"@type\":\"ListItem\",\"position\":1,\"name\":\"Home\",\"item\":\"https:\/\/tourtravelandmore.com\/es\/\"},{\"@type\":\"ListItem\",\"position\":2,\"name\":\"Tours\",\"item\":\"https:\/\/tourtravelandmore.com\/es\/tours\/\"},{\"@type\":\"ListItem\",\"position\":3,\"name\":\"Tour privado a pie del Museo del Prado Madrid\"}]},{\"@type\":\"WebSite\",\"@id\":\"https:\/\/tourtravelandmore.com\/es\/#website\",\"url\":\"https:\/\/tourtravelandmore.com\/es\/\",\"name\":\"Tour Travel And More\",\"description\":\"Private sightseeing tours and luxury transfers in Spain\",\"publisher\":{\"@id\":\"https:\/\/tourtravelandmore.com\/es\/#organization\"},\"potentialAction\":[{\"@type\":\"SearchAction\",\"target\":{\"@type\":\"EntryPoint\",\"urlTemplate\":\"https:\/\/tourtravelandmore.com\/es\/?s={search_term_string}\"},\"query-input\":{\"@type\":\"PropertyValueSpecification\",\"valueRequired\":true,\"valueName\":\"search_term_string\"}}],\"inLanguage\":\"es\"},{\"@type\":\"Organization\",\"@id\":\"https:\/\/tourtravelandmore.com\/es\/#organization\",\"name\":\"Tour Travel And More\",\"url\":\"https:\/\/tourtravelandmore.com\/es\/\",\"logo\":{\"@type\":\"ImageObject\",\"inLanguage\":\"es\",\"@id\":\"https:\/\/tourtravelandmore.com\/es\/#\/schema\/logo\/image\/\",\"url\":\"https:\/\/tourtravelandmore.com\/wp-content\/uploads\/2022\/12\/cropped-logo-cabecera-new.png\",\"contentUrl\":\"https:\/\/tourtravelandmore.com\/wp-content\/uploads\/2022\/12\/cropped-logo-cabecera-new.png\",\"width\":430,\"height\":61,\"caption\":\"Tour Travel And More\"},\"image\":{\"@id\":\"https:\/\/tourtravelandmore.com\/es\/#\/schema\/logo\/image\/\"},\"sameAs\":[\"https:\/\/www.facebook.com\/tourtravelandmore\/\",\"https:\/\/x.com\/TourTravel_More\"]}]}<\/script>\n<!-- \/ Yoast SEO Premium plugin. -->","yoast_head_json":{"title":"\u27a1\ufe0f Tour Museo del Prado Madrid | Tour Travel & More","description":"Conoce uno de los Museos m\u00e1s importantes del mundo, gracias a este Tour del Museo del Prado, con su gu\u00eda oficial privado y entradas sin colas incluidas \u2705","robots":{"index":"index","follow":"follow","max-snippet":"max-snippet:-1","max-image-preview":"max-image-preview:large","max-video-preview":"max-video-preview:-1"},"canonical":"https:\/\/tourtravelandmore.com\/es\/tours\/espana-es\/madrid-es\/experiencia-completa-museo-del-prado-madrid\/","og_locale":"es_ES","og_type":"article","og_title":"Tour privado a pie del Museo del Prado Madrid","og_description":"Conoce uno de los Museos m\u00e1s importantes del mundo, gracias a este Tour del Museo del Prado, con su gu\u00eda oficial privado y entradas sin colas incluidas \u2705","og_url":"https:\/\/tourtravelandmore.com\/es\/tours\/espana-es\/madrid-es\/experiencia-completa-museo-del-prado-madrid\/","og_site_name":"Tour Travel And More","article_publisher":"https:\/\/www.facebook.com\/tourtravelandmore\/","article_modified_time":"2025-10-24T17:58:41+00:00","og_image":[{"width":1440,"height":1080,"url":"https:\/\/tourtravelandmore.com\/wp-content\/uploads\/2016\/10\/madrid-private-tour-8h-6.jpg","type":"image\/jpeg"}],"twitter_card":"summary_large_image","twitter_site":"@TourTravel_More","twitter_misc":{"Tiempo de lectura":"2 minutos"},"schema":{"@context":"https:\/\/schema.org","@graph":[{"@type":"WebPage","@id":"https:\/\/tourtravelandmore.com\/es\/tours\/espana-es\/madrid-es\/experiencia-completa-museo-del-prado-madrid\/","url":"https:\/\/tourtravelandmore.com\/es\/tours\/espana-es\/madrid-es\/experiencia-completa-museo-del-prado-madrid\/","name":"\u27a1\ufe0f Tour Museo del Prado Madrid | Tour Travel & More","isPartOf":{"@id":"https:\/\/tourtravelandmore.com\/es\/#website"},"primaryImageOfPage":{"@id":"https:\/\/tourtravelandmore.com\/es\/tours\/espana-es\/madrid-es\/experiencia-completa-museo-del-prado-madrid\/#primaryimage"},"image":{"@id":"https:\/\/tourtravelandmore.com\/es\/tours\/espana-es\/madrid-es\/experiencia-completa-museo-del-prado-madrid\/#primaryimage"},"thumbnailUrl":"https:\/\/tourtravelandmore.com\/wp-content\/uploads\/2016\/10\/madrid-private-tour-8h-6.jpg","datePublished":"2016-10-25T15:25:07+00:00","dateModified":"2025-10-24T17:58:41+00:00","description":"Conoce uno de los Museos m\u00e1s importantes del mundo, gracias a este Tour del Museo del Prado, con su gu\u00eda oficial privado y entradas sin colas incluidas \u2705","breadcrumb":{"@id":"https:\/\/tourtravelandmore.com\/es\/tours\/espana-es\/madrid-es\/experiencia-completa-museo-del-prado-madrid\/#breadcrumb"},"inLanguage":"es","potentialAction":[{"@type":"ReadAction","target":["https:\/\/tourtravelandmore.com\/es\/tours\/espana-es\/madrid-es\/experiencia-completa-museo-del-prado-madrid\/"]}]},{"@type":"ImageObject","inLanguage":"es","@id":"https:\/\/tourtravelandmore.com\/es\/tours\/espana-es\/madrid-es\/experiencia-completa-museo-del-prado-madrid\/#primaryimage","url":"https:\/\/tourtravelandmore.com\/wp-content\/uploads\/2016\/10\/madrid-private-tour-8h-6.jpg","contentUrl":"https:\/\/tourtravelandmore.com\/wp-content\/uploads\/2016\/10\/madrid-private-tour-8h-6.jpg","width":1440,"height":1080},{"@type":"BreadcrumbList","@id":"https:\/\/tourtravelandmore.com\/es\/tours\/espana-es\/madrid-es\/experiencia-completa-museo-del-prado-madrid\/#breadcrumb","itemListElement":[{"@type":"ListItem","position":1,"name":"Home","item":"https:\/\/tourtravelandmore.com\/es\/"},{"@type":"ListItem","position":2,"name":"Tours","item":"https:\/\/tourtravelandmore.com\/es\/tours\/"},{"@type":"ListItem","position":3,"name":"Tour privado a pie del Museo del Prado Madrid"}]},{"@type":"WebSite","@id":"https:\/\/tourtravelandmore.com\/es\/#website","url":"https:\/\/tourtravelandmore.com\/es\/","name":"Tour Travel And More","description":"Private sightseeing tours and luxury transfers in Spain","publisher":{"@id":"https:\/\/tourtravelandmore.com\/es\/#organization"},"potentialAction":[{"@type":"SearchAction","target":{"@type":"EntryPoint","urlTemplate":"https:\/\/tourtravelandmore.com\/es\/?s={search_term_string}"},"query-input":{"@type":"PropertyValueSpecification","valueRequired":true,"valueName":"search_term_string"}}],"inLanguage":"es"},{"@type":"Organization","@id":"https:\/\/tourtravelandmore.com\/es\/#organization","name":"Tour Travel And More","url":"https:\/\/tourtravelandmore.com\/es\/","logo":{"@type":"ImageObject","inLanguage":"es","@id":"https:\/\/tourtravelandmore.com\/es\/#\/schema\/logo\/image\/","url":"https:\/\/tourtravelandmore.com\/wp-content\/uploads\/2022\/12\/cropped-logo-cabecera-new.png","contentUrl":"https:\/\/tourtravelandmore.com\/wp-content\/uploads\/2022\/12\/cropped-logo-cabecera-new.png","width":430,"height":61,"caption":"Tour Travel And More"},"image":{"@id":"https:\/\/tourtravelandmore.com\/es\/#\/schema\/logo\/image\/"},"sameAs":["https:\/\/www.facebook.com\/tourtravelandmore\/","https:\/\/x.com\/TourTravel_More"]}]}},"_links":{"self":[{"href":"https:\/\/tourtravelandmore.com\/es\/wp-json\/wp\/v2\/product\/8680","targetHints":{"allow":["GET"]}}],"collection":[{"href":"https:\/\/tourtravelandmore.com\/es\/wp-json\/wp\/v2\/product"}],"about":[{"href":"https:\/\/tourtravelandmore.com\/es\/wp-json\/wp\/v2\/types\/product"}],"replies":[{"embeddable":true,"href":"https:\/\/tourtravelandmore.com\/es\/wp-json\/wp\/v2\/comments?post=8680"}],"wp:featuredmedia":[{"embeddable":true,"href":"https:\/\/tourtravelandmore.com\/es\/wp-json\/wp\/v2\/media\/8467"}],"wp:attachment":[{"href":"https:\/\/tourtravelandmore.com\/es\/wp-json\/wp\/v2\/media?parent=8680"}],"wp:term":[{"taxonomy":"product_brand","embeddable":true,"href":"https:\/\/tourtravelandmore.com\/es\/wp-json\/wp\/v2\/product_brand?post=8680"},{"taxonomy":"product_cat","embeddable":true,"href":"https:\/\/tourtravelandmore.com\/es\/wp-json\/wp\/v2\/product_cat?post=8680"},{"taxonomy":"product_tag","embeddable":true,"href":"https:\/\/tourtravelandmore.com\/es\/wp-json\/wp\/v2\/product_tag?post=8680"}],"curies":[{"name":"wp","href":"https:\/\/api.w.org\/{rel}","templated":true}]}}