{"id":86798,"date":"2020-11-12T12:57:22","date_gmt":"2020-11-12T11:57:22","guid":{"rendered":"https:\/\/tourtravelandmore.com\/tours\/sin%20categor\u00eda\/private-tour-to-disney-world\/"},"modified":"2021-09-06T10:37:31","modified_gmt":"2021-09-06T08:37:31","slug":"tour-privado-a-disney-desde-orlando","status":"publish","type":"product","link":"https:\/\/tourtravelandmore.com\/es\/tours\/eeuu-es\/orlando-es\/orlando-actividades-es\/tour-privado-a-disney-desde-orlando\/","title":{"rendered":"Tour privado a Disney World"},"content":{"rendered":"<h2><strong>Descripci\u00f3n de nuestro Tour privado a Disney World<\/strong><\/h2>\n<p>Visita el maravilloso Disney World en Orlando junto a un gu\u00eda local experto y disfruta una experiencia sin preocupaciones. Disfruta nuestro <strong>tour privado a Disney desde Orlando<\/strong>. Est\u00e1 fabuloso parque de entretenimiento y recreaci\u00f3n de aproximadamente 40 millas alberga 4 parques tem\u00e1ticos; <b>Magic Kingdom<\/b>,\u00a0<b>Epcot<\/b>,\u00a0<b>Disney Hollywood Studios<\/b> y\u00a0<b>Disney Animal Kingdom.<\/b><\/p>\n<p>Para dar comienzo a su tour su chofer\/gu\u00eda le recoger\u00e1 en su sitio deseado. Luego de un c\u00f3modo pick up su gu\u00eda le llevar\u00e1 hacia <a href=\"http:\/\/disneyworld.disney.go.com\" rel=\"nofollow\">Disney World<\/a>.<\/p>\n<p>Una vez all\u00ed disfrutar\u00e1, junto a un local experto, una visita guiada sin preocupaciones de los parques. Despu\u00e9s de su visita su gu\u00eda le llevar\u00e1 de vuelta a su alojamiento.<\/p>\n<p>Ofrecemos experiencias privadas a medida. Nuestro equipo de expertos est\u00e1 a su disposici\u00f3n para ayudarle a coordinar los tours de acuerdo a su deseo personal. Cont\u00e1ctenos para una propuesta personalizada.<\/p>\n<h2><strong>Puntos de inter\u00e9s en nuestro Tour privado a Disney World<\/strong><\/h2>\n<p>\u201cWalt Disney World es un tributo a la filosof\u00eda de vida de Walter Elias Disney&#8230; y al talento, dedicaci\u00f3n, y lealtad de la organizaci\u00f3n de Disney en su totalidad que volvi\u00f3 realidad el sue\u00f1o de Walt Disney. Que Walt Disney World traiga alegr\u00eda, inspiraci\u00f3n y nuevos conocimientos a todo el que visite este feliz lugar&#8230; un reino m\u00e1gico donde los corazones j\u00f3venes de todas las edades pueden re\u00edr, jugar y aprender juntos.&#8221;. Disfruta nuestro <strong>tour privado a Disney desde Orlando <\/strong>y aprovech\u00e9 al m\u00e1ximo su visita!<\/p>\n<p>Desde que abri\u00f3, Disneyland ha sido un \u00e9xito inmediato. A mediados de 1960, Walt <b>Disney<\/b> quiso edificar un nuevo parque de atracciones en <b>Florida<\/b>. En 1971 ese concepto se hizo real cuando Walt <b>Disney World<\/b> abri\u00f3 sus puertas.<\/p>\n<p>Visitar uno de los parques m\u00e1s grandes de Orlando puede ser dif\u00edcil debido a su gran cantidad de visitantes y sus largas filas. Maximice su tiempo en el parque y minimice la espera a cada atracci\u00f3n junto a un gu\u00eda local experto.<\/p>\n<p><a href=\"https:\/\/tourtravelandmore.com\/es\/ciudad\/eeuu-es\/orlando-es\/\" target=\"_blank\" rel=\"noopener noreferrer\">Aqu\u00ed puede ver nuestra oferta de tours privados en Orlando!<\/a><\/p>\n","protected":false},"excerpt":{"rendered":"<p>Disfruta nuestro <strong>tour privado a Disney desde Orlando<\/strong> junto a su gu\u00eda privado. <strong>Disney World<\/strong> tiene la perfecta combinaci\u00f3n para la familia<\/p>\n","protected":false},"featured_media":86792,"comment_status":"open","ping_status":"closed","template":"","meta":{"_acf_changed":false},"product_brand":[],"product_cat":[1602,2778,2780,2782],"product_tag":[],"class_list":{"0":"post-86798","1":"product","2":"type-product","3":"status-publish","4":"has-post-thumbnail","6":"product_cat-eeuu-es","7":"product_cat-orlando-es","8":"product_cat-orlando-actividades-es","9":"product_cat-orlando-tours-es","11":"first","12":"instock","13":"shipping-taxable","14":"purchasable","15":"product-type-simple"},"acf":[],"yoast_head":"<!-- This site is optimized with the Yoast SEO Premium plugin v25.3.1 (Yoast SEO v25.3.1) - https:\/\/yoast.com\/wordpress\/plugins\/seo\/ -->\n<title>Tour privado a Disney desde Orlando | Entrada incluida | TTM<\/title>\n<meta name=\"description\" content=\"\u2192 Disfruta nuestro tour privado a Disney desde Orlando junto a su gu\u00eda privado. Disney World tiene la perfecta combinaci\u00f3n para la familia \u2705\" \/>\n<meta name=\"robots\" content=\"index, follow, max-snippet:-1, max-image-preview:large, max-video-preview:-1\" \/>\n<link rel=\"canonical\" href=\"https:\/\/tourtravelandmore.com\/es\/tours\/eeuu-es\/orlando-es\/orlando-actividades-es\/tour-privado-a-disney-desde-orlando\/\" \/>\n<meta property=\"og:locale\" content=\"es_ES\" \/>\n<meta property=\"og:type\" content=\"article\" \/>\n<meta property=\"og:title\" content=\"Tour privado a Disney World\" \/>\n<meta property=\"og:description\" content=\"\u2192 Disfruta nuestro tour privado a Disney desde Orlando junto a su gu\u00eda privado. Disney World tiene la perfecta combinaci\u00f3n para la familia \u2705\" \/>\n<meta property=\"og:url\" content=\"https:\/\/tourtravelandmore.com\/es\/tours\/eeuu-es\/orlando-es\/orlando-actividades-es\/tour-privado-a-disney-desde-orlando\/\" \/>\n<meta property=\"og:site_name\" content=\"Tour Travel And More\" \/>\n<meta property=\"article:publisher\" content=\"https:\/\/www.facebook.com\/tourtravelandmore\/\" \/>\n<meta property=\"article:modified_time\" content=\"2021-09-06T08:37:31+00:00\" \/>\n<meta property=\"og:image\" content=\"https:\/\/tourtravelandmore.com\/wp-content\/uploads\/2020\/11\/Disney-Magic-Kingdom.jpeg\" \/>\n\t<meta property=\"og:image:width\" content=\"800\" \/>\n\t<meta property=\"og:image:height\" content=\"1000\" \/>\n\t<meta property=\"og:image:type\" content=\"image\/jpeg\" \/>\n<meta name=\"twitter:card\" content=\"summary_large_image\" \/>\n<meta name=\"twitter:site\" content=\"@TourTravel_More\" \/>\n<meta name=\"twitter:label1\" content=\"Tiempo de lectura\" \/>\n\t<meta name=\"twitter:data1\" content=\"2 minutos\" \/>\n<script type=\"application\/ld+json\" class=\"yoast-schema-graph\">{\"@context\":\"https:\/\/schema.org\",\"@graph\":[{\"@type\":\"WebPage\",\"@id\":\"https:\/\/tourtravelandmore.com\/es\/tours\/eeuu-es\/orlando-es\/orlando-actividades-es\/tour-privado-a-disney-desde-orlando\/\",\"url\":\"https:\/\/tourtravelandmore.com\/es\/tours\/eeuu-es\/orlando-es\/orlando-actividades-es\/tour-privado-a-disney-desde-orlando\/\",\"name\":\"Tour privado a Disney desde Orlando | Entrada incluida | TTM\",\"isPartOf\":{\"@id\":\"https:\/\/tourtravelandmore.com\/es\/#website\"},\"primaryImageOfPage\":{\"@id\":\"https:\/\/tourtravelandmore.com\/es\/tours\/eeuu-es\/orlando-es\/orlando-actividades-es\/tour-privado-a-disney-desde-orlando\/#primaryimage\"},\"image\":{\"@id\":\"https:\/\/tourtravelandmore.com\/es\/tours\/eeuu-es\/orlando-es\/orlando-actividades-es\/tour-privado-a-disney-desde-orlando\/#primaryimage\"},\"thumbnailUrl\":\"https:\/\/tourtravelandmore.com\/wp-content\/uploads\/2020\/11\/Disney-Magic-Kingdom.jpeg\",\"datePublished\":\"2020-11-12T11:57:22+00:00\",\"dateModified\":\"2021-09-06T08:37:31+00:00\",\"description\":\"\u2192 Disfruta nuestro tour privado a Disney desde Orlando junto a su gu\u00eda privado. Disney World tiene la perfecta combinaci\u00f3n para la familia \u2705\",\"breadcrumb\":{\"@id\":\"https:\/\/tourtravelandmore.com\/es\/tours\/eeuu-es\/orlando-es\/orlando-actividades-es\/tour-privado-a-disney-desde-orlando\/#breadcrumb\"},\"inLanguage\":\"es\",\"potentialAction\":[{\"@type\":\"ReadAction\",\"target\":[\"https:\/\/tourtravelandmore.com\/es\/tours\/eeuu-es\/orlando-es\/orlando-actividades-es\/tour-privado-a-disney-desde-orlando\/\"]}]},{\"@type\":\"ImageObject\",\"inLanguage\":\"es\",\"@id\":\"https:\/\/tourtravelandmore.com\/es\/tours\/eeuu-es\/orlando-es\/orlando-actividades-es\/tour-privado-a-disney-desde-orlando\/#primaryimage\",\"url\":\"https:\/\/tourtravelandmore.com\/wp-content\/uploads\/2020\/11\/Disney-Magic-Kingdom.jpeg\",\"contentUrl\":\"https:\/\/tourtravelandmore.com\/wp-content\/uploads\/2020\/11\/Disney-Magic-Kingdom.jpeg\",\"width\":800,\"height\":1000,\"caption\":\"Magic Kingdom\"},{\"@type\":\"BreadcrumbList\",\"@id\":\"https:\/\/tourtravelandmore.com\/es\/tours\/eeuu-es\/orlando-es\/orlando-actividades-es\/tour-privado-a-disney-desde-orlando\/#breadcrumb\",\"itemListElement\":[{\"@type\":\"ListItem\",\"position\":1,\"name\":\"Home\",\"item\":\"https:\/\/tourtravelandmore.com\/es\/\"},{\"@type\":\"ListItem\",\"position\":2,\"name\":\"Tours\",\"item\":\"https:\/\/tourtravelandmore.com\/es\/tours\/\"},{\"@type\":\"ListItem\",\"position\":3,\"name\":\"Tour privado a Disney World\"}]},{\"@type\":\"WebSite\",\"@id\":\"https:\/\/tourtravelandmore.com\/es\/#website\",\"url\":\"https:\/\/tourtravelandmore.com\/es\/\",\"name\":\"Tour Travel And More\",\"description\":\"Private sightseeing tours and luxury transfers in Spain\",\"publisher\":{\"@id\":\"https:\/\/tourtravelandmore.com\/es\/#organization\"},\"potentialAction\":[{\"@type\":\"SearchAction\",\"target\":{\"@type\":\"EntryPoint\",\"urlTemplate\":\"https:\/\/tourtravelandmore.com\/es\/?s={search_term_string}\"},\"query-input\":{\"@type\":\"PropertyValueSpecification\",\"valueRequired\":true,\"valueName\":\"search_term_string\"}}],\"inLanguage\":\"es\"},{\"@type\":\"Organization\",\"@id\":\"https:\/\/tourtravelandmore.com\/es\/#organization\",\"name\":\"Tour Travel And More\",\"url\":\"https:\/\/tourtravelandmore.com\/es\/\",\"logo\":{\"@type\":\"ImageObject\",\"inLanguage\":\"es\",\"@id\":\"https:\/\/tourtravelandmore.com\/es\/#\/schema\/logo\/image\/\",\"url\":\"https:\/\/tourtravelandmore.com\/wp-content\/uploads\/2022\/12\/cropped-logo-cabecera-new.png\",\"contentUrl\":\"https:\/\/tourtravelandmore.com\/wp-content\/uploads\/2022\/12\/cropped-logo-cabecera-new.png\",\"width\":430,\"height\":61,\"caption\":\"Tour Travel And More\"},\"image\":{\"@id\":\"https:\/\/tourtravelandmore.com\/es\/#\/schema\/logo\/image\/\"},\"sameAs\":[\"https:\/\/www.facebook.com\/tourtravelandmore\/\",\"https:\/\/x.com\/TourTravel_More\"]}]}<\/script>\n<!-- \/ Yoast SEO Premium plugin. -->","yoast_head_json":{"title":"Tour privado a Disney desde Orlando | Entrada incluida | TTM","description":"\u2192 Disfruta nuestro tour privado a Disney desde Orlando junto a su gu\u00eda privado. Disney World tiene la perfecta combinaci\u00f3n para la familia \u2705","robots":{"index":"index","follow":"follow","max-snippet":"max-snippet:-1","max-image-preview":"max-image-preview:large","max-video-preview":"max-video-preview:-1"},"canonical":"https:\/\/tourtravelandmore.com\/es\/tours\/eeuu-es\/orlando-es\/orlando-actividades-es\/tour-privado-a-disney-desde-orlando\/","og_locale":"es_ES","og_type":"article","og_title":"Tour privado a Disney World","og_description":"\u2192 Disfruta nuestro tour privado a Disney desde Orlando junto a su gu\u00eda privado. Disney World tiene la perfecta combinaci\u00f3n para la familia \u2705","og_url":"https:\/\/tourtravelandmore.com\/es\/tours\/eeuu-es\/orlando-es\/orlando-actividades-es\/tour-privado-a-disney-desde-orlando\/","og_site_name":"Tour Travel And More","article_publisher":"https:\/\/www.facebook.com\/tourtravelandmore\/","article_modified_time":"2021-09-06T08:37:31+00:00","og_image":[{"width":800,"height":1000,"url":"https:\/\/tourtravelandmore.com\/wp-content\/uploads\/2020\/11\/Disney-Magic-Kingdom.jpeg","type":"image\/jpeg"}],"twitter_card":"summary_large_image","twitter_site":"@TourTravel_More","twitter_misc":{"Tiempo de lectura":"2 minutos"},"schema":{"@context":"https:\/\/schema.org","@graph":[{"@type":"WebPage","@id":"https:\/\/tourtravelandmore.com\/es\/tours\/eeuu-es\/orlando-es\/orlando-actividades-es\/tour-privado-a-disney-desde-orlando\/","url":"https:\/\/tourtravelandmore.com\/es\/tours\/eeuu-es\/orlando-es\/orlando-actividades-es\/tour-privado-a-disney-desde-orlando\/","name":"Tour privado a Disney desde Orlando | Entrada incluida | TTM","isPartOf":{"@id":"https:\/\/tourtravelandmore.com\/es\/#website"},"primaryImageOfPage":{"@id":"https:\/\/tourtravelandmore.com\/es\/tours\/eeuu-es\/orlando-es\/orlando-actividades-es\/tour-privado-a-disney-desde-orlando\/#primaryimage"},"image":{"@id":"https:\/\/tourtravelandmore.com\/es\/tours\/eeuu-es\/orlando-es\/orlando-actividades-es\/tour-privado-a-disney-desde-orlando\/#primaryimage"},"thumbnailUrl":"https:\/\/tourtravelandmore.com\/wp-content\/uploads\/2020\/11\/Disney-Magic-Kingdom.jpeg","datePublished":"2020-11-12T11:57:22+00:00","dateModified":"2021-09-06T08:37:31+00:00","description":"\u2192 Disfruta nuestro tour privado a Disney desde Orlando junto a su gu\u00eda privado. Disney World tiene la perfecta combinaci\u00f3n para la familia \u2705","breadcrumb":{"@id":"https:\/\/tourtravelandmore.com\/es\/tours\/eeuu-es\/orlando-es\/orlando-actividades-es\/tour-privado-a-disney-desde-orlando\/#breadcrumb"},"inLanguage":"es","potentialAction":[{"@type":"ReadAction","target":["https:\/\/tourtravelandmore.com\/es\/tours\/eeuu-es\/orlando-es\/orlando-actividades-es\/tour-privado-a-disney-desde-orlando\/"]}]},{"@type":"ImageObject","inLanguage":"es","@id":"https:\/\/tourtravelandmore.com\/es\/tours\/eeuu-es\/orlando-es\/orlando-actividades-es\/tour-privado-a-disney-desde-orlando\/#primaryimage","url":"https:\/\/tourtravelandmore.com\/wp-content\/uploads\/2020\/11\/Disney-Magic-Kingdom.jpeg","contentUrl":"https:\/\/tourtravelandmore.com\/wp-content\/uploads\/2020\/11\/Disney-Magic-Kingdom.jpeg","width":800,"height":1000,"caption":"Magic Kingdom"},{"@type":"BreadcrumbList","@id":"https:\/\/tourtravelandmore.com\/es\/tours\/eeuu-es\/orlando-es\/orlando-actividades-es\/tour-privado-a-disney-desde-orlando\/#breadcrumb","itemListElement":[{"@type":"ListItem","position":1,"name":"Home","item":"https:\/\/tourtravelandmore.com\/es\/"},{"@type":"ListItem","position":2,"name":"Tours","item":"https:\/\/tourtravelandmore.com\/es\/tours\/"},{"@type":"ListItem","position":3,"name":"Tour privado a Disney World"}]},{"@type":"WebSite","@id":"https:\/\/tourtravelandmore.com\/es\/#website","url":"https:\/\/tourtravelandmore.com\/es\/","name":"Tour Travel And More","description":"Private sightseeing tours and luxury transfers in Spain","publisher":{"@id":"https:\/\/tourtravelandmore.com\/es\/#organization"},"potentialAction":[{"@type":"SearchAction","target":{"@type":"EntryPoint","urlTemplate":"https:\/\/tourtravelandmore.com\/es\/?s={search_term_string}"},"query-input":{"@type":"PropertyValueSpecification","valueRequired":true,"valueName":"search_term_string"}}],"inLanguage":"es"},{"@type":"Organization","@id":"https:\/\/tourtravelandmore.com\/es\/#organization","name":"Tour Travel And More","url":"https:\/\/tourtravelandmore.com\/es\/","logo":{"@type":"ImageObject","inLanguage":"es","@id":"https:\/\/tourtravelandmore.com\/es\/#\/schema\/logo\/image\/","url":"https:\/\/tourtravelandmore.com\/wp-content\/uploads\/2022\/12\/cropped-logo-cabecera-new.png","contentUrl":"https:\/\/tourtravelandmore.com\/wp-content\/uploads\/2022\/12\/cropped-logo-cabecera-new.png","width":430,"height":61,"caption":"Tour Travel And More"},"image":{"@id":"https:\/\/tourtravelandmore.com\/es\/#\/schema\/logo\/image\/"},"sameAs":["https:\/\/www.facebook.com\/tourtravelandmore\/","https:\/\/x.com\/TourTravel_More"]}]}},"_links":{"self":[{"href":"https:\/\/tourtravelandmore.com\/es\/wp-json\/wp\/v2\/product\/86798","targetHints":{"allow":["GET"]}}],"collection":[{"href":"https:\/\/tourtravelandmore.com\/es\/wp-json\/wp\/v2\/product"}],"about":[{"href":"https:\/\/tourtravelandmore.com\/es\/wp-json\/wp\/v2\/types\/product"}],"replies":[{"embeddable":true,"href":"https:\/\/tourtravelandmore.com\/es\/wp-json\/wp\/v2\/comments?post=86798"}],"wp:featuredmedia":[{"embeddable":true,"href":"https:\/\/tourtravelandmore.com\/es\/wp-json\/wp\/v2\/media\/86792"}],"wp:attachment":[{"href":"https:\/\/tourtravelandmore.com\/es\/wp-json\/wp\/v2\/media?parent=86798"}],"wp:term":[{"taxonomy":"product_brand","embeddable":true,"href":"https:\/\/tourtravelandmore.com\/es\/wp-json\/wp\/v2\/product_brand?post=86798"},{"taxonomy":"product_cat","embeddable":true,"href":"https:\/\/tourtravelandmore.com\/es\/wp-json\/wp\/v2\/product_cat?post=86798"},{"taxonomy":"product_tag","embeddable":true,"href":"https:\/\/tourtravelandmore.com\/es\/wp-json\/wp\/v2\/product_tag?post=86798"}],"curies":[{"name":"wp","href":"https:\/\/api.w.org\/{rel}","templated":true}]}}