{"id":86758,"date":"2020-11-11T20:19:29","date_gmt":"2020-11-11T19:19:32","guid":{"rendered":"https:\/\/tourtravelandmore.com\/?post_type=product&#038;p=86758"},"modified":"2021-12-27T10:46:53","modified_gmt":"2021-12-27T09:46:53","slug":"tour-privado-a-pie-de-quebec","status":"publish","type":"product","link":"https:\/\/tourtravelandmore.com\/es\/tours\/canada-es\/quebec-es\/quebec-actividades-es\/tour-privado-a-pie-de-quebec\/","title":{"rendered":"Tour privado a pie de Quebec"},"content":{"rendered":"<h2 id=\"tw-target-text\" class=\"tw-data-text tw-text-large XcVN5d tw-ta\" dir=\"ltr\" data-placeholder=\"Traducci\u00f3n\"><span lang=\"es\">Descripci\u00f3n del Tour privado a pie de Quebec<\/span><\/h2>\n<p id=\"tw-target-text\" class=\"tw-data-text tw-text-large XcVN5d tw-ta\" dir=\"ltr\" data-placeholder=\"Traducci\u00f3n\">Siempre decimos que un recorrido a pie es la mejor manera de experimentar una ciudad. \u00bfQu\u00e9 piensas? \u00bfLa ciudad de Quebec es diferente? Nuestro tour privado a pie por Quebec es una experiencia perfecta para cualquier reci\u00e9n llegado a Quebec e incluso a Canad\u00e1.<\/p>\n<p class=\"tw-data-text tw-text-large XcVN5d tw-ta\" dir=\"ltr\" data-placeholder=\"Traducci\u00f3n\">Para nuestro recorrido a pie, comenzaremos reuni\u00e9ndonos con nuestro gu\u00eda tur\u00edstico oficial privado en el coraz\u00f3n del centro de la ciudad.<\/p>\n<p class=\"tw-data-text tw-text-large XcVN5d tw-ta\" dir=\"ltr\" data-placeholder=\"Traducci\u00f3n\">Esto ser\u00e1 en el centro de la ciudad de Quebec, cerca del casco antiguo de Quebec. Si su hotel est\u00e1 ubicado en el centro de la ciudad o viene de fuera de la ciudad, podemos encontrarnos en un punto de encuentro central que sea adecuado para usted.<\/p>\n<p class=\"tw-data-text tw-text-large XcVN5d tw-ta\" dir=\"ltr\" data-placeholder=\"Traducci\u00f3n\">Tenga en cuenta que podemos adaptar este tour a sus propias necesidades. Podemos convertirlo en un recorrido por la ciudad agregando un veh\u00edculo privado o incluso podemos organizar un recorrido privado desde fuera de la ciudad. \u00a1P\u00f3ngase en contacto con nuestros expertos en viajes!<\/p>\n<h2 class=\"tw-data-text tw-text-large XcVN5d tw-ta\" dir=\"ltr\" data-placeholder=\"Traducci\u00f3n\">Puntos emblem\u00e1ticos y de inter\u00e9s del Tour privado a pie de Quebec<\/h2>\n<p class=\"tw-data-text tw-text-large XcVN5d tw-ta\" dir=\"ltr\" data-placeholder=\"Traducci\u00f3n\">En primer lugar, nuestro recorrido a pie privado por Quebec comenzar\u00e1 desde un punto de encuentro ubicado en el centro de la ciudad.<\/p>\n<p class=\"tw-data-text tw-text-large XcVN5d tw-ta\" dir=\"ltr\" data-placeholder=\"Traducci\u00f3n\">Si por casualidad su hotel se encuentra en el centro de la ciudad, h\u00e1ganoslo saber y organizaremos una recogida a pie desde all\u00ed.<\/p>\n<p class=\"tw-data-text tw-text-large XcVN5d tw-ta\" dir=\"ltr\" data-placeholder=\"Traducci\u00f3n\">Disfrute de estos siguientes sitios en la ciudad de Quebec durante el Tour privado a pie por Quebec:<\/p>\n<ul>\n<li class=\"tw-data-text tw-text-large XcVN5d tw-ta\" dir=\"ltr\" data-placeholder=\"Traducci\u00f3n\"><strong>Viejo Quebec<\/strong><\/li>\n<li class=\"tw-data-text tw-text-large XcVN5d tw-ta\" dir=\"ltr\" data-placeholder=\"Traducci\u00f3n\"><strong>Murallas de la ciudad fortificada de Quebec<\/strong><\/li>\n<li class=\"tw-data-text tw-text-large XcVN5d tw-ta\" dir=\"ltr\" data-placeholder=\"Traducci\u00f3n\"><strong>La ciudadela<\/strong><\/li>\n<li class=\"tw-data-text tw-text-large XcVN5d tw-ta\" dir=\"ltr\" data-placeholder=\"Traducci\u00f3n\"><strong>Ciudad alta de la ciudad de Quebec<\/strong><\/li>\n<li class=\"tw-data-text tw-text-large XcVN5d tw-ta\" dir=\"ltr\" data-placeholder=\"Traducci\u00f3n\"><strong>Ch\u00e2teau Frontenac<\/strong><\/li>\n<li class=\"tw-data-text tw-text-large XcVN5d tw-ta\" dir=\"ltr\" data-placeholder=\"Traducci\u00f3n\"><strong>S\u00e9minaire de Qu\u00e9bec<\/strong><\/li>\n<li class=\"tw-data-text tw-text-large XcVN5d tw-ta\" dir=\"ltr\" data-placeholder=\"Traducci\u00f3n\"><strong>Convento de las Ursulinas<\/strong><\/li>\n<li class=\"tw-data-text tw-text-large XcVN5d tw-ta\" dir=\"ltr\" data-placeholder=\"Traducci\u00f3n\"><strong>Hotel-Dieu de Quebec<\/strong><\/li>\n<li class=\"tw-data-text tw-text-large XcVN5d tw-ta\" dir=\"ltr\" data-placeholder=\"Traducci\u00f3n\"><strong>Ciudad baja<\/strong><\/li>\n<li class=\"tw-data-text tw-text-large XcVN5d tw-ta\" dir=\"ltr\" data-placeholder=\"Traducci\u00f3n\"><strong>Notre Dame des Victoires<\/strong><\/li>\n<li class=\"tw-data-text tw-text-large XcVN5d tw-ta\" dir=\"ltr\" data-placeholder=\"Traducci\u00f3n\"><strong>Place de Paris<\/strong><\/li>\n<li class=\"tw-data-text tw-text-large XcVN5d tw-ta\" dir=\"ltr\" data-placeholder=\"Traducci\u00f3n\"><strong>Gare du Palais<\/strong><\/li>\n<li class=\"tw-data-text tw-text-large XcVN5d tw-ta\" dir=\"ltr\" data-placeholder=\"Traducci\u00f3n\"><strong>Distrito de Petit Champlain<\/strong><\/li>\n<li class=\"tw-data-text tw-text-large XcVN5d tw-ta\" dir=\"ltr\" data-placeholder=\"Traducci\u00f3n\"><strong>\u00a1Mucho m\u00e1s!<\/strong><\/li>\n<\/ul>\n<p class=\"tw-data-text tw-text-large XcVN5d tw-ta\" dir=\"ltr\" data-placeholder=\"Traducci\u00f3n\">Nuestro recorrido a pie privado terminar\u00e1 en un punto de encuentro ubicado en el centro de la ciudad.<\/p>\n<p class=\"tw-data-text tw-text-large XcVN5d tw-ta\" dir=\"ltr\" data-placeholder=\"Traducci\u00f3n\"><a href=\"https:\/\/tourtravelandmore.com\/es\/ciudad\/canada-es\/quebec-es\/\" target=\"_blank\" rel=\"noopener noreferrer\">\u00a1No se pierda nuestros otros tours que ofrecemos en la ciudad de Quebec y Canad\u00e1!<\/a><\/p>\n","protected":false},"excerpt":{"rendered":"<p id=\"tw-target-text\" class=\"tw-data-text tw-text-large XcVN5d tw-ta\" dir=\"ltr\" data-placeholder=\"Traducci\u00f3n\"><span lang=\"es\">Realice este <strong>tour privado a pie por Quebec<\/strong> y tenga la oportunidad de disfrutar de lo mejor de la ciudad de Quebec. \u00a1Uno de nuestros recorridos a pie privados perfectos!<\/span><\/p>\n","protected":false},"featured_media":86195,"comment_status":"open","ping_status":"closed","template":"","meta":{"_acf_changed":false},"product_brand":[],"product_cat":[2789,2871,2874,2880,1602],"product_tag":[],"class_list":{"0":"post-86758","1":"product","2":"type-product","3":"status-publish","4":"has-post-thumbnail","6":"product_cat-canada-es","7":"product_cat-quebec-es","8":"product_cat-quebec-actividades-es","9":"product_cat-quebec-a-pie-es","10":"product_cat-eeuu-es","12":"first","13":"instock","14":"shipping-taxable","15":"purchasable","16":"product-type-simple"},"acf":[],"yoast_head":"<!-- This site is optimized with the Yoast SEO Premium plugin v25.3.1 (Yoast SEO v25.3.1) - https:\/\/yoast.com\/wordpress\/plugins\/seo\/ -->\n<title>Tour privado de a pie de Quebec con veh\u00edculo y gu\u00eda tur\u00edstico | TTM<\/title>\n<meta name=\"description\" content=\"Realice este Tour privado de a pie de Quebec y tenga la oportunidad de disfrutar de lo mejor de la ciudad de Quebec \u2705\" \/>\n<meta name=\"robots\" content=\"index, follow, max-snippet:-1, max-image-preview:large, max-video-preview:-1\" \/>\n<link rel=\"canonical\" href=\"https:\/\/tourtravelandmore.com\/es\/tours\/canada-es\/quebec-es\/quebec-actividades-es\/tour-privado-a-pie-de-quebec\/\" \/>\n<meta property=\"og:locale\" content=\"es_ES\" \/>\n<meta property=\"og:type\" content=\"article\" \/>\n<meta property=\"og:title\" content=\"Tour privado a pie de Quebec\" \/>\n<meta property=\"og:description\" content=\"Realice este Tour privado de a pie de Quebec y tenga la oportunidad de disfrutar de lo mejor de la ciudad de Quebec \u2705\" \/>\n<meta property=\"og:url\" content=\"https:\/\/tourtravelandmore.com\/es\/tours\/canada-es\/quebec-es\/quebec-actividades-es\/tour-privado-a-pie-de-quebec\/\" \/>\n<meta property=\"og:site_name\" content=\"Tour Travel And More\" \/>\n<meta property=\"article:publisher\" content=\"https:\/\/www.facebook.com\/tourtravelandmore\/\" \/>\n<meta property=\"article:modified_time\" content=\"2021-12-27T09:46:53+00:00\" \/>\n<meta property=\"og:image\" content=\"https:\/\/tourtravelandmore.com\/wp-content\/uploads\/2020\/11\/Quebec-8-scaled.jpg\" \/>\n\t<meta property=\"og:image:width\" content=\"2560\" \/>\n\t<meta property=\"og:image:height\" content=\"1707\" \/>\n\t<meta property=\"og:image:type\" content=\"image\/jpeg\" \/>\n<meta name=\"twitter:card\" content=\"summary_large_image\" \/>\n<meta name=\"twitter:site\" content=\"@TourTravel_More\" \/>\n<meta name=\"twitter:label1\" content=\"Tiempo de lectura\" \/>\n\t<meta name=\"twitter:data1\" content=\"2 minutos\" \/>\n<script type=\"application\/ld+json\" class=\"yoast-schema-graph\">{\"@context\":\"https:\/\/schema.org\",\"@graph\":[{\"@type\":\"WebPage\",\"@id\":\"https:\/\/tourtravelandmore.com\/es\/tours\/canada-es\/quebec-es\/quebec-actividades-es\/tour-privado-a-pie-de-quebec\/\",\"url\":\"https:\/\/tourtravelandmore.com\/es\/tours\/canada-es\/quebec-es\/quebec-actividades-es\/tour-privado-a-pie-de-quebec\/\",\"name\":\"Tour privado de a pie de Quebec con veh\u00edculo y gu\u00eda tur\u00edstico | TTM\",\"isPartOf\":{\"@id\":\"https:\/\/tourtravelandmore.com\/es\/#website\"},\"primaryImageOfPage\":{\"@id\":\"https:\/\/tourtravelandmore.com\/es\/tours\/canada-es\/quebec-es\/quebec-actividades-es\/tour-privado-a-pie-de-quebec\/#primaryimage\"},\"image\":{\"@id\":\"https:\/\/tourtravelandmore.com\/es\/tours\/canada-es\/quebec-es\/quebec-actividades-es\/tour-privado-a-pie-de-quebec\/#primaryimage\"},\"thumbnailUrl\":\"https:\/\/tourtravelandmore.com\/wp-content\/uploads\/2020\/11\/Quebec-8-scaled.jpg\",\"datePublished\":\"2020-11-11T19:19:32+00:00\",\"dateModified\":\"2021-12-27T09:46:53+00:00\",\"description\":\"Realice este Tour privado de a pie de Quebec y tenga la oportunidad de disfrutar de lo mejor de la ciudad de Quebec \u2705\",\"breadcrumb\":{\"@id\":\"https:\/\/tourtravelandmore.com\/es\/tours\/canada-es\/quebec-es\/quebec-actividades-es\/tour-privado-a-pie-de-quebec\/#breadcrumb\"},\"inLanguage\":\"es\",\"potentialAction\":[{\"@type\":\"ReadAction\",\"target\":[\"https:\/\/tourtravelandmore.com\/es\/tours\/canada-es\/quebec-es\/quebec-actividades-es\/tour-privado-a-pie-de-quebec\/\"]}]},{\"@type\":\"ImageObject\",\"inLanguage\":\"es\",\"@id\":\"https:\/\/tourtravelandmore.com\/es\/tours\/canada-es\/quebec-es\/quebec-actividades-es\/tour-privado-a-pie-de-quebec\/#primaryimage\",\"url\":\"https:\/\/tourtravelandmore.com\/wp-content\/uploads\/2020\/11\/Quebec-8-scaled.jpg\",\"contentUrl\":\"https:\/\/tourtravelandmore.com\/wp-content\/uploads\/2020\/11\/Quebec-8-scaled.jpg\",\"width\":2560,\"height\":1707},{\"@type\":\"BreadcrumbList\",\"@id\":\"https:\/\/tourtravelandmore.com\/es\/tours\/canada-es\/quebec-es\/quebec-actividades-es\/tour-privado-a-pie-de-quebec\/#breadcrumb\",\"itemListElement\":[{\"@type\":\"ListItem\",\"position\":1,\"name\":\"Home\",\"item\":\"https:\/\/tourtravelandmore.com\/es\/\"},{\"@type\":\"ListItem\",\"position\":2,\"name\":\"Tours\",\"item\":\"https:\/\/tourtravelandmore.com\/es\/tours\/\"},{\"@type\":\"ListItem\",\"position\":3,\"name\":\"Tour privado a pie de Quebec\"}]},{\"@type\":\"WebSite\",\"@id\":\"https:\/\/tourtravelandmore.com\/es\/#website\",\"url\":\"https:\/\/tourtravelandmore.com\/es\/\",\"name\":\"Tour Travel And More\",\"description\":\"Private sightseeing tours and luxury transfers in Spain\",\"publisher\":{\"@id\":\"https:\/\/tourtravelandmore.com\/es\/#organization\"},\"potentialAction\":[{\"@type\":\"SearchAction\",\"target\":{\"@type\":\"EntryPoint\",\"urlTemplate\":\"https:\/\/tourtravelandmore.com\/es\/?s={search_term_string}\"},\"query-input\":{\"@type\":\"PropertyValueSpecification\",\"valueRequired\":true,\"valueName\":\"search_term_string\"}}],\"inLanguage\":\"es\"},{\"@type\":\"Organization\",\"@id\":\"https:\/\/tourtravelandmore.com\/es\/#organization\",\"name\":\"Tour Travel And More\",\"url\":\"https:\/\/tourtravelandmore.com\/es\/\",\"logo\":{\"@type\":\"ImageObject\",\"inLanguage\":\"es\",\"@id\":\"https:\/\/tourtravelandmore.com\/es\/#\/schema\/logo\/image\/\",\"url\":\"https:\/\/tourtravelandmore.com\/wp-content\/uploads\/2022\/12\/cropped-logo-cabecera-new.png\",\"contentUrl\":\"https:\/\/tourtravelandmore.com\/wp-content\/uploads\/2022\/12\/cropped-logo-cabecera-new.png\",\"width\":430,\"height\":61,\"caption\":\"Tour Travel And More\"},\"image\":{\"@id\":\"https:\/\/tourtravelandmore.com\/es\/#\/schema\/logo\/image\/\"},\"sameAs\":[\"https:\/\/www.facebook.com\/tourtravelandmore\/\",\"https:\/\/x.com\/TourTravel_More\"]}]}<\/script>\n<!-- \/ Yoast SEO Premium plugin. -->","yoast_head_json":{"title":"Tour privado de a pie de Quebec con veh\u00edculo y gu\u00eda tur\u00edstico | TTM","description":"Realice este Tour privado de a pie de Quebec y tenga la oportunidad de disfrutar de lo mejor de la ciudad de Quebec \u2705","robots":{"index":"index","follow":"follow","max-snippet":"max-snippet:-1","max-image-preview":"max-image-preview:large","max-video-preview":"max-video-preview:-1"},"canonical":"https:\/\/tourtravelandmore.com\/es\/tours\/canada-es\/quebec-es\/quebec-actividades-es\/tour-privado-a-pie-de-quebec\/","og_locale":"es_ES","og_type":"article","og_title":"Tour privado a pie de Quebec","og_description":"Realice este Tour privado de a pie de Quebec y tenga la oportunidad de disfrutar de lo mejor de la ciudad de Quebec \u2705","og_url":"https:\/\/tourtravelandmore.com\/es\/tours\/canada-es\/quebec-es\/quebec-actividades-es\/tour-privado-a-pie-de-quebec\/","og_site_name":"Tour Travel And More","article_publisher":"https:\/\/www.facebook.com\/tourtravelandmore\/","article_modified_time":"2021-12-27T09:46:53+00:00","og_image":[{"width":2560,"height":1707,"url":"https:\/\/tourtravelandmore.com\/wp-content\/uploads\/2020\/11\/Quebec-8-scaled.jpg","type":"image\/jpeg"}],"twitter_card":"summary_large_image","twitter_site":"@TourTravel_More","twitter_misc":{"Tiempo de lectura":"2 minutos"},"schema":{"@context":"https:\/\/schema.org","@graph":[{"@type":"WebPage","@id":"https:\/\/tourtravelandmore.com\/es\/tours\/canada-es\/quebec-es\/quebec-actividades-es\/tour-privado-a-pie-de-quebec\/","url":"https:\/\/tourtravelandmore.com\/es\/tours\/canada-es\/quebec-es\/quebec-actividades-es\/tour-privado-a-pie-de-quebec\/","name":"Tour privado de a pie de Quebec con veh\u00edculo y gu\u00eda tur\u00edstico | TTM","isPartOf":{"@id":"https:\/\/tourtravelandmore.com\/es\/#website"},"primaryImageOfPage":{"@id":"https:\/\/tourtravelandmore.com\/es\/tours\/canada-es\/quebec-es\/quebec-actividades-es\/tour-privado-a-pie-de-quebec\/#primaryimage"},"image":{"@id":"https:\/\/tourtravelandmore.com\/es\/tours\/canada-es\/quebec-es\/quebec-actividades-es\/tour-privado-a-pie-de-quebec\/#primaryimage"},"thumbnailUrl":"https:\/\/tourtravelandmore.com\/wp-content\/uploads\/2020\/11\/Quebec-8-scaled.jpg","datePublished":"2020-11-11T19:19:32+00:00","dateModified":"2021-12-27T09:46:53+00:00","description":"Realice este Tour privado de a pie de Quebec y tenga la oportunidad de disfrutar de lo mejor de la ciudad de Quebec \u2705","breadcrumb":{"@id":"https:\/\/tourtravelandmore.com\/es\/tours\/canada-es\/quebec-es\/quebec-actividades-es\/tour-privado-a-pie-de-quebec\/#breadcrumb"},"inLanguage":"es","potentialAction":[{"@type":"ReadAction","target":["https:\/\/tourtravelandmore.com\/es\/tours\/canada-es\/quebec-es\/quebec-actividades-es\/tour-privado-a-pie-de-quebec\/"]}]},{"@type":"ImageObject","inLanguage":"es","@id":"https:\/\/tourtravelandmore.com\/es\/tours\/canada-es\/quebec-es\/quebec-actividades-es\/tour-privado-a-pie-de-quebec\/#primaryimage","url":"https:\/\/tourtravelandmore.com\/wp-content\/uploads\/2020\/11\/Quebec-8-scaled.jpg","contentUrl":"https:\/\/tourtravelandmore.com\/wp-content\/uploads\/2020\/11\/Quebec-8-scaled.jpg","width":2560,"height":1707},{"@type":"BreadcrumbList","@id":"https:\/\/tourtravelandmore.com\/es\/tours\/canada-es\/quebec-es\/quebec-actividades-es\/tour-privado-a-pie-de-quebec\/#breadcrumb","itemListElement":[{"@type":"ListItem","position":1,"name":"Home","item":"https:\/\/tourtravelandmore.com\/es\/"},{"@type":"ListItem","position":2,"name":"Tours","item":"https:\/\/tourtravelandmore.com\/es\/tours\/"},{"@type":"ListItem","position":3,"name":"Tour privado a pie de Quebec"}]},{"@type":"WebSite","@id":"https:\/\/tourtravelandmore.com\/es\/#website","url":"https:\/\/tourtravelandmore.com\/es\/","name":"Tour Travel And More","description":"Private sightseeing tours and luxury transfers in Spain","publisher":{"@id":"https:\/\/tourtravelandmore.com\/es\/#organization"},"potentialAction":[{"@type":"SearchAction","target":{"@type":"EntryPoint","urlTemplate":"https:\/\/tourtravelandmore.com\/es\/?s={search_term_string}"},"query-input":{"@type":"PropertyValueSpecification","valueRequired":true,"valueName":"search_term_string"}}],"inLanguage":"es"},{"@type":"Organization","@id":"https:\/\/tourtravelandmore.com\/es\/#organization","name":"Tour Travel And More","url":"https:\/\/tourtravelandmore.com\/es\/","logo":{"@type":"ImageObject","inLanguage":"es","@id":"https:\/\/tourtravelandmore.com\/es\/#\/schema\/logo\/image\/","url":"https:\/\/tourtravelandmore.com\/wp-content\/uploads\/2022\/12\/cropped-logo-cabecera-new.png","contentUrl":"https:\/\/tourtravelandmore.com\/wp-content\/uploads\/2022\/12\/cropped-logo-cabecera-new.png","width":430,"height":61,"caption":"Tour Travel And More"},"image":{"@id":"https:\/\/tourtravelandmore.com\/es\/#\/schema\/logo\/image\/"},"sameAs":["https:\/\/www.facebook.com\/tourtravelandmore\/","https:\/\/x.com\/TourTravel_More"]}]}},"_links":{"self":[{"href":"https:\/\/tourtravelandmore.com\/es\/wp-json\/wp\/v2\/product\/86758","targetHints":{"allow":["GET"]}}],"collection":[{"href":"https:\/\/tourtravelandmore.com\/es\/wp-json\/wp\/v2\/product"}],"about":[{"href":"https:\/\/tourtravelandmore.com\/es\/wp-json\/wp\/v2\/types\/product"}],"replies":[{"embeddable":true,"href":"https:\/\/tourtravelandmore.com\/es\/wp-json\/wp\/v2\/comments?post=86758"}],"wp:featuredmedia":[{"embeddable":true,"href":"https:\/\/tourtravelandmore.com\/es\/wp-json\/wp\/v2\/media\/86195"}],"wp:attachment":[{"href":"https:\/\/tourtravelandmore.com\/es\/wp-json\/wp\/v2\/media?parent=86758"}],"wp:term":[{"taxonomy":"product_brand","embeddable":true,"href":"https:\/\/tourtravelandmore.com\/es\/wp-json\/wp\/v2\/product_brand?post=86758"},{"taxonomy":"product_cat","embeddable":true,"href":"https:\/\/tourtravelandmore.com\/es\/wp-json\/wp\/v2\/product_cat?post=86758"},{"taxonomy":"product_tag","embeddable":true,"href":"https:\/\/tourtravelandmore.com\/es\/wp-json\/wp\/v2\/product_tag?post=86758"}],"curies":[{"name":"wp","href":"https:\/\/api.w.org\/{rel}","templated":true}]}}