{"id":8675,"date":"2016-10-25T16:22:29","date_gmt":"2016-10-25T15:20:59","guid":{"rendered":"http:\/\/tourtravelandmore.com\/es\/?post_type=product&#038;p=8675"},"modified":"2025-04-14T18:51:56","modified_gmt":"2025-04-14T16:51:56","slug":"tour-privado-santiago-bernabeu-real-madrid","status":"publish","type":"product","link":"https:\/\/tourtravelandmore.com\/es\/tours\/espana-es\/madrid-es\/tour-privado-santiago-bernabeu-real-madrid\/","title":{"rendered":"Tour Privado de Madrid y Santiago Bernabeu"},"content":{"rendered":"<h2>Descripci\u00f3n del Tour Privado Santiago Bernab\u00e9u y City Tour de Madrid<\/h2>\n<p>Disfruta de este tour al Santiago Bernabeu junto a su gu\u00eda oficial y su veh\u00edculo privado con conductor. El tour combina un city tour de la ciudad e incluye las entradas al Museo Bernabeu. Conocer\u00e1 lo m\u00e1s importante de la ciudad a trav\u00e9s de una panor\u00e1mica y el estadio. La duraci\u00f3n del tour al Santiago Bernabeu es de 4 horas.<\/p>\n<p>Al ser un tour completamente privado, puedes escoger la hora de comienzo y lugar de recogida. Si solo desea hacer 2 horas, en este caso el punto de encuentro ser\u00eda en las Taquillas y nuestro gu\u00eda esperar\u00eda con un cartel con su nombre.<\/p>\n<p>Las entradas al Estadio Santiago Bernabeu son entradas sin colas y est\u00e1n incluidas en el tour.<\/p>\n<h2>Puntos de Inter\u00e9s en el Tour Privado, Santiago Bernab\u00e9u y City Tour de Madrid<\/h2>\n<p>Para los amantes del F\u00fatbol, le ofrecemos un Tour privado en coche de 4 horas d\u00f3nde podr\u00e1 conocer la Ciudad y hacer una parada en el <strong>Estadio Santiago Bernab\u00e9u<\/strong>, donde haremos una vista de sus instalaciones.<\/p>\n<p>\u00bfTe imaginas recorrer libremente el estadio Santiago Bernabeu?, el campo del Real Madrid y visitar los lugares m\u00edticos que \u00fanicamente hab\u00edas visto en la televisi\u00f3n? Ahora puedes hacerlo con este tour y conocer m\u00e1s a fondo la Historia m\u00e1s importante de unos de los mejores Equipos del mundo.<\/p>\n<p>Dentro del estadio podr\u00e1 visitar:<\/p>\n<ul>\n<li><strong>Panor\u00e1mica &#8211; tour del estadio Santiago Bernabeu<\/strong><\/li>\n<li><strong>Sala Mejor Club S. XX<\/strong><\/li>\n<li><strong>Exposici\u00f3n de trofeos<\/strong><\/li>\n<li><strong>T\u00fanel de jugadores, banquillos y zona t\u00e9cnica<\/strong><\/li>\n<li><strong>Sala de prensa<\/strong><\/li>\n<li><strong>Recorrido por el terreno de juego<\/strong><\/li>\n<li><strong>Palco presidencial<\/strong><\/li>\n<li><strong>Vestuarios<\/strong><\/li>\n<li><strong>Tienda<\/strong><\/li>\n<\/ul>\n<p>Una vez finalizada la vista al estadio Santiago Bernabeu visitaremos la ciudad de Madrid. Recorreremos lugares emblem\u00e1ticos de la ciudad, y mostraremos la perspectiva m\u00e1s contempor\u00e1nea de Madrid. Podr\u00e1 obtener una vista panor\u00e1mica de: La Plaza Cibeles, el Paseo de Recoletos, el edificio de la Biblioteca Nacional, la Plaza Col\u00f3n, el Paseo de la Castellana, el museo de arte al aire libre, denominado el Museo de Esculturas, los Nuevos Ministerios, el centro financiero de Madrid, La Plaza de Castilla y la las nuevas torres madrile\u00f1as que han cambiado el perfil del paisaje urbano de la capital.<\/p>\n<p>\u00a1Vuestro veh\u00edculo privado os devolver\u00e1 a vuestro hotel para que pod\u00e1is ir a descansar y recuperar fuerzas!<\/p>\n<p>Si desea consultar nuestros tours<a href=\"https:\/\/tourtravelandmore.com\/es\/ciudad\/espana-es\/madrid-es\/\">\u00a0privados de Madrid<\/a> y dispone de m\u00e1s d\u00edas, puede realizar varios tours en su estancia en Madrid.<\/p>\n<p>Solicita m\u00e1s informaci\u00f3n a trav\u00e9s del formulario de contacto del tour y nuestro equipo le pasar\u00e1 toda la informaci\u00f3n.<\/p>\n","protected":false},"excerpt":{"rendered":"<p>Conoce la ciudad de Madrid, junto a su gu\u00eda oficial privado y vehiculo con conductor y una de las principales atracciones de la ciudad, el Museo y Campo Santiago Bernabeu.<\/p>\n","protected":false},"featured_media":182356,"comment_status":"open","ping_status":"closed","template":"","meta":{"_acf_changed":false},"product_brand":[],"product_cat":[284,285,287],"product_tag":[],"class_list":{"0":"post-8675","1":"product","2":"type-product","3":"status-publish","4":"has-post-thumbnail","6":"product_cat-madrid-es","7":"product_cat-madrid-actividades-es","8":"product_cat-madrid-rutas-turisticas-privadas-es","10":"first","11":"instock","12":"shipping-taxable","13":"purchasable","14":"product-type-simple"},"acf":[],"yoast_head":"<!-- This site is optimized with the Yoast SEO Premium plugin v25.3.1 (Yoast SEO v25.3.1) - https:\/\/yoast.com\/wordpress\/plugins\/seo\/ -->\n<title>\u27a1\ufe0f Tour al Santiago Bernabeu y City tour | Tour Travel &amp; More<\/title>\n<meta name=\"description\" content=\"Disfruta del Tour al Santiago Bernabeu y conoce el estadio de uno de los mejores equipos del mundo. Al finalizar podr\u00e1s realizar una panor\u00e1mica de Madrid \u2705\" \/>\n<meta name=\"robots\" content=\"index, follow, max-snippet:-1, max-image-preview:large, max-video-preview:-1\" \/>\n<link rel=\"canonical\" href=\"https:\/\/tourtravelandmore.com\/es\/tours\/espana-es\/madrid-es\/tour-privado-santiago-bernabeu-real-madrid\/\" \/>\n<meta property=\"og:locale\" content=\"es_ES\" \/>\n<meta property=\"og:type\" content=\"article\" \/>\n<meta property=\"og:title\" content=\"Tour Privado de Madrid y Santiago Bernabeu\" \/>\n<meta property=\"og:description\" content=\"Disfruta del Tour al Santiago Bernabeu y conoce el estadio de uno de los mejores equipos del mundo. Al finalizar podr\u00e1s realizar una panor\u00e1mica de Madrid \u2705\" \/>\n<meta property=\"og:url\" content=\"https:\/\/tourtravelandmore.com\/es\/tours\/espana-es\/madrid-es\/tour-privado-santiago-bernabeu-real-madrid\/\" \/>\n<meta property=\"og:site_name\" content=\"Tour Travel And More\" \/>\n<meta property=\"article:publisher\" content=\"https:\/\/www.facebook.com\/tourtravelandmore\/\" \/>\n<meta property=\"article:modified_time\" content=\"2025-04-14T16:51:56+00:00\" \/>\n<meta property=\"og:image\" content=\"https:\/\/tourtravelandmore.com\/wp-content\/uploads\/2016\/10\/madrid-1323406_1280.jpg\" \/>\n\t<meta property=\"og:image:width\" content=\"1280\" \/>\n\t<meta property=\"og:image:height\" content=\"851\" \/>\n\t<meta property=\"og:image:type\" content=\"image\/jpeg\" \/>\n<meta name=\"twitter:card\" content=\"summary_large_image\" \/>\n<meta name=\"twitter:site\" content=\"@TourTravel_More\" \/>\n<meta name=\"twitter:label1\" content=\"Tiempo de lectura\" \/>\n\t<meta name=\"twitter:data1\" content=\"2 minutos\" \/>\n<script type=\"application\/ld+json\" class=\"yoast-schema-graph\">{\"@context\":\"https:\/\/schema.org\",\"@graph\":[{\"@type\":\"WebPage\",\"@id\":\"https:\/\/tourtravelandmore.com\/es\/tours\/espana-es\/madrid-es\/tour-privado-santiago-bernabeu-real-madrid\/\",\"url\":\"https:\/\/tourtravelandmore.com\/es\/tours\/espana-es\/madrid-es\/tour-privado-santiago-bernabeu-real-madrid\/\",\"name\":\"\u27a1\ufe0f Tour al Santiago Bernabeu y City tour | Tour Travel & More\",\"isPartOf\":{\"@id\":\"https:\/\/tourtravelandmore.com\/es\/#website\"},\"primaryImageOfPage\":{\"@id\":\"https:\/\/tourtravelandmore.com\/es\/tours\/espana-es\/madrid-es\/tour-privado-santiago-bernabeu-real-madrid\/#primaryimage\"},\"image\":{\"@id\":\"https:\/\/tourtravelandmore.com\/es\/tours\/espana-es\/madrid-es\/tour-privado-santiago-bernabeu-real-madrid\/#primaryimage\"},\"thumbnailUrl\":\"https:\/\/tourtravelandmore.com\/wp-content\/uploads\/2016\/10\/madrid-1323406_1280.jpg\",\"datePublished\":\"2016-10-25T15:20:59+00:00\",\"dateModified\":\"2025-04-14T16:51:56+00:00\",\"description\":\"Disfruta del Tour al Santiago Bernabeu y conoce el estadio de uno de los mejores equipos del mundo. Al finalizar podr\u00e1s realizar una panor\u00e1mica de Madrid \u2705\",\"breadcrumb\":{\"@id\":\"https:\/\/tourtravelandmore.com\/es\/tours\/espana-es\/madrid-es\/tour-privado-santiago-bernabeu-real-madrid\/#breadcrumb\"},\"inLanguage\":\"es\",\"potentialAction\":[{\"@type\":\"ReadAction\",\"target\":[\"https:\/\/tourtravelandmore.com\/es\/tours\/espana-es\/madrid-es\/tour-privado-santiago-bernabeu-real-madrid\/\"]}]},{\"@type\":\"ImageObject\",\"inLanguage\":\"es\",\"@id\":\"https:\/\/tourtravelandmore.com\/es\/tours\/espana-es\/madrid-es\/tour-privado-santiago-bernabeu-real-madrid\/#primaryimage\",\"url\":\"https:\/\/tourtravelandmore.com\/wp-content\/uploads\/2016\/10\/madrid-1323406_1280.jpg\",\"contentUrl\":\"https:\/\/tourtravelandmore.com\/wp-content\/uploads\/2016\/10\/madrid-1323406_1280.jpg\",\"width\":1280,\"height\":851},{\"@type\":\"BreadcrumbList\",\"@id\":\"https:\/\/tourtravelandmore.com\/es\/tours\/espana-es\/madrid-es\/tour-privado-santiago-bernabeu-real-madrid\/#breadcrumb\",\"itemListElement\":[{\"@type\":\"ListItem\",\"position\":1,\"name\":\"Home\",\"item\":\"https:\/\/tourtravelandmore.com\/es\/\"},{\"@type\":\"ListItem\",\"position\":2,\"name\":\"Tours\",\"item\":\"https:\/\/tourtravelandmore.com\/es\/tours\/\"},{\"@type\":\"ListItem\",\"position\":3,\"name\":\"Tour Privado de Madrid y Santiago Bernabeu\"}]},{\"@type\":\"WebSite\",\"@id\":\"https:\/\/tourtravelandmore.com\/es\/#website\",\"url\":\"https:\/\/tourtravelandmore.com\/es\/\",\"name\":\"Tour Travel And More\",\"description\":\"Private sightseeing tours and luxury transfers in Spain\",\"publisher\":{\"@id\":\"https:\/\/tourtravelandmore.com\/es\/#organization\"},\"potentialAction\":[{\"@type\":\"SearchAction\",\"target\":{\"@type\":\"EntryPoint\",\"urlTemplate\":\"https:\/\/tourtravelandmore.com\/es\/?s={search_term_string}\"},\"query-input\":{\"@type\":\"PropertyValueSpecification\",\"valueRequired\":true,\"valueName\":\"search_term_string\"}}],\"inLanguage\":\"es\"},{\"@type\":\"Organization\",\"@id\":\"https:\/\/tourtravelandmore.com\/es\/#organization\",\"name\":\"Tour Travel And More\",\"url\":\"https:\/\/tourtravelandmore.com\/es\/\",\"logo\":{\"@type\":\"ImageObject\",\"inLanguage\":\"es\",\"@id\":\"https:\/\/tourtravelandmore.com\/es\/#\/schema\/logo\/image\/\",\"url\":\"https:\/\/tourtravelandmore.com\/wp-content\/uploads\/2022\/12\/cropped-logo-cabecera-new.png\",\"contentUrl\":\"https:\/\/tourtravelandmore.com\/wp-content\/uploads\/2022\/12\/cropped-logo-cabecera-new.png\",\"width\":430,\"height\":61,\"caption\":\"Tour Travel And More\"},\"image\":{\"@id\":\"https:\/\/tourtravelandmore.com\/es\/#\/schema\/logo\/image\/\"},\"sameAs\":[\"https:\/\/www.facebook.com\/tourtravelandmore\/\",\"https:\/\/x.com\/TourTravel_More\"]}]}<\/script>\n<!-- \/ Yoast SEO Premium plugin. -->","yoast_head_json":{"title":"\u27a1\ufe0f Tour al Santiago Bernabeu y City tour | Tour Travel & More","description":"Disfruta del Tour al Santiago Bernabeu y conoce el estadio de uno de los mejores equipos del mundo. Al finalizar podr\u00e1s realizar una panor\u00e1mica de Madrid \u2705","robots":{"index":"index","follow":"follow","max-snippet":"max-snippet:-1","max-image-preview":"max-image-preview:large","max-video-preview":"max-video-preview:-1"},"canonical":"https:\/\/tourtravelandmore.com\/es\/tours\/espana-es\/madrid-es\/tour-privado-santiago-bernabeu-real-madrid\/","og_locale":"es_ES","og_type":"article","og_title":"Tour Privado de Madrid y Santiago Bernabeu","og_description":"Disfruta del Tour al Santiago Bernabeu y conoce el estadio de uno de los mejores equipos del mundo. Al finalizar podr\u00e1s realizar una panor\u00e1mica de Madrid \u2705","og_url":"https:\/\/tourtravelandmore.com\/es\/tours\/espana-es\/madrid-es\/tour-privado-santiago-bernabeu-real-madrid\/","og_site_name":"Tour Travel And More","article_publisher":"https:\/\/www.facebook.com\/tourtravelandmore\/","article_modified_time":"2025-04-14T16:51:56+00:00","og_image":[{"width":1280,"height":851,"url":"https:\/\/tourtravelandmore.com\/wp-content\/uploads\/2016\/10\/madrid-1323406_1280.jpg","type":"image\/jpeg"}],"twitter_card":"summary_large_image","twitter_site":"@TourTravel_More","twitter_misc":{"Tiempo de lectura":"2 minutos"},"schema":{"@context":"https:\/\/schema.org","@graph":[{"@type":"WebPage","@id":"https:\/\/tourtravelandmore.com\/es\/tours\/espana-es\/madrid-es\/tour-privado-santiago-bernabeu-real-madrid\/","url":"https:\/\/tourtravelandmore.com\/es\/tours\/espana-es\/madrid-es\/tour-privado-santiago-bernabeu-real-madrid\/","name":"\u27a1\ufe0f Tour al Santiago Bernabeu y City tour | Tour Travel & More","isPartOf":{"@id":"https:\/\/tourtravelandmore.com\/es\/#website"},"primaryImageOfPage":{"@id":"https:\/\/tourtravelandmore.com\/es\/tours\/espana-es\/madrid-es\/tour-privado-santiago-bernabeu-real-madrid\/#primaryimage"},"image":{"@id":"https:\/\/tourtravelandmore.com\/es\/tours\/espana-es\/madrid-es\/tour-privado-santiago-bernabeu-real-madrid\/#primaryimage"},"thumbnailUrl":"https:\/\/tourtravelandmore.com\/wp-content\/uploads\/2016\/10\/madrid-1323406_1280.jpg","datePublished":"2016-10-25T15:20:59+00:00","dateModified":"2025-04-14T16:51:56+00:00","description":"Disfruta del Tour al Santiago Bernabeu y conoce el estadio de uno de los mejores equipos del mundo. Al finalizar podr\u00e1s realizar una panor\u00e1mica de Madrid \u2705","breadcrumb":{"@id":"https:\/\/tourtravelandmore.com\/es\/tours\/espana-es\/madrid-es\/tour-privado-santiago-bernabeu-real-madrid\/#breadcrumb"},"inLanguage":"es","potentialAction":[{"@type":"ReadAction","target":["https:\/\/tourtravelandmore.com\/es\/tours\/espana-es\/madrid-es\/tour-privado-santiago-bernabeu-real-madrid\/"]}]},{"@type":"ImageObject","inLanguage":"es","@id":"https:\/\/tourtravelandmore.com\/es\/tours\/espana-es\/madrid-es\/tour-privado-santiago-bernabeu-real-madrid\/#primaryimage","url":"https:\/\/tourtravelandmore.com\/wp-content\/uploads\/2016\/10\/madrid-1323406_1280.jpg","contentUrl":"https:\/\/tourtravelandmore.com\/wp-content\/uploads\/2016\/10\/madrid-1323406_1280.jpg","width":1280,"height":851},{"@type":"BreadcrumbList","@id":"https:\/\/tourtravelandmore.com\/es\/tours\/espana-es\/madrid-es\/tour-privado-santiago-bernabeu-real-madrid\/#breadcrumb","itemListElement":[{"@type":"ListItem","position":1,"name":"Home","item":"https:\/\/tourtravelandmore.com\/es\/"},{"@type":"ListItem","position":2,"name":"Tours","item":"https:\/\/tourtravelandmore.com\/es\/tours\/"},{"@type":"ListItem","position":3,"name":"Tour Privado de Madrid y Santiago Bernabeu"}]},{"@type":"WebSite","@id":"https:\/\/tourtravelandmore.com\/es\/#website","url":"https:\/\/tourtravelandmore.com\/es\/","name":"Tour Travel And More","description":"Private sightseeing tours and luxury transfers in Spain","publisher":{"@id":"https:\/\/tourtravelandmore.com\/es\/#organization"},"potentialAction":[{"@type":"SearchAction","target":{"@type":"EntryPoint","urlTemplate":"https:\/\/tourtravelandmore.com\/es\/?s={search_term_string}"},"query-input":{"@type":"PropertyValueSpecification","valueRequired":true,"valueName":"search_term_string"}}],"inLanguage":"es"},{"@type":"Organization","@id":"https:\/\/tourtravelandmore.com\/es\/#organization","name":"Tour Travel And More","url":"https:\/\/tourtravelandmore.com\/es\/","logo":{"@type":"ImageObject","inLanguage":"es","@id":"https:\/\/tourtravelandmore.com\/es\/#\/schema\/logo\/image\/","url":"https:\/\/tourtravelandmore.com\/wp-content\/uploads\/2022\/12\/cropped-logo-cabecera-new.png","contentUrl":"https:\/\/tourtravelandmore.com\/wp-content\/uploads\/2022\/12\/cropped-logo-cabecera-new.png","width":430,"height":61,"caption":"Tour Travel And More"},"image":{"@id":"https:\/\/tourtravelandmore.com\/es\/#\/schema\/logo\/image\/"},"sameAs":["https:\/\/www.facebook.com\/tourtravelandmore\/","https:\/\/x.com\/TourTravel_More"]}]}},"_links":{"self":[{"href":"https:\/\/tourtravelandmore.com\/es\/wp-json\/wp\/v2\/product\/8675","targetHints":{"allow":["GET"]}}],"collection":[{"href":"https:\/\/tourtravelandmore.com\/es\/wp-json\/wp\/v2\/product"}],"about":[{"href":"https:\/\/tourtravelandmore.com\/es\/wp-json\/wp\/v2\/types\/product"}],"replies":[{"embeddable":true,"href":"https:\/\/tourtravelandmore.com\/es\/wp-json\/wp\/v2\/comments?post=8675"}],"wp:featuredmedia":[{"embeddable":true,"href":"https:\/\/tourtravelandmore.com\/es\/wp-json\/wp\/v2\/media\/182356"}],"wp:attachment":[{"href":"https:\/\/tourtravelandmore.com\/es\/wp-json\/wp\/v2\/media?parent=8675"}],"wp:term":[{"taxonomy":"product_brand","embeddable":true,"href":"https:\/\/tourtravelandmore.com\/es\/wp-json\/wp\/v2\/product_brand?post=8675"},{"taxonomy":"product_cat","embeddable":true,"href":"https:\/\/tourtravelandmore.com\/es\/wp-json\/wp\/v2\/product_cat?post=8675"},{"taxonomy":"product_tag","embeddable":true,"href":"https:\/\/tourtravelandmore.com\/es\/wp-json\/wp\/v2\/product_tag?post=8675"}],"curies":[{"name":"wp","href":"https:\/\/api.w.org\/{rel}","templated":true}]}}