{"id":86739,"date":"2020-11-11T15:13:05","date_gmt":"2020-11-11T14:13:07","guid":{"rendered":"https:\/\/tourtravelandmore.com\/?post_type=product&#038;p=86739"},"modified":"2020-11-11T15:28:38","modified_gmt":"2020-11-11T14:28:38","slug":"tour-privado-de-quebec","status":"publish","type":"product","link":"https:\/\/tourtravelandmore.com\/es\/tours\/canada-es\/quebec-es\/quebec-actividades-es\/tour-privado-de-quebec\/","title":{"rendered":"Tour privado de Quebec"},"content":{"rendered":"<h2 id=\"tw-target-text\" class=\"tw-data-text tw-text-large XcVN5d tw-ta\" dir=\"ltr\" data-placeholder=\"Traducci\u00f3n\"><span lang=\"es\">Descripci\u00f3n <\/span><\/h2>\n<p id=\"tw-target-text\" class=\"tw-data-text tw-text-large XcVN5d tw-ta\" dir=\"ltr\" data-placeholder=\"Traducci\u00f3n\"><span lang=\"es\">Disfrute de nuestro Tour privado de Quebec para conocer lo mejor de la ciudad de Quebec. <\/span><\/p>\n<p class=\"tw-data-text tw-text-large XcVN5d tw-ta\" dir=\"ltr\" data-placeholder=\"Traducci\u00f3n\"><span lang=\"es\">Disfrute lo mejor de la Capital de esta provincia en Quebec. Nuestro tour privado comenzar\u00e1 desde su hotel o lugar de elecci\u00f3n en Quebec. <\/span><\/p>\n<p class=\"tw-data-text tw-text-large XcVN5d tw-ta\" dir=\"ltr\" data-placeholder=\"Traducci\u00f3n\"><span lang=\"es\">Puede ser cualquier lugar de la ciudad. Tanto nuestro conductor como nuestro gu\u00eda tur\u00edstico est\u00e1n a su disposici\u00f3n para organizar la mejor experiencia posible. <\/span><\/p>\n<p class=\"tw-data-text tw-text-large XcVN5d tw-ta\" dir=\"ltr\" data-placeholder=\"Traducci\u00f3n\"><span lang=\"es\">Te dejaremos conocer lo mejor de esta ciudad. \u00a1Es una locura todo lo que puedes aprender gracias a un gu\u00eda tur\u00edstico oficial especializado y profesional! \u00a1Perm\u00edtanos llevarlo a esta incre\u00edble experiencia! <\/span><\/p>\n<h2 class=\"tw-data-text tw-text-large XcVN5d tw-ta\" dir=\"ltr\" data-placeholder=\"Traducci\u00f3n\"><span lang=\"es\">Puntos emblem\u00e1ticos y de inter\u00e9s <\/span><\/h2>\n<p class=\"tw-data-text tw-text-large XcVN5d tw-ta\" dir=\"ltr\" data-placeholder=\"Traducci\u00f3n\"><span lang=\"es\">En primer lugar, despu\u00e9s de que lo recojan de su hotel en la ciudad de Quebec, comenzaremos este tour privado. La ciudad de Quebec es un destino verdaderamente \u00fanico. <\/span><\/p>\n<p class=\"tw-data-text tw-text-large XcVN5d tw-ta\" dir=\"ltr\" data-placeholder=\"Traducci\u00f3n\"><span lang=\"es\">\u00a1Encuentra toda la historia, arquitectura y cultura! No se pierda las vistas del r\u00edo San Lorenzo y las monta\u00f1as Laurentian. <\/span><\/p>\n<p class=\"tw-data-text tw-text-large XcVN5d tw-ta\" dir=\"ltr\" data-placeholder=\"Traducci\u00f3n\"><span lang=\"es\">Disfrute de las siguientes ubicaciones en Quebec: <\/span><\/p>\n<ul>\n<li class=\"tw-data-text tw-text-large XcVN5d tw-ta\" dir=\"ltr\" data-placeholder=\"Traducci\u00f3n\"><span lang=\"es\">Viejo Quebec <\/span><\/li>\n<li class=\"tw-data-text tw-text-large XcVN5d tw-ta\" dir=\"ltr\" data-placeholder=\"Traducci\u00f3n\"><span lang=\"es\">Murallas fortificadas de Quebec y la Ciudadela. Estos son los \u00faltimos que quedan en Norteam\u00e9rica.<\/span><\/li>\n<li class=\"tw-data-text tw-text-large XcVN5d tw-ta\" dir=\"ltr\" data-placeholder=\"Traducci\u00f3n\"><span lang=\"es\">Ciudad alta de la ciudad de Quebec <\/span>\n<ul>\n<li class=\"tw-data-text tw-text-large XcVN5d tw-ta\" dir=\"ltr\" data-placeholder=\"Traducci\u00f3n\"><span lang=\"es\">Ch\u00e2teau Frontenac <\/span><\/li>\n<li class=\"tw-data-text tw-text-large XcVN5d tw-ta\" dir=\"ltr\" data-placeholder=\"Traducci\u00f3n\"><span lang=\"es\">S\u00e9minaire de Qu\u00e9bec<\/span><\/li>\n<li class=\"tw-data-text tw-text-large XcVN5d tw-ta\" dir=\"ltr\" data-placeholder=\"Traducci\u00f3n\"><span lang=\"es\">Convento de las Ursulinas <\/span><\/li>\n<li class=\"tw-data-text tw-text-large XcVN5d tw-ta\" dir=\"ltr\" data-placeholder=\"Traducci\u00f3n\"><span lang=\"es\">Hotel-Dieu de Quebec <\/span><\/li>\n<\/ul>\n<\/li>\n<li><span lang=\"es\">Ciudad baja <\/span>\n<ul>\n<li><span lang=\"es\">Notre Dame des Victoires <\/span><\/li>\n<li><span lang=\"es\">Place de Paris <\/span><\/li>\n<li><span lang=\"es\">Gare du Palais <\/span><\/li>\n<\/ul>\n<\/li>\n<li><span lang=\"es\">Vista del Centro Morrin. Aqu\u00ed est\u00e1 la primera prisi\u00f3n ubicada en Quebec. Hoy ya no es una prisi\u00f3n. Es museo y biblioteca inglesa. Este edificio data de 1712. <\/span><\/li>\n<li><span lang=\"es\">Vista exterior del edificio del parlamento <\/span><\/li>\n<li><span lang=\"es\">Bas\u00edlica de Sainte-Anne-de Beaupr\u00e9 <\/span><\/li>\n<li><span lang=\"es\">Distrito de Petit Champlain<\/span><\/li>\n<li>\u00a1Mucho m\u00e1s!<\/li>\n<\/ul>\n<p class=\"tw-data-text tw-text-large XcVN5d tw-ta\" dir=\"ltr\" data-placeholder=\"Traducci\u00f3n\"><span lang=\"es\">Este tour privado terminar\u00e1 en su hotel o lugar de elecci\u00f3n en Quebec. <\/span><\/p>\n<p class=\"tw-data-text tw-text-large XcVN5d tw-ta\" dir=\"ltr\" data-placeholder=\"Traducci\u00f3n\"><a href=\"https:\/\/tourtravelandmore.com\/es\/ciudad\/canada-es\/quebec-es\/\" target=\"_blank\" rel=\"noopener noreferrer\"><span lang=\"es\">\u00a1No se pierda nuestros tours privados en la ciudad de Quebec!<\/span><\/a><\/p>\n<p>&nbsp;<\/p>\n","protected":false},"excerpt":{"rendered":"<p id=\"tw-target-text\" class=\"tw-data-text tw-text-large XcVN5d tw-ta\" dir=\"ltr\" data-placeholder=\"Traducci\u00f3n\"><span lang=\"es\">Realice este tour privado de Quebec y tenga la oportunidad de disfrutar de lo mejor de la ciudad de Quebec. Este es un gran viaje de un d\u00eda desde Montreal.<\/span><\/p>\n","protected":false},"featured_media":86180,"comment_status":"open","ping_status":"closed","template":"","meta":{"_acf_changed":false},"product_brand":[],"product_cat":[2789,2871,2874,2877,1602],"product_tag":[],"class_list":{"0":"post-86739","1":"product","2":"type-product","3":"status-publish","4":"has-post-thumbnail","6":"product_cat-canada-es","7":"product_cat-quebec-es","8":"product_cat-quebec-actividades-es","9":"product_cat-quebec-tours-es","10":"product_cat-eeuu-es","12":"first","13":"instock","14":"shipping-taxable","15":"purchasable","16":"product-type-simple"},"acf":[],"yoast_head":"<!-- This site is optimized with the Yoast SEO Premium plugin v25.3.1 (Yoast SEO v25.3.1) - https:\/\/yoast.com\/wordpress\/plugins\/seo\/ -->\n<title>Tour privado de la ciudad de Quebec con veh\u00edculo y gu\u00eda tur\u00edstico<\/title>\n<meta name=\"description\" content=\"Realice este tour privado de la ciudad de Quebec y tenga la oportunidad de disfrutar de lo mejor de la ciudad de Quebec. Este es un gran viaje de un d\u00eda desde Montreal.\" \/>\n<meta name=\"robots\" content=\"index, follow, max-snippet:-1, max-image-preview:large, max-video-preview:-1\" \/>\n<link rel=\"canonical\" href=\"https:\/\/tourtravelandmore.com\/es\/tours\/canada-es\/quebec-es\/quebec-actividades-es\/tour-privado-de-quebec\/\" \/>\n<meta property=\"og:locale\" content=\"es_ES\" \/>\n<meta property=\"og:type\" content=\"article\" \/>\n<meta property=\"og:title\" content=\"Tour privado de Quebec\" \/>\n<meta property=\"og:description\" content=\"Realice este tour privado de la ciudad de Quebec y tenga la oportunidad de disfrutar de lo mejor de la ciudad de Quebec. Este es un gran viaje de un d\u00eda desde Montreal.\" \/>\n<meta property=\"og:url\" content=\"https:\/\/tourtravelandmore.com\/es\/tours\/canada-es\/quebec-es\/quebec-actividades-es\/tour-privado-de-quebec\/\" \/>\n<meta property=\"og:site_name\" content=\"Tour Travel And More\" \/>\n<meta property=\"article:publisher\" content=\"https:\/\/www.facebook.com\/tourtravelandmore\/\" \/>\n<meta property=\"article:modified_time\" content=\"2020-11-11T14:28:38+00:00\" \/>\n<meta property=\"og:image\" content=\"https:\/\/tourtravelandmore.com\/wp-content\/uploads\/2020\/11\/Quebec-3-scaled.jpg\" \/>\n\t<meta property=\"og:image:width\" content=\"2560\" \/>\n\t<meta property=\"og:image:height\" content=\"1920\" \/>\n\t<meta property=\"og:image:type\" content=\"image\/jpeg\" \/>\n<meta name=\"twitter:card\" content=\"summary_large_image\" \/>\n<meta name=\"twitter:site\" content=\"@TourTravel_More\" \/>\n<meta name=\"twitter:label1\" content=\"Tiempo de lectura\" \/>\n\t<meta name=\"twitter:data1\" content=\"1 minuto\" \/>\n<script type=\"application\/ld+json\" class=\"yoast-schema-graph\">{\"@context\":\"https:\/\/schema.org\",\"@graph\":[{\"@type\":\"WebPage\",\"@id\":\"https:\/\/tourtravelandmore.com\/es\/tours\/canada-es\/quebec-es\/quebec-actividades-es\/tour-privado-de-quebec\/\",\"url\":\"https:\/\/tourtravelandmore.com\/es\/tours\/canada-es\/quebec-es\/quebec-actividades-es\/tour-privado-de-quebec\/\",\"name\":\"Tour privado de la ciudad de Quebec con veh\u00edculo y gu\u00eda tur\u00edstico\",\"isPartOf\":{\"@id\":\"https:\/\/tourtravelandmore.com\/es\/#website\"},\"primaryImageOfPage\":{\"@id\":\"https:\/\/tourtravelandmore.com\/es\/tours\/canada-es\/quebec-es\/quebec-actividades-es\/tour-privado-de-quebec\/#primaryimage\"},\"image\":{\"@id\":\"https:\/\/tourtravelandmore.com\/es\/tours\/canada-es\/quebec-es\/quebec-actividades-es\/tour-privado-de-quebec\/#primaryimage\"},\"thumbnailUrl\":\"https:\/\/tourtravelandmore.com\/wp-content\/uploads\/2020\/11\/Quebec-3-scaled.jpg\",\"datePublished\":\"2020-11-11T14:13:07+00:00\",\"dateModified\":\"2020-11-11T14:28:38+00:00\",\"description\":\"Realice este tour privado de la ciudad de Quebec y tenga la oportunidad de disfrutar de lo mejor de la ciudad de Quebec. Este es un gran viaje de un d\u00eda desde Montreal.\",\"breadcrumb\":{\"@id\":\"https:\/\/tourtravelandmore.com\/es\/tours\/canada-es\/quebec-es\/quebec-actividades-es\/tour-privado-de-quebec\/#breadcrumb\"},\"inLanguage\":\"es\",\"potentialAction\":[{\"@type\":\"ReadAction\",\"target\":[\"https:\/\/tourtravelandmore.com\/es\/tours\/canada-es\/quebec-es\/quebec-actividades-es\/tour-privado-de-quebec\/\"]}]},{\"@type\":\"ImageObject\",\"inLanguage\":\"es\",\"@id\":\"https:\/\/tourtravelandmore.com\/es\/tours\/canada-es\/quebec-es\/quebec-actividades-es\/tour-privado-de-quebec\/#primaryimage\",\"url\":\"https:\/\/tourtravelandmore.com\/wp-content\/uploads\/2020\/11\/Quebec-3-scaled.jpg\",\"contentUrl\":\"https:\/\/tourtravelandmore.com\/wp-content\/uploads\/2020\/11\/Quebec-3-scaled.jpg\",\"width\":2560,\"height\":1920},{\"@type\":\"BreadcrumbList\",\"@id\":\"https:\/\/tourtravelandmore.com\/es\/tours\/canada-es\/quebec-es\/quebec-actividades-es\/tour-privado-de-quebec\/#breadcrumb\",\"itemListElement\":[{\"@type\":\"ListItem\",\"position\":1,\"name\":\"Home\",\"item\":\"https:\/\/tourtravelandmore.com\/es\/\"},{\"@type\":\"ListItem\",\"position\":2,\"name\":\"Tours\",\"item\":\"https:\/\/tourtravelandmore.com\/es\/tours\/\"},{\"@type\":\"ListItem\",\"position\":3,\"name\":\"Tour privado de Quebec\"}]},{\"@type\":\"WebSite\",\"@id\":\"https:\/\/tourtravelandmore.com\/es\/#website\",\"url\":\"https:\/\/tourtravelandmore.com\/es\/\",\"name\":\"Tour Travel And More\",\"description\":\"Private sightseeing tours and luxury transfers in Spain\",\"publisher\":{\"@id\":\"https:\/\/tourtravelandmore.com\/es\/#organization\"},\"potentialAction\":[{\"@type\":\"SearchAction\",\"target\":{\"@type\":\"EntryPoint\",\"urlTemplate\":\"https:\/\/tourtravelandmore.com\/es\/?s={search_term_string}\"},\"query-input\":{\"@type\":\"PropertyValueSpecification\",\"valueRequired\":true,\"valueName\":\"search_term_string\"}}],\"inLanguage\":\"es\"},{\"@type\":\"Organization\",\"@id\":\"https:\/\/tourtravelandmore.com\/es\/#organization\",\"name\":\"Tour Travel And More\",\"url\":\"https:\/\/tourtravelandmore.com\/es\/\",\"logo\":{\"@type\":\"ImageObject\",\"inLanguage\":\"es\",\"@id\":\"https:\/\/tourtravelandmore.com\/es\/#\/schema\/logo\/image\/\",\"url\":\"https:\/\/tourtravelandmore.com\/wp-content\/uploads\/2022\/12\/cropped-logo-cabecera-new.png\",\"contentUrl\":\"https:\/\/tourtravelandmore.com\/wp-content\/uploads\/2022\/12\/cropped-logo-cabecera-new.png\",\"width\":430,\"height\":61,\"caption\":\"Tour Travel And More\"},\"image\":{\"@id\":\"https:\/\/tourtravelandmore.com\/es\/#\/schema\/logo\/image\/\"},\"sameAs\":[\"https:\/\/www.facebook.com\/tourtravelandmore\/\",\"https:\/\/x.com\/TourTravel_More\"]}]}<\/script>\n<!-- \/ Yoast SEO Premium plugin. -->","yoast_head_json":{"title":"Tour privado de la ciudad de Quebec con veh\u00edculo y gu\u00eda tur\u00edstico","description":"Realice este tour privado de la ciudad de Quebec y tenga la oportunidad de disfrutar de lo mejor de la ciudad de Quebec. Este es un gran viaje de un d\u00eda desde Montreal.","robots":{"index":"index","follow":"follow","max-snippet":"max-snippet:-1","max-image-preview":"max-image-preview:large","max-video-preview":"max-video-preview:-1"},"canonical":"https:\/\/tourtravelandmore.com\/es\/tours\/canada-es\/quebec-es\/quebec-actividades-es\/tour-privado-de-quebec\/","og_locale":"es_ES","og_type":"article","og_title":"Tour privado de Quebec","og_description":"Realice este tour privado de la ciudad de Quebec y tenga la oportunidad de disfrutar de lo mejor de la ciudad de Quebec. Este es un gran viaje de un d\u00eda desde Montreal.","og_url":"https:\/\/tourtravelandmore.com\/es\/tours\/canada-es\/quebec-es\/quebec-actividades-es\/tour-privado-de-quebec\/","og_site_name":"Tour Travel And More","article_publisher":"https:\/\/www.facebook.com\/tourtravelandmore\/","article_modified_time":"2020-11-11T14:28:38+00:00","og_image":[{"width":2560,"height":1920,"url":"https:\/\/tourtravelandmore.com\/wp-content\/uploads\/2020\/11\/Quebec-3-scaled.jpg","type":"image\/jpeg"}],"twitter_card":"summary_large_image","twitter_site":"@TourTravel_More","twitter_misc":{"Tiempo de lectura":"1 minuto"},"schema":{"@context":"https:\/\/schema.org","@graph":[{"@type":"WebPage","@id":"https:\/\/tourtravelandmore.com\/es\/tours\/canada-es\/quebec-es\/quebec-actividades-es\/tour-privado-de-quebec\/","url":"https:\/\/tourtravelandmore.com\/es\/tours\/canada-es\/quebec-es\/quebec-actividades-es\/tour-privado-de-quebec\/","name":"Tour privado de la ciudad de Quebec con veh\u00edculo y gu\u00eda tur\u00edstico","isPartOf":{"@id":"https:\/\/tourtravelandmore.com\/es\/#website"},"primaryImageOfPage":{"@id":"https:\/\/tourtravelandmore.com\/es\/tours\/canada-es\/quebec-es\/quebec-actividades-es\/tour-privado-de-quebec\/#primaryimage"},"image":{"@id":"https:\/\/tourtravelandmore.com\/es\/tours\/canada-es\/quebec-es\/quebec-actividades-es\/tour-privado-de-quebec\/#primaryimage"},"thumbnailUrl":"https:\/\/tourtravelandmore.com\/wp-content\/uploads\/2020\/11\/Quebec-3-scaled.jpg","datePublished":"2020-11-11T14:13:07+00:00","dateModified":"2020-11-11T14:28:38+00:00","description":"Realice este tour privado de la ciudad de Quebec y tenga la oportunidad de disfrutar de lo mejor de la ciudad de Quebec. Este es un gran viaje de un d\u00eda desde Montreal.","breadcrumb":{"@id":"https:\/\/tourtravelandmore.com\/es\/tours\/canada-es\/quebec-es\/quebec-actividades-es\/tour-privado-de-quebec\/#breadcrumb"},"inLanguage":"es","potentialAction":[{"@type":"ReadAction","target":["https:\/\/tourtravelandmore.com\/es\/tours\/canada-es\/quebec-es\/quebec-actividades-es\/tour-privado-de-quebec\/"]}]},{"@type":"ImageObject","inLanguage":"es","@id":"https:\/\/tourtravelandmore.com\/es\/tours\/canada-es\/quebec-es\/quebec-actividades-es\/tour-privado-de-quebec\/#primaryimage","url":"https:\/\/tourtravelandmore.com\/wp-content\/uploads\/2020\/11\/Quebec-3-scaled.jpg","contentUrl":"https:\/\/tourtravelandmore.com\/wp-content\/uploads\/2020\/11\/Quebec-3-scaled.jpg","width":2560,"height":1920},{"@type":"BreadcrumbList","@id":"https:\/\/tourtravelandmore.com\/es\/tours\/canada-es\/quebec-es\/quebec-actividades-es\/tour-privado-de-quebec\/#breadcrumb","itemListElement":[{"@type":"ListItem","position":1,"name":"Home","item":"https:\/\/tourtravelandmore.com\/es\/"},{"@type":"ListItem","position":2,"name":"Tours","item":"https:\/\/tourtravelandmore.com\/es\/tours\/"},{"@type":"ListItem","position":3,"name":"Tour privado de Quebec"}]},{"@type":"WebSite","@id":"https:\/\/tourtravelandmore.com\/es\/#website","url":"https:\/\/tourtravelandmore.com\/es\/","name":"Tour Travel And More","description":"Private sightseeing tours and luxury transfers in Spain","publisher":{"@id":"https:\/\/tourtravelandmore.com\/es\/#organization"},"potentialAction":[{"@type":"SearchAction","target":{"@type":"EntryPoint","urlTemplate":"https:\/\/tourtravelandmore.com\/es\/?s={search_term_string}"},"query-input":{"@type":"PropertyValueSpecification","valueRequired":true,"valueName":"search_term_string"}}],"inLanguage":"es"},{"@type":"Organization","@id":"https:\/\/tourtravelandmore.com\/es\/#organization","name":"Tour Travel And More","url":"https:\/\/tourtravelandmore.com\/es\/","logo":{"@type":"ImageObject","inLanguage":"es","@id":"https:\/\/tourtravelandmore.com\/es\/#\/schema\/logo\/image\/","url":"https:\/\/tourtravelandmore.com\/wp-content\/uploads\/2022\/12\/cropped-logo-cabecera-new.png","contentUrl":"https:\/\/tourtravelandmore.com\/wp-content\/uploads\/2022\/12\/cropped-logo-cabecera-new.png","width":430,"height":61,"caption":"Tour Travel And More"},"image":{"@id":"https:\/\/tourtravelandmore.com\/es\/#\/schema\/logo\/image\/"},"sameAs":["https:\/\/www.facebook.com\/tourtravelandmore\/","https:\/\/x.com\/TourTravel_More"]}]}},"_links":{"self":[{"href":"https:\/\/tourtravelandmore.com\/es\/wp-json\/wp\/v2\/product\/86739","targetHints":{"allow":["GET"]}}],"collection":[{"href":"https:\/\/tourtravelandmore.com\/es\/wp-json\/wp\/v2\/product"}],"about":[{"href":"https:\/\/tourtravelandmore.com\/es\/wp-json\/wp\/v2\/types\/product"}],"replies":[{"embeddable":true,"href":"https:\/\/tourtravelandmore.com\/es\/wp-json\/wp\/v2\/comments?post=86739"}],"wp:featuredmedia":[{"embeddable":true,"href":"https:\/\/tourtravelandmore.com\/es\/wp-json\/wp\/v2\/media\/86180"}],"wp:attachment":[{"href":"https:\/\/tourtravelandmore.com\/es\/wp-json\/wp\/v2\/media?parent=86739"}],"wp:term":[{"taxonomy":"product_brand","embeddable":true,"href":"https:\/\/tourtravelandmore.com\/es\/wp-json\/wp\/v2\/product_brand?post=86739"},{"taxonomy":"product_cat","embeddable":true,"href":"https:\/\/tourtravelandmore.com\/es\/wp-json\/wp\/v2\/product_cat?post=86739"},{"taxonomy":"product_tag","embeddable":true,"href":"https:\/\/tourtravelandmore.com\/es\/wp-json\/wp\/v2\/product_tag?post=86739"}],"curies":[{"name":"wp","href":"https:\/\/api.w.org\/{rel}","templated":true}]}}