{"id":86717,"date":"2020-11-11T11:51:52","date_gmt":"2020-11-11T10:51:54","guid":{"rendered":"https:\/\/tourtravelandmore.com\/?post_type=product&#038;p=86717"},"modified":"2021-12-27T10:39:34","modified_gmt":"2021-12-27T09:39:34","slug":"tour-privado-montreal-desde-quebec-city","status":"publish","type":"product","link":"https:\/\/tourtravelandmore.com\/es\/tours\/canada-es\/quebec-es\/quebec-actividades-es\/tour-privado-montreal-desde-quebec-city\/","title":{"rendered":"Tour Privado Montreal desde Quebec City"},"content":{"rendered":"<h2 id=\"tw-target-text\" class=\"tw-data-text tw-text-large XcVN5d tw-ta\" dir=\"ltr\" data-placeholder=\"Traducci\u00f3n\"><span lang=\"es\">Descripci\u00f3n del Tour Privado Montreal desde Quebec City<\/span><\/h2>\n<p>Montreal es verdaderamente un lugar \u00fanico e incre\u00edble no solo en Canad\u00e1 sino en toda Am\u00e9rica del Norte. \u00a1Nos encanta! \u00a1Este tour privado de Montreal desde la ciudad de Quebec es una experiencia incre\u00edble para ti!<\/p>\n<p>Montreal es realmente una ciudad \u00fanica que tiene mucho que ver y disfrutar. A veces incluso puede sentirse como estar en Europa pero en Am\u00e9rica del Norte. \u00a1Nuestro tour privado de Montreal desde la ciudad de Quebec es un tour perfecto para ti! Organizaremos una gran parada para almorzar e incluso tomar un refrigerio para comer y probar la famosa poutine.<\/p>\n<p>Para este tour privado, comenzaremos con la recogida en el hotel de la ciudad de Quebec. Aunque la ciudad de Quebec tiene mucho que ofrecer, Montreal es una ciudad que no te puedes perder.<\/p>\n<h2>Puntos emblem\u00e1ticos y de inter\u00e9s en el Tour Privado Montreal desde Quebec City<\/h2>\n<p>En primer lugar, perm\u00edtanos recogerlo en la ciudad de Quebec y comenzaremos este tour privado de Montreal desde la ciudad de Quebec.<\/p>\n<p>Una vez que lleguemos a Montreal, nuestro gu\u00eda tur\u00edstico privado lo recibir\u00e1 y comenzaremos nuestro recorrido privado.<\/p>\n<p>Aqu\u00ed hay una lista de lugares para visitar en Montreal.<\/p>\n<ul>\n<li><strong>Mont-Royal: as\u00ed como Mont Royal Park<\/strong><\/li>\n<li><strong>Viejo Montreal. El Viejo Montreal se remonta al siglo XVII. Tenga una vista en Notre-Dame Basilique con un renacimiento g\u00f3tico.<\/strong><\/li>\n<li><strong>Mercado Jean-Talon: en la Peque\u00f1a Italia de Montreal. Este mercado est\u00e1 abierto todos los d\u00edas.<\/strong><\/li>\n<li><strong>Puerto viejo de Montreal: Vieux-Port de Montreal.<\/strong><\/li>\n<li><strong>Sommet Place Ville Marie: Disfrute de las hermosas vistas. Estas incre\u00edbles vistas son la monta\u00f1a de Mont-Royal, el r\u00edo St Lawrence, el Estadio Ol\u00edmpico y el centro de Montreal.<\/strong><\/li>\n<li><strong>Tenga una vista y pasee por Mile End.<\/strong><\/li>\n<li><strong>Metro de Montreal: The Passageways conecta 7 estaciones de metro. Puede encontrar enlaces desde la estaci\u00f3n central, la Place des Artes, la Universidad McGill, la estaci\u00f3n Windsor y Montreal Exchange.<\/strong><\/li>\n<\/ul>\n<p>Por \u00faltimo, nuestro conductor estar\u00e1 a su disposici\u00f3n. Lo llevaremos de regreso y este tour privado terminar\u00e1 en su hotel en la ciudad de Quebec.<\/p>\n<p><a href=\"https:\/\/tourtravelandmore.com\/es\/ciudad\/canada-es\/quebec-es\/\" target=\"_blank\" rel=\"noopener noreferrer\">\u00a1Vea nuestros otros tours en Montreal y Canad\u00e1!<\/a><\/p>\n","protected":false},"excerpt":{"rendered":"<p id=\"tw-target-text\" class=\"tw-data-text tw-text-large XcVN5d tw-ta\" dir=\"ltr\" data-placeholder=\"Traducci\u00f3n\">\u00danase a nosotros en este<strong> tour privado de Montreal desde Ottawa<\/strong> y tenga la oportunidad de disfrutar de la parte hist\u00f3rica de Montreal. Una experiencia privada verdaderamente asombrosa.<\/p>\n","protected":false},"featured_media":86100,"comment_status":"open","ping_status":"closed","template":"","meta":{"_acf_changed":false},"product_brand":[],"product_cat":[2789,2871,2874,2877,1602],"product_tag":[],"class_list":{"0":"post-86717","1":"product","2":"type-product","3":"status-publish","4":"has-post-thumbnail","6":"product_cat-canada-es","7":"product_cat-quebec-es","8":"product_cat-quebec-actividades-es","9":"product_cat-quebec-tours-es","10":"product_cat-eeuu-es","12":"first","13":"instock","14":"shipping-taxable","15":"purchasable","16":"product-type-simple"},"acf":[],"yoast_head":"<!-- This site is optimized with the Yoast SEO Premium plugin v25.3.1 (Yoast SEO v25.3.1) - https:\/\/yoast.com\/wordpress\/plugins\/seo\/ -->\n<title>Tour privado de Montreal desde Quebec City | Tour Travel and More<\/title>\n<meta name=\"description\" content=\"\u00danase a nosotros en este tour privado de Montreal desde Quebec City y tenga la oportunidad de disfrutar de la parte hist\u00f3rica de Montreal \u2705\" \/>\n<meta name=\"robots\" content=\"index, follow, max-snippet:-1, max-image-preview:large, max-video-preview:-1\" \/>\n<link rel=\"canonical\" href=\"https:\/\/tourtravelandmore.com\/es\/tours\/canada-es\/quebec-es\/quebec-actividades-es\/tour-privado-montreal-desde-quebec-city\/\" \/>\n<meta property=\"og:locale\" content=\"es_ES\" \/>\n<meta property=\"og:type\" content=\"article\" \/>\n<meta property=\"og:title\" content=\"Tour Privado Montreal desde Quebec City\" \/>\n<meta property=\"og:description\" content=\"\u00danase a nosotros en este tour privado de Montreal desde Quebec City y tenga la oportunidad de disfrutar de la parte hist\u00f3rica de Montreal \u2705\" \/>\n<meta property=\"og:url\" content=\"https:\/\/tourtravelandmore.com\/es\/tours\/canada-es\/quebec-es\/quebec-actividades-es\/tour-privado-montreal-desde-quebec-city\/\" \/>\n<meta property=\"og:site_name\" content=\"Tour Travel And More\" \/>\n<meta property=\"article:publisher\" content=\"https:\/\/www.facebook.com\/tourtravelandmore\/\" \/>\n<meta property=\"article:modified_time\" content=\"2021-12-27T09:39:34+00:00\" \/>\n<meta property=\"og:image\" content=\"https:\/\/tourtravelandmore.com\/wp-content\/uploads\/2020\/11\/Montreal-4-scaled.jpg\" \/>\n\t<meta property=\"og:image:width\" content=\"2560\" \/>\n\t<meta property=\"og:image:height\" content=\"1707\" \/>\n\t<meta property=\"og:image:type\" content=\"image\/jpeg\" \/>\n<meta name=\"twitter:card\" content=\"summary_large_image\" \/>\n<meta name=\"twitter:site\" content=\"@TourTravel_More\" \/>\n<meta name=\"twitter:label1\" content=\"Tiempo de lectura\" \/>\n\t<meta name=\"twitter:data1\" content=\"2 minutos\" \/>\n<script type=\"application\/ld+json\" class=\"yoast-schema-graph\">{\"@context\":\"https:\/\/schema.org\",\"@graph\":[{\"@type\":\"WebPage\",\"@id\":\"https:\/\/tourtravelandmore.com\/es\/tours\/canada-es\/quebec-es\/quebec-actividades-es\/tour-privado-montreal-desde-quebec-city\/\",\"url\":\"https:\/\/tourtravelandmore.com\/es\/tours\/canada-es\/quebec-es\/quebec-actividades-es\/tour-privado-montreal-desde-quebec-city\/\",\"name\":\"Tour privado de Montreal desde Quebec City | Tour Travel and More\",\"isPartOf\":{\"@id\":\"https:\/\/tourtravelandmore.com\/es\/#website\"},\"primaryImageOfPage\":{\"@id\":\"https:\/\/tourtravelandmore.com\/es\/tours\/canada-es\/quebec-es\/quebec-actividades-es\/tour-privado-montreal-desde-quebec-city\/#primaryimage\"},\"image\":{\"@id\":\"https:\/\/tourtravelandmore.com\/es\/tours\/canada-es\/quebec-es\/quebec-actividades-es\/tour-privado-montreal-desde-quebec-city\/#primaryimage\"},\"thumbnailUrl\":\"https:\/\/tourtravelandmore.com\/wp-content\/uploads\/2020\/11\/Montreal-4-scaled.jpg\",\"datePublished\":\"2020-11-11T10:51:54+00:00\",\"dateModified\":\"2021-12-27T09:39:34+00:00\",\"description\":\"\u00danase a nosotros en este tour privado de Montreal desde Quebec City y tenga la oportunidad de disfrutar de la parte hist\u00f3rica de Montreal \u2705\",\"breadcrumb\":{\"@id\":\"https:\/\/tourtravelandmore.com\/es\/tours\/canada-es\/quebec-es\/quebec-actividades-es\/tour-privado-montreal-desde-quebec-city\/#breadcrumb\"},\"inLanguage\":\"es\",\"potentialAction\":[{\"@type\":\"ReadAction\",\"target\":[\"https:\/\/tourtravelandmore.com\/es\/tours\/canada-es\/quebec-es\/quebec-actividades-es\/tour-privado-montreal-desde-quebec-city\/\"]}]},{\"@type\":\"ImageObject\",\"inLanguage\":\"es\",\"@id\":\"https:\/\/tourtravelandmore.com\/es\/tours\/canada-es\/quebec-es\/quebec-actividades-es\/tour-privado-montreal-desde-quebec-city\/#primaryimage\",\"url\":\"https:\/\/tourtravelandmore.com\/wp-content\/uploads\/2020\/11\/Montreal-4-scaled.jpg\",\"contentUrl\":\"https:\/\/tourtravelandmore.com\/wp-content\/uploads\/2020\/11\/Montreal-4-scaled.jpg\",\"width\":2560,\"height\":1707},{\"@type\":\"BreadcrumbList\",\"@id\":\"https:\/\/tourtravelandmore.com\/es\/tours\/canada-es\/quebec-es\/quebec-actividades-es\/tour-privado-montreal-desde-quebec-city\/#breadcrumb\",\"itemListElement\":[{\"@type\":\"ListItem\",\"position\":1,\"name\":\"Home\",\"item\":\"https:\/\/tourtravelandmore.com\/es\/\"},{\"@type\":\"ListItem\",\"position\":2,\"name\":\"Tours\",\"item\":\"https:\/\/tourtravelandmore.com\/es\/tours\/\"},{\"@type\":\"ListItem\",\"position\":3,\"name\":\"Tour Privado Montreal desde Quebec City\"}]},{\"@type\":\"WebSite\",\"@id\":\"https:\/\/tourtravelandmore.com\/es\/#website\",\"url\":\"https:\/\/tourtravelandmore.com\/es\/\",\"name\":\"Tour Travel And More\",\"description\":\"Private sightseeing tours and luxury transfers in Spain\",\"publisher\":{\"@id\":\"https:\/\/tourtravelandmore.com\/es\/#organization\"},\"potentialAction\":[{\"@type\":\"SearchAction\",\"target\":{\"@type\":\"EntryPoint\",\"urlTemplate\":\"https:\/\/tourtravelandmore.com\/es\/?s={search_term_string}\"},\"query-input\":{\"@type\":\"PropertyValueSpecification\",\"valueRequired\":true,\"valueName\":\"search_term_string\"}}],\"inLanguage\":\"es\"},{\"@type\":\"Organization\",\"@id\":\"https:\/\/tourtravelandmore.com\/es\/#organization\",\"name\":\"Tour Travel And More\",\"url\":\"https:\/\/tourtravelandmore.com\/es\/\",\"logo\":{\"@type\":\"ImageObject\",\"inLanguage\":\"es\",\"@id\":\"https:\/\/tourtravelandmore.com\/es\/#\/schema\/logo\/image\/\",\"url\":\"https:\/\/tourtravelandmore.com\/wp-content\/uploads\/2022\/12\/cropped-logo-cabecera-new.png\",\"contentUrl\":\"https:\/\/tourtravelandmore.com\/wp-content\/uploads\/2022\/12\/cropped-logo-cabecera-new.png\",\"width\":430,\"height\":61,\"caption\":\"Tour Travel And More\"},\"image\":{\"@id\":\"https:\/\/tourtravelandmore.com\/es\/#\/schema\/logo\/image\/\"},\"sameAs\":[\"https:\/\/www.facebook.com\/tourtravelandmore\/\",\"https:\/\/x.com\/TourTravel_More\"]}]}<\/script>\n<!-- \/ Yoast SEO Premium plugin. -->","yoast_head_json":{"title":"Tour privado de Montreal desde Quebec City | Tour Travel and More","description":"\u00danase a nosotros en este tour privado de Montreal desde Quebec City y tenga la oportunidad de disfrutar de la parte hist\u00f3rica de Montreal \u2705","robots":{"index":"index","follow":"follow","max-snippet":"max-snippet:-1","max-image-preview":"max-image-preview:large","max-video-preview":"max-video-preview:-1"},"canonical":"https:\/\/tourtravelandmore.com\/es\/tours\/canada-es\/quebec-es\/quebec-actividades-es\/tour-privado-montreal-desde-quebec-city\/","og_locale":"es_ES","og_type":"article","og_title":"Tour Privado Montreal desde Quebec City","og_description":"\u00danase a nosotros en este tour privado de Montreal desde Quebec City y tenga la oportunidad de disfrutar de la parte hist\u00f3rica de Montreal \u2705","og_url":"https:\/\/tourtravelandmore.com\/es\/tours\/canada-es\/quebec-es\/quebec-actividades-es\/tour-privado-montreal-desde-quebec-city\/","og_site_name":"Tour Travel And More","article_publisher":"https:\/\/www.facebook.com\/tourtravelandmore\/","article_modified_time":"2021-12-27T09:39:34+00:00","og_image":[{"width":2560,"height":1707,"url":"https:\/\/tourtravelandmore.com\/wp-content\/uploads\/2020\/11\/Montreal-4-scaled.jpg","type":"image\/jpeg"}],"twitter_card":"summary_large_image","twitter_site":"@TourTravel_More","twitter_misc":{"Tiempo de lectura":"2 minutos"},"schema":{"@context":"https:\/\/schema.org","@graph":[{"@type":"WebPage","@id":"https:\/\/tourtravelandmore.com\/es\/tours\/canada-es\/quebec-es\/quebec-actividades-es\/tour-privado-montreal-desde-quebec-city\/","url":"https:\/\/tourtravelandmore.com\/es\/tours\/canada-es\/quebec-es\/quebec-actividades-es\/tour-privado-montreal-desde-quebec-city\/","name":"Tour privado de Montreal desde Quebec City | Tour Travel and More","isPartOf":{"@id":"https:\/\/tourtravelandmore.com\/es\/#website"},"primaryImageOfPage":{"@id":"https:\/\/tourtravelandmore.com\/es\/tours\/canada-es\/quebec-es\/quebec-actividades-es\/tour-privado-montreal-desde-quebec-city\/#primaryimage"},"image":{"@id":"https:\/\/tourtravelandmore.com\/es\/tours\/canada-es\/quebec-es\/quebec-actividades-es\/tour-privado-montreal-desde-quebec-city\/#primaryimage"},"thumbnailUrl":"https:\/\/tourtravelandmore.com\/wp-content\/uploads\/2020\/11\/Montreal-4-scaled.jpg","datePublished":"2020-11-11T10:51:54+00:00","dateModified":"2021-12-27T09:39:34+00:00","description":"\u00danase a nosotros en este tour privado de Montreal desde Quebec City y tenga la oportunidad de disfrutar de la parte hist\u00f3rica de Montreal \u2705","breadcrumb":{"@id":"https:\/\/tourtravelandmore.com\/es\/tours\/canada-es\/quebec-es\/quebec-actividades-es\/tour-privado-montreal-desde-quebec-city\/#breadcrumb"},"inLanguage":"es","potentialAction":[{"@type":"ReadAction","target":["https:\/\/tourtravelandmore.com\/es\/tours\/canada-es\/quebec-es\/quebec-actividades-es\/tour-privado-montreal-desde-quebec-city\/"]}]},{"@type":"ImageObject","inLanguage":"es","@id":"https:\/\/tourtravelandmore.com\/es\/tours\/canada-es\/quebec-es\/quebec-actividades-es\/tour-privado-montreal-desde-quebec-city\/#primaryimage","url":"https:\/\/tourtravelandmore.com\/wp-content\/uploads\/2020\/11\/Montreal-4-scaled.jpg","contentUrl":"https:\/\/tourtravelandmore.com\/wp-content\/uploads\/2020\/11\/Montreal-4-scaled.jpg","width":2560,"height":1707},{"@type":"BreadcrumbList","@id":"https:\/\/tourtravelandmore.com\/es\/tours\/canada-es\/quebec-es\/quebec-actividades-es\/tour-privado-montreal-desde-quebec-city\/#breadcrumb","itemListElement":[{"@type":"ListItem","position":1,"name":"Home","item":"https:\/\/tourtravelandmore.com\/es\/"},{"@type":"ListItem","position":2,"name":"Tours","item":"https:\/\/tourtravelandmore.com\/es\/tours\/"},{"@type":"ListItem","position":3,"name":"Tour Privado Montreal desde Quebec City"}]},{"@type":"WebSite","@id":"https:\/\/tourtravelandmore.com\/es\/#website","url":"https:\/\/tourtravelandmore.com\/es\/","name":"Tour Travel And More","description":"Private sightseeing tours and luxury transfers in Spain","publisher":{"@id":"https:\/\/tourtravelandmore.com\/es\/#organization"},"potentialAction":[{"@type":"SearchAction","target":{"@type":"EntryPoint","urlTemplate":"https:\/\/tourtravelandmore.com\/es\/?s={search_term_string}"},"query-input":{"@type":"PropertyValueSpecification","valueRequired":true,"valueName":"search_term_string"}}],"inLanguage":"es"},{"@type":"Organization","@id":"https:\/\/tourtravelandmore.com\/es\/#organization","name":"Tour Travel And More","url":"https:\/\/tourtravelandmore.com\/es\/","logo":{"@type":"ImageObject","inLanguage":"es","@id":"https:\/\/tourtravelandmore.com\/es\/#\/schema\/logo\/image\/","url":"https:\/\/tourtravelandmore.com\/wp-content\/uploads\/2022\/12\/cropped-logo-cabecera-new.png","contentUrl":"https:\/\/tourtravelandmore.com\/wp-content\/uploads\/2022\/12\/cropped-logo-cabecera-new.png","width":430,"height":61,"caption":"Tour Travel And More"},"image":{"@id":"https:\/\/tourtravelandmore.com\/es\/#\/schema\/logo\/image\/"},"sameAs":["https:\/\/www.facebook.com\/tourtravelandmore\/","https:\/\/x.com\/TourTravel_More"]}]}},"_links":{"self":[{"href":"https:\/\/tourtravelandmore.com\/es\/wp-json\/wp\/v2\/product\/86717","targetHints":{"allow":["GET"]}}],"collection":[{"href":"https:\/\/tourtravelandmore.com\/es\/wp-json\/wp\/v2\/product"}],"about":[{"href":"https:\/\/tourtravelandmore.com\/es\/wp-json\/wp\/v2\/types\/product"}],"replies":[{"embeddable":true,"href":"https:\/\/tourtravelandmore.com\/es\/wp-json\/wp\/v2\/comments?post=86717"}],"wp:featuredmedia":[{"embeddable":true,"href":"https:\/\/tourtravelandmore.com\/es\/wp-json\/wp\/v2\/media\/86100"}],"wp:attachment":[{"href":"https:\/\/tourtravelandmore.com\/es\/wp-json\/wp\/v2\/media?parent=86717"}],"wp:term":[{"taxonomy":"product_brand","embeddable":true,"href":"https:\/\/tourtravelandmore.com\/es\/wp-json\/wp\/v2\/product_brand?post=86717"},{"taxonomy":"product_cat","embeddable":true,"href":"https:\/\/tourtravelandmore.com\/es\/wp-json\/wp\/v2\/product_cat?post=86717"},{"taxonomy":"product_tag","embeddable":true,"href":"https:\/\/tourtravelandmore.com\/es\/wp-json\/wp\/v2\/product_tag?post=86717"}],"curies":[{"name":"wp","href":"https:\/\/api.w.org\/{rel}","templated":true}]}}