{"id":86664,"date":"2020-11-10T13:31:51","date_gmt":"2020-11-10T12:31:57","guid":{"rendered":"https:\/\/tourtravelandmore.com\/?post_type=product&#038;p=86664"},"modified":"2021-12-20T13:30:16","modified_gmt":"2021-12-20T12:30:16","slug":"tour-a-pie-de-ottawa","status":"publish","type":"product","link":"https:\/\/tourtravelandmore.com\/es\/tours\/canada-es\/ottawa-es\/ottawa-actividades-es\/tour-a-pie-de-ottawa\/","title":{"rendered":"Tour a pie de Ottawa"},"content":{"rendered":"<h2 id=\"tw-target-text\" class=\"tw-data-text tw-text-large XcVN5d tw-ta\" dir=\"ltr\" data-placeholder=\"Traducci\u00f3n\"><span lang=\"es\">Descripci\u00f3n Del Tour a pie de Ottawa<\/span><\/h2>\n<p id=\"tw-target-text\" class=\"tw-data-text tw-text-large XcVN5d tw-ta\" dir=\"ltr\" data-placeholder=\"Traducci\u00f3n\"><span lang=\"es\">Siempre decimos que un recorrido a pie es la mejor manera de conocer el coraz\u00f3n de una ciudad. Este tour privado a pie por Ottawa no es diferente. <\/span><\/p>\n<p class=\"tw-data-text tw-text-large XcVN5d tw-ta\" dir=\"ltr\" data-placeholder=\"Traducci\u00f3n\"><span lang=\"es\">Nuestro gu\u00eda privado est\u00e1 a su disposici\u00f3n para que sea una experiencia verdaderamente \u00fanica. Estamos aqu\u00ed para ayudarlo a explorar lo mejor del centro de la ciudad de Ottawa. <\/span><\/p>\n<p class=\"tw-data-text tw-text-large XcVN5d tw-ta\" dir=\"ltr\" data-placeholder=\"Traducci\u00f3n\"><span lang=\"es\">Este tour privado comenzar\u00e1 desde el lugar que elijas si se encuentra en el centro de la ciudad de Ottawa. Si no es as\u00ed, no hay problema, estamos aqu\u00ed para organizar una recogida privada en el centro de la ciudad en un punto de encuentro c\u00e9ntrico. <\/span><\/p>\n<p class=\"tw-data-text tw-text-large XcVN5d tw-ta\" dir=\"ltr\" data-placeholder=\"Traducci\u00f3n\"><span lang=\"es\">\u00a1Nuestro gu\u00eda tur\u00edstico oficial privado lo estar\u00e1 esperando para un recorrido a pie privado \u00fanico! <\/span><\/p>\n<h2 class=\"tw-data-text tw-text-large XcVN5d tw-ta\" dir=\"ltr\" data-placeholder=\"Traducci\u00f3n\"><span lang=\"es\">Puntos emblem\u00e1ticos y de inter\u00e9s del Tour a pie de Ottawa<\/span><\/h2>\n<p class=\"tw-data-text tw-text-large XcVN5d tw-ta\" dir=\"ltr\" data-placeholder=\"Traducci\u00f3n\"><span lang=\"es\">Organizaremos una recogida privada en su hotel en Ottawa. <\/span><\/p>\n<p class=\"tw-data-text tw-text-large XcVN5d tw-ta\" dir=\"ltr\" data-placeholder=\"Traducci\u00f3n\"><span lang=\"es\">Entre otros, conozca los siguientes sitios en la hermosa ciudad de Ottawa: <\/span><\/p>\n<ul>\n<li class=\"tw-data-text tw-text-large XcVN5d tw-ta\" dir=\"ltr\" data-placeholder=\"Traducci\u00f3n\"><strong><span lang=\"es\">El Parlamento en Parliament Hill. En Ottawa, encuentra el parlamento en un edificio g\u00f3tico. Est\u00e1 en el centro de la ciudad. Tiene vistas al r\u00edo Ottawa. Tambi\u00e9n existe la opci\u00f3n de concertar una visita al interior del Parlamento. Informe a nuestros expertos en viajes y organizaremos la visita para usted. <\/span><\/strong><\/li>\n<li class=\"tw-data-text tw-text-large XcVN5d tw-ta\" dir=\"ltr\" data-placeholder=\"Traducci\u00f3n\"><strong><span lang=\"es\">Mercado Byward. En el coraz\u00f3n del centro de la ciudad de Ottawa. Uno de los mercados m\u00e1s antiguos de Ottawa. <\/span><\/strong><\/li>\n<li class=\"tw-data-text tw-text-large XcVN5d tw-ta\" dir=\"ltr\" data-placeholder=\"Traducci\u00f3n\"><strong><span lang=\"es\">Fairmont Ch\u00e2teau Laurier Bas\u00edlica de la catedral de <\/span><\/strong><\/li>\n<li class=\"tw-data-text tw-text-large XcVN5d tw-ta\" dir=\"ltr\" data-placeholder=\"Traducci\u00f3n\"><strong><span lang=\"es\">Notre Dame Parque Major&#8217;s Hill Vista exterior de la<\/span><\/strong><\/li>\n<li class=\"tw-data-text tw-text-large XcVN5d tw-ta\" dir=\"ltr\" data-placeholder=\"Traducci\u00f3n\"><strong>Corte Suprema de Canad\u00e1 Mucho m\u00e1s Nuestro tour privado terminar\u00e1 en el centro de la ciudad de Ottawa.<\/strong><\/li>\n<\/ul>\n<p><span lang=\"es\">\u00a1Nuestros expertos en viajes de Tour Travel &amp; More est\u00e1n a su disposici\u00f3n para hacer una experiencia \u00fanica para usted! \u00a1Podemos organizar tours privados en cualquiera de las ciudades que desee en todo Canad\u00e1 o en todo el mundo!<\/span><\/p>\n<p><a href=\"https:\/\/tourtravelandmore.com\/es\/ciudad\/canada-es\/ottawa-es\/\" target=\"_blank\" rel=\"noopener noreferrer\"><span lang=\"es\">\u00a1Eche un vistazo a nuestros otros tours privados en Ottawa y Canad\u00e1!<\/span><\/a><\/p>\n","protected":false},"excerpt":{"rendered":"<p id=\"tw-target-text\" class=\"tw-data-text tw-text-large XcVN5d tw-ta\" dir=\"ltr\" data-placeholder=\"Traducci\u00f3n\">Realice este <strong>recorrido privado a pie por Ottawa<\/strong> y tenga la oportunidad de disfrutar de lo mejor de Ottawa. Esta es una excelente manera de conocer Ottawa. Tour privado.<\/p>\n","protected":false},"featured_media":86229,"comment_status":"open","ping_status":"closed","template":"","meta":{"_acf_changed":false},"product_brand":[],"product_cat":[2789,2850,2853,2860,1602],"product_tag":[],"class_list":{"0":"post-86664","1":"product","2":"type-product","3":"status-publish","4":"has-post-thumbnail","6":"product_cat-canada-es","7":"product_cat-ottawa-es","8":"product_cat-ottawa-actividades-es","9":"product_cat-ottawa-a-pie-es","10":"product_cat-eeuu-es","12":"first","13":"instock","14":"shipping-taxable","15":"purchasable","16":"product-type-simple"},"acf":[],"yoast_head":"<!-- This site is optimized with the Yoast SEO Premium plugin v25.3.1 (Yoast SEO v25.3.1) - https:\/\/yoast.com\/wordpress\/plugins\/seo\/ -->\n<title>Tour privado a pie por Ottawa con un gu\u00eda tur\u00edstico oficial privado | TTM<\/title>\n<meta name=\"description\" content=\"Realice este recorrido privado a pie por Ottawa y tenga la oportunidad de disfrutar de lo mejor de Ottawa. Esta es una excelente manera de conocer Ottawa \u2705\" \/>\n<meta name=\"robots\" content=\"index, follow, max-snippet:-1, max-image-preview:large, max-video-preview:-1\" \/>\n<link rel=\"canonical\" href=\"https:\/\/tourtravelandmore.com\/es\/tours\/canada-es\/ottawa-es\/ottawa-actividades-es\/tour-a-pie-de-ottawa\/\" \/>\n<meta property=\"og:locale\" content=\"es_ES\" \/>\n<meta property=\"og:type\" content=\"article\" \/>\n<meta property=\"og:title\" content=\"Tour a pie de Ottawa\" \/>\n<meta property=\"og:description\" content=\"Realice este recorrido privado a pie por Ottawa y tenga la oportunidad de disfrutar de lo mejor de Ottawa. Esta es una excelente manera de conocer Ottawa \u2705\" \/>\n<meta property=\"og:url\" content=\"https:\/\/tourtravelandmore.com\/es\/tours\/canada-es\/ottawa-es\/ottawa-actividades-es\/tour-a-pie-de-ottawa\/\" \/>\n<meta property=\"og:site_name\" content=\"Tour Travel And More\" \/>\n<meta property=\"article:publisher\" content=\"https:\/\/www.facebook.com\/tourtravelandmore\/\" \/>\n<meta property=\"article:modified_time\" content=\"2021-12-20T12:30:16+00:00\" \/>\n<meta property=\"og:image\" content=\"https:\/\/tourtravelandmore.com\/wp-content\/uploads\/2020\/11\/Ottawa-4-scaled.jpg\" \/>\n\t<meta property=\"og:image:width\" content=\"2560\" \/>\n\t<meta property=\"og:image:height\" content=\"1706\" \/>\n\t<meta property=\"og:image:type\" content=\"image\/jpeg\" \/>\n<meta name=\"twitter:card\" content=\"summary_large_image\" \/>\n<meta name=\"twitter:site\" content=\"@TourTravel_More\" \/>\n<meta name=\"twitter:label1\" content=\"Tiempo de lectura\" \/>\n\t<meta name=\"twitter:data1\" content=\"2 minutos\" \/>\n<script type=\"application\/ld+json\" class=\"yoast-schema-graph\">{\"@context\":\"https:\/\/schema.org\",\"@graph\":[{\"@type\":\"WebPage\",\"@id\":\"https:\/\/tourtravelandmore.com\/es\/tours\/canada-es\/ottawa-es\/ottawa-actividades-es\/tour-a-pie-de-ottawa\/\",\"url\":\"https:\/\/tourtravelandmore.com\/es\/tours\/canada-es\/ottawa-es\/ottawa-actividades-es\/tour-a-pie-de-ottawa\/\",\"name\":\"Tour privado a pie por Ottawa con un gu\u00eda tur\u00edstico oficial privado | TTM\",\"isPartOf\":{\"@id\":\"https:\/\/tourtravelandmore.com\/es\/#website\"},\"primaryImageOfPage\":{\"@id\":\"https:\/\/tourtravelandmore.com\/es\/tours\/canada-es\/ottawa-es\/ottawa-actividades-es\/tour-a-pie-de-ottawa\/#primaryimage\"},\"image\":{\"@id\":\"https:\/\/tourtravelandmore.com\/es\/tours\/canada-es\/ottawa-es\/ottawa-actividades-es\/tour-a-pie-de-ottawa\/#primaryimage\"},\"thumbnailUrl\":\"https:\/\/tourtravelandmore.com\/wp-content\/uploads\/2020\/11\/Ottawa-4-scaled.jpg\",\"datePublished\":\"2020-11-10T12:31:57+00:00\",\"dateModified\":\"2021-12-20T12:30:16+00:00\",\"description\":\"Realice este recorrido privado a pie por Ottawa y tenga la oportunidad de disfrutar de lo mejor de Ottawa. Esta es una excelente manera de conocer Ottawa \u2705\",\"breadcrumb\":{\"@id\":\"https:\/\/tourtravelandmore.com\/es\/tours\/canada-es\/ottawa-es\/ottawa-actividades-es\/tour-a-pie-de-ottawa\/#breadcrumb\"},\"inLanguage\":\"es\",\"potentialAction\":[{\"@type\":\"ReadAction\",\"target\":[\"https:\/\/tourtravelandmore.com\/es\/tours\/canada-es\/ottawa-es\/ottawa-actividades-es\/tour-a-pie-de-ottawa\/\"]}]},{\"@type\":\"ImageObject\",\"inLanguage\":\"es\",\"@id\":\"https:\/\/tourtravelandmore.com\/es\/tours\/canada-es\/ottawa-es\/ottawa-actividades-es\/tour-a-pie-de-ottawa\/#primaryimage\",\"url\":\"https:\/\/tourtravelandmore.com\/wp-content\/uploads\/2020\/11\/Ottawa-4-scaled.jpg\",\"contentUrl\":\"https:\/\/tourtravelandmore.com\/wp-content\/uploads\/2020\/11\/Ottawa-4-scaled.jpg\",\"width\":2560,\"height\":1706},{\"@type\":\"BreadcrumbList\",\"@id\":\"https:\/\/tourtravelandmore.com\/es\/tours\/canada-es\/ottawa-es\/ottawa-actividades-es\/tour-a-pie-de-ottawa\/#breadcrumb\",\"itemListElement\":[{\"@type\":\"ListItem\",\"position\":1,\"name\":\"Home\",\"item\":\"https:\/\/tourtravelandmore.com\/es\/\"},{\"@type\":\"ListItem\",\"position\":2,\"name\":\"Tours\",\"item\":\"https:\/\/tourtravelandmore.com\/es\/tours\/\"},{\"@type\":\"ListItem\",\"position\":3,\"name\":\"Tour a pie de Ottawa\"}]},{\"@type\":\"WebSite\",\"@id\":\"https:\/\/tourtravelandmore.com\/es\/#website\",\"url\":\"https:\/\/tourtravelandmore.com\/es\/\",\"name\":\"Tour Travel And More\",\"description\":\"Private sightseeing tours and luxury transfers in Spain\",\"publisher\":{\"@id\":\"https:\/\/tourtravelandmore.com\/es\/#organization\"},\"potentialAction\":[{\"@type\":\"SearchAction\",\"target\":{\"@type\":\"EntryPoint\",\"urlTemplate\":\"https:\/\/tourtravelandmore.com\/es\/?s={search_term_string}\"},\"query-input\":{\"@type\":\"PropertyValueSpecification\",\"valueRequired\":true,\"valueName\":\"search_term_string\"}}],\"inLanguage\":\"es\"},{\"@type\":\"Organization\",\"@id\":\"https:\/\/tourtravelandmore.com\/es\/#organization\",\"name\":\"Tour Travel And More\",\"url\":\"https:\/\/tourtravelandmore.com\/es\/\",\"logo\":{\"@type\":\"ImageObject\",\"inLanguage\":\"es\",\"@id\":\"https:\/\/tourtravelandmore.com\/es\/#\/schema\/logo\/image\/\",\"url\":\"https:\/\/tourtravelandmore.com\/wp-content\/uploads\/2022\/12\/cropped-logo-cabecera-new.png\",\"contentUrl\":\"https:\/\/tourtravelandmore.com\/wp-content\/uploads\/2022\/12\/cropped-logo-cabecera-new.png\",\"width\":430,\"height\":61,\"caption\":\"Tour Travel And More\"},\"image\":{\"@id\":\"https:\/\/tourtravelandmore.com\/es\/#\/schema\/logo\/image\/\"},\"sameAs\":[\"https:\/\/www.facebook.com\/tourtravelandmore\/\",\"https:\/\/x.com\/TourTravel_More\"]}]}<\/script>\n<!-- \/ Yoast SEO Premium plugin. -->","yoast_head_json":{"title":"Tour privado a pie por Ottawa con un gu\u00eda tur\u00edstico oficial privado | TTM","description":"Realice este recorrido privado a pie por Ottawa y tenga la oportunidad de disfrutar de lo mejor de Ottawa. Esta es una excelente manera de conocer Ottawa \u2705","robots":{"index":"index","follow":"follow","max-snippet":"max-snippet:-1","max-image-preview":"max-image-preview:large","max-video-preview":"max-video-preview:-1"},"canonical":"https:\/\/tourtravelandmore.com\/es\/tours\/canada-es\/ottawa-es\/ottawa-actividades-es\/tour-a-pie-de-ottawa\/","og_locale":"es_ES","og_type":"article","og_title":"Tour a pie de Ottawa","og_description":"Realice este recorrido privado a pie por Ottawa y tenga la oportunidad de disfrutar de lo mejor de Ottawa. Esta es una excelente manera de conocer Ottawa \u2705","og_url":"https:\/\/tourtravelandmore.com\/es\/tours\/canada-es\/ottawa-es\/ottawa-actividades-es\/tour-a-pie-de-ottawa\/","og_site_name":"Tour Travel And More","article_publisher":"https:\/\/www.facebook.com\/tourtravelandmore\/","article_modified_time":"2021-12-20T12:30:16+00:00","og_image":[{"width":2560,"height":1706,"url":"https:\/\/tourtravelandmore.com\/wp-content\/uploads\/2020\/11\/Ottawa-4-scaled.jpg","type":"image\/jpeg"}],"twitter_card":"summary_large_image","twitter_site":"@TourTravel_More","twitter_misc":{"Tiempo de lectura":"2 minutos"},"schema":{"@context":"https:\/\/schema.org","@graph":[{"@type":"WebPage","@id":"https:\/\/tourtravelandmore.com\/es\/tours\/canada-es\/ottawa-es\/ottawa-actividades-es\/tour-a-pie-de-ottawa\/","url":"https:\/\/tourtravelandmore.com\/es\/tours\/canada-es\/ottawa-es\/ottawa-actividades-es\/tour-a-pie-de-ottawa\/","name":"Tour privado a pie por Ottawa con un gu\u00eda tur\u00edstico oficial privado | TTM","isPartOf":{"@id":"https:\/\/tourtravelandmore.com\/es\/#website"},"primaryImageOfPage":{"@id":"https:\/\/tourtravelandmore.com\/es\/tours\/canada-es\/ottawa-es\/ottawa-actividades-es\/tour-a-pie-de-ottawa\/#primaryimage"},"image":{"@id":"https:\/\/tourtravelandmore.com\/es\/tours\/canada-es\/ottawa-es\/ottawa-actividades-es\/tour-a-pie-de-ottawa\/#primaryimage"},"thumbnailUrl":"https:\/\/tourtravelandmore.com\/wp-content\/uploads\/2020\/11\/Ottawa-4-scaled.jpg","datePublished":"2020-11-10T12:31:57+00:00","dateModified":"2021-12-20T12:30:16+00:00","description":"Realice este recorrido privado a pie por Ottawa y tenga la oportunidad de disfrutar de lo mejor de Ottawa. Esta es una excelente manera de conocer Ottawa \u2705","breadcrumb":{"@id":"https:\/\/tourtravelandmore.com\/es\/tours\/canada-es\/ottawa-es\/ottawa-actividades-es\/tour-a-pie-de-ottawa\/#breadcrumb"},"inLanguage":"es","potentialAction":[{"@type":"ReadAction","target":["https:\/\/tourtravelandmore.com\/es\/tours\/canada-es\/ottawa-es\/ottawa-actividades-es\/tour-a-pie-de-ottawa\/"]}]},{"@type":"ImageObject","inLanguage":"es","@id":"https:\/\/tourtravelandmore.com\/es\/tours\/canada-es\/ottawa-es\/ottawa-actividades-es\/tour-a-pie-de-ottawa\/#primaryimage","url":"https:\/\/tourtravelandmore.com\/wp-content\/uploads\/2020\/11\/Ottawa-4-scaled.jpg","contentUrl":"https:\/\/tourtravelandmore.com\/wp-content\/uploads\/2020\/11\/Ottawa-4-scaled.jpg","width":2560,"height":1706},{"@type":"BreadcrumbList","@id":"https:\/\/tourtravelandmore.com\/es\/tours\/canada-es\/ottawa-es\/ottawa-actividades-es\/tour-a-pie-de-ottawa\/#breadcrumb","itemListElement":[{"@type":"ListItem","position":1,"name":"Home","item":"https:\/\/tourtravelandmore.com\/es\/"},{"@type":"ListItem","position":2,"name":"Tours","item":"https:\/\/tourtravelandmore.com\/es\/tours\/"},{"@type":"ListItem","position":3,"name":"Tour a pie de Ottawa"}]},{"@type":"WebSite","@id":"https:\/\/tourtravelandmore.com\/es\/#website","url":"https:\/\/tourtravelandmore.com\/es\/","name":"Tour Travel And More","description":"Private sightseeing tours and luxury transfers in Spain","publisher":{"@id":"https:\/\/tourtravelandmore.com\/es\/#organization"},"potentialAction":[{"@type":"SearchAction","target":{"@type":"EntryPoint","urlTemplate":"https:\/\/tourtravelandmore.com\/es\/?s={search_term_string}"},"query-input":{"@type":"PropertyValueSpecification","valueRequired":true,"valueName":"search_term_string"}}],"inLanguage":"es"},{"@type":"Organization","@id":"https:\/\/tourtravelandmore.com\/es\/#organization","name":"Tour Travel And More","url":"https:\/\/tourtravelandmore.com\/es\/","logo":{"@type":"ImageObject","inLanguage":"es","@id":"https:\/\/tourtravelandmore.com\/es\/#\/schema\/logo\/image\/","url":"https:\/\/tourtravelandmore.com\/wp-content\/uploads\/2022\/12\/cropped-logo-cabecera-new.png","contentUrl":"https:\/\/tourtravelandmore.com\/wp-content\/uploads\/2022\/12\/cropped-logo-cabecera-new.png","width":430,"height":61,"caption":"Tour Travel And More"},"image":{"@id":"https:\/\/tourtravelandmore.com\/es\/#\/schema\/logo\/image\/"},"sameAs":["https:\/\/www.facebook.com\/tourtravelandmore\/","https:\/\/x.com\/TourTravel_More"]}]}},"_links":{"self":[{"href":"https:\/\/tourtravelandmore.com\/es\/wp-json\/wp\/v2\/product\/86664","targetHints":{"allow":["GET"]}}],"collection":[{"href":"https:\/\/tourtravelandmore.com\/es\/wp-json\/wp\/v2\/product"}],"about":[{"href":"https:\/\/tourtravelandmore.com\/es\/wp-json\/wp\/v2\/types\/product"}],"replies":[{"embeddable":true,"href":"https:\/\/tourtravelandmore.com\/es\/wp-json\/wp\/v2\/comments?post=86664"}],"wp:featuredmedia":[{"embeddable":true,"href":"https:\/\/tourtravelandmore.com\/es\/wp-json\/wp\/v2\/media\/86229"}],"wp:attachment":[{"href":"https:\/\/tourtravelandmore.com\/es\/wp-json\/wp\/v2\/media?parent=86664"}],"wp:term":[{"taxonomy":"product_brand","embeddable":true,"href":"https:\/\/tourtravelandmore.com\/es\/wp-json\/wp\/v2\/product_brand?post=86664"},{"taxonomy":"product_cat","embeddable":true,"href":"https:\/\/tourtravelandmore.com\/es\/wp-json\/wp\/v2\/product_cat?post=86664"},{"taxonomy":"product_tag","embeddable":true,"href":"https:\/\/tourtravelandmore.com\/es\/wp-json\/wp\/v2\/product_tag?post=86664"}],"curies":[{"name":"wp","href":"https:\/\/api.w.org\/{rel}","templated":true}]}}