{"id":866,"date":"2016-03-10T20:13:13","date_gmt":"2016-04-15T16:50:52","guid":{"rendered":"http:\/\/tourtravelandmore.com\/?post_type=product&#038;p=866&#038;lang=es"},"modified":"2023-03-18T05:23:25","modified_gmt":"2023-03-18T04:23:25","slug":"tour-privado-malaga","status":"publish","type":"product","link":"https:\/\/tourtravelandmore.com\/es\/tours\/espana-es\/malaga-es\/tour-privado-malaga\/","title":{"rendered":"Tour Privado de Malaga con Guia y Vehiculo"},"content":{"rendered":"<h2>Descripci\u00f3n del Tour Privado de M\u00e1laga con Gu\u00eda y Veh\u00edculo<\/h2>\n<p>Disfrute de este <strong>tour privado de M\u00e1laga<\/strong> con vuestro gu\u00eda oficial y Veh\u00edculo privado con conductor.<\/p>\n<p>La duraci\u00f3n del tour privado de M\u00e1laga son 4 horas.<\/p>\n<p>El tour es completamente privado, pueden escoger la hora de comienzo y lugar de recogida en M\u00e1laga.<\/p>\n<p>La recogida puede ser desde su Hotel, Apartamento, Terminal de Cruceros de M\u00e1laga, o cualquier lugar de su elecci\u00f3n.<\/p>\n<h2>Puntos de Inter\u00e9s en el Tour Privado de Malaga con Guia y Vehiculo<\/h2>\n<p>Empezaremos el tour privado de M\u00e1laga, subiendo hasta el <strong>Castillo de Gibralfaro<\/strong> (La entrada est\u00e1 incluida).<\/p>\n<p>El <strong>Castillo de Gibralfaro<\/strong>, est\u00e1 situado en una colina situada a 132 metros sobre el nivel del mar, desde donde se puede apreciar una fant\u00e1stica vista de la ciudad de Malaga. El Castillo fue considerado, durante mucho tiempo, la fortaleza m\u00e1s inexpugnable de la pen\u00ednsula ib\u00e9rica. Dispone de dos l\u00edneas de murallas y ocho torreones<\/p>\n<p>Ah\u00ed mismo en la colina nos encontraremos con la<strong> Alcazaba y el Teatro Romano. La Alcazabar, es<\/strong>\u00a0una fortificaci\u00f3n palaciega de la \u00e9poca musulmana. Tambi\u00e9n lo visitaremos junto a nuestro gu\u00eda oficial privado.<\/p>\n<p>Despu\u00e9s de visitar el Castillo de Gibralfaro, la Alcazaba y contemplar las vistas de la ciudad nos dirigiremos al centro de la ciudad.<\/p>\n<p>D\u00f3nde conoceremos los principales monumentos y callejuales de la ciudad.<\/p>\n<ul>\n<li><strong>Catedral de M\u00e1laga<\/strong><\/li>\n<li><strong>Plaza de la Marina<\/strong><\/li>\n<li><strong>Calle Lario<\/strong><\/li>\n<li><strong>Plaza de la constituci\u00f3n<\/strong><\/li>\n<li><strong>Plaza del Obispo<\/strong><\/li>\n<li><strong>Museo Picasso<\/strong><\/li>\n<li><strong>Museo Thyssen<\/strong><\/li>\n<li><strong>Plaza de toros<\/strong><\/li>\n<li><strong>Mucho m\u00e1s!!<\/strong><\/li>\n<\/ul>\n<p>Si desea entrar al Museo Picasso o el Museo Thyssen de M\u00e1laga, nos lo pueden indicar en el formulario de contacto del tour, y podemos incluir entradas sin colas para visitar el museo que sea de su elecci\u00f3n.<\/p>\n<p>A lo largo del tour privado de M\u00e1laga, hablamos del <strong>genio malague\u00f1o por excelencia: Picasso.<\/strong><\/p>\n<p>Adem\u00e1s de este tour privado, puede consultar nuestros listados de <a href=\"https:\/\/tourtravelandmore.com\/es\/ciudad\/espana-es\/malaga-es\/\">tours privados de M\u00e1laga<\/a>, si desea conocer alguna otra ciudad desde M\u00e1laga, ya que operamos en toda Andaluc\u00eda.<\/p>\n","protected":false},"excerpt":{"rendered":"<p>Disfruta de este <strong>tour personalizable de M\u00e1laga<\/strong>. Tome esta oportunidad para conocer y disfrutar de M\u00e1laga durante este tour con vuestro guia oficial privado y vuestro veh\u00edculo de lujo con chofer. Le recogemos desde su hotel o puerto de M\u00e1laga. Disfruta de los monumentos y zonas m\u00e1s emblem\u00e1ticas de <strong>M\u00e1laga<\/strong>.<\/p>\n","protected":false},"featured_media":16425,"comment_status":"open","ping_status":"closed","template":"","meta":{"_acf_changed":false},"product_brand":[],"product_cat":[94,527,95,97],"product_tag":[],"class_list":{"0":"post-866","1":"product","2":"type-product","3":"status-publish","4":"has-post-thumbnail","6":"product_cat-malaga-es","7":"product_cat-malaga-excursiones-privadas-cruceros-es","8":"product_cat-malaga-actividades-es","9":"product_cat-malaga-rutas-turisticas-privadas-es","11":"first","12":"instock","13":"shipping-taxable","14":"purchasable","15":"product-type-simple"},"acf":[],"yoast_head":"<!-- This site is optimized with the Yoast SEO Premium plugin v25.3.1 (Yoast SEO v25.3.1) - https:\/\/yoast.com\/wordpress\/plugins\/seo\/ -->\n<title>\u27a1\ufe0f Tour privado de Malaga | Tour Travel &amp; More<\/title>\n<meta name=\"description\" content=\"Conoce la ciudad m\u00e1s de moda de Andalucia, gracias a este Tour privado de Malaga, con Guia privado oficial, Vehiculo privado y entradas \u2705\" \/>\n<meta name=\"robots\" content=\"index, follow, max-snippet:-1, max-image-preview:large, max-video-preview:-1\" \/>\n<link rel=\"canonical\" href=\"https:\/\/tourtravelandmore.com\/es\/tours\/espana-es\/malaga-es\/tour-privado-malaga\/\" \/>\n<meta property=\"og:locale\" content=\"es_ES\" \/>\n<meta property=\"og:type\" content=\"article\" \/>\n<meta property=\"og:title\" content=\"Tour Privado de Malaga con Guia y Vehiculo\" \/>\n<meta property=\"og:description\" content=\"Conoce la ciudad m\u00e1s de moda de Andalucia, gracias a este Tour privado de Malaga, con Guia privado oficial, Vehiculo privado y entradas \u2705\" \/>\n<meta property=\"og:url\" content=\"https:\/\/tourtravelandmore.com\/es\/tours\/espana-es\/malaga-es\/tour-privado-malaga\/\" \/>\n<meta property=\"og:site_name\" content=\"Tour Travel And More\" \/>\n<meta property=\"article:publisher\" content=\"https:\/\/www.facebook.com\/tourtravelandmore\/\" \/>\n<meta property=\"article:modified_time\" content=\"2023-03-18T04:23:25+00:00\" \/>\n<meta property=\"og:image\" content=\"https:\/\/tourtravelandmore.com\/wp-content\/uploads\/2016\/03\/gibralfaro.jpg\" \/>\n\t<meta property=\"og:image:width\" content=\"1746\" \/>\n\t<meta property=\"og:image:height\" content=\"1177\" \/>\n\t<meta property=\"og:image:type\" content=\"image\/jpeg\" \/>\n<meta name=\"twitter:card\" content=\"summary_large_image\" \/>\n<meta name=\"twitter:site\" content=\"@TourTravel_More\" \/>\n<meta name=\"twitter:label1\" content=\"Tiempo de lectura\" \/>\n\t<meta name=\"twitter:data1\" content=\"2 minutos\" \/>\n<script type=\"application\/ld+json\" class=\"yoast-schema-graph\">{\"@context\":\"https:\/\/schema.org\",\"@graph\":[{\"@type\":\"WebPage\",\"@id\":\"https:\/\/tourtravelandmore.com\/es\/tours\/espana-es\/malaga-es\/tour-privado-malaga\/\",\"url\":\"https:\/\/tourtravelandmore.com\/es\/tours\/espana-es\/malaga-es\/tour-privado-malaga\/\",\"name\":\"\u27a1\ufe0f Tour privado de Malaga | Tour Travel & More\",\"isPartOf\":{\"@id\":\"https:\/\/tourtravelandmore.com\/es\/#website\"},\"primaryImageOfPage\":{\"@id\":\"https:\/\/tourtravelandmore.com\/es\/tours\/espana-es\/malaga-es\/tour-privado-malaga\/#primaryimage\"},\"image\":{\"@id\":\"https:\/\/tourtravelandmore.com\/es\/tours\/espana-es\/malaga-es\/tour-privado-malaga\/#primaryimage\"},\"thumbnailUrl\":\"https:\/\/tourtravelandmore.com\/wp-content\/uploads\/2016\/03\/gibralfaro.jpg\",\"datePublished\":\"2016-04-15T16:50:52+00:00\",\"dateModified\":\"2023-03-18T04:23:25+00:00\",\"description\":\"Conoce la ciudad m\u00e1s de moda de Andalucia, gracias a este Tour privado de Malaga, con Guia privado oficial, Vehiculo privado y entradas \u2705\",\"breadcrumb\":{\"@id\":\"https:\/\/tourtravelandmore.com\/es\/tours\/espana-es\/malaga-es\/tour-privado-malaga\/#breadcrumb\"},\"inLanguage\":\"es\",\"potentialAction\":[{\"@type\":\"ReadAction\",\"target\":[\"https:\/\/tourtravelandmore.com\/es\/tours\/espana-es\/malaga-es\/tour-privado-malaga\/\"]}]},{\"@type\":\"ImageObject\",\"inLanguage\":\"es\",\"@id\":\"https:\/\/tourtravelandmore.com\/es\/tours\/espana-es\/malaga-es\/tour-privado-malaga\/#primaryimage\",\"url\":\"https:\/\/tourtravelandmore.com\/wp-content\/uploads\/2016\/03\/gibralfaro.jpg\",\"contentUrl\":\"https:\/\/tourtravelandmore.com\/wp-content\/uploads\/2016\/03\/gibralfaro.jpg\",\"width\":1746,\"height\":1177},{\"@type\":\"BreadcrumbList\",\"@id\":\"https:\/\/tourtravelandmore.com\/es\/tours\/espana-es\/malaga-es\/tour-privado-malaga\/#breadcrumb\",\"itemListElement\":[{\"@type\":\"ListItem\",\"position\":1,\"name\":\"Home\",\"item\":\"https:\/\/tourtravelandmore.com\/es\/\"},{\"@type\":\"ListItem\",\"position\":2,\"name\":\"Tours\",\"item\":\"https:\/\/tourtravelandmore.com\/es\/tours\/\"},{\"@type\":\"ListItem\",\"position\":3,\"name\":\"Tour Privado de Malaga con Guia y Vehiculo\"}]},{\"@type\":\"WebSite\",\"@id\":\"https:\/\/tourtravelandmore.com\/es\/#website\",\"url\":\"https:\/\/tourtravelandmore.com\/es\/\",\"name\":\"Tour Travel And More\",\"description\":\"Private sightseeing tours and luxury transfers in Spain\",\"publisher\":{\"@id\":\"https:\/\/tourtravelandmore.com\/es\/#organization\"},\"potentialAction\":[{\"@type\":\"SearchAction\",\"target\":{\"@type\":\"EntryPoint\",\"urlTemplate\":\"https:\/\/tourtravelandmore.com\/es\/?s={search_term_string}\"},\"query-input\":{\"@type\":\"PropertyValueSpecification\",\"valueRequired\":true,\"valueName\":\"search_term_string\"}}],\"inLanguage\":\"es\"},{\"@type\":\"Organization\",\"@id\":\"https:\/\/tourtravelandmore.com\/es\/#organization\",\"name\":\"Tour Travel And More\",\"url\":\"https:\/\/tourtravelandmore.com\/es\/\",\"logo\":{\"@type\":\"ImageObject\",\"inLanguage\":\"es\",\"@id\":\"https:\/\/tourtravelandmore.com\/es\/#\/schema\/logo\/image\/\",\"url\":\"https:\/\/tourtravelandmore.com\/wp-content\/uploads\/2022\/12\/cropped-logo-cabecera-new.png\",\"contentUrl\":\"https:\/\/tourtravelandmore.com\/wp-content\/uploads\/2022\/12\/cropped-logo-cabecera-new.png\",\"width\":430,\"height\":61,\"caption\":\"Tour Travel And More\"},\"image\":{\"@id\":\"https:\/\/tourtravelandmore.com\/es\/#\/schema\/logo\/image\/\"},\"sameAs\":[\"https:\/\/www.facebook.com\/tourtravelandmore\/\",\"https:\/\/x.com\/TourTravel_More\"]}]}<\/script>\n<!-- \/ Yoast SEO Premium plugin. -->","yoast_head_json":{"title":"\u27a1\ufe0f Tour privado de Malaga | Tour Travel & More","description":"Conoce la ciudad m\u00e1s de moda de Andalucia, gracias a este Tour privado de Malaga, con Guia privado oficial, Vehiculo privado y entradas \u2705","robots":{"index":"index","follow":"follow","max-snippet":"max-snippet:-1","max-image-preview":"max-image-preview:large","max-video-preview":"max-video-preview:-1"},"canonical":"https:\/\/tourtravelandmore.com\/es\/tours\/espana-es\/malaga-es\/tour-privado-malaga\/","og_locale":"es_ES","og_type":"article","og_title":"Tour Privado de Malaga con Guia y Vehiculo","og_description":"Conoce la ciudad m\u00e1s de moda de Andalucia, gracias a este Tour privado de Malaga, con Guia privado oficial, Vehiculo privado y entradas \u2705","og_url":"https:\/\/tourtravelandmore.com\/es\/tours\/espana-es\/malaga-es\/tour-privado-malaga\/","og_site_name":"Tour Travel And More","article_publisher":"https:\/\/www.facebook.com\/tourtravelandmore\/","article_modified_time":"2023-03-18T04:23:25+00:00","og_image":[{"width":1746,"height":1177,"url":"https:\/\/tourtravelandmore.com\/wp-content\/uploads\/2016\/03\/gibralfaro.jpg","type":"image\/jpeg"}],"twitter_card":"summary_large_image","twitter_site":"@TourTravel_More","twitter_misc":{"Tiempo de lectura":"2 minutos"},"schema":{"@context":"https:\/\/schema.org","@graph":[{"@type":"WebPage","@id":"https:\/\/tourtravelandmore.com\/es\/tours\/espana-es\/malaga-es\/tour-privado-malaga\/","url":"https:\/\/tourtravelandmore.com\/es\/tours\/espana-es\/malaga-es\/tour-privado-malaga\/","name":"\u27a1\ufe0f Tour privado de Malaga | Tour Travel & More","isPartOf":{"@id":"https:\/\/tourtravelandmore.com\/es\/#website"},"primaryImageOfPage":{"@id":"https:\/\/tourtravelandmore.com\/es\/tours\/espana-es\/malaga-es\/tour-privado-malaga\/#primaryimage"},"image":{"@id":"https:\/\/tourtravelandmore.com\/es\/tours\/espana-es\/malaga-es\/tour-privado-malaga\/#primaryimage"},"thumbnailUrl":"https:\/\/tourtravelandmore.com\/wp-content\/uploads\/2016\/03\/gibralfaro.jpg","datePublished":"2016-04-15T16:50:52+00:00","dateModified":"2023-03-18T04:23:25+00:00","description":"Conoce la ciudad m\u00e1s de moda de Andalucia, gracias a este Tour privado de Malaga, con Guia privado oficial, Vehiculo privado y entradas \u2705","breadcrumb":{"@id":"https:\/\/tourtravelandmore.com\/es\/tours\/espana-es\/malaga-es\/tour-privado-malaga\/#breadcrumb"},"inLanguage":"es","potentialAction":[{"@type":"ReadAction","target":["https:\/\/tourtravelandmore.com\/es\/tours\/espana-es\/malaga-es\/tour-privado-malaga\/"]}]},{"@type":"ImageObject","inLanguage":"es","@id":"https:\/\/tourtravelandmore.com\/es\/tours\/espana-es\/malaga-es\/tour-privado-malaga\/#primaryimage","url":"https:\/\/tourtravelandmore.com\/wp-content\/uploads\/2016\/03\/gibralfaro.jpg","contentUrl":"https:\/\/tourtravelandmore.com\/wp-content\/uploads\/2016\/03\/gibralfaro.jpg","width":1746,"height":1177},{"@type":"BreadcrumbList","@id":"https:\/\/tourtravelandmore.com\/es\/tours\/espana-es\/malaga-es\/tour-privado-malaga\/#breadcrumb","itemListElement":[{"@type":"ListItem","position":1,"name":"Home","item":"https:\/\/tourtravelandmore.com\/es\/"},{"@type":"ListItem","position":2,"name":"Tours","item":"https:\/\/tourtravelandmore.com\/es\/tours\/"},{"@type":"ListItem","position":3,"name":"Tour Privado de Malaga con Guia y Vehiculo"}]},{"@type":"WebSite","@id":"https:\/\/tourtravelandmore.com\/es\/#website","url":"https:\/\/tourtravelandmore.com\/es\/","name":"Tour Travel And More","description":"Private sightseeing tours and luxury transfers in Spain","publisher":{"@id":"https:\/\/tourtravelandmore.com\/es\/#organization"},"potentialAction":[{"@type":"SearchAction","target":{"@type":"EntryPoint","urlTemplate":"https:\/\/tourtravelandmore.com\/es\/?s={search_term_string}"},"query-input":{"@type":"PropertyValueSpecification","valueRequired":true,"valueName":"search_term_string"}}],"inLanguage":"es"},{"@type":"Organization","@id":"https:\/\/tourtravelandmore.com\/es\/#organization","name":"Tour Travel And More","url":"https:\/\/tourtravelandmore.com\/es\/","logo":{"@type":"ImageObject","inLanguage":"es","@id":"https:\/\/tourtravelandmore.com\/es\/#\/schema\/logo\/image\/","url":"https:\/\/tourtravelandmore.com\/wp-content\/uploads\/2022\/12\/cropped-logo-cabecera-new.png","contentUrl":"https:\/\/tourtravelandmore.com\/wp-content\/uploads\/2022\/12\/cropped-logo-cabecera-new.png","width":430,"height":61,"caption":"Tour Travel And More"},"image":{"@id":"https:\/\/tourtravelandmore.com\/es\/#\/schema\/logo\/image\/"},"sameAs":["https:\/\/www.facebook.com\/tourtravelandmore\/","https:\/\/x.com\/TourTravel_More"]}]}},"_links":{"self":[{"href":"https:\/\/tourtravelandmore.com\/es\/wp-json\/wp\/v2\/product\/866","targetHints":{"allow":["GET"]}}],"collection":[{"href":"https:\/\/tourtravelandmore.com\/es\/wp-json\/wp\/v2\/product"}],"about":[{"href":"https:\/\/tourtravelandmore.com\/es\/wp-json\/wp\/v2\/types\/product"}],"replies":[{"embeddable":true,"href":"https:\/\/tourtravelandmore.com\/es\/wp-json\/wp\/v2\/comments?post=866"}],"wp:featuredmedia":[{"embeddable":true,"href":"https:\/\/tourtravelandmore.com\/es\/wp-json\/wp\/v2\/media\/16425"}],"wp:attachment":[{"href":"https:\/\/tourtravelandmore.com\/es\/wp-json\/wp\/v2\/media?parent=866"}],"wp:term":[{"taxonomy":"product_brand","embeddable":true,"href":"https:\/\/tourtravelandmore.com\/es\/wp-json\/wp\/v2\/product_brand?post=866"},{"taxonomy":"product_cat","embeddable":true,"href":"https:\/\/tourtravelandmore.com\/es\/wp-json\/wp\/v2\/product_cat?post=866"},{"taxonomy":"product_tag","embeddable":true,"href":"https:\/\/tourtravelandmore.com\/es\/wp-json\/wp\/v2\/product_tag?post=866"}],"curies":[{"name":"wp","href":"https:\/\/api.w.org\/{rel}","templated":true}]}}