{"id":86568,"date":"2020-11-10T11:55:22","date_gmt":"2020-11-10T10:55:23","guid":{"rendered":"https:\/\/tourtravelandmore.com\/?post_type=product&#038;p=86568"},"modified":"2021-12-20T13:28:55","modified_gmt":"2021-12-20T12:28:55","slug":"tour-privado-de-ottawa","status":"publish","type":"product","link":"https:\/\/tourtravelandmore.com\/es\/tours\/canada-es\/ottawa-es\/ottawa-actividades-es\/tour-privado-de-ottawa\/","title":{"rendered":"Tour privado de Ottawa"},"content":{"rendered":"<h2 id=\"tw-target-text\" class=\"tw-data-text tw-text-large XcVN5d tw-ta\" dir=\"ltr\" data-placeholder=\"Traducci\u00f3n\"><span lang=\"es\">Descripci\u00f3n del Tour privado de Ottawa<\/span><\/h2>\n<p>\u00a1Realice nuestro tour privado de Ottawa para conocer Ottawa! La mejor manera de conocer una ciudad es con un recorrido privado por la ciudad. Nuestro tour privado de Ottawa no es diferente.<\/p>\n<p>Para este tour privado, organizaremos una recogida en su hotel o lugar de elecci\u00f3n en Ottawa. Estamos aqu\u00ed para que su experiencia sea \u00fanica.<\/p>\n<p>\u00a1Nuestro gu\u00eda tur\u00edstico privado y un viaje separado est\u00e1n a su disposici\u00f3n para hacer que su Tour Privado de Ottawa sea \u00fanico!<\/p>\n<p>Hay mucho que ver y hacer en Ottawa, como Wesboro Village, Byward Market, Parliament Hill y mucho m\u00e1s.<\/p>\n<h2>Puntos emblem\u00e1ticos y de inter\u00e9s del Tour privado de Ottawa<\/h2>\n<p>Organizaremos una recogida privada en su hotel en Ottawa.<\/p>\n<p>Entre otros, conozca los siguientes sitios en la hermosa ciudad de Ottawa:<\/p>\n<ul>\n<li><strong>En los meses de invierno: en Ottawa podemos tener una vista en el patinaje al aire libre. Esto est\u00e1 en el Canal Rideau. Es la pista de patinaje al aire libre m\u00e1s larga del mundo. Tiene casi 8 kil\u00f3metros de largo. No se preocupe si solo echa un vistazo durante su recorrido. \u00a1Est\u00e1 abierto 24\/7!<\/strong><\/li>\n<li><strong>El Parlamento en Parliament Hill. En Ottawa, encuentra el parlamento en un edificio g\u00f3tico. Est\u00e1 en el centro de la ciudad. Tiene vistas al r\u00edo Ottawa. Tambi\u00e9n podemos organizar un recorrido por el interior si lo desea. \u00a1H\u00e1ganos saber y lo arreglaremos!<\/strong><\/li>\n<li><strong>Mercado Byward. En el coraz\u00f3n del centro de la ciudad de Ottawa. Uno de los mercados m\u00e1s antiguos de Ottawa.<\/strong><\/li>\n<li><strong>Fairmont Ch\u00e2teau Laurier<\/strong><\/li>\n<li><strong>Bas\u00edlica de la catedral de Notre Dame<\/strong><\/li>\n<li><strong>Canal Rideau<\/strong><\/li>\n<li><strong>Parque Major&#8217;s Hill<\/strong><\/li>\n<li><strong>Vista exterior de la Corte Suprema de Canad\u00e1<\/strong><\/li>\n<li><strong>Westboro Village<\/strong><\/li>\n<li><strong>Mucho m\u00e1s<\/strong><\/li>\n<\/ul>\n<p>Este tour privado finalizar\u00e1 en su hotel o lugar de elecci\u00f3n en la ciudad de Ottawa. \u00a1Estamos a su disposici\u00f3n para organizar el tour perfecto para usted!<\/p>\n<p><a href=\"https:\/\/tourtravelandmore.com\/es\/ciudad\/canada-es\/ottawa-es\/\" target=\"_blank\" rel=\"noopener noreferrer\">\u00a1No se pierda nuestros otros tours privados en Ottawa y Canad\u00e1!<\/a><\/p>\n","protected":false},"excerpt":{"rendered":"<p id=\"tw-target-text\" class=\"tw-data-text tw-text-large XcVN5d tw-ta\" dir=\"ltr\" data-placeholder=\"Traducci\u00f3n\">Realice este<strong> tour privado de Ottawa<\/strong> y tenga la oportunidad de disfrutar de lo mejor de Ottawa. Esta es una excelente manera de conocer Ottawa. Tour privado.<\/p>\n","protected":false},"featured_media":86223,"comment_status":"open","ping_status":"closed","template":"","meta":{"_acf_changed":false},"product_brand":[],"product_cat":[2789,2850,2853,2855,1602],"product_tag":[],"class_list":{"0":"post-86568","1":"product","2":"type-product","3":"status-publish","4":"has-post-thumbnail","6":"product_cat-canada-es","7":"product_cat-ottawa-es","8":"product_cat-ottawa-actividades-es","9":"product_cat-ottawa-tours-es","10":"product_cat-eeuu-es","12":"first","13":"instock","14":"shipping-taxable","15":"purchasable","16":"product-type-simple"},"acf":[],"yoast_head":"<!-- This site is optimized with the Yoast SEO Premium plugin v25.3.1 (Yoast SEO v25.3.1) - https:\/\/yoast.com\/wordpress\/plugins\/seo\/ -->\n<title>Tour privado de Ottawa con veh\u00edculo y gu\u00eda tur\u00edstico | TTM<\/title>\n<meta name=\"description\" content=\"Tome este tour privado de Ottawa y tenga la oportunidad de disfrutar de lo mejor de Ottawa. Este es un gran viaje de un d\u00eda desde Montreal \u2705\" \/>\n<meta name=\"robots\" content=\"index, follow, max-snippet:-1, max-image-preview:large, max-video-preview:-1\" \/>\n<link rel=\"canonical\" href=\"https:\/\/tourtravelandmore.com\/es\/tours\/canada-es\/ottawa-es\/ottawa-actividades-es\/tour-privado-de-ottawa\/\" \/>\n<meta property=\"og:locale\" content=\"es_ES\" \/>\n<meta property=\"og:type\" content=\"article\" \/>\n<meta property=\"og:title\" content=\"Tour privado de Ottawa\" \/>\n<meta property=\"og:description\" content=\"Tome este tour privado de Ottawa y tenga la oportunidad de disfrutar de lo mejor de Ottawa. Este es un gran viaje de un d\u00eda desde Montreal \u2705\" \/>\n<meta property=\"og:url\" content=\"https:\/\/tourtravelandmore.com\/es\/tours\/canada-es\/ottawa-es\/ottawa-actividades-es\/tour-privado-de-ottawa\/\" \/>\n<meta property=\"og:site_name\" content=\"Tour Travel And More\" \/>\n<meta property=\"article:publisher\" content=\"https:\/\/www.facebook.com\/tourtravelandmore\/\" \/>\n<meta property=\"article:modified_time\" content=\"2021-12-20T12:28:55+00:00\" \/>\n<meta property=\"og:image\" content=\"https:\/\/tourtravelandmore.com\/wp-content\/uploads\/2020\/11\/Ottawa-2-scaled.jpg\" \/>\n\t<meta property=\"og:image:width\" content=\"2560\" \/>\n\t<meta property=\"og:image:height\" content=\"1707\" \/>\n\t<meta property=\"og:image:type\" content=\"image\/jpeg\" \/>\n<meta name=\"twitter:card\" content=\"summary_large_image\" \/>\n<meta name=\"twitter:site\" content=\"@TourTravel_More\" \/>\n<meta name=\"twitter:label1\" content=\"Tiempo de lectura\" \/>\n\t<meta name=\"twitter:data1\" content=\"2 minutos\" \/>\n<script type=\"application\/ld+json\" class=\"yoast-schema-graph\">{\"@context\":\"https:\/\/schema.org\",\"@graph\":[{\"@type\":\"WebPage\",\"@id\":\"https:\/\/tourtravelandmore.com\/es\/tours\/canada-es\/ottawa-es\/ottawa-actividades-es\/tour-privado-de-ottawa\/\",\"url\":\"https:\/\/tourtravelandmore.com\/es\/tours\/canada-es\/ottawa-es\/ottawa-actividades-es\/tour-privado-de-ottawa\/\",\"name\":\"Tour privado de Ottawa con veh\u00edculo y gu\u00eda tur\u00edstico | TTM\",\"isPartOf\":{\"@id\":\"https:\/\/tourtravelandmore.com\/es\/#website\"},\"primaryImageOfPage\":{\"@id\":\"https:\/\/tourtravelandmore.com\/es\/tours\/canada-es\/ottawa-es\/ottawa-actividades-es\/tour-privado-de-ottawa\/#primaryimage\"},\"image\":{\"@id\":\"https:\/\/tourtravelandmore.com\/es\/tours\/canada-es\/ottawa-es\/ottawa-actividades-es\/tour-privado-de-ottawa\/#primaryimage\"},\"thumbnailUrl\":\"https:\/\/tourtravelandmore.com\/wp-content\/uploads\/2020\/11\/Ottawa-2-scaled.jpg\",\"datePublished\":\"2020-11-10T10:55:23+00:00\",\"dateModified\":\"2021-12-20T12:28:55+00:00\",\"description\":\"Tome este tour privado de Ottawa y tenga la oportunidad de disfrutar de lo mejor de Ottawa. Este es un gran viaje de un d\u00eda desde Montreal \u2705\",\"breadcrumb\":{\"@id\":\"https:\/\/tourtravelandmore.com\/es\/tours\/canada-es\/ottawa-es\/ottawa-actividades-es\/tour-privado-de-ottawa\/#breadcrumb\"},\"inLanguage\":\"es\",\"potentialAction\":[{\"@type\":\"ReadAction\",\"target\":[\"https:\/\/tourtravelandmore.com\/es\/tours\/canada-es\/ottawa-es\/ottawa-actividades-es\/tour-privado-de-ottawa\/\"]}]},{\"@type\":\"ImageObject\",\"inLanguage\":\"es\",\"@id\":\"https:\/\/tourtravelandmore.com\/es\/tours\/canada-es\/ottawa-es\/ottawa-actividades-es\/tour-privado-de-ottawa\/#primaryimage\",\"url\":\"https:\/\/tourtravelandmore.com\/wp-content\/uploads\/2020\/11\/Ottawa-2-scaled.jpg\",\"contentUrl\":\"https:\/\/tourtravelandmore.com\/wp-content\/uploads\/2020\/11\/Ottawa-2-scaled.jpg\",\"width\":2560,\"height\":1707},{\"@type\":\"BreadcrumbList\",\"@id\":\"https:\/\/tourtravelandmore.com\/es\/tours\/canada-es\/ottawa-es\/ottawa-actividades-es\/tour-privado-de-ottawa\/#breadcrumb\",\"itemListElement\":[{\"@type\":\"ListItem\",\"position\":1,\"name\":\"Home\",\"item\":\"https:\/\/tourtravelandmore.com\/es\/\"},{\"@type\":\"ListItem\",\"position\":2,\"name\":\"Tours\",\"item\":\"https:\/\/tourtravelandmore.com\/es\/tours\/\"},{\"@type\":\"ListItem\",\"position\":3,\"name\":\"Tour privado de Ottawa\"}]},{\"@type\":\"WebSite\",\"@id\":\"https:\/\/tourtravelandmore.com\/es\/#website\",\"url\":\"https:\/\/tourtravelandmore.com\/es\/\",\"name\":\"Tour Travel And More\",\"description\":\"Private sightseeing tours and luxury transfers in Spain\",\"publisher\":{\"@id\":\"https:\/\/tourtravelandmore.com\/es\/#organization\"},\"potentialAction\":[{\"@type\":\"SearchAction\",\"target\":{\"@type\":\"EntryPoint\",\"urlTemplate\":\"https:\/\/tourtravelandmore.com\/es\/?s={search_term_string}\"},\"query-input\":{\"@type\":\"PropertyValueSpecification\",\"valueRequired\":true,\"valueName\":\"search_term_string\"}}],\"inLanguage\":\"es\"},{\"@type\":\"Organization\",\"@id\":\"https:\/\/tourtravelandmore.com\/es\/#organization\",\"name\":\"Tour Travel And More\",\"url\":\"https:\/\/tourtravelandmore.com\/es\/\",\"logo\":{\"@type\":\"ImageObject\",\"inLanguage\":\"es\",\"@id\":\"https:\/\/tourtravelandmore.com\/es\/#\/schema\/logo\/image\/\",\"url\":\"https:\/\/tourtravelandmore.com\/wp-content\/uploads\/2022\/12\/cropped-logo-cabecera-new.png\",\"contentUrl\":\"https:\/\/tourtravelandmore.com\/wp-content\/uploads\/2022\/12\/cropped-logo-cabecera-new.png\",\"width\":430,\"height\":61,\"caption\":\"Tour Travel And More\"},\"image\":{\"@id\":\"https:\/\/tourtravelandmore.com\/es\/#\/schema\/logo\/image\/\"},\"sameAs\":[\"https:\/\/www.facebook.com\/tourtravelandmore\/\",\"https:\/\/x.com\/TourTravel_More\"]}]}<\/script>\n<!-- \/ Yoast SEO Premium plugin. -->","yoast_head_json":{"title":"Tour privado de Ottawa con veh\u00edculo y gu\u00eda tur\u00edstico | TTM","description":"Tome este tour privado de Ottawa y tenga la oportunidad de disfrutar de lo mejor de Ottawa. Este es un gran viaje de un d\u00eda desde Montreal \u2705","robots":{"index":"index","follow":"follow","max-snippet":"max-snippet:-1","max-image-preview":"max-image-preview:large","max-video-preview":"max-video-preview:-1"},"canonical":"https:\/\/tourtravelandmore.com\/es\/tours\/canada-es\/ottawa-es\/ottawa-actividades-es\/tour-privado-de-ottawa\/","og_locale":"es_ES","og_type":"article","og_title":"Tour privado de Ottawa","og_description":"Tome este tour privado de Ottawa y tenga la oportunidad de disfrutar de lo mejor de Ottawa. Este es un gran viaje de un d\u00eda desde Montreal \u2705","og_url":"https:\/\/tourtravelandmore.com\/es\/tours\/canada-es\/ottawa-es\/ottawa-actividades-es\/tour-privado-de-ottawa\/","og_site_name":"Tour Travel And More","article_publisher":"https:\/\/www.facebook.com\/tourtravelandmore\/","article_modified_time":"2021-12-20T12:28:55+00:00","og_image":[{"width":2560,"height":1707,"url":"https:\/\/tourtravelandmore.com\/wp-content\/uploads\/2020\/11\/Ottawa-2-scaled.jpg","type":"image\/jpeg"}],"twitter_card":"summary_large_image","twitter_site":"@TourTravel_More","twitter_misc":{"Tiempo de lectura":"2 minutos"},"schema":{"@context":"https:\/\/schema.org","@graph":[{"@type":"WebPage","@id":"https:\/\/tourtravelandmore.com\/es\/tours\/canada-es\/ottawa-es\/ottawa-actividades-es\/tour-privado-de-ottawa\/","url":"https:\/\/tourtravelandmore.com\/es\/tours\/canada-es\/ottawa-es\/ottawa-actividades-es\/tour-privado-de-ottawa\/","name":"Tour privado de Ottawa con veh\u00edculo y gu\u00eda tur\u00edstico | TTM","isPartOf":{"@id":"https:\/\/tourtravelandmore.com\/es\/#website"},"primaryImageOfPage":{"@id":"https:\/\/tourtravelandmore.com\/es\/tours\/canada-es\/ottawa-es\/ottawa-actividades-es\/tour-privado-de-ottawa\/#primaryimage"},"image":{"@id":"https:\/\/tourtravelandmore.com\/es\/tours\/canada-es\/ottawa-es\/ottawa-actividades-es\/tour-privado-de-ottawa\/#primaryimage"},"thumbnailUrl":"https:\/\/tourtravelandmore.com\/wp-content\/uploads\/2020\/11\/Ottawa-2-scaled.jpg","datePublished":"2020-11-10T10:55:23+00:00","dateModified":"2021-12-20T12:28:55+00:00","description":"Tome este tour privado de Ottawa y tenga la oportunidad de disfrutar de lo mejor de Ottawa. Este es un gran viaje de un d\u00eda desde Montreal \u2705","breadcrumb":{"@id":"https:\/\/tourtravelandmore.com\/es\/tours\/canada-es\/ottawa-es\/ottawa-actividades-es\/tour-privado-de-ottawa\/#breadcrumb"},"inLanguage":"es","potentialAction":[{"@type":"ReadAction","target":["https:\/\/tourtravelandmore.com\/es\/tours\/canada-es\/ottawa-es\/ottawa-actividades-es\/tour-privado-de-ottawa\/"]}]},{"@type":"ImageObject","inLanguage":"es","@id":"https:\/\/tourtravelandmore.com\/es\/tours\/canada-es\/ottawa-es\/ottawa-actividades-es\/tour-privado-de-ottawa\/#primaryimage","url":"https:\/\/tourtravelandmore.com\/wp-content\/uploads\/2020\/11\/Ottawa-2-scaled.jpg","contentUrl":"https:\/\/tourtravelandmore.com\/wp-content\/uploads\/2020\/11\/Ottawa-2-scaled.jpg","width":2560,"height":1707},{"@type":"BreadcrumbList","@id":"https:\/\/tourtravelandmore.com\/es\/tours\/canada-es\/ottawa-es\/ottawa-actividades-es\/tour-privado-de-ottawa\/#breadcrumb","itemListElement":[{"@type":"ListItem","position":1,"name":"Home","item":"https:\/\/tourtravelandmore.com\/es\/"},{"@type":"ListItem","position":2,"name":"Tours","item":"https:\/\/tourtravelandmore.com\/es\/tours\/"},{"@type":"ListItem","position":3,"name":"Tour privado de Ottawa"}]},{"@type":"WebSite","@id":"https:\/\/tourtravelandmore.com\/es\/#website","url":"https:\/\/tourtravelandmore.com\/es\/","name":"Tour Travel And More","description":"Private sightseeing tours and luxury transfers in Spain","publisher":{"@id":"https:\/\/tourtravelandmore.com\/es\/#organization"},"potentialAction":[{"@type":"SearchAction","target":{"@type":"EntryPoint","urlTemplate":"https:\/\/tourtravelandmore.com\/es\/?s={search_term_string}"},"query-input":{"@type":"PropertyValueSpecification","valueRequired":true,"valueName":"search_term_string"}}],"inLanguage":"es"},{"@type":"Organization","@id":"https:\/\/tourtravelandmore.com\/es\/#organization","name":"Tour Travel And More","url":"https:\/\/tourtravelandmore.com\/es\/","logo":{"@type":"ImageObject","inLanguage":"es","@id":"https:\/\/tourtravelandmore.com\/es\/#\/schema\/logo\/image\/","url":"https:\/\/tourtravelandmore.com\/wp-content\/uploads\/2022\/12\/cropped-logo-cabecera-new.png","contentUrl":"https:\/\/tourtravelandmore.com\/wp-content\/uploads\/2022\/12\/cropped-logo-cabecera-new.png","width":430,"height":61,"caption":"Tour Travel And More"},"image":{"@id":"https:\/\/tourtravelandmore.com\/es\/#\/schema\/logo\/image\/"},"sameAs":["https:\/\/www.facebook.com\/tourtravelandmore\/","https:\/\/x.com\/TourTravel_More"]}]}},"_links":{"self":[{"href":"https:\/\/tourtravelandmore.com\/es\/wp-json\/wp\/v2\/product\/86568","targetHints":{"allow":["GET"]}}],"collection":[{"href":"https:\/\/tourtravelandmore.com\/es\/wp-json\/wp\/v2\/product"}],"about":[{"href":"https:\/\/tourtravelandmore.com\/es\/wp-json\/wp\/v2\/types\/product"}],"replies":[{"embeddable":true,"href":"https:\/\/tourtravelandmore.com\/es\/wp-json\/wp\/v2\/comments?post=86568"}],"wp:featuredmedia":[{"embeddable":true,"href":"https:\/\/tourtravelandmore.com\/es\/wp-json\/wp\/v2\/media\/86223"}],"wp:attachment":[{"href":"https:\/\/tourtravelandmore.com\/es\/wp-json\/wp\/v2\/media?parent=86568"}],"wp:term":[{"taxonomy":"product_brand","embeddable":true,"href":"https:\/\/tourtravelandmore.com\/es\/wp-json\/wp\/v2\/product_brand?post=86568"},{"taxonomy":"product_cat","embeddable":true,"href":"https:\/\/tourtravelandmore.com\/es\/wp-json\/wp\/v2\/product_cat?post=86568"},{"taxonomy":"product_tag","embeddable":true,"href":"https:\/\/tourtravelandmore.com\/es\/wp-json\/wp\/v2\/product_tag?post=86568"}],"curies":[{"name":"wp","href":"https:\/\/api.w.org\/{rel}","templated":true}]}}