{"id":86521,"date":"2020-11-10T09:37:46","date_gmt":"2020-11-10T09:12:30","guid":{"rendered":"https:\/\/tourtravelandmore.com\/?post_type=product&#038;p=86521"},"modified":"2020-11-17T12:14:30","modified_gmt":"2020-11-17T11:14:30","slug":"tour-privado-a-washington-desde-filadelfia","status":"publish","type":"product","link":"https:\/\/tourtravelandmore.com\/es\/tours\/eeuu-es\/filadelfia-es\/filadelfia-actividades-es\/tour-privado-a-washington-desde-filadelfia\/","title":{"rendered":"Tour Privado a Washington desde Filadelfia"},"content":{"rendered":"<h2 class=\"p1\"><span class=\"s1\"><b>Descripci\u00f3n<\/b><\/span><\/h2>\n<p>Estar en Washington le da la oportunidad de visitar otras ciudades cercanas. Aproveche sus d\u00edas en Estados Unidos y \u00fanase a nosotros en este <strong>tour privado a Washington desde Filadelfia<\/strong>. Obtenga la oportunidad de visitar la Capital de los Estados Unidos con este tour privado de d\u00eda completo. El servicio se realizar\u00e1 a bordo de un <strong>veh\u00edculo privado de lujo con conductor<\/strong>.<\/p>\n<p>En primer lugar, su conductor privado lo recoger\u00e1 en el lugar que elija en Filadelfia. Una vez en Washington, se encontrar\u00e1 con su <strong>gu\u00eda tur\u00edstico oficial privado<\/strong> para una visita guiada de 3 horas. Este es un recorrido de 9 horas desde el momento de la recogida hasta el momento de la entrega. En caso de que lo prefieras, podemos incluir m\u00e1s horas a tu experiencia.<\/p>\n<p><strong>Washington<\/strong> es una de las ciudades m\u00e1s visitadas del mundo. La ciudad est\u00e1 ubicada en la regi\u00f3n del Atl\u00e1ntico medio de la costa este de los Estados Unidos y tiene una poblaci\u00f3n que ronda las 700.000 personas. La ciudad alberga 177 embajadas extranjeras y est\u00e1 considerada como una de las capitales pol\u00edticas mundiales m\u00e1s importantes.<\/p>\n<p>Durante este tour privado a Washington desde Filadelfia, visitar\u00e1 todos los monumentos y lugares de inter\u00e9s m\u00e1s importantes. Si tiene algo en mente, h\u00e1ganoslo saber. El equipo de <strong>Tour Travel &amp; More<\/strong> est\u00e1 aqu\u00ed para ayudarlo con todo.<\/p>\n<h2 class=\"p3\">Puntos de Inter\u00e9s<\/h2>\n<p>Como ya mencionamos, en primer lugar, su conductor privado lo recoger\u00e1 en el lugar que elija en Filadelfia. <span class=\"JLqJ4b ChMk0b\" data-language-for-alternatives=\"es\" data-language-to-translate-into=\"en\" data-phrase-index=\"1\">El viaje tiene una duraci\u00f3n aproximada de 2 horas y media y lo mismo para regresar. <\/span><\/p>\n<p><span class=\"JLqJ4b ChMk0b\" data-language-for-alternatives=\"es\" data-language-to-translate-into=\"en\" data-phrase-index=\"1\"><span class=\"JLqJ4b\" data-language-for-alternatives=\"es\" data-language-to-translate-into=\"en\" data-phrase-index=\"2\">Tenga la oportunidad de tomar una foto y disfrutar de una vista de la <strong>Casa Blanca<\/strong>. Cruce la calle y camine por el parque donde tienen lugar la mayor\u00eda de las protestas pol\u00edticas en DC. Conozca la historia del gobierno de los Estados Unidos en su visita al <strong>Capitol Visitor Center<\/strong>. <\/span><\/span><\/p>\n<p><span class=\"JLqJ4b ChMk0b\" data-language-for-alternatives=\"es\" data-language-to-translate-into=\"en\" data-phrase-index=\"1\"><span class=\"JLqJ4b\" data-language-for-alternatives=\"es\" data-language-to-translate-into=\"en\" data-phrase-index=\"2\">Conozca los hitos m\u00e1s importantes de Washington DC cuando visite todos los monumentos y memoriales distribuidos por la ciudad.<\/span><\/span><\/p>\n<p><span class=\"JLqJ4b ChMk0b\" data-language-for-alternatives=\"es\" data-language-to-translate-into=\"en\" data-phrase-index=\"1\"><span class=\"JLqJ4b\" data-language-for-alternatives=\"es\" data-language-to-translate-into=\"en\" data-phrase-index=\"2\">Durante este tour privado por Washington podr\u00e1 visitar:<\/span><\/span><\/p>\n<ul>\n<li><strong>Memorial de Lincoln <\/strong><\/li>\n<li><strong><span class=\"JLqJ4b\" data-language-for-alternatives=\"es\" data-language-to-translate-into=\"en\" data-phrase-index=\"1\"><span class=\"JLqJ4b ChMk0b\" data-language-for-alternatives=\"es\" data-language-to-translate-into=\"en\" data-phrase-index=\"2\">Memorial de la Marina de los EE. UU. <\/span><\/span><\/strong><\/li>\n<li><strong><span class=\"JLqJ4b\" data-language-for-alternatives=\"es\" data-language-to-translate-into=\"en\" data-phrase-index=\"1\"><span class=\"JLqJ4b ChMk0b\" data-language-for-alternatives=\"es\" data-language-to-translate-into=\"en\" data-phrase-index=\"2\">Monumento a Martin Luther King <\/span><\/span><\/strong><\/li>\n<li><strong><span class=\"JLqJ4b\" data-language-for-alternatives=\"es\" data-language-to-translate-into=\"en\" data-phrase-index=\"1\"><span class=\"JLqJ4b ChMk0b\" data-language-for-alternatives=\"es\" data-language-to-translate-into=\"en\" data-phrase-index=\"2\">Monumento a la Segunda Guerra Mundial <\/span><\/span><\/strong><\/li>\n<li><strong><span class=\"JLqJ4b\" data-language-for-alternatives=\"es\" data-language-to-translate-into=\"en\" data-phrase-index=\"1\"><span class=\"JLqJ4b ChMk0b\" data-language-for-alternatives=\"es\" data-language-to-translate-into=\"en\" data-phrase-index=\"2\">Monumento de Washington <\/span><\/span><\/strong><\/li>\n<li><strong><span class=\"JLqJ4b\" data-language-for-alternatives=\"es\" data-language-to-translate-into=\"en\" data-phrase-index=\"1\"><span class=\"JLqJ4b ChMk0b\" data-language-for-alternatives=\"es\" data-language-to-translate-into=\"en\" data-phrase-index=\"2\">Tri\u00e1ngulo Federal\/Centro de la ciudad<\/span><\/span><\/strong><\/li>\n<li><strong><span class=\"JLqJ4b\" data-language-for-alternatives=\"es\" data-language-to-translate-into=\"en\" data-phrase-index=\"1\"><span class=\"JLqJ4b ChMk0b\" data-language-for-alternatives=\"es\" data-language-to-translate-into=\"en\" data-phrase-index=\"2\">La Casa Blanca <\/span><\/span><\/strong><\/li>\n<li><a href=\"https:\/\/www.visitthecapitol.gov\"><span class=\"JLqJ4b\" data-language-for-alternatives=\"es\" data-language-to-translate-into=\"en\" data-phrase-index=\"1\"><span class=\"JLqJ4b ChMk0b\" data-language-for-alternatives=\"es\" data-language-to-translate-into=\"en\" data-phrase-index=\"2\">Capitolio de los Estados Unidos <\/span><\/span><\/a><\/li>\n<li><strong><span class=\"JLqJ4b\" data-language-for-alternatives=\"es\" data-language-to-translate-into=\"en\" data-phrase-index=\"1\"><span class=\"JLqJ4b ChMk0b\" data-language-for-alternatives=\"es\" data-language-to-translate-into=\"en\" data-phrase-index=\"2\">La Biblioteca del Congreso <\/span><\/span><\/strong><\/li>\n<li><strong><span class=\"JLqJ4b\" data-language-for-alternatives=\"es\" data-language-to-translate-into=\"en\" data-phrase-index=\"1\"><span class=\"JLqJ4b ChMk0b\" data-language-for-alternatives=\"es\" data-language-to-translate-into=\"en\" data-phrase-index=\"2\">C\u00edrculo de Dupont <\/span><\/span><\/strong><\/li>\n<li><strong><span class=\"JLqJ4b\" data-language-for-alternatives=\"es\" data-language-to-translate-into=\"en\" data-phrase-index=\"1\"><span class=\"JLqJ4b ChMk0b\" data-language-for-alternatives=\"es\" data-language-to-translate-into=\"en\" data-phrase-index=\"2\">Georgetown <\/span><\/span><\/strong><\/li>\n<li><span class=\"JLqJ4b\" data-language-for-alternatives=\"es\" data-language-to-translate-into=\"en\" data-phrase-index=\"1\"><span class=\"JLqJ4b ChMk0b\" data-language-for-alternatives=\"es\" data-language-to-translate-into=\"en\" data-phrase-index=\"2\">\u00a1y mucho m\u00e1s!<\/span><\/span><\/li>\n<\/ul>\n<p>Durante su excursi\u00f3n, tambi\u00e9n dispondr\u00e1 de tiempo para almorzar. <span class=\"JLqJ4b ChMk0b\" data-language-for-alternatives=\"es\" data-language-to-translate-into=\"en\" data-phrase-index=\"1\">En caso de que est\u00e9 interesado, podemos hacer una reserva para usted en un restaurante muy agradable en Washington. <\/span><\/p>\n<p><span class=\"JLqJ4b ChMk0b\" data-language-for-alternatives=\"es\" data-language-to-translate-into=\"en\" data-phrase-index=\"1\"><span class=\"JLqJ4b\" data-language-for-alternatives=\"es\" data-language-to-translate-into=\"en\" data-phrase-index=\"2\">Finalmente, al final del recorrido, su conductor privado lo llevar\u00e1 de regreso a su hotel en Filadelfia. <\/span><\/span><\/p>\n<p><span class=\"JLqJ4b ChMk0b\" data-language-for-alternatives=\"es\" data-language-to-translate-into=\"en\" data-phrase-index=\"1\"><span class=\"JLqJ4b\" data-language-for-alternatives=\"es\" data-language-to-translate-into=\"en\" data-phrase-index=\"2\">Otra posible opci\u00f3n de un tour de d\u00eda completo, podr\u00eda ser nuestro <a href=\"https:\/\/tourtravelandmore.com\/es\/tours\/eeuu-es\/filadelfia-es\/filadelfia-actividades-es\/tour-privado-a-nueva-york-desde-filadelfia-2\/\">tour privado a Nueva York desde Filadelfia<\/a>, \u00a1echa un vistazo!.<\/span><\/span><\/p>\n","protected":false},"excerpt":{"rendered":"<p>Avent\u00farese en este tour privado de d\u00eda completo desde la ciudad de Filadelfia y tenga la oportunidad de conocer una de las grandes ciudades de Estados Unidos: Washington D.C. Tendr\u00e1 un gu\u00eda oficial local que lo llevar\u00e1 a recorrer todos sus monumentos.<\/p>\n","protected":false},"featured_media":86505,"comment_status":"open","ping_status":"closed","template":"","meta":{"_acf_changed":false},"product_brand":[],"product_cat":[1602,2758,2761,2764],"product_tag":[],"class_list":{"0":"post-86521","1":"product","2":"type-product","3":"status-publish","4":"has-post-thumbnail","6":"product_cat-eeuu-es","7":"product_cat-filadelfia-es","8":"product_cat-filadelfia-actividades-es","9":"product_cat-filadelfia-tours-privados-es","11":"first","12":"instock","13":"shipping-taxable","14":"purchasable","15":"product-type-simple"},"acf":[],"yoast_head":"<!-- This site is optimized with the Yoast SEO Premium plugin v25.3.1 (Yoast SEO v25.3.1) - https:\/\/yoast.com\/wordpress\/plugins\/seo\/ -->\n<title>Tour Privado a Washington desde Filadelfia en veh\u00edculo de lujo<\/title>\n<meta name=\"description\" content=\"Disfrute al maximo sus d\u00edas en USA y acomp\u00e1\u00f1enos en este Tour Privado a Washington desde Filadelfia. Conozca la Capital de Estados Unidos.\" \/>\n<meta name=\"robots\" content=\"index, follow, max-snippet:-1, max-image-preview:large, max-video-preview:-1\" \/>\n<link rel=\"canonical\" href=\"https:\/\/tourtravelandmore.com\/es\/tours\/eeuu-es\/filadelfia-es\/filadelfia-actividades-es\/tour-privado-a-washington-desde-filadelfia\/\" \/>\n<meta property=\"og:locale\" content=\"es_ES\" \/>\n<meta property=\"og:type\" content=\"article\" \/>\n<meta property=\"og:title\" content=\"Tour Privado a Washington desde Filadelfia\" \/>\n<meta property=\"og:description\" content=\"Disfrute al maximo sus d\u00edas en USA y acomp\u00e1\u00f1enos en este Tour Privado a Washington desde Filadelfia. Conozca la Capital de Estados Unidos.\" \/>\n<meta property=\"og:url\" content=\"https:\/\/tourtravelandmore.com\/es\/tours\/eeuu-es\/filadelfia-es\/filadelfia-actividades-es\/tour-privado-a-washington-desde-filadelfia\/\" \/>\n<meta property=\"og:site_name\" content=\"Tour Travel And More\" \/>\n<meta property=\"article:publisher\" content=\"https:\/\/www.facebook.com\/tourtravelandmore\/\" \/>\n<meta property=\"article:modified_time\" content=\"2020-11-17T11:14:30+00:00\" \/>\n<meta property=\"og:image\" content=\"https:\/\/tourtravelandmore.com\/wp-content\/uploads\/2020\/11\/washington-6.jpg\" \/>\n\t<meta property=\"og:image:width\" content=\"960\" \/>\n\t<meta property=\"og:image:height\" content=\"640\" \/>\n\t<meta property=\"og:image:type\" content=\"image\/jpeg\" \/>\n<meta name=\"twitter:card\" content=\"summary_large_image\" \/>\n<meta name=\"twitter:site\" content=\"@TourTravel_More\" \/>\n<meta name=\"twitter:label1\" content=\"Tiempo de lectura\" \/>\n\t<meta name=\"twitter:data1\" content=\"2 minutos\" \/>\n<script type=\"application\/ld+json\" class=\"yoast-schema-graph\">{\"@context\":\"https:\/\/schema.org\",\"@graph\":[{\"@type\":\"WebPage\",\"@id\":\"https:\/\/tourtravelandmore.com\/es\/tours\/eeuu-es\/filadelfia-es\/filadelfia-actividades-es\/tour-privado-a-washington-desde-filadelfia\/\",\"url\":\"https:\/\/tourtravelandmore.com\/es\/tours\/eeuu-es\/filadelfia-es\/filadelfia-actividades-es\/tour-privado-a-washington-desde-filadelfia\/\",\"name\":\"Tour Privado a Washington desde Filadelfia en veh\u00edculo de lujo\",\"isPartOf\":{\"@id\":\"https:\/\/tourtravelandmore.com\/es\/#website\"},\"primaryImageOfPage\":{\"@id\":\"https:\/\/tourtravelandmore.com\/es\/tours\/eeuu-es\/filadelfia-es\/filadelfia-actividades-es\/tour-privado-a-washington-desde-filadelfia\/#primaryimage\"},\"image\":{\"@id\":\"https:\/\/tourtravelandmore.com\/es\/tours\/eeuu-es\/filadelfia-es\/filadelfia-actividades-es\/tour-privado-a-washington-desde-filadelfia\/#primaryimage\"},\"thumbnailUrl\":\"https:\/\/tourtravelandmore.com\/wp-content\/uploads\/2020\/11\/washington-6.jpg\",\"datePublished\":\"2020-11-10T09:12:30+00:00\",\"dateModified\":\"2020-11-17T11:14:30+00:00\",\"description\":\"Disfrute al maximo sus d\u00edas en USA y acomp\u00e1\u00f1enos en este Tour Privado a Washington desde Filadelfia. Conozca la Capital de Estados Unidos.\",\"breadcrumb\":{\"@id\":\"https:\/\/tourtravelandmore.com\/es\/tours\/eeuu-es\/filadelfia-es\/filadelfia-actividades-es\/tour-privado-a-washington-desde-filadelfia\/#breadcrumb\"},\"inLanguage\":\"es\",\"potentialAction\":[{\"@type\":\"ReadAction\",\"target\":[\"https:\/\/tourtravelandmore.com\/es\/tours\/eeuu-es\/filadelfia-es\/filadelfia-actividades-es\/tour-privado-a-washington-desde-filadelfia\/\"]}]},{\"@type\":\"ImageObject\",\"inLanguage\":\"es\",\"@id\":\"https:\/\/tourtravelandmore.com\/es\/tours\/eeuu-es\/filadelfia-es\/filadelfia-actividades-es\/tour-privado-a-washington-desde-filadelfia\/#primaryimage\",\"url\":\"https:\/\/tourtravelandmore.com\/wp-content\/uploads\/2020\/11\/washington-6.jpg\",\"contentUrl\":\"https:\/\/tourtravelandmore.com\/wp-content\/uploads\/2020\/11\/washington-6.jpg\",\"width\":960,\"height\":640},{\"@type\":\"BreadcrumbList\",\"@id\":\"https:\/\/tourtravelandmore.com\/es\/tours\/eeuu-es\/filadelfia-es\/filadelfia-actividades-es\/tour-privado-a-washington-desde-filadelfia\/#breadcrumb\",\"itemListElement\":[{\"@type\":\"ListItem\",\"position\":1,\"name\":\"Home\",\"item\":\"https:\/\/tourtravelandmore.com\/es\/\"},{\"@type\":\"ListItem\",\"position\":2,\"name\":\"Tours\",\"item\":\"https:\/\/tourtravelandmore.com\/es\/tours\/\"},{\"@type\":\"ListItem\",\"position\":3,\"name\":\"Tour Privado a Washington desde Filadelfia\"}]},{\"@type\":\"WebSite\",\"@id\":\"https:\/\/tourtravelandmore.com\/es\/#website\",\"url\":\"https:\/\/tourtravelandmore.com\/es\/\",\"name\":\"Tour Travel And More\",\"description\":\"Private sightseeing tours and luxury transfers in Spain\",\"publisher\":{\"@id\":\"https:\/\/tourtravelandmore.com\/es\/#organization\"},\"potentialAction\":[{\"@type\":\"SearchAction\",\"target\":{\"@type\":\"EntryPoint\",\"urlTemplate\":\"https:\/\/tourtravelandmore.com\/es\/?s={search_term_string}\"},\"query-input\":{\"@type\":\"PropertyValueSpecification\",\"valueRequired\":true,\"valueName\":\"search_term_string\"}}],\"inLanguage\":\"es\"},{\"@type\":\"Organization\",\"@id\":\"https:\/\/tourtravelandmore.com\/es\/#organization\",\"name\":\"Tour Travel And More\",\"url\":\"https:\/\/tourtravelandmore.com\/es\/\",\"logo\":{\"@type\":\"ImageObject\",\"inLanguage\":\"es\",\"@id\":\"https:\/\/tourtravelandmore.com\/es\/#\/schema\/logo\/image\/\",\"url\":\"https:\/\/tourtravelandmore.com\/wp-content\/uploads\/2022\/12\/cropped-logo-cabecera-new.png\",\"contentUrl\":\"https:\/\/tourtravelandmore.com\/wp-content\/uploads\/2022\/12\/cropped-logo-cabecera-new.png\",\"width\":430,\"height\":61,\"caption\":\"Tour Travel And More\"},\"image\":{\"@id\":\"https:\/\/tourtravelandmore.com\/es\/#\/schema\/logo\/image\/\"},\"sameAs\":[\"https:\/\/www.facebook.com\/tourtravelandmore\/\",\"https:\/\/x.com\/TourTravel_More\"]}]}<\/script>\n<!-- \/ Yoast SEO Premium plugin. -->","yoast_head_json":{"title":"Tour Privado a Washington desde Filadelfia en veh\u00edculo de lujo","description":"Disfrute al maximo sus d\u00edas en USA y acomp\u00e1\u00f1enos en este Tour Privado a Washington desde Filadelfia. Conozca la Capital de Estados Unidos.","robots":{"index":"index","follow":"follow","max-snippet":"max-snippet:-1","max-image-preview":"max-image-preview:large","max-video-preview":"max-video-preview:-1"},"canonical":"https:\/\/tourtravelandmore.com\/es\/tours\/eeuu-es\/filadelfia-es\/filadelfia-actividades-es\/tour-privado-a-washington-desde-filadelfia\/","og_locale":"es_ES","og_type":"article","og_title":"Tour Privado a Washington desde Filadelfia","og_description":"Disfrute al maximo sus d\u00edas en USA y acomp\u00e1\u00f1enos en este Tour Privado a Washington desde Filadelfia. Conozca la Capital de Estados Unidos.","og_url":"https:\/\/tourtravelandmore.com\/es\/tours\/eeuu-es\/filadelfia-es\/filadelfia-actividades-es\/tour-privado-a-washington-desde-filadelfia\/","og_site_name":"Tour Travel And More","article_publisher":"https:\/\/www.facebook.com\/tourtravelandmore\/","article_modified_time":"2020-11-17T11:14:30+00:00","og_image":[{"width":960,"height":640,"url":"https:\/\/tourtravelandmore.com\/wp-content\/uploads\/2020\/11\/washington-6.jpg","type":"image\/jpeg"}],"twitter_card":"summary_large_image","twitter_site":"@TourTravel_More","twitter_misc":{"Tiempo de lectura":"2 minutos"},"schema":{"@context":"https:\/\/schema.org","@graph":[{"@type":"WebPage","@id":"https:\/\/tourtravelandmore.com\/es\/tours\/eeuu-es\/filadelfia-es\/filadelfia-actividades-es\/tour-privado-a-washington-desde-filadelfia\/","url":"https:\/\/tourtravelandmore.com\/es\/tours\/eeuu-es\/filadelfia-es\/filadelfia-actividades-es\/tour-privado-a-washington-desde-filadelfia\/","name":"Tour Privado a Washington desde Filadelfia en veh\u00edculo de lujo","isPartOf":{"@id":"https:\/\/tourtravelandmore.com\/es\/#website"},"primaryImageOfPage":{"@id":"https:\/\/tourtravelandmore.com\/es\/tours\/eeuu-es\/filadelfia-es\/filadelfia-actividades-es\/tour-privado-a-washington-desde-filadelfia\/#primaryimage"},"image":{"@id":"https:\/\/tourtravelandmore.com\/es\/tours\/eeuu-es\/filadelfia-es\/filadelfia-actividades-es\/tour-privado-a-washington-desde-filadelfia\/#primaryimage"},"thumbnailUrl":"https:\/\/tourtravelandmore.com\/wp-content\/uploads\/2020\/11\/washington-6.jpg","datePublished":"2020-11-10T09:12:30+00:00","dateModified":"2020-11-17T11:14:30+00:00","description":"Disfrute al maximo sus d\u00edas en USA y acomp\u00e1\u00f1enos en este Tour Privado a Washington desde Filadelfia. Conozca la Capital de Estados Unidos.","breadcrumb":{"@id":"https:\/\/tourtravelandmore.com\/es\/tours\/eeuu-es\/filadelfia-es\/filadelfia-actividades-es\/tour-privado-a-washington-desde-filadelfia\/#breadcrumb"},"inLanguage":"es","potentialAction":[{"@type":"ReadAction","target":["https:\/\/tourtravelandmore.com\/es\/tours\/eeuu-es\/filadelfia-es\/filadelfia-actividades-es\/tour-privado-a-washington-desde-filadelfia\/"]}]},{"@type":"ImageObject","inLanguage":"es","@id":"https:\/\/tourtravelandmore.com\/es\/tours\/eeuu-es\/filadelfia-es\/filadelfia-actividades-es\/tour-privado-a-washington-desde-filadelfia\/#primaryimage","url":"https:\/\/tourtravelandmore.com\/wp-content\/uploads\/2020\/11\/washington-6.jpg","contentUrl":"https:\/\/tourtravelandmore.com\/wp-content\/uploads\/2020\/11\/washington-6.jpg","width":960,"height":640},{"@type":"BreadcrumbList","@id":"https:\/\/tourtravelandmore.com\/es\/tours\/eeuu-es\/filadelfia-es\/filadelfia-actividades-es\/tour-privado-a-washington-desde-filadelfia\/#breadcrumb","itemListElement":[{"@type":"ListItem","position":1,"name":"Home","item":"https:\/\/tourtravelandmore.com\/es\/"},{"@type":"ListItem","position":2,"name":"Tours","item":"https:\/\/tourtravelandmore.com\/es\/tours\/"},{"@type":"ListItem","position":3,"name":"Tour Privado a Washington desde Filadelfia"}]},{"@type":"WebSite","@id":"https:\/\/tourtravelandmore.com\/es\/#website","url":"https:\/\/tourtravelandmore.com\/es\/","name":"Tour Travel And More","description":"Private sightseeing tours and luxury transfers in Spain","publisher":{"@id":"https:\/\/tourtravelandmore.com\/es\/#organization"},"potentialAction":[{"@type":"SearchAction","target":{"@type":"EntryPoint","urlTemplate":"https:\/\/tourtravelandmore.com\/es\/?s={search_term_string}"},"query-input":{"@type":"PropertyValueSpecification","valueRequired":true,"valueName":"search_term_string"}}],"inLanguage":"es"},{"@type":"Organization","@id":"https:\/\/tourtravelandmore.com\/es\/#organization","name":"Tour Travel And More","url":"https:\/\/tourtravelandmore.com\/es\/","logo":{"@type":"ImageObject","inLanguage":"es","@id":"https:\/\/tourtravelandmore.com\/es\/#\/schema\/logo\/image\/","url":"https:\/\/tourtravelandmore.com\/wp-content\/uploads\/2022\/12\/cropped-logo-cabecera-new.png","contentUrl":"https:\/\/tourtravelandmore.com\/wp-content\/uploads\/2022\/12\/cropped-logo-cabecera-new.png","width":430,"height":61,"caption":"Tour Travel And More"},"image":{"@id":"https:\/\/tourtravelandmore.com\/es\/#\/schema\/logo\/image\/"},"sameAs":["https:\/\/www.facebook.com\/tourtravelandmore\/","https:\/\/x.com\/TourTravel_More"]}]}},"_links":{"self":[{"href":"https:\/\/tourtravelandmore.com\/es\/wp-json\/wp\/v2\/product\/86521","targetHints":{"allow":["GET"]}}],"collection":[{"href":"https:\/\/tourtravelandmore.com\/es\/wp-json\/wp\/v2\/product"}],"about":[{"href":"https:\/\/tourtravelandmore.com\/es\/wp-json\/wp\/v2\/types\/product"}],"replies":[{"embeddable":true,"href":"https:\/\/tourtravelandmore.com\/es\/wp-json\/wp\/v2\/comments?post=86521"}],"wp:featuredmedia":[{"embeddable":true,"href":"https:\/\/tourtravelandmore.com\/es\/wp-json\/wp\/v2\/media\/86505"}],"wp:attachment":[{"href":"https:\/\/tourtravelandmore.com\/es\/wp-json\/wp\/v2\/media?parent=86521"}],"wp:term":[{"taxonomy":"product_brand","embeddable":true,"href":"https:\/\/tourtravelandmore.com\/es\/wp-json\/wp\/v2\/product_brand?post=86521"},{"taxonomy":"product_cat","embeddable":true,"href":"https:\/\/tourtravelandmore.com\/es\/wp-json\/wp\/v2\/product_cat?post=86521"},{"taxonomy":"product_tag","embeddable":true,"href":"https:\/\/tourtravelandmore.com\/es\/wp-json\/wp\/v2\/product_tag?post=86521"}],"curies":[{"name":"wp","href":"https:\/\/api.w.org\/{rel}","templated":true}]}}