{"id":86430,"date":"2020-11-09T09:39:40","date_gmt":"2020-11-09T08:39:42","guid":{"rendered":"https:\/\/tourtravelandmore.com\/?post_type=product&#038;p=86430"},"modified":"2020-11-09T11:04:36","modified_gmt":"2020-11-09T10:04:36","slug":"tour-privado-por-filadelfia","status":"publish","type":"product","link":"https:\/\/tourtravelandmore.com\/es\/tours\/eeuu-es\/filadelfia-es\/filadelfia-actividades-es\/tour-privado-por-filadelfia\/","title":{"rendered":"Tour Privado por Filadelfia"},"content":{"rendered":"<h2 class=\"p1\"><span class=\"s1\"><b>Descripci\u00f3n<\/b><\/span><\/h2>\n<p>Aproveche al m\u00e1ximo su tiempo en Filadelfia y \u00fanase a nosotros en este <strong>tour privado por Filadelfia<\/strong>. Esta excursi\u00f3n privada incluye un <strong>veh\u00edculo de lujo con conductor independiente<\/strong> y un <strong>gu\u00eda tur\u00edstico oficial<\/strong>. Durante una visita guiada de 4 horas, podr\u00e1 visitar todos los lugares m\u00e1s maravillosos de esta incre\u00edble ciudad.<\/p>\n<p>Le ofrecemos una recogida privada en su hotel o lugar de elecci\u00f3n en Filadelfia. En caso de que lo necesite, tambi\u00e9n podemos organizar una recogida privada desde el aeropuerto o cualquier lugar fuera del centro. Solo tienes que ponerte en contacto con el equipo de <strong>Tour Travel &amp; More<\/strong> y estar\u00e1n listos para ayudarte.<\/p>\n<p><strong>Filadelfia<\/strong> se encuentra en la orilla oriental del r\u00edo Delaware (el r\u00edo la separa del estado de Nueva Jersey). Es la quinta ciudad m\u00e1s poblada de Estados Unidos. Filadelfia es una ciudad muy conocida por sus edificios hist\u00f3ricos como el Independence Hall y Libery Bell. Tambi\u00e9n es un intermediario importante entre Nueva York y Washington D.C.<\/p>\n<p>Tenga la oportunidad de visitar una de las ciudades m\u00e1s incre\u00edbles de los Estados Unidos con este tour privado por Filadelfia. Su conductor privado y gu\u00eda tur\u00edstico oficial estar\u00e1n a su entera disposici\u00f3n durante toda la experiencia.<\/p>\n<h2 class=\"p3\">Puntos de Inter\u00e9s<\/h2>\n<p>En primer lugar, lo recoger\u00e1n en el lugar que desee en Filadelfia. <span class=\"JLqJ4b ChMk0b\" data-language-for-alternatives=\"es\" data-language-to-translate-into=\"en\" data-phrase-index=\"1\">Como se trata de una excursion privada, usted determinar\u00e1 la hora de inicio el recorrido.<\/span><\/p>\n<p><span class=\"JLqJ4b ChMk0b\" data-language-for-alternatives=\"es\" data-language-to-translate-into=\"en\" data-phrase-index=\"1\"><span class=\"JLqJ4b\" data-language-for-alternatives=\"es\" data-language-to-translate-into=\"en\" data-phrase-index=\"2\">Como ya sabes, Filadelfia es una ciudad llena de historia y incre\u00edbles e importantes edificios.\u00a0<\/span><\/span><span class=\"JLqJ4b ChMk0b\" data-language-for-alternatives=\"es\" data-language-to-translate-into=\"en\" data-phrase-index=\"1\"><span class=\"JLqJ4b\" data-language-for-alternatives=\"es\" data-language-to-translate-into=\"en\" data-phrase-index=\"2\">Durante este recorrido privado, su gu\u00eda tur\u00edstico oficial lo llevar\u00e1 a visitar todos estos lugares ic\u00f3nicos que hacen de Filadelfia la ciudad que es. Te sumergir\u00e1s en la historia de los Estados Unidos y el importante papel que juega Filadelfia en ella.<\/span><\/span><\/p>\n<p>Entre otros monumentos y lugares, te ofrecemos visitar:<\/p>\n<ul>\n<li><strong><span class=\"JLqJ4b\" data-language-for-alternatives=\"es\" data-language-to-translate-into=\"en\" data-phrase-index=\"1\"><span class=\"JLqJ4b ChMk0b\" data-language-for-alternatives=\"es\" data-language-to-translate-into=\"en\" data-phrase-index=\"2\">Callej\u00f3n de Elfreth <\/span><\/span><\/strong><\/li>\n<li><strong><span class=\"JLqJ4b\" data-language-for-alternatives=\"es\" data-language-to-translate-into=\"en\" data-phrase-index=\"1\"><span class=\"JLqJ4b ChMk0b\" data-language-for-alternatives=\"es\" data-language-to-translate-into=\"en\" data-phrase-index=\"2\">Sala de independencia<\/span><\/span><\/strong><\/li>\n<li><strong><span class=\"JLqJ4b\" data-language-for-alternatives=\"es\" data-language-to-translate-into=\"en\" data-phrase-index=\"1\"><span class=\"JLqJ4b ChMk0b\" data-language-for-alternatives=\"es\" data-language-to-translate-into=\"en\" data-phrase-index=\"2\">Campana de la Libertad <\/span><\/span><\/strong><\/li>\n<li><strong><span class=\"JLqJ4b\" data-language-for-alternatives=\"es\" data-language-to-translate-into=\"en\" data-phrase-index=\"1\"><span class=\"JLqJ4b ChMk0b\" data-language-for-alternatives=\"es\" data-language-to-translate-into=\"en\" data-phrase-index=\"2\">Ayuntamiento de Filadelfia <\/span><\/span><\/strong><\/li>\n<li><strong><span class=\"JLqJ4b\" data-language-for-alternatives=\"es\" data-language-to-translate-into=\"en\" data-phrase-index=\"1\"><span class=\"JLqJ4b ChMk0b\" data-language-for-alternatives=\"es\" data-language-to-translate-into=\"en\" data-phrase-index=\"2\">Primera oficina de correos de EE. UU. <\/span><\/span><\/strong><\/li>\n<li><strong><span class=\"JLqJ4b\" data-language-for-alternatives=\"es\" data-language-to-translate-into=\"en\" data-phrase-index=\"1\"><span class=\"JLqJ4b ChMk0b\" data-language-for-alternatives=\"es\" data-language-to-translate-into=\"en\" data-phrase-index=\"2\">Barrio Chino <\/span><\/span><\/strong><\/li>\n<li><a href=\"https:\/\/www.philamuseum.org\"><span class=\"JLqJ4b\" data-language-for-alternatives=\"es\" data-language-to-translate-into=\"en\" data-phrase-index=\"1\"><span class=\"JLqJ4b ChMk0b\" data-language-for-alternatives=\"es\" data-language-to-translate-into=\"en\" data-phrase-index=\"2\">Museo de arte de Filadelfia<\/span><\/span><\/a><\/li>\n<li><strong><span class=\"JLqJ4b\" data-language-for-alternatives=\"es\" data-language-to-translate-into=\"en\" data-phrase-index=\"1\"><span class=\"JLqJ4b ChMk0b\" data-language-for-alternatives=\"es\" data-language-to-translate-into=\"en\" data-phrase-index=\"2\">Estatua de Rocky Balboa <\/span><\/span><\/strong><\/li>\n<li><strong><span class=\"JLqJ4b\" data-language-for-alternatives=\"es\" data-language-to-translate-into=\"en\" data-phrase-index=\"1\"><span class=\"JLqJ4b ChMk0b\" data-language-for-alternatives=\"es\" data-language-to-translate-into=\"en\" data-phrase-index=\"2\">Escaleras Rocky<\/span><\/span><\/strong><\/li>\n<li><strong><span class=\"JLqJ4b\" data-language-for-alternatives=\"es\" data-language-to-translate-into=\"en\" data-phrase-index=\"1\"><span class=\"JLqJ4b ChMk0b\" data-language-for-alternatives=\"es\" data-language-to-translate-into=\"en\" data-phrase-index=\"2\">Plataforma de observaci\u00f3n One Liberty <\/span><\/span><\/strong><\/li>\n<li><strong><span class=\"JLqJ4b\" data-language-for-alternatives=\"es\" data-language-to-translate-into=\"en\" data-phrase-index=\"1\"><span class=\"JLqJ4b ChMk0b\" data-language-for-alternatives=\"es\" data-language-to-translate-into=\"en\" data-phrase-index=\"2\">El Instituto Franklin <\/span><\/span><\/strong><\/li>\n<li><strong><span class=\"JLqJ4b\" data-language-for-alternatives=\"es\" data-language-to-translate-into=\"en\" data-phrase-index=\"1\"><span class=\"JLqJ4b ChMk0b\" data-language-for-alternatives=\"es\" data-language-to-translate-into=\"en\" data-phrase-index=\"2\">Jardines M\u00e1gicos de Filadelfia <\/span><\/span><\/strong><\/li>\n<li><strong><span class=\"JLqJ4b\" data-language-for-alternatives=\"es\" data-language-to-translate-into=\"en\" data-phrase-index=\"1\"><span class=\"JLqJ4b ChMk0b\" data-language-for-alternatives=\"es\" data-language-to-translate-into=\"en\" data-phrase-index=\"2\">Terminal del mercado de lectura <\/span><\/span><\/strong><\/li>\n<li><strong><span class=\"JLqJ4b\" data-language-for-alternatives=\"es\" data-language-to-translate-into=\"en\" data-phrase-index=\"1\"><span class=\"JLqJ4b ChMk0b\" data-language-for-alternatives=\"es\" data-language-to-translate-into=\"en\" data-phrase-index=\"2\">Parque Fairmount <\/span><\/span><\/strong><\/li>\n<li><span class=\"JLqJ4b\" data-language-for-alternatives=\"es\" data-language-to-translate-into=\"en\" data-phrase-index=\"1\"><span class=\"JLqJ4b ChMk0b\" data-language-for-alternatives=\"es\" data-language-to-translate-into=\"en\" data-phrase-index=\"2\">\u00a1y mucho m\u00e1s!<\/span><\/span><\/li>\n<\/ul>\n<p>Este es un itinerario para un recorrido de 4 horas, pero en caso de que lo prefieras podemos incluir m\u00e1s horas a tu experiencia. <span class=\"JLqJ4b ChMk0b\" data-language-for-alternatives=\"es\" data-language-to-translate-into=\"en\" data-phrase-index=\"1\">Tambi\u00e9n podemos incluir entrada a cualquier monumento o museo. Puede personalizar su excursi\u00f3n privada con solo contactarnos. <\/span><\/p>\n<p><span class=\"JLqJ4b ChMk0b\" data-language-for-alternatives=\"es\" data-language-to-translate-into=\"en\" data-phrase-index=\"1\"><span class=\"JLqJ4b\" data-language-for-alternatives=\"es\" data-language-to-translate-into=\"en\" data-phrase-index=\"3\">Finalmente, su conductor privado y gu\u00eda tur\u00edstico oficial lo dejar\u00e1n en su punto de partida en Filadelfia. <\/span><\/span><\/p>\n<p><span class=\"JLqJ4b ChMk0b\" data-language-for-alternatives=\"es\" data-language-to-translate-into=\"en\" data-phrase-index=\"1\"><span class=\"JLqJ4b\" data-language-for-alternatives=\"es\" data-language-to-translate-into=\"en\" data-phrase-index=\"3\">Recuerde echar un vistazo a nuestra <a href=\"https:\/\/tourtravelandmore.com\/es\/ciudad\/eeuu-es\/filadelfia-es\/\">lista de productos privados en y desde Filadelfia<\/a>.<\/span><\/span><\/p>\n","protected":false},"excerpt":{"rendered":"<p>\u00danase a nosotros en este Tour Privado por la ciudad de Filadelfia c\u00f3modo en un veh\u00edculo de lujo con conductor y un gu\u00eda tur\u00edstico oficial. <span class=\"JLqJ4b ChMk0b\" data-language-for-alternatives=\"es\" data-language-to-translate-into=\"en\" data-phrase-index=\"1\">Aproveche para visitar sus hist\u00f3ricos edificios y los lugares m\u00e1s imponentes de esta hermosa ciudad.<\/span><\/p>\n","protected":false},"featured_media":86445,"comment_status":"open","ping_status":"closed","template":"","meta":{"_acf_changed":false},"product_brand":[],"product_cat":[1602,2758,2761,2764],"product_tag":[],"class_list":{"0":"post-86430","1":"product","2":"type-product","3":"status-publish","4":"has-post-thumbnail","6":"product_cat-eeuu-es","7":"product_cat-filadelfia-es","8":"product_cat-filadelfia-actividades-es","9":"product_cat-filadelfia-tours-privados-es","11":"first","12":"instock","13":"shipping-taxable","14":"purchasable","15":"product-type-simple"},"acf":[],"yoast_head":"<!-- This site is optimized with the Yoast SEO Premium plugin v25.3.1 (Yoast SEO v25.3.1) - https:\/\/yoast.com\/wordpress\/plugins\/seo\/ -->\n<title>Tour Privado por Filadelfia con chofer y gu\u00eda oficial local<\/title>\n<meta name=\"description\" content=\"Explore la ciudad de Filadelfia y sus sitios m\u00e1s emblem\u00e1ticos durante un tour privado con chofer y gu\u00eda. Conozca el Ayuntamiento de Fildelfia y m\u00e1s.\" \/>\n<meta name=\"robots\" content=\"index, follow, max-snippet:-1, max-image-preview:large, max-video-preview:-1\" \/>\n<link rel=\"canonical\" href=\"https:\/\/tourtravelandmore.com\/es\/tours\/eeuu-es\/filadelfia-es\/filadelfia-actividades-es\/tour-privado-por-filadelfia\/\" \/>\n<meta property=\"og:locale\" content=\"es_ES\" \/>\n<meta property=\"og:type\" content=\"article\" \/>\n<meta property=\"og:title\" content=\"Tour Privado por Filadelfia\" \/>\n<meta property=\"og:description\" content=\"Explore la ciudad de Filadelfia y sus sitios m\u00e1s emblem\u00e1ticos durante un tour privado con chofer y gu\u00eda. Conozca el Ayuntamiento de Fildelfia y m\u00e1s.\" \/>\n<meta property=\"og:url\" content=\"https:\/\/tourtravelandmore.com\/es\/tours\/eeuu-es\/filadelfia-es\/filadelfia-actividades-es\/tour-privado-por-filadelfia\/\" \/>\n<meta property=\"og:site_name\" content=\"Tour Travel And More\" \/>\n<meta property=\"article:publisher\" content=\"https:\/\/www.facebook.com\/tourtravelandmore\/\" \/>\n<meta property=\"article:modified_time\" content=\"2020-11-09T10:04:36+00:00\" \/>\n<meta property=\"og:image\" content=\"https:\/\/tourtravelandmore.com\/wp-content\/uploads\/2020\/11\/philadelphia-1.2.jpg\" \/>\n\t<meta property=\"og:image:width\" content=\"1024\" \/>\n\t<meta property=\"og:image:height\" content=\"768\" \/>\n\t<meta property=\"og:image:type\" content=\"image\/jpeg\" \/>\n<meta name=\"twitter:card\" content=\"summary_large_image\" \/>\n<meta name=\"twitter:site\" content=\"@TourTravel_More\" \/>\n<meta name=\"twitter:label1\" content=\"Tiempo de lectura\" \/>\n\t<meta name=\"twitter:data1\" content=\"2 minutos\" \/>\n<script type=\"application\/ld+json\" class=\"yoast-schema-graph\">{\"@context\":\"https:\/\/schema.org\",\"@graph\":[{\"@type\":\"WebPage\",\"@id\":\"https:\/\/tourtravelandmore.com\/es\/tours\/eeuu-es\/filadelfia-es\/filadelfia-actividades-es\/tour-privado-por-filadelfia\/\",\"url\":\"https:\/\/tourtravelandmore.com\/es\/tours\/eeuu-es\/filadelfia-es\/filadelfia-actividades-es\/tour-privado-por-filadelfia\/\",\"name\":\"Tour Privado por Filadelfia con chofer y gu\u00eda oficial local\",\"isPartOf\":{\"@id\":\"https:\/\/tourtravelandmore.com\/es\/#website\"},\"primaryImageOfPage\":{\"@id\":\"https:\/\/tourtravelandmore.com\/es\/tours\/eeuu-es\/filadelfia-es\/filadelfia-actividades-es\/tour-privado-por-filadelfia\/#primaryimage\"},\"image\":{\"@id\":\"https:\/\/tourtravelandmore.com\/es\/tours\/eeuu-es\/filadelfia-es\/filadelfia-actividades-es\/tour-privado-por-filadelfia\/#primaryimage\"},\"thumbnailUrl\":\"https:\/\/tourtravelandmore.com\/wp-content\/uploads\/2020\/11\/philadelphia-1.2.jpg\",\"datePublished\":\"2020-11-09T08:39:42+00:00\",\"dateModified\":\"2020-11-09T10:04:36+00:00\",\"description\":\"Explore la ciudad de Filadelfia y sus sitios m\u00e1s emblem\u00e1ticos durante un tour privado con chofer y gu\u00eda. Conozca el Ayuntamiento de Fildelfia y m\u00e1s.\",\"breadcrumb\":{\"@id\":\"https:\/\/tourtravelandmore.com\/es\/tours\/eeuu-es\/filadelfia-es\/filadelfia-actividades-es\/tour-privado-por-filadelfia\/#breadcrumb\"},\"inLanguage\":\"es\",\"potentialAction\":[{\"@type\":\"ReadAction\",\"target\":[\"https:\/\/tourtravelandmore.com\/es\/tours\/eeuu-es\/filadelfia-es\/filadelfia-actividades-es\/tour-privado-por-filadelfia\/\"]}]},{\"@type\":\"ImageObject\",\"inLanguage\":\"es\",\"@id\":\"https:\/\/tourtravelandmore.com\/es\/tours\/eeuu-es\/filadelfia-es\/filadelfia-actividades-es\/tour-privado-por-filadelfia\/#primaryimage\",\"url\":\"https:\/\/tourtravelandmore.com\/wp-content\/uploads\/2020\/11\/philadelphia-1.2.jpg\",\"contentUrl\":\"https:\/\/tourtravelandmore.com\/wp-content\/uploads\/2020\/11\/philadelphia-1.2.jpg\",\"width\":1024,\"height\":768},{\"@type\":\"BreadcrumbList\",\"@id\":\"https:\/\/tourtravelandmore.com\/es\/tours\/eeuu-es\/filadelfia-es\/filadelfia-actividades-es\/tour-privado-por-filadelfia\/#breadcrumb\",\"itemListElement\":[{\"@type\":\"ListItem\",\"position\":1,\"name\":\"Home\",\"item\":\"https:\/\/tourtravelandmore.com\/es\/\"},{\"@type\":\"ListItem\",\"position\":2,\"name\":\"Tours\",\"item\":\"https:\/\/tourtravelandmore.com\/es\/tours\/\"},{\"@type\":\"ListItem\",\"position\":3,\"name\":\"Tour Privado por Filadelfia\"}]},{\"@type\":\"WebSite\",\"@id\":\"https:\/\/tourtravelandmore.com\/es\/#website\",\"url\":\"https:\/\/tourtravelandmore.com\/es\/\",\"name\":\"Tour Travel And More\",\"description\":\"Private sightseeing tours and luxury transfers in Spain\",\"publisher\":{\"@id\":\"https:\/\/tourtravelandmore.com\/es\/#organization\"},\"potentialAction\":[{\"@type\":\"SearchAction\",\"target\":{\"@type\":\"EntryPoint\",\"urlTemplate\":\"https:\/\/tourtravelandmore.com\/es\/?s={search_term_string}\"},\"query-input\":{\"@type\":\"PropertyValueSpecification\",\"valueRequired\":true,\"valueName\":\"search_term_string\"}}],\"inLanguage\":\"es\"},{\"@type\":\"Organization\",\"@id\":\"https:\/\/tourtravelandmore.com\/es\/#organization\",\"name\":\"Tour Travel And More\",\"url\":\"https:\/\/tourtravelandmore.com\/es\/\",\"logo\":{\"@type\":\"ImageObject\",\"inLanguage\":\"es\",\"@id\":\"https:\/\/tourtravelandmore.com\/es\/#\/schema\/logo\/image\/\",\"url\":\"https:\/\/tourtravelandmore.com\/wp-content\/uploads\/2022\/12\/cropped-logo-cabecera-new.png\",\"contentUrl\":\"https:\/\/tourtravelandmore.com\/wp-content\/uploads\/2022\/12\/cropped-logo-cabecera-new.png\",\"width\":430,\"height\":61,\"caption\":\"Tour Travel And More\"},\"image\":{\"@id\":\"https:\/\/tourtravelandmore.com\/es\/#\/schema\/logo\/image\/\"},\"sameAs\":[\"https:\/\/www.facebook.com\/tourtravelandmore\/\",\"https:\/\/x.com\/TourTravel_More\"]}]}<\/script>\n<!-- \/ Yoast SEO Premium plugin. -->","yoast_head_json":{"title":"Tour Privado por Filadelfia con chofer y gu\u00eda oficial local","description":"Explore la ciudad de Filadelfia y sus sitios m\u00e1s emblem\u00e1ticos durante un tour privado con chofer y gu\u00eda. Conozca el Ayuntamiento de Fildelfia y m\u00e1s.","robots":{"index":"index","follow":"follow","max-snippet":"max-snippet:-1","max-image-preview":"max-image-preview:large","max-video-preview":"max-video-preview:-1"},"canonical":"https:\/\/tourtravelandmore.com\/es\/tours\/eeuu-es\/filadelfia-es\/filadelfia-actividades-es\/tour-privado-por-filadelfia\/","og_locale":"es_ES","og_type":"article","og_title":"Tour Privado por Filadelfia","og_description":"Explore la ciudad de Filadelfia y sus sitios m\u00e1s emblem\u00e1ticos durante un tour privado con chofer y gu\u00eda. Conozca el Ayuntamiento de Fildelfia y m\u00e1s.","og_url":"https:\/\/tourtravelandmore.com\/es\/tours\/eeuu-es\/filadelfia-es\/filadelfia-actividades-es\/tour-privado-por-filadelfia\/","og_site_name":"Tour Travel And More","article_publisher":"https:\/\/www.facebook.com\/tourtravelandmore\/","article_modified_time":"2020-11-09T10:04:36+00:00","og_image":[{"width":1024,"height":768,"url":"https:\/\/tourtravelandmore.com\/wp-content\/uploads\/2020\/11\/philadelphia-1.2.jpg","type":"image\/jpeg"}],"twitter_card":"summary_large_image","twitter_site":"@TourTravel_More","twitter_misc":{"Tiempo de lectura":"2 minutos"},"schema":{"@context":"https:\/\/schema.org","@graph":[{"@type":"WebPage","@id":"https:\/\/tourtravelandmore.com\/es\/tours\/eeuu-es\/filadelfia-es\/filadelfia-actividades-es\/tour-privado-por-filadelfia\/","url":"https:\/\/tourtravelandmore.com\/es\/tours\/eeuu-es\/filadelfia-es\/filadelfia-actividades-es\/tour-privado-por-filadelfia\/","name":"Tour Privado por Filadelfia con chofer y gu\u00eda oficial local","isPartOf":{"@id":"https:\/\/tourtravelandmore.com\/es\/#website"},"primaryImageOfPage":{"@id":"https:\/\/tourtravelandmore.com\/es\/tours\/eeuu-es\/filadelfia-es\/filadelfia-actividades-es\/tour-privado-por-filadelfia\/#primaryimage"},"image":{"@id":"https:\/\/tourtravelandmore.com\/es\/tours\/eeuu-es\/filadelfia-es\/filadelfia-actividades-es\/tour-privado-por-filadelfia\/#primaryimage"},"thumbnailUrl":"https:\/\/tourtravelandmore.com\/wp-content\/uploads\/2020\/11\/philadelphia-1.2.jpg","datePublished":"2020-11-09T08:39:42+00:00","dateModified":"2020-11-09T10:04:36+00:00","description":"Explore la ciudad de Filadelfia y sus sitios m\u00e1s emblem\u00e1ticos durante un tour privado con chofer y gu\u00eda. Conozca el Ayuntamiento de Fildelfia y m\u00e1s.","breadcrumb":{"@id":"https:\/\/tourtravelandmore.com\/es\/tours\/eeuu-es\/filadelfia-es\/filadelfia-actividades-es\/tour-privado-por-filadelfia\/#breadcrumb"},"inLanguage":"es","potentialAction":[{"@type":"ReadAction","target":["https:\/\/tourtravelandmore.com\/es\/tours\/eeuu-es\/filadelfia-es\/filadelfia-actividades-es\/tour-privado-por-filadelfia\/"]}]},{"@type":"ImageObject","inLanguage":"es","@id":"https:\/\/tourtravelandmore.com\/es\/tours\/eeuu-es\/filadelfia-es\/filadelfia-actividades-es\/tour-privado-por-filadelfia\/#primaryimage","url":"https:\/\/tourtravelandmore.com\/wp-content\/uploads\/2020\/11\/philadelphia-1.2.jpg","contentUrl":"https:\/\/tourtravelandmore.com\/wp-content\/uploads\/2020\/11\/philadelphia-1.2.jpg","width":1024,"height":768},{"@type":"BreadcrumbList","@id":"https:\/\/tourtravelandmore.com\/es\/tours\/eeuu-es\/filadelfia-es\/filadelfia-actividades-es\/tour-privado-por-filadelfia\/#breadcrumb","itemListElement":[{"@type":"ListItem","position":1,"name":"Home","item":"https:\/\/tourtravelandmore.com\/es\/"},{"@type":"ListItem","position":2,"name":"Tours","item":"https:\/\/tourtravelandmore.com\/es\/tours\/"},{"@type":"ListItem","position":3,"name":"Tour Privado por Filadelfia"}]},{"@type":"WebSite","@id":"https:\/\/tourtravelandmore.com\/es\/#website","url":"https:\/\/tourtravelandmore.com\/es\/","name":"Tour Travel And More","description":"Private sightseeing tours and luxury transfers in Spain","publisher":{"@id":"https:\/\/tourtravelandmore.com\/es\/#organization"},"potentialAction":[{"@type":"SearchAction","target":{"@type":"EntryPoint","urlTemplate":"https:\/\/tourtravelandmore.com\/es\/?s={search_term_string}"},"query-input":{"@type":"PropertyValueSpecification","valueRequired":true,"valueName":"search_term_string"}}],"inLanguage":"es"},{"@type":"Organization","@id":"https:\/\/tourtravelandmore.com\/es\/#organization","name":"Tour Travel And More","url":"https:\/\/tourtravelandmore.com\/es\/","logo":{"@type":"ImageObject","inLanguage":"es","@id":"https:\/\/tourtravelandmore.com\/es\/#\/schema\/logo\/image\/","url":"https:\/\/tourtravelandmore.com\/wp-content\/uploads\/2022\/12\/cropped-logo-cabecera-new.png","contentUrl":"https:\/\/tourtravelandmore.com\/wp-content\/uploads\/2022\/12\/cropped-logo-cabecera-new.png","width":430,"height":61,"caption":"Tour Travel And More"},"image":{"@id":"https:\/\/tourtravelandmore.com\/es\/#\/schema\/logo\/image\/"},"sameAs":["https:\/\/www.facebook.com\/tourtravelandmore\/","https:\/\/x.com\/TourTravel_More"]}]}},"_links":{"self":[{"href":"https:\/\/tourtravelandmore.com\/es\/wp-json\/wp\/v2\/product\/86430","targetHints":{"allow":["GET"]}}],"collection":[{"href":"https:\/\/tourtravelandmore.com\/es\/wp-json\/wp\/v2\/product"}],"about":[{"href":"https:\/\/tourtravelandmore.com\/es\/wp-json\/wp\/v2\/types\/product"}],"replies":[{"embeddable":true,"href":"https:\/\/tourtravelandmore.com\/es\/wp-json\/wp\/v2\/comments?post=86430"}],"wp:featuredmedia":[{"embeddable":true,"href":"https:\/\/tourtravelandmore.com\/es\/wp-json\/wp\/v2\/media\/86445"}],"wp:attachment":[{"href":"https:\/\/tourtravelandmore.com\/es\/wp-json\/wp\/v2\/media?parent=86430"}],"wp:term":[{"taxonomy":"product_brand","embeddable":true,"href":"https:\/\/tourtravelandmore.com\/es\/wp-json\/wp\/v2\/product_brand?post=86430"},{"taxonomy":"product_cat","embeddable":true,"href":"https:\/\/tourtravelandmore.com\/es\/wp-json\/wp\/v2\/product_cat?post=86430"},{"taxonomy":"product_tag","embeddable":true,"href":"https:\/\/tourtravelandmore.com\/es\/wp-json\/wp\/v2\/product_tag?post=86430"}],"curies":[{"name":"wp","href":"https:\/\/api.w.org\/{rel}","templated":true}]}}